{"id":3666,"date":"2018-01-25T11:16:07","date_gmt":"2018-01-25T10:16:07","guid":{"rendered":"http:\/\/detgroennemuseum.dk\/?post_type=product&#038;p=3666"},"modified":"2025-12-12T13:20:05","modified_gmt":"2025-12-12T12:20:05","slug":"for-the-forest-a-foresters-retrospective","status":"publish","type":"product","link":"https:\/\/detgroennemuseum.dk\/en\/butik\/boeger\/jagt-og-skovbrug\/for-skoven-en-skovriders-tilbageblik\/","title":{"rendered":"For the forest \u2013 a forester&#039;s look back"},"content":{"rendered":"<p><strong>Title: <\/strong>For the forest \u2013 a forester&#039;s look back<\/p>\n<p><strong>Author:\u00a0<\/strong>Henrik Staun<\/p>\n<p><strong>Number of pages:<\/strong>\u00a0212<\/p>\n<p><strong>Dimensions (HxW) in cm.:<\/strong>\u00a021.5 x 27.5 cm<\/p>\n<p><strong>Publisher: <\/strong>Forest History Society<\/p>\n<p><strong>Release year:\u00a0<\/strong>2012<\/p>\n<p><strong>Language:<\/strong> Danish<\/p>","protected":false},"excerpt":{"rendered":"<p>More than 55 years in the job as a forester has given Henrik Staun a wealth of exciting experiences and stories, which he shares with us here in the book. Alongside the personal stories, we also get a general insight into the history of the forest in Denmark in the 1900s and specifically in the same on the island of Langeland.<\/p>\n<p>Author: Henrik Staun<\/p>","protected":false},"featured_media":3504,"template":"","meta":{"_price":"200","_stock":"","_tribe_ticket_header":"","_tribe_default_ticket_provider":"","_tribe_ticket_capacity":"2","_ticket_start_date":"","_ticket_end_date":"","_tribe_ticket_show_description":"","_tribe_ticket_show_not_going":false,"_tribe_ticket_use_global_stock":"","_tribe_ticket_global_stock_level":"","_global_stock_mode":"","_global_stock_cap":"","_tribe_rsvp_for_event":"","_tribe_ticket_going_count":"","_tribe_ticket_not_going_count":"","_tribe_tickets_list":"[]","_tribe_ticket_has_attendee_info_fields":false,"_tec_slr_enabled":"","_tec_slr_layout":""},"product_brand":[],"product_cat":[35,129],"product_tag":[],"class_list":{"0":"post-3666","1":"product","2":"type-product","3":"status-publish","4":"has-post-thumbnail","6":"product_cat-boeger","7":"product_cat-jagt-og-skovbrug","8":"description-off","10":"first","11":"instock","12":"taxable","13":"shipping-taxable","14":"purchasable","15":"product-type-simple"},"yoast_head":"<!-- This site is optimized with the Yoast SEO plugin v27.4 - https:\/\/yoast.com\/product\/yoast-seo-wordpress\/ -->\n<title>For skoven - en skovriders tilbageblik af Henrik Staun<\/title>\n<meta name=\"description\" content=\"Oplev naturens sk\u00f8nhed og skovens hemmeligheder i &#039;For skoven - en skovriders tilbageblik&#039; af Henrik Staun. En dybdeg\u00e5ende og inspirerende l\u00e6sning.\" \/>\n<meta name=\"robots\" content=\"index, follow, max-snippet:-1, max-image-preview:large, max-video-preview:-1\" \/>\n<link rel=\"canonical\" href=\"https:\/\/detgroennemuseum.dk\/en\/shop\/books\/hunting-and-forestry\/for-the-forest-a-foresters-retrospective\/\" \/>\n<meta property=\"og:locale\" content=\"en_GB\" \/>\n<meta property=\"og:type\" content=\"article\" \/>\n<meta property=\"og:title\" content=\"For skoven - en skovriders tilbageblik af Henrik Staun\" \/>\n<meta property=\"og:description\" content=\"Oplev naturens sk\u00f8nhed og skovens hemmeligheder i &#039;For skoven - en skovriders tilbageblik&#039; af Henrik Staun. En dybdeg\u00e5ende og inspirerende l\u00e6sning.\" \/>\n<meta property=\"og:url\" content=\"https:\/\/detgroennemuseum.dk\/en\/shop\/books\/hunting-and-forestry\/for-the-forest-a-foresters-retrospective\/\" \/>\n<meta property=\"og:site_name\" content=\"Det Gr\u00f8nne Museum\" \/>\n<meta property=\"article:modified_time\" content=\"2025-12-12T12:20:05+00:00\" \/>\n<meta property=\"og:image\" content=\"https:\/\/detgroennemuseum.dk\/wp-content\/uploads\/2018\/01\/for-skoven-en-skovriders-tilbageblik-henrik-staun.jpg\" \/>\n\t<meta property=\"og:image:width\" content=\"600\" \/>\n\t<meta property=\"og:image:height\" content=\"800\" \/>\n\t<meta property=\"og:image:type\" content=\"image\/jpeg\" \/>\n<meta name=\"twitter:card\" content=\"summary_large_image\" \/>\n<meta name=\"twitter:label1\" content=\"Estimated reading time\" \/>\n\t<meta name=\"twitter:data1\" content=\"1 minute\" \/>\n<script type=\"application\/ld+json\" class=\"yoast-schema-graph\">{\"@context\":\"https:\\\/\\\/schema.org\",\"@graph\":[{\"@type\":\"WebPage\",\"@id\":\"https:\\\/\\\/detgroennemuseum.dk\\\/butik\\\/boeger\\\/jagt-og-skovbrug\\\/for-skoven-en-skovriders-tilbageblik\\\/\",\"url\":\"https:\\\/\\\/detgroennemuseum.dk\\\/butik\\\/boeger\\\/jagt-og-skovbrug\\\/for-skoven-en-skovriders-tilbageblik\\\/\",\"name\":\"For skoven - en skovriders tilbageblik af Henrik Staun\",\"isPartOf\":{\"@id\":\"https:\\\/\\\/detgroennemuseum.dk\\\/#website\"},\"primaryImageOfPage\":{\"@id\":\"https:\\\/\\\/detgroennemuseum.dk\\\/butik\\\/boeger\\\/jagt-og-skovbrug\\\/for-skoven-en-skovriders-tilbageblik\\\/#primaryimage\"},\"image\":{\"@id\":\"https:\\\/\\\/detgroennemuseum.dk\\\/butik\\\/boeger\\\/jagt-og-skovbrug\\\/for-skoven-en-skovriders-tilbageblik\\\/#primaryimage\"},\"thumbnailUrl\":\"https:\\\/\\\/detgroennemuseum.dk\\\/wp-content\\\/uploads\\\/2018\\\/01\\\/for-skoven-en-skovriders-tilbageblik-henrik-staun.jpg\",\"datePublished\":\"2018-01-25T10:16:07+00:00\",\"dateModified\":\"2025-12-12T12:20:05+00:00\",\"description\":\"Oplev naturens sk\u00f8nhed og skovens hemmeligheder i 'For skoven - en skovriders tilbageblik' af Henrik Staun. En dybdeg\u00e5ende og inspirerende l\u00e6sning.\",\"breadcrumb\":{\"@id\":\"https:\\\/\\\/detgroennemuseum.dk\\\/butik\\\/boeger\\\/jagt-og-skovbrug\\\/for-skoven-en-skovriders-tilbageblik\\\/#breadcrumb\"},\"inLanguage\":\"en-GB\",\"potentialAction\":[{\"@type\":\"ReadAction\",\"target\":[\"https:\\\/\\\/detgroennemuseum.dk\\\/butik\\\/boeger\\\/jagt-og-skovbrug\\\/for-skoven-en-skovriders-tilbageblik\\\/\"]}]},{\"@type\":\"ImageObject\",\"inLanguage\":\"en-GB\",\"@id\":\"https:\\\/\\\/detgroennemuseum.dk\\\/butik\\\/boeger\\\/jagt-og-skovbrug\\\/for-skoven-en-skovriders-tilbageblik\\\/#primaryimage\",\"url\":\"https:\\\/\\\/detgroennemuseum.dk\\\/wp-content\\\/uploads\\\/2018\\\/01\\\/for-skoven-en-skovriders-tilbageblik-henrik-staun.jpg\",\"contentUrl\":\"https:\\\/\\\/detgroennemuseum.dk\\\/wp-content\\\/uploads\\\/2018\\\/01\\\/for-skoven-en-skovriders-tilbageblik-henrik-staun.jpg\",\"width\":600,\"height\":800,\"caption\":\"For Skoven En Skovriders Tilbageblik Henrik Staun\"},{\"@type\":\"BreadcrumbList\",\"@id\":\"https:\\\/\\\/detgroennemuseum.dk\\\/butik\\\/boeger\\\/jagt-og-skovbrug\\\/for-skoven-en-skovriders-tilbageblik\\\/#breadcrumb\",\"itemListElement\":[{\"@type\":\"ListItem\",\"position\":1,\"name\":\"Hjem\",\"item\":\"https:\\\/\\\/detgroennemuseum.dk\\\/\"},{\"@type\":\"ListItem\",\"position\":2,\"name\":\"shop\",\"item\":\"https:\\\/\\\/detgroennemuseum.dk\\\/shop\\\/\"},{\"@type\":\"ListItem\",\"position\":3,\"name\":\"For skoven &#8211; en skovriders tilbageblik\"}]},{\"@type\":\"WebSite\",\"@id\":\"https:\\\/\\\/detgroennemuseum.dk\\\/#website\",\"url\":\"https:\\\/\\\/detgroennemuseum.dk\\\/\",\"name\":\"Det Gr\u00f8nne Museum\",\"description\":\"Danmarks nationale museum for jagten, skoven, landbruget og maden\",\"potentialAction\":[{\"@type\":\"SearchAction\",\"target\":{\"@type\":\"EntryPoint\",\"urlTemplate\":\"https:\\\/\\\/detgroennemuseum.dk\\\/?s={search_term_string}\"},\"query-input\":{\"@type\":\"PropertyValueSpecification\",\"valueRequired\":true,\"valueName\":\"search_term_string\"}}],\"inLanguage\":\"en-GB\"}]}<\/script>\n<!-- \/ Yoast SEO plugin. -->","yoast_head_json":{"title":"For the forest - a forester&#039;s look back by Henrik Staun","description":"Experience the beauty of nature and the secrets of the forest in &#039;For the Forest - a forester&#039;s look back&#039; by Henrik Staun. An in-depth and inspiring read.","robots":{"index":"index","follow":"follow","max-snippet":"max-snippet:-1","max-image-preview":"max-image-preview:large","max-video-preview":"max-video-preview:-1"},"canonical":"https:\/\/detgroennemuseum.dk\/en\/shop\/books\/hunting-and-forestry\/for-the-forest-a-foresters-retrospective\/","og_locale":"en_GB","og_type":"article","og_title":"For skoven - en skovriders tilbageblik af Henrik Staun","og_description":"Oplev naturens sk\u00f8nhed og skovens hemmeligheder i 'For skoven - en skovriders tilbageblik' af Henrik Staun. En dybdeg\u00e5ende og inspirerende l\u00e6sning.","og_url":"https:\/\/detgroennemuseum.dk\/en\/shop\/books\/hunting-and-forestry\/for-the-forest-a-foresters-retrospective\/","og_site_name":"Det Gr\u00f8nne Museum","article_modified_time":"2025-12-12T12:20:05+00:00","og_image":[{"width":600,"height":800,"url":"https:\/\/detgroennemuseum.dk\/wp-content\/uploads\/2018\/01\/for-skoven-en-skovriders-tilbageblik-henrik-staun.jpg","type":"image\/jpeg"}],"twitter_card":"summary_large_image","twitter_misc":{"Estimated reading time":"1 minute"},"schema":{"@context":"https:\/\/schema.org","@graph":[{"@type":"WebPage","@id":"https:\/\/detgroennemuseum.dk\/butik\/boeger\/jagt-og-skovbrug\/for-skoven-en-skovriders-tilbageblik\/","url":"https:\/\/detgroennemuseum.dk\/butik\/boeger\/jagt-og-skovbrug\/for-skoven-en-skovriders-tilbageblik\/","name":"For the forest - a forester&#039;s look back by Henrik Staun","isPartOf":{"@id":"https:\/\/detgroennemuseum.dk\/#website"},"primaryImageOfPage":{"@id":"https:\/\/detgroennemuseum.dk\/butik\/boeger\/jagt-og-skovbrug\/for-skoven-en-skovriders-tilbageblik\/#primaryimage"},"image":{"@id":"https:\/\/detgroennemuseum.dk\/butik\/boeger\/jagt-og-skovbrug\/for-skoven-en-skovriders-tilbageblik\/#primaryimage"},"thumbnailUrl":"https:\/\/detgroennemuseum.dk\/wp-content\/uploads\/2018\/01\/for-skoven-en-skovriders-tilbageblik-henrik-staun.jpg","datePublished":"2018-01-25T10:16:07+00:00","dateModified":"2025-12-12T12:20:05+00:00","description":"Experience the beauty of nature and the secrets of the forest in &#039;For the Forest - a forester&#039;s look back&#039; by Henrik Staun. An in-depth and inspiring read.","breadcrumb":{"@id":"https:\/\/detgroennemuseum.dk\/butik\/boeger\/jagt-og-skovbrug\/for-skoven-en-skovriders-tilbageblik\/#breadcrumb"},"inLanguage":"en-GB","potentialAction":[{"@type":"ReadAction","target":["https:\/\/detgroennemuseum.dk\/butik\/boeger\/jagt-og-skovbrug\/for-skoven-en-skovriders-tilbageblik\/"]}]},{"@type":"ImageObject","inLanguage":"en-GB","@id":"https:\/\/detgroennemuseum.dk\/butik\/boeger\/jagt-og-skovbrug\/for-skoven-en-skovriders-tilbageblik\/#primaryimage","url":"https:\/\/detgroennemuseum.dk\/wp-content\/uploads\/2018\/01\/for-skoven-en-skovriders-tilbageblik-henrik-staun.jpg","contentUrl":"https:\/\/detgroennemuseum.dk\/wp-content\/uploads\/2018\/01\/for-skoven-en-skovriders-tilbageblik-henrik-staun.jpg","width":600,"height":800,"caption":"For Skoven En Skovriders Tilbageblik Henrik Staun"},{"@type":"BreadcrumbList","@id":"https:\/\/detgroennemuseum.dk\/butik\/boeger\/jagt-og-skovbrug\/for-skoven-en-skovriders-tilbageblik\/#breadcrumb","itemListElement":[{"@type":"ListItem","position":1,"name":"Hjem","item":"https:\/\/detgroennemuseum.dk\/"},{"@type":"ListItem","position":2,"name":"shop","item":"https:\/\/detgroennemuseum.dk\/shop\/"},{"@type":"ListItem","position":3,"name":"For skoven &#8211; en skovriders tilbageblik"}]},{"@type":"WebSite","@id":"https:\/\/detgroennemuseum.dk\/#website","url":"https:\/\/detgroennemuseum.dk\/","name":"The Green Museum","description":"Denmark&#039;s National Museum of Hunting, Forestry, Agriculture and Food","potentialAction":[{"@type":"SearchAction","target":{"@type":"EntryPoint","urlTemplate":"https:\/\/detgroennemuseum.dk\/?s={search_term_string}"},"query-input":{"@type":"PropertyValueSpecification","valueRequired":true,"valueName":"search_term_string"}}],"inLanguage":"en-GB"}]}},"_links":{"self":[{"href":"https:\/\/detgroennemuseum.dk\/en\/wp-json\/wp\/v2\/product\/3666","targetHints":{"allow":["GET"]}}],"collection":[{"href":"https:\/\/detgroennemuseum.dk\/en\/wp-json\/wp\/v2\/product"}],"about":[{"href":"https:\/\/detgroennemuseum.dk\/en\/wp-json\/wp\/v2\/types\/product"}],"wp:featuredmedia":[{"embeddable":true,"href":"https:\/\/detgroennemuseum.dk\/en\/wp-json\/wp\/v2\/media\/3504"}],"wp:attachment":[{"href":"https:\/\/detgroennemuseum.dk\/en\/wp-json\/wp\/v2\/media?parent=3666"}],"wp:term":[{"taxonomy":"product_brand","embeddable":true,"href":"https:\/\/detgroennemuseum.dk\/en\/wp-json\/wp\/v2\/product_brand?post=3666"},{"taxonomy":"product_cat","embeddable":true,"href":"https:\/\/detgroennemuseum.dk\/en\/wp-json\/wp\/v2\/product_cat?post=3666"},{"taxonomy":"product_tag","embeddable":true,"href":"https:\/\/detgroennemuseum.dk\/en\/wp-json\/wp\/v2\/product_tag?post=3666"}],"curies":[{"name":"wp","href":"https:\/\/api.w.org\/{rel}","templated":true}]}}