{"id":15211,"date":"2020-12-01T15:26:05","date_gmt":"2020-12-01T14:26:05","guid":{"rendered":"https:\/\/detgroennemuseum.dk\/?post_type=product&#038;p=15211"},"modified":"2025-12-12T13:22:10","modified_gmt":"2025-12-12T12:22:10","slug":"the-cultural-history-of-beekeeping-in-denmark","status":"publish","type":"product","link":"https:\/\/detgroennemuseum.dk\/en\/butik\/boeger\/landbrugsboeger\/biavlens-kulturhistorie-i-danmark\/","title":{"rendered":"The cultural history of beekeeping in Denmark"},"content":{"rendered":"<p><strong>Title:\u00a0<\/strong>The cultural history of beekeeping in Denmark<\/p>\n<p><strong>Author: Peter Bavnsh\u00f8j<\/strong><\/p>\n<p><strong>Pages: 197<\/strong><\/p>\n<p><strong>Goal:\u00a0<\/strong>27 x 21 cm.<\/p>\n<p><strong>Publisher: Aarhus University Press<\/strong><\/p>\n<p><strong>Release year:\u00a0<\/strong>2020<\/p>\n<p><strong>Language:\u00a0<\/strong>Danish<\/p>","protected":false},"excerpt":{"rendered":"<p>In The Cultural History of Beekeeping in Denmark, museum curator Peter Bavnsh\u00f8j tells about Danish beekeepers from ancient times to the present day. From the first hives in hollow tree trunks to today&#039;s attention to wild bees, pesticides and sustainability. The book is the first publication about the development of beekeeping in Denmark and portrays both professional beekeepers and recreational beekeepers. Honey is still the primary product, but beeswax, which was once used for wax candles and for bronze casters&#039; production of church bells, is now also used in everything from cosmetics to coatings for grenades and modern fighter jets.<\/p>","protected":false},"featured_media":15218,"template":"","meta":{"_price":"250","_stock":"","_tribe_ticket_header":"","_tribe_default_ticket_provider":"","_tribe_ticket_capacity":"0","_ticket_start_date":"","_ticket_end_date":"","_tribe_ticket_show_description":"","_tribe_ticket_show_not_going":false,"_tribe_ticket_use_global_stock":"","_tribe_ticket_global_stock_level":"","_global_stock_mode":"","_global_stock_cap":"","_tribe_rsvp_for_event":"","_tribe_ticket_going_count":"","_tribe_ticket_not_going_count":"","_tribe_tickets_list":"[]","_tribe_ticket_has_attendee_info_fields":false,"_tec_slr_enabled":"","_tec_slr_layout":""},"product_brand":[],"product_cat":[35,130],"product_tag":[233],"class_list":{"0":"post-15211","1":"product","2":"type-product","3":"status-publish","4":"has-post-thumbnail","6":"product_cat-boeger","7":"product_cat-landbrugsboeger","8":"product_tag-biavlens-kulturhistorie","9":"description-off","11":"first","12":"outofstock","13":"taxable","14":"shipping-taxable","15":"purchasable","16":"product-type-simple"},"yoast_head":"<!-- This site is optimized with the Yoast SEO plugin v27.5 - https:\/\/yoast.com\/product\/yoast-seo-wordpress\/ -->\n<title>Det Gr\u00f8nne Museum: Biavlens kulturhistorie af Peter Bavnsh\u00f8j<\/title>\n<meta name=\"description\" content=\"Oplev dybdeg\u00e5ende indsigt i biavlens historie i Danmark gennem Peter Bavnsh\u00f8js fascinerende bog.\" \/>\n<meta name=\"robots\" content=\"index, follow, max-snippet:-1, max-image-preview:large, max-video-preview:-1\" \/>\n<link rel=\"canonical\" href=\"https:\/\/detgroennemuseum.dk\/en\/shop\/books\/agricultural-books\/the-cultural-history-of-beekeeping-in-denmark\/\" \/>\n<meta property=\"og:locale\" content=\"en_GB\" \/>\n<meta property=\"og:type\" content=\"article\" \/>\n<meta property=\"og:title\" content=\"Det Gr\u00f8nne Museum: Biavlens kulturhistorie af Peter Bavnsh\u00f8j\" \/>\n<meta property=\"og:description\" content=\"Oplev dybdeg\u00e5ende indsigt i biavlens historie i Danmark gennem Peter Bavnsh\u00f8js fascinerende bog.\" \/>\n<meta property=\"og:url\" content=\"https:\/\/detgroennemuseum.dk\/en\/shop\/books\/agricultural-books\/the-cultural-history-of-beekeeping-in-denmark\/\" \/>\n<meta property=\"og:site_name\" content=\"Det Gr\u00f8nne Museum\" \/>\n<meta property=\"article:modified_time\" content=\"2025-12-12T12:22:10+00:00\" \/>\n<meta property=\"og:image\" content=\"https:\/\/detgroennemuseum.dk\/wp-content\/uploads\/2020\/12\/bien-som-husdyr1-kopi.jpeg\" \/>\n\t<meta property=\"og:image:width\" content=\"600\" \/>\n\t<meta property=\"og:image:height\" content=\"814\" \/>\n\t<meta property=\"og:image:type\" content=\"image\/jpeg\" \/>\n<meta name=\"twitter:card\" content=\"summary_large_image\" \/>\n<meta name=\"twitter:label1\" content=\"Estimated reading time\" \/>\n\t<meta name=\"twitter:data1\" content=\"1 minute\" \/>\n<script type=\"application\/ld+json\" class=\"yoast-schema-graph\">{\"@context\":\"https:\\\/\\\/schema.org\",\"@graph\":[{\"@type\":\"WebPage\",\"@id\":\"https:\\\/\\\/detgroennemuseum.dk\\\/butik\\\/boeger\\\/landbrugsboeger\\\/biavlens-kulturhistorie-i-danmark\\\/\",\"url\":\"https:\\\/\\\/detgroennemuseum.dk\\\/butik\\\/boeger\\\/landbrugsboeger\\\/biavlens-kulturhistorie-i-danmark\\\/\",\"name\":\"Det Gr\u00f8nne Museum: Biavlens kulturhistorie af Peter Bavnsh\u00f8j\",\"isPartOf\":{\"@id\":\"https:\\\/\\\/detgroennemuseum.dk\\\/#website\"},\"primaryImageOfPage\":{\"@id\":\"https:\\\/\\\/detgroennemuseum.dk\\\/butik\\\/boeger\\\/landbrugsboeger\\\/biavlens-kulturhistorie-i-danmark\\\/#primaryimage\"},\"image\":{\"@id\":\"https:\\\/\\\/detgroennemuseum.dk\\\/butik\\\/boeger\\\/landbrugsboeger\\\/biavlens-kulturhistorie-i-danmark\\\/#primaryimage\"},\"thumbnailUrl\":\"https:\\\/\\\/detgroennemuseum.dk\\\/wp-content\\\/uploads\\\/2020\\\/12\\\/bien-som-husdyr1-kopi.jpeg\",\"datePublished\":\"2020-12-01T14:26:05+00:00\",\"dateModified\":\"2025-12-12T12:22:10+00:00\",\"description\":\"Oplev dybdeg\u00e5ende indsigt i biavlens historie i Danmark gennem Peter Bavnsh\u00f8js fascinerende bog.\",\"breadcrumb\":{\"@id\":\"https:\\\/\\\/detgroennemuseum.dk\\\/butik\\\/boeger\\\/landbrugsboeger\\\/biavlens-kulturhistorie-i-danmark\\\/#breadcrumb\"},\"inLanguage\":\"en-GB\",\"potentialAction\":[{\"@type\":\"ReadAction\",\"target\":[\"https:\\\/\\\/detgroennemuseum.dk\\\/butik\\\/boeger\\\/landbrugsboeger\\\/biavlens-kulturhistorie-i-danmark\\\/\"]}]},{\"@type\":\"ImageObject\",\"inLanguage\":\"en-GB\",\"@id\":\"https:\\\/\\\/detgroennemuseum.dk\\\/butik\\\/boeger\\\/landbrugsboeger\\\/biavlens-kulturhistorie-i-danmark\\\/#primaryimage\",\"url\":\"https:\\\/\\\/detgroennemuseum.dk\\\/wp-content\\\/uploads\\\/2020\\\/12\\\/bien-som-husdyr1-kopi.jpeg\",\"contentUrl\":\"https:\\\/\\\/detgroennemuseum.dk\\\/wp-content\\\/uploads\\\/2020\\\/12\\\/bien-som-husdyr1-kopi.jpeg\",\"width\":600,\"height\":814},{\"@type\":\"BreadcrumbList\",\"@id\":\"https:\\\/\\\/detgroennemuseum.dk\\\/butik\\\/boeger\\\/landbrugsboeger\\\/biavlens-kulturhistorie-i-danmark\\\/#breadcrumb\",\"itemListElement\":[{\"@type\":\"ListItem\",\"position\":1,\"name\":\"Hjem\",\"item\":\"https:\\\/\\\/detgroennemuseum.dk\\\/\"},{\"@type\":\"ListItem\",\"position\":2,\"name\":\"shop\",\"item\":\"https:\\\/\\\/detgroennemuseum.dk\\\/shop\\\/\"},{\"@type\":\"ListItem\",\"position\":3,\"name\":\"Biavlens kulturhistorie i Danmark\"}]},{\"@type\":\"WebSite\",\"@id\":\"https:\\\/\\\/detgroennemuseum.dk\\\/#website\",\"url\":\"https:\\\/\\\/detgroennemuseum.dk\\\/\",\"name\":\"Det Gr\u00f8nne Museum\",\"description\":\"Danmarks nationale museum for jagten, skoven, landbruget og maden\",\"potentialAction\":[{\"@type\":\"SearchAction\",\"target\":{\"@type\":\"EntryPoint\",\"urlTemplate\":\"https:\\\/\\\/detgroennemuseum.dk\\\/?s={search_term_string}\"},\"query-input\":{\"@type\":\"PropertyValueSpecification\",\"valueRequired\":true,\"valueName\":\"search_term_string\"}}],\"inLanguage\":\"en-GB\"}]}<\/script>\n<!-- \/ Yoast SEO plugin. -->","yoast_head_json":{"title":"The Green Museum: The Cultural History of Beekeeping by Peter Bavnsh\u00f8j","description":"Experience in-depth insight into the history of beekeeping in Denmark through Peter Bavnsh\u00f8j&#039;s fascinating book.","robots":{"index":"index","follow":"follow","max-snippet":"max-snippet:-1","max-image-preview":"max-image-preview:large","max-video-preview":"max-video-preview:-1"},"canonical":"https:\/\/detgroennemuseum.dk\/en\/shop\/books\/agricultural-books\/the-cultural-history-of-beekeeping-in-denmark\/","og_locale":"en_GB","og_type":"article","og_title":"Det Gr\u00f8nne Museum: Biavlens kulturhistorie af Peter Bavnsh\u00f8j","og_description":"Oplev dybdeg\u00e5ende indsigt i biavlens historie i Danmark gennem Peter Bavnsh\u00f8js fascinerende bog.","og_url":"https:\/\/detgroennemuseum.dk\/en\/shop\/books\/agricultural-books\/the-cultural-history-of-beekeeping-in-denmark\/","og_site_name":"Det Gr\u00f8nne Museum","article_modified_time":"2025-12-12T12:22:10+00:00","og_image":[{"width":600,"height":814,"url":"https:\/\/detgroennemuseum.dk\/wp-content\/uploads\/2020\/12\/bien-som-husdyr1-kopi.jpeg","type":"image\/jpeg"}],"twitter_card":"summary_large_image","twitter_misc":{"Estimated reading time":"1 minute"},"schema":{"@context":"https:\/\/schema.org","@graph":[{"@type":"WebPage","@id":"https:\/\/detgroennemuseum.dk\/butik\/boeger\/landbrugsboeger\/biavlens-kulturhistorie-i-danmark\/","url":"https:\/\/detgroennemuseum.dk\/butik\/boeger\/landbrugsboeger\/biavlens-kulturhistorie-i-danmark\/","name":"The Green Museum: The Cultural History of Beekeeping by Peter Bavnsh\u00f8j","isPartOf":{"@id":"https:\/\/detgroennemuseum.dk\/#website"},"primaryImageOfPage":{"@id":"https:\/\/detgroennemuseum.dk\/butik\/boeger\/landbrugsboeger\/biavlens-kulturhistorie-i-danmark\/#primaryimage"},"image":{"@id":"https:\/\/detgroennemuseum.dk\/butik\/boeger\/landbrugsboeger\/biavlens-kulturhistorie-i-danmark\/#primaryimage"},"thumbnailUrl":"https:\/\/detgroennemuseum.dk\/wp-content\/uploads\/2020\/12\/bien-som-husdyr1-kopi.jpeg","datePublished":"2020-12-01T14:26:05+00:00","dateModified":"2025-12-12T12:22:10+00:00","description":"Experience in-depth insight into the history of beekeeping in Denmark through Peter Bavnsh\u00f8j&#039;s fascinating book.","breadcrumb":{"@id":"https:\/\/detgroennemuseum.dk\/butik\/boeger\/landbrugsboeger\/biavlens-kulturhistorie-i-danmark\/#breadcrumb"},"inLanguage":"en-GB","potentialAction":[{"@type":"ReadAction","target":["https:\/\/detgroennemuseum.dk\/butik\/boeger\/landbrugsboeger\/biavlens-kulturhistorie-i-danmark\/"]}]},{"@type":"ImageObject","inLanguage":"en-GB","@id":"https:\/\/detgroennemuseum.dk\/butik\/boeger\/landbrugsboeger\/biavlens-kulturhistorie-i-danmark\/#primaryimage","url":"https:\/\/detgroennemuseum.dk\/wp-content\/uploads\/2020\/12\/bien-som-husdyr1-kopi.jpeg","contentUrl":"https:\/\/detgroennemuseum.dk\/wp-content\/uploads\/2020\/12\/bien-som-husdyr1-kopi.jpeg","width":600,"height":814},{"@type":"BreadcrumbList","@id":"https:\/\/detgroennemuseum.dk\/butik\/boeger\/landbrugsboeger\/biavlens-kulturhistorie-i-danmark\/#breadcrumb","itemListElement":[{"@type":"ListItem","position":1,"name":"Hjem","item":"https:\/\/detgroennemuseum.dk\/"},{"@type":"ListItem","position":2,"name":"shop","item":"https:\/\/detgroennemuseum.dk\/shop\/"},{"@type":"ListItem","position":3,"name":"Biavlens kulturhistorie i Danmark"}]},{"@type":"WebSite","@id":"https:\/\/detgroennemuseum.dk\/#website","url":"https:\/\/detgroennemuseum.dk\/","name":"The Green Museum","description":"Denmark&#039;s National Museum of Hunting, Forestry, Agriculture and Food","potentialAction":[{"@type":"SearchAction","target":{"@type":"EntryPoint","urlTemplate":"https:\/\/detgroennemuseum.dk\/?s={search_term_string}"},"query-input":{"@type":"PropertyValueSpecification","valueRequired":true,"valueName":"search_term_string"}}],"inLanguage":"en-GB"}]}},"_links":{"self":[{"href":"https:\/\/detgroennemuseum.dk\/en\/wp-json\/wp\/v2\/product\/15211","targetHints":{"allow":["GET"]}}],"collection":[{"href":"https:\/\/detgroennemuseum.dk\/en\/wp-json\/wp\/v2\/product"}],"about":[{"href":"https:\/\/detgroennemuseum.dk\/en\/wp-json\/wp\/v2\/types\/product"}],"wp:featuredmedia":[{"embeddable":true,"href":"https:\/\/detgroennemuseum.dk\/en\/wp-json\/wp\/v2\/media\/15218"}],"wp:attachment":[{"href":"https:\/\/detgroennemuseum.dk\/en\/wp-json\/wp\/v2\/media?parent=15211"}],"wp:term":[{"taxonomy":"product_brand","embeddable":true,"href":"https:\/\/detgroennemuseum.dk\/en\/wp-json\/wp\/v2\/product_brand?post=15211"},{"taxonomy":"product_cat","embeddable":true,"href":"https:\/\/detgroennemuseum.dk\/en\/wp-json\/wp\/v2\/product_cat?post=15211"},{"taxonomy":"product_tag","embeddable":true,"href":"https:\/\/detgroennemuseum.dk\/en\/wp-json\/wp\/v2\/product_tag?post=15211"}],"curies":[{"name":"wp","href":"https:\/\/api.w.org\/{rel}","templated":true}]}}