{"id":9130,"date":"2019-07-15T16:04:36","date_gmt":"2019-07-15T14:04:36","guid":{"rendered":"https:\/\/detgroennemuseum.dk\/?page_id=9130"},"modified":"2025-04-26T23:16:03","modified_gmt":"2025-04-26T21:16:03","slug":"root-vegetables","status":"publish","type":"page","link":"https:\/\/detgroennemuseum.dk\/en\/viden\/den-levende-kulturarv\/rodfrugter\/","title":{"rendered":"Root vegetables"},"content":{"rendered":"<div class=\"wpb-content-wrapper\"><div class=\"vc_row wpb_row vc_row-fluid\"><div class=\"wpb_column vc_column_container vc_col-sm-12\"><div class=\"vc_column-inner\"><div class=\"wpb_wrapper\"><div class=\"ult-spacer spacer-6a06736134031\" data-id=\"6a06736134031\" data-height=\"30\" data-height-mobile=\"15\" data-height-tab=\"15\" data-height-tab-portrait=\"15\" data-height-mobile-landscape=\"15\" style=\"clear:both;display:block;\"><\/div>\n\t<div class=\"wpb_text_column wpb_content_element\" >\n\t\t<div class=\"wpb_wrapper\">\n\t\t\t<h1 style=\"text-align: center;\"><strong>ROOTS<\/strong><\/h1>\n\n\t\t<\/div>\n\t<\/div>\n<div class=\"ult-spacer spacer-6a06736134216\" data-id=\"6a06736134216\" data-height=\"30\" data-height-mobile=\"15\" data-height-tab=\"15\" data-height-tab-portrait=\"15\" data-height-mobile-landscape=\"15\" style=\"clear:both;display:block;\"><\/div>\n\t<div class=\"wpb_video_widget wpb_content_element vc_clearfix   vc_video-aspect-ratio-169 vc_video-el-width-90 vc_video-align-center\" >\n\t\t<div class=\"wpb_wrapper\">\n\t\t\t\n\t\t\t<div class=\"wpb_video_wrapper\"><iframe title=\"Old Danish varieties: Root vegetables - The living cultural heritage\" width=\"500\" height=\"281\" data-src=\"https:\/\/www.youtube.com\/embed\/lsM3OxoHTqI?feature=oembed\" frameborder=\"0\" allow=\"accelerometer; autoplay; clipboard-write; encrypted-media; gyroscope; picture-in-picture; web-share\" allowfullscreen src=\"data:image\/svg+xml;base64,PHN2ZyB3aWR0aD0iMSIgaGVpZ2h0PSIxIiB4bWxucz0iaHR0cDovL3d3dy53My5vcmcvMjAwMC9zdmciPjwvc3ZnPg==\" class=\"lazyload\" data-load-mode=\"1\"><\/iframe><\/div>\n\t\t<\/div>\n\t<\/div>\n<div class=\"ult-spacer spacer-6a06736134919\" data-id=\"6a06736134919\" data-height=\"30\" data-height-mobile=\"15\" data-height-tab=\"15\" data-height-tab-portrait=\"15\" data-height-mobile-landscape=\"15\" style=\"clear:both;display:block;\"><\/div><\/div><\/div><\/div><\/div><div class=\"vc_row wpb_row vc_row-fluid vc_custom_1515156580374\"><div class=\"wpb_column vc_column_container vc_col-sm-6\"><div class=\"vc_column-inner\"><div class=\"wpb_wrapper\">\n\t<div class=\"wpb_text_column wpb_content_element  vc_custom_1563199414888\" >\n\t\t<div class=\"wpb_wrapper\">\n\t\t\t<h3>ROOTS<\/h3>\n<p>We know very little about the use of root vegetables in prehistoric times and the Middle Ages. Written sources are scarce when it comes to gathering knowledge about early private households in Denmark. The spread of gardening and the use of vegetables and fruit in particular lies in the dark mists of history. What we know about medieval gardening is concentrated around the monastery gardens, where foreign monks from around 1100 began to establish gardens with special medicinal plants. New studies are beginning to document that the Danes in the Middle Ages had kitchen gardens, where vegetables and berries were part of the daily diet. In summer and autumn, garden produce could be eaten fresh, and people tried to store and partly preserve the delights of the garden for winter and spring, when the diet was monotonous and often in much smaller quantities.<\/p>\n<h3><b>The use<\/b><\/h3>\n<p>Let&#039;s start with the earliest information, namely medical or herbal books, of which the physician Henrik Harpestreng (d. 1244) is the best known:<\/p>\n<h3><b><i>Beetroot<\/i><\/b><\/h3>\n<p>The exciting thing about beetroot is that it is said to be beneficial for coughs and stomach upsets. Several medical books recommend beetroot to help with digestive problems, for example, drinking beetroot juice with hot wine seems to be effective, or you could prepare beetroot like cabbage for a weak stomach. It is also mentioned that beetroot gives clear vision and in a slightly more cheerful perspective, the good advice is given that frostbitten hands and feet are treated with a mash of boiled beetroot!<\/p>\n<h3><b><i>Parsley root<\/i><\/b><\/h3>\n<p>Parsley root is referred to as both a culinary herb and a medicinal plant. It is mentioned that both the herb and the root are used in the kitchen and are suitable for all kinds of food. <i>\u201cFinely chopped or chopped herbs and roots add flavor to butter, cream, sauces, soups and are served with meat and fish.\u201d<\/i>. For medicinal use, parsley root is mentioned as very versatile, for example, the consumption of this culinary herb was said to counteract flatulence, scurvy, cleanse the liver, wounds and bladder. In several places, parsley root is mentioned as being diuretic - especially if the roots are consumed boiled or pickled. Lepers were helped by eating the plant or drinking a water decoction, just as the consumption could help the woman in labor to expel a dead fetus.<\/p>\n<h3><b><i>Parsnip<\/i><\/b><\/h3>\n<p><i>\u201cthe chefs in the kitchen know parsnips better than the pharmacists\u201d<\/i>, it is written in 16th century source material.<\/p>\n<p>But the parsnip also had health-promoting effects, for example, it is mentioned that a wine decoction of the root mixed with honey is drunk for a sick spleen, liver and for backache. The root is boiled in milk for diarrhea. In the more \u201ccurious section\u201d it is mentioned that too much consumption of parsnips could actually stimulate the libido: <i>&quot;Those who torment themselves with fasting and other such works, such as monks and nuns in monasteries, for them these roots are not at all useful or beneficial, but almost harmful&quot;<\/i>As a preventive measure, it was believed that if the root was hung around the neck, one would not be harmed by a viper.<\/p>\n<h3><b><i>Carrot<\/i><\/b><\/h3>\n<p>Source material from the 16th and 17th centuries reveals that the carrot was then considered to have healing effects specifically directed at the \u201clower regions\u201d of men and women. In several places it is mentioned as beneficial for cessation of menstruation and as a remedy for impotence! <i>\u201cIf the root is boiled in wine as a poultice, it can expel the fetus and the afterbirth\u201d<\/i> Like the parsnip, the carrot seems to <i>\u201carouse the natural desires and their work\u201d<\/i>!<\/p>\n<h3><b>Root vegetables in Danish food culture<\/b><\/h3>\n<p>Root vegetables seem to have only really made their way into Danish food culture during the Renaissance. The development was accelerated by Christian II, who invited some of the world&#039;s best vegetable growers, namely the Dutch, to Denmark around 1520. The Dutch settled on Amager and Falster and supplied fresh vegetables and dairy products to the king&#039;s kitchen and eventually also to the city&#039;s other inhabitants, because, as they said at the time, <i>\u201cAmager was Copenhagen&#039;s pantry\u201d<\/i> and <i>\u201cThe Amagers were Copenhagen&#039;s farmers\u201d<\/i>! Later, the customer base expanded to the surrounding towns, and from 16th century source material it is mentioned that carrots grown on Amager in particular were sent to Nyborg, Odense and Aarhus.<\/p>\n<p>The vegetables of the Amager farmers went under the common name, <i>\u201cAmager clothes\u201d<\/i> or <i>\u201cAmager roots\u201d<\/i>, concepts that remained well into the past. A report from the mid-19th century written by Anders Uhrskov entitled &quot;A North Zealand village life&quot; provides the following information about this: <i>&quot;For the November market, Amager residents showed up in large numbers with white cabbage, celery and carrots. White cabbage was bought \u2013 and it was a standing saying: &quot;we are going to the market and buying Amager clothes&quot;<\/i>The relationship is also mentioned in Henrik Ussing&#039;s account from Hedeboegnen, because as he writes: <i>&quot;Garden roots were called Amagert\u00f8j. When roots were scraped for soup, it was said, &quot;We scrape Amagert\u00f8j for the soup.&quot;<\/i>.<\/p>\n<p>But the king also had another agenda, so the Dutch were to teach the Danish farmers about dairy farming and the cultivation of vegetables. In the 16th century, Holland was Europe&#039;s leading country in these two areas, and there was therefore a demand for the country&#039;s inhabitants. Thus, not only Denmark, but also Southeast England received Dutch colonies of farmers. And they learned from them. In particular, the cultivation of root vegetables (parsley roots, parsnips, beetroot and carrots), cabbage and onions was the expertise of the Amager farmers. One of the Dutch&#039;s core competencies was the use of fertilizer. They used manure from their own herds, as well as manure from Copenhagen and seaweed from the surrounding coasts. Vegetable waste was also utilized. It was mixed with the other fertilizer material. Another specialty was seed production. Each farmer had his own special seeds, which were considered valuable and exclusive. There are examples of white cabbage seeds, among others, being a popular wedding gift.<\/p>\n\n\t\t<\/div>\n\t<\/div>\n<\/div><\/div><\/div><div class=\"wpb_column vc_column_container vc_col-sm-6\"><div class=\"vc_column-inner\"><div class=\"wpb_wrapper\"><\/div><\/div><\/div><\/div><div class=\"vc_row wpb_row vc_row-fluid vc_custom_1512410947918\"><div class=\"wpb_column vc_column_container vc_col-sm-6\"><div class=\"vc_column-inner\"><div class=\"wpb_wrapper\"><\/div><\/div><\/div><div class=\"wpb_column vc_column_container vc_col-sm-6\"><div class=\"vc_column-inner\"><div class=\"wpb_wrapper\"><\/div><\/div><\/div><\/div>\n<\/div>","protected":false},"excerpt":{"rendered":"<p>ROOT FRUIT ROOT FRUIT We know very little about the use of root vegetables in prehistoric times and the Middle Ages. Written sources are scarce when it comes to gathering knowledge about the early private\u2026<\/p>","protected":false},"author":3,"featured_media":0,"parent":9001,"menu_order":0,"comment_status":"closed","ping_status":"closed","template":"","meta":{"_price":"","_stock":"","_tribe_ticket_header":"","_tribe_default_ticket_provider":"","_tribe_ticket_capacity":"0","_ticket_start_date":"","_ticket_end_date":"","_tribe_ticket_show_description":"","_tribe_ticket_show_not_going":false,"_tribe_ticket_use_global_stock":"","_tribe_ticket_global_stock_level":"","_global_stock_mode":"","_global_stock_cap":"","_tribe_rsvp_for_event":"","_tribe_ticket_going_count":"","_tribe_ticket_not_going_count":"","_tribe_tickets_list":"[]","_tribe_ticket_has_attendee_info_fields":false,"footnotes":""},"class_list":["post-9130","page","type-page","status-publish","hentry","description-off"],"yoast_head":"<!-- This site is optimized with the Yoast SEO plugin v27.6 - https:\/\/yoast.com\/product\/yoast-seo-wordpress\/ -->\n<title>Gamle danske sorter: Rodfrugter | Det Gr\u00f8nne Museum<\/title>\n<meta name=\"description\" content=\"Rodfrugterne er hj\u00f8rnesten i danske madkultur. P\u00e5 Det Gr\u00f8nne Museum forsker vi i og formidler vi kulturarven omkring bl.a. rodfrugter.\" \/>\n<meta name=\"robots\" content=\"index, follow, max-snippet:-1, max-image-preview:large, max-video-preview:-1\" \/>\n<link rel=\"canonical\" href=\"https:\/\/detgroennemuseum.dk\/en\/knowledge\/the-living-cultural-heritage\/root-vegetables\/\" \/>\n<meta property=\"og:locale\" content=\"en_GB\" \/>\n<meta property=\"og:type\" content=\"article\" \/>\n<meta property=\"og:title\" content=\"Gamle danske sorter: Rodfrugter | Det Gr\u00f8nne Museum\" \/>\n<meta property=\"og:description\" content=\"Rodfrugterne er hj\u00f8rnesten i danske madkultur. P\u00e5 Det Gr\u00f8nne Museum forsker vi i og formidler vi kulturarven omkring bl.a. rodfrugter.\" \/>\n<meta property=\"og:url\" content=\"https:\/\/detgroennemuseum.dk\/en\/knowledge\/the-living-cultural-heritage\/root-vegetables\/\" \/>\n<meta property=\"og:site_name\" content=\"Det Gr\u00f8nne Museum\" \/>\n<meta property=\"article:modified_time\" content=\"2025-04-26T21:16:03+00:00\" \/>\n<meta name=\"twitter:card\" content=\"summary_large_image\" \/>\n<meta name=\"twitter:label1\" content=\"Estimated reading time\" \/>\n\t<meta name=\"twitter:data1\" content=\"5 minutes\" \/>\n<script type=\"application\/ld+json\" class=\"yoast-schema-graph\">{\"@context\":\"https:\\\/\\\/schema.org\",\"@graph\":[{\"@type\":\"WebPage\",\"@id\":\"https:\\\/\\\/detgroennemuseum.dk\\\/viden\\\/den-levende-kulturarv\\\/rodfrugter\\\/\",\"url\":\"https:\\\/\\\/detgroennemuseum.dk\\\/viden\\\/den-levende-kulturarv\\\/rodfrugter\\\/\",\"name\":\"Gamle danske sorter: Rodfrugter | Det Gr\u00f8nne Museum\",\"isPartOf\":{\"@id\":\"https:\\\/\\\/detgroennemuseum.dk\\\/#website\"},\"datePublished\":\"2019-07-15T14:04:36+00:00\",\"dateModified\":\"2025-04-26T21:16:03+00:00\",\"description\":\"Rodfrugterne er hj\u00f8rnesten i danske madkultur. P\u00e5 Det Gr\u00f8nne Museum forsker vi i og formidler vi kulturarven omkring bl.a. rodfrugter.\",\"breadcrumb\":{\"@id\":\"https:\\\/\\\/detgroennemuseum.dk\\\/viden\\\/den-levende-kulturarv\\\/rodfrugter\\\/#breadcrumb\"},\"inLanguage\":\"en-GB\",\"potentialAction\":[{\"@type\":\"ReadAction\",\"target\":[\"https:\\\/\\\/detgroennemuseum.dk\\\/viden\\\/den-levende-kulturarv\\\/rodfrugter\\\/\"]}]},{\"@type\":\"BreadcrumbList\",\"@id\":\"https:\\\/\\\/detgroennemuseum.dk\\\/viden\\\/den-levende-kulturarv\\\/rodfrugter\\\/#breadcrumb\",\"itemListElement\":[{\"@type\":\"ListItem\",\"position\":1,\"name\":\"Hjem\",\"item\":\"https:\\\/\\\/detgroennemuseum.dk\\\/\"},{\"@type\":\"ListItem\",\"position\":2,\"name\":\"Viden\",\"item\":\"https:\\\/\\\/detgroennemuseum.dk\\\/viden\\\/\"},{\"@type\":\"ListItem\",\"position\":3,\"name\":\"Den levende kulturarv\",\"item\":\"https:\\\/\\\/detgroennemuseum.dk\\\/viden\\\/den-levende-kulturarv\\\/\"},{\"@type\":\"ListItem\",\"position\":4,\"name\":\"Rodfrugter\"}]},{\"@type\":\"WebSite\",\"@id\":\"https:\\\/\\\/detgroennemuseum.dk\\\/#website\",\"url\":\"https:\\\/\\\/detgroennemuseum.dk\\\/\",\"name\":\"Det Gr\u00f8nne Museum\",\"description\":\"Danmarks nationale museum for jagten, skoven, landbruget og maden\",\"potentialAction\":[{\"@type\":\"SearchAction\",\"target\":{\"@type\":\"EntryPoint\",\"urlTemplate\":\"https:\\\/\\\/detgroennemuseum.dk\\\/?s={search_term_string}\"},\"query-input\":{\"@type\":\"PropertyValueSpecification\",\"valueRequired\":true,\"valueName\":\"search_term_string\"}}],\"inLanguage\":\"en-GB\"}]}<\/script>\n<!-- \/ Yoast SEO plugin. -->","yoast_head_json":{"title":"Old Danish varieties: Root vegetables | The Green Museum","description":"Root vegetables are a cornerstone of Danish food culture. At The Green Museum, we research and communicate the cultural heritage surrounding root vegetables, among other things.","robots":{"index":"index","follow":"follow","max-snippet":"max-snippet:-1","max-image-preview":"max-image-preview:large","max-video-preview":"max-video-preview:-1"},"canonical":"https:\/\/detgroennemuseum.dk\/en\/knowledge\/the-living-cultural-heritage\/root-vegetables\/","og_locale":"en_GB","og_type":"article","og_title":"Gamle danske sorter: Rodfrugter | Det Gr\u00f8nne Museum","og_description":"Rodfrugterne er hj\u00f8rnesten i danske madkultur. P\u00e5 Det Gr\u00f8nne Museum forsker vi i og formidler vi kulturarven omkring bl.a. rodfrugter.","og_url":"https:\/\/detgroennemuseum.dk\/en\/knowledge\/the-living-cultural-heritage\/root-vegetables\/","og_site_name":"Det Gr\u00f8nne Museum","article_modified_time":"2025-04-26T21:16:03+00:00","twitter_card":"summary_large_image","twitter_misc":{"Estimated reading time":"5 minutes"},"schema":{"@context":"https:\/\/schema.org","@graph":[{"@type":"WebPage","@id":"https:\/\/detgroennemuseum.dk\/viden\/den-levende-kulturarv\/rodfrugter\/","url":"https:\/\/detgroennemuseum.dk\/viden\/den-levende-kulturarv\/rodfrugter\/","name":"Old Danish varieties: Root vegetables | The Green Museum","isPartOf":{"@id":"https:\/\/detgroennemuseum.dk\/#website"},"datePublished":"2019-07-15T14:04:36+00:00","dateModified":"2025-04-26T21:16:03+00:00","description":"Root vegetables are a cornerstone of Danish food culture. At The Green Museum, we research and communicate the cultural heritage surrounding root vegetables, among other things.","breadcrumb":{"@id":"https:\/\/detgroennemuseum.dk\/viden\/den-levende-kulturarv\/rodfrugter\/#breadcrumb"},"inLanguage":"en-GB","potentialAction":[{"@type":"ReadAction","target":["https:\/\/detgroennemuseum.dk\/viden\/den-levende-kulturarv\/rodfrugter\/"]}]},{"@type":"BreadcrumbList","@id":"https:\/\/detgroennemuseum.dk\/viden\/den-levende-kulturarv\/rodfrugter\/#breadcrumb","itemListElement":[{"@type":"ListItem","position":1,"name":"Hjem","item":"https:\/\/detgroennemuseum.dk\/"},{"@type":"ListItem","position":2,"name":"Viden","item":"https:\/\/detgroennemuseum.dk\/viden\/"},{"@type":"ListItem","position":3,"name":"Den levende kulturarv","item":"https:\/\/detgroennemuseum.dk\/viden\/den-levende-kulturarv\/"},{"@type":"ListItem","position":4,"name":"Rodfrugter"}]},{"@type":"WebSite","@id":"https:\/\/detgroennemuseum.dk\/#website","url":"https:\/\/detgroennemuseum.dk\/","name":"The Green Museum","description":"Denmark&#039;s National Museum of Hunting, Forestry, Agriculture and Food","potentialAction":[{"@type":"SearchAction","target":{"@type":"EntryPoint","urlTemplate":"https:\/\/detgroennemuseum.dk\/?s={search_term_string}"},"query-input":{"@type":"PropertyValueSpecification","valueRequired":true,"valueName":"search_term_string"}}],"inLanguage":"en-GB"}]}},"_links":{"self":[{"href":"https:\/\/detgroennemuseum.dk\/en\/wp-json\/wp\/v2\/pages\/9130","targetHints":{"allow":["GET"]}}],"collection":[{"href":"https:\/\/detgroennemuseum.dk\/en\/wp-json\/wp\/v2\/pages"}],"about":[{"href":"https:\/\/detgroennemuseum.dk\/en\/wp-json\/wp\/v2\/types\/page"}],"author":[{"embeddable":true,"href":"https:\/\/detgroennemuseum.dk\/en\/wp-json\/wp\/v2\/users\/3"}],"replies":[{"embeddable":true,"href":"https:\/\/detgroennemuseum.dk\/en\/wp-json\/wp\/v2\/comments?post=9130"}],"version-history":[{"count":3,"href":"https:\/\/detgroennemuseum.dk\/en\/wp-json\/wp\/v2\/pages\/9130\/revisions"}],"predecessor-version":[{"id":25585,"href":"https:\/\/detgroennemuseum.dk\/en\/wp-json\/wp\/v2\/pages\/9130\/revisions\/25585"}],"up":[{"embeddable":true,"href":"https:\/\/detgroennemuseum.dk\/en\/wp-json\/wp\/v2\/pages\/9001"}],"wp:attachment":[{"href":"https:\/\/detgroennemuseum.dk\/en\/wp-json\/wp\/v2\/media?parent=9130"}],"curies":[{"name":"wp","href":"https:\/\/api.w.org\/{rel}","templated":true}]}}