{"id":9127,"date":"2019-07-15T16:00:15","date_gmt":"2019-07-15T14:00:15","guid":{"rendered":"https:\/\/detgroennemuseum.dk\/?page_id=9127"},"modified":"2025-04-26T23:15:52","modified_gmt":"2025-04-26T21:15:52","slug":"cattle","status":"publish","type":"page","link":"https:\/\/detgroennemuseum.dk\/en\/viden\/den-levende-kulturarv\/kvaeg\/","title":{"rendered":"Cattle"},"content":{"rendered":"<div class=\"wpb-content-wrapper\"><div class=\"vc_row wpb_row vc_row-fluid\"><div class=\"wpb_column vc_column_container vc_col-sm-12\"><div class=\"vc_column-inner\"><div class=\"wpb_wrapper\"><div class=\"ult-spacer spacer-6a06730a8c7e6\" data-id=\"6a06730a8c7e6\" data-height=\"30\" data-height-mobile=\"15\" data-height-tab=\"15\" data-height-tab-portrait=\"15\" data-height-mobile-landscape=\"15\" style=\"clear:both;display:block;\"><\/div>\n\t<div class=\"wpb_text_column wpb_content_element\" >\n\t\t<div class=\"wpb_wrapper\">\n\t\t\t<h1 style=\"text-align: center;\"><strong>OLD DANISH BREEDS: CATTLE<\/strong><\/h1>\n\n\t\t<\/div>\n\t<\/div>\n<div class=\"ult-spacer spacer-6a06730a8ca06\" data-id=\"6a06730a8ca06\" data-height=\"30\" data-height-mobile=\"15\" data-height-tab=\"15\" data-height-tab-portrait=\"15\" data-height-mobile-landscape=\"15\" style=\"clear:both;display:block;\"><\/div>\n\t<div class=\"wpb_video_widget wpb_content_element vc_clearfix   vc_video-aspect-ratio-169 vc_video-el-width-90 vc_video-align-center\" >\n\t\t<div class=\"wpb_wrapper\">\n\t\t\t\n\t\t\t<div class=\"wpb_video_wrapper\"><iframe title=\"Old Danish animals: cattle, cows - Living cultural heritage\" width=\"500\" height=\"281\" data-src=\"https:\/\/www.youtube.com\/embed\/o90PxZ3T_tM?feature=oembed\" frameborder=\"0\" allow=\"accelerometer; autoplay; clipboard-write; encrypted-media; gyroscope; picture-in-picture; web-share\" allowfullscreen src=\"data:image\/svg+xml;base64,PHN2ZyB3aWR0aD0iMSIgaGVpZ2h0PSIxIiB4bWxucz0iaHR0cDovL3d3dy53My5vcmcvMjAwMC9zdmciPjwvc3ZnPg==\" class=\"lazyload\" data-load-mode=\"1\"><\/iframe><\/div>\n\t\t<\/div>\n\t<\/div>\n<div class=\"ult-spacer spacer-6a06730a8d4ab\" data-id=\"6a06730a8d4ab\" data-height=\"30\" data-height-mobile=\"15\" data-height-tab=\"15\" data-height-tab-portrait=\"15\" data-height-mobile-landscape=\"15\" style=\"clear:both;display:block;\"><\/div><\/div><\/div><\/div><\/div><div class=\"vc_row wpb_row vc_row-fluid vc_custom_1515156580374\"><div class=\"wpb_column vc_column_container vc_col-sm-6\"><div class=\"vc_column-inner\"><div class=\"wpb_wrapper\">\n\t<div class=\"wpb_text_column wpb_content_element  vc_custom_1563264653092\" >\n\t\t<div class=\"wpb_wrapper\">\n\t\t\t<h3><b>Jutland Cattle<\/b><\/h3>\n<p>The Jutland Cattle originates from the original black and grey spotted cattle, which were widespread in Jutland in the 17th, 18th and 19th centuries, where they were the basis for the export of steers to the North German market.<\/p>\n<p>The first studbook for Horses and Cattle of the Jutlandic breed was published in 1881 and contains information on 48 bulls and 53 cows. The starting material was very heterogeneous. Thus, the bulls were listed as being of both the dairy type and the meat type. The dairy type was consistently smaller than the meat type, and the average height (wither) for eight dairy type cows was 120 cm. The weight of full-grown cows was stated to be approximately 350 kg, and the annual yield was typically 800-1000 liters of milk. Animals of the meat type were consistently taller and heavier, and the tallest cow in the first studbook measured 146 cm at the wither.<\/p>\n<p>In the first half of the 20th century, the breed developed into a true dairy breed with a breeding goal that was close to that of the Dutch Black and White Cattle. At the same time, color and markings were standardized.<\/p>\n\n\t\t<\/div>\n\t<\/div>\n<\/div><\/div><\/div><div class=\"wpb_column vc_column_container vc_col-sm-6\"><div class=\"vc_column-inner\"><div class=\"wpb_wrapper\">\n\t<div  class=\"wpb_single_image wpb_content_element vc_align_left\">\n\t\t\n\t\t<figure class=\"wpb_wrapper vc_figure\">\n\t\t\t<div class=\"vc_single_image-wrapper   vc_box_border_grey\"><img decoding=\"async\" width=\"1920\" height=\"1280\" data-src=\"https:\/\/detgroennemuseum.dk\/wp-content\/uploads\/2019\/07\/jysk-kvaeg-2.jpg\" class=\"vc_single_image-img attachment-full lazyload\" alt=\"A cow looks into the camera\" title=\"Jutland Cattle at the Green Museum, Gl. Estrup\" data-srcset=\"https:\/\/detgroennemuseum.dk\/wp-content\/uploads\/2019\/07\/jysk-kvaeg-2.jpg 1920w, https:\/\/detgroennemuseum.dk\/wp-content\/smush-webp\/2019\/07\/jysk-kvaeg-2-600x400.jpg.webp 600w, https:\/\/detgroennemuseum.dk\/wp-content\/uploads\/2019\/07\/jysk-kvaeg-2-768x512.jpg 768w, https:\/\/detgroennemuseum.dk\/wp-content\/uploads\/2019\/07\/jysk-kvaeg-2-1024x683.jpg 1024w\" data-sizes=\"(max-width: 1920px) 100vw, 1920px\"  data-dt-location=\"https:\/\/detgroennemuseum.dk\/en\/viden\/den-levende-kulturarv\/jysk-kvaeg-2\/\" src=\"data:image\/svg+xml;base64,PHN2ZyB3aWR0aD0iMSIgaGVpZ2h0PSIxIiB4bWxucz0iaHR0cDovL3d3dy53My5vcmcvMjAwMC9zdmciPjwvc3ZnPg==\" style=\"--smush-placeholder-width: 1920px; --smush-placeholder-aspect-ratio: 1920\/1280;\" \/><\/div>\n\t\t<\/figure>\n\t<\/div>\n<\/div><\/div><\/div><\/div><div class=\"vc_row wpb_row vc_row-fluid\"><div class=\"wpb_column vc_column_container vc_col-sm-12\"><div class=\"vc_column-inner\"><div class=\"wpb_wrapper\"><div class=\"ult-spacer spacer-6a06730a8eea0\" data-id=\"6a06730a8eea0\" data-height=\"30\" data-height-mobile=\"15\" data-height-tab=\"15\" data-height-tab-portrait=\"15\" data-height-mobile-landscape=\"15\" style=\"clear:both;display:block;\"><\/div><\/div><\/div><\/div><\/div><div class=\"vc_row wpb_row vc_row-fluid vc_custom_1512410947918\"><div class=\"wpb_column vc_column_container vc_col-sm-6\"><div class=\"vc_column-inner\"><div class=\"wpb_wrapper\">\n\t<div  class=\"wpb_single_image wpb_content_element vc_align_left\">\n\t\t\n\t\t<figure class=\"wpb_wrapper vc_figure\">\n\t\t\t<div class=\"vc_single_image-wrapper   vc_box_border_grey\"><img decoding=\"async\" width=\"1920\" height=\"1280\" data-src=\"https:\/\/detgroennemuseum.dk\/wp-content\/uploads\/2019\/07\/sommer-ko.jpg\" class=\"vc_single_image-img attachment-full lazyload\" alt=\"\" title=\"Summer Cow\" data-srcset=\"https:\/\/detgroennemuseum.dk\/wp-content\/uploads\/2019\/07\/sommer-ko.jpg 1920w, https:\/\/detgroennemuseum.dk\/wp-content\/smush-webp\/2019\/07\/sommer-ko-600x400.jpg.webp 600w, https:\/\/detgroennemuseum.dk\/wp-content\/smush-webp\/2019\/07\/sommer-ko-768x512.jpg.webp 768w, https:\/\/detgroennemuseum.dk\/wp-content\/smush-webp\/2019\/07\/sommer-ko-1024x683.jpg.webp 1024w, https:\/\/detgroennemuseum.dk\/wp-content\/uploads\/2019\/07\/sommer-ko-300x200.jpg 300w\" data-sizes=\"(max-width: 1920px) 100vw, 1920px\"  data-dt-location=\"https:\/\/detgroennemuseum.dk\/en\/viden\/den-levende-kulturarv\/sommer-ko\/\" src=\"data:image\/svg+xml;base64,PHN2ZyB3aWR0aD0iMSIgaGVpZ2h0PSIxIiB4bWxucz0iaHR0cDovL3d3dy53My5vcmcvMjAwMC9zdmciPjwvc3ZnPg==\" style=\"--smush-placeholder-width: 1920px; --smush-placeholder-aspect-ratio: 1920\/1280;\" \/><\/div>\n\t\t<\/figure>\n\t<\/div>\n<\/div><\/div><\/div><div class=\"wpb_column vc_column_container vc_col-sm-6\"><div class=\"vc_column-inner\"><div class=\"wpb_wrapper\">\n\t<div class=\"wpb_text_column wpb_content_element\" >\n\t\t<div class=\"wpb_wrapper\">\n\t\t\t<h3><b>Red Danish Dairy Breed<\/b><\/h3>\n<p>At the beginning of the 19th century, a distinction was made in Denmark between two types of cattle \u2013 the Jutland Cattle and the Island Cattle. In the 18th century, the Island Cattle were crossed with several red breeds. Cattle from Angel were used on Zealand and Lolland-Falster. On Funen, it was mainly cattle from North Schleswig and the larger cattle from Ballum that were used. It was especially the Funen cattle breeders who bred the red Danish Dairy breed.<\/p>\n<p>The breed&#039;s name first appears at the farmers&#039; assembly in Svendborg in 1878, and this year is considered the year of the breed&#039;s foundation. Through pure breeding, the breed was developed into a uniform red dairy breed, which was superior to the other Danish dairy breeds in terms of milk yield. The breed became internationally known in the first half of the 20th century, and breeding animals were exported to many countries and had a major influence on the cattle populations in the Baltic countries.<\/p>\n<p>The breed had its heyday in the 1950s, when the rdM constituted about 70% of Denmark&#039;s cattle population. Since then, the breed has declined sharply. In 1970, the breed association abandoned the pure breeding principle.<\/p>\n\n\t\t<\/div>\n\t<\/div>\n<\/div><\/div><\/div><\/div><div class=\"vc_row wpb_row vc_row-fluid\"><div class=\"wpb_column vc_column_container vc_col-sm-12\"><div class=\"vc_column-inner\"><div class=\"wpb_wrapper\"><div class=\"ult-spacer spacer-6a06730a8fd7b\" data-id=\"6a06730a8fd7b\" data-height=\"30\" data-height-mobile=\"15\" data-height-tab=\"15\" data-height-tab-portrait=\"15\" data-height-mobile-landscape=\"15\" style=\"clear:both;display:block;\"><\/div><\/div><\/div><\/div><\/div><div class=\"vc_row wpb_row vc_row-fluid\"><div class=\"wpb_column vc_column_container vc_col-sm-6\"><div class=\"vc_column-inner\"><div class=\"wpb_wrapper\">\n\t<div class=\"wpb_text_column wpb_content_element\" >\n\t\t<div class=\"wpb_wrapper\">\n\t\t\t<h3><b>Black and White Danish Dairy Breed<\/b><\/h3>\n<p>As can be seen from the description of the Jutland Cattle, the Breeding Association for the Black-mottled Jutland Cattle (SJM) from 1949 allowed the Jutland Cattle to be crossed with Dutch Cattle, and that these crossbred animals could be entered in the studbook. The breed name was simultaneously changed to the Black-mottled Danish Dairy Cattle (SdM).<\/p>\n<p>The type of SdM that resulted from the crossing of Dutch black-mottled cattle with the Jutland Cattle was a combination breed that combined good milk yield with pleasantness and good slaughter quality. From around the mid-1960s, the breeding association for SdM has extensively used semen from bulls of the black-mottled Holstein-Friesian breed (HF) from the USA and Canada, and today the majority of the genes in the black-mottled cows are of Holstein-Friesian origin.<\/p>\n\n\t\t<\/div>\n\t<\/div>\n<\/div><\/div><\/div><div class=\"wpb_column vc_column_container vc_col-sm-6\"><div class=\"vc_column-inner\"><div class=\"wpb_wrapper\">\n\t<div  class=\"wpb_single_image wpb_content_element vc_align_left\">\n\t\t\n\t\t<figure class=\"wpb_wrapper vc_figure\">\n\t\t\t<div class=\"vc_single_image-wrapper   vc_box_border_grey\"><img decoding=\"async\" src=\"https:\/\/detgroennemuseum.dk\/wp-content\/uploads\/2019\/07\/sdm_ko.tif\" class=\"vc_single_image-img attachment-full\" alt=\"\" title=\"SDM Cow\"  data-dt-location=\"https:\/\/detgroennemuseum.dk\/en\/viden\/den-levende-kulturarv\/sdm_ko\/\" \/><\/div>\n\t\t<\/figure>\n\t<\/div>\n<\/div><\/div><\/div><\/div><div class=\"vc_row wpb_row vc_row-fluid\"><div class=\"wpb_column vc_column_container vc_col-sm-12\"><div class=\"vc_column-inner\"><div class=\"wpb_wrapper\"><div class=\"ult-spacer spacer-6a06730a90d73\" data-id=\"6a06730a90d73\" data-height=\"30\" data-height-mobile=\"15\" data-height-tab=\"15\" data-height-tab-portrait=\"15\" data-height-mobile-landscape=\"15\" style=\"clear:both;display:block;\"><\/div><\/div><\/div><\/div><\/div><div class=\"vc_row wpb_row vc_row-fluid\"><div class=\"wpb_column vc_column_container vc_col-sm-6\"><div class=\"vc_column-inner\"><div class=\"wpb_wrapper\">\n\t<div  class=\"wpb_single_image wpb_content_element vc_align_left\">\n\t\t\n\t\t<figure class=\"wpb_wrapper vc_figure\">\n\t\t\t<div class=\"vc_single_image-wrapper   vc_box_border_grey\"><img decoding=\"async\" width=\"1920\" height=\"1280\" data-src=\"https:\/\/detgroennemuseum.dk\/wp-content\/uploads\/2019\/07\/malkekorthorn.jpg\" class=\"vc_single_image-img attachment-full lazyload\" alt=\"\" title=\"Milking cart horn\" data-srcset=\"https:\/\/detgroennemuseum.dk\/wp-content\/uploads\/2019\/07\/malkekorthorn.jpg 1920w, https:\/\/detgroennemuseum.dk\/wp-content\/smush-webp\/2019\/07\/malkekorthorn-600x400.jpg.webp 600w, https:\/\/detgroennemuseum.dk\/wp-content\/uploads\/2019\/07\/malkekorthorn-300x200.jpg 300w, https:\/\/detgroennemuseum.dk\/wp-content\/uploads\/2019\/07\/malkekorthorn-768x512.jpg 768w, https:\/\/detgroennemuseum.dk\/wp-content\/uploads\/2019\/07\/malkekorthorn-1024x683.jpg 1024w\" data-sizes=\"(max-width: 1920px) 100vw, 1920px\"  data-dt-location=\"https:\/\/detgroennemuseum.dk\/en\/viden\/den-levende-kulturarv\/kvaeg\/malkekorthorn\/\" src=\"data:image\/svg+xml;base64,PHN2ZyB3aWR0aD0iMSIgaGVpZ2h0PSIxIiB4bWxucz0iaHR0cDovL3d3dy53My5vcmcvMjAwMC9zdmciPjwvc3ZnPg==\" style=\"--smush-placeholder-width: 1920px; --smush-placeholder-aspect-ratio: 1920\/1280;\" \/><\/div>\n\t\t<\/figure>\n\t<\/div>\n<\/div><\/div><\/div><div class=\"wpb_column vc_column_container vc_col-sm-6\"><div class=\"vc_column-inner\"><div class=\"wpb_wrapper\">\n\t<div class=\"wpb_text_column wpb_content_element\" >\n\t\t<div class=\"wpb_wrapper\">\n\t\t\t<h3><b>Milking cart horn<\/b><\/h3>\n<p>The Malkekorthorn originally comes from England. It gained popularity in Denmark in the late 1800s. In 1922, about a third of all cows in Jutland were of the Malkekorthorn breed. The strain that is best known today is the Lyngestammen.<\/p>\n<p>The breed has had its own breeding association in Denmark since 1906, but breeding animals have been continuously imported. Until around 1950, however, imports were limited to Malkekorthorn bulls from England. In the 1950s, crossbreeding was carried out with bulls of red-mottled German and Dutch cattle, and in 1962 the breed association changed its name to the Breeding Association for red-mottled Danish Cattle (drK). In the following years, almost the entire Danish Malkekorthorn population was crossed with red-mottled cattle from Germany and the Netherlands.<\/p>\n\n\t\t<\/div>\n\t<\/div>\n<\/div><\/div><\/div><\/div><div class=\"vc_row wpb_row vc_row-fluid\"><div class=\"wpb_column vc_column_container vc_col-sm-12\"><div class=\"vc_column-inner\"><div class=\"wpb_wrapper\"><div class=\"ult-spacer spacer-6a06730a91d35\" data-id=\"6a06730a91d35\" data-height=\"30\" data-height-mobile=\"15\" data-height-tab=\"15\" data-height-tab-portrait=\"15\" data-height-mobile-landscape=\"15\" style=\"clear:both;display:block;\"><\/div><\/div><\/div><\/div><\/div><div class=\"vc_row wpb_row vc_row-fluid\"><div class=\"wpb_column vc_column_container vc_col-sm-6\"><div class=\"vc_column-inner\"><div class=\"wpb_wrapper\">\n\t<div class=\"wpb_text_column wpb_content_element\" >\n\t\t<div class=\"wpb_wrapper\">\n\t\t\t<h3><b>Agers\u00f8 cattle<\/b><\/h3>\n<p>In the early 1990s, a small herd of cattle was found on Agers\u00f8. In 2004, a genetic study was conducted that supported that the Agers\u00f8 cattle are related to the original rdM. This is in accordance with the breed&#039;s evolutionary history, as rdM-70 was founded with genes from the \u00d8 cattle.<\/p>\n\n\t\t<\/div>\n\t<\/div>\n<\/div><\/div><\/div><div class=\"wpb_column vc_column_container vc_col-sm-6\"><div class=\"vc_column-inner\"><div class=\"wpb_wrapper\"><\/div><\/div><\/div><\/div>\n<\/div>","protected":false},"excerpt":{"rendered":"<p>OLD DANISH BREEDS: CATTLE Jutland Cattle The Jutland Cattle originate from the original black and grey spotted cattle, which were widespread in Jutland in the 17th, 18th and 19th centuries, where\u2026<\/p>","protected":false},"author":3,"featured_media":0,"parent":9001,"menu_order":0,"comment_status":"closed","ping_status":"closed","template":"","meta":{"_price":"","_stock":"","_tribe_ticket_header":"","_tribe_default_ticket_provider":"","_tribe_ticket_capacity":"0","_ticket_start_date":"","_ticket_end_date":"","_tribe_ticket_show_description":"","_tribe_ticket_show_not_going":false,"_tribe_ticket_use_global_stock":"","_tribe_ticket_global_stock_level":"","_global_stock_mode":"","_global_stock_cap":"","_tribe_rsvp_for_event":"","_tribe_ticket_going_count":"","_tribe_ticket_not_going_count":"","_tribe_tickets_list":"[]","_tribe_ticket_has_attendee_info_fields":false,"footnotes":""},"class_list":["post-9127","page","type-page","status-publish","hentry","description-off"],"yoast_head":"<!-- This site is optimized with the Yoast SEO plugin v27.6 - https:\/\/yoast.com\/product\/yoast-seo-wordpress\/ -->\n<title>Gamle danske racer: kv\u00e6g | Det Gr\u00f8nne Museum<\/title>\n<meta name=\"description\" content=\"Bliv klogere p\u00e5 de forskellige kv\u00e6gracer her. Den levende kulturarv hos Det Gr\u00f8nne Museum giv oplevelser til alle aldre.\" \/>\n<meta name=\"robots\" content=\"index, follow, max-snippet:-1, max-image-preview:large, max-video-preview:-1\" \/>\n<link rel=\"canonical\" href=\"https:\/\/detgroennemuseum.dk\/en\/knowledge\/the-living-cultural-heritage\/cattle\/\" \/>\n<meta property=\"og:locale\" content=\"en_GB\" \/>\n<meta property=\"og:type\" content=\"article\" \/>\n<meta property=\"og:title\" content=\"Gamle danske racer: kv\u00e6g | Det Gr\u00f8nne Museum\" \/>\n<meta property=\"og:description\" content=\"Bliv klogere p\u00e5 de forskellige kv\u00e6gracer her. Den levende kulturarv hos Det Gr\u00f8nne Museum giv oplevelser til alle aldre.\" \/>\n<meta property=\"og:url\" content=\"https:\/\/detgroennemuseum.dk\/en\/knowledge\/the-living-cultural-heritage\/cattle\/\" \/>\n<meta property=\"og:site_name\" content=\"Det Gr\u00f8nne Museum\" \/>\n<meta property=\"article:modified_time\" content=\"2025-04-26T21:15:52+00:00\" \/>\n<meta name=\"twitter:card\" content=\"summary_large_image\" \/>\n<meta name=\"twitter:label1\" content=\"Estimated reading time\" \/>\n\t<meta name=\"twitter:data1\" content=\"4 minutes\" \/>\n<script type=\"application\/ld+json\" class=\"yoast-schema-graph\">{\"@context\":\"https:\\\/\\\/schema.org\",\"@graph\":[{\"@type\":\"WebPage\",\"@id\":\"https:\\\/\\\/detgroennemuseum.dk\\\/viden\\\/den-levende-kulturarv\\\/kvaeg\\\/\",\"url\":\"https:\\\/\\\/detgroennemuseum.dk\\\/viden\\\/den-levende-kulturarv\\\/kvaeg\\\/\",\"name\":\"Gamle danske racer: kv\u00e6g | Det Gr\u00f8nne Museum\",\"isPartOf\":{\"@id\":\"https:\\\/\\\/detgroennemuseum.dk\\\/#website\"},\"datePublished\":\"2019-07-15T14:00:15+00:00\",\"dateModified\":\"2025-04-26T21:15:52+00:00\",\"description\":\"Bliv klogere p\u00e5 de forskellige kv\u00e6gracer her. Den levende kulturarv hos Det Gr\u00f8nne Museum giv oplevelser til alle aldre.\",\"breadcrumb\":{\"@id\":\"https:\\\/\\\/detgroennemuseum.dk\\\/viden\\\/den-levende-kulturarv\\\/kvaeg\\\/#breadcrumb\"},\"inLanguage\":\"en-GB\",\"potentialAction\":[{\"@type\":\"ReadAction\",\"target\":[\"https:\\\/\\\/detgroennemuseum.dk\\\/viden\\\/den-levende-kulturarv\\\/kvaeg\\\/\"]}]},{\"@type\":\"BreadcrumbList\",\"@id\":\"https:\\\/\\\/detgroennemuseum.dk\\\/viden\\\/den-levende-kulturarv\\\/kvaeg\\\/#breadcrumb\",\"itemListElement\":[{\"@type\":\"ListItem\",\"position\":1,\"name\":\"Hjem\",\"item\":\"https:\\\/\\\/detgroennemuseum.dk\\\/\"},{\"@type\":\"ListItem\",\"position\":2,\"name\":\"Viden\",\"item\":\"https:\\\/\\\/detgroennemuseum.dk\\\/viden\\\/\"},{\"@type\":\"ListItem\",\"position\":3,\"name\":\"Den levende kulturarv\",\"item\":\"https:\\\/\\\/detgroennemuseum.dk\\\/viden\\\/den-levende-kulturarv\\\/\"},{\"@type\":\"ListItem\",\"position\":4,\"name\":\"Kv\u00e6g\"}]},{\"@type\":\"WebSite\",\"@id\":\"https:\\\/\\\/detgroennemuseum.dk\\\/#website\",\"url\":\"https:\\\/\\\/detgroennemuseum.dk\\\/\",\"name\":\"Det Gr\u00f8nne Museum\",\"description\":\"Danmarks nationale museum for jagten, skoven, landbruget og maden\",\"potentialAction\":[{\"@type\":\"SearchAction\",\"target\":{\"@type\":\"EntryPoint\",\"urlTemplate\":\"https:\\\/\\\/detgroennemuseum.dk\\\/?s={search_term_string}\"},\"query-input\":{\"@type\":\"PropertyValueSpecification\",\"valueRequired\":true,\"valueName\":\"search_term_string\"}}],\"inLanguage\":\"en-GB\"}]}<\/script>\n<!-- \/ Yoast SEO plugin. -->","yoast_head_json":{"title":"Old Danish breeds: cattle | The Green Museum","description":"Learn about the different breeds of cattle here. The living cultural heritage at The Green Museum provides experiences for all ages.","robots":{"index":"index","follow":"follow","max-snippet":"max-snippet:-1","max-image-preview":"max-image-preview:large","max-video-preview":"max-video-preview:-1"},"canonical":"https:\/\/detgroennemuseum.dk\/en\/knowledge\/the-living-cultural-heritage\/cattle\/","og_locale":"en_GB","og_type":"article","og_title":"Gamle danske racer: kv\u00e6g | Det Gr\u00f8nne Museum","og_description":"Bliv klogere p\u00e5 de forskellige kv\u00e6gracer her. Den levende kulturarv hos Det Gr\u00f8nne Museum giv oplevelser til alle aldre.","og_url":"https:\/\/detgroennemuseum.dk\/en\/knowledge\/the-living-cultural-heritage\/cattle\/","og_site_name":"Det Gr\u00f8nne Museum","article_modified_time":"2025-04-26T21:15:52+00:00","twitter_card":"summary_large_image","twitter_misc":{"Estimated reading time":"4 minutes"},"schema":{"@context":"https:\/\/schema.org","@graph":[{"@type":"WebPage","@id":"https:\/\/detgroennemuseum.dk\/viden\/den-levende-kulturarv\/kvaeg\/","url":"https:\/\/detgroennemuseum.dk\/viden\/den-levende-kulturarv\/kvaeg\/","name":"Old Danish breeds: cattle | The Green Museum","isPartOf":{"@id":"https:\/\/detgroennemuseum.dk\/#website"},"datePublished":"2019-07-15T14:00:15+00:00","dateModified":"2025-04-26T21:15:52+00:00","description":"Learn about the different breeds of cattle here. The living cultural heritage at The Green Museum provides experiences for all ages.","breadcrumb":{"@id":"https:\/\/detgroennemuseum.dk\/viden\/den-levende-kulturarv\/kvaeg\/#breadcrumb"},"inLanguage":"en-GB","potentialAction":[{"@type":"ReadAction","target":["https:\/\/detgroennemuseum.dk\/viden\/den-levende-kulturarv\/kvaeg\/"]}]},{"@type":"BreadcrumbList","@id":"https:\/\/detgroennemuseum.dk\/viden\/den-levende-kulturarv\/kvaeg\/#breadcrumb","itemListElement":[{"@type":"ListItem","position":1,"name":"Hjem","item":"https:\/\/detgroennemuseum.dk\/"},{"@type":"ListItem","position":2,"name":"Viden","item":"https:\/\/detgroennemuseum.dk\/viden\/"},{"@type":"ListItem","position":3,"name":"Den levende kulturarv","item":"https:\/\/detgroennemuseum.dk\/viden\/den-levende-kulturarv\/"},{"@type":"ListItem","position":4,"name":"Kv\u00e6g"}]},{"@type":"WebSite","@id":"https:\/\/detgroennemuseum.dk\/#website","url":"https:\/\/detgroennemuseum.dk\/","name":"The Green Museum","description":"Denmark&#039;s National Museum of Hunting, Forestry, Agriculture and Food","potentialAction":[{"@type":"SearchAction","target":{"@type":"EntryPoint","urlTemplate":"https:\/\/detgroennemuseum.dk\/?s={search_term_string}"},"query-input":{"@type":"PropertyValueSpecification","valueRequired":true,"valueName":"search_term_string"}}],"inLanguage":"en-GB"}]}},"_links":{"self":[{"href":"https:\/\/detgroennemuseum.dk\/en\/wp-json\/wp\/v2\/pages\/9127","targetHints":{"allow":["GET"]}}],"collection":[{"href":"https:\/\/detgroennemuseum.dk\/en\/wp-json\/wp\/v2\/pages"}],"about":[{"href":"https:\/\/detgroennemuseum.dk\/en\/wp-json\/wp\/v2\/types\/page"}],"author":[{"embeddable":true,"href":"https:\/\/detgroennemuseum.dk\/en\/wp-json\/wp\/v2\/users\/3"}],"replies":[{"embeddable":true,"href":"https:\/\/detgroennemuseum.dk\/en\/wp-json\/wp\/v2\/comments?post=9127"}],"version-history":[{"count":13,"href":"https:\/\/detgroennemuseum.dk\/en\/wp-json\/wp\/v2\/pages\/9127\/revisions"}],"predecessor-version":[{"id":22326,"href":"https:\/\/detgroennemuseum.dk\/en\/wp-json\/wp\/v2\/pages\/9127\/revisions\/22326"}],"up":[{"embeddable":true,"href":"https:\/\/detgroennemuseum.dk\/en\/wp-json\/wp\/v2\/pages\/9001"}],"wp:attachment":[{"href":"https:\/\/detgroennemuseum.dk\/en\/wp-json\/wp\/v2\/media?parent=9127"}],"curies":[{"name":"wp","href":"https:\/\/api.w.org\/{rel}","templated":true}]}}