{"id":9117,"date":"2019-07-15T15:44:50","date_gmt":"2019-07-15T13:44:50","guid":{"rendered":"https:\/\/detgroennemuseum.dk\/?page_id=9117"},"modified":"2025-04-26T23:14:24","modified_gmt":"2025-04-26T21:14:24","slug":"poultry","status":"publish","type":"page","link":"https:\/\/detgroennemuseum.dk\/en\/viden\/den-levende-kulturarv\/fjerkrae\/","title":{"rendered":"Poultry"},"content":{"rendered":"<div class=\"wpb-content-wrapper\"><div class=\"vc_row wpb_row vc_row-fluid\"><div class=\"wpb_column vc_column_container vc_col-sm-12\"><div class=\"vc_column-inner\"><div class=\"wpb_wrapper\"><div class=\"ult-spacer spacer-69f168dfb18de\" data-id=\"69f168dfb18de\" data-height=\"30\" data-height-mobile=\"15\" data-height-tab=\"15\" data-height-tab-portrait=\"15\" data-height-mobile-landscape=\"15\" style=\"clear:both;display:block;\"><\/div>\n\t<div class=\"wpb_text_column wpb_content_element\" >\n\t\t<div class=\"wpb_wrapper\">\n\t\t\t<h1 style=\"text-align: center;\"><strong>POULTRY<\/strong><\/h1>\n\n\t\t<\/div>\n\t<\/div>\n<div class=\"ult-spacer spacer-69f168dfb1ab1\" data-id=\"69f168dfb1ab1\" data-height=\"30\" data-height-mobile=\"15\" data-height-tab=\"15\" data-height-tab-portrait=\"15\" data-height-mobile-landscape=\"15\" style=\"clear:both;display:block;\"><\/div>\n\t<div class=\"wpb_video_widget wpb_content_element vc_clearfix   vc_video-aspect-ratio-169 vc_video-el-width-90 vc_video-align-center\" >\n\t\t<div class=\"wpb_wrapper\">\n\t\t\t\n\t\t\t<div class=\"wpb_video_wrapper\"><iframe title=\"Old Danish animals: Poultry - The living cultural heritage\" width=\"500\" height=\"281\" data-src=\"https:\/\/www.youtube.com\/embed\/-BrDqXL98wY?feature=oembed\" frameborder=\"0\" allow=\"accelerometer; autoplay; clipboard-write; encrypted-media; gyroscope; picture-in-picture; web-share\" allowfullscreen src=\"data:image\/svg+xml;base64,PHN2ZyB3aWR0aD0iMSIgaGVpZ2h0PSIxIiB4bWxucz0iaHR0cDovL3d3dy53My5vcmcvMjAwMC9zdmciPjwvc3ZnPg==\" class=\"lazyload\" data-load-mode=\"1\"><\/iframe><\/div>\n\t\t<\/div>\n\t<\/div>\n<div class=\"ult-spacer spacer-69f168dfb21cd\" data-id=\"69f168dfb21cd\" data-height=\"30\" data-height-mobile=\"15\" data-height-tab=\"15\" data-height-tab-portrait=\"15\" data-height-mobile-landscape=\"15\" style=\"clear:both;display:block;\"><\/div><\/div><\/div><\/div><\/div><div class=\"vc_row wpb_row vc_row-fluid vc_custom_1515156580374\"><div class=\"wpb_column vc_column_container vc_col-sm-6\"><div class=\"vc_column-inner\"><div class=\"wpb_wrapper\">\n\t<div class=\"wpb_text_column wpb_content_element  vc_custom_1563278113739\" >\n\t\t<div class=\"wpb_wrapper\">\n\t\t\t<h3><b>Danish Country Hens<\/b><\/h3>\n<p>Danish Land Hens originally come from Asia and first came to Denmark around the Iron Age. Chicken bones have been found in an ash urn from the Iron Age, which indicates that the Land Hen was already domesticated at that time. Danish Land Hens were the only chicken breed in Denmark until the 19th century. A few decades ago, Danish Land Hens were rare, but today the breed has become popular among hobby breeders.<\/p>\n\n\t\t<\/div>\n\t<\/div>\n<\/div><\/div><\/div><div class=\"wpb_column vc_column_container vc_col-sm-6\"><div class=\"vc_column-inner\"><div class=\"wpb_wrapper\">\n\t<div  class=\"wpb_single_image wpb_content_element vc_align_left\">\n\t\t\n\t\t<figure class=\"wpb_wrapper vc_figure\">\n\t\t\t<div class=\"vc_single_image-wrapper   vc_box_border_grey\"><img decoding=\"async\" width=\"1280\" height=\"1920\" data-src=\"https:\/\/detgroennemuseum.dk\/wp-content\/uploads\/2019\/07\/dansk-landhoens.jpg\" class=\"vc_single_image-img attachment-full lazyload\" alt=\"\" title=\"Danish Country Hens\" data-srcset=\"https:\/\/detgroennemuseum.dk\/wp-content\/uploads\/2019\/07\/dansk-landhoens.jpg 1280w, https:\/\/detgroennemuseum.dk\/wp-content\/smush-webp\/2019\/07\/dansk-landhoens-600x900.jpg.webp 600w, https:\/\/detgroennemuseum.dk\/wp-content\/smush-webp\/2019\/07\/dansk-landhoens-200x300.jpg.webp 200w, https:\/\/detgroennemuseum.dk\/wp-content\/uploads\/2019\/07\/dansk-landhoens-768x1152.jpg 768w, https:\/\/detgroennemuseum.dk\/wp-content\/uploads\/2019\/07\/dansk-landhoens-683x1024.jpg 683w, https:\/\/detgroennemuseum.dk\/wp-content\/uploads\/2019\/07\/dansk-landhoens-400x600.jpg 400w\" data-sizes=\"(max-width: 1280px) 100vw, 1280px\"  data-dt-location=\"https:\/\/detgroennemuseum.dk\/en\/viden\/den-levende-kulturarv\/fjerkrae\/dansk-landhoens\/\" src=\"data:image\/svg+xml;base64,PHN2ZyB3aWR0aD0iMSIgaGVpZ2h0PSIxIiB4bWxucz0iaHR0cDovL3d3dy53My5vcmcvMjAwMC9zdmciPjwvc3ZnPg==\" style=\"--smush-placeholder-width: 1280px; --smush-placeholder-aspect-ratio: 1280\/1920;\" \/><\/div>\n\t\t<\/figure>\n\t<\/div>\n<\/div><\/div><\/div><\/div><div class=\"vc_row wpb_row vc_row-fluid vc_custom_1512410947918\"><div class=\"wpb_column vc_column_container vc_col-sm-6\"><div class=\"vc_column-inner\"><div class=\"wpb_wrapper\"><\/div><\/div><\/div><div class=\"wpb_column vc_column_container vc_col-sm-6\"><div class=\"vc_column-inner\"><div class=\"wpb_wrapper\"><\/div><\/div><\/div><\/div>\n<\/div>","protected":false},"excerpt":{"rendered":"<p>POULTRY Danish Country Hens Danish Country Hens originally came from Asia and first came to Denmark around the Iron Age. Chicken bones have been found in an ash urn from the Iron Age, which indicates that the Country Hen\u2026<\/p>","protected":false},"author":3,"featured_media":0,"parent":9001,"menu_order":0,"comment_status":"closed","ping_status":"closed","template":"","meta":{"_price":"","_stock":"","_tribe_ticket_header":"","_tribe_default_ticket_provider":"","_tribe_ticket_capacity":"0","_ticket_start_date":"","_ticket_end_date":"","_tribe_ticket_show_description":"","_tribe_ticket_show_not_going":false,"_tribe_ticket_use_global_stock":"","_tribe_ticket_global_stock_level":"","_global_stock_mode":"","_global_stock_cap":"","_tribe_rsvp_for_event":"","_tribe_ticket_going_count":"","_tribe_ticket_not_going_count":"","_tribe_tickets_list":"[]","_tribe_ticket_has_attendee_info_fields":false,"footnotes":""},"class_list":["post-9117","page","type-page","status-publish","hentry","description-off"],"yoast_head":"<!-- This site is optimized with the Yoast SEO plugin v27.5 - https:\/\/yoast.com\/product\/yoast-seo-wordpress\/ -->\n<title>Gamle danske dyreracer: Fjerkr\u00e6 |\u00a0Det Gr\u00f8nne Museum<\/title>\n<meta name=\"description\" content=\"Danske Landh\u00f8ns stammer oprindeligt fra Asien og kom f\u00f8rst til danmark omkring jernalderen. Bes\u00f8g Det Gr\u00f8nne Museum og bliv klogere.\" \/>\n<meta name=\"robots\" content=\"index, follow, max-snippet:-1, max-image-preview:large, max-video-preview:-1\" \/>\n<link rel=\"canonical\" href=\"https:\/\/detgroennemuseum.dk\/en\/knowledge\/the-living-cultural-heritage\/poultry\/\" \/>\n<meta property=\"og:locale\" content=\"en_GB\" \/>\n<meta property=\"og:type\" content=\"article\" \/>\n<meta property=\"og:title\" content=\"Gamle danske dyreracer: Fjerkr\u00e6 |\u00a0Det Gr\u00f8nne Museum\" \/>\n<meta property=\"og:description\" content=\"Danske Landh\u00f8ns stammer oprindeligt fra Asien og kom f\u00f8rst til danmark omkring jernalderen. Bes\u00f8g Det Gr\u00f8nne Museum og bliv klogere.\" \/>\n<meta property=\"og:url\" content=\"https:\/\/detgroennemuseum.dk\/en\/knowledge\/the-living-cultural-heritage\/poultry\/\" \/>\n<meta property=\"og:site_name\" content=\"Det Gr\u00f8nne Museum\" \/>\n<meta property=\"article:modified_time\" content=\"2025-04-26T21:14:24+00:00\" \/>\n<meta name=\"twitter:card\" content=\"summary_large_image\" \/>\n<meta name=\"twitter:label1\" content=\"Estimated reading time\" \/>\n\t<meta name=\"twitter:data1\" content=\"1 minute\" \/>\n<script type=\"application\/ld+json\" class=\"yoast-schema-graph\">{\"@context\":\"https:\\\/\\\/schema.org\",\"@graph\":[{\"@type\":\"WebPage\",\"@id\":\"https:\\\/\\\/detgroennemuseum.dk\\\/viden\\\/den-levende-kulturarv\\\/fjerkrae\\\/\",\"url\":\"https:\\\/\\\/detgroennemuseum.dk\\\/viden\\\/den-levende-kulturarv\\\/fjerkrae\\\/\",\"name\":\"Gamle danske dyreracer: Fjerkr\u00e6 |\u00a0Det Gr\u00f8nne Museum\",\"isPartOf\":{\"@id\":\"https:\\\/\\\/detgroennemuseum.dk\\\/#website\"},\"datePublished\":\"2019-07-15T13:44:50+00:00\",\"dateModified\":\"2025-04-26T21:14:24+00:00\",\"description\":\"Danske Landh\u00f8ns stammer oprindeligt fra Asien og kom f\u00f8rst til danmark omkring jernalderen. Bes\u00f8g Det Gr\u00f8nne Museum og bliv klogere.\",\"breadcrumb\":{\"@id\":\"https:\\\/\\\/detgroennemuseum.dk\\\/viden\\\/den-levende-kulturarv\\\/fjerkrae\\\/#breadcrumb\"},\"inLanguage\":\"en-GB\",\"potentialAction\":[{\"@type\":\"ReadAction\",\"target\":[\"https:\\\/\\\/detgroennemuseum.dk\\\/viden\\\/den-levende-kulturarv\\\/fjerkrae\\\/\"]}]},{\"@type\":\"BreadcrumbList\",\"@id\":\"https:\\\/\\\/detgroennemuseum.dk\\\/viden\\\/den-levende-kulturarv\\\/fjerkrae\\\/#breadcrumb\",\"itemListElement\":[{\"@type\":\"ListItem\",\"position\":1,\"name\":\"Hjem\",\"item\":\"https:\\\/\\\/detgroennemuseum.dk\\\/\"},{\"@type\":\"ListItem\",\"position\":2,\"name\":\"Viden\",\"item\":\"https:\\\/\\\/detgroennemuseum.dk\\\/viden\\\/\"},{\"@type\":\"ListItem\",\"position\":3,\"name\":\"Den levende kulturarv\",\"item\":\"https:\\\/\\\/detgroennemuseum.dk\\\/viden\\\/den-levende-kulturarv\\\/\"},{\"@type\":\"ListItem\",\"position\":4,\"name\":\"Fjerkr\u00e6\"}]},{\"@type\":\"WebSite\",\"@id\":\"https:\\\/\\\/detgroennemuseum.dk\\\/#website\",\"url\":\"https:\\\/\\\/detgroennemuseum.dk\\\/\",\"name\":\"Det Gr\u00f8nne Museum\",\"description\":\"Danmarks nationale museum for jagten, skoven, landbruget og maden\",\"potentialAction\":[{\"@type\":\"SearchAction\",\"target\":{\"@type\":\"EntryPoint\",\"urlTemplate\":\"https:\\\/\\\/detgroennemuseum.dk\\\/?s={search_term_string}\"},\"query-input\":{\"@type\":\"PropertyValueSpecification\",\"valueRequired\":true,\"valueName\":\"search_term_string\"}}],\"inLanguage\":\"en-GB\"}]}<\/script>\n<!-- \/ Yoast SEO plugin. -->","yoast_head_json":{"title":"Old Danish animal breeds: Poultry | The Green Museum","description":"Danish Country Hens originally come from Asia and first came to Denmark around the Iron Age. Visit the Green Museum and learn more.","robots":{"index":"index","follow":"follow","max-snippet":"max-snippet:-1","max-image-preview":"max-image-preview:large","max-video-preview":"max-video-preview:-1"},"canonical":"https:\/\/detgroennemuseum.dk\/en\/knowledge\/the-living-cultural-heritage\/poultry\/","og_locale":"en_GB","og_type":"article","og_title":"Gamle danske dyreracer: Fjerkr\u00e6 |\u00a0Det Gr\u00f8nne Museum","og_description":"Danske Landh\u00f8ns stammer oprindeligt fra Asien og kom f\u00f8rst til danmark omkring jernalderen. Bes\u00f8g Det Gr\u00f8nne Museum og bliv klogere.","og_url":"https:\/\/detgroennemuseum.dk\/en\/knowledge\/the-living-cultural-heritage\/poultry\/","og_site_name":"Det Gr\u00f8nne Museum","article_modified_time":"2025-04-26T21:14:24+00:00","twitter_card":"summary_large_image","twitter_misc":{"Estimated reading time":"1 minute"},"schema":{"@context":"https:\/\/schema.org","@graph":[{"@type":"WebPage","@id":"https:\/\/detgroennemuseum.dk\/viden\/den-levende-kulturarv\/fjerkrae\/","url":"https:\/\/detgroennemuseum.dk\/viden\/den-levende-kulturarv\/fjerkrae\/","name":"Old Danish animal breeds: Poultry | The Green Museum","isPartOf":{"@id":"https:\/\/detgroennemuseum.dk\/#website"},"datePublished":"2019-07-15T13:44:50+00:00","dateModified":"2025-04-26T21:14:24+00:00","description":"Danish Country Hens originally come from Asia and first came to Denmark around the Iron Age. Visit the Green Museum and learn more.","breadcrumb":{"@id":"https:\/\/detgroennemuseum.dk\/viden\/den-levende-kulturarv\/fjerkrae\/#breadcrumb"},"inLanguage":"en-GB","potentialAction":[{"@type":"ReadAction","target":["https:\/\/detgroennemuseum.dk\/viden\/den-levende-kulturarv\/fjerkrae\/"]}]},{"@type":"BreadcrumbList","@id":"https:\/\/detgroennemuseum.dk\/viden\/den-levende-kulturarv\/fjerkrae\/#breadcrumb","itemListElement":[{"@type":"ListItem","position":1,"name":"Hjem","item":"https:\/\/detgroennemuseum.dk\/"},{"@type":"ListItem","position":2,"name":"Viden","item":"https:\/\/detgroennemuseum.dk\/viden\/"},{"@type":"ListItem","position":3,"name":"Den levende kulturarv","item":"https:\/\/detgroennemuseum.dk\/viden\/den-levende-kulturarv\/"},{"@type":"ListItem","position":4,"name":"Fjerkr\u00e6"}]},{"@type":"WebSite","@id":"https:\/\/detgroennemuseum.dk\/#website","url":"https:\/\/detgroennemuseum.dk\/","name":"The Green Museum","description":"Denmark&#039;s National Museum of Hunting, Forestry, Agriculture and Food","potentialAction":[{"@type":"SearchAction","target":{"@type":"EntryPoint","urlTemplate":"https:\/\/detgroennemuseum.dk\/?s={search_term_string}"},"query-input":{"@type":"PropertyValueSpecification","valueRequired":true,"valueName":"search_term_string"}}],"inLanguage":"en-GB"}]}},"_links":{"self":[{"href":"https:\/\/detgroennemuseum.dk\/en\/wp-json\/wp\/v2\/pages\/9117","targetHints":{"allow":["GET"]}}],"collection":[{"href":"https:\/\/detgroennemuseum.dk\/en\/wp-json\/wp\/v2\/pages"}],"about":[{"href":"https:\/\/detgroennemuseum.dk\/en\/wp-json\/wp\/v2\/types\/page"}],"author":[{"embeddable":true,"href":"https:\/\/detgroennemuseum.dk\/en\/wp-json\/wp\/v2\/users\/3"}],"replies":[{"embeddable":true,"href":"https:\/\/detgroennemuseum.dk\/en\/wp-json\/wp\/v2\/comments?post=9117"}],"version-history":[{"count":4,"href":"https:\/\/detgroennemuseum.dk\/en\/wp-json\/wp\/v2\/pages\/9117\/revisions"}],"predecessor-version":[{"id":25583,"href":"https:\/\/detgroennemuseum.dk\/en\/wp-json\/wp\/v2\/pages\/9117\/revisions\/25583"}],"up":[{"embeddable":true,"href":"https:\/\/detgroennemuseum.dk\/en\/wp-json\/wp\/v2\/pages\/9001"}],"wp:attachment":[{"href":"https:\/\/detgroennemuseum.dk\/en\/wp-json\/wp\/v2\/media?parent=9117"}],"curies":[{"name":"wp","href":"https:\/\/api.w.org\/{rel}","templated":true}]}}