{"id":9103,"date":"2019-07-15T14:13:10","date_gmt":"2019-07-15T12:13:10","guid":{"rendered":"https:\/\/detgroennemuseum.dk\/?page_id=9103"},"modified":"2025-04-26T23:13:53","modified_gmt":"2025-04-26T21:13:53","slug":"the-brown-bee","status":"publish","type":"page","link":"https:\/\/detgroennemuseum.dk\/en\/viden\/den-levende-kulturarv\/den-brune-bi\/","title":{"rendered":"Bees"},"content":{"rendered":"<div class=\"wpb-content-wrapper\"><div class=\"vc_row wpb_row vc_row-fluid\"><div class=\"wpb_column vc_column_container vc_col-sm-12\"><div class=\"vc_column-inner\"><div class=\"wpb_wrapper\"><div class=\"ult-spacer spacer-6a04c6132c678\" data-id=\"6a04c6132c678\" data-height=\"30\" data-height-mobile=\"15\" data-height-tab=\"15\" data-height-tab-portrait=\"15\" data-height-mobile-landscape=\"15\" style=\"clear:both;display:block;\"><\/div>\n\t<div class=\"wpb_text_column wpb_content_element\" >\n\t\t<div class=\"wpb_wrapper\">\n\t\t\t<h1 style=\"text-align: center;\"><strong>BEES<\/strong><\/h1>\n\n\t\t<\/div>\n\t<\/div>\n<div class=\"ult-spacer spacer-6a04c6132c96a\" data-id=\"6a04c6132c96a\" data-height=\"30\" data-height-mobile=\"15\" data-height-tab=\"15\" data-height-tab-portrait=\"15\" data-height-mobile-landscape=\"15\" style=\"clear:both;display:block;\"><\/div>\n\t<div class=\"wpb_video_widget wpb_content_element vc_clearfix   vc_video-aspect-ratio-169 vc_video-el-width-90 vc_video-align-center\" >\n\t\t<div class=\"wpb_wrapper\">\n\t\t\t\n\t\t\t<div class=\"wpb_video_wrapper\"><iframe title=\"Ancient Danish animals: bees - Living cultural heritage\" width=\"500\" height=\"281\" data-src=\"https:\/\/www.youtube.com\/embed\/biUiFoHYUY0?feature=oembed\" frameborder=\"0\" allow=\"accelerometer; autoplay; clipboard-write; encrypted-media; gyroscope; picture-in-picture; web-share\" allowfullscreen src=\"data:image\/svg+xml;base64,PHN2ZyB3aWR0aD0iMSIgaGVpZ2h0PSIxIiB4bWxucz0iaHR0cDovL3d3dy53My5vcmcvMjAwMC9zdmciPjwvc3ZnPg==\" class=\"lazyload\" data-load-mode=\"1\"><\/iframe><\/div>\n\t\t<\/div>\n\t<\/div>\n<div class=\"ult-spacer spacer-6a04c6132d404\" data-id=\"6a04c6132d404\" data-height=\"30\" data-height-mobile=\"15\" data-height-tab=\"15\" data-height-tab-portrait=\"15\" data-height-mobile-landscape=\"15\" style=\"clear:both;display:block;\"><\/div><\/div><\/div><\/div><\/div><div class=\"vc_row wpb_row vc_row-fluid vc_custom_1515156580374\"><div class=\"wpb_column vc_column_container vc_col-sm-6\"><div class=\"vc_column-inner\"><div class=\"wpb_wrapper\">\n\t<div class=\"wpb_text_column wpb_content_element  vc_custom_1563277953706\" >\n\t\t<div class=\"wpb_wrapper\">\n\t\t\t<h3>The Brown Bee<\/h3>\n<p>The Brown Bee has its natural range in Northern Europe. In commercial beekeeping in Denmark, the Brown Bee has been displaced by imported yellow and Caucasian honey bees, which are more productive under Danish weather conditions.<\/p>\n<p>In Denmark, it is now only found on L\u00e6s\u00f8, which was designated as a reserve for the Brown Bee in 1993. The Brown Bee is also found in the other Nordic countries and in England, but the L\u00e6s\u00f8 population is considered to be more purebred than the other populations. There are approximately 200 bee colonies of the Brown Bee on L\u00e6s\u00f8. It is estimated that there should be a minimum of 150-200 bee colonies of the breed in order for the population to be preserved in the long term. Each bee colony consists of one queen, a few hundred drones (males) and between 20,000 and 60,000 worker bees. The worker bees are the infertile daughters of the queen.<\/p>\n\n\t\t<\/div>\n\t<\/div>\n<\/div><\/div><\/div><div class=\"wpb_column vc_column_container vc_col-sm-6\"><div class=\"vc_column-inner\"><div class=\"wpb_wrapper\">\n\t<div  class=\"wpb_single_image wpb_content_element vc_align_left\">\n\t\t\n\t\t<figure class=\"wpb_wrapper vc_figure\">\n\t\t\t<div class=\"vc_single_image-wrapper   vc_box_border_grey\"><img decoding=\"async\" width=\"500\" height=\"333\" data-src=\"https:\/\/detgroennemuseum.dk\/wp-content\/smush-webp\/2018\/02\/img_0927-e1529656496344.jpg.webp\" class=\"vc_single_image-img attachment-full lazyload\" alt=\"visit the beekeepers\" title=\"visit the beekeepers\"  data-dt-location=\"https:\/\/detgroennemuseum.dk\/en\/img_0927\/\" src=\"data:image\/svg+xml;base64,PHN2ZyB3aWR0aD0iMSIgaGVpZ2h0PSIxIiB4bWxucz0iaHR0cDovL3d3dy53My5vcmcvMjAwMC9zdmciPjwvc3ZnPg==\" style=\"--smush-placeholder-width: 500px; --smush-placeholder-aspect-ratio: 500\/333;\" \/><\/div>\n\t\t<\/figure>\n\t<\/div>\n<\/div><\/div><\/div><\/div><div class=\"vc_row wpb_row vc_row-fluid vc_custom_1512410947918\"><div class=\"wpb_column vc_column_container vc_col-sm-6\"><div class=\"vc_column-inner\"><div class=\"wpb_wrapper\"><\/div><\/div><\/div><div class=\"wpb_column vc_column_container vc_col-sm-6\"><div class=\"vc_column-inner\"><div class=\"wpb_wrapper\"><\/div><\/div><\/div><\/div>\n<\/div>","protected":false},"excerpt":{"rendered":"<p>BEES The Brown Bee The Brown Bee has its natural range in Northern Europe. In commercial beekeeping in Denmark, the Brown Bee has been displaced by imported yellow and Caucasian honey bees, which\u2026<\/p>","protected":false},"author":3,"featured_media":0,"parent":9001,"menu_order":0,"comment_status":"closed","ping_status":"closed","template":"","meta":{"_price":"","_stock":"","_tribe_ticket_header":"","_tribe_default_ticket_provider":"","_tribe_ticket_capacity":"0","_ticket_start_date":"","_ticket_end_date":"","_tribe_ticket_show_description":"","_tribe_ticket_show_not_going":false,"_tribe_ticket_use_global_stock":"","_tribe_ticket_global_stock_level":"","_global_stock_mode":"","_global_stock_cap":"","_tribe_rsvp_for_event":"","_tribe_ticket_going_count":"","_tribe_ticket_not_going_count":"","_tribe_tickets_list":"[]","_tribe_ticket_has_attendee_info_fields":false,"footnotes":""},"class_list":["post-9103","page","type-page","status-publish","hentry","description-off"],"yoast_head":"<!-- This site is optimized with the Yoast SEO plugin v27.6 - https:\/\/yoast.com\/product\/yoast-seo-wordpress\/ -->\n<title>Gamle danske dyreracer: Den Brune Bi |\u00a0Det Gr\u00f8nne Museum<\/title>\n<meta name=\"description\" content=\"P\u00e5 Det Gr\u00f8nne Museum kan du opleve et af de historiske husdyr, nemlig bien. Oplev Den Brune Bi i museets historiske big\u00e5rd.\" \/>\n<meta name=\"robots\" content=\"index, follow, max-snippet:-1, max-image-preview:large, max-video-preview:-1\" \/>\n<link rel=\"canonical\" href=\"https:\/\/detgroennemuseum.dk\/en\/knowledge\/the-living-cultural-heritage\/the-brown-bee\/\" \/>\n<meta property=\"og:locale\" content=\"en_GB\" \/>\n<meta property=\"og:type\" content=\"article\" \/>\n<meta property=\"og:title\" content=\"Gamle danske dyreracer: Den Brune Bi |\u00a0Det Gr\u00f8nne Museum\" \/>\n<meta property=\"og:description\" content=\"P\u00e5 Det Gr\u00f8nne Museum kan du opleve et af de historiske husdyr, nemlig bien. Oplev Den Brune Bi i museets historiske big\u00e5rd.\" \/>\n<meta property=\"og:url\" content=\"https:\/\/detgroennemuseum.dk\/en\/knowledge\/the-living-cultural-heritage\/the-brown-bee\/\" \/>\n<meta property=\"og:site_name\" content=\"Det Gr\u00f8nne Museum\" \/>\n<meta property=\"article:modified_time\" content=\"2025-04-26T21:13:53+00:00\" \/>\n<meta name=\"twitter:card\" content=\"summary_large_image\" \/>\n<meta name=\"twitter:label1\" content=\"Estimated reading time\" \/>\n\t<meta name=\"twitter:data1\" content=\"1 minute\" \/>\n<script type=\"application\/ld+json\" class=\"yoast-schema-graph\">{\"@context\":\"https:\\\/\\\/schema.org\",\"@graph\":[{\"@type\":\"WebPage\",\"@id\":\"https:\\\/\\\/detgroennemuseum.dk\\\/viden\\\/den-levende-kulturarv\\\/den-brune-bi\\\/\",\"url\":\"https:\\\/\\\/detgroennemuseum.dk\\\/viden\\\/den-levende-kulturarv\\\/den-brune-bi\\\/\",\"name\":\"Gamle danske dyreracer: Den Brune Bi |\u00a0Det Gr\u00f8nne Museum\",\"isPartOf\":{\"@id\":\"https:\\\/\\\/detgroennemuseum.dk\\\/#website\"},\"datePublished\":\"2019-07-15T12:13:10+00:00\",\"dateModified\":\"2025-04-26T21:13:53+00:00\",\"description\":\"P\u00e5 Det Gr\u00f8nne Museum kan du opleve et af de historiske husdyr, nemlig bien. Oplev Den Brune Bi i museets historiske big\u00e5rd.\",\"breadcrumb\":{\"@id\":\"https:\\\/\\\/detgroennemuseum.dk\\\/viden\\\/den-levende-kulturarv\\\/den-brune-bi\\\/#breadcrumb\"},\"inLanguage\":\"en-GB\",\"potentialAction\":[{\"@type\":\"ReadAction\",\"target\":[\"https:\\\/\\\/detgroennemuseum.dk\\\/viden\\\/den-levende-kulturarv\\\/den-brune-bi\\\/\"]}]},{\"@type\":\"BreadcrumbList\",\"@id\":\"https:\\\/\\\/detgroennemuseum.dk\\\/viden\\\/den-levende-kulturarv\\\/den-brune-bi\\\/#breadcrumb\",\"itemListElement\":[{\"@type\":\"ListItem\",\"position\":1,\"name\":\"Hjem\",\"item\":\"https:\\\/\\\/detgroennemuseum.dk\\\/\"},{\"@type\":\"ListItem\",\"position\":2,\"name\":\"Viden\",\"item\":\"https:\\\/\\\/detgroennemuseum.dk\\\/viden\\\/\"},{\"@type\":\"ListItem\",\"position\":3,\"name\":\"Den levende kulturarv\",\"item\":\"https:\\\/\\\/detgroennemuseum.dk\\\/viden\\\/den-levende-kulturarv\\\/\"},{\"@type\":\"ListItem\",\"position\":4,\"name\":\"Bier\"}]},{\"@type\":\"WebSite\",\"@id\":\"https:\\\/\\\/detgroennemuseum.dk\\\/#website\",\"url\":\"https:\\\/\\\/detgroennemuseum.dk\\\/\",\"name\":\"Det Gr\u00f8nne Museum\",\"description\":\"Danmarks nationale museum for jagten, skoven, landbruget og maden\",\"potentialAction\":[{\"@type\":\"SearchAction\",\"target\":{\"@type\":\"EntryPoint\",\"urlTemplate\":\"https:\\\/\\\/detgroennemuseum.dk\\\/?s={search_term_string}\"},\"query-input\":{\"@type\":\"PropertyValueSpecification\",\"valueRequired\":true,\"valueName\":\"search_term_string\"}}],\"inLanguage\":\"en-GB\"}]}<\/script>\n<!-- \/ Yoast SEO plugin. -->","yoast_head_json":{"title":"Old Danish animal breeds: The Brown Bee | The Green Museum","description":"At the Green Museum you can experience one of the historical domestic animals, namely the bee. Experience the Brown Bee in the museum&#039;s historical apiary.","robots":{"index":"index","follow":"follow","max-snippet":"max-snippet:-1","max-image-preview":"max-image-preview:large","max-video-preview":"max-video-preview:-1"},"canonical":"https:\/\/detgroennemuseum.dk\/en\/knowledge\/the-living-cultural-heritage\/the-brown-bee\/","og_locale":"en_GB","og_type":"article","og_title":"Gamle danske dyreracer: Den Brune Bi |\u00a0Det Gr\u00f8nne Museum","og_description":"P\u00e5 Det Gr\u00f8nne Museum kan du opleve et af de historiske husdyr, nemlig bien. Oplev Den Brune Bi i museets historiske big\u00e5rd.","og_url":"https:\/\/detgroennemuseum.dk\/en\/knowledge\/the-living-cultural-heritage\/the-brown-bee\/","og_site_name":"Det Gr\u00f8nne Museum","article_modified_time":"2025-04-26T21:13:53+00:00","twitter_card":"summary_large_image","twitter_misc":{"Estimated reading time":"1 minute"},"schema":{"@context":"https:\/\/schema.org","@graph":[{"@type":"WebPage","@id":"https:\/\/detgroennemuseum.dk\/viden\/den-levende-kulturarv\/den-brune-bi\/","url":"https:\/\/detgroennemuseum.dk\/viden\/den-levende-kulturarv\/den-brune-bi\/","name":"Old Danish animal breeds: The Brown Bee | The Green Museum","isPartOf":{"@id":"https:\/\/detgroennemuseum.dk\/#website"},"datePublished":"2019-07-15T12:13:10+00:00","dateModified":"2025-04-26T21:13:53+00:00","description":"At the Green Museum you can experience one of the historical domestic animals, namely the bee. Experience the Brown Bee in the museum&#039;s historical apiary.","breadcrumb":{"@id":"https:\/\/detgroennemuseum.dk\/viden\/den-levende-kulturarv\/den-brune-bi\/#breadcrumb"},"inLanguage":"en-GB","potentialAction":[{"@type":"ReadAction","target":["https:\/\/detgroennemuseum.dk\/viden\/den-levende-kulturarv\/den-brune-bi\/"]}]},{"@type":"BreadcrumbList","@id":"https:\/\/detgroennemuseum.dk\/viden\/den-levende-kulturarv\/den-brune-bi\/#breadcrumb","itemListElement":[{"@type":"ListItem","position":1,"name":"Hjem","item":"https:\/\/detgroennemuseum.dk\/"},{"@type":"ListItem","position":2,"name":"Viden","item":"https:\/\/detgroennemuseum.dk\/viden\/"},{"@type":"ListItem","position":3,"name":"Den levende kulturarv","item":"https:\/\/detgroennemuseum.dk\/viden\/den-levende-kulturarv\/"},{"@type":"ListItem","position":4,"name":"Bier"}]},{"@type":"WebSite","@id":"https:\/\/detgroennemuseum.dk\/#website","url":"https:\/\/detgroennemuseum.dk\/","name":"The Green Museum","description":"Denmark&#039;s National Museum of Hunting, Forestry, Agriculture and Food","potentialAction":[{"@type":"SearchAction","target":{"@type":"EntryPoint","urlTemplate":"https:\/\/detgroennemuseum.dk\/?s={search_term_string}"},"query-input":{"@type":"PropertyValueSpecification","valueRequired":true,"valueName":"search_term_string"}}],"inLanguage":"en-GB"}]}},"_links":{"self":[{"href":"https:\/\/detgroennemuseum.dk\/en\/wp-json\/wp\/v2\/pages\/9103","targetHints":{"allow":["GET"]}}],"collection":[{"href":"https:\/\/detgroennemuseum.dk\/en\/wp-json\/wp\/v2\/pages"}],"about":[{"href":"https:\/\/detgroennemuseum.dk\/en\/wp-json\/wp\/v2\/types\/page"}],"author":[{"embeddable":true,"href":"https:\/\/detgroennemuseum.dk\/en\/wp-json\/wp\/v2\/users\/3"}],"replies":[{"embeddable":true,"href":"https:\/\/detgroennemuseum.dk\/en\/wp-json\/wp\/v2\/comments?post=9103"}],"version-history":[{"count":6,"href":"https:\/\/detgroennemuseum.dk\/en\/wp-json\/wp\/v2\/pages\/9103\/revisions"}],"predecessor-version":[{"id":25582,"href":"https:\/\/detgroennemuseum.dk\/en\/wp-json\/wp\/v2\/pages\/9103\/revisions\/25582"}],"up":[{"embeddable":true,"href":"https:\/\/detgroennemuseum.dk\/en\/wp-json\/wp\/v2\/pages\/9001"}],"wp:attachment":[{"href":"https:\/\/detgroennemuseum.dk\/en\/wp-json\/wp\/v2\/media?parent=9103"}],"curies":[{"name":"wp","href":"https:\/\/api.w.org\/{rel}","templated":true}]}}