{"id":9001,"date":"2019-07-15T13:59:18","date_gmt":"2019-07-15T11:59:18","guid":{"rendered":"https:\/\/detgroennemuseum.dk\/?page_id=9001"},"modified":"2025-04-26T23:12:35","modified_gmt":"2025-04-26T21:12:35","slug":"the-living-cultural-heritage","status":"publish","type":"page","link":"https:\/\/detgroennemuseum.dk\/en\/viden\/den-levende-kulturarv\/","title":{"rendered":"The living cultural heritage"},"content":{"rendered":"<div class=\"wpb-content-wrapper\"><div class=\"vc_row wpb_row vc_row-fluid\"><div class=\"wpb_column vc_column_container vc_col-sm-12\"><div class=\"vc_column-inner\"><div class=\"wpb_wrapper\">\n\t<div class=\"wpb_text_column wpb_content_element\" >\n\t\t<div class=\"wpb_wrapper\">\n\t\t\t<h1 style=\"text-align: center;\"><strong>The living cultural heritage at the Green Museum<\/strong><\/h1>\n\n\t\t<\/div>\n\t<\/div>\n\n\t<div class=\"wpb_text_column wpb_content_element  vc_custom_1563193827171\" >\n\t\t<div class=\"wpb_wrapper\">\n\t\t\t<p>The Green Museum is a living museum and living cultural heritage is one of the cornerstones of our work. When you explore the old Danish vegetable varieties in the agricultural botanical garden, run your fingers through the old Danish rye in the historic fields or talk to our many farm animals of old breeds, you experience a piece of the living cultural heritage that we work to preserve and communicate every day.<\/p>\n<p><span style=\"font-style: inherit !important; font-weight: inherit !important;\">The Green Museum has many years of experience in working with Living Cultural Heritage and the museum spends many resources on preserving, cultivating, disseminating and researching the old Danish cultural and useful plants and animal breeds.<\/span><\/p>\n<p>Below you can read more about the garden and organic farming at The Green Museum, and the knowledge associated with the subject areas. Under each subject you will find links to a number of pages with short films and more information. The films and text were prepared for the Living Cultural Heritage project, which was supported by the Danish Veterinary and Food Administration. Download the app by searching for Living Cultural Heritage wherever you download apps.<\/p>\n<p>&nbsp;<\/p>\n\n\t\t<\/div>\n\t<\/div>\n<\/div><\/div><\/div><\/div><div class=\"vc_row wpb_row vc_row-fluid vc_custom_1512646887073 vc_row-o-equal-height vc_row-flex\"><div class=\"wpb_column vc_column_container vc_col-sm-6\"><div class=\"vc_column-inner\"><div class=\"wpb_wrapper\"><div class=\"ult-spacer spacer-6a06714a87cee\" data-id=\"6a06714a87cee\" data-height=\"30\" data-height-mobile=\"30\" data-height-tab=\"30\" data-height-tab-portrait=\"\" data-height-mobile-landscape=\"\" style=\"clear:both;display:block;\"><\/div>\n\t<div  class=\"wpb_single_image wpb_content_element vc_align_left\">\n\t\t\n\t\t<figure class=\"wpb_wrapper vc_figure\">\n\t\t\t<div class=\"vc_single_image-wrapper   vc_box_border_grey\"><img decoding=\"async\" width=\"1920\" height=\"1280\" data-src=\"https:\/\/detgroennemuseum.dk\/wp-content\/uploads\/2019\/07\/haven_sommer2019-29.jpg\" class=\"vc_single_image-img attachment-full lazyload\" alt=\"\" title=\"Garden Summer2019 29\" data-srcset=\"https:\/\/detgroennemuseum.dk\/wp-content\/uploads\/2019\/07\/haven_sommer2019-29.jpg 1920w, https:\/\/detgroennemuseum.dk\/wp-content\/smush-webp\/2019\/07\/haven_sommer2019-29-600x400.jpg.webp 600w, https:\/\/detgroennemuseum.dk\/wp-content\/uploads\/2019\/07\/haven_sommer2019-29-768x512.jpg 768w, https:\/\/detgroennemuseum.dk\/wp-content\/uploads\/2019\/07\/haven_sommer2019-29-1024x683.jpg 1024w, https:\/\/detgroennemuseum.dk\/wp-content\/uploads\/2019\/07\/haven_sommer2019-29-300x200.jpg 300w\" data-sizes=\"(max-width: 1920px) 100vw, 1920px\"  data-dt-location=\"https:\/\/detgroennemuseum.dk\/en\/viden\/den-levende-kulturarv\/haven_sommer2019-29\/\" src=\"data:image\/svg+xml;base64,PHN2ZyB3aWR0aD0iMSIgaGVpZ2h0PSIxIiB4bWxucz0iaHR0cDovL3d3dy53My5vcmcvMjAwMC9zdmciPjwvc3ZnPg==\" style=\"--smush-placeholder-width: 1920px; --smush-placeholder-aspect-ratio: 1920\/1280;\" \/><\/div>\n\t\t<\/figure>\n\t<\/div>\n<\/div><\/div><\/div><div class=\"wpb_column vc_column_container vc_col-sm-6\"><div class=\"vc_column-inner\"><div class=\"wpb_wrapper\">\n\t<div class=\"wpb_text_column wpb_content_element  vc_custom_1563190056736\" >\n\t\t<div class=\"wpb_wrapper\">\n\t\t\t<h3>THE AGRICULTURAL BOTANICAL GARDEN<\/h3>\n\n\t\t<\/div>\n\t<\/div>\n\n\t<div class=\"wpb_text_column wpb_content_element  vc_custom_1718103209579\" >\n\t\t<div class=\"wpb_wrapper\">\n\t\t\t<p>The garden was established in 1993 and is a conservation center for old varieties of cultivated plants. There are varieties from both fields and gardens, useful plants as well as ornamental plants, herbs, shrubs and trees.<\/p>\n<p>The Agricultural Botanical Garden is involved in the conservation work in collaboration with the Royal Danish Veterinary and Agricultural University in Copenhagen, Pometet in H\u00f8je T\u00e5strup and NordGen with facilities in both Sweden and Norway.<\/p>\n<p>The Agricultural Botanical Garden is laid out according to a survey map of the Gammel Estrup castle from 1803. The garden is laid out in the same place as the original kitchen garden on the site.<\/p>\n<p>The Agricultural Botanical Garden, greenhouses, nursery and apple orchard are looked after by the Garden Team, which consists of 13 sheltered positions. The Garden Team was established in a collaborative project between The Green Museum and the municipality of Norddjurs.<\/p>\n<p>The garden works according to ecological principles, just like the museum&#039;s agriculture.<\/p>\n<p>Click on the names below to learn more about:<\/p>\n<ul>\n<li><a href=\"https:\/\/detgroennemuseum.dk\/en\/knowledge\/the-living-cultural-heritage\/cabbage\/\"><span style=\"text-decoration: underline;\">Cabbage<\/span><\/a><\/li>\n<li><a href=\"https:\/\/detgroennemuseum.dk\/en\/knowledge\/the-living-cultural-heritage\/cereals\/\"><span style=\"text-decoration: underline;\">Grain varieties<\/span><\/a><\/li>\n<li><a href=\"https:\/\/detgroennemuseum.dk\/en\/knowledge\/the-living-cultural-heritage\/herbs\/\"><span style=\"text-decoration: underline;\">Herbs<\/span><\/a><\/li>\n<li><a href=\"https:\/\/detgroennemuseum.dk\/en\/knowledge\/the-living-cultural-heritage\/root-vegetables\/\"><span style=\"text-decoration: underline;\">Root vegetables<\/span><\/a><\/li>\n<\/ul>\n\n\t\t<\/div>\n\t<\/div>\n<\/div><\/div><\/div><\/div><div class=\"vc_row wpb_row vc_row-fluid vc_custom_1512646887073 vc_row-o-equal-height vc_row-flex\"><div class=\"wpb_column vc_column_container vc_col-sm-6\"><div class=\"vc_column-inner\"><div class=\"wpb_wrapper\"><div class=\"ult-spacer spacer-6a06714a88b5f\" data-id=\"6a06714a88b5f\" data-height=\"28\" data-height-mobile=\"28\" data-height-tab=\"28\" data-height-tab-portrait=\"\" data-height-mobile-landscape=\"\" style=\"clear:both;display:block;\"><\/div>\n\t<div  class=\"wpb_single_image wpb_content_element vc_align_left\">\n\t\t\n\t\t<figure class=\"wpb_wrapper vc_figure\">\n\t\t\t<div class=\"vc_single_image-wrapper   vc_box_border_grey\"><img decoding=\"async\" width=\"1920\" height=\"1280\" data-src=\"https:\/\/detgroennemuseum.dk\/wp-content\/uploads\/2019\/07\/foderrunde-4.jpg\" class=\"vc_single_image-img attachment-full lazyload\" alt=\"\" title=\"Feeding round 4\" data-srcset=\"https:\/\/detgroennemuseum.dk\/wp-content\/uploads\/2019\/07\/foderrunde-4.jpg 1920w, https:\/\/detgroennemuseum.dk\/wp-content\/smush-webp\/2019\/07\/foderrunde-4-600x400.jpg.webp 600w, https:\/\/detgroennemuseum.dk\/wp-content\/uploads\/2019\/07\/foderrunde-4-768x512.jpg 768w, https:\/\/detgroennemuseum.dk\/wp-content\/uploads\/2019\/07\/foderrunde-4-1024x683.jpg 1024w, https:\/\/detgroennemuseum.dk\/wp-content\/uploads\/2019\/07\/foderrunde-4-300x200.jpg 300w\" data-sizes=\"(max-width: 1920px) 100vw, 1920px\"  data-dt-location=\"https:\/\/detgroennemuseum.dk\/en\/viden\/den-levende-kulturarv\/foderrunde-4\/\" src=\"data:image\/svg+xml;base64,PHN2ZyB3aWR0aD0iMSIgaGVpZ2h0PSIxIiB4bWxucz0iaHR0cDovL3d3dy53My5vcmcvMjAwMC9zdmciPjwvc3ZnPg==\" style=\"--smush-placeholder-width: 1920px; --smush-placeholder-aspect-ratio: 1920\/1280;\" \/><\/div>\n\t\t<\/figure>\n\t<\/div>\n<\/div><\/div><\/div><div class=\"wpb_column vc_column_container vc_col-sm-6\"><div class=\"vc_column-inner\"><div class=\"wpb_wrapper\">\n\t<div class=\"wpb_text_column wpb_content_element  vc_custom_1563191088222\" >\n\t\t<div class=\"wpb_wrapper\">\n\t\t\t<h3><strong>ORGANIC FARMING<\/strong><\/h3>\n\n\t\t<\/div>\n\t<\/div>\n\n\t<div class=\"wpb_text_column wpb_content_element  vc_custom_1563271595176\" >\n\t\t<div class=\"wpb_wrapper\">\n\t\t\t<p>Organic farming at The Green Museum participates in the conservation work with a number of old Danish livestock breeds that were previously important in Danish agriculture, but are now endangered for one reason or another.<\/p>\n<p>In addition to the cultural heritage aspect, conservation work also serves as \u201cinsurance\u201d for breeding work in modern agriculture. In the genes of old breeds, one can find defenses against possible diseases and ailments.<\/p>\n<p>At the Green Museum you can meet, among other breeds, the Jutland Cattle, Red Danish Dairy Breed, Shorthorn, Black-mottled Danish Dairy Breed, Black-mottled Landrace Pig, White-headed Marsh Sheep, Dune Sheep, Danish Landrace Goat, White Danish Landrace Rabbit, Black-mottled Hens, Danish Country Hens and Danish Dwarf Country Hens.<\/p>\n<p>Click on the names below and find out more about:<\/p>\n<ul>\n<li><a href=\"https:\/\/detgroennemuseum.dk\/en\/knowledge\/the-living-cultural-heritage\/the-brown-bee\/\"><span style=\"text-decoration: underline;\">Bees<\/span><\/a><\/li>\n<li><a href=\"https:\/\/detgroennemuseum.dk\/en\/knowledge\/the-living-cultural-heritage\/poultry\/\"><span style=\"text-decoration: underline;\">Poultry<\/span><\/a><\/li>\n<li><a href=\"https:\/\/detgroennemuseum.dk\/en\/knowledge\/the-living-cultural-heritage\/cattle\/\"><span style=\"text-decoration: underline;\">Cattle<\/span><\/a><\/li>\n<li><a href=\"https:\/\/detgroennemuseum.dk\/en\/knowledge\/the-living-cultural-heritage\/pig\/\"><span style=\"text-decoration: underline;\">Pig<\/span><\/a><\/li>\n<\/ul>\n\n\t\t<\/div>\n\t<\/div>\n<\/div><\/div><\/div><\/div>\n<\/div>","protected":false},"excerpt":{"rendered":"<p>The living cultural heritage at the Green Museum The Green Museum is a living museum and the living cultural heritage is one of the cornerstones of our work. When you visit our museum\u2026<\/p>","protected":false},"author":3,"featured_media":0,"parent":3284,"menu_order":0,"comment_status":"closed","ping_status":"closed","template":"","meta":{"_price":"","_stock":"","_tribe_ticket_header":"","_tribe_default_ticket_provider":"","_tribe_ticket_capacity":"0","_ticket_start_date":"","_ticket_end_date":"","_tribe_ticket_show_description":"","_tribe_ticket_show_not_going":false,"_tribe_ticket_use_global_stock":"","_tribe_ticket_global_stock_level":"","_global_stock_mode":"","_global_stock_cap":"","_tribe_rsvp_for_event":"","_tribe_ticket_going_count":"","_tribe_ticket_not_going_count":"","_tribe_tickets_list":"[]","_tribe_ticket_has_attendee_info_fields":false,"footnotes":""},"class_list":["post-9001","page","type-page","status-publish","hentry","description-off"],"yoast_head":"<!-- This site is optimized with the Yoast SEO plugin v27.6 - https:\/\/yoast.com\/product\/yoast-seo-wordpress\/ -->\n<title>Den levende kulturarv |\u00a0L\u00e6r mere om Danmark gennem tiden<\/title>\n<meta name=\"description\" content=\"Det Gr\u00f8nne Museum er et levende museum og den levende kulturarv er en af hj\u00f8rnestenene i vores arbejde med formidling.\" \/>\n<meta name=\"robots\" content=\"index, follow, max-snippet:-1, max-image-preview:large, max-video-preview:-1\" \/>\n<link rel=\"canonical\" href=\"https:\/\/detgroennemuseum.dk\/en\/knowledge\/the-living-cultural-heritage\/\" \/>\n<meta property=\"og:locale\" content=\"en_GB\" \/>\n<meta property=\"og:type\" content=\"article\" \/>\n<meta property=\"og:title\" content=\"Den levende kulturarv |\u00a0L\u00e6r mere om Danmark gennem tiden\" \/>\n<meta property=\"og:description\" content=\"Det Gr\u00f8nne Museum er et levende museum og den levende kulturarv er en af hj\u00f8rnestenene i vores arbejde med formidling.\" \/>\n<meta property=\"og:url\" content=\"https:\/\/detgroennemuseum.dk\/en\/knowledge\/the-living-cultural-heritage\/\" \/>\n<meta property=\"og:site_name\" content=\"Det Gr\u00f8nne Museum\" \/>\n<meta property=\"article:modified_time\" content=\"2025-04-26T21:12:35+00:00\" \/>\n<meta name=\"twitter:card\" content=\"summary_large_image\" \/>\n<meta name=\"twitter:label1\" content=\"Estimated reading time\" \/>\n\t<meta name=\"twitter:data1\" content=\"3 minutes\" \/>\n<script type=\"application\/ld+json\" class=\"yoast-schema-graph\">{\"@context\":\"https:\\\/\\\/schema.org\",\"@graph\":[{\"@type\":\"WebPage\",\"@id\":\"https:\\\/\\\/detgroennemuseum.dk\\\/viden\\\/den-levende-kulturarv\\\/\",\"url\":\"https:\\\/\\\/detgroennemuseum.dk\\\/viden\\\/den-levende-kulturarv\\\/\",\"name\":\"Den levende kulturarv |\u00a0L\u00e6r mere om Danmark gennem tiden\",\"isPartOf\":{\"@id\":\"https:\\\/\\\/detgroennemuseum.dk\\\/#website\"},\"datePublished\":\"2019-07-15T11:59:18+00:00\",\"dateModified\":\"2025-04-26T21:12:35+00:00\",\"description\":\"Det Gr\u00f8nne Museum er et levende museum og den levende kulturarv er en af hj\u00f8rnestenene i vores arbejde med formidling.\",\"breadcrumb\":{\"@id\":\"https:\\\/\\\/detgroennemuseum.dk\\\/viden\\\/den-levende-kulturarv\\\/#breadcrumb\"},\"inLanguage\":\"en-GB\",\"potentialAction\":[{\"@type\":\"ReadAction\",\"target\":[\"https:\\\/\\\/detgroennemuseum.dk\\\/viden\\\/den-levende-kulturarv\\\/\"]}]},{\"@type\":\"BreadcrumbList\",\"@id\":\"https:\\\/\\\/detgroennemuseum.dk\\\/viden\\\/den-levende-kulturarv\\\/#breadcrumb\",\"itemListElement\":[{\"@type\":\"ListItem\",\"position\":1,\"name\":\"Hjem\",\"item\":\"https:\\\/\\\/detgroennemuseum.dk\\\/\"},{\"@type\":\"ListItem\",\"position\":2,\"name\":\"Viden\",\"item\":\"https:\\\/\\\/detgroennemuseum.dk\\\/viden\\\/\"},{\"@type\":\"ListItem\",\"position\":3,\"name\":\"Den levende kulturarv\"}]},{\"@type\":\"WebSite\",\"@id\":\"https:\\\/\\\/detgroennemuseum.dk\\\/#website\",\"url\":\"https:\\\/\\\/detgroennemuseum.dk\\\/\",\"name\":\"Det Gr\u00f8nne Museum\",\"description\":\"Danmarks nationale museum for jagten, skoven, landbruget og maden\",\"potentialAction\":[{\"@type\":\"SearchAction\",\"target\":{\"@type\":\"EntryPoint\",\"urlTemplate\":\"https:\\\/\\\/detgroennemuseum.dk\\\/?s={search_term_string}\"},\"query-input\":{\"@type\":\"PropertyValueSpecification\",\"valueRequired\":true,\"valueName\":\"search_term_string\"}}],\"inLanguage\":\"en-GB\"}]}<\/script>\n<!-- \/ Yoast SEO plugin. -->","yoast_head_json":{"title":"The living cultural heritage | Learn more about Denmark through time","description":"The Green Museum is a living museum and living cultural heritage is one of the cornerstones of our communication work.","robots":{"index":"index","follow":"follow","max-snippet":"max-snippet:-1","max-image-preview":"max-image-preview:large","max-video-preview":"max-video-preview:-1"},"canonical":"https:\/\/detgroennemuseum.dk\/en\/knowledge\/the-living-cultural-heritage\/","og_locale":"en_GB","og_type":"article","og_title":"Den levende kulturarv |\u00a0L\u00e6r mere om Danmark gennem tiden","og_description":"Det Gr\u00f8nne Museum er et levende museum og den levende kulturarv er en af hj\u00f8rnestenene i vores arbejde med formidling.","og_url":"https:\/\/detgroennemuseum.dk\/en\/knowledge\/the-living-cultural-heritage\/","og_site_name":"Det Gr\u00f8nne Museum","article_modified_time":"2025-04-26T21:12:35+00:00","twitter_card":"summary_large_image","twitter_misc":{"Estimated reading time":"3 minutes"},"schema":{"@context":"https:\/\/schema.org","@graph":[{"@type":"WebPage","@id":"https:\/\/detgroennemuseum.dk\/viden\/den-levende-kulturarv\/","url":"https:\/\/detgroennemuseum.dk\/viden\/den-levende-kulturarv\/","name":"The living cultural heritage | Learn more about Denmark through time","isPartOf":{"@id":"https:\/\/detgroennemuseum.dk\/#website"},"datePublished":"2019-07-15T11:59:18+00:00","dateModified":"2025-04-26T21:12:35+00:00","description":"The Green Museum is a living museum and living cultural heritage is one of the cornerstones of our communication work.","breadcrumb":{"@id":"https:\/\/detgroennemuseum.dk\/viden\/den-levende-kulturarv\/#breadcrumb"},"inLanguage":"en-GB","potentialAction":[{"@type":"ReadAction","target":["https:\/\/detgroennemuseum.dk\/viden\/den-levende-kulturarv\/"]}]},{"@type":"BreadcrumbList","@id":"https:\/\/detgroennemuseum.dk\/viden\/den-levende-kulturarv\/#breadcrumb","itemListElement":[{"@type":"ListItem","position":1,"name":"Hjem","item":"https:\/\/detgroennemuseum.dk\/"},{"@type":"ListItem","position":2,"name":"Viden","item":"https:\/\/detgroennemuseum.dk\/viden\/"},{"@type":"ListItem","position":3,"name":"Den levende kulturarv"}]},{"@type":"WebSite","@id":"https:\/\/detgroennemuseum.dk\/#website","url":"https:\/\/detgroennemuseum.dk\/","name":"The Green Museum","description":"Denmark&#039;s National Museum of Hunting, Forestry, Agriculture and Food","potentialAction":[{"@type":"SearchAction","target":{"@type":"EntryPoint","urlTemplate":"https:\/\/detgroennemuseum.dk\/?s={search_term_string}"},"query-input":{"@type":"PropertyValueSpecification","valueRequired":true,"valueName":"search_term_string"}}],"inLanguage":"en-GB"}]}},"_links":{"self":[{"href":"https:\/\/detgroennemuseum.dk\/en\/wp-json\/wp\/v2\/pages\/9001","targetHints":{"allow":["GET"]}}],"collection":[{"href":"https:\/\/detgroennemuseum.dk\/en\/wp-json\/wp\/v2\/pages"}],"about":[{"href":"https:\/\/detgroennemuseum.dk\/en\/wp-json\/wp\/v2\/types\/page"}],"author":[{"embeddable":true,"href":"https:\/\/detgroennemuseum.dk\/en\/wp-json\/wp\/v2\/users\/3"}],"replies":[{"embeddable":true,"href":"https:\/\/detgroennemuseum.dk\/en\/wp-json\/wp\/v2\/comments?post=9001"}],"version-history":[{"count":11,"href":"https:\/\/detgroennemuseum.dk\/en\/wp-json\/wp\/v2\/pages\/9001\/revisions"}],"predecessor-version":[{"id":24156,"href":"https:\/\/detgroennemuseum.dk\/en\/wp-json\/wp\/v2\/pages\/9001\/revisions\/24156"}],"up":[{"embeddable":true,"href":"https:\/\/detgroennemuseum.dk\/en\/wp-json\/wp\/v2\/pages\/3284"}],"wp:attachment":[{"href":"https:\/\/detgroennemuseum.dk\/en\/wp-json\/wp\/v2\/media?parent=9001"}],"curies":[{"name":"wp","href":"https:\/\/api.w.org\/{rel}","templated":true}]}}