{"id":885,"date":"2017-09-27T21:37:29","date_gmt":"2017-09-27T19:37:29","guid":{"rendered":"http:\/\/detgroennemuseum.dk\/?page_id=885"},"modified":"2025-09-05T10:31:47","modified_gmt":"2025-09-05T08:31:47","slug":"polish-house-exhibition","status":"publish","type":"page","link":"https:\/\/detgroennemuseum.dk\/en\/polakhus-udstillingen\/","title":{"rendered":"The Polakhus exhibition"},"content":{"rendered":"<div class=\"wpb-content-wrapper\"><div class=\"vc_row wpb_row vc_row-fluid vc_custom_1755156307141 vc_row-o-equal-height vc_row-flex\"><div class=\"wpb_column vc_column_container vc_col-sm-4 vc_col-has-fill\"><div class=\"vc_column-inner vc_custom_1755155974461\"><div class=\"wpb_wrapper\"><h3 style=\"color: #FFFFFF;text-align: left\" class=\"vc_custom_heading vc_do_custom_heading vc_custom_1755155911999\" >The Polish House<\/h3>\n\t<div class=\"wpb_text_column wpb_content_element  vc_custom_1756809826001\" >\n\t\t<div class=\"wpb_wrapper\">\n\t\t\t<p><strong><span style=\"color: #ffffff;\">The house was built in 1909 for the Polish farm workers who worked at Gl. Estrup. It is a special house of very high quality.<\/span> <\/strong><\/p>\n\n\t\t<\/div>\n\t<\/div>\n<\/div><\/div><\/div><div class=\"wpb_column vc_column_container vc_col-sm-4\"><div class=\"vc_column-inner vc_custom_1755156023582\"><div class=\"wpb_wrapper\">\n\t<div  class=\"wpb_single_image wpb_content_element vc_align_center  vc_custom_1755155726598  square3\">\n\t\t\n\t\t<figure class=\"wpb_wrapper vc_figure\">\n\t\t\t<div class=\"vc_single_image-wrapper   vc_box_border_grey\"><img decoding=\"async\" width=\"768\" height=\"768\" data-src=\"https:\/\/detgroennemuseum.dk\/wp-content\/uploads\/2023\/11\/Polakhusgruppen-2.jpg\" class=\"vc_single_image-img attachment-full lazyload\" alt=\"Laundry at Polakhuset\" title=\"Polish House Group 2\" data-srcset=\"https:\/\/detgroennemuseum.dk\/wp-content\/uploads\/2023\/11\/Polakhusgruppen-2.jpg 768w, https:\/\/detgroennemuseum.dk\/wp-content\/smush-webp\/2023\/11\/Polakhusgruppen-2-600x600.jpg.webp 600w, https:\/\/detgroennemuseum.dk\/wp-content\/smush-webp\/2023\/11\/Polakhusgruppen-2-150x150.jpg.webp 150w, https:\/\/detgroennemuseum.dk\/wp-content\/smush-webp\/2023\/11\/Polakhusgruppen-2-200x200.jpg.webp 200w, https:\/\/detgroennemuseum.dk\/wp-content\/smush-webp\/2023\/11\/Polakhusgruppen-2-64x64.jpg.webp 64w\" data-sizes=\"(max-width: 768px) 100vw, 768px\"  data-dt-location=\"https:\/\/detgroennemuseum.dk\/en\/laug\/polakhusgruppen-2\/\" src=\"data:image\/svg+xml;base64,PHN2ZyB3aWR0aD0iMSIgaGVpZ2h0PSIxIiB4bWxucz0iaHR0cDovL3d3dy53My5vcmcvMjAwMC9zdmciPjwvc3ZnPg==\" style=\"--smush-placeholder-width: 768px; --smush-placeholder-aspect-ratio: 768\/768;\" \/><\/div>\n\t\t<\/figure>\n\t<\/div>\n<\/div><\/div><\/div><div class=\"wpb_column vc_column_container vc_col-sm-4\"><div class=\"vc_column-inner vc_custom_1755160698647\"><div class=\"wpb_wrapper\">\n\t<div  class=\"wpb_single_image wpb_content_element vc_align_left  vc_custom_1755155810551  square3\">\n\t\t\n\t\t<figure class=\"wpb_wrapper vc_figure\">\n\t\t\t<div class=\"vc_single_image-wrapper   vc_box_border_grey\"><img decoding=\"async\" width=\"768\" height=\"768\" data-src=\"https:\/\/detgroennemuseum.dk\/wp-content\/uploads\/2023\/11\/Polakhusgruppen-1.jpg\" class=\"vc_single_image-img attachment-full lazyload\" alt=\"The Polish House\" title=\"Polish House Group 1\" data-srcset=\"https:\/\/detgroennemuseum.dk\/wp-content\/uploads\/2023\/11\/Polakhusgruppen-1.jpg 768w, https:\/\/detgroennemuseum.dk\/wp-content\/smush-webp\/2023\/11\/Polakhusgruppen-1-600x600.jpg.webp 600w, https:\/\/detgroennemuseum.dk\/wp-content\/smush-webp\/2023\/11\/Polakhusgruppen-1-150x150.jpg.webp 150w, https:\/\/detgroennemuseum.dk\/wp-content\/smush-webp\/2023\/11\/Polakhusgruppen-1-200x200.jpg.webp 200w, https:\/\/detgroennemuseum.dk\/wp-content\/smush-webp\/2023\/11\/Polakhusgruppen-1-64x64.jpg.webp 64w\" data-sizes=\"(max-width: 768px) 100vw, 768px\"  data-dt-location=\"https:\/\/detgroennemuseum.dk\/en\/laug\/polakhusgruppen-1\/\" src=\"data:image\/svg+xml;base64,PHN2ZyB3aWR0aD0iMSIgaGVpZ2h0PSIxIiB4bWxucz0iaHR0cDovL3d3dy53My5vcmcvMjAwMC9zdmciPjwvc3ZnPg==\" style=\"--smush-placeholder-width: 768px; --smush-placeholder-aspect-ratio: 768\/768;\" \/><\/div>\n\t\t<\/figure>\n\t<\/div>\n<\/div><\/div><\/div><\/div><div class=\"vc_row wpb_row vc_row-fluid\"><div class=\"wpb_column vc_column_container vc_col-sm-12\"><div class=\"vc_column-inner\"><div class=\"wpb_wrapper\"><h1 style=\"color: #023A23;text-align: left\" class=\"vc_custom_heading vc_do_custom_heading\" >The Polish House<\/h1>\n\t<div class=\"wpb_text_column wpb_content_element\" >\n\t\t<div class=\"wpb_wrapper\">\n\t\t\t<p>The house was built in 1909 for the Polish farm workers who worked at Gl. Estrup. It is a special house of very high quality. However, it was rebuilt in 1918 because the Polish farm workers were no longer needed. In time, Danish farm worker families moved into the house.<\/p>\n<p><strong>The Polish law<\/strong><br \/>\nIn 1908, the \u201cAct Concerning the Use of Foreign Workers in Certain Enterprises and Public Supervision Thereof\u201d was enacted.<\/p>\n<p>It quickly became known as the \u201cPolish Law\u201d because it primarily dealt with Polish seasonal workers. The law established both employment and sickness policies, but it also imposed specific requirements for the houses that Polish agricultural workers were provided with.<\/p>\n<p>The Polakhuset at the Green Museum was built in accordance with the provisions of the law.<\/p>\n<p><strong>Timeline<\/strong><br \/>\n1908 Polak Law<br \/>\n1909 The Polakhuset is built<br \/>\n1918 The house is rebuilt<br \/>\n1930 Danish farm workers live in the house<br \/>\n1950 The house is abandoned and stands empty.<br \/>\n2010 The house is renovated and opened to guests<\/p>\n<p>&nbsp;<\/p>\n<p>The videos below can be viewed with both Danish and English subtitles.<\/p>\n\n\t\t<\/div>\n\t<\/div>\n<\/div><\/div><\/div><\/div><div class=\"vc_row wpb_row vc_row-fluid vc_custom_1755156794497\"><div class=\"wpb_column vc_column_container vc_col-sm-12\"><div class=\"vc_column-inner\"><div class=\"wpb_wrapper\"><div class=\"vc_separator wpb_content_element vc_separator_align_center vc_sep_width_100 vc_sep_pos_align_center vc_separator_no_text vc_sep_color_grey vc_custom_1755156587400 wpb_content_element  vc_custom_1755156587400 wpb_content_element\" ><span class=\"vc_sep_holder vc_sep_holder_l\"><span class=\"vc_sep_line\"><\/span><\/span><span class=\"vc_sep_holder vc_sep_holder_r\"><span class=\"vc_sep_line\"><\/span><\/span>\n<\/div><\/div><\/div><\/div><\/div><div class=\"vc_row wpb_row vc_row-fluid vc_custom_1755156729603\"><div class=\"wpb_column vc_column_container vc_col-sm-4\"><div class=\"vc_column-inner\"><div class=\"wpb_wrapper\">\n\t<div class=\"wpb_video_widget wpb_content_element vc_clearfix   vc_video-aspect-ratio-169 vc_video-el-width-100 vc_video-align-left\" >\n\t\t<div class=\"wpb_wrapper\">\n\t\t\t\n\t\t\t<div class=\"wpb_video_wrapper\"><iframe title=\"The Polish House movie 1\" width=\"500\" height=\"281\" data-src=\"https:\/\/www.youtube.com\/embed\/V01XDmP5alg?feature=oembed\" frameborder=\"0\" allow=\"accelerometer; autoplay; clipboard-write; encrypted-media; gyroscope; picture-in-picture; web-share\" referrerpolicy=\"strict-origin-when-cross-origin\" allowfullscreen src=\"data:image\/svg+xml;base64,PHN2ZyB3aWR0aD0iMSIgaGVpZ2h0PSIxIiB4bWxucz0iaHR0cDovL3d3dy53My5vcmcvMjAwMC9zdmciPjwvc3ZnPg==\" class=\"lazyload\" data-load-mode=\"1\"><\/iframe><\/div>\n\t\t<\/div>\n\t<\/div>\n<\/div><\/div><\/div><div class=\"wpb_column vc_column_container vc_col-sm-8\"><div class=\"vc_column-inner\"><div class=\"wpb_wrapper\">\n\t<div class=\"wpb_text_column wpb_content_element  vc_custom_1755772954226\" >\n\t\t<div class=\"wpb_wrapper\">\n\t\t\t<p><strong>The original entrance<\/strong><br \/>\nHear about the details on the facade of the Polakhuset. They show that the house is a quality building with high standards.<br \/>\nThey also show that the original ground plan was changed and adapted to the situation after the end of World War I in 1918.<\/p>\n\n\t\t<\/div>\n\t<\/div>\n<\/div><\/div><\/div><\/div><div class=\"vc_row wpb_row vc_row-fluid vc_custom_1755156794497\"><div class=\"wpb_column vc_column_container vc_col-sm-12\"><div class=\"vc_column-inner\"><div class=\"wpb_wrapper\"><div class=\"vc_separator wpb_content_element vc_separator_align_center vc_sep_width_100 vc_sep_pos_align_center vc_separator_no_text vc_sep_color_grey vc_custom_1755156587400 wpb_content_element  vc_custom_1755156587400 wpb_content_element\" ><span class=\"vc_sep_holder vc_sep_holder_l\"><span class=\"vc_sep_line\"><\/span><\/span><span class=\"vc_sep_holder vc_sep_holder_r\"><span class=\"vc_sep_line\"><\/span><\/span>\n<\/div><\/div><\/div><\/div><\/div><div class=\"vc_row wpb_row vc_row-fluid vc_custom_1755156729603\"><div class=\"wpb_column vc_column_container vc_col-sm-4\"><div class=\"vc_column-inner\"><div class=\"wpb_wrapper\">\n\t<div class=\"wpb_video_widget wpb_content_element vc_clearfix   vc_video-aspect-ratio-169 vc_video-el-width-100 vc_video-align-left\" >\n\t\t<div class=\"wpb_wrapper\">\n\t\t\t\n\t\t\t<div class=\"wpb_video_wrapper\"><iframe title=\"The Polish House movie 2\" width=\"500\" height=\"281\" data-src=\"https:\/\/www.youtube.com\/embed\/zcoy9J5Ep0M?feature=oembed\" frameborder=\"0\" allow=\"accelerometer; autoplay; clipboard-write; encrypted-media; gyroscope; picture-in-picture; web-share\" referrerpolicy=\"strict-origin-when-cross-origin\" allowfullscreen src=\"data:image\/svg+xml;base64,PHN2ZyB3aWR0aD0iMSIgaGVpZ2h0PSIxIiB4bWxucz0iaHR0cDovL3d3dy53My5vcmcvMjAwMC9zdmciPjwvc3ZnPg==\" class=\"lazyload\" data-load-mode=\"1\"><\/iframe><\/div>\n\t\t<\/div>\n\t<\/div>\n<\/div><\/div><\/div><div class=\"wpb_column vc_column_container vc_col-sm-8\"><div class=\"vc_column-inner\"><div class=\"wpb_wrapper\">\n\t<div class=\"wpb_text_column wpb_content_element  vc_custom_1755772974524\" >\n\t\t<div class=\"wpb_wrapper\">\n\t\t\t<p><strong>The original kitchen<\/strong><br \/>\nHear about the visible and colorful fads from the 1930s and how the stove with oven shows that the kitchen is the original kitchen of the house.<\/p>\n\n\t\t<\/div>\n\t<\/div>\n<\/div><\/div><\/div><\/div><div class=\"vc_row wpb_row vc_row-fluid vc_custom_1755156794497\"><div class=\"wpb_column vc_column_container vc_col-sm-12\"><div class=\"vc_column-inner\"><div class=\"wpb_wrapper\"><div class=\"vc_separator wpb_content_element vc_separator_align_center vc_sep_width_100 vc_sep_pos_align_center vc_separator_no_text vc_sep_color_grey vc_custom_1755156587400 wpb_content_element  vc_custom_1755156587400 wpb_content_element\" ><span class=\"vc_sep_holder vc_sep_holder_l\"><span class=\"vc_sep_line\"><\/span><\/span><span class=\"vc_sep_holder vc_sep_holder_r\"><span class=\"vc_sep_line\"><\/span><\/span>\n<\/div><\/div><\/div><\/div><\/div><div class=\"vc_row wpb_row vc_row-fluid vc_custom_1755156729603\"><div class=\"wpb_column vc_column_container vc_col-sm-4\"><div class=\"vc_column-inner\"><div class=\"wpb_wrapper\">\n\t<div class=\"wpb_video_widget wpb_content_element vc_clearfix   vc_video-aspect-ratio-169 vc_video-el-width-100 vc_video-align-left\" >\n\t\t<div class=\"wpb_wrapper\">\n\t\t\t\n\t\t\t<div class=\"wpb_video_wrapper\"><iframe title=\"Polakhuset movie 3 with arrow\" width=\"500\" height=\"281\" data-src=\"https:\/\/www.youtube.com\/embed\/-oCDmsbT9NE?feature=oembed\" frameborder=\"0\" allow=\"accelerometer; autoplay; clipboard-write; encrypted-media; gyroscope; picture-in-picture; web-share\" referrerpolicy=\"strict-origin-when-cross-origin\" allowfullscreen src=\"data:image\/svg+xml;base64,PHN2ZyB3aWR0aD0iMSIgaGVpZ2h0PSIxIiB4bWxucz0iaHR0cDovL3d3dy53My5vcmcvMjAwMC9zdmciPjwvc3ZnPg==\" class=\"lazyload\" data-load-mode=\"1\"><\/iframe><\/div>\n\t\t<\/div>\n\t<\/div>\n<\/div><\/div><\/div><div class=\"wpb_column vc_column_container vc_col-sm-8\"><div class=\"vc_column-inner\"><div class=\"wpb_wrapper\">\n\t<div class=\"wpb_text_column wpb_content_element  vc_custom_1755772993962\" >\n\t\t<div class=\"wpb_wrapper\">\n\t\t\t<p><strong>The new entrance<\/strong><br \/>\nHear about how the brickwork and plinth reveal why this second entrance is not the original one but rather the entrance established during the renovation in 1918.<\/p>\n\n\t\t<\/div>\n\t<\/div>\n<\/div><\/div><\/div><\/div><div class=\"vc_row wpb_row vc_row-fluid vc_custom_1755156794497\"><div class=\"wpb_column vc_column_container vc_col-sm-12\"><div class=\"vc_column-inner\"><div class=\"wpb_wrapper\"><div class=\"vc_separator wpb_content_element vc_separator_align_center vc_sep_width_100 vc_sep_pos_align_center vc_separator_no_text vc_sep_color_grey vc_custom_1755156587400 wpb_content_element  vc_custom_1755156587400 wpb_content_element\" ><span class=\"vc_sep_holder vc_sep_holder_l\"><span class=\"vc_sep_line\"><\/span><\/span><span class=\"vc_sep_holder vc_sep_holder_r\"><span class=\"vc_sep_line\"><\/span><\/span>\n<\/div><\/div><\/div><\/div><\/div><div class=\"vc_row wpb_row vc_row-fluid vc_custom_1755156729603\"><div class=\"wpb_column vc_column_container vc_col-sm-4\"><div class=\"vc_column-inner\"><div class=\"wpb_wrapper\">\n\t<div class=\"wpb_video_widget wpb_content_element vc_clearfix   vc_video-aspect-ratio-169 vc_video-el-width-100 vc_video-align-left\" >\n\t\t<div class=\"wpb_wrapper\">\n\t\t\t\n\t\t\t<div class=\"wpb_video_wrapper\"><iframe title=\"The Polish House movie 4\" width=\"500\" height=\"281\" data-src=\"https:\/\/www.youtube.com\/embed\/pnG51kB6w9Q?feature=oembed\" frameborder=\"0\" allow=\"accelerometer; autoplay; clipboard-write; encrypted-media; gyroscope; picture-in-picture; web-share\" referrerpolicy=\"strict-origin-when-cross-origin\" allowfullscreen src=\"data:image\/svg+xml;base64,PHN2ZyB3aWR0aD0iMSIgaGVpZ2h0PSIxIiB4bWxucz0iaHR0cDovL3d3dy53My5vcmcvMjAwMC9zdmciPjwvc3ZnPg==\" class=\"lazyload\" data-load-mode=\"1\"><\/iframe><\/div>\n\t\t<\/div>\n\t<\/div>\n<\/div><\/div><\/div><div class=\"wpb_column vc_column_container vc_col-sm-8\"><div class=\"vc_column-inner\"><div class=\"wpb_wrapper\">\n\t<div class=\"wpb_text_column wpb_content_element  vc_custom_1755773013660\" >\n\t\t<div class=\"wpb_wrapper\">\n\t\t\t<p><strong>The mysterious room<\/strong><br \/>\nHear about all the features from the 1918 renovation and how the room clearly originally had a function other than sleeping. What do you think the room was used for in 1909?<\/p>\n\n\t\t<\/div>\n\t<\/div>\n<\/div><\/div><\/div><\/div><div class=\"vc_row wpb_row vc_row-fluid vc_custom_1755156794497\"><div class=\"wpb_column vc_column_container vc_col-sm-12\"><div class=\"vc_column-inner\"><div class=\"wpb_wrapper\"><div class=\"vc_separator wpb_content_element vc_separator_align_center vc_sep_width_100 vc_sep_pos_align_center vc_separator_no_text vc_sep_color_grey vc_custom_1755156587400 wpb_content_element  vc_custom_1755156587400 wpb_content_element\" ><span class=\"vc_sep_holder vc_sep_holder_l\"><span class=\"vc_sep_line\"><\/span><\/span><span class=\"vc_sep_holder vc_sep_holder_r\"><span class=\"vc_sep_line\"><\/span><\/span>\n<\/div><\/div><\/div><\/div><\/div><div class=\"vc_row wpb_row vc_row-fluid vc_custom_1755156729603\"><div class=\"wpb_column vc_column_container vc_col-sm-4\"><div class=\"vc_column-inner\"><div class=\"wpb_wrapper\">\n\t<div class=\"wpb_video_widget wpb_content_element vc_clearfix   vc_video-aspect-ratio-169 vc_video-el-width-100 vc_video-align-left\" >\n\t\t<div class=\"wpb_wrapper\">\n\t\t\t\n\t\t\t<div class=\"wpb_video_wrapper\"><iframe title=\"The Polish House movie 5\" width=\"500\" height=\"281\" data-src=\"https:\/\/www.youtube.com\/embed\/h_rbFT1QZMQ?feature=oembed\" frameborder=\"0\" allow=\"accelerometer; autoplay; clipboard-write; encrypted-media; gyroscope; picture-in-picture; web-share\" referrerpolicy=\"strict-origin-when-cross-origin\" allowfullscreen src=\"data:image\/svg+xml;base64,PHN2ZyB3aWR0aD0iMSIgaGVpZ2h0PSIxIiB4bWxucz0iaHR0cDovL3d3dy53My5vcmcvMjAwMC9zdmciPjwvc3ZnPg==\" class=\"lazyload\" data-load-mode=\"1\"><\/iframe><\/div>\n\t\t<\/div>\n\t<\/div>\n<\/div><\/div><\/div><div class=\"wpb_column vc_column_container vc_col-sm-8\"><div class=\"vc_column-inner\"><div class=\"wpb_wrapper\">\n\t<div class=\"wpb_text_column wpb_content_element  vc_custom_1755773031324\" >\n\t\t<div class=\"wpb_wrapper\">\n\t\t\t<p><strong>One of the four bedrooms<\/strong><br \/>\nHear about the bricked-up doorways, which are a direct consequence of the renovation in 1918, and how this bedroom meets all of Polakloven&#039;s requirements for space and hygiene.<\/p>\n\n\t\t<\/div>\n\t<\/div>\n<\/div><\/div><\/div><\/div>\n<\/div>","protected":false},"excerpt":{"rendered":"<p>Polakhuset The house was built in 1909 for the Polish agricultural workers who worked at Gl. Estrup. It is a special house of very high quality. Polakhuset The house was built in 1909\u2026<\/p>","protected":false},"author":1,"featured_media":0,"parent":0,"menu_order":0,"comment_status":"closed","ping_status":"closed","template":"","meta":{"_price":"","_stock":"","_tribe_ticket_header":"","_tribe_default_ticket_provider":"","_tribe_ticket_capacity":"0","_ticket_start_date":"","_ticket_end_date":"","_tribe_ticket_show_description":"","_tribe_ticket_show_not_going":false,"_tribe_ticket_use_global_stock":"","_tribe_ticket_global_stock_level":"","_global_stock_mode":"","_global_stock_cap":"","_tribe_rsvp_for_event":"","_tribe_ticket_going_count":"","_tribe_ticket_not_going_count":"","_tribe_tickets_list":"[]","_tribe_ticket_has_attendee_info_fields":false,"footnotes":""},"class_list":["post-885","page","type-page","status-publish","hentry","description-off"],"yoast_head":"<!-- This site is optimized with the Yoast SEO plugin v27.6 - https:\/\/yoast.com\/product\/yoast-seo-wordpress\/ -->\n<title>Polakhus-udstillingen - Det Gr\u00f8nne Museum<\/title>\n<meta name=\"description\" content=\"Se videoerne, bes\u00f8g museet og l\u00e6r mere om vores polakhus, der blev bygget i 1909 og polakloven, som blev vedtaget i 1908.\" \/>\n<meta name=\"robots\" content=\"index, follow, max-snippet:-1, max-image-preview:large, max-video-preview:-1\" \/>\n<link rel=\"canonical\" href=\"https:\/\/detgroennemuseum.dk\/en\/polish-house-exhibition\/\" \/>\n<meta property=\"og:locale\" content=\"en_GB\" \/>\n<meta property=\"og:type\" content=\"article\" \/>\n<meta property=\"og:title\" content=\"Polakhus-udstillingen - Det Gr\u00f8nne Museum\" \/>\n<meta property=\"og:description\" content=\"Se videoerne, bes\u00f8g museet og l\u00e6r mere om vores polakhus, der blev bygget i 1909 og polakloven, som blev vedtaget i 1908.\" \/>\n<meta property=\"og:url\" content=\"https:\/\/detgroennemuseum.dk\/en\/polish-house-exhibition\/\" \/>\n<meta property=\"og:site_name\" content=\"Det Gr\u00f8nne Museum\" \/>\n<meta property=\"article:modified_time\" content=\"2025-09-05T08:31:47+00:00\" \/>\n<meta name=\"twitter:card\" content=\"summary_large_image\" \/>\n<meta name=\"twitter:label1\" content=\"Estimated reading time\" \/>\n\t<meta name=\"twitter:data1\" content=\"3 minutes\" \/>\n<script type=\"application\/ld+json\" class=\"yoast-schema-graph\">{\"@context\":\"https:\\\/\\\/schema.org\",\"@graph\":[{\"@type\":\"WebPage\",\"@id\":\"https:\\\/\\\/detgroennemuseum.dk\\\/polakhus-udstillingen\\\/\",\"url\":\"https:\\\/\\\/detgroennemuseum.dk\\\/polakhus-udstillingen\\\/\",\"name\":\"Polakhus-udstillingen - Det Gr\u00f8nne Museum\",\"isPartOf\":{\"@id\":\"https:\\\/\\\/detgroennemuseum.dk\\\/#website\"},\"datePublished\":\"2017-09-27T19:37:29+00:00\",\"dateModified\":\"2025-09-05T08:31:47+00:00\",\"description\":\"Se videoerne, bes\u00f8g museet og l\u00e6r mere om vores polakhus, der blev bygget i 1909 og polakloven, som blev vedtaget i 1908.\",\"breadcrumb\":{\"@id\":\"https:\\\/\\\/detgroennemuseum.dk\\\/polakhus-udstillingen\\\/#breadcrumb\"},\"inLanguage\":\"en-GB\",\"potentialAction\":[{\"@type\":\"ReadAction\",\"target\":[\"https:\\\/\\\/detgroennemuseum.dk\\\/polakhus-udstillingen\\\/\"]}]},{\"@type\":\"BreadcrumbList\",\"@id\":\"https:\\\/\\\/detgroennemuseum.dk\\\/polakhus-udstillingen\\\/#breadcrumb\",\"itemListElement\":[{\"@type\":\"ListItem\",\"position\":1,\"name\":\"Hjem\",\"item\":\"https:\\\/\\\/detgroennemuseum.dk\\\/\"},{\"@type\":\"ListItem\",\"position\":2,\"name\":\"Polakhus-udstillingen\"}]},{\"@type\":\"WebSite\",\"@id\":\"https:\\\/\\\/detgroennemuseum.dk\\\/#website\",\"url\":\"https:\\\/\\\/detgroennemuseum.dk\\\/\",\"name\":\"Det Gr\u00f8nne Museum\",\"description\":\"Danmarks nationale museum for jagten, skoven, landbruget og maden\",\"potentialAction\":[{\"@type\":\"SearchAction\",\"target\":{\"@type\":\"EntryPoint\",\"urlTemplate\":\"https:\\\/\\\/detgroennemuseum.dk\\\/?s={search_term_string}\"},\"query-input\":{\"@type\":\"PropertyValueSpecification\",\"valueRequired\":true,\"valueName\":\"search_term_string\"}}],\"inLanguage\":\"en-GB\"}]}<\/script>\n<!-- \/ Yoast SEO plugin. -->","yoast_head_json":{"title":"The Polakhus exhibition - The Green Museum","description":"Watch the videos, visit the museum and learn more about our Polish house, which was built in 1909, and the Polish law, which was passed in 1908.","robots":{"index":"index","follow":"follow","max-snippet":"max-snippet:-1","max-image-preview":"max-image-preview:large","max-video-preview":"max-video-preview:-1"},"canonical":"https:\/\/detgroennemuseum.dk\/en\/polish-house-exhibition\/","og_locale":"en_GB","og_type":"article","og_title":"Polakhus-udstillingen - Det Gr\u00f8nne Museum","og_description":"Se videoerne, bes\u00f8g museet og l\u00e6r mere om vores polakhus, der blev bygget i 1909 og polakloven, som blev vedtaget i 1908.","og_url":"https:\/\/detgroennemuseum.dk\/en\/polish-house-exhibition\/","og_site_name":"Det Gr\u00f8nne Museum","article_modified_time":"2025-09-05T08:31:47+00:00","twitter_card":"summary_large_image","twitter_misc":{"Estimated reading time":"3 minutes"},"schema":{"@context":"https:\/\/schema.org","@graph":[{"@type":"WebPage","@id":"https:\/\/detgroennemuseum.dk\/polakhus-udstillingen\/","url":"https:\/\/detgroennemuseum.dk\/polakhus-udstillingen\/","name":"The Polakhus exhibition - The Green Museum","isPartOf":{"@id":"https:\/\/detgroennemuseum.dk\/#website"},"datePublished":"2017-09-27T19:37:29+00:00","dateModified":"2025-09-05T08:31:47+00:00","description":"Watch the videos, visit the museum and learn more about our Polish house, which was built in 1909, and the Polish law, which was passed in 1908.","breadcrumb":{"@id":"https:\/\/detgroennemuseum.dk\/polakhus-udstillingen\/#breadcrumb"},"inLanguage":"en-GB","potentialAction":[{"@type":"ReadAction","target":["https:\/\/detgroennemuseum.dk\/polakhus-udstillingen\/"]}]},{"@type":"BreadcrumbList","@id":"https:\/\/detgroennemuseum.dk\/polakhus-udstillingen\/#breadcrumb","itemListElement":[{"@type":"ListItem","position":1,"name":"Hjem","item":"https:\/\/detgroennemuseum.dk\/"},{"@type":"ListItem","position":2,"name":"Polakhus-udstillingen"}]},{"@type":"WebSite","@id":"https:\/\/detgroennemuseum.dk\/#website","url":"https:\/\/detgroennemuseum.dk\/","name":"The Green Museum","description":"Denmark&#039;s National Museum of Hunting, Forestry, Agriculture and Food","potentialAction":[{"@type":"SearchAction","target":{"@type":"EntryPoint","urlTemplate":"https:\/\/detgroennemuseum.dk\/?s={search_term_string}"},"query-input":{"@type":"PropertyValueSpecification","valueRequired":true,"valueName":"search_term_string"}}],"inLanguage":"en-GB"}]}},"_links":{"self":[{"href":"https:\/\/detgroennemuseum.dk\/en\/wp-json\/wp\/v2\/pages\/885","targetHints":{"allow":["GET"]}}],"collection":[{"href":"https:\/\/detgroennemuseum.dk\/en\/wp-json\/wp\/v2\/pages"}],"about":[{"href":"https:\/\/detgroennemuseum.dk\/en\/wp-json\/wp\/v2\/types\/page"}],"author":[{"embeddable":true,"href":"https:\/\/detgroennemuseum.dk\/en\/wp-json\/wp\/v2\/users\/1"}],"replies":[{"embeddable":true,"href":"https:\/\/detgroennemuseum.dk\/en\/wp-json\/wp\/v2\/comments?post=885"}],"version-history":[{"count":21,"href":"https:\/\/detgroennemuseum.dk\/en\/wp-json\/wp\/v2\/pages\/885\/revisions"}],"predecessor-version":[{"id":26062,"href":"https:\/\/detgroennemuseum.dk\/en\/wp-json\/wp\/v2\/pages\/885\/revisions\/26062"}],"wp:attachment":[{"href":"https:\/\/detgroennemuseum.dk\/en\/wp-json\/wp\/v2\/media?parent=885"}],"curies":[{"name":"wp","href":"https:\/\/api.w.org\/{rel}","templated":true}]}}