{"id":8124,"date":"2023-05-23T10:20:09","date_gmt":"2023-05-23T08:20:09","guid":{"rendered":"https:\/\/detgroennemuseum.dk\/?page_id=8124"},"modified":"2026-04-07T13:16:57","modified_gmt":"2026-04-07T11:16:57","slug":"summer","status":"publish","type":"page","link":"https:\/\/detgroennemuseum.dk\/en\/sommer\/","title":{"rendered":"Summer"},"content":{"rendered":"<div class=\"wpb-content-wrapper\"><div class=\"vc_row wpb_row vc_row-fluid\"><div class=\"wpb_column vc_column_container vc_col-sm-12\"><div class=\"vc_column-inner vc_custom_1510649124151\"><div class=\"wpb_wrapper\"><h1 style=\"text-align: left\" class=\"vc_custom_heading vc_do_custom_heading\" >Summer holiday at the Green Museum<\/h1><\/div><\/div><\/div><\/div><div class=\"vc_row wpb_row vc_row-fluid\"><div class=\"wpb_column vc_column_container vc_col-sm-6\"><div class=\"vc_column-inner\"><div class=\"wpb_wrapper\">\n\t<div class=\"wpb_text_column wpb_content_element\" >\n\t\t<div class=\"wpb_wrapper\">\n\t\t\t<h3>Experiences for the whole family<\/h3>\n<p><strong>The summer holidays at the Green Museum are something very special. Here there is room for curiosity, play and learning \u2013 and for being together as a family in quiet and green surroundings. Whether the sun is shining or the rain is falling, the museum offers plenty of experiences for both children and adults.<\/strong><\/p>\n<p>Every summer we invite you inside for activities where children and families can explore the history of hunting, forests, agriculture and food. It&#039;s not just about looking - it&#039;s about trying it yourself. Through small tasks, workshops and sensory experiences, history becomes alive and present.<\/p>\n<h4>Play, learning and shared experiences<\/h4>\n<p>The summer holidays are an ideal opportunity to combine play and learning. Children can try their hand at activities based on real-life agriculture and nature, while adults gain new knowledge along the way. These are experiences that will give you something to talk about \u2013 even when you get home.<\/p>\n<p>Around the museum you can meet our historic farm animals, experience the volunteers&#039; work with old crafts and traditions, and explore both indoors and outdoors. There is plenty of room to take breaks, eat a packed lunch, and just enjoy the day together.<\/p>\n<h4>A day at your pace<\/h4>\n<p>A visit during the summer holidays can be exactly what you want it to be. You can immerse yourself in the activities, take a walk through the exhibitions or take a stroll in the green area around the museum. The combination of indoor and outdoor experiences makes it easy to adapt the day to both the weather and your mood.<\/p>\n<h4>Plan your summer vacation at The Green Museum<\/h4>\n<p>Every summer we put together a program of activities and experiences for the whole family. The program is published in the spring when the summer content is in place.<\/p>\n<p>Keep an eye on this page, where we present this year&#039;s summer holiday program - and look forward to a summer filled with experiences, play and new knowledge.<\/p>\n\n\t\t<\/div>\n\t<\/div>\n<\/div><\/div><\/div><div class=\"wpb_column vc_column_container vc_col-sm-6\"><div class=\"vc_column-inner\"><div class=\"wpb_wrapper\">\n\t<div  class=\"wpb_single_image wpb_content_element vc_align_left\">\n\t\t\n\t\t<figure class=\"wpb_wrapper vc_figure\">\n\t\t\t<div class=\"vc_single_image-wrapper   vc_box_border_grey\"><img decoding=\"async\" width=\"600\" height=\"400\" data-src=\"https:\/\/detgroennemuseum.dk\/wp-content\/smush-webp\/2024\/06\/sommmerferie-boern-og-koeer-til-web-600x400.jpg.webp\" class=\"vc_single_image-img attachment-medium lazyload\" alt=\"Some of the museum&#039;s guests stand and watch one of the cows in the summer weather.\" title=\"Summer Vacation Children And Cows For Web\" data-srcset=\"https:\/\/detgroennemuseum.dk\/wp-content\/smush-webp\/2024\/06\/sommmerferie-boern-og-koeer-til-web-600x400.jpg.webp 600w, https:\/\/detgroennemuseum.dk\/wp-content\/smush-webp\/2024\/06\/sommmerferie-boern-og-koeer-til-web-1024x683.jpg.webp 1024w, https:\/\/detgroennemuseum.dk\/wp-content\/smush-webp\/2024\/06\/sommmerferie-boern-og-koeer-til-web-768x512.jpg.webp 768w, https:\/\/detgroennemuseum.dk\/wp-content\/smush-webp\/2024\/06\/sommmerferie-boern-og-koeer-til-web-64x43.jpg.webp 64w, https:\/\/detgroennemuseum.dk\/wp-content\/smush-webp\/2024\/06\/sommmerferie-boern-og-koeer-til-web.jpg.webp 1500w\" data-sizes=\"(max-width: 600px) 100vw, 600px\"  data-dt-location=\"https:\/\/detgroennemuseum.dk\/en\/en-rejse-gennem-landbrugsdyrenes-udvikling\/sommmerferie-boern-og-koeer-til-web\/\" src=\"data:image\/svg+xml;base64,PHN2ZyB3aWR0aD0iMSIgaGVpZ2h0PSIxIiB4bWxucz0iaHR0cDovL3d3dy53My5vcmcvMjAwMC9zdmciPjwvc3ZnPg==\" style=\"--smush-placeholder-width: 600px; --smush-placeholder-aspect-ratio: 600\/400;\" \/><\/div>\n\t\t<\/figure>\n\t<\/div>\n<div class=\"ult-spacer spacer-6a06713c773cc\" data-id=\"6a06713c773cc\" data-height=\"10\" data-height-mobile=\"10\" data-height-tab=\"10\" data-height-tab-portrait=\"10\" data-height-mobile-landscape=\"10\" style=\"clear:both;display:block;\"><\/div>\n\t<div  class=\"wpb_single_image wpb_content_element vc_align_left\">\n\t\t\n\t\t<figure class=\"wpb_wrapper vc_figure\">\n\t\t\t<div class=\"vc_single_image-wrapper   vc_box_border_grey\"><img decoding=\"async\" width=\"600\" height=\"400\" data-src=\"https:\/\/detgroennemuseum.dk\/wp-content\/smush-webp\/2023\/07\/Lotte-og-familien-noed-vejret-og-de-sjove-aktiviteter-600x400.jpeg.webp\" class=\"vc_single_image-img attachment-medium lazyload\" alt=\"Lotte and the family enjoyed the weather and the fun activities\" title=\"Lotte and the family enjoyed the weather and the fun activities\" data-srcset=\"https:\/\/detgroennemuseum.dk\/wp-content\/smush-webp\/2023\/07\/Lotte-og-familien-noed-vejret-og-de-sjove-aktiviteter-600x400.jpeg.webp 600w, https:\/\/detgroennemuseum.dk\/wp-content\/smush-webp\/2023\/07\/Lotte-og-familien-noed-vejret-og-de-sjove-aktiviteter-1024x683.jpeg.webp 1024w, https:\/\/detgroennemuseum.dk\/wp-content\/smush-webp\/2023\/07\/Lotte-og-familien-noed-vejret-og-de-sjove-aktiviteter-768x512.jpeg.webp 768w, https:\/\/detgroennemuseum.dk\/wp-content\/smush-webp\/2023\/07\/Lotte-og-familien-noed-vejret-og-de-sjove-aktiviteter-64x43.jpeg.webp 64w, https:\/\/detgroennemuseum.dk\/wp-content\/smush-webp\/2023\/07\/Lotte-og-familien-noed-vejret-og-de-sjove-aktiviteter.jpeg.webp 1500w\" data-sizes=\"(max-width: 600px) 100vw, 600px\"  data-dt-location=\"https:\/\/detgroennemuseum.dk\/en\/traed-ind-i-historien-paa-det-groenne-museum\/lotte-og-familien-noed-vejret-og-de-sjove-aktiviteter\/\" src=\"data:image\/svg+xml;base64,PHN2ZyB3aWR0aD0iMSIgaGVpZ2h0PSIxIiB4bWxucz0iaHR0cDovL3d3dy53My5vcmcvMjAwMC9zdmciPjwvc3ZnPg==\" style=\"--smush-placeholder-width: 600px; --smush-placeholder-aspect-ratio: 600\/400;\" \/><\/div>\n\t\t<\/figure>\n\t<\/div>\n<div class=\"ult-spacer spacer-6a06713c779fc\" data-id=\"6a06713c779fc\" data-height=\"10\" data-height-mobile=\"10\" data-height-tab=\"10\" data-height-tab-portrait=\"10\" data-height-mobile-landscape=\"10\" style=\"clear:both;display:block;\"><\/div><\/div><\/div><\/div><\/div><div class=\"vc_row wpb_row vc_row-fluid\"><div class=\"wpb_column vc_column_container vc_col-sm-12\"><div class=\"vc_column-inner vc_custom_1510649124151\"><div class=\"wpb_wrapper\"><div class=\"ult-spacer spacer-6a06713c79041\" data-id=\"6a06713c79041\" data-height=\"10\" data-height-mobile=\"15\" data-height-tab=\"25\" data-height-tab-portrait=\"25\" data-height-mobile-landscape=\"15\" style=\"clear:both;display:block;\"><\/div><\/div><\/div><\/div><\/div>\n<\/div>","protected":false},"excerpt":{"rendered":"<p>Summer vacation at the Green Museum Experiences for the whole family The summer vacation at the Green Museum is something very special. Here there is room for curiosity, play and learning \u2013 and for\u2026<\/p>","protected":false},"author":17,"featured_media":13969,"parent":0,"menu_order":0,"comment_status":"closed","ping_status":"closed","template":"","meta":{"_price":"","_stock":"","_tribe_ticket_header":"","_tribe_default_ticket_provider":"","_tribe_ticket_capacity":"0","_ticket_start_date":"","_ticket_end_date":"","_tribe_ticket_show_description":"","_tribe_ticket_show_not_going":false,"_tribe_ticket_use_global_stock":"","_tribe_ticket_global_stock_level":"","_global_stock_mode":"","_global_stock_cap":"","_tribe_rsvp_for_event":"","_tribe_ticket_going_count":"","_tribe_ticket_not_going_count":"","_tribe_tickets_list":"[]","_tribe_ticket_has_attendee_info_fields":false,"footnotes":""},"class_list":["post-8124","page","type-page","status-publish","has-post-thumbnail","hentry","description-off"],"yoast_head":"<!-- This site is optimized with the Yoast SEO plugin v27.6 - https:\/\/yoast.com\/product\/yoast-seo-wordpress\/ -->\n<title>Oplevelser i sommerferien for b\u00f8rn og voksne | Bes\u00f8g museet<\/title>\n<meta name=\"description\" content=\"Sommerferie betyder masser af liv og aktiviteter for hele familien p\u00e5 Det Gr\u00f8nne Museum. F\u00e5 en fantastisk dag i historien for alle aldre!\" \/>\n<meta name=\"robots\" content=\"index, follow, max-snippet:-1, max-image-preview:large, max-video-preview:-1\" \/>\n<link rel=\"canonical\" href=\"https:\/\/detgroennemuseum.dk\/en\/summer\/\" \/>\n<meta property=\"og:locale\" content=\"en_GB\" \/>\n<meta property=\"og:type\" content=\"article\" \/>\n<meta property=\"og:title\" content=\"Oplevelser i sommerferien for b\u00f8rn og voksne | Bes\u00f8g museet\" \/>\n<meta property=\"og:description\" content=\"Sommerferie betyder masser af liv og aktiviteter for hele familien p\u00e5 Det Gr\u00f8nne Museum. F\u00e5 en fantastisk dag i historien for alle aldre!\" \/>\n<meta property=\"og:url\" content=\"https:\/\/detgroennemuseum.dk\/en\/summer\/\" \/>\n<meta property=\"og:site_name\" content=\"Det Gr\u00f8nne Museum\" \/>\n<meta property=\"article:modified_time\" content=\"2026-04-07T11:16:57+00:00\" \/>\n<meta property=\"og:image\" content=\"https:\/\/detgroennemuseum.dk\/wp-content\/uploads\/2020\/07\/sommer-8.jpg\" \/>\n\t<meta property=\"og:image:width\" content=\"1920\" \/>\n\t<meta property=\"og:image:height\" content=\"1280\" \/>\n\t<meta property=\"og:image:type\" content=\"image\/jpeg\" \/>\n<meta name=\"twitter:card\" content=\"summary_large_image\" \/>\n<meta name=\"twitter:label1\" content=\"Estimated reading time\" \/>\n\t<meta name=\"twitter:data1\" content=\"12 minutes\" \/>\n<script type=\"application\/ld+json\" class=\"yoast-schema-graph\">{\"@context\":\"https:\\\/\\\/schema.org\",\"@graph\":[{\"@type\":\"WebPage\",\"@id\":\"https:\\\/\\\/detgroennemuseum.dk\\\/sommer\\\/\",\"url\":\"https:\\\/\\\/detgroennemuseum.dk\\\/sommer\\\/\",\"name\":\"Oplevelser i sommerferien for b\u00f8rn og voksne | Bes\u00f8g museet\",\"isPartOf\":{\"@id\":\"https:\\\/\\\/detgroennemuseum.dk\\\/#website\"},\"primaryImageOfPage\":{\"@id\":\"https:\\\/\\\/detgroennemuseum.dk\\\/sommer\\\/#primaryimage\"},\"image\":{\"@id\":\"https:\\\/\\\/detgroennemuseum.dk\\\/sommer\\\/#primaryimage\"},\"thumbnailUrl\":\"https:\\\/\\\/detgroennemuseum.dk\\\/wp-content\\\/uploads\\\/2020\\\/07\\\/sommer-8.jpg\",\"datePublished\":\"2023-05-23T08:20:09+00:00\",\"dateModified\":\"2026-04-07T11:16:57+00:00\",\"description\":\"Sommerferie betyder masser af liv og aktiviteter for hele familien p\u00e5 Det Gr\u00f8nne Museum. F\u00e5 en fantastisk dag i historien for alle aldre!\",\"breadcrumb\":{\"@id\":\"https:\\\/\\\/detgroennemuseum.dk\\\/sommer\\\/#breadcrumb\"},\"inLanguage\":\"en-GB\",\"potentialAction\":[{\"@type\":\"ReadAction\",\"target\":[\"https:\\\/\\\/detgroennemuseum.dk\\\/sommer\\\/\"]}]},{\"@type\":\"ImageObject\",\"inLanguage\":\"en-GB\",\"@id\":\"https:\\\/\\\/detgroennemuseum.dk\\\/sommer\\\/#primaryimage\",\"url\":\"https:\\\/\\\/detgroennemuseum.dk\\\/wp-content\\\/uploads\\\/2020\\\/07\\\/sommer-8.jpg\",\"contentUrl\":\"https:\\\/\\\/detgroennemuseum.dk\\\/wp-content\\\/uploads\\\/2020\\\/07\\\/sommer-8.jpg\",\"width\":1920,\"height\":1280,\"caption\":\"Masser af sommeraktiviteter p\u00e5 Det Gr\u00f8nne Museum p\u00e5 Gl. Estrup.\"},{\"@type\":\"BreadcrumbList\",\"@id\":\"https:\\\/\\\/detgroennemuseum.dk\\\/sommer\\\/#breadcrumb\",\"itemListElement\":[{\"@type\":\"ListItem\",\"position\":1,\"name\":\"Hjem\",\"item\":\"https:\\\/\\\/detgroennemuseum.dk\\\/\"},{\"@type\":\"ListItem\",\"position\":2,\"name\":\"Sommer\"}]},{\"@type\":\"WebSite\",\"@id\":\"https:\\\/\\\/detgroennemuseum.dk\\\/#website\",\"url\":\"https:\\\/\\\/detgroennemuseum.dk\\\/\",\"name\":\"Det Gr\u00f8nne Museum\",\"description\":\"Danmarks nationale museum for jagten, skoven, landbruget og maden\",\"potentialAction\":[{\"@type\":\"SearchAction\",\"target\":{\"@type\":\"EntryPoint\",\"urlTemplate\":\"https:\\\/\\\/detgroennemuseum.dk\\\/?s={search_term_string}\"},\"query-input\":{\"@type\":\"PropertyValueSpecification\",\"valueRequired\":true,\"valueName\":\"search_term_string\"}}],\"inLanguage\":\"en-GB\"}]}<\/script>\n<!-- \/ Yoast SEO plugin. -->","yoast_head_json":{"title":"Summer holiday experiences for children and adults | Visit the museum","description":"Summer vacation means lots of life and activities for the whole family at The Green Museum. Have a fantastic day in history for all ages!","robots":{"index":"index","follow":"follow","max-snippet":"max-snippet:-1","max-image-preview":"max-image-preview:large","max-video-preview":"max-video-preview:-1"},"canonical":"https:\/\/detgroennemuseum.dk\/en\/summer\/","og_locale":"en_GB","og_type":"article","og_title":"Oplevelser i sommerferien for b\u00f8rn og voksne | Bes\u00f8g museet","og_description":"Sommerferie betyder masser af liv og aktiviteter for hele familien p\u00e5 Det Gr\u00f8nne Museum. F\u00e5 en fantastisk dag i historien for alle aldre!","og_url":"https:\/\/detgroennemuseum.dk\/en\/summer\/","og_site_name":"Det Gr\u00f8nne Museum","article_modified_time":"2026-04-07T11:16:57+00:00","og_image":[{"width":1920,"height":1280,"url":"https:\/\/detgroennemuseum.dk\/wp-content\/uploads\/2020\/07\/sommer-8.jpg","type":"image\/jpeg"}],"twitter_card":"summary_large_image","twitter_misc":{"Estimated reading time":"12 minutes"},"schema":{"@context":"https:\/\/schema.org","@graph":[{"@type":"WebPage","@id":"https:\/\/detgroennemuseum.dk\/sommer\/","url":"https:\/\/detgroennemuseum.dk\/sommer\/","name":"Summer holiday experiences for children and adults | Visit the museum","isPartOf":{"@id":"https:\/\/detgroennemuseum.dk\/#website"},"primaryImageOfPage":{"@id":"https:\/\/detgroennemuseum.dk\/sommer\/#primaryimage"},"image":{"@id":"https:\/\/detgroennemuseum.dk\/sommer\/#primaryimage"},"thumbnailUrl":"https:\/\/detgroennemuseum.dk\/wp-content\/uploads\/2020\/07\/sommer-8.jpg","datePublished":"2023-05-23T08:20:09+00:00","dateModified":"2026-04-07T11:16:57+00:00","description":"Summer vacation means lots of life and activities for the whole family at The Green Museum. Have a fantastic day in history for all ages!","breadcrumb":{"@id":"https:\/\/detgroennemuseum.dk\/sommer\/#breadcrumb"},"inLanguage":"en-GB","potentialAction":[{"@type":"ReadAction","target":["https:\/\/detgroennemuseum.dk\/sommer\/"]}]},{"@type":"ImageObject","inLanguage":"en-GB","@id":"https:\/\/detgroennemuseum.dk\/sommer\/#primaryimage","url":"https:\/\/detgroennemuseum.dk\/wp-content\/uploads\/2020\/07\/sommer-8.jpg","contentUrl":"https:\/\/detgroennemuseum.dk\/wp-content\/uploads\/2020\/07\/sommer-8.jpg","width":1920,"height":1280,"caption":"Masser af sommeraktiviteter p\u00e5 Det Gr\u00f8nne Museum p\u00e5 Gl. Estrup."},{"@type":"BreadcrumbList","@id":"https:\/\/detgroennemuseum.dk\/sommer\/#breadcrumb","itemListElement":[{"@type":"ListItem","position":1,"name":"Hjem","item":"https:\/\/detgroennemuseum.dk\/"},{"@type":"ListItem","position":2,"name":"Sommer"}]},{"@type":"WebSite","@id":"https:\/\/detgroennemuseum.dk\/#website","url":"https:\/\/detgroennemuseum.dk\/","name":"The Green Museum","description":"Denmark&#039;s National Museum of Hunting, Forestry, Agriculture and Food","potentialAction":[{"@type":"SearchAction","target":{"@type":"EntryPoint","urlTemplate":"https:\/\/detgroennemuseum.dk\/?s={search_term_string}"},"query-input":{"@type":"PropertyValueSpecification","valueRequired":true,"valueName":"search_term_string"}}],"inLanguage":"en-GB"}]}},"_links":{"self":[{"href":"https:\/\/detgroennemuseum.dk\/en\/wp-json\/wp\/v2\/pages\/8124","targetHints":{"allow":["GET"]}}],"collection":[{"href":"https:\/\/detgroennemuseum.dk\/en\/wp-json\/wp\/v2\/pages"}],"about":[{"href":"https:\/\/detgroennemuseum.dk\/en\/wp-json\/wp\/v2\/types\/page"}],"author":[{"embeddable":true,"href":"https:\/\/detgroennemuseum.dk\/en\/wp-json\/wp\/v2\/users\/17"}],"replies":[{"embeddable":true,"href":"https:\/\/detgroennemuseum.dk\/en\/wp-json\/wp\/v2\/comments?post=8124"}],"version-history":[{"count":181,"href":"https:\/\/detgroennemuseum.dk\/en\/wp-json\/wp\/v2\/pages\/8124\/revisions"}],"predecessor-version":[{"id":27334,"href":"https:\/\/detgroennemuseum.dk\/en\/wp-json\/wp\/v2\/pages\/8124\/revisions\/27334"}],"wp:featuredmedia":[{"embeddable":true,"href":"https:\/\/detgroennemuseum.dk\/en\/wp-json\/wp\/v2\/media\/13969"}],"wp:attachment":[{"href":"https:\/\/detgroennemuseum.dk\/en\/wp-json\/wp\/v2\/media?parent=8124"}],"curies":[{"name":"wp","href":"https:\/\/api.w.org\/{rel}","templated":true}]}}