{"id":26450,"date":"2025-12-15T10:44:52","date_gmt":"2025-12-15T09:44:52","guid":{"rendered":"https:\/\/detgroennemuseum.dk\/?page_id=26450"},"modified":"2025-12-15T10:44:52","modified_gmt":"2025-12-15T09:44:52","slug":"from-sheep-to-coat","status":"publish","type":"page","link":"https:\/\/detgroennemuseum.dk\/en\/undervisning\/fra-faar-til-frakke\/","title":{"rendered":"FROM SHEEP TO COAT"},"content":{"rendered":"<div class=\"wpb-content-wrapper\"><div class=\"vc_row wpb_row vc_row-fluid\"><div class=\"wpb_column vc_column_container vc_col-sm-12\"><div class=\"vc_column-inner\"><div class=\"wpb_wrapper\">\n\t<div class=\"wpb_text_column wpb_content_element\" >\n\t\t<div class=\"wpb_wrapper\">\n\t\t\t<h1 style=\"text-align: center;\">From sheep to coat<\/h1>\n\n\t\t<\/div>\n\t<\/div>\n<\/div><\/div><\/div><\/div><div class=\"vc_row wpb_row vc_row-fluid vc_custom_1515156580374\"><div class=\"wpb_column vc_column_container vc_col-sm-12\"><div class=\"vc_column-inner\"><div class=\"wpb_wrapper\">\n\t<div class=\"wpb_text_column wpb_content_element  vc_custom_1765783945345\" >\n\t\t<div class=\"wpb_wrapper\">\n\t\t\t<h3>A teaching course about livestock and in particular the role of sheep in Danish agricultural history<\/h3>\n<p>The sheep is one of the world&#039;s oldest domestic animals. The sheep we know today are descended from the wild breed Mouflon, which still lives in Asia and Europe. The sheep came to Denmark with the introduction of agriculture along with cattle about 6000 years ago.<\/p>\n<p>Originally, sheep were used for meat, as wild sheep did not have much wool. Later, sheep with more wool were bred to make clothes.<\/p>\n<p>It was especially the women in the old farming communities who took responsibility for the tasks of processing wool and linen and producing clothes for both everyday and festive occasions. The men&#039;s tasks were linked to the earliest processes in the processing, which often required strength and more hands. The processing of the wool took a long time. First, the freshly washed sheep had to be sheared. Then the wool had to be sorted, carded, spun and woven or knitted into clothes.<\/p>\n<p>In a FROM SHEEP TO COAT course, students will have their own hands in the old crafts. They will feel the wool \u2013 both before and after it has been washed. The wool will be carded, spun, felted and perhaps also knitted, crocheted or woven.<\/p>\n<p>At the Green Museum, all of our livestock are living cultural heritage and the breeds are old Danish breeds. On a FROM SHEEP TO COAT course, we will of course visit the museum&#039;s own sheep. The course starts with an age-appropriate dialogue-based tour of relevant exhibitions inside, but at the sheep outside. If it fits into the day&#039;s feeding program, the students are responsible for feeding the sheep today, and we will talk about the characteristics of the different breeds, and feel the wool from the different breeds.<\/p>\n\n\t\t<\/div>\n\t<\/div>\n<div  class=\"vc_do_toggle vc_toggle vc_toggle_default vc_toggle_color_default  vc_toggle_size_md\"><div class=\"vc_toggle_title\"><h4>TARGET GROUP<\/h4><i class=\"vc_toggle_icon\"><\/i><\/div><div class=\"vc_toggle_content\"><p>School enrollment<\/p>\n<p>Intermediate level<\/p>\n<\/div><\/div><div  class=\"vc_do_toggle vc_toggle vc_toggle_default vc_toggle_color_default  vc_toggle_size_md\"><div class=\"vc_toggle_title\"><h4>SUBJECT<\/h4><i class=\"vc_toggle_icon\"><\/i><\/div><div class=\"vc_toggle_content\"><p>Students&#039; all-round development<\/p>\n<p>Danish<\/p>\n<p>History<\/p>\n<p>Crafts and Design<\/p>\n<\/div><\/div><div  class=\"vc_do_toggle vc_toggle vc_toggle_default vc_toggle_color_default  vc_toggle_size_md\"><div class=\"vc_toggle_title\"><h4>Time consumption and indicative program<\/h4><i class=\"vc_toggle_icon\"><\/i><\/div><div class=\"vc_toggle_content\"><p>3.5 hours (if you want time to explore the exhibitions on your own, make sure to set aside extra time for this after the course.)<\/p>\n<p>&nbsp;<\/p>\n<p><strong>GUIDELINE PROGRAM:<\/strong><\/p>\n<p class=\"cvGsUA direction-ltr align-start para-style-body\"><span class=\"a_GcMg font-feature-liga-off font-feature-clig-off font-feature-calt-off text-decoration-none text-strikethrough-none\">9.30: Arrival at the Green Museum<\/span><\/p>\n<p class=\"cvGsUA direction-ltr align-start para-style-body\"><span class=\"a_GcMg font-feature-liga-off font-feature-clig-off font-feature-calt-off text-decoration-none text-strikethrough-none\">9.45 \u2013 11: Tour both inside and outside<\/span><\/p>\n<p class=\"cvGsUA direction-ltr align-start para-style-body\"><span class=\"a_GcMg font-feature-liga-off font-feature-clig-off font-feature-calt-off text-decoration-none text-strikethrough-none\">11 \u2013 11.30: <\/span><span class=\"a_GcMg font-feature-liga-off font-feature-clig-off font-feature-calt-off text-decoration-none text-strikethrough-none\">\u00a0 \u00a0 \u00a0 \u00a0Break and packed lunches<\/span><\/p>\n<p class=\"cvGsUA direction-ltr align-start para-style-body\"><span class=\"a_GcMg font-feature-liga-off font-feature-clig-off font-feature-calt-off text-decoration-none text-strikethrough-none\">11.30 \u2013 13.00: Working with the wool<\/span><\/p>\n<p>13.00: Closing and thanks for today<\/p>\n<\/div><\/div><div  class=\"vc_do_toggle vc_toggle vc_toggle_default vc_toggle_color_default  vc_toggle_size_md\"><div class=\"vc_toggle_title\"><h4>Number<\/h4><i class=\"vc_toggle_icon\"><\/i><\/div><div class=\"vc_toggle_content\"><p>Max 25 people\/class<\/p>\n<\/div><\/div><div  class=\"vc_do_toggle vc_toggle vc_toggle_default vc_toggle_color_default  vc_toggle_size_md\"><div class=\"vc_toggle_title\"><h4>Price<\/h4><i class=\"vc_toggle_icon\"><\/i><\/div><div class=\"vc_toggle_content\"><p>1500 kr<\/p>\n<\/div><\/div><div  class=\"vc_do_toggle vc_toggle vc_toggle_default vc_toggle_color_default  vc_toggle_size_md\"><div class=\"vc_toggle_title\"><h4>NOTE<\/h4><i class=\"vc_toggle_icon\"><\/i><\/div><div class=\"vc_toggle_content\"><p>Bring packed lunches \u2013 there is no possibility to buy food at the museum.<\/p>\n<p>The museum has a huge area and during this course we will also be going around the outdoor area and visiting the animals. The children should therefore be prepared to walk quite a bit as part of the course.<\/p>\n<\/div><\/div><div  class=\"vc_do_toggle vc_toggle vc_toggle_default vc_toggle_color_default  vc_toggle_size_md\"><div class=\"vc_toggle_title\"><h4>Competency goals<\/h4><i class=\"vc_toggle_icon\"><\/i><\/div><div class=\"vc_toggle_content\"><ul>\n<li>The student has knowledge about the basis of life and production in the past and present.<\/li>\n<li>The student can gain knowledge about history through the use of historical scenarios.<\/li>\n<li>The student can put their own and others&#039; historical narratives into perspective in time and space.<\/li>\n<li>The student can relate changes in everyday life and living conditions over time to their own life.<\/li>\n<li>The student can compare significant features of historical periods.<\/li>\n<li>The student can alternate between listening and speaking.<\/li>\n<li>The student has knowledge of turn taking.<\/li>\n<li>The student can use spoken language in conversation and collaboration.<\/li>\n<\/ul>\n<\/div><\/div><div  class=\"vc_do_toggle vc_toggle vc_toggle_default vc_toggle_color_default  vc_toggle_size_md\"><div class=\"vc_toggle_title\"><h4>Teaching materials<\/h4><i class=\"vc_toggle_icon\"><\/i><\/div><div class=\"vc_toggle_content\"><p><a href=\"https:\/\/detgroennemuseum.dk\/wp-content\/uploads\/2025\/12\/FFF-til-underviseren.pdf\" target=\"\">Teaching materials about farm animals and pets (with teacher info)<\/a><\/p>\n<p><a href=\"https:\/\/detgroennemuseum.dk\/wp-content\/uploads\/2025\/12\/FFF-til-eleverne.pdf\" target=\"\">Teaching materials about farm animals and pets (for students)<\/a><\/p>\n<p><a href=\"https:\/\/detgroennemuseum.dk\/en\/homeschool-dunlop-sheep\/\">Homeschooling about Dune Sheep<\/a><\/p>\n<\/div><\/div><\/div><\/div><\/div><\/div><div class=\"vc_row wpb_row vc_row-fluid\"><div class=\"wpb_column vc_column_container vc_col-sm-12\"><div class=\"vc_column-inner\"><div class=\"wpb_wrapper\">\n\t<div  class=\"wpb_single_image wpb_content_element vc_align_center\">\n\t\t\n\t\t<figure class=\"wpb_wrapper vc_figure\">\n\t\t\t<div class=\"vc_single_image-wrapper   vc_box_border_grey\"><img decoding=\"async\" width=\"1920\" height=\"890\" data-src=\"https:\/\/detgroennemuseum.dk\/wp-content\/smush-webp\/2025\/12\/FRA-FAaR-TIL-FRAKKE.jpg.webp\" class=\"vc_single_image-img attachment-full lazyload\" alt=\"Collage with images from the teaching course FROM SHEEP TO COAT at The Green Museum\" title=\"FROM SHEEP TO COAT\" data-srcset=\"https:\/\/detgroennemuseum.dk\/wp-content\/smush-webp\/2025\/12\/FRA-FAaR-TIL-FRAKKE.jpg.webp 1920w, https:\/\/detgroennemuseum.dk\/wp-content\/smush-webp\/2025\/12\/FRA-FAaR-TIL-FRAKKE-600x278.jpg.webp 600w, https:\/\/detgroennemuseum.dk\/wp-content\/smush-webp\/2025\/12\/FRA-FAaR-TIL-FRAKKE-1024x475.jpg.webp 1024w, https:\/\/detgroennemuseum.dk\/wp-content\/smush-webp\/2025\/12\/FRA-FAaR-TIL-FRAKKE-768x356.jpg.webp 768w, https:\/\/detgroennemuseum.dk\/wp-content\/smush-webp\/2025\/12\/FRA-FAaR-TIL-FRAKKE-1536x712.jpg.webp 1536w, https:\/\/detgroennemuseum.dk\/wp-content\/smush-webp\/2025\/12\/FRA-FAaR-TIL-FRAKKE-18x8.jpg.webp 18w, https:\/\/detgroennemuseum.dk\/wp-content\/smush-webp\/2025\/12\/FRA-FAaR-TIL-FRAKKE-64x30.jpg.webp 64w\" data-sizes=\"(max-width: 1920px) 100vw, 1920px\"  data-dt-location=\"https:\/\/detgroennemuseum.dk\/en\/undervisning\/fra-faar-til-frakke\/fra-faar-til-frakke\/\" src=\"data:image\/svg+xml;base64,PHN2ZyB3aWR0aD0iMSIgaGVpZ2h0PSIxIiB4bWxucz0iaHR0cDovL3d3dy53My5vcmcvMjAwMC9zdmciPjwvc3ZnPg==\" style=\"--smush-placeholder-width: 1920px; --smush-placeholder-aspect-ratio: 1920\/890;\" \/><\/div>\n\t\t<\/figure>\n\t<\/div>\n<\/div><\/div><\/div><\/div>\n<\/div>","protected":false},"excerpt":{"rendered":"<p>From sheep to coat A teaching course about livestock and in particular the role of sheep in Danish agricultural history The sheep is one of the world&#039;s oldest livestock. The sheep we know today are descended from\u2026<\/p>","protected":false},"author":19,"featured_media":0,"parent":1258,"menu_order":0,"comment_status":"closed","ping_status":"closed","template":"","meta":{"_price":"","_stock":"","_tribe_ticket_header":"","_tribe_default_ticket_provider":"","_tribe_ticket_capacity":"0","_ticket_start_date":"","_ticket_end_date":"","_tribe_ticket_show_description":"","_tribe_ticket_show_not_going":false,"_tribe_ticket_use_global_stock":"","_tribe_ticket_global_stock_level":"","_global_stock_mode":"","_global_stock_cap":"","_tribe_rsvp_for_event":"","_tribe_ticket_going_count":"","_tribe_ticket_not_going_count":"","_tribe_tickets_list":"[]","_tribe_ticket_has_attendee_info_fields":false,"footnotes":""},"class_list":["post-26450","page","type-page","status-publish","hentry","description-off"],"yoast_head":"<!-- This site is optimized with the Yoast SEO plugin v27.4 - https:\/\/yoast.com\/product\/yoast-seo-wordpress\/ -->\n<title>Undervisningsforl\u00f8b | Fra f\u00e5r til frakke<\/title>\n<meta name=\"description\" content=\"Her kan du l\u00e6se mere om Det Gr\u00f8nne Museums undervisningsforl\u00f8b: FRA F\u00c5R TIL FRAKKE. Et forl\u00f8b om landbrugs historie - is\u00e6r f\u00e5rets rolle.\" \/>\n<meta name=\"robots\" content=\"index, follow, max-snippet:-1, max-image-preview:large, max-video-preview:-1\" \/>\n<link rel=\"canonical\" href=\"https:\/\/detgroennemuseum.dk\/en\/education\/from-sheep-to-coat\/\" \/>\n<meta property=\"og:locale\" content=\"en_GB\" \/>\n<meta property=\"og:type\" content=\"article\" \/>\n<meta property=\"og:title\" content=\"Undervisningsforl\u00f8b | Fra f\u00e5r til frakke\" \/>\n<meta property=\"og:description\" content=\"Her kan du l\u00e6se mere om Det Gr\u00f8nne Museums undervisningsforl\u00f8b: FRA F\u00c5R TIL FRAKKE. Et forl\u00f8b om landbrugs historie - is\u00e6r f\u00e5rets rolle.\" \/>\n<meta property=\"og:url\" content=\"https:\/\/detgroennemuseum.dk\/en\/education\/from-sheep-to-coat\/\" \/>\n<meta property=\"og:site_name\" content=\"Det Gr\u00f8nne Museum\" \/>\n<meta name=\"twitter:card\" content=\"summary_large_image\" \/>\n<meta name=\"twitter:label1\" content=\"Estimated reading time\" \/>\n\t<meta name=\"twitter:data1\" content=\"3 minutes\" \/>\n<script type=\"application\/ld+json\" class=\"yoast-schema-graph\">{\"@context\":\"https:\\\/\\\/schema.org\",\"@graph\":[{\"@type\":\"WebPage\",\"@id\":\"https:\\\/\\\/detgroennemuseum.dk\\\/undervisning\\\/fra-faar-til-frakke\\\/\",\"url\":\"https:\\\/\\\/detgroennemuseum.dk\\\/undervisning\\\/fra-faar-til-frakke\\\/\",\"name\":\"Undervisningsforl\u00f8b | Fra f\u00e5r til frakke\",\"isPartOf\":{\"@id\":\"https:\\\/\\\/detgroennemuseum.dk\\\/#website\"},\"datePublished\":\"2025-12-15T09:44:52+00:00\",\"description\":\"Her kan du l\u00e6se mere om Det Gr\u00f8nne Museums undervisningsforl\u00f8b: FRA F\u00c5R TIL FRAKKE. Et forl\u00f8b om landbrugs historie - is\u00e6r f\u00e5rets rolle.\",\"breadcrumb\":{\"@id\":\"https:\\\/\\\/detgroennemuseum.dk\\\/undervisning\\\/fra-faar-til-frakke\\\/#breadcrumb\"},\"inLanguage\":\"en-GB\",\"potentialAction\":[{\"@type\":\"ReadAction\",\"target\":[\"https:\\\/\\\/detgroennemuseum.dk\\\/undervisning\\\/fra-faar-til-frakke\\\/\"]}]},{\"@type\":\"BreadcrumbList\",\"@id\":\"https:\\\/\\\/detgroennemuseum.dk\\\/undervisning\\\/fra-faar-til-frakke\\\/#breadcrumb\",\"itemListElement\":[{\"@type\":\"ListItem\",\"position\":1,\"name\":\"Hjem\",\"item\":\"https:\\\/\\\/detgroennemuseum.dk\\\/\"},{\"@type\":\"ListItem\",\"position\":2,\"name\":\"Undervisning\",\"item\":\"https:\\\/\\\/detgroennemuseum.dk\\\/undervisning\\\/\"},{\"@type\":\"ListItem\",\"position\":3,\"name\":\"FRA F\u00c5R TIL FRAKKE\"}]},{\"@type\":\"WebSite\",\"@id\":\"https:\\\/\\\/detgroennemuseum.dk\\\/#website\",\"url\":\"https:\\\/\\\/detgroennemuseum.dk\\\/\",\"name\":\"Det Gr\u00f8nne Museum\",\"description\":\"Danmarks nationale museum for jagten, skoven, landbruget og maden\",\"potentialAction\":[{\"@type\":\"SearchAction\",\"target\":{\"@type\":\"EntryPoint\",\"urlTemplate\":\"https:\\\/\\\/detgroennemuseum.dk\\\/?s={search_term_string}\"},\"query-input\":{\"@type\":\"PropertyValueSpecification\",\"valueRequired\":true,\"valueName\":\"search_term_string\"}}],\"inLanguage\":\"en-GB\"}]}<\/script>\n<!-- \/ Yoast SEO plugin. -->","yoast_head_json":{"title":"Training course | From sheep to coat","description":"Here you can read more about The Green Museum&#039;s educational course: FROM SHEEP TO COAT. A course about the history of agriculture - especially the role of sheep.","robots":{"index":"index","follow":"follow","max-snippet":"max-snippet:-1","max-image-preview":"max-image-preview:large","max-video-preview":"max-video-preview:-1"},"canonical":"https:\/\/detgroennemuseum.dk\/en\/education\/from-sheep-to-coat\/","og_locale":"en_GB","og_type":"article","og_title":"Undervisningsforl\u00f8b | Fra f\u00e5r til frakke","og_description":"Her kan du l\u00e6se mere om Det Gr\u00f8nne Museums undervisningsforl\u00f8b: FRA F\u00c5R TIL FRAKKE. Et forl\u00f8b om landbrugs historie - is\u00e6r f\u00e5rets rolle.","og_url":"https:\/\/detgroennemuseum.dk\/en\/education\/from-sheep-to-coat\/","og_site_name":"Det Gr\u00f8nne Museum","twitter_card":"summary_large_image","twitter_misc":{"Estimated reading time":"3 minutes"},"schema":{"@context":"https:\/\/schema.org","@graph":[{"@type":"WebPage","@id":"https:\/\/detgroennemuseum.dk\/undervisning\/fra-faar-til-frakke\/","url":"https:\/\/detgroennemuseum.dk\/undervisning\/fra-faar-til-frakke\/","name":"Training course | From sheep to coat","isPartOf":{"@id":"https:\/\/detgroennemuseum.dk\/#website"},"datePublished":"2025-12-15T09:44:52+00:00","description":"Here you can read more about The Green Museum&#039;s educational course: FROM SHEEP TO COAT. A course about the history of agriculture - especially the role of sheep.","breadcrumb":{"@id":"https:\/\/detgroennemuseum.dk\/undervisning\/fra-faar-til-frakke\/#breadcrumb"},"inLanguage":"en-GB","potentialAction":[{"@type":"ReadAction","target":["https:\/\/detgroennemuseum.dk\/undervisning\/fra-faar-til-frakke\/"]}]},{"@type":"BreadcrumbList","@id":"https:\/\/detgroennemuseum.dk\/undervisning\/fra-faar-til-frakke\/#breadcrumb","itemListElement":[{"@type":"ListItem","position":1,"name":"Hjem","item":"https:\/\/detgroennemuseum.dk\/"},{"@type":"ListItem","position":2,"name":"Undervisning","item":"https:\/\/detgroennemuseum.dk\/undervisning\/"},{"@type":"ListItem","position":3,"name":"FRA F\u00c5R TIL FRAKKE"}]},{"@type":"WebSite","@id":"https:\/\/detgroennemuseum.dk\/#website","url":"https:\/\/detgroennemuseum.dk\/","name":"The Green Museum","description":"Denmark&#039;s National Museum of Hunting, Forestry, Agriculture and Food","potentialAction":[{"@type":"SearchAction","target":{"@type":"EntryPoint","urlTemplate":"https:\/\/detgroennemuseum.dk\/?s={search_term_string}"},"query-input":{"@type":"PropertyValueSpecification","valueRequired":true,"valueName":"search_term_string"}}],"inLanguage":"en-GB"}]}},"_links":{"self":[{"href":"https:\/\/detgroennemuseum.dk\/en\/wp-json\/wp\/v2\/pages\/26450","targetHints":{"allow":["GET"]}}],"collection":[{"href":"https:\/\/detgroennemuseum.dk\/en\/wp-json\/wp\/v2\/pages"}],"about":[{"href":"https:\/\/detgroennemuseum.dk\/en\/wp-json\/wp\/v2\/types\/page"}],"author":[{"embeddable":true,"href":"https:\/\/detgroennemuseum.dk\/en\/wp-json\/wp\/v2\/users\/19"}],"replies":[{"embeddable":true,"href":"https:\/\/detgroennemuseum.dk\/en\/wp-json\/wp\/v2\/comments?post=26450"}],"version-history":[{"count":6,"href":"https:\/\/detgroennemuseum.dk\/en\/wp-json\/wp\/v2\/pages\/26450\/revisions"}],"predecessor-version":[{"id":26481,"href":"https:\/\/detgroennemuseum.dk\/en\/wp-json\/wp\/v2\/pages\/26450\/revisions\/26481"}],"up":[{"embeddable":true,"href":"https:\/\/detgroennemuseum.dk\/en\/wp-json\/wp\/v2\/pages\/1258"}],"wp:attachment":[{"href":"https:\/\/detgroennemuseum.dk\/en\/wp-json\/wp\/v2\/media?parent=26450"}],"curies":[{"name":"wp","href":"https:\/\/api.w.org\/{rel}","templated":true}]}}