{"id":26400,"date":"2025-11-14T14:22:12","date_gmt":"2025-11-14T13:22:12","guid":{"rendered":"https:\/\/detgroennemuseum.dk\/?page_id=26400"},"modified":"2025-12-15T14:05:19","modified_gmt":"2025-12-15T13:05:19","slug":"gold-nugget","status":"publish","type":"page","link":"https:\/\/detgroennemuseum.dk\/en\/undervisning\/guldkorn\/","title":{"rendered":"GOLDEN GRAIN"},"content":{"rendered":"<div class=\"wpb-content-wrapper\"><div class=\"vc_row wpb_row vc_row-fluid\"><div class=\"wpb_column vc_column_container vc_col-sm-12\"><div class=\"vc_column-inner\"><div class=\"wpb_wrapper\">\n\t<div class=\"wpb_text_column wpb_content_element\" >\n\t\t<div class=\"wpb_wrapper\">\n\t\t\t<h1 style=\"text-align: center;\">Gold grain<\/h1>\n\n\t\t<\/div>\n\t<\/div>\n<\/div><\/div><\/div><\/div><div class=\"vc_row wpb_row vc_row-fluid vc_custom_1515156580374\"><div class=\"wpb_column vc_column_container vc_col-sm-12\"><div class=\"vc_column-inner\"><div class=\"wpb_wrapper\">\n\t<div class=\"wpb_text_column wpb_content_element  vc_custom_1763030781243\" >\n\t\t<div class=\"wpb_wrapper\">\n\t\t\t<h3>A teaching course about grain and Danish agriculture<\/h3>\n<p>For 6000 years we have grown grain in Denmark. In the Neolithic Age we grew wheat and barley. In the Bronze Age we also began to grow oats. And at the end of the Iron Age rye came to Denmark. Denmark is a nation raised on grain and to this day we in Denmark still produce between 7-10 tons of grain every single year.<\/p>\n<p>We use grain in our bread, beer and groats, but the majority of our production is used as feed in livestock production. This means that with the help of grain we can also get meat, eggs and milk on the table.<\/p>\n<p>In the GOLDEN GRAIN course, students will work on the history of grain in Denmark and do agricultural activities adapted to the season.<\/p>\n<p>We will work with grains, types of grains and the importance of grains in Danish history. And then we will use the grains to bake delicious buns.<\/p>\n<p>The course starts with an age-appropriate dialogue-based tour of the exhibitions. The focus is on the farmer&#039;s self-sufficiency and especially the importance of grain, the harvest and livestock for the farmer, farm life and the traditions associated with the harvest. The students learn about the four types of grain and their uses past and present.<\/p>\n<p>We emphasize the history of grain, grain as a means of prosperity and development, the importance of grain in war and peace, and the origin and importance of ancient grain varieties for the future. When baking, students can choose between different ancient varieties and experience differences in taste, appearance, and consistency.<\/p>\n<h4>AUTUMN MUST BE IN THE HOUSE (AUG. + SEP.)<\/h4>\n<p>During the harvest season (around August + September) there will be an additional charge of 400 DKK to cover the costs of an extra facilitator. The activities here take place in the field, where the students will harvest with a sickle, thresh with a flail and clean in a sieve as they did in the past. Buns are still baked.<\/p>\n\n\t\t<\/div>\n\t<\/div>\n<div  class=\"vc_do_toggle vc_toggle vc_toggle_default vc_toggle_color_default  vc_toggle_size_md\"><div class=\"vc_toggle_title\"><h4>TARGET GROUP<\/h4><i class=\"vc_toggle_icon\"><\/i><\/div><div class=\"vc_toggle_content\"><p>School enrollment<\/p>\n<\/div><\/div><div  class=\"vc_do_toggle vc_toggle vc_toggle_default vc_toggle_color_default  vc_toggle_size_md\"><div class=\"vc_toggle_title\"><h4>SUBJECT<\/h4><i class=\"vc_toggle_icon\"><\/i><\/div><div class=\"vc_toggle_content\"><p>Students&#039; all-round development<\/p>\n<p>Danish<\/p>\n<p>History<\/p>\n<\/div><\/div><div  class=\"vc_do_toggle vc_toggle vc_toggle_default vc_toggle_color_default  vc_toggle_size_md\"><div class=\"vc_toggle_title\"><h4>Time consumption and indicative program<\/h4><i class=\"vc_toggle_icon\"><\/i><\/div><div class=\"vc_toggle_content\"><p>4 hours (if you want to have time to explore the exhibitions on your own, you must make sure to set aside extra time for this after the course.)<\/p>\n<p>&nbsp;<\/p>\n<p><strong>GUIDELINE PROGRAM:<\/strong><\/p>\n<p class=\"cvGsUA direction-ltr align-start para-style-body\"><span class=\"a_GcMg font-feature-liga-off font-feature-clig-off font-feature-calt-off text-decoration-none text-strikethrough-none\">9.00: Arrival at the Green Museum<\/span><\/p>\n<p class=\"cvGsUA direction-ltr align-start para-style-body\"><span class=\"a_GcMg font-feature-liga-off font-feature-clig-off font-feature-calt-off text-decoration-none text-strikethrough-none\">9.15 \u2013 10: Guided tour<\/span><\/p>\n<p class=\"cvGsUA direction-ltr align-start para-style-body\"><span class=\"a_GcMg font-feature-liga-off font-feature-clig-off font-feature-calt-off text-decoration-none text-strikethrough-none\">10 \u2013 10.30:\u00a0 <\/span><span class=\"a_GcMg font-feature-liga-off font-feature-clig-off font-feature-calt-off text-decoration-none text-strikethrough-none\">\u00a0 \u00a0 \u00a0 Break and packed lunches<\/span><\/p>\n<p class=\"cvGsUA direction-ltr align-start para-style-body\"><span class=\"a_GcMg font-feature-liga-off font-feature-clig-off font-feature-calt-off text-decoration-none text-strikethrough-none\">10.30 \u2013 12.30: Agricultural activities + bun baking<\/span><\/p>\n<p>12.30 \u2013 13: End with buns, juice and freshly churned butter<\/p>\n<\/div><\/div><div  class=\"vc_do_toggle vc_toggle vc_toggle_default vc_toggle_color_default  vc_toggle_size_md\"><div class=\"vc_toggle_title\"><h4>Number<\/h4><i class=\"vc_toggle_icon\"><\/i><\/div><div class=\"vc_toggle_content\"><p>Max 25 people\/class<\/p>\n<\/div><\/div><div  class=\"vc_do_toggle vc_toggle vc_toggle_default vc_toggle_color_default  vc_toggle_size_md\"><div class=\"vc_toggle_title\"><h4>Price<\/h4><i class=\"vc_toggle_icon\"><\/i><\/div><div class=\"vc_toggle_content\"><p>1500 kr<\/p>\n<p>+ 400 kr during the harvest season (approx. Aug. + Sep.)<\/p>\n<\/div><\/div><div  class=\"vc_do_toggle vc_toggle vc_toggle_default vc_toggle_color_default  vc_toggle_size_md\"><div class=\"vc_toggle_title\"><h4>NOTE<\/h4><i class=\"vc_toggle_icon\"><\/i><\/div><div class=\"vc_toggle_content\"><p>Bring packed lunches \u2013 there is no possibility to buy food at the museum.<\/p>\n<\/div><\/div><div  class=\"vc_do_toggle vc_toggle vc_toggle_default vc_toggle_color_default  vc_toggle_size_md\"><div class=\"vc_toggle_title\"><h4>Competency goals<\/h4><i class=\"vc_toggle_icon\"><\/i><\/div><div class=\"vc_toggle_content\"><ul>\n<li>The student has knowledge about the basis of life and production in the past and present.<\/li>\n<li>The student can gain knowledge about history through the use of historical scenarios.<\/li>\n<li>The student can put their own and others&#039; historical narratives into perspective in time and space.<\/li>\n<li>The student can relate changes in everyday life and living conditions over time to their own life.<\/li>\n<li>The student can compare significant features of historical periods.<\/li>\n<li>The student can alternate between listening and speaking.<\/li>\n<li>The student has knowledge of turn taking.<\/li>\n<li>The student can use spoken language in conversation and collaboration.<\/li>\n<\/ul>\n<\/div><\/div><div  class=\"vc_do_toggle vc_toggle vc_toggle_default vc_toggle_color_default  vc_toggle_size_md\"><div class=\"vc_toggle_title\"><h4>Teaching materials<\/h4><i class=\"vc_toggle_icon\"><\/i><\/div><div class=\"vc_toggle_content\"><p>To continue working with grain and agriculture, we at The Green Museum have developed this print out that can be used as an extension of a GOLDEN GRAIN course.<\/p>\n<p><a href=\"https:\/\/detgroennemuseum.dk\/wp-content\/uploads\/2025\/12\/Guldkorn-laererark.pdf\" target=\"\">Gold for the teacher<\/a><\/p>\n<p><a href=\"https:\/\/detgroennemuseum.dk\/wp-content\/uploads\/2025\/12\/Guldkorn-elevark.pdf\" target=\"\">Goldcorn Student Sheet<\/a><\/p>\n<p>In addition, further work can be done and more information and material can be found on the following pages:<\/p>\n<\/div><\/div><\/div><\/div><\/div><\/div><div class=\"vc_row wpb_row vc_row-fluid\"><div class=\"wpb_column vc_column_container vc_col-sm-12\"><div class=\"vc_column-inner\"><div class=\"wpb_wrapper\">\n\t<div  class=\"wpb_single_image wpb_content_element vc_align_center\">\n\t\t\n\t\t<figure class=\"wpb_wrapper vc_figure\">\n\t\t\t<div class=\"vc_single_image-wrapper   vc_box_border_grey\"><img decoding=\"async\" width=\"1920\" height=\"890\" data-src=\"https:\/\/detgroennemuseum.dk\/wp-content\/smush-webp\/2025\/11\/GULDKORN-4.jpg.webp\" class=\"vc_single_image-img attachment-full lazyload\" alt=\"Collage of images from the GULDKORN teaching course at the Green Museum\" title=\"GOLDEN GRAIN UV\" data-srcset=\"https:\/\/detgroennemuseum.dk\/wp-content\/smush-webp\/2025\/11\/GULDKORN-4.jpg.webp 1920w, https:\/\/detgroennemuseum.dk\/wp-content\/smush-webp\/2025\/11\/GULDKORN-4-600x278.jpg.webp 600w, https:\/\/detgroennemuseum.dk\/wp-content\/smush-webp\/2025\/11\/GULDKORN-4-1024x475.jpg.webp 1024w, https:\/\/detgroennemuseum.dk\/wp-content\/smush-webp\/2025\/11\/GULDKORN-4-768x356.jpg.webp 768w, https:\/\/detgroennemuseum.dk\/wp-content\/smush-webp\/2025\/11\/GULDKORN-4-1536x712.jpg.webp 1536w, https:\/\/detgroennemuseum.dk\/wp-content\/smush-webp\/2025\/11\/GULDKORN-4-18x8.jpg.webp 18w, https:\/\/detgroennemuseum.dk\/wp-content\/smush-webp\/2025\/11\/GULDKORN-4-64x30.jpg.webp 64w\" data-sizes=\"(max-width: 1920px) 100vw, 1920px\"  data-dt-location=\"https:\/\/detgroennemuseum.dk\/en\/undervisning\/guldkorn\/guldkorn-4\/\" src=\"data:image\/svg+xml;base64,PHN2ZyB3aWR0aD0iMSIgaGVpZ2h0PSIxIiB4bWxucz0iaHR0cDovL3d3dy53My5vcmcvMjAwMC9zdmciPjwvc3ZnPg==\" style=\"--smush-placeholder-width: 1920px; --smush-placeholder-aspect-ratio: 1920\/890;\" \/><\/div>\n\t\t<\/figure>\n\t<\/div>\n<\/div><\/div><\/div><\/div>\n<\/div>","protected":false},"excerpt":{"rendered":"<p>Guldkorn A teaching course about grain and Danish agriculture For 6000 years we have grown grain in Denmark. In the Neolithic Age, wheat and barley were grown. In the Bronze Age, they also began to\u2026<\/p>","protected":false},"author":19,"featured_media":0,"parent":1258,"menu_order":0,"comment_status":"closed","ping_status":"closed","template":"","meta":{"_price":"","_stock":"","_tribe_ticket_header":"","_tribe_default_ticket_provider":"","_tribe_ticket_capacity":"0","_ticket_start_date":"","_ticket_end_date":"","_tribe_ticket_show_description":"","_tribe_ticket_show_not_going":false,"_tribe_ticket_use_global_stock":"","_tribe_ticket_global_stock_level":"","_global_stock_mode":"","_global_stock_cap":"","_tribe_rsvp_for_event":"","_tribe_ticket_going_count":"","_tribe_ticket_not_going_count":"","_tribe_tickets_list":"[]","_tribe_ticket_has_attendee_info_fields":false,"footnotes":""},"class_list":["post-26400","page","type-page","status-publish","hentry","description-off"],"yoast_head":"<!-- This site is optimized with the Yoast SEO plugin v27.6 - https:\/\/yoast.com\/product\/yoast-seo-wordpress\/ -->\n<title>Undervisningsforl\u00f8b | GULDKORN<\/title>\n<meta name=\"description\" content=\"Her kan du l\u00e6se mere om Det Gr\u00f8nne Museums undervisningsforl\u00f8b: GULDKORN. Et forl\u00f8b om landbrugs historie, med s\u00e6rligt fokus p\u00e5 korn.\" \/>\n<meta name=\"robots\" content=\"index, follow, max-snippet:-1, max-image-preview:large, max-video-preview:-1\" \/>\n<link rel=\"canonical\" href=\"https:\/\/detgroennemuseum.dk\/en\/education\/gold-nugget\/\" \/>\n<meta property=\"og:locale\" content=\"en_GB\" \/>\n<meta property=\"og:type\" content=\"article\" \/>\n<meta property=\"og:title\" content=\"Undervisningsforl\u00f8b | GULDKORN\" \/>\n<meta property=\"og:description\" content=\"Her kan du l\u00e6se mere om Det Gr\u00f8nne Museums undervisningsforl\u00f8b: GULDKORN. Et forl\u00f8b om landbrugs historie, med s\u00e6rligt fokus p\u00e5 korn.\" \/>\n<meta property=\"og:url\" content=\"https:\/\/detgroennemuseum.dk\/en\/education\/gold-nugget\/\" \/>\n<meta property=\"og:site_name\" content=\"Det Gr\u00f8nne Museum\" \/>\n<meta property=\"article:modified_time\" content=\"2025-12-15T13:05:19+00:00\" \/>\n<meta name=\"twitter:card\" content=\"summary_large_image\" \/>\n<meta name=\"twitter:label1\" content=\"Estimated reading time\" \/>\n\t<meta name=\"twitter:data1\" content=\"3 minutes\" \/>\n<script type=\"application\/ld+json\" class=\"yoast-schema-graph\">{\"@context\":\"https:\\\/\\\/schema.org\",\"@graph\":[{\"@type\":\"WebPage\",\"@id\":\"https:\\\/\\\/detgroennemuseum.dk\\\/undervisning\\\/guldkorn\\\/\",\"url\":\"https:\\\/\\\/detgroennemuseum.dk\\\/undervisning\\\/guldkorn\\\/\",\"name\":\"Undervisningsforl\u00f8b | GULDKORN\",\"isPartOf\":{\"@id\":\"https:\\\/\\\/detgroennemuseum.dk\\\/#website\"},\"datePublished\":\"2025-11-14T13:22:12+00:00\",\"dateModified\":\"2025-12-15T13:05:19+00:00\",\"description\":\"Her kan du l\u00e6se mere om Det Gr\u00f8nne Museums undervisningsforl\u00f8b: GULDKORN. Et forl\u00f8b om landbrugs historie, med s\u00e6rligt fokus p\u00e5 korn.\",\"breadcrumb\":{\"@id\":\"https:\\\/\\\/detgroennemuseum.dk\\\/undervisning\\\/guldkorn\\\/#breadcrumb\"},\"inLanguage\":\"en-GB\",\"potentialAction\":[{\"@type\":\"ReadAction\",\"target\":[\"https:\\\/\\\/detgroennemuseum.dk\\\/undervisning\\\/guldkorn\\\/\"]}]},{\"@type\":\"BreadcrumbList\",\"@id\":\"https:\\\/\\\/detgroennemuseum.dk\\\/undervisning\\\/guldkorn\\\/#breadcrumb\",\"itemListElement\":[{\"@type\":\"ListItem\",\"position\":1,\"name\":\"Hjem\",\"item\":\"https:\\\/\\\/detgroennemuseum.dk\\\/\"},{\"@type\":\"ListItem\",\"position\":2,\"name\":\"Undervisning\",\"item\":\"https:\\\/\\\/detgroennemuseum.dk\\\/undervisning\\\/\"},{\"@type\":\"ListItem\",\"position\":3,\"name\":\"GULDKORN\"}]},{\"@type\":\"WebSite\",\"@id\":\"https:\\\/\\\/detgroennemuseum.dk\\\/#website\",\"url\":\"https:\\\/\\\/detgroennemuseum.dk\\\/\",\"name\":\"Det Gr\u00f8nne Museum\",\"description\":\"Danmarks nationale museum for jagten, skoven, landbruget og maden\",\"potentialAction\":[{\"@type\":\"SearchAction\",\"target\":{\"@type\":\"EntryPoint\",\"urlTemplate\":\"https:\\\/\\\/detgroennemuseum.dk\\\/?s={search_term_string}\"},\"query-input\":{\"@type\":\"PropertyValueSpecification\",\"valueRequired\":true,\"valueName\":\"search_term_string\"}}],\"inLanguage\":\"en-GB\"}]}<\/script>\n<!-- \/ Yoast SEO plugin. -->","yoast_head_json":{"title":"Teaching course | GULDKORN","description":"Here you can read more about The Green Museum&#039;s educational course: GOLDEN GRAIN. A course on the history of agriculture, with a special focus on grain.","robots":{"index":"index","follow":"follow","max-snippet":"max-snippet:-1","max-image-preview":"max-image-preview:large","max-video-preview":"max-video-preview:-1"},"canonical":"https:\/\/detgroennemuseum.dk\/en\/education\/gold-nugget\/","og_locale":"en_GB","og_type":"article","og_title":"Undervisningsforl\u00f8b | GULDKORN","og_description":"Her kan du l\u00e6se mere om Det Gr\u00f8nne Museums undervisningsforl\u00f8b: GULDKORN. Et forl\u00f8b om landbrugs historie, med s\u00e6rligt fokus p\u00e5 korn.","og_url":"https:\/\/detgroennemuseum.dk\/en\/education\/gold-nugget\/","og_site_name":"Det Gr\u00f8nne Museum","article_modified_time":"2025-12-15T13:05:19+00:00","twitter_card":"summary_large_image","twitter_misc":{"Estimated reading time":"3 minutes"},"schema":{"@context":"https:\/\/schema.org","@graph":[{"@type":"WebPage","@id":"https:\/\/detgroennemuseum.dk\/undervisning\/guldkorn\/","url":"https:\/\/detgroennemuseum.dk\/undervisning\/guldkorn\/","name":"Teaching course | GULDKORN","isPartOf":{"@id":"https:\/\/detgroennemuseum.dk\/#website"},"datePublished":"2025-11-14T13:22:12+00:00","dateModified":"2025-12-15T13:05:19+00:00","description":"Here you can read more about The Green Museum&#039;s educational course: GOLDEN GRAIN. A course on the history of agriculture, with a special focus on grain.","breadcrumb":{"@id":"https:\/\/detgroennemuseum.dk\/undervisning\/guldkorn\/#breadcrumb"},"inLanguage":"en-GB","potentialAction":[{"@type":"ReadAction","target":["https:\/\/detgroennemuseum.dk\/undervisning\/guldkorn\/"]}]},{"@type":"BreadcrumbList","@id":"https:\/\/detgroennemuseum.dk\/undervisning\/guldkorn\/#breadcrumb","itemListElement":[{"@type":"ListItem","position":1,"name":"Hjem","item":"https:\/\/detgroennemuseum.dk\/"},{"@type":"ListItem","position":2,"name":"Undervisning","item":"https:\/\/detgroennemuseum.dk\/undervisning\/"},{"@type":"ListItem","position":3,"name":"GULDKORN"}]},{"@type":"WebSite","@id":"https:\/\/detgroennemuseum.dk\/#website","url":"https:\/\/detgroennemuseum.dk\/","name":"The Green Museum","description":"Denmark&#039;s National Museum of Hunting, Forestry, Agriculture and Food","potentialAction":[{"@type":"SearchAction","target":{"@type":"EntryPoint","urlTemplate":"https:\/\/detgroennemuseum.dk\/?s={search_term_string}"},"query-input":{"@type":"PropertyValueSpecification","valueRequired":true,"valueName":"search_term_string"}}],"inLanguage":"en-GB"}]}},"_links":{"self":[{"href":"https:\/\/detgroennemuseum.dk\/en\/wp-json\/wp\/v2\/pages\/26400","targetHints":{"allow":["GET"]}}],"collection":[{"href":"https:\/\/detgroennemuseum.dk\/en\/wp-json\/wp\/v2\/pages"}],"about":[{"href":"https:\/\/detgroennemuseum.dk\/en\/wp-json\/wp\/v2\/types\/page"}],"author":[{"embeddable":true,"href":"https:\/\/detgroennemuseum.dk\/en\/wp-json\/wp\/v2\/users\/19"}],"replies":[{"embeddable":true,"href":"https:\/\/detgroennemuseum.dk\/en\/wp-json\/wp\/v2\/comments?post=26400"}],"version-history":[{"count":6,"href":"https:\/\/detgroennemuseum.dk\/en\/wp-json\/wp\/v2\/pages\/26400\/revisions"}],"predecessor-version":[{"id":26489,"href":"https:\/\/detgroennemuseum.dk\/en\/wp-json\/wp\/v2\/pages\/26400\/revisions\/26489"}],"up":[{"embeddable":true,"href":"https:\/\/detgroennemuseum.dk\/en\/wp-json\/wp\/v2\/pages\/1258"}],"wp:attachment":[{"href":"https:\/\/detgroennemuseum.dk\/en\/wp-json\/wp\/v2\/media?parent=26400"}],"curies":[{"name":"wp","href":"https:\/\/api.w.org\/{rel}","templated":true}]}}