{"id":26365,"date":"2025-11-14T14:19:51","date_gmt":"2025-11-14T13:19:51","guid":{"rendered":"https:\/\/detgroennemuseum.dk\/?page_id=26365"},"modified":"2025-11-14T14:19:51","modified_gmt":"2025-11-14T13:19:51","slug":"uv-spotting","status":"publish","type":"page","link":"https:\/\/detgroennemuseum.dk\/en\/undervisning\/uv-pletskud\/","title":{"rendered":"SPOT SHOT"},"content":{"rendered":"<div class=\"wpb-content-wrapper\"><div class=\"vc_row wpb_row vc_row-fluid\"><div class=\"wpb_column vc_column_container vc_col-sm-12\"><div class=\"vc_column-inner\"><div class=\"wpb_wrapper\">\n\t<div class=\"wpb_text_column wpb_content_element\" >\n\t\t<div class=\"wpb_wrapper\">\n\t\t\t<h1 style=\"text-align: center;\">Spotted shoots<\/h1>\n\n\t\t<\/div>\n\t<\/div>\n<\/div><\/div><\/div><\/div><div class=\"vc_row wpb_row vc_row-fluid vc_custom_1515156580374\"><div class=\"wpb_column vc_column_container vc_col-sm-12\"><div class=\"vc_column-inner\"><div class=\"wpb_wrapper\">\n\t<div class=\"wpb_text_column wpb_content_element  vc_custom_1763024852811\" >\n\t\t<div class=\"wpb_wrapper\">\n\t\t\t<h3>A course on natural vision<\/h3>\n<p>For almost 10,000 years, what is now Denmark was populated by hunters and gatherers who lived off what nature had to offer. About 6,000 years ago we began to cultivate the land, but we continued to hunt, and until about 70 years ago, the meat from hunting remained an important supplement to the household.<\/p>\n<p>In recent years, the number of hunters has increased. Both among men and women, interest in hunting is increasing and the number of hunters who lose their hunting license is increasing steadily, but where hunting was previously an important part of survival, hunting today is more recreational. But hunting is versatile, it is about nature experiences, trophies, mental health, camaraderie, climate and good raw materials. But not everyone thinks hunting is a good idea. Disagreements about how we should use nature are based, among other things, on the fact that we have different views of nature.<\/p>\n<p>In a PLETSKUD course at the Green Museum, we will delve deeper into the \u201dBattle for the Area\u201d and examine what nature views are. The day starts with a joint introduction to the day\u2019s program by one of the museum\u2019s facilitators, followed by a tour of the museum\u2019s exhibitions. <a href=\"https:\/\/detgroennemuseum.dk\/en\/under-the-sun\/\"><strong>UNDER<\/strong> <strong>THE SUN<\/strong><\/a> and <a href=\"https:\/\/detgroennemuseum.dk\/en\/large\/\"><strong>BIG<\/strong><\/a>. The tour focuses particularly on the past 80 years of use of nature, in pursuit of &quot;the good life&quot;, and with a special focus on developments in hunting.<\/p>\n<p>After a short break, the students will work with different views of nature, and delve deeper into their own view of nature. The students will learn how different ways of looking at nature can create debate and turn into major political discussions. Finally, the students will try the oldest form of hunting, namely bow hunting. All the students will make their own finger tabs, which will then be tested when the students will test their own skills as archers on the museum&#039;s interactive indoor archery range.<\/p>\n\n\t\t<\/div>\n\t<\/div>\n<div  class=\"vc_do_toggle vc_toggle vc_toggle_default vc_toggle_color_default  vc_toggle_size_md\"><div class=\"vc_toggle_title\"><h4>TARGET GROUP<\/h4><i class=\"vc_toggle_icon\"><\/i><\/div><div class=\"vc_toggle_content\"><p>Intermediate and finishing school<\/p>\n<\/div><\/div><div  class=\"vc_do_toggle vc_toggle vc_toggle_default vc_toggle_color_default  vc_toggle_size_md\"><div class=\"vc_toggle_title\"><h4>SUBJECT<\/h4><i class=\"vc_toggle_icon\"><\/i><\/div><div class=\"vc_toggle_content\"><p>Students&#039; all-round development<\/p>\n<p>Danish<\/p>\n<p>History<\/p>\n<p>Nature and technology<\/p>\n<p>Crafts and design<\/p>\n<\/div><\/div><div  class=\"vc_do_toggle vc_toggle vc_toggle_default vc_toggle_color_default  vc_toggle_size_md\"><div class=\"vc_toggle_title\"><h4>Time consumption and indicative program<\/h4><i class=\"vc_toggle_icon\"><\/i><\/div><div class=\"vc_toggle_content\"><p>3 hours (if you want time to explore the exhibitions on your own, you must make sure to set aside extra time for this after the course.)<\/p>\n<p>&nbsp;<\/p>\n<p><strong>GUIDELINE PROGRAM:<\/strong><\/p>\n<p class=\"cvGsUA direction-ltr align-start para-style-body\"><span class=\"a_GcMg font-feature-liga-off font-feature-clig-off font-feature-calt-off text-decoration-none text-strikethrough-none\">9.45: Arrival at the Green Museum<\/span><\/p>\n<p class=\"cvGsUA direction-ltr align-start para-style-body\"><span class=\"a_GcMg font-feature-liga-off font-feature-clig-off font-feature-calt-off text-decoration-none text-strikethrough-none\">10 \u2013 11: Guided tour<\/span><\/p>\n<p class=\"cvGsUA direction-ltr align-start para-style-body\"><span class=\"a_GcMg font-feature-liga-off font-feature-clig-off font-feature-calt-off text-decoration-none text-strikethrough-none\">11 \u2013 11.30:\u00a0 <\/span><span class=\"a_GcMg font-feature-liga-off font-feature-clig-off font-feature-calt-off text-decoration-none text-strikethrough-none\">\u00a0 \u00a0 \u00a0 Break and packed lunches<\/span><\/p>\n<p class=\"cvGsUA direction-ltr align-start para-style-body\"><span class=\"a_GcMg font-feature-liga-off font-feature-clig-off font-feature-calt-off text-decoration-none text-strikethrough-none\">11.30 \u2013 13: Nature viewing activities and climbing<\/span><\/p>\n<\/div><\/div><div  class=\"vc_do_toggle vc_toggle vc_toggle_default vc_toggle_color_default  vc_toggle_size_md\"><div class=\"vc_toggle_title\"><h4>Number<\/h4><i class=\"vc_toggle_icon\"><\/i><\/div><div class=\"vc_toggle_content\"><p>Max 25 people\/class<\/p>\n<\/div><\/div><div  class=\"vc_do_toggle vc_toggle vc_toggle_default vc_toggle_color_default  vc_toggle_size_md\"><div class=\"vc_toggle_title\"><h4>Price<\/h4><i class=\"vc_toggle_icon\"><\/i><\/div><div class=\"vc_toggle_content\"><p>1500 kr<\/p>\n<\/div><\/div><div  class=\"vc_do_toggle vc_toggle vc_toggle_default vc_toggle_color_default  vc_toggle_size_md\"><div class=\"vc_toggle_title\"><h4>NOTE<\/h4><i class=\"vc_toggle_icon\"><\/i><\/div><div class=\"vc_toggle_content\"><p>Bring packed lunches \u2013 there is no possibility to buy food at the museum.<\/p>\n<\/div><\/div><div  class=\"vc_do_toggle vc_toggle vc_toggle_default vc_toggle_color_default  vc_toggle_size_md\"><div class=\"vc_toggle_title\"><h4>Competency goals<\/h4><i class=\"vc_toggle_icon\"><\/i><\/div><div class=\"vc_toggle_content\"><ul>\n<li>The student has knowledge of different views of nature.<\/li>\n<li>The student can describe conflicts of interest in human management of nature locally and globally.<\/li>\n<li>The student can put nature\/technology into perspective with the outside world and current events.<\/li>\n<li>The student can relate nature and technology to other contexts.<\/li>\n<li>The student can put their own and others&#039; historical narratives into perspective in time and space.<\/li>\n<li>The student can relate changes in everyday life and living conditions over time to their own life.<\/li>\n<li>The student can compare significant features of historical periods.<\/li>\n<\/ul>\n<\/div><\/div><div  class=\"vc_do_toggle vc_toggle vc_toggle_default vc_toggle_color_default  vc_toggle_size_md\"><div class=\"vc_toggle_title\"><h4>Teaching materials<\/h4><i class=\"vc_toggle_icon\"><\/i><\/div><div class=\"vc_toggle_content\"><p>If you want to continue working with Nature Vision in class, we recommend the following pages:<\/p>\n<p><a href=\"https:\/\/skoven-i-skolen.dk\/medier\/video-hvad-er-dit-natursyn\">The Forest in School \u2013 What is your view of nature?<\/a><\/p>\n<p><a href=\"https:\/\/natursynsspillet.dk\/\">The Nature Vision Game<\/a><\/p>\n<p><a href=\"https:\/\/noah.dk\/jeg-er-naturen\">NOAH&#039;s teaching materials for Danish in Preschool<\/a><\/p>\n<\/div><\/div><\/div><\/div><\/div><\/div><div class=\"vc_row wpb_row vc_row-fluid\"><div class=\"wpb_column vc_column_container vc_col-sm-12\"><div class=\"vc_column-inner\"><div class=\"wpb_wrapper\">\n\t<div  class=\"wpb_single_image wpb_content_element vc_align_center\">\n\t\t\n\t\t<figure class=\"wpb_wrapper vc_figure\">\n\t\t\t<div class=\"vc_single_image-wrapper   vc_box_border_grey\"><img decoding=\"async\" width=\"1920\" height=\"890\" data-src=\"https:\/\/detgroennemuseum.dk\/wp-content\/smush-webp\/2025\/11\/PLETSKUD-1.jpg.webp\" class=\"vc_single_image-img attachment-full lazyload\" alt=\"Collage for teaching course Spot shooting at the Green Museum\" title=\"SPOT SHOT UV\" data-srcset=\"https:\/\/detgroennemuseum.dk\/wp-content\/smush-webp\/2025\/11\/PLETSKUD-1.jpg.webp 1920w, https:\/\/detgroennemuseum.dk\/wp-content\/smush-webp\/2025\/11\/PLETSKUD-1-600x278.jpg.webp 600w, https:\/\/detgroennemuseum.dk\/wp-content\/smush-webp\/2025\/11\/PLETSKUD-1-1024x475.jpg.webp 1024w, https:\/\/detgroennemuseum.dk\/wp-content\/smush-webp\/2025\/11\/PLETSKUD-1-768x356.jpg.webp 768w, https:\/\/detgroennemuseum.dk\/wp-content\/smush-webp\/2025\/11\/PLETSKUD-1-1536x712.jpg.webp 1536w, https:\/\/detgroennemuseum.dk\/wp-content\/smush-webp\/2025\/11\/PLETSKUD-1-18x8.jpg.webp 18w, https:\/\/detgroennemuseum.dk\/wp-content\/smush-webp\/2025\/11\/PLETSKUD-1-64x30.jpg.webp 64w\" data-sizes=\"(max-width: 1920px) 100vw, 1920px\"  data-dt-location=\"https:\/\/detgroennemuseum.dk\/en\/undervisning\/uv-pletskud\/pletskud-1\/\" src=\"data:image\/svg+xml;base64,PHN2ZyB3aWR0aD0iMSIgaGVpZ2h0PSIxIiB4bWxucz0iaHR0cDovL3d3dy53My5vcmcvMjAwMC9zdmciPjwvc3ZnPg==\" style=\"--smush-placeholder-width: 1920px; --smush-placeholder-aspect-ratio: 1920\/890;\" \/><\/div>\n\t\t<\/figure>\n\t<\/div>\n<\/div><\/div><\/div><\/div>\n<\/div>","protected":false},"excerpt":{"rendered":"<p>Spotted A teaching course on the view of nature For almost 10,000 years, what is today Denmark was populated by hunters and gatherers who lived off what nature had to offer. For\u2026<\/p>","protected":false},"author":19,"featured_media":0,"parent":1258,"menu_order":0,"comment_status":"closed","ping_status":"closed","template":"","meta":{"_price":"","_stock":"","_tribe_ticket_header":"","_tribe_default_ticket_provider":"","_tribe_ticket_capacity":"0","_ticket_start_date":"","_ticket_end_date":"","_tribe_ticket_show_description":"","_tribe_ticket_show_not_going":false,"_tribe_ticket_use_global_stock":"","_tribe_ticket_global_stock_level":"","_global_stock_mode":"","_global_stock_cap":"","_tribe_rsvp_for_event":"","_tribe_ticket_going_count":"","_tribe_ticket_not_going_count":"","_tribe_tickets_list":"[]","_tribe_ticket_has_attendee_info_fields":false,"footnotes":""},"class_list":["post-26365","page","type-page","status-publish","hentry","description-off"],"yoast_head":"<!-- This site is optimized with the Yoast SEO plugin v27.6 - https:\/\/yoast.com\/product\/yoast-seo-wordpress\/ -->\n<title>Undervisningsforl\u00f8b | PLETSKUD<\/title>\n<meta name=\"description\" content=\"Her kan du l\u00e6se mere om Det Gr\u00f8nne Museums undervisningsforl\u00f8b: PLETSKUD. Et forl\u00f8b om natursyn og jagtens kulturhistorie.\" \/>\n<meta name=\"robots\" content=\"index, follow, max-snippet:-1, max-image-preview:large, max-video-preview:-1\" \/>\n<link rel=\"canonical\" href=\"https:\/\/detgroennemuseum.dk\/en\/education\/uv-spotting\/\" \/>\n<meta property=\"og:locale\" content=\"en_GB\" \/>\n<meta property=\"og:type\" content=\"article\" \/>\n<meta property=\"og:title\" content=\"Undervisningsforl\u00f8b | PLETSKUD\" \/>\n<meta property=\"og:description\" content=\"Her kan du l\u00e6se mere om Det Gr\u00f8nne Museums undervisningsforl\u00f8b: PLETSKUD. Et forl\u00f8b om natursyn og jagtens kulturhistorie.\" \/>\n<meta property=\"og:url\" content=\"https:\/\/detgroennemuseum.dk\/en\/education\/uv-spotting\/\" \/>\n<meta property=\"og:site_name\" content=\"Det Gr\u00f8nne Museum\" \/>\n<meta name=\"twitter:card\" content=\"summary_large_image\" \/>\n<meta name=\"twitter:label1\" content=\"Estimated reading time\" \/>\n\t<meta name=\"twitter:data1\" content=\"3 minutes\" \/>\n<script type=\"application\/ld+json\" class=\"yoast-schema-graph\">{\"@context\":\"https:\\\/\\\/schema.org\",\"@graph\":[{\"@type\":\"WebPage\",\"@id\":\"https:\\\/\\\/detgroennemuseum.dk\\\/undervisning\\\/uv-pletskud\\\/\",\"url\":\"https:\\\/\\\/detgroennemuseum.dk\\\/undervisning\\\/uv-pletskud\\\/\",\"name\":\"Undervisningsforl\u00f8b | PLETSKUD\",\"isPartOf\":{\"@id\":\"https:\\\/\\\/detgroennemuseum.dk\\\/#website\"},\"datePublished\":\"2025-11-14T13:19:51+00:00\",\"description\":\"Her kan du l\u00e6se mere om Det Gr\u00f8nne Museums undervisningsforl\u00f8b: PLETSKUD. Et forl\u00f8b om natursyn og jagtens kulturhistorie.\",\"breadcrumb\":{\"@id\":\"https:\\\/\\\/detgroennemuseum.dk\\\/undervisning\\\/uv-pletskud\\\/#breadcrumb\"},\"inLanguage\":\"en-GB\",\"potentialAction\":[{\"@type\":\"ReadAction\",\"target\":[\"https:\\\/\\\/detgroennemuseum.dk\\\/undervisning\\\/uv-pletskud\\\/\"]}]},{\"@type\":\"BreadcrumbList\",\"@id\":\"https:\\\/\\\/detgroennemuseum.dk\\\/undervisning\\\/uv-pletskud\\\/#breadcrumb\",\"itemListElement\":[{\"@type\":\"ListItem\",\"position\":1,\"name\":\"Hjem\",\"item\":\"https:\\\/\\\/detgroennemuseum.dk\\\/\"},{\"@type\":\"ListItem\",\"position\":2,\"name\":\"Undervisning\",\"item\":\"https:\\\/\\\/detgroennemuseum.dk\\\/undervisning\\\/\"},{\"@type\":\"ListItem\",\"position\":3,\"name\":\"PLETSKUD\"}]},{\"@type\":\"WebSite\",\"@id\":\"https:\\\/\\\/detgroennemuseum.dk\\\/#website\",\"url\":\"https:\\\/\\\/detgroennemuseum.dk\\\/\",\"name\":\"Det Gr\u00f8nne Museum\",\"description\":\"Danmarks nationale museum for jagten, skoven, landbruget og maden\",\"potentialAction\":[{\"@type\":\"SearchAction\",\"target\":{\"@type\":\"EntryPoint\",\"urlTemplate\":\"https:\\\/\\\/detgroennemuseum.dk\\\/?s={search_term_string}\"},\"query-input\":{\"@type\":\"PropertyValueSpecification\",\"valueRequired\":true,\"valueName\":\"search_term_string\"}}],\"inLanguage\":\"en-GB\"}]}<\/script>\n<!-- \/ Yoast SEO plugin. -->","yoast_head_json":{"title":"Teaching course | SPOTLIGHT","description":"Here you can read more about The Green Museum&#039;s teaching course: SPOT SHOT. A course about the view of nature and the cultural history of hunting.","robots":{"index":"index","follow":"follow","max-snippet":"max-snippet:-1","max-image-preview":"max-image-preview:large","max-video-preview":"max-video-preview:-1"},"canonical":"https:\/\/detgroennemuseum.dk\/en\/education\/uv-spotting\/","og_locale":"en_GB","og_type":"article","og_title":"Undervisningsforl\u00f8b | PLETSKUD","og_description":"Her kan du l\u00e6se mere om Det Gr\u00f8nne Museums undervisningsforl\u00f8b: PLETSKUD. Et forl\u00f8b om natursyn og jagtens kulturhistorie.","og_url":"https:\/\/detgroennemuseum.dk\/en\/education\/uv-spotting\/","og_site_name":"Det Gr\u00f8nne Museum","twitter_card":"summary_large_image","twitter_misc":{"Estimated reading time":"3 minutes"},"schema":{"@context":"https:\/\/schema.org","@graph":[{"@type":"WebPage","@id":"https:\/\/detgroennemuseum.dk\/undervisning\/uv-pletskud\/","url":"https:\/\/detgroennemuseum.dk\/undervisning\/uv-pletskud\/","name":"Teaching course | SPOTLIGHT","isPartOf":{"@id":"https:\/\/detgroennemuseum.dk\/#website"},"datePublished":"2025-11-14T13:19:51+00:00","description":"Here you can read more about The Green Museum&#039;s teaching course: SPOT SHOT. A course about the view of nature and the cultural history of hunting.","breadcrumb":{"@id":"https:\/\/detgroennemuseum.dk\/undervisning\/uv-pletskud\/#breadcrumb"},"inLanguage":"en-GB","potentialAction":[{"@type":"ReadAction","target":["https:\/\/detgroennemuseum.dk\/undervisning\/uv-pletskud\/"]}]},{"@type":"BreadcrumbList","@id":"https:\/\/detgroennemuseum.dk\/undervisning\/uv-pletskud\/#breadcrumb","itemListElement":[{"@type":"ListItem","position":1,"name":"Hjem","item":"https:\/\/detgroennemuseum.dk\/"},{"@type":"ListItem","position":2,"name":"Undervisning","item":"https:\/\/detgroennemuseum.dk\/undervisning\/"},{"@type":"ListItem","position":3,"name":"PLETSKUD"}]},{"@type":"WebSite","@id":"https:\/\/detgroennemuseum.dk\/#website","url":"https:\/\/detgroennemuseum.dk\/","name":"The Green Museum","description":"Denmark&#039;s National Museum of Hunting, Forestry, Agriculture and Food","potentialAction":[{"@type":"SearchAction","target":{"@type":"EntryPoint","urlTemplate":"https:\/\/detgroennemuseum.dk\/?s={search_term_string}"},"query-input":{"@type":"PropertyValueSpecification","valueRequired":true,"valueName":"search_term_string"}}],"inLanguage":"en-GB"}]}},"_links":{"self":[{"href":"https:\/\/detgroennemuseum.dk\/en\/wp-json\/wp\/v2\/pages\/26365","targetHints":{"allow":["GET"]}}],"collection":[{"href":"https:\/\/detgroennemuseum.dk\/en\/wp-json\/wp\/v2\/pages"}],"about":[{"href":"https:\/\/detgroennemuseum.dk\/en\/wp-json\/wp\/v2\/types\/page"}],"author":[{"embeddable":true,"href":"https:\/\/detgroennemuseum.dk\/en\/wp-json\/wp\/v2\/users\/19"}],"replies":[{"embeddable":true,"href":"https:\/\/detgroennemuseum.dk\/en\/wp-json\/wp\/v2\/comments?post=26365"}],"version-history":[{"count":7,"href":"https:\/\/detgroennemuseum.dk\/en\/wp-json\/wp\/v2\/pages\/26365\/revisions"}],"predecessor-version":[{"id":26409,"href":"https:\/\/detgroennemuseum.dk\/en\/wp-json\/wp\/v2\/pages\/26365\/revisions\/26409"}],"up":[{"embeddable":true,"href":"https:\/\/detgroennemuseum.dk\/en\/wp-json\/wp\/v2\/pages\/1258"}],"wp:attachment":[{"href":"https:\/\/detgroennemuseum.dk\/en\/wp-json\/wp\/v2\/media?parent=26365"}],"curies":[{"name":"wp","href":"https:\/\/api.w.org\/{rel}","templated":true}]}}