{"id":26348,"date":"2025-11-14T14:16:00","date_gmt":"2025-11-14T13:16:00","guid":{"rendered":"https:\/\/detgroennemuseum.dk\/?page_id=26348"},"modified":"2025-12-19T09:57:33","modified_gmt":"2025-12-19T08:57:33","slug":"the-food","status":"publish","type":"page","link":"https:\/\/detgroennemuseum.dk\/en\/undervisning\/maden\/","title":{"rendered":"THE FOOD"},"content":{"rendered":"<div class=\"wpb-content-wrapper\"><div class=\"vc_row wpb_row vc_row-fluid\"><div class=\"wpb_column vc_column_container vc_col-sm-12\"><div class=\"vc_column-inner\"><div class=\"wpb_wrapper\">\n\t<div class=\"wpb_text_column wpb_content_element\" >\n\t\t<div class=\"wpb_wrapper\">\n\t\t\t<h1 style=\"text-align: center;\">The food<\/h1>\n\n\t\t<\/div>\n\t<\/div>\n<\/div><\/div><\/div><\/div><div class=\"vc_row wpb_row vc_row-fluid vc_custom_1515156580374\"><div class=\"wpb_column vc_column_container vc_col-sm-12\"><div class=\"vc_column-inner\"><div class=\"wpb_wrapper\">\n\t<div class=\"wpb_text_column wpb_content_element  vc_custom_1761657481323\" >\n\t\t<div class=\"wpb_wrapper\">\n\t\t\t<h3>A course on the cultural history of food<\/h3>\n<p>15,000 years ago, Stone Age man worked hard for every single meal! Today we have supermarkets, refrigerators, ovens and stoves that take a lot of the work out of it. But how did we get from Stone Age man&#039;s food over a fire to where we are today. What has influenced the development and what do you think the future looks like? In a teaching course about FOOD at Det Gr\u00f8nne Museum, we work with the cultural history of food in practice.<\/p>\n<p>The course is based on traditional Danish ingredients, and especially what is available in the season in our 6000 m2 garden.<sup>2<\/sup> large agricultural historical garden.<\/p>\n<p>The course starts with a short welcome and presentation of the museum, as well as a short tour of selected exhibitions. This is followed by an introduction to the agricultural history garden and our historical kitchens, where the students will get their hands on the historical dumpling dough. The students will stir, bake, cook and taste their way through history.<\/p>\n<p>A course about FOOD takes place primarily in the HOUSE OF FOOD. The students are divided into groups and work in kitchens that span several hundred years of Danish culinary history. We move from the hearth in the 17th century, over the wood-burning stove in the 19th century to the gas stove in the 1950s, the electric hobs in the 60s and 70s and all the way up to the modern induction stove in the present day. We work with recipes, ingredients and kitchen utensils that fit the time period of the kitchen.<\/p>\n<p>A teaching course about food concludes with a communal buffet and evaluation of the work in the various kitchens.<\/p>\n\n\t\t<\/div>\n\t<\/div>\n<div  class=\"vc_do_toggle vc_toggle vc_toggle_default vc_toggle_color_default  vc_toggle_size_md\"><div class=\"vc_toggle_title\"><h4>TARGET GROUP<\/h4><i class=\"vc_toggle_icon\"><\/i><\/div><div class=\"vc_toggle_content\"><p>From the 6th grade of elementary school.<\/p>\n<p>Similar courses can easily be adapted to high school and higher education. For example, as part of the apprenticeship for future culinary arts teachers.<\/p>\n<\/div><\/div><div  class=\"vc_do_toggle vc_toggle vc_toggle_default vc_toggle_color_default  vc_toggle_size_md\"><div class=\"vc_toggle_title\"><h4>SUBJECT<\/h4><i class=\"vc_toggle_icon\"><\/i><\/div><div class=\"vc_toggle_content\"><p>Students&#039; all-round development<\/p>\n<p>Danish<\/p>\n<p>History<\/p>\n<p>Food knowledge<\/p>\n<\/div><\/div><div  class=\"vc_do_toggle vc_toggle vc_toggle_default vc_toggle_color_default  vc_toggle_size_md\"><div class=\"vc_toggle_title\"><h4>Time consumption and indicative program<\/h4><i class=\"vc_toggle_icon\"><\/i><\/div><div class=\"vc_toggle_content\"><p>3-4 hours (if you want time to explore the exhibitions on your own, there is an option for this after the course has ended.)<\/p>\n<p>&nbsp;<\/p>\n<p><strong>GUIDELINE PROGRAM:<\/strong><\/p>\n<p class=\"cvGsUA direction-ltr align-start para-style-body\"><span class=\"a_GcMg font-feature-liga-off font-feature-clig-off font-feature-calt-off text-decoration-none text-strikethrough-none\">9.45: Arrival at the Green Museum<\/span><\/p>\n<p class=\"cvGsUA direction-ltr align-start para-style-body\"><span class=\"a_GcMg font-feature-liga-off font-feature-clig-off font-feature-calt-off text-decoration-none text-strikethrough-none\">10 \u2013 11: Guided tour<\/span><\/p>\n<p class=\"cvGsUA direction-ltr align-start para-style-body\"><span class=\"a_GcMg font-feature-liga-off font-feature-clig-off font-feature-calt-off text-decoration-none text-strikethrough-none\">11 \u2013 11.30:\u00a0 <\/span><span class=\"a_GcMg font-feature-liga-off font-feature-clig-off font-feature-calt-off text-decoration-none text-strikethrough-none\">\u00a0 \u00a0 \u00a0 Break and packed lunches<\/span><\/p>\n<p class=\"cvGsUA direction-ltr align-start para-style-body\"><span class=\"a_GcMg font-feature-liga-off font-feature-clig-off font-feature-calt-off text-decoration-none text-strikethrough-none\">11.30 \u2013 13.15: Work in the historic kitchens<\/span><\/p>\n<p>13.15 \u2013 14:\u00a0 \u00a0 \u00a0 \u00a0<span class=\"a_GcMg font-feature-liga-off font-feature-clig-off font-feature-calt-off text-decoration-none text-strikethrough-none\">Buffet, evaluation of the day and cleanup<\/span><\/p>\n<\/div><\/div><div  class=\"vc_do_toggle vc_toggle vc_toggle_default vc_toggle_color_default  vc_toggle_size_md\"><div class=\"vc_toggle_title\"><h4>Number<\/h4><i class=\"vc_toggle_icon\"><\/i><\/div><div class=\"vc_toggle_content\"><p>Maximum 25 people<\/p>\n<\/div><\/div><div  class=\"vc_do_toggle vc_toggle vc_toggle_default vc_toggle_color_default  vc_toggle_size_md\"><div class=\"vc_toggle_title\"><h4>Price<\/h4><i class=\"vc_toggle_icon\"><\/i><\/div><div class=\"vc_toggle_content\"><p>1900 DKK incl. Raw materials (the price includes a museum facilitator throughout the entire process. If more than one facilitator is needed, the price will increase accordingly).<\/p>\n<\/div><\/div><div  class=\"vc_do_toggle vc_toggle vc_toggle_default vc_toggle_color_default  vc_toggle_size_md\"><div class=\"vc_toggle_title\"><h4>NOTE<\/h4><i class=\"vc_toggle_icon\"><\/i><\/div><div class=\"vc_toggle_content\"><p>Bring packed lunches \u2013 the buffet consists more of tastings than an actual meal.<\/p>\n<\/div><\/div><div  class=\"vc_do_toggle vc_toggle vc_toggle_default vc_toggle_color_default  vc_toggle_size_md\"><div class=\"vc_toggle_title\"><h4>Competency goals<\/h4><i class=\"vc_toggle_icon\"><\/i><\/div><div class=\"vc_toggle_content\"><ul>\n<li>The student can interpret meals with an understanding of values, culture and living conditions.<\/li>\n<li>The student has knowledge about food and meal cultures specific to time and place.<\/li>\n<li>The student can apply cooking techniques and implement ideas in cooking.<\/li>\n<li>The student can put their own and others&#039; historical narratives into perspective in time and space.<\/li>\n<li>The student can relate changes in everyday life and living conditions over time to their own life.<\/li>\n<li>The student can compare significant features of historical periods.<\/li>\n<\/ul>\n<\/div><\/div><div  class=\"vc_do_toggle vc_toggle vc_toggle_default vc_toggle_color_default  vc_toggle_size_md\"><div class=\"vc_toggle_title\"><h4>Teaching materials<\/h4><i class=\"vc_toggle_icon\"><\/i><\/div><div class=\"vc_toggle_content\"><p>Use the links below to find teaching material that can be used in continuation of the FOOD course.<\/p>\n<p>Here you will find a selection of recipes that are often included in a teaching course about FOOD: <a href=\"https:\/\/detgroennemuseum.dk\/wp-content\/uploads\/2025\/12\/Udvalgte-opskrifter-1.pdf\" target=\"_blank\" rel=\"noopener\">Selected Recipes<\/a><\/p>\n<p>Educational material about Babette&#039;s Banquet \u2013 on the way<\/p>\n<\/div><\/div><\/div><\/div><\/div><\/div><div class=\"vc_row wpb_row vc_row-fluid\"><div class=\"wpb_column vc_column_container vc_col-sm-12\"><div class=\"vc_column-inner\"><div class=\"wpb_wrapper\">\n\t<div  class=\"wpb_single_image wpb_content_element vc_align_center\">\n\t\t\n\t\t<figure class=\"wpb_wrapper vc_figure\">\n\t\t\t<div class=\"vc_single_image-wrapper   vc_box_border_grey\"><img decoding=\"async\" width=\"1920\" height=\"890\" data-src=\"https:\/\/detgroennemuseum.dk\/wp-content\/smush-webp\/2025\/10\/MADEN-2.jpg.webp\" class=\"vc_single_image-img attachment-full lazyload\" alt=\"Footer with pictures from the FOOD course at the Green Museum\" title=\"FOOD - UV\" data-srcset=\"https:\/\/detgroennemuseum.dk\/wp-content\/smush-webp\/2025\/10\/MADEN-2.jpg.webp 1920w, https:\/\/detgroennemuseum.dk\/wp-content\/smush-webp\/2025\/10\/MADEN-2-600x278.jpg.webp 600w, https:\/\/detgroennemuseum.dk\/wp-content\/smush-webp\/2025\/10\/MADEN-2-1024x475.jpg.webp 1024w, https:\/\/detgroennemuseum.dk\/wp-content\/smush-webp\/2025\/10\/MADEN-2-768x356.jpg.webp 768w, https:\/\/detgroennemuseum.dk\/wp-content\/smush-webp\/2025\/10\/MADEN-2-1536x712.jpg.webp 1536w, https:\/\/detgroennemuseum.dk\/wp-content\/smush-webp\/2025\/10\/MADEN-2-18x8.jpg.webp 18w, https:\/\/detgroennemuseum.dk\/wp-content\/smush-webp\/2025\/10\/MADEN-2-64x30.jpg.webp 64w\" data-sizes=\"(max-width: 1920px) 100vw, 1920px\"  data-dt-location=\"https:\/\/detgroennemuseum.dk\/en\/undervisning\/maden\/maden-2\/\" src=\"data:image\/svg+xml;base64,PHN2ZyB3aWR0aD0iMSIgaGVpZ2h0PSIxIiB4bWxucz0iaHR0cDovL3d3dy53My5vcmcvMjAwMC9zdmciPjwvc3ZnPg==\" style=\"--smush-placeholder-width: 1920px; --smush-placeholder-aspect-ratio: 1920\/890;\" \/><\/div>\n\t\t<\/figure>\n\t<\/div>\n<\/div><\/div><\/div><\/div>\n<\/div>","protected":false},"excerpt":{"rendered":"<p>Food A course on the cultural history of food 15,000 years ago, Stone Age man worked hard for every single meal! Today we have supermarkets, refrigerators, ovens and stoves that take up a large\u2026<\/p>","protected":false},"author":19,"featured_media":0,"parent":1258,"menu_order":0,"comment_status":"closed","ping_status":"closed","template":"","meta":{"_price":"","_stock":"","_tribe_ticket_header":"","_tribe_default_ticket_provider":"","_tribe_ticket_capacity":"0","_ticket_start_date":"","_ticket_end_date":"","_tribe_ticket_show_description":"","_tribe_ticket_show_not_going":false,"_tribe_ticket_use_global_stock":"","_tribe_ticket_global_stock_level":"","_global_stock_mode":"","_global_stock_cap":"","_tribe_rsvp_for_event":"","_tribe_ticket_going_count":"","_tribe_ticket_not_going_count":"","_tribe_tickets_list":"[]","_tribe_ticket_has_attendee_info_fields":false,"footnotes":""},"class_list":["post-26348","page","type-page","status-publish","hentry","description-off"],"yoast_head":"<!-- This site is optimized with the Yoast SEO plugin v27.6 - https:\/\/yoast.com\/product\/yoast-seo-wordpress\/ -->\n<title>Undervisningsforl\u00f8b | MADEN<\/title>\n<meta name=\"description\" content=\"Her kan du l\u00e6se mere om Det Gr\u00f8nne Museums undervisningsforl\u00f8b: MADEN. Et forl\u00f8b om madens kulturhistorie for folkeskolens udskoling.\" \/>\n<meta name=\"robots\" content=\"index, follow, max-snippet:-1, max-image-preview:large, max-video-preview:-1\" \/>\n<link rel=\"canonical\" href=\"https:\/\/detgroennemuseum.dk\/en\/education\/the-food\/\" \/>\n<meta property=\"og:locale\" content=\"en_GB\" \/>\n<meta property=\"og:type\" content=\"article\" \/>\n<meta property=\"og:title\" content=\"Undervisningsforl\u00f8b | MADEN\" \/>\n<meta property=\"og:description\" content=\"Her kan du l\u00e6se mere om Det Gr\u00f8nne Museums undervisningsforl\u00f8b: MADEN. Et forl\u00f8b om madens kulturhistorie for folkeskolens udskoling.\" \/>\n<meta property=\"og:url\" content=\"https:\/\/detgroennemuseum.dk\/en\/education\/the-food\/\" \/>\n<meta property=\"og:site_name\" content=\"Det Gr\u00f8nne Museum\" \/>\n<meta property=\"article:modified_time\" content=\"2025-12-19T08:57:33+00:00\" \/>\n<meta name=\"twitter:card\" content=\"summary_large_image\" \/>\n<meta name=\"twitter:label1\" content=\"Estimated reading time\" \/>\n\t<meta name=\"twitter:data1\" content=\"3 minutes\" \/>\n<script type=\"application\/ld+json\" class=\"yoast-schema-graph\">{\"@context\":\"https:\\\/\\\/schema.org\",\"@graph\":[{\"@type\":\"WebPage\",\"@id\":\"https:\\\/\\\/detgroennemuseum.dk\\\/undervisning\\\/maden\\\/\",\"url\":\"https:\\\/\\\/detgroennemuseum.dk\\\/undervisning\\\/maden\\\/\",\"name\":\"Undervisningsforl\u00f8b | MADEN\",\"isPartOf\":{\"@id\":\"https:\\\/\\\/detgroennemuseum.dk\\\/#website\"},\"datePublished\":\"2025-11-14T13:16:00+00:00\",\"dateModified\":\"2025-12-19T08:57:33+00:00\",\"description\":\"Her kan du l\u00e6se mere om Det Gr\u00f8nne Museums undervisningsforl\u00f8b: MADEN. Et forl\u00f8b om madens kulturhistorie for folkeskolens udskoling.\",\"breadcrumb\":{\"@id\":\"https:\\\/\\\/detgroennemuseum.dk\\\/undervisning\\\/maden\\\/#breadcrumb\"},\"inLanguage\":\"en-GB\",\"potentialAction\":[{\"@type\":\"ReadAction\",\"target\":[\"https:\\\/\\\/detgroennemuseum.dk\\\/undervisning\\\/maden\\\/\"]}]},{\"@type\":\"BreadcrumbList\",\"@id\":\"https:\\\/\\\/detgroennemuseum.dk\\\/undervisning\\\/maden\\\/#breadcrumb\",\"itemListElement\":[{\"@type\":\"ListItem\",\"position\":1,\"name\":\"Hjem\",\"item\":\"https:\\\/\\\/detgroennemuseum.dk\\\/\"},{\"@type\":\"ListItem\",\"position\":2,\"name\":\"Undervisning\",\"item\":\"https:\\\/\\\/detgroennemuseum.dk\\\/undervisning\\\/\"},{\"@type\":\"ListItem\",\"position\":3,\"name\":\"MADEN\"}]},{\"@type\":\"WebSite\",\"@id\":\"https:\\\/\\\/detgroennemuseum.dk\\\/#website\",\"url\":\"https:\\\/\\\/detgroennemuseum.dk\\\/\",\"name\":\"Det Gr\u00f8nne Museum\",\"description\":\"Danmarks nationale museum for jagten, skoven, landbruget og maden\",\"potentialAction\":[{\"@type\":\"SearchAction\",\"target\":{\"@type\":\"EntryPoint\",\"urlTemplate\":\"https:\\\/\\\/detgroennemuseum.dk\\\/?s={search_term_string}\"},\"query-input\":{\"@type\":\"PropertyValueSpecification\",\"valueRequired\":true,\"valueName\":\"search_term_string\"}}],\"inLanguage\":\"en-GB\"}]}<\/script>\n<!-- \/ Yoast SEO plugin. -->","yoast_head_json":{"title":"Teaching course | FOOD","description":"Here you can read more about The Green Museum&#039;s teaching course: FOOD. A course on the cultural history of food for elementary school students.","robots":{"index":"index","follow":"follow","max-snippet":"max-snippet:-1","max-image-preview":"max-image-preview:large","max-video-preview":"max-video-preview:-1"},"canonical":"https:\/\/detgroennemuseum.dk\/en\/education\/the-food\/","og_locale":"en_GB","og_type":"article","og_title":"Undervisningsforl\u00f8b | MADEN","og_description":"Her kan du l\u00e6se mere om Det Gr\u00f8nne Museums undervisningsforl\u00f8b: MADEN. Et forl\u00f8b om madens kulturhistorie for folkeskolens udskoling.","og_url":"https:\/\/detgroennemuseum.dk\/en\/education\/the-food\/","og_site_name":"Det Gr\u00f8nne Museum","article_modified_time":"2025-12-19T08:57:33+00:00","twitter_card":"summary_large_image","twitter_misc":{"Estimated reading time":"3 minutes"},"schema":{"@context":"https:\/\/schema.org","@graph":[{"@type":"WebPage","@id":"https:\/\/detgroennemuseum.dk\/undervisning\/maden\/","url":"https:\/\/detgroennemuseum.dk\/undervisning\/maden\/","name":"Teaching course | FOOD","isPartOf":{"@id":"https:\/\/detgroennemuseum.dk\/#website"},"datePublished":"2025-11-14T13:16:00+00:00","dateModified":"2025-12-19T08:57:33+00:00","description":"Here you can read more about The Green Museum&#039;s teaching course: FOOD. A course on the cultural history of food for elementary school students.","breadcrumb":{"@id":"https:\/\/detgroennemuseum.dk\/undervisning\/maden\/#breadcrumb"},"inLanguage":"en-GB","potentialAction":[{"@type":"ReadAction","target":["https:\/\/detgroennemuseum.dk\/undervisning\/maden\/"]}]},{"@type":"BreadcrumbList","@id":"https:\/\/detgroennemuseum.dk\/undervisning\/maden\/#breadcrumb","itemListElement":[{"@type":"ListItem","position":1,"name":"Hjem","item":"https:\/\/detgroennemuseum.dk\/"},{"@type":"ListItem","position":2,"name":"Undervisning","item":"https:\/\/detgroennemuseum.dk\/undervisning\/"},{"@type":"ListItem","position":3,"name":"MADEN"}]},{"@type":"WebSite","@id":"https:\/\/detgroennemuseum.dk\/#website","url":"https:\/\/detgroennemuseum.dk\/","name":"The Green Museum","description":"Denmark&#039;s National Museum of Hunting, Forestry, Agriculture and Food","potentialAction":[{"@type":"SearchAction","target":{"@type":"EntryPoint","urlTemplate":"https:\/\/detgroennemuseum.dk\/?s={search_term_string}"},"query-input":{"@type":"PropertyValueSpecification","valueRequired":true,"valueName":"search_term_string"}}],"inLanguage":"en-GB"}]}},"_links":{"self":[{"href":"https:\/\/detgroennemuseum.dk\/en\/wp-json\/wp\/v2\/pages\/26348","targetHints":{"allow":["GET"]}}],"collection":[{"href":"https:\/\/detgroennemuseum.dk\/en\/wp-json\/wp\/v2\/pages"}],"about":[{"href":"https:\/\/detgroennemuseum.dk\/en\/wp-json\/wp\/v2\/types\/page"}],"author":[{"embeddable":true,"href":"https:\/\/detgroennemuseum.dk\/en\/wp-json\/wp\/v2\/users\/19"}],"replies":[{"embeddable":true,"href":"https:\/\/detgroennemuseum.dk\/en\/wp-json\/wp\/v2\/comments?post=26348"}],"version-history":[{"count":8,"href":"https:\/\/detgroennemuseum.dk\/en\/wp-json\/wp\/v2\/pages\/26348\/revisions"}],"predecessor-version":[{"id":26521,"href":"https:\/\/detgroennemuseum.dk\/en\/wp-json\/wp\/v2\/pages\/26348\/revisions\/26521"}],"up":[{"embeddable":true,"href":"https:\/\/detgroennemuseum.dk\/en\/wp-json\/wp\/v2\/pages\/1258"}],"wp:attachment":[{"href":"https:\/\/detgroennemuseum.dk\/en\/wp-json\/wp\/v2\/media?parent=26348"}],"curies":[{"name":"wp","href":"https:\/\/api.w.org\/{rel}","templated":true}]}}