{"id":25851,"date":"2025-09-01T12:41:51","date_gmt":"2025-09-01T10:41:51","guid":{"rendered":"https:\/\/detgroennemuseum.dk\/?page_id=25851"},"modified":"2025-09-01T12:51:25","modified_gmt":"2025-09-01T10:51:25","slug":"the-first-agricultural-education","status":"publish","type":"page","link":"https:\/\/detgroennemuseum.dk\/en\/viden\/landbrugshistorie\/den-foerste-landbrugsuddannelse\/","title":{"rendered":"The first agricultural education"},"content":{"rendered":"<div class=\"wpb-content-wrapper\"><div class=\"vc_row wpb_row vc_row-fluid\"><div class=\"wpb_column vc_column_container vc_col-sm-12\"><div class=\"vc_column-inner\"><div class=\"wpb_wrapper\">\n\t<div class=\"wpb_text_column wpb_content_element\" >\n\t\t<div class=\"wpb_wrapper\">\n\t\t\t<h1 style=\"text-align: center;\">The first agricultural education<\/h1>\n<h1 style=\"text-align: center;\">1820<\/h1>\n\n\t\t<\/div>\n\t<\/div>\n<\/div><\/div><\/div><\/div><div class=\"vc_row wpb_row vc_row-fluid vc_custom_1515156580374\"><div class=\"wpb_column vc_column_container vc_col-sm-6\"><div class=\"vc_column-inner\"><div class=\"wpb_wrapper\">\n\t<div class=\"wpb_text_column wpb_content_element  vc_custom_1753953084689\" >\n\t\t<div class=\"wpb_wrapper\">\n\t\t\t<h3>An education created by chance<\/h3>\n<p>When the Agricultural Society became involved in the training of new farmers at all, it was due to pure chance, which arose far from the society&#039;s meeting rooms in Copenhagen. From 1813 to 1815, the linguist and librarian Rasmus Rask had stayed in Iceland, where a local farmer had managed to establish a garden in the harsh Icelandic climate. Rask had been greatly impressed by this effort. Once back home in Copenhagen, the scientist therefore contacted the Agricultural Society to see if they could help the talented Icelander. Perhaps they could even send a swing plough to Iceland so that the skilled farmer could optimise his work output?<\/p>\n<p>However, the company thought it was too risky an investment. Not least because they had information that no one in Iceland had ever seen or handled a swing plough. And who would operate it properly if that were the case? Here, however, the farmer with the green fingers got ahead of the worries. He wrote to the company on his own and suggested that his son visit Denmark. Then he could gain his own experience with Danish agriculture in general and the swing plough in particular. As said, so done. The Icelandic farmer&#039;s son visited Denmark in 1816, learned a lot about horticulture and then returned home.<\/p>\n\n\t\t<\/div>\n\t<\/div>\n<\/div><\/div><\/div><div class=\"wpb_column vc_column_container vc_col-sm-6\"><div class=\"vc_column-inner\"><div class=\"wpb_wrapper\">\n\t<div  class=\"wpb_single_image wpb_content_element vc_align_left\">\n\t\t\n\t\t<figure class=\"wpb_wrapper vc_figure\">\n\t\t\t<a href=\"https:\/\/detgroennemuseum.dk\/wp-content\/smush-webp\/2025\/08\/LHS-Ansoegning-884x1024.jpg.webp\" target=\"_self\" data-large_image_width=\"2211\" data-large_image_height=\"2560\"  class=\"vc_single_image-wrapper   vc_box_border_grey rollover\"   ><img decoding=\"async\" width=\"518\" height=\"600\" data-src=\"https:\/\/detgroennemuseum.dk\/wp-content\/smush-webp\/2025\/08\/LHS-Ansoegning-518x600.jpg.webp\" class=\"vc_single_image-img attachment-medium lazyload\" alt=\"Application for admission as an agricultural apprentice at the Royal Danish Agricultural Society in 1894.\" title=\"LHS Application\" data-srcset=\"https:\/\/detgroennemuseum.dk\/wp-content\/smush-webp\/2025\/08\/LHS-Ansoegning-518x600.jpg.webp 518w, https:\/\/detgroennemuseum.dk\/wp-content\/smush-webp\/2025\/08\/LHS-Ansoegning-884x1024.jpg.webp 884w, https:\/\/detgroennemuseum.dk\/wp-content\/smush-webp\/2025\/08\/LHS-Ansoegning-768x889.jpg.webp 768w, https:\/\/detgroennemuseum.dk\/wp-content\/smush-webp\/2025\/08\/LHS-Ansoegning-1327x1536.jpg.webp 1327w, https:\/\/detgroennemuseum.dk\/wp-content\/smush-webp\/2025\/08\/LHS-Ansoegning-1769x2048.jpg.webp 1769w, https:\/\/detgroennemuseum.dk\/wp-content\/smush-webp\/2025\/08\/LHS-Ansoegning-10x12.jpg.webp 10w, https:\/\/detgroennemuseum.dk\/wp-content\/smush-webp\/2025\/08\/LHS-Ansoegning-600x695.jpg.webp 600w, https:\/\/detgroennemuseum.dk\/wp-content\/smush-webp\/2025\/08\/LHS-Ansoegning-64x74.jpg.webp 64w\" data-sizes=\"(max-width: 518px) 100vw, 518px\"  data-dt-location=\"https:\/\/detgroennemuseum.dk\/en\/viden\/landbrugshistorie\/den-foerste-landbrugsuddannelse\/lhs-ansoegning\/\" src=\"data:image\/svg+xml;base64,PHN2ZyB3aWR0aD0iMSIgaGVpZ2h0PSIxIiB4bWxucz0iaHR0cDovL3d3dy53My5vcmcvMjAwMC9zdmciPjwvc3ZnPg==\" style=\"--smush-placeholder-width: 518px; --smush-placeholder-aspect-ratio: 518\/600;\" \/><\/a><figcaption class=\"vc_figure-caption\">Application for admission as an agricultural apprentice at the Royal Danish Agricultural Society in 1894. <\/figcaption>\n\t\t<\/figure>\n\t<\/div>\n<\/div><\/div><\/div><\/div><div class=\"vc_row wpb_row vc_row-fluid vc_custom_1515156580374\"><div class=\"wpb_column vc_column_container vc_col-sm-6\"><div class=\"vc_column-inner\"><div class=\"wpb_wrapper\">\n\t<div  class=\"wpb_single_image wpb_content_element vc_align_left\">\n\t\t\n\t\t<figure class=\"wpb_wrapper vc_figure\">\n\t\t\t<a href=\"https:\/\/detgroennemuseum.dk\/wp-content\/smush-webp\/2025\/08\/Hoerbryder-og-skaettemaskine-1024x683.jpg.webp\" target=\"_self\" data-large_image_width=\"1920\" data-large_image_height=\"1280\"  class=\"vc_single_image-wrapper   vc_box_border_grey rollover\"   ><img decoding=\"async\" width=\"1920\" height=\"1280\" data-src=\"https:\/\/detgroennemuseum.dk\/wp-content\/smush-webp\/2025\/08\/Hoerbryder-og-skaettemaskine.jpg.webp\" class=\"vc_single_image-img attachment-full lazyload\" alt=\"Flax Breaker And Scythe Machine\" title=\"Flax Breaker And Scythe Machine\" data-srcset=\"https:\/\/detgroennemuseum.dk\/wp-content\/smush-webp\/2025\/08\/Hoerbryder-og-skaettemaskine.jpg.webp 1920w, https:\/\/detgroennemuseum.dk\/wp-content\/smush-webp\/2025\/08\/Hoerbryder-og-skaettemaskine-600x400.jpg.webp 600w, https:\/\/detgroennemuseum.dk\/wp-content\/smush-webp\/2025\/08\/Hoerbryder-og-skaettemaskine-1024x683.jpg.webp 1024w, https:\/\/detgroennemuseum.dk\/wp-content\/smush-webp\/2025\/08\/Hoerbryder-og-skaettemaskine-768x512.jpg.webp 768w, https:\/\/detgroennemuseum.dk\/wp-content\/smush-webp\/2025\/08\/Hoerbryder-og-skaettemaskine-1536x1024.jpg.webp 1536w, https:\/\/detgroennemuseum.dk\/wp-content\/smush-webp\/2025\/08\/Hoerbryder-og-skaettemaskine-18x12.jpg.webp 18w, https:\/\/detgroennemuseum.dk\/wp-content\/smush-webp\/2025\/08\/Hoerbryder-og-skaettemaskine-64x43.jpg.webp 64w\" data-sizes=\"(max-width: 1920px) 100vw, 1920px\"  data-dt-location=\"https:\/\/detgroennemuseum.dk\/en\/viden\/landbrugshistorie\/den-foerste-landbrugsuddannelse\/hoerbryder-og-skaettemaskine\/\" src=\"data:image\/svg+xml;base64,PHN2ZyB3aWR0aD0iMSIgaGVpZ2h0PSIxIiB4bWxucz0iaHR0cDovL3d3dy53My5vcmcvMjAwMC9zdmciPjwvc3ZnPg==\" style=\"--smush-placeholder-width: 1920px; --smush-placeholder-aspect-ratio: 1920\/1280;\" \/><\/a><figcaption class=\"vc_figure-caption\">New agricultural tools and machines that could create more efficient agriculture were high on the Agricultural Society&#039;s agenda. For educational purposes for future farmers, the company had invested in a small model collection where the machines could be studied in detail. Here it is a combined machine for crushing and cleaning flax.<\/figcaption>\n\t\t<\/figure>\n\t<\/div>\n<\/div><\/div><\/div><div class=\"wpb_column vc_column_container vc_col-sm-6\"><div class=\"vc_column-inner\"><div class=\"wpb_wrapper\">\n\t<div class=\"wpb_text_column wpb_content_element  vc_custom_1753953355419\" >\n\t\t<div class=\"wpb_wrapper\">\n\t\t\t<h3>A whole new generation of farmers<\/h3>\n<p>The Agricultural Society now thought that perhaps the same model could be used to advantage in Denmark. Perhaps this could be the way to educate a whole new generation of farmers? At this time, however, the kingdom&#039;s defense was still built on the efforts of farmers as soldiers. You could not both serve as a soldier and attend an education. Before you could begin recruiting new students, you therefore had to ask Frederik VI for permission to exempt the sons of farmers on a future agricultural education course from their military service? Fortunately, the king gave his approval and then you could start working on getting Denmark&#039;s first agricultural education course on track.<\/p>\n<p>The company wanted to focus on young men who had themselves been born and raised on a farm. This would allow them to serve as good examples for other farmers in their home regions.<\/p>\n<p>The idea was that each student would receive education, board and lodging from progressive landowners, priests and farmers who were already engaged in the work of the agricultural reforms. The curriculum was structured as a three-year course, where the students would become familiar with the work in the fields and stables through practical work assignments.<\/p>\n\n\t\t<\/div>\n\t<\/div>\n<\/div><\/div><\/div><\/div><div class=\"vc_row wpb_row vc_row-fluid vc_custom_1515156580374\"><div class=\"wpb_column vc_column_container vc_col-sm-6\"><div class=\"vc_column-inner\"><div class=\"wpb_wrapper\">\n\t<div class=\"wpb_text_column wpb_content_element  vc_custom_1753953451757\" >\n\t\t<div class=\"wpb_wrapper\">\n\t\t\t<h3>Potato balls and cattle feed<\/h3>\n<p>However, the education was not only practical. In the spirit of the Enlightenment, with its focus on observations and rational decision-making, the students were also expected to form their own thoughts about all the new things they saw and learned. This meant that the company required that the students write diaries, which were then submitted for assessment in Copenhagen every six months.<\/p>\n<p>In 1820, the first group of twelve students were ready to begin their education. They came from farms and villages around Copenhagen, Randers, Ringk\u00f8bing, Svendborg, Odense, Vejle, Roskilde and Aarhus. It is clear from the students&#039; diaries that they had learned to plant windbreaks and build potato mounds around the country, while there had also been time to experiment with new mixtures of cattle feed.<\/p>\n<p>The first group completed their education in 1823. It is difficult to say whether the first 12 students managed to live up to the Agricultural Society&#039;s vision that after completing their education, the students could contribute to shaping a whole new generation of farmers as good examples.<\/p>\n\n\t\t<\/div>\n\t<\/div>\n<\/div><\/div><\/div><div class=\"wpb_column vc_column_container vc_col-sm-6\"><div class=\"vc_column-inner\"><div class=\"wpb_wrapper\">\n\t<div  class=\"wpb_single_image wpb_content_element vc_align_left\">\n\t\t\n\t\t<figure class=\"wpb_wrapper vc_figure\">\n\t\t\t<a href=\"https:\/\/detgroennemuseum.dk\/wp-content\/smush-webp\/2025\/08\/LHS-Dagbog-633x1024.jpg.webp\" target=\"_self\" data-large_image_width=\"1266\" data-large_image_height=\"2048\"  class=\"vc_single_image-wrapper   vc_box_border_grey rollover\"   ><img decoding=\"async\" width=\"371\" height=\"600\" data-src=\"https:\/\/detgroennemuseum.dk\/wp-content\/smush-webp\/2025\/08\/LHS-Dagbog-371x600.jpg.webp\" class=\"vc_single_image-img attachment-medium lazyload\" alt=\"Assessment of diary from the Royal Danish Agricultural Society from 1941\/1942\" title=\"LHS Diary\" data-srcset=\"https:\/\/detgroennemuseum.dk\/wp-content\/smush-webp\/2025\/08\/LHS-Dagbog-371x600.jpg.webp 371w, https:\/\/detgroennemuseum.dk\/wp-content\/smush-webp\/2025\/08\/LHS-Dagbog-633x1024.jpg.webp 633w, https:\/\/detgroennemuseum.dk\/wp-content\/smush-webp\/2025\/08\/LHS-Dagbog-768x1242.jpg.webp 768w, https:\/\/detgroennemuseum.dk\/wp-content\/smush-webp\/2025\/08\/LHS-Dagbog-950x1536.jpg.webp 950w, https:\/\/detgroennemuseum.dk\/wp-content\/smush-webp\/2025\/08\/LHS-Dagbog-7x12.jpg.webp 7w, https:\/\/detgroennemuseum.dk\/wp-content\/smush-webp\/2025\/08\/LHS-Dagbog-600x971.jpg.webp 600w, https:\/\/detgroennemuseum.dk\/wp-content\/smush-webp\/2025\/08\/LHS-Dagbog-64x104.jpg.webp 64w, https:\/\/detgroennemuseum.dk\/wp-content\/smush-webp\/2025\/08\/LHS-Dagbog.jpg.webp 1266w\" data-sizes=\"(max-width: 371px) 100vw, 371px\"  data-dt-location=\"https:\/\/detgroennemuseum.dk\/en\/viden\/landbrugshistorie\/den-foerste-landbrugsuddannelse\/lhs-dagbog\/\" src=\"data:image\/svg+xml;base64,PHN2ZyB3aWR0aD0iMSIgaGVpZ2h0PSIxIiB4bWxucz0iaHR0cDovL3d3dy53My5vcmcvMjAwMC9zdmciPjwvc3ZnPg==\" style=\"--smush-placeholder-width: 371px; --smush-placeholder-aspect-ratio: 371\/600;\" \/><\/a><figcaption class=\"vc_figure-caption\">Assessment of diary from the Royal Danish Agricultural Society from 1941\/1942<\/figcaption>\n\t\t<\/figure>\n\t<\/div>\n<\/div><\/div><\/div><\/div>\n<\/div>","protected":false},"excerpt":{"rendered":"<p>The first agricultural education 1820 An education created by chance When the Danish Agricultural Society became involved in the education of new farmers at all, it was due to pure chance, which arose far from\u2026<\/p>","protected":false},"author":19,"featured_media":0,"parent":25827,"menu_order":0,"comment_status":"closed","ping_status":"closed","template":"","meta":{"_price":"","_stock":"","_tribe_ticket_header":"","_tribe_default_ticket_provider":"","_tribe_ticket_capacity":"0","_ticket_start_date":"","_ticket_end_date":"","_tribe_ticket_show_description":"","_tribe_ticket_show_not_going":false,"_tribe_ticket_use_global_stock":"","_tribe_ticket_global_stock_level":"","_global_stock_mode":"","_global_stock_cap":"","_tribe_rsvp_for_event":"","_tribe_ticket_going_count":"","_tribe_ticket_not_going_count":"","_tribe_tickets_list":"[]","_tribe_ticket_has_attendee_info_fields":false,"footnotes":""},"class_list":["post-25851","page","type-page","status-publish","hentry","description-off"],"yoast_head":"<!-- This site is optimized with the Yoast SEO plugin v27.4 - https:\/\/yoast.com\/product\/yoast-seo-wordpress\/ -->\n<title>Den f\u00f8rste landbrugsuddannelse | Landbrugshistorie<\/title>\n<meta name=\"description\" content=\"Her kan du l\u00e6se mere om Det Kongelige Danske Landhusholdningsselskab. Her med fokus p\u00e5 den f\u00f8rste landbrugsuddannelse i Danmark.\" \/>\n<meta name=\"robots\" content=\"index, follow, max-snippet:-1, max-image-preview:large, max-video-preview:-1\" \/>\n<link rel=\"canonical\" href=\"https:\/\/detgroennemuseum.dk\/en\/knowledge\/agricultural-history\/the-first-agricultural-education\/\" \/>\n<meta property=\"og:locale\" content=\"en_GB\" \/>\n<meta property=\"og:type\" content=\"article\" \/>\n<meta property=\"og:title\" content=\"Den f\u00f8rste landbrugsuddannelse | Landbrugshistorie\" \/>\n<meta property=\"og:description\" content=\"Her kan du l\u00e6se mere om Det Kongelige Danske Landhusholdningsselskab. Her med fokus p\u00e5 den f\u00f8rste landbrugsuddannelse i Danmark.\" \/>\n<meta property=\"og:url\" content=\"https:\/\/detgroennemuseum.dk\/en\/knowledge\/agricultural-history\/the-first-agricultural-education\/\" \/>\n<meta property=\"og:site_name\" content=\"Det Gr\u00f8nne Museum\" \/>\n<meta property=\"article:modified_time\" content=\"2025-09-01T10:51:25+00:00\" \/>\n<meta name=\"twitter:card\" content=\"summary_large_image\" \/>\n<meta name=\"twitter:label1\" content=\"Estimated reading time\" \/>\n\t<meta name=\"twitter:data1\" content=\"4 minutes\" \/>\n<script type=\"application\/ld+json\" class=\"yoast-schema-graph\">{\"@context\":\"https:\\\/\\\/schema.org\",\"@graph\":[{\"@type\":\"WebPage\",\"@id\":\"https:\\\/\\\/detgroennemuseum.dk\\\/viden\\\/landbrugshistorie\\\/den-foerste-landbrugsuddannelse\\\/\",\"url\":\"https:\\\/\\\/detgroennemuseum.dk\\\/viden\\\/landbrugshistorie\\\/den-foerste-landbrugsuddannelse\\\/\",\"name\":\"Den f\u00f8rste landbrugsuddannelse | Landbrugshistorie\",\"isPartOf\":{\"@id\":\"https:\\\/\\\/detgroennemuseum.dk\\\/#website\"},\"datePublished\":\"2025-09-01T10:41:51+00:00\",\"dateModified\":\"2025-09-01T10:51:25+00:00\",\"description\":\"Her kan du l\u00e6se mere om Det Kongelige Danske Landhusholdningsselskab. Her med fokus p\u00e5 den f\u00f8rste landbrugsuddannelse i Danmark.\",\"breadcrumb\":{\"@id\":\"https:\\\/\\\/detgroennemuseum.dk\\\/viden\\\/landbrugshistorie\\\/den-foerste-landbrugsuddannelse\\\/#breadcrumb\"},\"inLanguage\":\"en-GB\",\"potentialAction\":[{\"@type\":\"ReadAction\",\"target\":[\"https:\\\/\\\/detgroennemuseum.dk\\\/viden\\\/landbrugshistorie\\\/den-foerste-landbrugsuddannelse\\\/\"]}]},{\"@type\":\"BreadcrumbList\",\"@id\":\"https:\\\/\\\/detgroennemuseum.dk\\\/viden\\\/landbrugshistorie\\\/den-foerste-landbrugsuddannelse\\\/#breadcrumb\",\"itemListElement\":[{\"@type\":\"ListItem\",\"position\":1,\"name\":\"Hjem\",\"item\":\"https:\\\/\\\/detgroennemuseum.dk\\\/\"},{\"@type\":\"ListItem\",\"position\":2,\"name\":\"Viden\",\"item\":\"https:\\\/\\\/detgroennemuseum.dk\\\/viden\\\/\"},{\"@type\":\"ListItem\",\"position\":3,\"name\":\"Landbrugshistorie\",\"item\":\"https:\\\/\\\/detgroennemuseum.dk\\\/viden\\\/landbrugshistorie\\\/\"},{\"@type\":\"ListItem\",\"position\":4,\"name\":\"Den f\u00f8rste landbrugsuddannelse\"}]},{\"@type\":\"WebSite\",\"@id\":\"https:\\\/\\\/detgroennemuseum.dk\\\/#website\",\"url\":\"https:\\\/\\\/detgroennemuseum.dk\\\/\",\"name\":\"Det Gr\u00f8nne Museum\",\"description\":\"Danmarks nationale museum for jagten, skoven, landbruget og maden\",\"potentialAction\":[{\"@type\":\"SearchAction\",\"target\":{\"@type\":\"EntryPoint\",\"urlTemplate\":\"https:\\\/\\\/detgroennemuseum.dk\\\/?s={search_term_string}\"},\"query-input\":{\"@type\":\"PropertyValueSpecification\",\"valueRequired\":true,\"valueName\":\"search_term_string\"}}],\"inLanguage\":\"en-GB\"}]}<\/script>\n<!-- \/ Yoast SEO plugin. -->","yoast_head_json":{"title":"The first agricultural education | Agricultural history","description":"Here you can read more about the Royal Danish Agricultural Society. Here with a focus on the first agricultural education in Denmark.","robots":{"index":"index","follow":"follow","max-snippet":"max-snippet:-1","max-image-preview":"max-image-preview:large","max-video-preview":"max-video-preview:-1"},"canonical":"https:\/\/detgroennemuseum.dk\/en\/knowledge\/agricultural-history\/the-first-agricultural-education\/","og_locale":"en_GB","og_type":"article","og_title":"Den f\u00f8rste landbrugsuddannelse | Landbrugshistorie","og_description":"Her kan du l\u00e6se mere om Det Kongelige Danske Landhusholdningsselskab. Her med fokus p\u00e5 den f\u00f8rste landbrugsuddannelse i Danmark.","og_url":"https:\/\/detgroennemuseum.dk\/en\/knowledge\/agricultural-history\/the-first-agricultural-education\/","og_site_name":"Det Gr\u00f8nne Museum","article_modified_time":"2025-09-01T10:51:25+00:00","twitter_card":"summary_large_image","twitter_misc":{"Estimated reading time":"4 minutes"},"schema":{"@context":"https:\/\/schema.org","@graph":[{"@type":"WebPage","@id":"https:\/\/detgroennemuseum.dk\/viden\/landbrugshistorie\/den-foerste-landbrugsuddannelse\/","url":"https:\/\/detgroennemuseum.dk\/viden\/landbrugshistorie\/den-foerste-landbrugsuddannelse\/","name":"The first agricultural education | Agricultural history","isPartOf":{"@id":"https:\/\/detgroennemuseum.dk\/#website"},"datePublished":"2025-09-01T10:41:51+00:00","dateModified":"2025-09-01T10:51:25+00:00","description":"Here you can read more about the Royal Danish Agricultural Society. Here with a focus on the first agricultural education in Denmark.","breadcrumb":{"@id":"https:\/\/detgroennemuseum.dk\/viden\/landbrugshistorie\/den-foerste-landbrugsuddannelse\/#breadcrumb"},"inLanguage":"en-GB","potentialAction":[{"@type":"ReadAction","target":["https:\/\/detgroennemuseum.dk\/viden\/landbrugshistorie\/den-foerste-landbrugsuddannelse\/"]}]},{"@type":"BreadcrumbList","@id":"https:\/\/detgroennemuseum.dk\/viden\/landbrugshistorie\/den-foerste-landbrugsuddannelse\/#breadcrumb","itemListElement":[{"@type":"ListItem","position":1,"name":"Hjem","item":"https:\/\/detgroennemuseum.dk\/"},{"@type":"ListItem","position":2,"name":"Viden","item":"https:\/\/detgroennemuseum.dk\/viden\/"},{"@type":"ListItem","position":3,"name":"Landbrugshistorie","item":"https:\/\/detgroennemuseum.dk\/viden\/landbrugshistorie\/"},{"@type":"ListItem","position":4,"name":"Den f\u00f8rste landbrugsuddannelse"}]},{"@type":"WebSite","@id":"https:\/\/detgroennemuseum.dk\/#website","url":"https:\/\/detgroennemuseum.dk\/","name":"The Green Museum","description":"Denmark&#039;s National Museum of Hunting, Forestry, Agriculture and Food","potentialAction":[{"@type":"SearchAction","target":{"@type":"EntryPoint","urlTemplate":"https:\/\/detgroennemuseum.dk\/?s={search_term_string}"},"query-input":{"@type":"PropertyValueSpecification","valueRequired":true,"valueName":"search_term_string"}}],"inLanguage":"en-GB"}]}},"_links":{"self":[{"href":"https:\/\/detgroennemuseum.dk\/en\/wp-json\/wp\/v2\/pages\/25851","targetHints":{"allow":["GET"]}}],"collection":[{"href":"https:\/\/detgroennemuseum.dk\/en\/wp-json\/wp\/v2\/pages"}],"about":[{"href":"https:\/\/detgroennemuseum.dk\/en\/wp-json\/wp\/v2\/types\/page"}],"author":[{"embeddable":true,"href":"https:\/\/detgroennemuseum.dk\/en\/wp-json\/wp\/v2\/users\/19"}],"replies":[{"embeddable":true,"href":"https:\/\/detgroennemuseum.dk\/en\/wp-json\/wp\/v2\/comments?post=25851"}],"version-history":[{"count":8,"href":"https:\/\/detgroennemuseum.dk\/en\/wp-json\/wp\/v2\/pages\/25851\/revisions"}],"predecessor-version":[{"id":26016,"href":"https:\/\/detgroennemuseum.dk\/en\/wp-json\/wp\/v2\/pages\/25851\/revisions\/26016"}],"up":[{"embeddable":true,"href":"https:\/\/detgroennemuseum.dk\/en\/wp-json\/wp\/v2\/pages\/25827"}],"wp:attachment":[{"href":"https:\/\/detgroennemuseum.dk\/en\/wp-json\/wp\/v2\/media?parent=25851"}],"curies":[{"name":"wp","href":"https:\/\/api.w.org\/{rel}","templated":true}]}}