{"id":21970,"date":"2023-02-24T10:47:29","date_gmt":"2023-02-24T09:47:29","guid":{"rendered":"https:\/\/detgroennemuseum.dk\/?page_id=21970"},"modified":"2023-02-27T09:22:51","modified_gmt":"2023-02-27T08:22:51","slug":"monthly-item","status":"publish","type":"page","link":"https:\/\/detgroennemuseum.dk\/en\/maanedensgenstand\/","title":{"rendered":"Item of the month"},"content":{"rendered":"<div class=\"wpb-content-wrapper\"><div class=\"vc_row wpb_row vc_row-fluid vc_custom_1512115908610\"><div class=\"wpb_column vc_column_container vc_col-sm-12\"><div class=\"vc_column-inner vc_custom_1512115913121\"><div class=\"wpb_wrapper\">\n\t<div class=\"wpb_text_column wpb_content_element\" >\n\t\t<div class=\"wpb_wrapper\">\n\t\t\t<h1>Item of the month<\/h1>\n\n\t\t<\/div>\n\t<\/div>\n<div class=\"vc_empty_space\"   style=\"height: 32px\"><span class=\"vc_empty_space_inner\"><\/span><\/div>\n\t<div class=\"wpb_text_column wpb_content_element\" >\n\t\t<div class=\"wpb_wrapper\">\n\t\t\t\n\t\t<\/div>\n\t<\/div>\n<div class=\"vc_empty_space\"   style=\"height: 32px\"><span class=\"vc_empty_space_inner\"><\/span><\/div><style type=\"text\/css\" data-type=\"the7_shortcodes-inline-css\">.blog-shortcode.blog-list-shortcode-id-31b564910c399f73e8fd5494e038a315.dividers-on.classic-layout-list article {\n  margin-top: 50px;\n  padding-top: 0;\n}\n.blog-shortcode.blog-list-shortcode-id-31b564910c399f73e8fd5494e038a315.dividers-on.classic-layout-list article:first-of-type {\n  margin-top: 0;\n  padding-top: 0;\n}\n.blog-shortcode.blog-list-shortcode-id-31b564910c399f73e8fd5494e038a315.classic-layout-list.mode-list .post-thumbnail-wrap {\n  width: 50%;\n}\n.blog-shortcode.blog-list-shortcode-id-31b564910c399f73e8fd5494e038a315.classic-layout-list.mode-list .post-entry-content {\n  width: calc(100% - 50%);\n}\n.blog-shortcode.blog-list-shortcode-id-31b564910c399f73e8fd5494e038a315.classic-layout-list.mode-list .no-img .post-entry-content {\n  width: 100%;\n}\n.blog-shortcode.blog-list-shortcode-id-31b564910c399f73e8fd5494e038a315 .filter-bg-decoration .filter-categories a.act {\n  color: #fff;\n}\n.blog-shortcode.blog-list-shortcode-id-31b564910c399f73e8fd5494e038a315:not(.mode-masonry) article {\n  margin-top: 50px;\n}\n.blog-shortcode.blog-list-shortcode-id-31b564910c399f73e8fd5494e038a315:not(.mode-masonry) article:first-of-type,\n.blog-shortcode.blog-list-shortcode-id-31b564910c399f73e8fd5494e038a315:not(.mode-masonry) article.visible.first:not(.product) {\n  margin-top: 0;\n}\n.blog-shortcode.blog-list-shortcode-id-31b564910c399f73e8fd5494e038a315.dividers-on:not(.mode-masonry) article {\n  margin-top: 0;\n  padding-top: 50px;\n}\n.blog-shortcode.blog-list-shortcode-id-31b564910c399f73e8fd5494e038a315.dividers-on:not(.mode-masonry) article:first-of-type,\n.blog-shortcode.blog-list-shortcode-id-31b564910c399f73e8fd5494e038a315.dividers-on:not(.mode-masonry) article.visible.first:not(.product) {\n  margin-top: 0;\n  padding-top: 0;\n}\n.blog-shortcode.blog-list-shortcode-id-31b564910c399f73e8fd5494e038a315 .post-thumbnail-wrap {\n  padding: 0px 0px 15px 0px;\n}\n.blog-shortcode.blog-list-shortcode-id-31b564910c399f73e8fd5494e038a315.enable-bg-rollover .post-thumbnail-rollover:after {\n  background: -webkit-linear-gradient();\n  background: linear-gradient();\n}\n.blog-shortcode.blog-list-shortcode-id-31b564910c399f73e8fd5494e038a315 .gallery-zoom-ico {\n  width: 44px;\n  height: 44px;\n  line-height: 44px;\n  border-radius: 100px;\n  margin: -22px 0 0 -22px;\n  border-width: 0px;\n  color: #ffffff;\n}\n.bottom-overlap-layout-list.blog-shortcode.blog-list-shortcode-id-31b564910c399f73e8fd5494e038a315 .gallery-zoom-ico {\n  margin-top: -22px;\n}\n.gradient-overlay-layout-list.blog-shortcode.blog-list-shortcode-id-31b564910c399f73e8fd5494e038a315 .gallery-zoom-ico,\n.content-rollover-layout-list.blog-shortcode.blog-list-shortcode-id-31b564910c399f73e8fd5494e038a315 .gallery-zoom-ico {\n  margin: 0 0 10px;\n}\n.content-align-center.gradient-overlay-layout-list.blog-shortcode.blog-list-shortcode-id-31b564910c399f73e8fd5494e038a315 .gallery-zoom-ico,\n.content-align-center.content-rollover-layout-list.blog-shortcode.blog-list-shortcode-id-31b564910c399f73e8fd5494e038a315 .gallery-zoom-ico {\n  margin: 0 auto 10px;\n}\n.dt-icon-bg-on.blog-shortcode.blog-list-shortcode-id-31b564910c399f73e8fd5494e038a315 .gallery-zoom-ico {\n  background: rgba(255,255,255,0.3);\n  box-shadow: none;\n}\n.blog-shortcode.blog-list-shortcode-id-31b564910c399f73e8fd5494e038a315 .gallery-zoom-ico > span,\n.blog-shortcode.blog-list-shortcode-id-31b564910c399f73e8fd5494e038a315 .gallery-zoom-ico:before {\n  font-size: 32px;\n  line-height: 44px;\n}\n.blog-shortcode.blog-list-shortcode-id-31b564910c399f73e8fd5494e038a315 .gallery-zoom-ico > span,\n.blog-shortcode.blog-list-shortcode-id-31b564910c399f73e8fd5494e038a315 .gallery-zoom-ico:before {\n  color: #ffffff;\n}\n.blog-shortcode.blog-list-shortcode-id-31b564910c399f73e8fd5494e038a315 .fancy-date a {\n  background: #ffffff;\n  box-shadow: none;\n}\n.blog-shortcode.blog-list-shortcode-id-31b564910c399f73e8fd5494e038a315 .fancy-date a * {\n  color: #2d2d2d;\n}\n.blog-shortcode.blog-list-shortcode-id-31b564910c399f73e8fd5494e038a315 .entry-title,\n.blog-shortcode.blog-list-shortcode-id-31b564910c399f73e8fd5494e038a315.owl-carousel .entry-title {\n  margin-bottom: 5px;\n  font-weight: bold;\n}\n.blog-shortcode.blog-list-shortcode-id-31b564910c399f73e8fd5494e038a315 .entry-meta {\n  margin-bottom: 15px;\n}\n.blog-shortcode.blog-list-shortcode-id-31b564910c399f73e8fd5494e038a315 .entry-meta * {\n  font-size: 14px;\n  color: #89b41a;\n  font-weight: bold;\n}\n.blog-shortcode.blog-list-shortcode-id-31b564910c399f73e8fd5494e038a315 .portfolio-categories {\n  margin-bottom: 15px;\n}\n.blog-shortcode.blog-list-shortcode-id-31b564910c399f73e8fd5494e038a315 .entry-meta > a:after,\n.blog-shortcode.blog-list-shortcode-id-31b564910c399f73e8fd5494e038a315 .entry-meta > span:after {\n  background: #89b41a;\n  box-shadow: none;\n}\n.blog-shortcode.blog-list-shortcode-id-31b564910c399f73e8fd5494e038a315 .entry-excerpt {\n  margin-bottom: 5px;\n}\n.blog-shortcode.blog-list-shortcode-id-31b564910c399f73e8fd5494e038a315:not(.centered-layout-list) .post-entry-content {\n  padding: 25px 30px 30px 30px;\n}\n.blog-shortcode.blog-list-shortcode-id-31b564910c399f73e8fd5494e038a315:not(.centered-layout-list):not(.content-bg-on):not(.mode-list) .no-img .post-entry-content {\n  padding: 0;\n}\n@media screen and (max-width: 768px) {\n  .blog-shortcode.blog-list-shortcode-id-31b564910c399f73e8fd5494e038a315 article {\n    -ms-flex-flow: column nowrap;\n    flex-flow: column nowrap;\n    margin-top: 20px;\n  }\n  .blog-shortcode.blog-list-shortcode-id-31b564910c399f73e8fd5494e038a315.dividers-on article {\n    border: none;\n  }\n  .blog-shortcode.blog-list-shortcode-id-31b564910c399f73e8fd5494e038a315.content-bg-on.centered-layout-list article {\n    padding: 0;\n  }\n  .blog-shortcode.blog-list-shortcode-id-31b564910c399f73e8fd5494e038a315.blog-shortcode.dividers-on article,\n  .blog-shortcode.blog-list-shortcode-id-31b564910c399f73e8fd5494e038a315.dividers-on.classic-layout-list article {\n    margin-top: 20px;\n    padding: 0;\n  }\n  .blog-shortcode.blog-list-shortcode-id-31b564910c399f73e8fd5494e038a315.blog-shortcode.dividers-on article:first-of-type,\n  .blog-shortcode.blog-list-shortcode-id-31b564910c399f73e8fd5494e038a315.dividers-on.classic-layout-list article:first-of-type {\n    padding: 0;\n  }\n  #page .blog-shortcode.blog-list-shortcode-id-31b564910c399f73e8fd5494e038a315 .post-thumbnail-wrap,\n  #page .blog-shortcode.blog-list-shortcode-id-31b564910c399f73e8fd5494e038a315 .post-entry-content {\n    width: 100%;\n    margin: 0;\n    top: 0;\n  }\n  #page .blog-shortcode.blog-list-shortcode-id-31b564910c399f73e8fd5494e038a315 .post-thumbnail-wrap {\n    padding: 0;\n  }\n  #page .blog-shortcode.blog-list-shortcode-id-31b564910c399f73e8fd5494e038a315 .post-entry-content:after {\n    display: none;\n  }\n  #page .blog-shortcode.blog-list-shortcode-id-31b564910c399f73e8fd5494e038a315 .project-even .post-thumbnail-wrap,\n  #page .blog-shortcode.blog-list-shortcode-id-31b564910c399f73e8fd5494e038a315.centered-layout-list .post-thumbnail-wrap {\n    -ms-flex-order: 0;\n    order: 0;\n  }\n  #page .blog-shortcode.blog-list-shortcode-id-31b564910c399f73e8fd5494e038a315.centered-layout-list .post-entry-title-content {\n    -ms-flex-order: 1;\n    order: 1;\n    width: 100%;\n    padding: 20px 20px 0;\n  }\n  #page .blog-shortcode.blog-list-shortcode-id-31b564910c399f73e8fd5494e038a315.centered-layout-list .post-entry-content {\n    -ms-flex-order: 2;\n    order: 2;\n    padding-top: 0;\n  }\n  #page .blog-shortcode.blog-list-shortcode-id-31b564910c399f73e8fd5494e038a315 .fancy-categories {\n    top: 10px;\n    left: 10px;\n    bottom: auto;\n    right: auto;\n  }\n  #page .blog-shortcode.blog-list-shortcode-id-31b564910c399f73e8fd5494e038a315 .fancy-date a {\n    top: 10px;\n    right: 10px;\n    left: auto;\n    bottom: auto;\n  }\n  #page .blog-shortcode.blog-list-shortcode-id-31b564910c399f73e8fd5494e038a315 .post-entry-content {\n    padding: 20px;\n  }\n  #page .blog-shortcode.blog-list-shortcode-id-31b564910c399f73e8fd5494e038a315 .entry-title {\n    margin: 3px 0 5px;\n    font-size: 20px;\n    line-height: 26px;\n  }\n  #page .blog-shortcode.blog-list-shortcode-id-31b564910c399f73e8fd5494e038a315 .entry-meta {\n    margin: 5px 0 5px;\n  }\n  #page .blog-shortcode.blog-list-shortcode-id-31b564910c399f73e8fd5494e038a315 .entry-excerpt {\n    margin: 15px 0 0;\n  }\n  #page .blog-shortcode.blog-list-shortcode-id-31b564910c399f73e8fd5494e038a315 .post-details {\n    margin: 5px 0 10px;\n  }\n  #page .blog-shortcode.blog-list-shortcode-id-31b564910c399f73e8fd5494e038a315 .post-details.details-type-link {\n    margin-bottom: 2px;\n  }\n}<\/style><div class=\"articles-list blog-shortcode mode-list blog-list-shortcode-id-31b564910c399f73e8fd5494e038a315 classic-layout-list content-bg-on jquery-filter lazy-loading-mode dt-icon-bg-off loading-effect-fade-in\" data-cur-page=\"1\" data-post-limit=\"10\" data-pagination-mode=\"load-more\" aria-live=\"assertive\"><article class=\"post project-odd visible post-22161 type-post status-publish format-standard has-post-thumbnail hentry category-maanedensgenstand category-228 description-off\" data-name=\"Villemoes Kunstg\u00f8dningsspreder\" data-date=\"2023-04-13T10:55:27+02:00\">\n\n<div class=\"post-thumbnail-wrap\">\n\t<div class=\"post-thumbnail\">\n\n\t\t\n\t\t\n\t\t<a href=\"https:\/\/detgroennemuseum.dk\/en\/villemoes-kunstgoedningsspreder\/\" class=\"post-thumbnail-rollover layzr-bg layzr-bg\" ><img fetchpriority=\"high\" decoding=\"async\" class=\"blog-thumb-lazy-load preload-me lazy-load aspect\" src=\"data:image\/svg+xml,%3Csvg%20xmlns%3D&#39;http%3A%2F%2Fwww.w3.org%2F2000%2Fsvg&#39;%20viewBox%3D&#39;0%200%20768%20512&#39;%2F%3E\" data-src=\"https:\/\/detgroennemuseum.dk\/wp-content\/smush-webp\/2023\/04\/Villemoes-Kunstgoedningsspreder-3-768x512.jpg.webp\" data-srcset=\"https:\/\/detgroennemuseum.dk\/wp-content\/smush-webp\/2023\/04\/Villemoes-Kunstgoedningsspreder-3-768x512.jpg.webp 768w, https:\/\/detgroennemuseum.dk\/wp-content\/uploads\/2023\/04\/Villemoes-Kunstgoedningsspreder-3-1306x870.jpg 1306w\" loading=\"eager\" style=\"--ratio: 768 \/ 512\" sizes=\"(max-width: 768px) 100vw, 768px\" alt=\"Villemoes fertilizer spreader as it stands on the Green Museum&#039;s magazine.\" title=\"Villemoes Fertilizer Spreader 3\" width=\"768\" height=\"512\"  \/><\/a>\n\t<\/div>\n<\/div>\n\n\n<div class=\"post-entry-content\">\n\n\t<h3 class=\"entry-title\">\n\t\t<a href=\"https:\/\/detgroennemuseum.dk\/en\/villemoes-kunstgoedningsspreder\/\" title=\"Villemoes Fertilizer Spreader\" rel=\"bookmark\">Villemoes Fertilizer Spreader<\/a>\n\t<\/h3>\n\n\t<div class=\"entry-meta\"><span class=\"category-link\"><a href=\"https:\/\/detgroennemuseum.dk\/en\/category\/maanedensgenstand\/\" >Item of the month<\/a><\/span><\/div>\n\t<div class=\"entry-excerpt\"><p>Villemoes Fertilizer Spreader Villemoes fertilizer spreader as it appears on the Green Museum&#039;s magazine. The museum&#039;s collection contains one of the most popular fertilizer spreaders, namely Villemoes Fertilizer Spreader. It is not part of\u2026<\/p>\n<\/div>\n\t\n<a href=\"https:\/\/detgroennemuseum.dk\/en\/villemoes-kunstgoedningsspreder\/\" class=\"dt-btn-s dt-btn post-details details-type-btn\" aria-label=\"Read more about Villemoes Fertilizer Spreader\">Read more<i class=\"dt-icon-the7-arrow-03\" aria-hidden=\"true\"><\/i><\/a>\n\n<\/div><\/article><article class=\"post project-odd visible post-21975 type-post status-publish format-standard has-post-thumbnail hentry category-maanedensgenstand category-228 description-off\" data-name=\"Rads\u00e5maskine\" data-date=\"2023-02-24T13:08:33+01:00\">\n\n<div class=\"post-thumbnail-wrap\">\n\t<div class=\"post-thumbnail\">\n\n\t\t\n\t\t\n\t\t<a href=\"https:\/\/detgroennemuseum.dk\/en\/radsaamaskine\/\" class=\"post-thumbnail-rollover layzr-bg layzr-bg\" ><img decoding=\"async\" class=\"blog-thumb-lazy-load preload-me lazy-load aspect\" src=\"data:image\/svg+xml,%3Csvg%20xmlns%3D&#39;http%3A%2F%2Fwww.w3.org%2F2000%2Fsvg&#39;%20viewBox%3D&#39;0%200%20768%20512&#39;%2F%3E\" data-src=\"https:\/\/detgroennemuseum.dk\/wp-content\/smush-webp\/2023\/02\/000.6161-768x512.jpg.webp\" data-srcset=\"https:\/\/detgroennemuseum.dk\/wp-content\/smush-webp\/2023\/02\/000.6161-768x512.jpg.webp 768w, https:\/\/detgroennemuseum.dk\/wp-content\/uploads\/2023\/02\/000.6161-1306x870.jpg 1306w\" loading=\"eager\" style=\"--ratio: 768 \/ 512\" sizes=\"(max-width: 768px) 100vw, 768px\" alt=\"Row seeder from the side\" title=\"000.616(1)\" width=\"768\" height=\"512\"  \/><\/a>\n\t<\/div>\n<\/div>\n\n\n<div class=\"post-entry-content\">\n\n\t<h3 class=\"entry-title\">\n\t\t<a href=\"https:\/\/detgroennemuseum.dk\/en\/radsaamaskine\/\" title=\"Row seeder\" rel=\"bookmark\">Row seeder<\/a>\n\t<\/h3>\n\n\t<div class=\"entry-meta\"><span class=\"category-link\"><a href=\"https:\/\/detgroennemuseum.dk\/en\/category\/maanedensgenstand\/\" >Item of the month<\/a><\/span><\/div>\n\t<div class=\"entry-excerpt\"><p>Row sowing machine Up until sometime in the 19th century, it was normal to throw the seed by hand over the field when sowing in the spring. The seed was placed in a seed train,\u2026<\/p>\n<\/div>\n\t\n<a href=\"https:\/\/detgroennemuseum.dk\/en\/radsaamaskine\/\" class=\"dt-btn-s dt-btn post-details details-type-btn\" aria-label=\"Read more about Row sowing machine\">Read more<i class=\"dt-icon-the7-arrow-03\" aria-hidden=\"true\"><\/i><\/a>\n\n<\/div><\/article><div class=\"paginator paginator-more-button\">\n\t\t\t\t<a class=\"button-load-more\" href=\"javascript:void(0);\" data-dt-page=\"1\" ><span class=\"stick\"><\/span><span class=\"stick\"><\/span><span class=\"stick\"><\/span><span class=\"button-caption\">Load more<\/span><\/a>\n\t\t\t<\/div><\/div><\/div><\/div><\/div><\/div>\n<\/div>","protected":false},"excerpt":{"rendered":"<p>Item of the month<\/p>","protected":false},"author":17,"featured_media":0,"parent":0,"menu_order":0,"comment_status":"closed","ping_status":"closed","template":"","meta":{"_price":"","_stock":"","_tribe_ticket_header":"","_tribe_default_ticket_provider":"","_tribe_ticket_capacity":"0","_ticket_start_date":"","_ticket_end_date":"","_tribe_ticket_show_description":"","_tribe_ticket_show_not_going":false,"_tribe_ticket_use_global_stock":"","_tribe_ticket_global_stock_level":"","_global_stock_mode":"","_global_stock_cap":"","_tribe_rsvp_for_event":"","_tribe_ticket_going_count":"","_tribe_ticket_not_going_count":"","_tribe_tickets_list":"[]","_tribe_ticket_has_attendee_info_fields":false,"footnotes":""},"class_list":["post-21970","page","type-page","status-publish","hentry","description-off"],"yoast_head":"<!-- This site is optimized with the Yoast SEO plugin v27.5 - https:\/\/yoast.com\/product\/yoast-seo-wordpress\/ -->\n<title>M\u00e5nedens genstand ved det Gr\u00f8nne Museum<\/title>\n<meta name=\"description\" content=\"Hver m\u00e5ned pr\u00e6senterer Det Gr\u00f8nne Museum m\u00e5nedens genstand. En genstand som enten st\u00e5r i en af vores udstillinger eller p\u00e5 et magasin.\" \/>\n<meta name=\"robots\" content=\"index, follow, max-snippet:-1, max-image-preview:large, max-video-preview:-1\" \/>\n<link rel=\"canonical\" href=\"https:\/\/detgroennemuseum.dk\/en\/monthly-item\/\" \/>\n<meta property=\"og:locale\" content=\"en_GB\" \/>\n<meta property=\"og:type\" content=\"article\" \/>\n<meta property=\"og:title\" content=\"M\u00e5nedens genstand ved det Gr\u00f8nne Museum\" \/>\n<meta property=\"og:description\" content=\"Hver m\u00e5ned pr\u00e6senterer Det Gr\u00f8nne Museum m\u00e5nedens genstand. En genstand som enten st\u00e5r i en af vores udstillinger eller p\u00e5 et magasin.\" \/>\n<meta property=\"og:url\" content=\"https:\/\/detgroennemuseum.dk\/en\/monthly-item\/\" \/>\n<meta property=\"og:site_name\" content=\"Det Gr\u00f8nne Museum\" \/>\n<meta property=\"article:modified_time\" content=\"2023-02-27T08:22:51+00:00\" \/>\n<meta name=\"twitter:card\" content=\"summary_large_image\" \/>\n<meta name=\"twitter:label1\" content=\"Estimated reading time\" \/>\n\t<meta name=\"twitter:data1\" content=\"1 minute\" \/>\n<script type=\"application\/ld+json\" class=\"yoast-schema-graph\">{\"@context\":\"https:\\\/\\\/schema.org\",\"@graph\":[{\"@type\":\"WebPage\",\"@id\":\"https:\\\/\\\/detgroennemuseum.dk\\\/maanedensgenstand\\\/\",\"url\":\"https:\\\/\\\/detgroennemuseum.dk\\\/maanedensgenstand\\\/\",\"name\":\"M\u00e5nedens genstand ved det Gr\u00f8nne Museum\",\"isPartOf\":{\"@id\":\"https:\\\/\\\/detgroennemuseum.dk\\\/#website\"},\"datePublished\":\"2023-02-24T09:47:29+00:00\",\"dateModified\":\"2023-02-27T08:22:51+00:00\",\"description\":\"Hver m\u00e5ned pr\u00e6senterer Det Gr\u00f8nne Museum m\u00e5nedens genstand. En genstand som enten st\u00e5r i en af vores udstillinger eller p\u00e5 et magasin.\",\"breadcrumb\":{\"@id\":\"https:\\\/\\\/detgroennemuseum.dk\\\/maanedensgenstand\\\/#breadcrumb\"},\"inLanguage\":\"en-GB\",\"potentialAction\":[{\"@type\":\"ReadAction\",\"target\":[\"https:\\\/\\\/detgroennemuseum.dk\\\/maanedensgenstand\\\/\"]}]},{\"@type\":\"BreadcrumbList\",\"@id\":\"https:\\\/\\\/detgroennemuseum.dk\\\/maanedensgenstand\\\/#breadcrumb\",\"itemListElement\":[{\"@type\":\"ListItem\",\"position\":1,\"name\":\"Hjem\",\"item\":\"https:\\\/\\\/detgroennemuseum.dk\\\/\"},{\"@type\":\"ListItem\",\"position\":2,\"name\":\"M\u00e5nedens genstand\"}]},{\"@type\":\"WebSite\",\"@id\":\"https:\\\/\\\/detgroennemuseum.dk\\\/#website\",\"url\":\"https:\\\/\\\/detgroennemuseum.dk\\\/\",\"name\":\"Det Gr\u00f8nne Museum\",\"description\":\"Danmarks nationale museum for jagten, skoven, landbruget og maden\",\"potentialAction\":[{\"@type\":\"SearchAction\",\"target\":{\"@type\":\"EntryPoint\",\"urlTemplate\":\"https:\\\/\\\/detgroennemuseum.dk\\\/?s={search_term_string}\"},\"query-input\":{\"@type\":\"PropertyValueSpecification\",\"valueRequired\":true,\"valueName\":\"search_term_string\"}}],\"inLanguage\":\"en-GB\"}]}<\/script>\n<!-- \/ Yoast SEO plugin. -->","yoast_head_json":{"title":"Object of the month at the Green Museum","description":"Every month, The Green Museum presents the object of the month. An object that is either in one of our exhibitions or in a magazine.","robots":{"index":"index","follow":"follow","max-snippet":"max-snippet:-1","max-image-preview":"max-image-preview:large","max-video-preview":"max-video-preview:-1"},"canonical":"https:\/\/detgroennemuseum.dk\/en\/monthly-item\/","og_locale":"en_GB","og_type":"article","og_title":"M\u00e5nedens genstand ved det Gr\u00f8nne Museum","og_description":"Hver m\u00e5ned pr\u00e6senterer Det Gr\u00f8nne Museum m\u00e5nedens genstand. En genstand som enten st\u00e5r i en af vores udstillinger eller p\u00e5 et magasin.","og_url":"https:\/\/detgroennemuseum.dk\/en\/monthly-item\/","og_site_name":"Det Gr\u00f8nne Museum","article_modified_time":"2023-02-27T08:22:51+00:00","twitter_card":"summary_large_image","twitter_misc":{"Estimated reading time":"1 minute"},"schema":{"@context":"https:\/\/schema.org","@graph":[{"@type":"WebPage","@id":"https:\/\/detgroennemuseum.dk\/maanedensgenstand\/","url":"https:\/\/detgroennemuseum.dk\/maanedensgenstand\/","name":"Object of the month at the Green Museum","isPartOf":{"@id":"https:\/\/detgroennemuseum.dk\/#website"},"datePublished":"2023-02-24T09:47:29+00:00","dateModified":"2023-02-27T08:22:51+00:00","description":"Every month, The Green Museum presents the object of the month. An object that is either in one of our exhibitions or in a magazine.","breadcrumb":{"@id":"https:\/\/detgroennemuseum.dk\/maanedensgenstand\/#breadcrumb"},"inLanguage":"en-GB","potentialAction":[{"@type":"ReadAction","target":["https:\/\/detgroennemuseum.dk\/maanedensgenstand\/"]}]},{"@type":"BreadcrumbList","@id":"https:\/\/detgroennemuseum.dk\/maanedensgenstand\/#breadcrumb","itemListElement":[{"@type":"ListItem","position":1,"name":"Hjem","item":"https:\/\/detgroennemuseum.dk\/"},{"@type":"ListItem","position":2,"name":"M\u00e5nedens genstand"}]},{"@type":"WebSite","@id":"https:\/\/detgroennemuseum.dk\/#website","url":"https:\/\/detgroennemuseum.dk\/","name":"The Green Museum","description":"Denmark&#039;s National Museum of Hunting, Forestry, Agriculture and Food","potentialAction":[{"@type":"SearchAction","target":{"@type":"EntryPoint","urlTemplate":"https:\/\/detgroennemuseum.dk\/?s={search_term_string}"},"query-input":{"@type":"PropertyValueSpecification","valueRequired":true,"valueName":"search_term_string"}}],"inLanguage":"en-GB"}]}},"_links":{"self":[{"href":"https:\/\/detgroennemuseum.dk\/en\/wp-json\/wp\/v2\/pages\/21970","targetHints":{"allow":["GET"]}}],"collection":[{"href":"https:\/\/detgroennemuseum.dk\/en\/wp-json\/wp\/v2\/pages"}],"about":[{"href":"https:\/\/detgroennemuseum.dk\/en\/wp-json\/wp\/v2\/types\/page"}],"author":[{"embeddable":true,"href":"https:\/\/detgroennemuseum.dk\/en\/wp-json\/wp\/v2\/users\/17"}],"replies":[{"embeddable":true,"href":"https:\/\/detgroennemuseum.dk\/en\/wp-json\/wp\/v2\/comments?post=21970"}],"version-history":[{"count":3,"href":"https:\/\/detgroennemuseum.dk\/en\/wp-json\/wp\/v2\/pages\/21970\/revisions"}],"predecessor-version":[{"id":21987,"href":"https:\/\/detgroennemuseum.dk\/en\/wp-json\/wp\/v2\/pages\/21970\/revisions\/21987"}],"wp:attachment":[{"href":"https:\/\/detgroennemuseum.dk\/en\/wp-json\/wp\/v2\/media?parent=21970"}],"curies":[{"name":"wp","href":"https:\/\/api.w.org\/{rel}","templated":true}]}}