{"id":1496,"date":"2017-11-10T13:49:27","date_gmt":"2017-11-10T12:49:27","guid":{"rendered":"http:\/\/detgroennemuseum.dk\/?page_id=1496"},"modified":"2025-04-26T23:10:59","modified_gmt":"2025-04-26T21:10:59","slug":"teaching-process","status":"publish","type":"page","link":"https:\/\/detgroennemuseum.dk\/en\/undervisningsforloeb\/","title":{"rendered":"Teaching process"},"content":{"rendered":"<div class=\"wpb-content-wrapper\"><div class=\"vc_row wpb_row vc_row-fluid vc_custom_1512115908610\"><div class=\"wpb_column vc_column_container vc_col-sm-12\"><div class=\"vc_column-inner vc_custom_1512115913121\"><div class=\"wpb_wrapper\">\n\t<div class=\"wpb_text_column wpb_content_element\" >\n\t\t<div class=\"wpb_wrapper\">\n\t\t\t<h1>Teaching process<\/h1>\n\n\t\t<\/div>\n\t<\/div>\n<div class=\"vc_empty_space\"   style=\"height: 32px\"><span class=\"vc_empty_space_inner\"><\/span><\/div>\n\t<div class=\"wpb_text_column wpb_content_element\" >\n\t\t<div class=\"wpb_wrapper\">\n\t\t\t<p>Here you will find a comprehensive overview of the museum&#039;s educational offerings. You will find both &quot;homeschool offerings&quot; that you can be inspired by, as well as our regular educational offerings.<\/p>\n<p><a href=\"https:\/\/detgroennemuseum.dk\/en\/education\/\">Take a look at this page,<\/a> where you will find the contact information for the museum&#039;s school service representatives. They are ready to help with questions, booking and a chat about the possibilities.<\/p>\n<p>Have fun!<\/p>\n\n\t\t<\/div>\n\t<\/div>\n<div class=\"vc_empty_space\"   style=\"height: 32px\"><span class=\"vc_empty_space_inner\"><\/span><\/div><style type=\"text\/css\" data-type=\"the7_shortcodes-inline-css\">.blog-shortcode.blog-list-shortcode-id-109183f45b378155d76c01fa104d1413.dividers-on.classic-layout-list article {\n  margin-top: 50px;\n  padding-top: 0;\n}\n.blog-shortcode.blog-list-shortcode-id-109183f45b378155d76c01fa104d1413.dividers-on.classic-layout-list article:first-of-type {\n  margin-top: 0;\n  padding-top: 0;\n}\n.blog-shortcode.blog-list-shortcode-id-109183f45b378155d76c01fa104d1413.classic-layout-list.mode-list .post-thumbnail-wrap {\n  width: 50%;\n}\n.blog-shortcode.blog-list-shortcode-id-109183f45b378155d76c01fa104d1413.classic-layout-list.mode-list .post-entry-content {\n  width: calc(100% - 50%);\n}\n.blog-shortcode.blog-list-shortcode-id-109183f45b378155d76c01fa104d1413.classic-layout-list.mode-list .no-img .post-entry-content {\n  width: 100%;\n}\n.blog-shortcode.blog-list-shortcode-id-109183f45b378155d76c01fa104d1413 .filter-bg-decoration .filter-categories a.act {\n  color: #fff;\n}\n.blog-shortcode.blog-list-shortcode-id-109183f45b378155d76c01fa104d1413:not(.mode-masonry) article {\n  margin-top: 50px;\n}\n.blog-shortcode.blog-list-shortcode-id-109183f45b378155d76c01fa104d1413:not(.mode-masonry) article:first-of-type,\n.blog-shortcode.blog-list-shortcode-id-109183f45b378155d76c01fa104d1413:not(.mode-masonry) article.visible.first:not(.product) {\n  margin-top: 0;\n}\n.blog-shortcode.blog-list-shortcode-id-109183f45b378155d76c01fa104d1413.dividers-on:not(.mode-masonry) article {\n  margin-top: 0;\n  padding-top: 50px;\n}\n.blog-shortcode.blog-list-shortcode-id-109183f45b378155d76c01fa104d1413.dividers-on:not(.mode-masonry) article:first-of-type,\n.blog-shortcode.blog-list-shortcode-id-109183f45b378155d76c01fa104d1413.dividers-on:not(.mode-masonry) article.visible.first:not(.product) {\n  margin-top: 0;\n  padding-top: 0;\n}\n.blog-shortcode.blog-list-shortcode-id-109183f45b378155d76c01fa104d1413 .post-thumbnail-wrap {\n  padding: 0px 0px 15px 0px;\n}\n.blog-shortcode.blog-list-shortcode-id-109183f45b378155d76c01fa104d1413.enable-bg-rollover .post-thumbnail-rollover:after {\n  background: -webkit-linear-gradient();\n  background: linear-gradient();\n}\n.blog-shortcode.blog-list-shortcode-id-109183f45b378155d76c01fa104d1413 .gallery-zoom-ico {\n  width: 44px;\n  height: 44px;\n  line-height: 44px;\n  border-radius: 100px;\n  margin: -22px 0 0 -22px;\n  border-width: 0px;\n  color: #ffffff;\n}\n.bottom-overlap-layout-list.blog-shortcode.blog-list-shortcode-id-109183f45b378155d76c01fa104d1413 .gallery-zoom-ico {\n  margin-top: -22px;\n}\n.gradient-overlay-layout-list.blog-shortcode.blog-list-shortcode-id-109183f45b378155d76c01fa104d1413 .gallery-zoom-ico,\n.content-rollover-layout-list.blog-shortcode.blog-list-shortcode-id-109183f45b378155d76c01fa104d1413 .gallery-zoom-ico {\n  margin: 0 0 10px;\n}\n.content-align-center.gradient-overlay-layout-list.blog-shortcode.blog-list-shortcode-id-109183f45b378155d76c01fa104d1413 .gallery-zoom-ico,\n.content-align-center.content-rollover-layout-list.blog-shortcode.blog-list-shortcode-id-109183f45b378155d76c01fa104d1413 .gallery-zoom-ico {\n  margin: 0 auto 10px;\n}\n.dt-icon-bg-on.blog-shortcode.blog-list-shortcode-id-109183f45b378155d76c01fa104d1413 .gallery-zoom-ico {\n  background: rgba(255,255,255,0.3);\n  box-shadow: none;\n}\n.blog-shortcode.blog-list-shortcode-id-109183f45b378155d76c01fa104d1413 .gallery-zoom-ico > span,\n.blog-shortcode.blog-list-shortcode-id-109183f45b378155d76c01fa104d1413 .gallery-zoom-ico:before {\n  font-size: 32px;\n  line-height: 44px;\n}\n.blog-shortcode.blog-list-shortcode-id-109183f45b378155d76c01fa104d1413 .gallery-zoom-ico > span,\n.blog-shortcode.blog-list-shortcode-id-109183f45b378155d76c01fa104d1413 .gallery-zoom-ico:before {\n  color: #ffffff;\n}\n.blog-shortcode.blog-list-shortcode-id-109183f45b378155d76c01fa104d1413 .fancy-date a {\n  background: #ffffff;\n  box-shadow: none;\n}\n.blog-shortcode.blog-list-shortcode-id-109183f45b378155d76c01fa104d1413 .fancy-date a * {\n  color: #2d2d2d;\n}\n.blog-shortcode.blog-list-shortcode-id-109183f45b378155d76c01fa104d1413 .entry-title,\n.blog-shortcode.blog-list-shortcode-id-109183f45b378155d76c01fa104d1413.owl-carousel .entry-title {\n  margin-bottom: 5px;\n  font-weight: bold;\n}\n.blog-shortcode.blog-list-shortcode-id-109183f45b378155d76c01fa104d1413 .entry-meta {\n  margin-bottom: 15px;\n}\n.blog-shortcode.blog-list-shortcode-id-109183f45b378155d76c01fa104d1413 .entry-meta * {\n  font-size: 14px;\n  color: #89b41a;\n  font-weight: bold;\n}\n.blog-shortcode.blog-list-shortcode-id-109183f45b378155d76c01fa104d1413 .portfolio-categories {\n  margin-bottom: 15px;\n}\n.blog-shortcode.blog-list-shortcode-id-109183f45b378155d76c01fa104d1413 .entry-meta > a:after,\n.blog-shortcode.blog-list-shortcode-id-109183f45b378155d76c01fa104d1413 .entry-meta > span:after {\n  background: #89b41a;\n  box-shadow: none;\n}\n.blog-shortcode.blog-list-shortcode-id-109183f45b378155d76c01fa104d1413 .entry-excerpt {\n  margin-bottom: 5px;\n}\n.blog-shortcode.blog-list-shortcode-id-109183f45b378155d76c01fa104d1413:not(.centered-layout-list) .post-entry-content {\n  padding: 25px 30px 30px 30px;\n}\n.blog-shortcode.blog-list-shortcode-id-109183f45b378155d76c01fa104d1413:not(.centered-layout-list):not(.content-bg-on):not(.mode-list) .no-img .post-entry-content {\n  padding: 0;\n}\n@media screen and (max-width: 768px) {\n  .blog-shortcode.blog-list-shortcode-id-109183f45b378155d76c01fa104d1413 article {\n    -ms-flex-flow: column nowrap;\n    flex-flow: column nowrap;\n    margin-top: 20px;\n  }\n  .blog-shortcode.blog-list-shortcode-id-109183f45b378155d76c01fa104d1413.dividers-on article {\n    border: none;\n  }\n  .blog-shortcode.blog-list-shortcode-id-109183f45b378155d76c01fa104d1413.content-bg-on.centered-layout-list article {\n    padding: 0;\n  }\n  .blog-shortcode.blog-list-shortcode-id-109183f45b378155d76c01fa104d1413.blog-shortcode.dividers-on article,\n  .blog-shortcode.blog-list-shortcode-id-109183f45b378155d76c01fa104d1413.dividers-on.classic-layout-list article {\n    margin-top: 20px;\n    padding: 0;\n  }\n  .blog-shortcode.blog-list-shortcode-id-109183f45b378155d76c01fa104d1413.blog-shortcode.dividers-on article:first-of-type,\n  .blog-shortcode.blog-list-shortcode-id-109183f45b378155d76c01fa104d1413.dividers-on.classic-layout-list article:first-of-type {\n    padding: 0;\n  }\n  #page .blog-shortcode.blog-list-shortcode-id-109183f45b378155d76c01fa104d1413 .post-thumbnail-wrap,\n  #page .blog-shortcode.blog-list-shortcode-id-109183f45b378155d76c01fa104d1413 .post-entry-content {\n    width: 100%;\n    margin: 0;\n    top: 0;\n  }\n  #page .blog-shortcode.blog-list-shortcode-id-109183f45b378155d76c01fa104d1413 .post-thumbnail-wrap {\n    padding: 0;\n  }\n  #page .blog-shortcode.blog-list-shortcode-id-109183f45b378155d76c01fa104d1413 .post-entry-content:after {\n    display: none;\n  }\n  #page .blog-shortcode.blog-list-shortcode-id-109183f45b378155d76c01fa104d1413 .project-even .post-thumbnail-wrap,\n  #page .blog-shortcode.blog-list-shortcode-id-109183f45b378155d76c01fa104d1413.centered-layout-list .post-thumbnail-wrap {\n    -ms-flex-order: 0;\n    order: 0;\n  }\n  #page .blog-shortcode.blog-list-shortcode-id-109183f45b378155d76c01fa104d1413.centered-layout-list .post-entry-title-content {\n    -ms-flex-order: 1;\n    order: 1;\n    width: 100%;\n    padding: 20px 20px 0;\n  }\n  #page .blog-shortcode.blog-list-shortcode-id-109183f45b378155d76c01fa104d1413.centered-layout-list .post-entry-content {\n    -ms-flex-order: 2;\n    order: 2;\n    padding-top: 0;\n  }\n  #page .blog-shortcode.blog-list-shortcode-id-109183f45b378155d76c01fa104d1413 .fancy-categories {\n    top: 10px;\n    left: 10px;\n    bottom: auto;\n    right: auto;\n  }\n  #page .blog-shortcode.blog-list-shortcode-id-109183f45b378155d76c01fa104d1413 .fancy-date a {\n    top: 10px;\n    right: 10px;\n    left: auto;\n    bottom: auto;\n  }\n  #page .blog-shortcode.blog-list-shortcode-id-109183f45b378155d76c01fa104d1413 .post-entry-content {\n    padding: 20px;\n  }\n  #page .blog-shortcode.blog-list-shortcode-id-109183f45b378155d76c01fa104d1413 .entry-title {\n    margin: 3px 0 5px;\n    font-size: 20px;\n    line-height: 26px;\n  }\n  #page .blog-shortcode.blog-list-shortcode-id-109183f45b378155d76c01fa104d1413 .entry-meta {\n    margin: 5px 0 5px;\n  }\n  #page .blog-shortcode.blog-list-shortcode-id-109183f45b378155d76c01fa104d1413 .entry-excerpt {\n    margin: 15px 0 0;\n  }\n  #page .blog-shortcode.blog-list-shortcode-id-109183f45b378155d76c01fa104d1413 .post-details {\n    margin: 5px 0 10px;\n  }\n  #page .blog-shortcode.blog-list-shortcode-id-109183f45b378155d76c01fa104d1413 .post-details.details-type-link {\n    margin-bottom: 2px;\n  }\n}<\/style><div class=\"articles-list blog-shortcode mode-list blog-list-shortcode-id-109183f45b378155d76c01fa104d1413 classic-layout-list content-bg-on jquery-filter lazy-loading-mode dt-icon-bg-off loading-effect-fade-in\" data-cur-page=\"1\" data-post-limit=\"10\" data-pagination-mode=\"load-more\" aria-live=\"assertive\"><div class=\"paginator paginator-more-button\">\n\t\t\t\t<a class=\"button-load-more\" href=\"javascript:void(0);\" data-dt-page=\"1\" ><span class=\"stick\"><\/span><span class=\"stick\"><\/span><span class=\"stick\"><\/span><span class=\"button-caption\">Load more<\/span><\/a>\n\t\t\t<\/div><\/div><\/div><\/div><\/div><\/div><div class=\"vc_row wpb_row vc_row-fluid\"><div class=\"wpb_column vc_column_container vc_col-sm-12\"><div class=\"vc_column-inner\"><div class=\"wpb_wrapper\"><\/div><\/div><\/div><\/div>\n<\/div>","protected":false},"excerpt":{"rendered":"<p>Teaching courses Here you will find a comprehensive overview of the museum&#039;s teaching offerings. You will find both &quot;homeschool offerings&quot; that you can be inspired by, as well as our regular teaching offerings. Take a look at the page...<\/p>","protected":false},"author":3,"featured_media":0,"parent":0,"menu_order":0,"comment_status":"closed","ping_status":"closed","template":"","meta":{"_price":"","_stock":"","_tribe_ticket_header":"","_tribe_default_ticket_provider":"","_tribe_ticket_capacity":"0","_ticket_start_date":"","_ticket_end_date":"","_tribe_ticket_show_description":"","_tribe_ticket_show_not_going":false,"_tribe_ticket_use_global_stock":"","_tribe_ticket_global_stock_level":"","_global_stock_mode":"","_global_stock_cap":"","_tribe_rsvp_for_event":"","_tribe_ticket_going_count":"","_tribe_ticket_not_going_count":"","_tribe_tickets_list":"[]","_tribe_ticket_has_attendee_info_fields":false,"footnotes":""},"class_list":["post-1496","page","type-page","status-publish","hentry","description-off"],"yoast_head":"<!-- This site is optimized with the Yoast SEO plugin v27.5 - https:\/\/yoast.com\/product\/yoast-seo-wordpress\/ -->\n<title>Undervisningsforl\u00f8b | Samlet oversigt over vores tilbud<\/title>\n<meta name=\"description\" content=\"Lad dig inspirere af \u201dhjemmeskole-tilbuddene\u201d eller tilmeld dig vores regul\u00e6re undervisningstilbud. Vi gl\u00e6der os til at h\u00f8re fra dig.\" \/>\n<meta name=\"robots\" content=\"index, follow, max-snippet:-1, max-image-preview:large, max-video-preview:-1\" \/>\n<link rel=\"canonical\" href=\"https:\/\/detgroennemuseum.dk\/en\/teaching-process\/\" \/>\n<meta property=\"og:locale\" content=\"en_GB\" \/>\n<meta property=\"og:type\" content=\"article\" \/>\n<meta property=\"og:title\" content=\"Undervisningsforl\u00f8b | Samlet oversigt over vores tilbud\" \/>\n<meta property=\"og:description\" content=\"Lad dig inspirere af \u201dhjemmeskole-tilbuddene\u201d eller tilmeld dig vores regul\u00e6re undervisningstilbud. Vi gl\u00e6der os til at h\u00f8re fra dig.\" \/>\n<meta property=\"og:url\" content=\"https:\/\/detgroennemuseum.dk\/en\/teaching-process\/\" \/>\n<meta property=\"og:site_name\" content=\"Det Gr\u00f8nne Museum\" \/>\n<meta property=\"article:modified_time\" content=\"2025-04-26T21:10:59+00:00\" \/>\n<meta name=\"twitter:card\" content=\"summary_large_image\" \/>\n<meta name=\"twitter:label1\" content=\"Estimated reading time\" \/>\n\t<meta name=\"twitter:data1\" content=\"1 minute\" \/>\n<script type=\"application\/ld+json\" class=\"yoast-schema-graph\">{\"@context\":\"https:\\\/\\\/schema.org\",\"@graph\":[{\"@type\":\"WebPage\",\"@id\":\"https:\\\/\\\/detgroennemuseum.dk\\\/undervisningsforloeb\\\/\",\"url\":\"https:\\\/\\\/detgroennemuseum.dk\\\/undervisningsforloeb\\\/\",\"name\":\"Undervisningsforl\u00f8b | Samlet oversigt over vores tilbud\",\"isPartOf\":{\"@id\":\"https:\\\/\\\/detgroennemuseum.dk\\\/#website\"},\"datePublished\":\"2017-11-10T12:49:27+00:00\",\"dateModified\":\"2025-04-26T21:10:59+00:00\",\"description\":\"Lad dig inspirere af \u201dhjemmeskole-tilbuddene\u201d eller tilmeld dig vores regul\u00e6re undervisningstilbud. Vi gl\u00e6der os til at h\u00f8re fra dig.\",\"breadcrumb\":{\"@id\":\"https:\\\/\\\/detgroennemuseum.dk\\\/undervisningsforloeb\\\/#breadcrumb\"},\"inLanguage\":\"en-GB\",\"potentialAction\":[{\"@type\":\"ReadAction\",\"target\":[\"https:\\\/\\\/detgroennemuseum.dk\\\/undervisningsforloeb\\\/\"]}]},{\"@type\":\"BreadcrumbList\",\"@id\":\"https:\\\/\\\/detgroennemuseum.dk\\\/undervisningsforloeb\\\/#breadcrumb\",\"itemListElement\":[{\"@type\":\"ListItem\",\"position\":1,\"name\":\"Hjem\",\"item\":\"https:\\\/\\\/detgroennemuseum.dk\\\/\"},{\"@type\":\"ListItem\",\"position\":2,\"name\":\"Undervisningsforl\u00f8b\"}]},{\"@type\":\"WebSite\",\"@id\":\"https:\\\/\\\/detgroennemuseum.dk\\\/#website\",\"url\":\"https:\\\/\\\/detgroennemuseum.dk\\\/\",\"name\":\"Det Gr\u00f8nne Museum\",\"description\":\"Danmarks nationale museum for jagten, skoven, landbruget og maden\",\"potentialAction\":[{\"@type\":\"SearchAction\",\"target\":{\"@type\":\"EntryPoint\",\"urlTemplate\":\"https:\\\/\\\/detgroennemuseum.dk\\\/?s={search_term_string}\"},\"query-input\":{\"@type\":\"PropertyValueSpecification\",\"valueRequired\":true,\"valueName\":\"search_term_string\"}}],\"inLanguage\":\"en-GB\"}]}<\/script>\n<!-- \/ Yoast SEO plugin. -->","yoast_head_json":{"title":"Teaching courses | Complete overview of our offerings","description":"Be inspired by the &quot;homeschooling offers&quot; or sign up for our regular teaching offers. We look forward to hearing from you.","robots":{"index":"index","follow":"follow","max-snippet":"max-snippet:-1","max-image-preview":"max-image-preview:large","max-video-preview":"max-video-preview:-1"},"canonical":"https:\/\/detgroennemuseum.dk\/en\/teaching-process\/","og_locale":"en_GB","og_type":"article","og_title":"Undervisningsforl\u00f8b | Samlet oversigt over vores tilbud","og_description":"Lad dig inspirere af \u201dhjemmeskole-tilbuddene\u201d eller tilmeld dig vores regul\u00e6re undervisningstilbud. Vi gl\u00e6der os til at h\u00f8re fra dig.","og_url":"https:\/\/detgroennemuseum.dk\/en\/teaching-process\/","og_site_name":"Det Gr\u00f8nne Museum","article_modified_time":"2025-04-26T21:10:59+00:00","twitter_card":"summary_large_image","twitter_misc":{"Estimated reading time":"1 minute"},"schema":{"@context":"https:\/\/schema.org","@graph":[{"@type":"WebPage","@id":"https:\/\/detgroennemuseum.dk\/undervisningsforloeb\/","url":"https:\/\/detgroennemuseum.dk\/undervisningsforloeb\/","name":"Teaching courses | Complete overview of our offerings","isPartOf":{"@id":"https:\/\/detgroennemuseum.dk\/#website"},"datePublished":"2017-11-10T12:49:27+00:00","dateModified":"2025-04-26T21:10:59+00:00","description":"Be inspired by the &quot;homeschooling offers&quot; or sign up for our regular teaching offers. We look forward to hearing from you.","breadcrumb":{"@id":"https:\/\/detgroennemuseum.dk\/undervisningsforloeb\/#breadcrumb"},"inLanguage":"en-GB","potentialAction":[{"@type":"ReadAction","target":["https:\/\/detgroennemuseum.dk\/undervisningsforloeb\/"]}]},{"@type":"BreadcrumbList","@id":"https:\/\/detgroennemuseum.dk\/undervisningsforloeb\/#breadcrumb","itemListElement":[{"@type":"ListItem","position":1,"name":"Hjem","item":"https:\/\/detgroennemuseum.dk\/"},{"@type":"ListItem","position":2,"name":"Undervisningsforl\u00f8b"}]},{"@type":"WebSite","@id":"https:\/\/detgroennemuseum.dk\/#website","url":"https:\/\/detgroennemuseum.dk\/","name":"The Green Museum","description":"Denmark&#039;s National Museum of Hunting, Forestry, Agriculture and Food","potentialAction":[{"@type":"SearchAction","target":{"@type":"EntryPoint","urlTemplate":"https:\/\/detgroennemuseum.dk\/?s={search_term_string}"},"query-input":{"@type":"PropertyValueSpecification","valueRequired":true,"valueName":"search_term_string"}}],"inLanguage":"en-GB"}]}},"_links":{"self":[{"href":"https:\/\/detgroennemuseum.dk\/en\/wp-json\/wp\/v2\/pages\/1496","targetHints":{"allow":["GET"]}}],"collection":[{"href":"https:\/\/detgroennemuseum.dk\/en\/wp-json\/wp\/v2\/pages"}],"about":[{"href":"https:\/\/detgroennemuseum.dk\/en\/wp-json\/wp\/v2\/types\/page"}],"author":[{"embeddable":true,"href":"https:\/\/detgroennemuseum.dk\/en\/wp-json\/wp\/v2\/users\/3"}],"replies":[{"embeddable":true,"href":"https:\/\/detgroennemuseum.dk\/en\/wp-json\/wp\/v2\/comments?post=1496"}],"version-history":[{"count":33,"href":"https:\/\/detgroennemuseum.dk\/en\/wp-json\/wp\/v2\/pages\/1496\/revisions"}],"predecessor-version":[{"id":24675,"href":"https:\/\/detgroennemuseum.dk\/en\/wp-json\/wp\/v2\/pages\/1496\/revisions\/24675"}],"wp:attachment":[{"href":"https:\/\/detgroennemuseum.dk\/en\/wp-json\/wp\/v2\/media?parent=1496"}],"curies":[{"name":"wp","href":"https:\/\/api.w.org\/{rel}","templated":true}]}}