{"id":14876,"date":"2020-10-19T11:10:05","date_gmt":"2020-10-19T09:10:05","guid":{"rendered":"https:\/\/detgroennemuseum.dk\/?page_id=14876"},"modified":"2025-04-26T22:52:37","modified_gmt":"2025-04-26T20:52:37","slug":"live-saturday","status":"publish","type":"page","link":"https:\/\/detgroennemuseum.dk\/en\/levende-loerdag\/","title":{"rendered":"Living Saturday"},"content":{"rendered":"<div class=\"wpb-content-wrapper\"><div class=\"vc_row wpb_row vc_row-fluid vc_custom_1506607941230\"><div class=\"wpb_column vc_column_container vc_col-sm-12\"><div class=\"vc_column-inner\"><div class=\"wpb_wrapper\"><h1 style=\"text-align: left\" class=\"vc_custom_heading vc_do_custom_heading\" >Living Saturday<\/h1><\/div><\/div><\/div><\/div><div class=\"vc_row wpb_row vc_row-fluid vc_custom_1517919540027\"><div class=\"wpb_column vc_column_container vc_col-sm-6\"><div class=\"vc_column-inner\"><div class=\"wpb_wrapper\">\n\t<div class=\"wpb_text_column wpb_content_element  vc_custom_1708687712562 iconHover\" >\n\t\t<div class=\"wpb_wrapper\">\n\t\t\t<p>On the first Saturday of selected months, every nook and cranny of The Green Museum comes alive. We hold Living Saturday, where museum curators and volunteers tell stories, serve tastings, and show examples of old crafts. Exactly what you can experience will change over time, but here is an example.<\/p>\n<h3>A new entrance to the exhibitions<\/h3>\n<p>Experience the exhibitions and the stories in and behind them on Living Saturday. For example, our facilitators may invite you to an introduction to the exhibition STORT \u2013 people and the forest.<\/p>\n<p>In the exhibitions you will often meet some of our many guilds who share experiences and stories from their lives with the old crafts. For example, the butchers&#039; guild in the slaughterhouse exhibition, the dairymen in the dairy exhibition or the bow guild and the coal burners in STORT \u2013 Man and the forest. And of course the visitors&#039; hosts who can tell about their work with the many machines in the Visitors&#039; Magazine.<\/p>\n<h3>Life in the workshops<\/h3>\n<p>The exhibitions are not the only place you will be able to meet some of our volunteers for Living Saturday. They also populate their workshops. For example, if you hear engine noise from the Tractor Workshop, it is because some of the mechanics are busy breathing life into the old tractors \u2013 while they talk about them.<\/p>\n<p>And the smell from the Historical Workshop? That&#039;s because we&#039;re preparing a dish based on a historical recipe. Come in and taste it!<\/p>\n<p>Look in <a href=\"https:\/\/detgroennemuseum.dk\/en\/it-happens\/\">Calendar It Happens<\/a> \u2013 for the exact program and stop by the museum on the first Saturday of the month.<\/p>\n\n\t\t<\/div>\n\t<\/div>\n<\/div><\/div><\/div><div class=\"wpb_column vc_column_container vc_col-sm-6 vc_col-has-fill\"><div class=\"vc_column-inner vc_custom_1622706623727\"><div class=\"wpb_wrapper\">\n<div class=\"vc_grid-container-wrapper vc_clearfix vc_grid-animation-fadeIn\">\n\t<div class=\"vc_grid-container vc_clearfix wpb_content_element vc_media_grid\" data-initial-loading-animation=\"fadeIn\" data-vc-grid-settings=\"{&quot;page_id&quot;:14876,&quot;style&quot;:&quot;all&quot;,&quot;action&quot;:&quot;vc_get_vc_grid_data&quot;,&quot;shortcode_id&quot;:&quot;1708687689704-ce56cd75-f0d2-0&quot;,&quot;tag&quot;:&quot;vc_media_grid&quot;}\" data-vc-request=\"https:\/\/detgroennemuseum.dk\/wp-admin\/admin-ajax.php\" data-vc-post-id=\"14876\" data-vc-public-nonce=\"62dbd3dbbd\">\n\t\t\n\t<\/div>\n<\/div><\/div><\/div><\/div><\/div><div class=\"vc_row wpb_row vc_row-fluid vc_custom_1582630338534 vc_column-gap-10 vc_row-o-equal-height vc_row-o-content-top vc_row-flex\"><div class=\"wpb_column vc_column_container vc_col-sm-3\"><div class=\"vc_column-inner\"><div class=\"wpb_wrapper\"><\/div><\/div><\/div><div class=\"wpb_column vc_column_container vc_col-sm-3\"><div class=\"vc_column-inner\"><div class=\"wpb_wrapper\"><\/div><\/div><\/div><div class=\"wpb_column vc_column_container vc_col-sm-3\"><div class=\"vc_column-inner\"><div class=\"wpb_wrapper\"><\/div><\/div><\/div><div class=\"wpb_column vc_column_container vc_col-sm-3\"><div class=\"vc_column-inner\"><div class=\"wpb_wrapper\"><\/div><\/div><\/div><\/div><div class=\"vc_row wpb_row vc_row-fluid\"><div class=\"wpb_column vc_column_container vc_col-sm-12\"><div class=\"vc_column-inner\"><div class=\"wpb_wrapper\"><div class=\"vc_separator wpb_content_element vc_separator_align_center vc_sep_width_100 vc_sep_pos_align_center vc_separator_no_text vc_custom_1519300403087 wpb_content_element  vc_custom_1519300403087 wpb_content_element\" ><span class=\"vc_sep_holder vc_sep_holder_l\"><span style=\"border-color:#4c8d34;\" class=\"vc_sep_line\"><\/span><\/span><span class=\"vc_sep_holder vc_sep_holder_r\"><span style=\"border-color:#4c8d34;\" class=\"vc_sep_line\"><\/span><\/span>\n<\/div><\/div><\/div><\/div><div class=\"wpb_column vc_column_container vc_col-sm-12\"><div class=\"vc_column-inner\"><div class=\"wpb_wrapper\"><\/div><\/div><\/div><\/div>\n<\/div>","protected":false},"excerpt":{"rendered":"<p>Living Saturday On the first Saturday of selected months, every corner of the Green Museum comes alive. Here we hold Living Saturday, where the museum&#039;s communicators and volunteers tell\u2026<\/p>","protected":false},"author":3,"featured_media":0,"parent":0,"menu_order":0,"comment_status":"closed","ping_status":"closed","template":"","meta":{"_price":"","_stock":"","_tribe_ticket_header":"","_tribe_default_ticket_provider":"","_tribe_ticket_capacity":"0","_ticket_start_date":"","_ticket_end_date":"","_tribe_ticket_show_description":"","_tribe_ticket_show_not_going":false,"_tribe_ticket_use_global_stock":"","_tribe_ticket_global_stock_level":"","_global_stock_mode":"","_global_stock_cap":"","_tribe_rsvp_for_event":"","_tribe_ticket_going_count":"","_tribe_ticket_not_going_count":"","_tribe_tickets_list":"[]","_tribe_ticket_has_attendee_info_fields":false,"footnotes":""},"class_list":["post-14876","page","type-page","status-publish","hentry","description-off"],"yoast_head":"<!-- This site is optimized with the Yoast SEO plugin v27.6 - https:\/\/yoast.com\/product\/yoast-seo-wordpress\/ -->\n<title>Kom til Levende L\u00f8rdag p\u00e5 Det Gr\u00f8nne Museum | Masser af sjov<\/title>\n<meta name=\"description\" content=\"M\u00f8d museets formidlere og frivillige til levende l\u00f8rdag, den f\u00f8rste l\u00f8rdag i hver m\u00e5ned, hvor vi s\u00f8rger for ekstra mange oplevelser.\" \/>\n<meta name=\"robots\" content=\"index, follow, max-snippet:-1, max-image-preview:large, max-video-preview:-1\" \/>\n<link rel=\"canonical\" href=\"https:\/\/detgroennemuseum.dk\/en\/live-saturday\/\" \/>\n<meta property=\"og:locale\" content=\"en_GB\" \/>\n<meta property=\"og:type\" content=\"article\" \/>\n<meta property=\"og:title\" content=\"Kom til Levende L\u00f8rdag p\u00e5 Det Gr\u00f8nne Museum | Masser af sjov\" \/>\n<meta property=\"og:description\" content=\"M\u00f8d museets formidlere og frivillige til levende l\u00f8rdag, den f\u00f8rste l\u00f8rdag i hver m\u00e5ned, hvor vi s\u00f8rger for ekstra mange oplevelser.\" \/>\n<meta property=\"og:url\" content=\"https:\/\/detgroennemuseum.dk\/en\/live-saturday\/\" \/>\n<meta property=\"og:site_name\" content=\"Det Gr\u00f8nne Museum\" \/>\n<meta property=\"article:modified_time\" content=\"2025-04-26T20:52:37+00:00\" \/>\n<meta name=\"twitter:card\" content=\"summary_large_image\" \/>\n<meta name=\"twitter:label1\" content=\"Estimated reading time\" \/>\n\t<meta name=\"twitter:data1\" content=\"2 minutes\" \/>\n<script type=\"application\/ld+json\" class=\"yoast-schema-graph\">{\"@context\":\"https:\\\/\\\/schema.org\",\"@graph\":[{\"@type\":\"WebPage\",\"@id\":\"https:\\\/\\\/detgroennemuseum.dk\\\/levende-loerdag\\\/\",\"url\":\"https:\\\/\\\/detgroennemuseum.dk\\\/levende-loerdag\\\/\",\"name\":\"Kom til Levende L\u00f8rdag p\u00e5 Det Gr\u00f8nne Museum | Masser af sjov\",\"isPartOf\":{\"@id\":\"https:\\\/\\\/detgroennemuseum.dk\\\/#website\"},\"datePublished\":\"2020-10-19T09:10:05+00:00\",\"dateModified\":\"2025-04-26T20:52:37+00:00\",\"description\":\"M\u00f8d museets formidlere og frivillige til levende l\u00f8rdag, den f\u00f8rste l\u00f8rdag i hver m\u00e5ned, hvor vi s\u00f8rger for ekstra mange oplevelser.\",\"breadcrumb\":{\"@id\":\"https:\\\/\\\/detgroennemuseum.dk\\\/levende-loerdag\\\/#breadcrumb\"},\"inLanguage\":\"en-GB\",\"potentialAction\":[{\"@type\":\"ReadAction\",\"target\":[\"https:\\\/\\\/detgroennemuseum.dk\\\/levende-loerdag\\\/\"]}]},{\"@type\":\"BreadcrumbList\",\"@id\":\"https:\\\/\\\/detgroennemuseum.dk\\\/levende-loerdag\\\/#breadcrumb\",\"itemListElement\":[{\"@type\":\"ListItem\",\"position\":1,\"name\":\"Hjem\",\"item\":\"https:\\\/\\\/detgroennemuseum.dk\\\/\"},{\"@type\":\"ListItem\",\"position\":2,\"name\":\"Levende l\u00f8rdag\"}]},{\"@type\":\"WebSite\",\"@id\":\"https:\\\/\\\/detgroennemuseum.dk\\\/#website\",\"url\":\"https:\\\/\\\/detgroennemuseum.dk\\\/\",\"name\":\"Det Gr\u00f8nne Museum\",\"description\":\"Danmarks nationale museum for jagten, skoven, landbruget og maden\",\"potentialAction\":[{\"@type\":\"SearchAction\",\"target\":{\"@type\":\"EntryPoint\",\"urlTemplate\":\"https:\\\/\\\/detgroennemuseum.dk\\\/?s={search_term_string}\"},\"query-input\":{\"@type\":\"PropertyValueSpecification\",\"valueRequired\":true,\"valueName\":\"search_term_string\"}}],\"inLanguage\":\"en-GB\"}]}<\/script>\n<!-- \/ Yoast SEO plugin. -->","yoast_head_json":{"title":"Come to Living Saturday at the Green Museum | Lots of fun","description":"Meet the museum&#039;s facilitators and volunteers at Living Saturday, the first Saturday of each month, where we provide extra experiences.","robots":{"index":"index","follow":"follow","max-snippet":"max-snippet:-1","max-image-preview":"max-image-preview:large","max-video-preview":"max-video-preview:-1"},"canonical":"https:\/\/detgroennemuseum.dk\/en\/live-saturday\/","og_locale":"en_GB","og_type":"article","og_title":"Kom til Levende L\u00f8rdag p\u00e5 Det Gr\u00f8nne Museum | Masser af sjov","og_description":"M\u00f8d museets formidlere og frivillige til levende l\u00f8rdag, den f\u00f8rste l\u00f8rdag i hver m\u00e5ned, hvor vi s\u00f8rger for ekstra mange oplevelser.","og_url":"https:\/\/detgroennemuseum.dk\/en\/live-saturday\/","og_site_name":"Det Gr\u00f8nne Museum","article_modified_time":"2025-04-26T20:52:37+00:00","twitter_card":"summary_large_image","twitter_misc":{"Estimated reading time":"2 minutes"},"schema":{"@context":"https:\/\/schema.org","@graph":[{"@type":"WebPage","@id":"https:\/\/detgroennemuseum.dk\/levende-loerdag\/","url":"https:\/\/detgroennemuseum.dk\/levende-loerdag\/","name":"Come to Living Saturday at the Green Museum | Lots of fun","isPartOf":{"@id":"https:\/\/detgroennemuseum.dk\/#website"},"datePublished":"2020-10-19T09:10:05+00:00","dateModified":"2025-04-26T20:52:37+00:00","description":"Meet the museum&#039;s facilitators and volunteers at Living Saturday, the first Saturday of each month, where we provide extra experiences.","breadcrumb":{"@id":"https:\/\/detgroennemuseum.dk\/levende-loerdag\/#breadcrumb"},"inLanguage":"en-GB","potentialAction":[{"@type":"ReadAction","target":["https:\/\/detgroennemuseum.dk\/levende-loerdag\/"]}]},{"@type":"BreadcrumbList","@id":"https:\/\/detgroennemuseum.dk\/levende-loerdag\/#breadcrumb","itemListElement":[{"@type":"ListItem","position":1,"name":"Hjem","item":"https:\/\/detgroennemuseum.dk\/"},{"@type":"ListItem","position":2,"name":"Levende l\u00f8rdag"}]},{"@type":"WebSite","@id":"https:\/\/detgroennemuseum.dk\/#website","url":"https:\/\/detgroennemuseum.dk\/","name":"The Green Museum","description":"Denmark&#039;s National Museum of Hunting, Forestry, Agriculture and Food","potentialAction":[{"@type":"SearchAction","target":{"@type":"EntryPoint","urlTemplate":"https:\/\/detgroennemuseum.dk\/?s={search_term_string}"},"query-input":{"@type":"PropertyValueSpecification","valueRequired":true,"valueName":"search_term_string"}}],"inLanguage":"en-GB"}]}},"_links":{"self":[{"href":"https:\/\/detgroennemuseum.dk\/en\/wp-json\/wp\/v2\/pages\/14876","targetHints":{"allow":["GET"]}}],"collection":[{"href":"https:\/\/detgroennemuseum.dk\/en\/wp-json\/wp\/v2\/pages"}],"about":[{"href":"https:\/\/detgroennemuseum.dk\/en\/wp-json\/wp\/v2\/types\/page"}],"author":[{"embeddable":true,"href":"https:\/\/detgroennemuseum.dk\/en\/wp-json\/wp\/v2\/users\/3"}],"replies":[{"embeddable":true,"href":"https:\/\/detgroennemuseum.dk\/en\/wp-json\/wp\/v2\/comments?post=14876"}],"version-history":[{"count":27,"href":"https:\/\/detgroennemuseum.dk\/en\/wp-json\/wp\/v2\/pages\/14876\/revisions"}],"predecessor-version":[{"id":23203,"href":"https:\/\/detgroennemuseum.dk\/en\/wp-json\/wp\/v2\/pages\/14876\/revisions\/23203"}],"wp:attachment":[{"href":"https:\/\/detgroennemuseum.dk\/en\/wp-json\/wp\/v2\/media?parent=14876"}],"curies":[{"name":"wp","href":"https:\/\/api.w.org\/{rel}","templated":true}]}}