{"id":11201,"date":"2020-02-27T11:01:44","date_gmt":"2020-02-27T10:01:44","guid":{"rendered":"https:\/\/detgroennemuseum.dk\/?page_id=11201"},"modified":"2025-04-26T22:56:41","modified_gmt":"2025-04-26T20:56:41","slug":"practical-about-food-schools","status":"publish","type":"page","link":"https:\/\/detgroennemuseum.dk\/en\/madens-hus\/praktisk-om-madskoler\/","title":{"rendered":"Practical information about food schools"},"content":{"rendered":"<div class=\"wpb-content-wrapper\"><div class=\"vc_row wpb_row vc_row-fluid vc_custom_1506607941230\"><div class=\"wpb_column vc_column_container vc_col-sm-12\"><div class=\"vc_column-inner\"><div class=\"wpb_wrapper\"><h1 style=\"text-align: left\" class=\"vc_custom_heading vc_do_custom_heading\" >Practical information about food schools<\/h1><\/div><\/div><\/div><\/div><div class=\"vc_row wpb_row vc_row-fluid vc_custom_1517919540027\"><div class=\"wpb_column vc_column_container vc_col-sm-6\"><div class=\"vc_column-inner\"><div class=\"wpb_wrapper\">\n\t<div class=\"wpb_text_column wpb_content_element  vc_custom_1582797888177 iconHover\" >\n\t\t<div class=\"wpb_wrapper\">\n\t\t\t<p>When you book a ticket for cooking school at The Green Museum, there is some practical information that is nice to know. You can find it here:<\/p>\n<h3>How to find Madens Hus<\/h3>\n<p>When you arrive from Randersvej, you will see the sign &quot;Administration&quot; - follow the road around - past the large red barn. Park your car at the sign &quot;Staff parking&quot; - from here you follow the road around past the chicken coop and garden.<\/p>\n<p>You will see Madens Hus and its terrace on your right before you reach the paddock with the museum&#039;s pigs.<\/p>\n<h3>Drinking<\/h3>\n<p>We offer water with your meal - but you are of course welcome to bring wine, beer or soda with your meal.<\/p>\n<p>&nbsp;<\/p>\n<p><em>Cancellation: Please note that there is no right of cancellation for tickets to cooking schools, events, lectures, etc. cf. the Danish Consumer Contracts Act, section 9, subsection 2, no. 2.<\/em><\/p>\n<p>&nbsp;<\/p>\n\n\t\t<\/div>\n\t<\/div>\n<\/div><\/div><\/div><div class=\"wpb_column vc_column_container vc_col-sm-6\"><div class=\"vc_column-inner\"><div class=\"wpb_wrapper\">\n<div class=\"vc_grid-container-wrapper vc_clearfix vc_grid-animation-fadeIn\">\n\t<div class=\"vc_grid-container vc_clearfix wpb_content_element vc_media_grid\" data-initial-loading-animation=\"fadeIn\" data-vc-grid-settings=\"{&quot;page_id&quot;:11201,&quot;style&quot;:&quot;all&quot;,&quot;action&quot;:&quot;vc_get_vc_grid_data&quot;,&quot;shortcode_id&quot;:&quot;1632384951441-24469453-95f4-4&quot;,&quot;tag&quot;:&quot;vc_media_grid&quot;}\" data-vc-request=\"https:\/\/detgroennemuseum.dk\/wp-admin\/admin-ajax.php\" data-vc-post-id=\"11201\" data-vc-public-nonce=\"a9e64e9e2f\">\n\t\t\n\t<\/div>\n<\/div><\/div><\/div><\/div><\/div>\n<\/div>","protected":false},"excerpt":{"rendered":"<p>Practical information about cooking schools When you book a ticket for cooking school at Det Gr\u00f8nne Museum, there is some practical information that is nice to know. You can find it here: How to find\u2026<\/p>","protected":false},"author":3,"featured_media":11202,"parent":3281,"menu_order":0,"comment_status":"closed","ping_status":"closed","template":"","meta":{"_price":"","_stock":"","_tribe_ticket_header":"","_tribe_default_ticket_provider":"","_tribe_ticket_capacity":"0","_ticket_start_date":"","_ticket_end_date":"","_tribe_ticket_show_description":"","_tribe_ticket_show_not_going":false,"_tribe_ticket_use_global_stock":"","_tribe_ticket_global_stock_level":"","_global_stock_mode":"","_global_stock_cap":"","_tribe_rsvp_for_event":"","_tribe_ticket_going_count":"","_tribe_ticket_not_going_count":"","_tribe_tickets_list":"[]","_tribe_ticket_has_attendee_info_fields":false,"footnotes":""},"class_list":["post-11201","page","type-page","status-publish","has-post-thumbnail","hentry","description-off"],"yoast_head":"<!-- This site is optimized with the Yoast SEO plugin v27.6 - https:\/\/yoast.com\/product\/yoast-seo-wordpress\/ -->\n<title>Praktisk om madskoler | Se hvad du har brug for at vide<\/title>\n<meta name=\"description\" content=\"N\u00e5r du bestiller billet til madskole p\u00e5 Det Gr\u00f8nne Museum er der lidt praktisk information, der er rart at vide. Den finder du her.\" \/>\n<meta name=\"robots\" content=\"index, follow, max-snippet:-1, max-image-preview:large, max-video-preview:-1\" \/>\n<link rel=\"canonical\" href=\"https:\/\/detgroennemuseum.dk\/en\/house-of-food\/practical-about-food-schools\/\" \/>\n<meta property=\"og:locale\" content=\"en_GB\" \/>\n<meta property=\"og:type\" content=\"article\" \/>\n<meta property=\"og:title\" content=\"Praktisk om madskoler | Se hvad du har brug for at vide\" \/>\n<meta property=\"og:description\" content=\"N\u00e5r du bestiller billet til madskole p\u00e5 Det Gr\u00f8nne Museum er der lidt praktisk information, der er rart at vide. Den finder du her.\" \/>\n<meta property=\"og:url\" content=\"https:\/\/detgroennemuseum.dk\/en\/house-of-food\/practical-about-food-schools\/\" \/>\n<meta property=\"og:site_name\" content=\"Det Gr\u00f8nne Museum\" \/>\n<meta property=\"article:modified_time\" content=\"2025-04-26T20:56:41+00:00\" \/>\n<meta property=\"og:image\" content=\"https:\/\/detgroennemuseum.dk\/wp-content\/uploads\/2020\/02\/kennethsc_dgm_dm-i-vildtmad2019-163.jpg\" \/>\n\t<meta property=\"og:image:width\" content=\"1920\" \/>\n\t<meta property=\"og:image:height\" content=\"1280\" \/>\n\t<meta property=\"og:image:type\" content=\"image\/jpeg\" \/>\n<meta name=\"twitter:card\" content=\"summary_large_image\" \/>\n<meta name=\"twitter:label1\" content=\"Estimated reading time\" \/>\n\t<meta name=\"twitter:data1\" content=\"1 minute\" \/>\n<script type=\"application\/ld+json\" class=\"yoast-schema-graph\">{\"@context\":\"https:\\\/\\\/schema.org\",\"@graph\":[{\"@type\":\"WebPage\",\"@id\":\"https:\\\/\\\/detgroennemuseum.dk\\\/madens-hus\\\/praktisk-om-madskoler\\\/\",\"url\":\"https:\\\/\\\/detgroennemuseum.dk\\\/madens-hus\\\/praktisk-om-madskoler\\\/\",\"name\":\"Praktisk om madskoler | Se hvad du har brug for at vide\",\"isPartOf\":{\"@id\":\"https:\\\/\\\/detgroennemuseum.dk\\\/#website\"},\"primaryImageOfPage\":{\"@id\":\"https:\\\/\\\/detgroennemuseum.dk\\\/madens-hus\\\/praktisk-om-madskoler\\\/#primaryimage\"},\"image\":{\"@id\":\"https:\\\/\\\/detgroennemuseum.dk\\\/madens-hus\\\/praktisk-om-madskoler\\\/#primaryimage\"},\"thumbnailUrl\":\"https:\\\/\\\/detgroennemuseum.dk\\\/wp-content\\\/uploads\\\/2020\\\/02\\\/kennethsc_dgm_dm-i-vildtmad2019-163.jpg\",\"datePublished\":\"2020-02-27T10:01:44+00:00\",\"dateModified\":\"2025-04-26T20:56:41+00:00\",\"description\":\"N\u00e5r du bestiller billet til madskole p\u00e5 Det Gr\u00f8nne Museum er der lidt praktisk information, der er rart at vide. Den finder du her.\",\"breadcrumb\":{\"@id\":\"https:\\\/\\\/detgroennemuseum.dk\\\/madens-hus\\\/praktisk-om-madskoler\\\/#breadcrumb\"},\"inLanguage\":\"en-GB\",\"potentialAction\":[{\"@type\":\"ReadAction\",\"target\":[\"https:\\\/\\\/detgroennemuseum.dk\\\/madens-hus\\\/praktisk-om-madskoler\\\/\"]}]},{\"@type\":\"ImageObject\",\"inLanguage\":\"en-GB\",\"@id\":\"https:\\\/\\\/detgroennemuseum.dk\\\/madens-hus\\\/praktisk-om-madskoler\\\/#primaryimage\",\"url\":\"https:\\\/\\\/detgroennemuseum.dk\\\/wp-content\\\/uploads\\\/2020\\\/02\\\/kennethsc_dgm_dm-i-vildtmad2019-163.jpg\",\"contentUrl\":\"https:\\\/\\\/detgroennemuseum.dk\\\/wp-content\\\/uploads\\\/2020\\\/02\\\/kennethsc_dgm_dm-i-vildtmad2019-163.jpg\",\"width\":1920,\"height\":1280,\"caption\":\"N\u00e5r du deltager i en Madskole i Madens Hus p\u00e5 Det Gr\u00f8nne Museum er der en r\u00e6kke praktisk informationer, der er rare at kende.\"},{\"@type\":\"BreadcrumbList\",\"@id\":\"https:\\\/\\\/detgroennemuseum.dk\\\/madens-hus\\\/praktisk-om-madskoler\\\/#breadcrumb\",\"itemListElement\":[{\"@type\":\"ListItem\",\"position\":1,\"name\":\"Hjem\",\"item\":\"https:\\\/\\\/detgroennemuseum.dk\\\/\"},{\"@type\":\"ListItem\",\"position\":2,\"name\":\"Madens hus\",\"item\":\"https:\\\/\\\/detgroennemuseum.dk\\\/madens-hus\\\/\"},{\"@type\":\"ListItem\",\"position\":3,\"name\":\"Praktisk om madskoler\"}]},{\"@type\":\"WebSite\",\"@id\":\"https:\\\/\\\/detgroennemuseum.dk\\\/#website\",\"url\":\"https:\\\/\\\/detgroennemuseum.dk\\\/\",\"name\":\"Det Gr\u00f8nne Museum\",\"description\":\"Danmarks nationale museum for jagten, skoven, landbruget og maden\",\"potentialAction\":[{\"@type\":\"SearchAction\",\"target\":{\"@type\":\"EntryPoint\",\"urlTemplate\":\"https:\\\/\\\/detgroennemuseum.dk\\\/?s={search_term_string}\"},\"query-input\":{\"@type\":\"PropertyValueSpecification\",\"valueRequired\":true,\"valueName\":\"search_term_string\"}}],\"inLanguage\":\"en-GB\"}]}<\/script>\n<!-- \/ Yoast SEO plugin. -->","yoast_head_json":{"title":"Practical about culinary schools | See what you need to know","description":"When you book a ticket for cooking school at The Green Museum, there is some practical information that is nice to know. You can find it here.","robots":{"index":"index","follow":"follow","max-snippet":"max-snippet:-1","max-image-preview":"max-image-preview:large","max-video-preview":"max-video-preview:-1"},"canonical":"https:\/\/detgroennemuseum.dk\/en\/house-of-food\/practical-about-food-schools\/","og_locale":"en_GB","og_type":"article","og_title":"Praktisk om madskoler | Se hvad du har brug for at vide","og_description":"N\u00e5r du bestiller billet til madskole p\u00e5 Det Gr\u00f8nne Museum er der lidt praktisk information, der er rart at vide. Den finder du her.","og_url":"https:\/\/detgroennemuseum.dk\/en\/house-of-food\/practical-about-food-schools\/","og_site_name":"Det Gr\u00f8nne Museum","article_modified_time":"2025-04-26T20:56:41+00:00","og_image":[{"width":1920,"height":1280,"url":"https:\/\/detgroennemuseum.dk\/wp-content\/uploads\/2020\/02\/kennethsc_dgm_dm-i-vildtmad2019-163.jpg","type":"image\/jpeg"}],"twitter_card":"summary_large_image","twitter_misc":{"Estimated reading time":"1 minute"},"schema":{"@context":"https:\/\/schema.org","@graph":[{"@type":"WebPage","@id":"https:\/\/detgroennemuseum.dk\/madens-hus\/praktisk-om-madskoler\/","url":"https:\/\/detgroennemuseum.dk\/madens-hus\/praktisk-om-madskoler\/","name":"Practical about culinary schools | See what you need to know","isPartOf":{"@id":"https:\/\/detgroennemuseum.dk\/#website"},"primaryImageOfPage":{"@id":"https:\/\/detgroennemuseum.dk\/madens-hus\/praktisk-om-madskoler\/#primaryimage"},"image":{"@id":"https:\/\/detgroennemuseum.dk\/madens-hus\/praktisk-om-madskoler\/#primaryimage"},"thumbnailUrl":"https:\/\/detgroennemuseum.dk\/wp-content\/uploads\/2020\/02\/kennethsc_dgm_dm-i-vildtmad2019-163.jpg","datePublished":"2020-02-27T10:01:44+00:00","dateModified":"2025-04-26T20:56:41+00:00","description":"When you book a ticket for cooking school at The Green Museum, there is some practical information that is nice to know. You can find it here.","breadcrumb":{"@id":"https:\/\/detgroennemuseum.dk\/madens-hus\/praktisk-om-madskoler\/#breadcrumb"},"inLanguage":"en-GB","potentialAction":[{"@type":"ReadAction","target":["https:\/\/detgroennemuseum.dk\/madens-hus\/praktisk-om-madskoler\/"]}]},{"@type":"ImageObject","inLanguage":"en-GB","@id":"https:\/\/detgroennemuseum.dk\/madens-hus\/praktisk-om-madskoler\/#primaryimage","url":"https:\/\/detgroennemuseum.dk\/wp-content\/uploads\/2020\/02\/kennethsc_dgm_dm-i-vildtmad2019-163.jpg","contentUrl":"https:\/\/detgroennemuseum.dk\/wp-content\/uploads\/2020\/02\/kennethsc_dgm_dm-i-vildtmad2019-163.jpg","width":1920,"height":1280,"caption":"N\u00e5r du deltager i en Madskole i Madens Hus p\u00e5 Det Gr\u00f8nne Museum er der en r\u00e6kke praktisk informationer, der er rare at kende."},{"@type":"BreadcrumbList","@id":"https:\/\/detgroennemuseum.dk\/madens-hus\/praktisk-om-madskoler\/#breadcrumb","itemListElement":[{"@type":"ListItem","position":1,"name":"Hjem","item":"https:\/\/detgroennemuseum.dk\/"},{"@type":"ListItem","position":2,"name":"Madens hus","item":"https:\/\/detgroennemuseum.dk\/madens-hus\/"},{"@type":"ListItem","position":3,"name":"Praktisk om madskoler"}]},{"@type":"WebSite","@id":"https:\/\/detgroennemuseum.dk\/#website","url":"https:\/\/detgroennemuseum.dk\/","name":"The Green Museum","description":"Denmark&#039;s National Museum of Hunting, Forestry, Agriculture and Food","potentialAction":[{"@type":"SearchAction","target":{"@type":"EntryPoint","urlTemplate":"https:\/\/detgroennemuseum.dk\/?s={search_term_string}"},"query-input":{"@type":"PropertyValueSpecification","valueRequired":true,"valueName":"search_term_string"}}],"inLanguage":"en-GB"}]}},"_links":{"self":[{"href":"https:\/\/detgroennemuseum.dk\/en\/wp-json\/wp\/v2\/pages\/11201","targetHints":{"allow":["GET"]}}],"collection":[{"href":"https:\/\/detgroennemuseum.dk\/en\/wp-json\/wp\/v2\/pages"}],"about":[{"href":"https:\/\/detgroennemuseum.dk\/en\/wp-json\/wp\/v2\/types\/page"}],"author":[{"embeddable":true,"href":"https:\/\/detgroennemuseum.dk\/en\/wp-json\/wp\/v2\/users\/3"}],"replies":[{"embeddable":true,"href":"https:\/\/detgroennemuseum.dk\/en\/wp-json\/wp\/v2\/comments?post=11201"}],"version-history":[{"count":8,"href":"https:\/\/detgroennemuseum.dk\/en\/wp-json\/wp\/v2\/pages\/11201\/revisions"}],"predecessor-version":[{"id":25575,"href":"https:\/\/detgroennemuseum.dk\/en\/wp-json\/wp\/v2\/pages\/11201\/revisions\/25575"}],"up":[{"embeddable":true,"href":"https:\/\/detgroennemuseum.dk\/en\/wp-json\/wp\/v2\/pages\/3281"}],"wp:featuredmedia":[{"embeddable":true,"href":"https:\/\/detgroennemuseum.dk\/en\/wp-json\/wp\/v2\/media\/11202"}],"wp:attachment":[{"href":"https:\/\/detgroennemuseum.dk\/en\/wp-json\/wp\/v2\/media?parent=11201"}],"curies":[{"name":"wp","href":"https:\/\/api.w.org\/{rel}","templated":true}]}}