{"id":10705,"date":"2020-02-18T13:24:22","date_gmt":"2020-02-18T12:24:22","guid":{"rendered":"https:\/\/detgroennemuseum.dk\/?page_id=10705"},"modified":"2026-03-10T13:08:09","modified_gmt":"2026-03-10T12:08:09","slug":"annual-report-and-strategies","status":"publish","type":"page","link":"https:\/\/detgroennemuseum.dk\/en\/om-museet\/aarsrapport-og-strategier\/","title":{"rendered":"Annual report and strategies"},"content":{"rendered":"<div class=\"wpb-content-wrapper\"><div class=\"vc_row wpb_row vc_row-fluid\"><div class=\"wpb_column vc_column_container vc_col-sm-12\"><div class=\"vc_column-inner vc_custom_1510649124151\"><div class=\"wpb_wrapper\"><h5 style=\"text-align: left\" class=\"vc_custom_heading vc_do_custom_heading\" >Annual report and strategies<\/h5><\/div><\/div><\/div><\/div><div class=\"vc_row wpb_row vc_row-fluid\"><div class=\"wpb_column vc_column_container vc_col-sm-12\"><div class=\"vc_column-inner\"><div class=\"wpb_wrapper\">\n\t<div class=\"wpb_text_column wpb_content_element\" >\n\t\t<div class=\"wpb_wrapper\">\n\t\t\t<h2>Annual report<\/h2>\n<p>Every year, The Green Museum publishes an annual report. You can find it here:<\/p>\n<p><a href=\"https:\/\/detgroennemuseum.dk\/wp-content\/uploads\/2026\/03\/Aarsrapport-2024-Det-Groenne-Museum.pdf\" target=\"_blank\" rel=\"noopener\"><span style=\"color: #98c218;\"><strong>Annual Report 2024:<\/strong><\/span> The Green Museum<\/a><\/p>\n<p><a href=\"https:\/\/detgroennemuseum.dk\/wp-content\/uploads\/2024\/04\/Aarsrapport-2023-Det-Groenne-Museum.pdf\" target=\"_blank\" rel=\"noopener\"><span style=\"color: #98c218;\"><strong>Annual Report 2023:<\/strong><\/span> The Green Museum<\/a><\/p>\n<p><a href=\"https:\/\/detgroennemuseum.dk\/wp-content\/uploads\/2023\/04\/Det-Groenne-Museums-aarsrapport-2022.pdf\" target=\"_blank\" rel=\"noopener\"><span style=\"color: #98c218;\"><strong>Annual Report 2022:<\/strong><\/span> The Green Museum<\/a><\/p>\n<p><a href=\"https:\/\/detgroennemuseum.dk\/wp-content\/uploads\/2023\/04\/Aarsrapport-Det-Groenne-Museum-2021-underskrevet.pdf\" target=\"_blank\" rel=\"noopener\"><span style=\"color: #98c218;\"><strong>Annual Report 2021:<\/strong><\/span> The Green Museum<\/a><\/p>\n<p><a href=\"https:\/\/detgroennemuseum.dk\/wp-content\/uploads\/2021\/03\/aarsrapport_2020-det_groenne_museum.pdf\" target=\"_blank\" rel=\"noopener\"><span style=\"color: #98c218;\"><strong>Annual report 2020:<\/strong><\/span> The Green Museum<\/a><\/p>\n<p><a href=\"https:\/\/detgroennemuseum.dk\/wp-content\/uploads\/2020\/05\/\u00c5rsrapport-2019-Det-Gr\u00f8nne-Museum.pdf\"><span style=\"color: #98c218;\"><strong>Annual report 2019:<\/strong> <\/span>The Green Museum<\/a><\/p>\n<p><a href=\"https:\/\/detgroennemuseum.dk\/wp-content\/uploads\/2019\/08\/Aarsrapport-DGM-2018.pdf\"><span style=\"color: #98c218;\"><strong>Annual report 2018:<\/strong><\/span>\u00a0The Green Museum<\/a><\/p>\n<p><a href=\"https:\/\/kum.dk\/fileadmin\/KUM\/Documents\/Vidennet\/Koncern%20Okonomi\/Aarsraporter\/2017\/Det_Gr%C3%B8nne_Museum_s%C3%B8gbar.pdf\" target=\"_blank\" rel=\"noopener noreferrer\"><span style=\"color: #98c218;\"><strong>Annual report 2017: <\/strong><\/span>The Green Museum<\/a><\/p>\n<h2>Framework agreement<\/h2>\n<p>The Green Museum is a state museum. Here you can read our framework agreement with the Danish Agency for Palaces and Culture.<\/p>\n<p><a href=\"https:\/\/detgroennemuseum.dk\/wp-content\/uploads\/2023\/05\/Rammeaftale-Det-Groenne-Museum-2023-2026.pdf\" target=\"_blank\" rel=\"noopener\"><span style=\"color: #98c218;\"><strong>Framework agreement 2023 \u2013 2026:<\/strong><\/span> The Green Museum<\/a><\/p>\n<p><a href=\"https:\/\/detgroennemuseum.dk\/wp-content\/uploads\/2019\/08\/underskrevet-rammeaftale.pdf\"><span style=\"color: #98c218;\"><strong>Framework agreement 2019 \u2013 2022:<\/strong><\/span> The Green Museum<\/a><\/p>\n<h2>Strategy<\/h2>\n<p>As an addition to the above framework agreement, the Green Museum is currently working on the strategy &quot;It&#039;s about people&quot;. The strategy period is 2023 - 2026.<\/p>\n<p><a href=\"https:\/\/detgroennemuseum.dk\/wp-content\/uploads\/2023\/05\/Bilag-Strategi-Det-Groenne-Museum-2023-2026.pdf\" target=\"_blank\" rel=\"noopener\"><span style=\"color: #98c218;\"><strong>Strategy 2023 \u2013 2026:<\/strong><\/span> It&#039;s about people.<\/a><\/p>\n<p><a href=\"https:\/\/detgroennemuseum.dk\/wp-content\/uploads\/2019\/08\/DGM-Rammeaftale-2019-22-Bilag-1.-Strategi.pdf\"><span style=\"color: #98c218;\"><strong>Strategy 2019 \u2013 2022:<\/strong><\/span> People at the center<\/a><\/p>\n<h2>Annual milestones and key figures<\/h2>\n<p>As an addition to the above framework agreement, the Green Museum is currently working according to the annual targets and key figures below.<\/p>\n<p><a href=\"https:\/\/detgroennemuseum.dk\/wp-content\/uploads\/2023\/05\/Bilag-1_-Rammeaftale-Det-Groenne-Museum-Aarlige-delmaal-og-noegletal.pdf\" target=\"_blank\" rel=\"noopener\"><span style=\"color: #98c218;\"><strong>Annual milestones and key figures 2023 \u2013 2026:<\/strong><\/span><\/a><\/p>\n\n\t\t<\/div>\n\t<\/div>\n<\/div><\/div><\/div><\/div>\n<\/div>","protected":false},"excerpt":{"rendered":"<p>Annual report and strategies Annual report Every year, The Green Museum publishes an annual report. You can find them here: Annual report 2024: The Green Museum Annual report 2023: The Green Museum Annual report 2022: The Green\u2026<\/p>","protected":false},"author":3,"featured_media":0,"parent":3641,"menu_order":0,"comment_status":"closed","ping_status":"closed","template":"","meta":{"_price":"","_stock":"","_tribe_ticket_header":"","_tribe_default_ticket_provider":"","_tribe_ticket_capacity":"0","_ticket_start_date":"","_ticket_end_date":"","_tribe_ticket_show_description":"","_tribe_ticket_show_not_going":false,"_tribe_ticket_use_global_stock":"","_tribe_ticket_global_stock_level":"","_global_stock_mode":"","_global_stock_cap":"","_tribe_rsvp_for_event":"","_tribe_ticket_going_count":"","_tribe_ticket_not_going_count":"","_tribe_tickets_list":"[]","_tribe_ticket_has_attendee_info_fields":false,"footnotes":""},"class_list":["post-10705","page","type-page","status-publish","hentry","description-off"],"yoast_head":"<!-- This site is optimized with the Yoast SEO plugin v27.6 - https:\/\/yoast.com\/product\/yoast-seo-wordpress\/ -->\n<title>Om Det Gr\u00f8nne Museum | L\u00e6s \u00e5rsrapporten og strategien her<\/title>\n<meta name=\"description\" content=\"Se Det Gr\u00f8nne Museums \u00e5rsrapport, strategi og rammeaftale. Det er hj\u00f8rnestenene i Det Gr\u00f8nne Museums, Gl. Estrups, arbejde.\" \/>\n<meta name=\"robots\" content=\"index, follow, max-snippet:-1, max-image-preview:large, max-video-preview:-1\" \/>\n<link rel=\"canonical\" href=\"https:\/\/detgroennemuseum.dk\/en\/about-the-museum\/annual-report-and-strategies\/\" \/>\n<meta property=\"og:locale\" content=\"en_GB\" \/>\n<meta property=\"og:type\" content=\"article\" \/>\n<meta property=\"og:title\" content=\"Om Det Gr\u00f8nne Museum | L\u00e6s \u00e5rsrapporten og strategien her\" \/>\n<meta property=\"og:description\" content=\"Se Det Gr\u00f8nne Museums \u00e5rsrapport, strategi og rammeaftale. Det er hj\u00f8rnestenene i Det Gr\u00f8nne Museums, Gl. Estrups, arbejde.\" \/>\n<meta property=\"og:url\" content=\"https:\/\/detgroennemuseum.dk\/en\/about-the-museum\/annual-report-and-strategies\/\" \/>\n<meta property=\"og:site_name\" content=\"Det Gr\u00f8nne Museum\" \/>\n<meta property=\"article:modified_time\" content=\"2026-03-10T12:08:09+00:00\" \/>\n<meta name=\"twitter:card\" content=\"summary_large_image\" \/>\n<meta name=\"twitter:label1\" content=\"Estimated reading time\" \/>\n\t<meta name=\"twitter:data1\" content=\"1 minute\" \/>\n<script type=\"application\/ld+json\" class=\"yoast-schema-graph\">{\"@context\":\"https:\\\/\\\/schema.org\",\"@graph\":[{\"@type\":\"WebPage\",\"@id\":\"https:\\\/\\\/detgroennemuseum.dk\\\/om-museet\\\/aarsrapport-og-strategier\\\/\",\"url\":\"https:\\\/\\\/detgroennemuseum.dk\\\/om-museet\\\/aarsrapport-og-strategier\\\/\",\"name\":\"Om Det Gr\u00f8nne Museum | L\u00e6s \u00e5rsrapporten og strategien her\",\"isPartOf\":{\"@id\":\"https:\\\/\\\/detgroennemuseum.dk\\\/#website\"},\"datePublished\":\"2020-02-18T12:24:22+00:00\",\"dateModified\":\"2026-03-10T12:08:09+00:00\",\"description\":\"Se Det Gr\u00f8nne Museums \u00e5rsrapport, strategi og rammeaftale. Det er hj\u00f8rnestenene i Det Gr\u00f8nne Museums, Gl. Estrups, arbejde.\",\"breadcrumb\":{\"@id\":\"https:\\\/\\\/detgroennemuseum.dk\\\/om-museet\\\/aarsrapport-og-strategier\\\/#breadcrumb\"},\"inLanguage\":\"en-GB\",\"potentialAction\":[{\"@type\":\"ReadAction\",\"target\":[\"https:\\\/\\\/detgroennemuseum.dk\\\/om-museet\\\/aarsrapport-og-strategier\\\/\"]}]},{\"@type\":\"BreadcrumbList\",\"@id\":\"https:\\\/\\\/detgroennemuseum.dk\\\/om-museet\\\/aarsrapport-og-strategier\\\/#breadcrumb\",\"itemListElement\":[{\"@type\":\"ListItem\",\"position\":1,\"name\":\"Hjem\",\"item\":\"https:\\\/\\\/detgroennemuseum.dk\\\/\"},{\"@type\":\"ListItem\",\"position\":2,\"name\":\"Om Museet\",\"item\":\"https:\\\/\\\/detgroennemuseum.dk\\\/om-museet\\\/\"},{\"@type\":\"ListItem\",\"position\":3,\"name\":\"\u00c5rsrapport og strategier\"}]},{\"@type\":\"WebSite\",\"@id\":\"https:\\\/\\\/detgroennemuseum.dk\\\/#website\",\"url\":\"https:\\\/\\\/detgroennemuseum.dk\\\/\",\"name\":\"Det Gr\u00f8nne Museum\",\"description\":\"Danmarks nationale museum for jagten, skoven, landbruget og maden\",\"potentialAction\":[{\"@type\":\"SearchAction\",\"target\":{\"@type\":\"EntryPoint\",\"urlTemplate\":\"https:\\\/\\\/detgroennemuseum.dk\\\/?s={search_term_string}\"},\"query-input\":{\"@type\":\"PropertyValueSpecification\",\"valueRequired\":true,\"valueName\":\"search_term_string\"}}],\"inLanguage\":\"en-GB\"}]}<\/script>\n<!-- \/ Yoast SEO plugin. -->","yoast_head_json":{"title":"About The Green Museum | Read the annual report and strategy here","description":"See the Green Museum&#039;s annual report, strategy and framework agreement. These are the cornerstones of the work of the Green Museum, Gl. Estrup.","robots":{"index":"index","follow":"follow","max-snippet":"max-snippet:-1","max-image-preview":"max-image-preview:large","max-video-preview":"max-video-preview:-1"},"canonical":"https:\/\/detgroennemuseum.dk\/en\/about-the-museum\/annual-report-and-strategies\/","og_locale":"en_GB","og_type":"article","og_title":"Om Det Gr\u00f8nne Museum | L\u00e6s \u00e5rsrapporten og strategien her","og_description":"Se Det Gr\u00f8nne Museums \u00e5rsrapport, strategi og rammeaftale. Det er hj\u00f8rnestenene i Det Gr\u00f8nne Museums, Gl. Estrups, arbejde.","og_url":"https:\/\/detgroennemuseum.dk\/en\/about-the-museum\/annual-report-and-strategies\/","og_site_name":"Det Gr\u00f8nne Museum","article_modified_time":"2026-03-10T12:08:09+00:00","twitter_card":"summary_large_image","twitter_misc":{"Estimated reading time":"1 minute"},"schema":{"@context":"https:\/\/schema.org","@graph":[{"@type":"WebPage","@id":"https:\/\/detgroennemuseum.dk\/om-museet\/aarsrapport-og-strategier\/","url":"https:\/\/detgroennemuseum.dk\/om-museet\/aarsrapport-og-strategier\/","name":"About The Green Museum | Read the annual report and strategy here","isPartOf":{"@id":"https:\/\/detgroennemuseum.dk\/#website"},"datePublished":"2020-02-18T12:24:22+00:00","dateModified":"2026-03-10T12:08:09+00:00","description":"See the Green Museum&#039;s annual report, strategy and framework agreement. These are the cornerstones of the work of the Green Museum, Gl. Estrup.","breadcrumb":{"@id":"https:\/\/detgroennemuseum.dk\/om-museet\/aarsrapport-og-strategier\/#breadcrumb"},"inLanguage":"en-GB","potentialAction":[{"@type":"ReadAction","target":["https:\/\/detgroennemuseum.dk\/om-museet\/aarsrapport-og-strategier\/"]}]},{"@type":"BreadcrumbList","@id":"https:\/\/detgroennemuseum.dk\/om-museet\/aarsrapport-og-strategier\/#breadcrumb","itemListElement":[{"@type":"ListItem","position":1,"name":"Hjem","item":"https:\/\/detgroennemuseum.dk\/"},{"@type":"ListItem","position":2,"name":"Om Museet","item":"https:\/\/detgroennemuseum.dk\/om-museet\/"},{"@type":"ListItem","position":3,"name":"\u00c5rsrapport og strategier"}]},{"@type":"WebSite","@id":"https:\/\/detgroennemuseum.dk\/#website","url":"https:\/\/detgroennemuseum.dk\/","name":"The Green Museum","description":"Denmark&#039;s National Museum of Hunting, Forestry, Agriculture and Food","potentialAction":[{"@type":"SearchAction","target":{"@type":"EntryPoint","urlTemplate":"https:\/\/detgroennemuseum.dk\/?s={search_term_string}"},"query-input":{"@type":"PropertyValueSpecification","valueRequired":true,"valueName":"search_term_string"}}],"inLanguage":"en-GB"}]}},"_links":{"self":[{"href":"https:\/\/detgroennemuseum.dk\/en\/wp-json\/wp\/v2\/pages\/10705","targetHints":{"allow":["GET"]}}],"collection":[{"href":"https:\/\/detgroennemuseum.dk\/en\/wp-json\/wp\/v2\/pages"}],"about":[{"href":"https:\/\/detgroennemuseum.dk\/en\/wp-json\/wp\/v2\/types\/page"}],"author":[{"embeddable":true,"href":"https:\/\/detgroennemuseum.dk\/en\/wp-json\/wp\/v2\/users\/3"}],"replies":[{"embeddable":true,"href":"https:\/\/detgroennemuseum.dk\/en\/wp-json\/wp\/v2\/comments?post=10705"}],"version-history":[{"count":21,"href":"https:\/\/detgroennemuseum.dk\/en\/wp-json\/wp\/v2\/pages\/10705\/revisions"}],"predecessor-version":[{"id":26767,"href":"https:\/\/detgroennemuseum.dk\/en\/wp-json\/wp\/v2\/pages\/10705\/revisions\/26767"}],"up":[{"embeddable":true,"href":"https:\/\/detgroennemuseum.dk\/en\/wp-json\/wp\/v2\/pages\/3641"}],"wp:attachment":[{"href":"https:\/\/detgroennemuseum.dk\/en\/wp-json\/wp\/v2\/media?parent=10705"}],"curies":[{"name":"wp","href":"https:\/\/api.w.org\/{rel}","templated":true}]}}