{"id":3726,"date":"2018-01-25T14:27:50","date_gmt":"2018-01-25T13:27:50","guid":{"rendered":"http:\/\/detgroennemuseum.dk\/?post_type=product&#038;p=3726"},"modified":"2025-12-12T13:21:42","modified_gmt":"2025-12-12T12:21:42","slug":"waldgeschichte-fur-die-zukunft-chancen-und-perspektiven","status":"publish","type":"product","link":"https:\/\/detgroennemuseum.dk\/de\/butik\/boeger\/jagt-og-skovbrug\/skovhistorie-for-fremtiden-muligheder-og-perspektiver\/","title":{"rendered":"Waldgeschichte f\u00fcr die Zukunft \u2013 Chancen und Perspektiven"},"content":{"rendered":"<p><strong>Titel: <\/strong>Waldgeschichte f\u00fcr die Zukunft \u2013 Chancen und Perspektiven<\/p>\n<p><strong>Autor:<\/strong> Bo Fritzb\u00f8ger &amp; Peter Friis M\u00f8ller et al.<\/p>\n<p><strong>Seitenanzahl:<\/strong>\u00a0109<\/p>\n<p><strong>Ma\u00dfe (HxB in cm):<\/strong>\u00a023,5 x 23,5 cm<\/p>\n<p><strong>Herausgeber: <\/strong>Gesellschaft f\u00fcr Waldgeschichte<\/p>\n<p><strong>Erscheinungsjahr:\u00a0<\/strong>2005<\/p>\n<p><strong>Sprache:<\/strong> d\u00e4nisch<\/p>","protected":false},"excerpt":{"rendered":"<p>Im Juni 2003 veranstaltete die D\u00e4nische Gesellschaft f\u00fcr Forstgeschichte anl\u00e4sslich ihres 50-j\u00e4hrigen Bestehens ein Seminar. In den Artikeln des Buches werden Gedanken und Ideen von Forstgeschichtsexperten aus der gesamten nordischen Region gesammelt. Ziel ist es, das Thema Forstgeschichte einerseits in die Zukunft zu tragen und andererseits die Tradition der nordischen Forstgeschichtszusammenarbeit zu st\u00e4rken und aufrechtzuerhalten.<\/p>\n<p>Autor: Bo Fritzb\u00f8ger &amp; Peter Friis M\u00f8ller et al.<\/p>","protected":false},"featured_media":3512,"template":"","meta":{"_price":"80","_stock":"","_tribe_ticket_header":"","_tribe_default_ticket_provider":"","_tribe_ticket_capacity":"0","_ticket_start_date":"","_ticket_end_date":"","_tribe_ticket_show_description":"","_tribe_ticket_show_not_going":false,"_tribe_ticket_use_global_stock":"","_tribe_ticket_global_stock_level":"","_global_stock_mode":"","_global_stock_cap":"","_tribe_rsvp_for_event":"","_tribe_ticket_going_count":"","_tribe_ticket_not_going_count":"","_tribe_tickets_list":"[]","_tribe_ticket_has_attendee_info_fields":false,"_tec_slr_enabled":"","_tec_slr_layout":""},"product_brand":[],"product_cat":[35,129],"product_tag":[],"class_list":{"0":"post-3726","1":"product","2":"type-product","3":"status-publish","4":"has-post-thumbnail","6":"product_cat-boeger","7":"product_cat-jagt-og-skovbrug","8":"description-off","10":"first","11":"instock","12":"taxable","13":"shipping-taxable","14":"purchasable","15":"product-type-simple"},"yoast_head":"<!-- This site is optimized with the Yoast SEO plugin v27.6 - https:\/\/yoast.com\/product\/yoast-seo-wordpress\/ -->\n<title>Et liv i skoven - Skovens folk fort\u00e6ller IV af skovfoged B\u00f8rge Rasmussen<\/title>\n<meta name=\"description\" content=\"Oplev skovens magi gennem B\u00f8rge Rasmussens \u00f8jne i Et liv i skoven - Skovens folk fort\u00e6ller IV. Dyk ned i skovbrug og historie.\" \/>\n<meta name=\"robots\" content=\"index, follow, max-snippet:-1, max-image-preview:large, max-video-preview:-1\" \/>\n<link rel=\"canonical\" href=\"https:\/\/detgroennemuseum.dk\/de\/geschaft\/bucher\/jagd-und-forstwirtschaft\/waldgeschichte-fur-die-zukunft-chancen-und-perspektiven\/\" \/>\n<meta property=\"og:locale\" content=\"de_DE\" \/>\n<meta property=\"og:type\" content=\"article\" \/>\n<meta property=\"og:title\" content=\"Et liv i skoven - Skovens folk fort\u00e6ller IV af skovfoged B\u00f8rge Rasmussen\" \/>\n<meta property=\"og:description\" content=\"Oplev skovens magi gennem B\u00f8rge Rasmussens \u00f8jne i Et liv i skoven - Skovens folk fort\u00e6ller IV. Dyk ned i skovbrug og historie.\" \/>\n<meta property=\"og:url\" content=\"https:\/\/detgroennemuseum.dk\/de\/geschaft\/bucher\/jagd-und-forstwirtschaft\/waldgeschichte-fur-die-zukunft-chancen-und-perspektiven\/\" \/>\n<meta property=\"og:site_name\" content=\"Det Gr\u00f8nne Museum\" \/>\n<meta property=\"article:modified_time\" content=\"2025-12-12T12:21:42+00:00\" \/>\n<meta property=\"og:image\" content=\"https:\/\/detgroennemuseum.dk\/wp-content\/uploads\/2018\/01\/skovhistorie-for-fremtiden-bo-fritzboeger-peter-friis-moeller.jpg\" \/>\n\t<meta property=\"og:image:width\" content=\"600\" \/>\n\t<meta property=\"og:image:height\" content=\"800\" \/>\n\t<meta property=\"og:image:type\" content=\"image\/jpeg\" \/>\n<meta name=\"twitter:card\" content=\"summary_large_image\" \/>\n<meta name=\"twitter:label1\" content=\"Gesch\u00e4tzte Lesezeit\" \/>\n\t<meta name=\"twitter:data1\" content=\"1\u00a0Minute\" \/>\n<script type=\"application\/ld+json\" class=\"yoast-schema-graph\">{\"@context\":\"https:\\\/\\\/schema.org\",\"@graph\":[{\"@type\":\"WebPage\",\"@id\":\"https:\\\/\\\/detgroennemuseum.dk\\\/butik\\\/boeger\\\/jagt-og-skovbrug\\\/skovhistorie-for-fremtiden-muligheder-og-perspektiver\\\/\",\"url\":\"https:\\\/\\\/detgroennemuseum.dk\\\/butik\\\/boeger\\\/jagt-og-skovbrug\\\/skovhistorie-for-fremtiden-muligheder-og-perspektiver\\\/\",\"name\":\"Et liv i skoven - Skovens folk fort\u00e6ller IV af skovfoged B\u00f8rge Rasmussen\",\"isPartOf\":{\"@id\":\"https:\\\/\\\/detgroennemuseum.dk\\\/#website\"},\"primaryImageOfPage\":{\"@id\":\"https:\\\/\\\/detgroennemuseum.dk\\\/butik\\\/boeger\\\/jagt-og-skovbrug\\\/skovhistorie-for-fremtiden-muligheder-og-perspektiver\\\/#primaryimage\"},\"image\":{\"@id\":\"https:\\\/\\\/detgroennemuseum.dk\\\/butik\\\/boeger\\\/jagt-og-skovbrug\\\/skovhistorie-for-fremtiden-muligheder-og-perspektiver\\\/#primaryimage\"},\"thumbnailUrl\":\"https:\\\/\\\/detgroennemuseum.dk\\\/wp-content\\\/uploads\\\/2018\\\/01\\\/skovhistorie-for-fremtiden-bo-fritzboeger-peter-friis-moeller.jpg\",\"datePublished\":\"2018-01-25T13:27:50+00:00\",\"dateModified\":\"2025-12-12T12:21:42+00:00\",\"description\":\"Oplev skovens magi gennem B\u00f8rge Rasmussens \u00f8jne i Et liv i skoven - Skovens folk fort\u00e6ller IV. Dyk ned i skovbrug og historie.\",\"breadcrumb\":{\"@id\":\"https:\\\/\\\/detgroennemuseum.dk\\\/butik\\\/boeger\\\/jagt-og-skovbrug\\\/skovhistorie-for-fremtiden-muligheder-og-perspektiver\\\/#breadcrumb\"},\"inLanguage\":\"de\",\"potentialAction\":[{\"@type\":\"ReadAction\",\"target\":[\"https:\\\/\\\/detgroennemuseum.dk\\\/butik\\\/boeger\\\/jagt-og-skovbrug\\\/skovhistorie-for-fremtiden-muligheder-og-perspektiver\\\/\"]}]},{\"@type\":\"ImageObject\",\"inLanguage\":\"de\",\"@id\":\"https:\\\/\\\/detgroennemuseum.dk\\\/butik\\\/boeger\\\/jagt-og-skovbrug\\\/skovhistorie-for-fremtiden-muligheder-og-perspektiver\\\/#primaryimage\",\"url\":\"https:\\\/\\\/detgroennemuseum.dk\\\/wp-content\\\/uploads\\\/2018\\\/01\\\/skovhistorie-for-fremtiden-bo-fritzboeger-peter-friis-moeller.jpg\",\"contentUrl\":\"https:\\\/\\\/detgroennemuseum.dk\\\/wp-content\\\/uploads\\\/2018\\\/01\\\/skovhistorie-for-fremtiden-bo-fritzboeger-peter-friis-moeller.jpg\",\"width\":600,\"height\":800,\"caption\":\"Skovhistorie For Fremtiden Bo Fritzb\u00f8ger Peter Friis M\u00f8ller\"},{\"@type\":\"BreadcrumbList\",\"@id\":\"https:\\\/\\\/detgroennemuseum.dk\\\/butik\\\/boeger\\\/jagt-og-skovbrug\\\/skovhistorie-for-fremtiden-muligheder-og-perspektiver\\\/#breadcrumb\",\"itemListElement\":[{\"@type\":\"ListItem\",\"position\":1,\"name\":\"Hjem\",\"item\":\"https:\\\/\\\/detgroennemuseum.dk\\\/\"},{\"@type\":\"ListItem\",\"position\":2,\"name\":\"shop\",\"item\":\"https:\\\/\\\/detgroennemuseum.dk\\\/shop\\\/\"},{\"@type\":\"ListItem\",\"position\":3,\"name\":\"Skovhistorie for fremtiden &#8211; muligheder og perspektiver\"}]},{\"@type\":\"WebSite\",\"@id\":\"https:\\\/\\\/detgroennemuseum.dk\\\/#website\",\"url\":\"https:\\\/\\\/detgroennemuseum.dk\\\/\",\"name\":\"Det Gr\u00f8nne Museum\",\"description\":\"Danmarks nationale museum for jagten, skoven, landbruget og maden\",\"potentialAction\":[{\"@type\":\"SearchAction\",\"target\":{\"@type\":\"EntryPoint\",\"urlTemplate\":\"https:\\\/\\\/detgroennemuseum.dk\\\/?s={search_term_string}\"},\"query-input\":{\"@type\":\"PropertyValueSpecification\",\"valueRequired\":true,\"valueName\":\"search_term_string\"}}],\"inLanguage\":\"de\"}]}<\/script>\n<!-- \/ Yoast SEO plugin. -->","yoast_head_json":{"title":"Ein Leben im Wald \u2013 Die Menschen des Waldes erz\u00e4hlen Geschichten IV von F\u00f6rster B\u00f8rge Rasmussen","description":"Erleben Sie die Magie des Waldes durch die Augen von B\u00f8rge Rasmussen in \u201eEin Leben im Wald \u2013 Die Menschen des Waldes\u201c (Teil IV). Tauchen Sie ein in die Welt der Forstwirtschaft und Geschichte.","robots":{"index":"index","follow":"follow","max-snippet":"max-snippet:-1","max-image-preview":"max-image-preview:large","max-video-preview":"max-video-preview:-1"},"canonical":"https:\/\/detgroennemuseum.dk\/de\/geschaft\/bucher\/jagd-und-forstwirtschaft\/waldgeschichte-fur-die-zukunft-chancen-und-perspektiven\/","og_locale":"de_DE","og_type":"article","og_title":"Et liv i skoven - Skovens folk fort\u00e6ller IV af skovfoged B\u00f8rge Rasmussen","og_description":"Oplev skovens magi gennem B\u00f8rge Rasmussens \u00f8jne i Et liv i skoven - Skovens folk fort\u00e6ller IV. Dyk ned i skovbrug og historie.","og_url":"https:\/\/detgroennemuseum.dk\/de\/geschaft\/bucher\/jagd-und-forstwirtschaft\/waldgeschichte-fur-die-zukunft-chancen-und-perspektiven\/","og_site_name":"Det Gr\u00f8nne Museum","article_modified_time":"2025-12-12T12:21:42+00:00","og_image":[{"width":600,"height":800,"url":"https:\/\/detgroennemuseum.dk\/wp-content\/uploads\/2018\/01\/skovhistorie-for-fremtiden-bo-fritzboeger-peter-friis-moeller.jpg","type":"image\/jpeg"}],"twitter_card":"summary_large_image","twitter_misc":{"Gesch\u00e4tzte Lesezeit":"1\u00a0Minute"},"schema":{"@context":"https:\/\/schema.org","@graph":[{"@type":"WebPage","@id":"https:\/\/detgroennemuseum.dk\/butik\/boeger\/jagt-og-skovbrug\/skovhistorie-for-fremtiden-muligheder-og-perspektiver\/","url":"https:\/\/detgroennemuseum.dk\/butik\/boeger\/jagt-og-skovbrug\/skovhistorie-for-fremtiden-muligheder-og-perspektiver\/","name":"Ein Leben im Wald \u2013 Die Menschen des Waldes erz\u00e4hlen Geschichten IV von F\u00f6rster B\u00f8rge Rasmussen","isPartOf":{"@id":"https:\/\/detgroennemuseum.dk\/#website"},"primaryImageOfPage":{"@id":"https:\/\/detgroennemuseum.dk\/butik\/boeger\/jagt-og-skovbrug\/skovhistorie-for-fremtiden-muligheder-og-perspektiver\/#primaryimage"},"image":{"@id":"https:\/\/detgroennemuseum.dk\/butik\/boeger\/jagt-og-skovbrug\/skovhistorie-for-fremtiden-muligheder-og-perspektiver\/#primaryimage"},"thumbnailUrl":"https:\/\/detgroennemuseum.dk\/wp-content\/uploads\/2018\/01\/skovhistorie-for-fremtiden-bo-fritzboeger-peter-friis-moeller.jpg","datePublished":"2018-01-25T13:27:50+00:00","dateModified":"2025-12-12T12:21:42+00:00","description":"Erleben Sie die Magie des Waldes durch die Augen von B\u00f8rge Rasmussen in \u201eEin Leben im Wald \u2013 Die Menschen des Waldes\u201c (Teil IV). Tauchen Sie ein in die Welt der Forstwirtschaft und Geschichte.","breadcrumb":{"@id":"https:\/\/detgroennemuseum.dk\/butik\/boeger\/jagt-og-skovbrug\/skovhistorie-for-fremtiden-muligheder-og-perspektiver\/#breadcrumb"},"inLanguage":"de","potentialAction":[{"@type":"ReadAction","target":["https:\/\/detgroennemuseum.dk\/butik\/boeger\/jagt-og-skovbrug\/skovhistorie-for-fremtiden-muligheder-og-perspektiver\/"]}]},{"@type":"ImageObject","inLanguage":"de","@id":"https:\/\/detgroennemuseum.dk\/butik\/boeger\/jagt-og-skovbrug\/skovhistorie-for-fremtiden-muligheder-og-perspektiver\/#primaryimage","url":"https:\/\/detgroennemuseum.dk\/wp-content\/uploads\/2018\/01\/skovhistorie-for-fremtiden-bo-fritzboeger-peter-friis-moeller.jpg","contentUrl":"https:\/\/detgroennemuseum.dk\/wp-content\/uploads\/2018\/01\/skovhistorie-for-fremtiden-bo-fritzboeger-peter-friis-moeller.jpg","width":600,"height":800,"caption":"Skovhistorie For Fremtiden Bo Fritzb\u00f8ger Peter Friis M\u00f8ller"},{"@type":"BreadcrumbList","@id":"https:\/\/detgroennemuseum.dk\/butik\/boeger\/jagt-og-skovbrug\/skovhistorie-for-fremtiden-muligheder-og-perspektiver\/#breadcrumb","itemListElement":[{"@type":"ListItem","position":1,"name":"Hjem","item":"https:\/\/detgroennemuseum.dk\/"},{"@type":"ListItem","position":2,"name":"shop","item":"https:\/\/detgroennemuseum.dk\/shop\/"},{"@type":"ListItem","position":3,"name":"Skovhistorie for fremtiden &#8211; muligheder og perspektiver"}]},{"@type":"WebSite","@id":"https:\/\/detgroennemuseum.dk\/#website","url":"https:\/\/detgroennemuseum.dk\/","name":"Das Gr\u00fcne Museum","description":"D\u00e4nisches Nationalmuseum f\u00fcr Jagd, Forstwirtschaft, Landwirtschaft und Ern\u00e4hrung","potentialAction":[{"@type":"SearchAction","target":{"@type":"EntryPoint","urlTemplate":"https:\/\/detgroennemuseum.dk\/?s={search_term_string}"},"query-input":{"@type":"PropertyValueSpecification","valueRequired":true,"valueName":"search_term_string"}}],"inLanguage":"de"}]}},"_links":{"self":[{"href":"https:\/\/detgroennemuseum.dk\/de\/wp-json\/wp\/v2\/product\/3726","targetHints":{"allow":["GET"]}}],"collection":[{"href":"https:\/\/detgroennemuseum.dk\/de\/wp-json\/wp\/v2\/product"}],"about":[{"href":"https:\/\/detgroennemuseum.dk\/de\/wp-json\/wp\/v2\/types\/product"}],"wp:featuredmedia":[{"embeddable":true,"href":"https:\/\/detgroennemuseum.dk\/de\/wp-json\/wp\/v2\/media\/3512"}],"wp:attachment":[{"href":"https:\/\/detgroennemuseum.dk\/de\/wp-json\/wp\/v2\/media?parent=3726"}],"wp:term":[{"taxonomy":"product_brand","embeddable":true,"href":"https:\/\/detgroennemuseum.dk\/de\/wp-json\/wp\/v2\/product_brand?post=3726"},{"taxonomy":"product_cat","embeddable":true,"href":"https:\/\/detgroennemuseum.dk\/de\/wp-json\/wp\/v2\/product_cat?post=3726"},{"taxonomy":"product_tag","embeddable":true,"href":"https:\/\/detgroennemuseum.dk\/de\/wp-json\/wp\/v2\/product_tag?post=3726"}],"curies":[{"name":"wp","href":"https:\/\/api.w.org\/{rel}","templated":true}]}}