{"id":3657,"date":"2018-01-25T09:51:52","date_gmt":"2018-01-25T08:51:52","guid":{"rendered":"http:\/\/detgroennemuseum.dk\/?post_type=product&#038;p=3657"},"modified":"2025-12-12T13:05:06","modified_gmt":"2025-12-12T12:05:06","slug":"die-ziege-und-der-esel","status":"publish","type":"product","link":"https:\/\/detgroennemuseum.dk\/de\/butik\/boeger\/boerneboeger\/ninke-og-geden\/","title":{"rendered":"Ninke und die Ziege"},"content":{"rendered":"<p><strong>Titel:\u00a0<\/strong>Ninke und die Ziege<\/p>\n<p><strong>Autor:\u00a0<\/strong>Line Margareta Iversen<\/p>\n<p><strong>Seitenanzahl:<\/strong>\u00a036<\/p>\n<p><strong>Ma\u00dfe (HxB in cm):<\/strong>\u00a017,50 x 20,50 cm<\/p>\n<p><strong>Herausgeber:\u00a0<\/strong>Landsvalen Verlag<\/p>\n<p><strong>Erscheinungsjahr:\u00a0<\/strong>2015<\/p>\n<p><strong>Sprache:<\/strong> d\u00e4nisch<\/p>","protected":false},"excerpt":{"rendered":"<p>\u00dcberall auf der Farm gibt es Ziegen, aber Ninke will mehr. Umso gr\u00f6\u00dfer ist die Freude zur Lammzeit, wenn aus einem Zicklein mehrere werden. Kinderspa\u00df in der Scheune und Essen auf dem Tisch ... Ninke ist den Rest des Jahres gl\u00fccklich. Lesen Sie das Buch laut vor und erfreuen Sie sich an den wundersch\u00f6nen Illustrationen.<\/p>\n<p>Autorin: Linie Margareta Iversen<\/p>","protected":false},"featured_media":3545,"template":"","meta":{"_price":"175","_stock":"","_tribe_ticket_header":"","_tribe_default_ticket_provider":"","_tribe_ticket_capacity":"0","_ticket_start_date":"","_ticket_end_date":"","_tribe_ticket_show_description":"","_tribe_ticket_show_not_going":false,"_tribe_ticket_use_global_stock":"","_tribe_ticket_global_stock_level":"","_global_stock_mode":"","_global_stock_cap":"","_tribe_rsvp_for_event":"","_tribe_ticket_going_count":"","_tribe_ticket_not_going_count":"","_tribe_tickets_list":"[]","_tribe_ticket_has_attendee_info_fields":false,"_tec_slr_enabled":"","_tec_slr_layout":""},"product_brand":[],"product_cat":[35,126,130],"product_tag":[],"class_list":{"0":"post-3657","1":"product","2":"type-product","3":"status-publish","4":"has-post-thumbnail","6":"product_cat-boeger","7":"product_cat-boerneboeger","8":"product_cat-landbrugsboeger","9":"description-off","11":"first","12":"instock","13":"taxable","14":"shipping-taxable","15":"purchasable","16":"product-type-simple"},"yoast_head":"<!-- This site is optimized with the Yoast SEO plugin v27.4 - https:\/\/yoast.com\/product\/yoast-seo-wordpress\/ -->\n<title>Das Gr\u00fcne Museum: Ferguson \u2013 Der graue Slider. Buch von J\u00f8rgen Kj\u00e6r<\/title>\n<meta name=\"description\" content=\"Entdecken Sie &quot;Ferguson \u2013 Der graue Slider&quot;, ein fesselndes Buch von J\u00f8rgen Kj\u00e6r, das Kinder und Erwachsene gleicherma\u00dfen begeistert.\" \/>\n<meta name=\"robots\" content=\"index, follow, max-snippet:-1, max-image-preview:large, max-video-preview:-1\" \/>\n<link rel=\"canonical\" href=\"https:\/\/detgroennemuseum.dk\/de\/geschaft\/bucher\/kinderbucher\/die-ziege-und-der-esel\/\" \/>\n<meta property=\"og:locale\" content=\"de_DE\" \/>\n<meta property=\"og:type\" content=\"article\" \/>\n<meta property=\"og:title\" content=\"Das Gr\u00fcne Museum: Ferguson \u2013 Der graue Slider. Buch von J\u00f8rgen Kj\u00e6r\" \/>\n<meta property=\"og:description\" content=\"Entdecken Sie &quot;Ferguson \u2013 Der graue Slider&quot;, ein fesselndes Buch von J\u00f8rgen Kj\u00e6r, das Kinder und Erwachsene gleicherma\u00dfen begeistert.\" \/>\n<meta property=\"og:url\" content=\"https:\/\/detgroennemuseum.dk\/de\/geschaft\/bucher\/kinderbucher\/die-ziege-und-der-esel\/\" \/>\n<meta property=\"og:site_name\" content=\"Det Gr\u00f8nne Museum\" \/>\n<meta property=\"article:modified_time\" content=\"2025-12-12T12:05:06+00:00\" \/>\n<meta property=\"og:image\" content=\"https:\/\/detgroennemuseum.dk\/wp-content\/uploads\/2018\/01\/ninke-og-geden-line-margareta-iversen.jpg\" \/>\n\t<meta property=\"og:image:width\" content=\"600\" \/>\n\t<meta property=\"og:image:height\" content=\"800\" \/>\n\t<meta property=\"og:image:type\" content=\"image\/jpeg\" \/>\n<meta name=\"twitter:card\" content=\"summary_large_image\" \/>\n<meta name=\"twitter:label1\" content=\"Gesch\u00e4tzte Lesezeit\" \/>\n\t<meta name=\"twitter:data1\" content=\"1\u00a0Minute\" \/>\n<script type=\"application\/ld+json\" class=\"yoast-schema-graph\">{\"@context\":\"https:\\\/\\\/schema.org\",\"@graph\":[{\"@type\":\"WebPage\",\"@id\":\"https:\\\/\\\/detgroennemuseum.dk\\\/butik\\\/boeger\\\/boerneboeger\\\/ninke-og-geden\\\/\",\"url\":\"https:\\\/\\\/detgroennemuseum.dk\\\/butik\\\/boeger\\\/boerneboeger\\\/ninke-og-geden\\\/\",\"name\":\"Das Gr\u00fcne Museum: Ferguson \u2013 Der graue Slider. Buch von J\u00f8rgen Kj\u00e6r\",\"isPartOf\":{\"@id\":\"https:\\\/\\\/detgroennemuseum.dk\\\/#website\"},\"primaryImageOfPage\":{\"@id\":\"https:\\\/\\\/detgroennemuseum.dk\\\/butik\\\/boeger\\\/boerneboeger\\\/ninke-og-geden\\\/#primaryimage\"},\"image\":{\"@id\":\"https:\\\/\\\/detgroennemuseum.dk\\\/butik\\\/boeger\\\/boerneboeger\\\/ninke-og-geden\\\/#primaryimage\"},\"thumbnailUrl\":\"https:\\\/\\\/detgroennemuseum.dk\\\/wp-content\\\/uploads\\\/2018\\\/01\\\/ninke-og-geden-line-margareta-iversen.jpg\",\"datePublished\":\"2018-01-25T08:51:52+00:00\",\"dateModified\":\"2025-12-12T12:05:06+00:00\",\"description\":\"Entdecken Sie \\\"Ferguson \u2013 Der graue Slider\\\", ein fesselndes Buch von J\u00f8rgen Kj\u00e6r, das Kinder und Erwachsene gleicherma\u00dfen begeistert.\",\"breadcrumb\":{\"@id\":\"https:\\\/\\\/detgroennemuseum.dk\\\/butik\\\/boeger\\\/boerneboeger\\\/ninke-og-geden\\\/#breadcrumb\"},\"inLanguage\":\"de\",\"potentialAction\":[{\"@type\":\"ReadAction\",\"target\":[\"https:\\\/\\\/detgroennemuseum.dk\\\/butik\\\/boeger\\\/boerneboeger\\\/ninke-og-geden\\\/\"]}]},{\"@type\":\"ImageObject\",\"inLanguage\":\"de\",\"@id\":\"https:\\\/\\\/detgroennemuseum.dk\\\/butik\\\/boeger\\\/boerneboeger\\\/ninke-og-geden\\\/#primaryimage\",\"url\":\"https:\\\/\\\/detgroennemuseum.dk\\\/wp-content\\\/uploads\\\/2018\\\/01\\\/ninke-og-geden-line-margareta-iversen.jpg\",\"contentUrl\":\"https:\\\/\\\/detgroennemuseum.dk\\\/wp-content\\\/uploads\\\/2018\\\/01\\\/ninke-og-geden-line-margareta-iversen.jpg\",\"width\":600,\"height\":800},{\"@type\":\"BreadcrumbList\",\"@id\":\"https:\\\/\\\/detgroennemuseum.dk\\\/butik\\\/boeger\\\/boerneboeger\\\/ninke-og-geden\\\/#breadcrumb\",\"itemListElement\":[{\"@type\":\"ListItem\",\"position\":1,\"name\":\"Hjem\",\"item\":\"https:\\\/\\\/detgroennemuseum.dk\\\/\"},{\"@type\":\"ListItem\",\"position\":2,\"name\":\"shop\",\"item\":\"https:\\\/\\\/detgroennemuseum.dk\\\/shop\\\/\"},{\"@type\":\"ListItem\",\"position\":3,\"name\":\"Ninke og geden\"}]},{\"@type\":\"WebSite\",\"@id\":\"https:\\\/\\\/detgroennemuseum.dk\\\/#website\",\"url\":\"https:\\\/\\\/detgroennemuseum.dk\\\/\",\"name\":\"Det Gr\u00f8nne Museum\",\"description\":\"Danmarks nationale museum for jagten, skoven, landbruget og maden\",\"potentialAction\":[{\"@type\":\"SearchAction\",\"target\":{\"@type\":\"EntryPoint\",\"urlTemplate\":\"https:\\\/\\\/detgroennemuseum.dk\\\/?s={search_term_string}\"},\"query-input\":{\"@type\":\"PropertyValueSpecification\",\"valueRequired\":true,\"valueName\":\"search_term_string\"}}],\"inLanguage\":\"de\"}]}<\/script>\n<!-- \/ Yoast SEO plugin. -->","yoast_head_json":{"title":"Das Gr\u00fcne Museum: Ferguson \u2013 Der graue Slider. Buch von J\u00f8rgen Kj\u00e6r","description":"Entdecken Sie \"Ferguson \u2013 Der graue Slider\", ein fesselndes Buch von J\u00f8rgen Kj\u00e6r, das Kinder und Erwachsene begeistert.","robots":{"index":"index","follow":"follow","max-snippet":"max-snippet:-1","max-image-preview":"max-image-preview:large","max-video-preview":"max-video-preview:-1"},"canonical":"https:\/\/detgroennemuseum.dk\/de\/geschaft\/bucher\/kinderbucher\/die-ziege-und-der-esel\/","og_locale":"de_DE","og_type":"article","og_title":"Das Gr\u00fcne Museum: Ferguson \u2013 Der graue Slider. Buch von J\u00f8rgen Kj\u00e6r","og_description":"Entdecken Sie \"Ferguson \u2013 Der graue Slider\", ein fesselndes Buch von J\u00f8rgen Kj\u00e6r, das Kinder und Erwachsene gleicherma\u00dfen begeistert.","og_url":"https:\/\/detgroennemuseum.dk\/de\/geschaft\/bucher\/kinderbucher\/die-ziege-und-der-esel\/","og_site_name":"Det Gr\u00f8nne Museum","article_modified_time":"2025-12-12T12:05:06+00:00","og_image":[{"width":600,"height":800,"url":"https:\/\/detgroennemuseum.dk\/wp-content\/uploads\/2018\/01\/ninke-og-geden-line-margareta-iversen.jpg","type":"image\/jpeg"}],"twitter_card":"summary_large_image","twitter_misc":{"Gesch\u00e4tzte Lesezeit":"1\u00a0Minute"},"schema":{"@context":"https:\/\/schema.org","@graph":[{"@type":"WebPage","@id":"https:\/\/detgroennemuseum.dk\/butik\/boeger\/boerneboeger\/ninke-og-geden\/","url":"https:\/\/detgroennemuseum.dk\/butik\/boeger\/boerneboeger\/ninke-og-geden\/","name":"Das Gr\u00fcne Museum: Ferguson \u2013 Der graue Slider. Buch von J\u00f8rgen Kj\u00e6r","isPartOf":{"@id":"https:\/\/detgroennemuseum.dk\/#website"},"primaryImageOfPage":{"@id":"https:\/\/detgroennemuseum.dk\/butik\/boeger\/boerneboeger\/ninke-og-geden\/#primaryimage"},"image":{"@id":"https:\/\/detgroennemuseum.dk\/butik\/boeger\/boerneboeger\/ninke-og-geden\/#primaryimage"},"thumbnailUrl":"https:\/\/detgroennemuseum.dk\/wp-content\/uploads\/2018\/01\/ninke-og-geden-line-margareta-iversen.jpg","datePublished":"2018-01-25T08:51:52+00:00","dateModified":"2025-12-12T12:05:06+00:00","description":"Entdecken Sie \"Ferguson \u2013 Der graue Slider\", ein fesselndes Buch von J\u00f8rgen Kj\u00e6r, das Kinder und Erwachsene begeistert.","breadcrumb":{"@id":"https:\/\/detgroennemuseum.dk\/butik\/boeger\/boerneboeger\/ninke-og-geden\/#breadcrumb"},"inLanguage":"de","potentialAction":[{"@type":"ReadAction","target":["https:\/\/detgroennemuseum.dk\/butik\/boeger\/boerneboeger\/ninke-og-geden\/"]}]},{"@type":"ImageObject","inLanguage":"de","@id":"https:\/\/detgroennemuseum.dk\/butik\/boeger\/boerneboeger\/ninke-og-geden\/#primaryimage","url":"https:\/\/detgroennemuseum.dk\/wp-content\/uploads\/2018\/01\/ninke-og-geden-line-margareta-iversen.jpg","contentUrl":"https:\/\/detgroennemuseum.dk\/wp-content\/uploads\/2018\/01\/ninke-og-geden-line-margareta-iversen.jpg","width":600,"height":800},{"@type":"BreadcrumbList","@id":"https:\/\/detgroennemuseum.dk\/butik\/boeger\/boerneboeger\/ninke-og-geden\/#breadcrumb","itemListElement":[{"@type":"ListItem","position":1,"name":"Hjem","item":"https:\/\/detgroennemuseum.dk\/"},{"@type":"ListItem","position":2,"name":"shop","item":"https:\/\/detgroennemuseum.dk\/shop\/"},{"@type":"ListItem","position":3,"name":"Ninke og geden"}]},{"@type":"WebSite","@id":"https:\/\/detgroennemuseum.dk\/#website","url":"https:\/\/detgroennemuseum.dk\/","name":"Das Gr\u00fcne Museum","description":"D\u00e4nisches Nationalmuseum f\u00fcr Jagd, Forstwirtschaft, Landwirtschaft und Ern\u00e4hrung","potentialAction":[{"@type":"SearchAction","target":{"@type":"EntryPoint","urlTemplate":"https:\/\/detgroennemuseum.dk\/?s={search_term_string}"},"query-input":{"@type":"PropertyValueSpecification","valueRequired":true,"valueName":"search_term_string"}}],"inLanguage":"de"}]}},"_links":{"self":[{"href":"https:\/\/detgroennemuseum.dk\/de\/wp-json\/wp\/v2\/product\/3657","targetHints":{"allow":["GET"]}}],"collection":[{"href":"https:\/\/detgroennemuseum.dk\/de\/wp-json\/wp\/v2\/product"}],"about":[{"href":"https:\/\/detgroennemuseum.dk\/de\/wp-json\/wp\/v2\/types\/product"}],"wp:featuredmedia":[{"embeddable":true,"href":"https:\/\/detgroennemuseum.dk\/de\/wp-json\/wp\/v2\/media\/3545"}],"wp:attachment":[{"href":"https:\/\/detgroennemuseum.dk\/de\/wp-json\/wp\/v2\/media?parent=3657"}],"wp:term":[{"taxonomy":"product_brand","embeddable":true,"href":"https:\/\/detgroennemuseum.dk\/de\/wp-json\/wp\/v2\/product_brand?post=3657"},{"taxonomy":"product_cat","embeddable":true,"href":"https:\/\/detgroennemuseum.dk\/de\/wp-json\/wp\/v2\/product_cat?post=3657"},{"taxonomy":"product_tag","embeddable":true,"href":"https:\/\/detgroennemuseum.dk\/de\/wp-json\/wp\/v2\/product_tag?post=3657"}],"curies":[{"name":"wp","href":"https:\/\/api.w.org\/{rel}","templated":true}]}}