{"id":6248,"date":"2018-09-10T13:33:17","date_gmt":"2018-09-10T11:33:17","guid":{"rendered":"https:\/\/detgroennemuseum.dk\/?page_id=6248"},"modified":"2026-01-05T08:44:20","modified_gmt":"2026-01-05T07:44:20","slug":"herbstferien","status":"publish","type":"page","link":"https:\/\/detgroennemuseum.dk\/de\/efteraarsferie\/","title":{"rendered":"Herbstferien"},"content":{"rendered":"<div class=\"wpb-content-wrapper\"><div class=\"vc_row wpb_row vc_row-fluid\"><div class=\"wpb_column vc_column_container vc_col-sm-12\"><div class=\"vc_column-inner\"><div class=\"wpb_wrapper\">\n\t<div class=\"wpb_text_column wpb_content_element\" >\n\t\t<div class=\"wpb_wrapper\">\n\t\t\t<h1 class=\"p1\"><span class=\"s1\">Herbstferien im Gr\u00fcnen Museum<\/span><\/h1>\n\n\t\t<\/div>\n\t<\/div>\n<\/div><\/div><\/div><\/div><div class=\"vc_row wpb_row vc_row-fluid\"><div class=\"wpb_column vc_column_container vc_col-sm-4\"><div class=\"vc_column-inner\"><div class=\"wpb_wrapper\"><div class=\"vc_empty_space\"   style=\"height: 32px\"><span class=\"vc_empty_space_inner\"><\/span><\/div>\n\t<div  class=\"wpb_single_image wpb_content_element vc_align_left\">\n\t\t\n\t\t<figure class=\"wpb_wrapper vc_figure\">\n\t\t\t<div class=\"vc_single_image-wrapper   vc_box_border_grey\"><img decoding=\"async\" width=\"600\" height=\"400\" data-src=\"https:\/\/detgroennemuseum.dk\/wp-content\/smush-webp\/2022\/09\/Buebane-indendoers-600x400.jpg.webp\" class=\"vc_single_image-img attachment-medium lazyload\" alt=\"Schie\u00dfen auf unserer Bogenschie\u00dfanlage\" title=\"Indoor-Bogenschie\u00dfanlage\" data-srcset=\"https:\/\/detgroennemuseum.dk\/wp-content\/smush-webp\/2022\/09\/Buebane-indendoers-600x400.jpg.webp 600w, https:\/\/detgroennemuseum.dk\/wp-content\/smush-webp\/2022\/09\/Buebane-indendoers-1024x683.jpg.webp 1024w, https:\/\/detgroennemuseum.dk\/wp-content\/smush-webp\/2022\/09\/Buebane-indendoers-768x512.jpg.webp 768w, https:\/\/detgroennemuseum.dk\/wp-content\/smush-webp\/2022\/09\/Buebane-indendoers.jpg.webp 1500w\" data-sizes=\"(max-width: 600px) 100vw, 600px\"  data-dt-location=\"https:\/\/detgroennemuseum.dk\/de\/efteraarsferie\/buebane-indendoers\/\" src=\"data:image\/svg+xml;base64,PHN2ZyB3aWR0aD0iMSIgaGVpZ2h0PSIxIiB4bWxucz0iaHR0cDovL3d3dy53My5vcmcvMjAwMC9zdmciPjwvc3ZnPg==\" style=\"--smush-placeholder-width: 600px; --smush-placeholder-aspect-ratio: 600\/400;\" \/><\/div>\n\t\t<\/figure>\n\t<\/div>\n<div class=\"vc_empty_space\"   style=\"height: 32px\"><span class=\"vc_empty_space_inner\"><\/span><\/div><\/div><\/div><\/div><div class=\"wpb_column vc_column_container vc_col-sm-8\"><div class=\"vc_column-inner\"><div class=\"wpb_wrapper\"><div class=\"vc_empty_space\"   style=\"height: 32px\"><span class=\"vc_empty_space_inner\"><\/span><\/div>\n\t<div class=\"wpb_text_column wpb_content_element\" >\n\t\t<div class=\"wpb_wrapper\">\n\t\t\t<h2>In den Herbstferien wird es wild und GROSS!<\/h2>\n<p><strong>Herbstferien f\u00fcr die ganze Familie im Zeichen der Jagd im Gr\u00fcnen Museum<\/strong><\/p>\n<p>Besuchen Sie in den Herbstferien mit der ganzen Familie das Gr\u00fcne Museum. Wir haben f\u00fcr Sie eine spannende Woche voller lustiger Aktivit\u00e4ten und einzigartiger Erlebnisse rund um das Thema Jagd zusammengestellt. Sie k\u00f6nnen die faszinierenden Ausstellungen des Museums erkunden, engagierte Experten und Freiwillige treffen und an kreativen Workshops teilnehmen.<\/p>\n<p><span style=\"color: #ff0000;\"><strong>HINWEIS: Das untenstehende Programm gilt f\u00fcr das Jahr 2025 \u2013 das diesj\u00e4hrige Programm wird ver\u00f6ffentlicht, sobald es fertiggestellt ist.<\/strong><\/span><\/p>\n<p>Kinder k\u00f6nnen sich auf unserer Indoor-Bogenschie\u00dfanlage versuchen, in der beliebten Pfeilwerkstatt ihre eigenen Pfeile verzieren und die Welt von einem kindergro\u00dfen Jagdturm aus betrachten. Gleichzeitig bieten wir in unserem \u201eJagd-Mitmachheft\u201c lustige Aufgaben \u2013 perfekt, um neugierige K\u00f6pfe in der stimmungsvollen Umgebung des Museums zu besch\u00e4ftigen.<\/p>\n<p>Die Herbstferien sind die perfekte Gelegenheit, der ganzen Familie ein Lern- und Spielerlebnis zu bieten und mit dem Aktivit\u00e4tspaket f\u00fcr nur 30 Kronen (nach Zahlung des Eintrittspreises) gibt es viele M\u00f6glichkeiten, etwas ganz Besonderes von diesem Tag mit nach Hause zu nehmen.<\/p>\n<h4>Zeit: 11. \u2013 19. Oktober 2025, 10 \u2013 17 Uhr.<\/h4>\n<h4><strong>Preis<\/strong>: Eintritt 160 kr. Erwachsene \/ KOSTENLOS f\u00fcr Jugendliche unter 18 Jahren.  Unten finden Sie alle Preise f\u00fcr Aktivit\u00e4ten.<\/h4>\n\n\t\t<\/div>\n\t<\/div>\n<\/div><\/div><\/div><\/div><div class=\"vc_row wpb_row vc_row-fluid\"><div class=\"wpb_column vc_column_container vc_col-sm-12 vc_col-has-fill\"><div class=\"vc_column-inner vc_custom_1632823022629\"><div class=\"wpb_wrapper\"><div class=\"vc_empty_space\"   style=\"height: 16px\"><span class=\"vc_empty_space_inner\"><\/span><\/div><\/div><\/div><\/div><\/div><div class=\"vc_row wpb_row vc_row-fluid\"><div class=\"wpb_column vc_column_container vc_col-sm-12\"><div class=\"vc_column-inner\"><div class=\"wpb_wrapper\"><section class=\"vc_cta3-container\"><div class=\"vc_general vc_do_cta3 vc_cta3 vc_cta3-style-flat vc_cta3-shape-rounded vc_cta3-align-left vc_cta3-color-green vc_cta3-icon-size-md\"><div class=\"vc_cta3_content-container\"><div class=\"vc_cta3-content\"><header class=\"vc_cta3-content-header\"><h2>AKTIVIT\u00c4TENPAKET: CRESTING \u2013 MARKIEREN SIE IHREN PFEIL UND SCHIESSEN SIE AUF DEM ARCH RANGE<\/h2><h4>GROSS \/ t\u00e4glich 10 \u2013 17 Uhr \/ 30 kr. pro Pfeil + ein Ausflug zum Schie\u00dfstand \/ Am besten ab 6 Jahren \u2013 AUCH f\u00fcr Erwachsene<\/h4><\/header><p>F\u00fcr viele Bogensch\u00fctzen ist es beim Training auf dem Schie\u00dfstand wichtig, ihren Pfeil erkennen zu k\u00f6nnen. Daher sind viele Pfeile mit besonderen Eigenschaften ausgestattet. So wurden beispielsweise mit Runensymbolen verzierte Pfeile gefunden, die \u00fcber 1.500 Jahre alt sind. Heute nennt man die Verzierung von Pfeilen \u201eCresting\u201c. W\u00e4hrend der Herbstferien k\u00f6nnen Sie in der STORT-Ausstellung Ihren eigenen Pfeil dekorieren, bevor Sie versuchen, ihn auf unserer neuen Indoor-Bogenschie\u00dfanlage abzuschie\u00dfen.<\/p>\n<div class=\"vc_empty_space\">\n<p>Im Preis sind au\u00dferdem drei Testaufnahmen enthalten. Wenn Sie mit Ihrem Pfeil zufrieden sind, d\u00fcrfen Sie ihn selbstverst\u00e4ndlich mit nach Hause nehmen.<\/p>\n<\/div>\n<\/div><\/div><\/div><\/section><\/div><\/div><\/div><\/div><div class=\"vc_row wpb_row vc_row-fluid\"><div class=\"wpb_column vc_column_container vc_col-sm-12\"><div class=\"vc_column-inner\"><div class=\"wpb_wrapper\"><\/div><\/div><\/div><\/div><div class=\"vc_row wpb_row vc_row-fluid\"><div class=\"wpb_column vc_column_container vc_col-sm-12 vc_hidden-xs\"><div class=\"vc_column-inner\"><div class=\"wpb_wrapper\">\n<div class=\"vc_grid-container-wrapper vc_clearfix vc_grid-animation-none\">\n\t<div class=\"vc_grid-container vc_clearfix wpb_content_element vc_media_grid\" data-initial-loading-animation=\"none\" data-vc-grid-settings=\"{&quot;page_id&quot;:6248,&quot;style&quot;:&quot;all&quot;,&quot;action&quot;:&quot;vc_get_vc_grid_data&quot;,&quot;shortcode_id&quot;:&quot;1767599038345-d43b256b-aad9-1&quot;,&quot;tag&quot;:&quot;vc_media_grid&quot;}\" data-vc-request=\"https:\/\/detgroennemuseum.dk\/wp-admin\/admin-ajax.php\" data-vc-post-id=\"6248\" data-vc-public-nonce=\"9df4df9d22\">\n\t\t\n\t<\/div>\n<\/div><div class=\"vc_empty_space\"   style=\"height: 32px\"><span class=\"vc_empty_space_inner\"><\/span><\/div><\/div><\/div><\/div><\/div><div class=\"vc_row wpb_row vc_row-fluid\"><div class=\"wpb_column vc_column_container vc_col-sm-12 vc_col-xs-4\/5\"><div class=\"vc_column-inner\"><div class=\"wpb_wrapper\">\n\t<div class=\"wpb_text_column wpb_content_element\" >\n\t\t<div class=\"wpb_wrapper\">\n\t\t\t<h2>Herbstferien mit Kindern im Gr\u00fcnen Museum<\/h2>\n<p>Die Herbstferien sind die perfekte Zeit, um wertvolle Zeit mit der Familie zu verbringen, und im Green Museum gibt es zahlreiche Aktivit\u00e4ten, die den Besuch f\u00fcr Kinder und Erwachsene unvergesslich machen. Wenn Sie w\u00e4hrend der Herbstferien nach Aktivit\u00e4ten suchen, die sowohl Spa\u00df machen als auch lehrreich sind, dann ist unser Museum die naheliegende Wahl. Hier k\u00f6nnen Kinder in die Geschichte eintauchen, auf unseren gro\u00dfen Au\u00dfenfl\u00e4chen spielen und in den Herbstferien spannende Erlebnisse erleben, die die Vergangenheit auf spielerische und interaktive Weise lebendig werden lassen.<\/p>\n<p>Machen Sie die Herbstferien zu etwas Besonderem, indem Sie Ihren Kindern das Leben auf dem Land fr\u00fcher n\u00e4herbringen. Unsere Aktivit\u00e4ten sind speziell darauf ausgerichtet, die Kleinen zu begeistern und ihnen die Geschichte der Jagd n\u00e4herzubringen. Diese Herbstferienaktivit\u00e4ten f\u00fcr Kinder sorgen daf\u00fcr, dass die ganze Familie einen wunderbaren Tag voller Lernen und Spielen verbringt.<\/p>\n\n\t\t<\/div>\n\t<\/div>\n<div class=\"vc_empty_space\"   style=\"height: 32px\"><span class=\"vc_empty_space_inner\"><\/span><\/div><section class=\"vc_cta3-container\"><div class=\"vc_general vc_do_cta3 vc_cta3 vc_cta3-style-outline vc_cta3-shape-rounded vc_cta3-align-left vc_cta3-color-green vc_cta3-icon-size-md\"><div class=\"vc_cta3_content-container\"><div class=\"vc_cta3-content\"><header class=\"vc_cta3-content-header\"><h2>Bei\u00dfen Sie in das Wild<\/h2><h4>GROSS \/ T\u00c4GLICH 10 \u2013 17 UHR \/ EINTRITT FREI BEI BEZAHLTEM EINTRITT<\/h4><\/header><p>Lassen Sie sich von ger\u00e4ucherten Wildw\u00fcrsten verw\u00f6hnen. Die Konservierung von Lebensmitteln, damit sie lange haltbar sind, war schon immer eine Herausforderung. Und R\u00e4uchern ist eine der schmackhafteren Methoden. Zumindest f\u00fcr einige Lebensmittel. Dazu geh\u00f6rt auch die Wildwurst \u2013 und in den Herbstferien k\u00f6nnen Sie sie selbst probieren.<\/p>\n<\/div><\/div><\/div><\/section><div class=\"vc_empty_space\"   style=\"height: 32px\"><span class=\"vc_empty_space_inner\"><\/span><\/div>\n<div class=\"vc_grid-container-wrapper vc_clearfix vc_grid-animation-none\">\n\t<div class=\"vc_grid-container vc_clearfix wpb_content_element vc_media_grid\" data-initial-loading-animation=\"none\" data-vc-grid-settings=\"{&quot;page_id&quot;:6248,&quot;style&quot;:&quot;all&quot;,&quot;action&quot;:&quot;vc_get_vc_grid_data&quot;,&quot;shortcode_id&quot;:&quot;1767599038347-f3751fb0-77df-1&quot;,&quot;tag&quot;:&quot;vc_media_grid&quot;}\" data-vc-request=\"https:\/\/detgroennemuseum.dk\/wp-admin\/admin-ajax.php\" data-vc-post-id=\"6248\" data-vc-public-nonce=\"9df4df9d22\">\n\t\t\n\t<\/div>\n<\/div><\/div><\/div><\/div><\/div><div class=\"vc_row wpb_row vc_row-fluid\"><div class=\"wpb_column vc_column_container vc_col-sm-12\"><div class=\"vc_column-inner\"><div class=\"wpb_wrapper\"><div class=\"vc_empty_space\"   style=\"height: 32px\"><span class=\"vc_empty_space_inner\"><\/span><\/div><h2 style=\"text-align: left\" class=\"vc_custom_heading vc_do_custom_heading\" >Triff die Freiwilligen t\u00e4glich w\u00e4hrend der Herbstferien<\/h2>\n\t<div class=\"wpb_text_column wpb_content_element\" >\n\t\t<div class=\"wpb_wrapper\">\n\t\t\t<p>An den meisten Tagen w\u00e4hrend der Herbstferien k\u00f6nnen Sie auch einige unserer vielen Freiwilligen treffen, die bereit sind, ihre F\u00e4higkeiten unter Beweis zu stellen und ihr Wissen und ihre Geschichten zu teilen.<\/p>\n<p>Sie k\u00f6nnen in sehen <a href=\"https:\/\/detgroennemuseum.dk\/de\/es-passiert\/\">der Kalender<\/a> an welchen Tagen und zu welchen Uhrzeiten die verschiedenen Gilden im Museum sind.<\/p>\n<p><strong>Die Schmiedezunft:<\/strong><br \/>\nTreffen Sie die Freiwilligen in der alten Schmiede des Gr\u00fcnen Museums, w\u00e4hrend sie an der Schmiede arbeiten und Eisen mit Feuer, Hammer und Amboss z\u00e4hmen, wie es die Menschen seit pr\u00e4historischen Zeiten tun und wie es schon seit langem in Gammel Estrup getan wird.<\/p>\n<p><strong>Die Gastgastgeber:<\/strong><br \/>\nTreffen Sie die Besuchermoderatoren, w\u00e4hrend sie \u00fcber die gro\u00dfen land- und forstwirtschaftlichen Maschinen, Karren und Werkzeuge sprechen, die im Besuchermagazin des Museums in einer Reihe stehen.<\/p>\n<p><strong>Traktorengilde:<\/strong><br \/>\nTreffen Sie die Freiwilligen in der Traktorwerkstatt, wo sie an vielen verschiedenen Aufgaben arbeiten. So kommen die Maschinen beispielsweise zur Inspektion und Reparatur in die Traktorenwerkstatt, bevor sie von den ehrenamtlichen Mitarbeitern des Museums bei ihrer Arbeit auf den Historischen Feldern eingesetzt werden.<\/p>\n<p><strong>Der Jungen- und M\u00e4dchenclub:<\/strong><br \/>\nIm Gr\u00fcnen Museum kann man das ganze Jahr \u00fcber den Lauf der Zeit erleben.<br \/>\nW\u00e4hrend der Herbstferien bringt Karle- og Pigelauget die R\u00fcben auf die Felder der historischen Felder.<\/p>\n\n\t\t<\/div>\n\t<\/div>\n<\/div><\/div><\/div><\/div><div class=\"vc_row wpb_row vc_row-fluid\"><div class=\"wpb_column vc_column_container vc_col-sm-12\"><div class=\"vc_column-inner\"><div class=\"wpb_wrapper\"><div class=\"vc_empty_space\"   style=\"height: 32px\"><span class=\"vc_empty_space_inner\"><\/span><\/div><h2 style=\"text-align: left\" class=\"vc_custom_heading vc_do_custom_heading\" >Und alles andere...<\/h2>\n\t<div class=\"wpb_text_column wpb_content_element\" >\n\t\t<div class=\"wpb_wrapper\">\n\t\t\t<p>Auch im restlichen Museum erwarten Sie noch viele tolle Erlebnisse. Erleben Sie die Ausstellung \u201eGoldkorn \u2013 Die Geschichte der Zucht\u201c und unternehmen Sie eine interaktive Reise durch die Zuchtgeschichte D\u00e4nemarks. Das Besuchermagazin zeigt unsere Gro\u00dfmaschinen aus Forst und Landwirtschaft \u2013 und vieles mehr. Der Garten bietet Herbstfr\u00fcchte und die Tierwelt lebt weiterhin ungest\u00f6rt zwischen den Apfelb\u00e4umen auf unserem Biobauernhof.<\/p>\n<p>Wenn Sie unterwegs Hunger bekommen, ist auch das Restaurant Den Gamle Stald einen Besuch wert.<\/p>\n<p><strong>Wir sehen uns zu einem WILDEN Herbsturlaub im Green Museum!<\/strong><\/p>\n\n\t\t<\/div>\n\t<\/div>\n<\/div><\/div><\/div><\/div><div class=\"vc_row wpb_row vc_row-fluid\"><div class=\"wpb_column vc_column_container vc_col-sm-12\"><div class=\"vc_column-inner\"><div class=\"wpb_wrapper\"><div class=\"vc_empty_space\"   style=\"height: 32px\"><span class=\"vc_empty_space_inner\"><\/span><\/div><h2 style=\"text-align: left\" class=\"vc_custom_heading vc_do_custom_heading\" >Praktische Informationen<\/h2>\n\t<div class=\"wpb_text_column wpb_content_element\" >\n\t\t<div class=\"wpb_wrapper\">\n\t\t\t<p>Wenn Sie in den Herbstferien Djursland erkunden, denken Sie daran, dass Sie beim Besuch des Gr\u00fcnen Museums und des Herrenhausmuseums Gammel Estrup D\u00e4nemark zwei Museen zum Preis von einem bekommen. Der Preis f\u00fcr Erwachsene betr\u00e4gt <strong>160 kr<\/strong>, und es ist <strong>kostenlos f\u00fcr Kinder<\/strong> und Jugendliche unter 18 Jahren.<\/p>\n<p>Wir haben <strong>W\u00e4hrend der Ferien t\u00e4glich von 10 bis 22 Uhr ge\u00f6ffnet. 17<\/strong>.<\/p>\n<p>Wir verf\u00fcgen \u00fcber zahlreiche gute Lunchpaket-Bereiche sowohl drinnen als auch drau\u00dfen. Sollte Sie w\u00e4hrend Ihres Besuchs bei uns jedoch Hunger bekommen, k\u00f6nnen Sie Ihren Hunger auch im Restaurant \u201eDen Gamle Stald\u201c im Museum stillen.<\/p>\n\n\t\t<\/div>\n\t<\/div>\n<div class=\"vc_empty_space\"   style=\"height: 32px\"><span class=\"vc_empty_space_inner\"><\/span><\/div><h2 style=\"text-align: left\" class=\"vc_custom_heading vc_do_custom_heading\" >Finden Sie das Gr\u00fcne Museum<\/h2><div class=\"wpb_gmaps_widget wpb_content_element\"><div class=\"wpb_wrapper\"><div class=\"wpb_map_wraper\"><iframe data-src=\"https:\/\/www.google.com\/maps\/embed?pb=!1m18!1m12!1m3!1d191088.623096179!2d10.033251053166289!3d56.317720269623536!2m3!1f0!2f0!3f0!3m2!1i1024!2i768!4f13.1!3m3!1m2!1s0x464c21a9e0ffb963%3A0x25822276f81ba28d!2sDet+Gr%C3%B8nne+Museum!5e0!3m2!1sda!2sdk!4v1561102302973!5m2!1sda!2sdk\" width=\"600\" height=\"450\" frameborder=\"0\" style=\"border:0\" allowfullscreen src=\"data:image\/svg+xml;base64,PHN2ZyB3aWR0aD0iMSIgaGVpZ2h0PSIxIiB4bWxucz0iaHR0cDovL3d3dy53My5vcmcvMjAwMC9zdmciPjwvc3ZnPg==\" class=\"lazyload\" data-load-mode=\"1\"><\/iframe><\/div><\/div><\/div><\/div><\/div><\/div><\/div>\n<\/div>","protected":false},"excerpt":{"rendered":"<p>Herbstferien im Gr\u00fcnen Museum Wild und GROSS wird es in den Herbstferien! Herbstferien f\u00fcr die ganze Familie im Zeichen der Jagd im Gr\u00fcnen Museum Mit der ganzen Familie ins Gr\u00fcne Museum\u2026<\/p>","protected":false},"author":3,"featured_media":0,"parent":0,"menu_order":0,"comment_status":"closed","ping_status":"closed","template":"","meta":{"_price":"","_stock":"","_tribe_ticket_header":"","_tribe_default_ticket_provider":"","_tribe_ticket_capacity":"0","_ticket_start_date":"","_ticket_end_date":"","_tribe_ticket_show_description":"","_tribe_ticket_show_not_going":false,"_tribe_ticket_use_global_stock":"","_tribe_ticket_global_stock_level":"","_global_stock_mode":"","_global_stock_cap":"","_tribe_rsvp_for_event":"","_tribe_ticket_going_count":"","_tribe_ticket_not_going_count":"","_tribe_tickets_list":"[]","_tribe_ticket_has_attendee_info_fields":false,"footnotes":""},"class_list":["post-6248","page","type-page","status-publish","hentry","description-off"],"yoast_head":"<!-- This site is optimized with the Yoast SEO plugin v27.5 - https:\/\/yoast.com\/product\/yoast-seo-wordpress\/ -->\n<title>Aktiviteter i efter\u00e5rsferien for store og sm\u00e5 |\u00a0Det Gr\u00f8nne Museum<\/title>\n<meta name=\"description\" content=\"Oplev de mange sp\u00e6ndende aktiviteter i efter\u00e5rsferien. Her er fyldt med dufte, smage og vilde jagthistorier. Gratis entr\u00e9 for unge under 18\" \/>\n<meta name=\"robots\" content=\"index, follow, max-snippet:-1, max-image-preview:large, max-video-preview:-1\" \/>\n<link rel=\"canonical\" href=\"https:\/\/detgroennemuseum.dk\/de\/herbstferien\/\" \/>\n<meta property=\"og:locale\" content=\"de_DE\" \/>\n<meta property=\"og:type\" content=\"article\" \/>\n<meta property=\"og:title\" content=\"Aktiviteter i efter\u00e5rsferien for store og sm\u00e5 |\u00a0Det Gr\u00f8nne Museum\" \/>\n<meta property=\"og:description\" content=\"Oplev de mange sp\u00e6ndende aktiviteter i efter\u00e5rsferien. Her er fyldt med dufte, smage og vilde jagthistorier. Gratis entr\u00e9 for unge under 18\" \/>\n<meta property=\"og:url\" content=\"https:\/\/detgroennemuseum.dk\/de\/herbstferien\/\" \/>\n<meta property=\"og:site_name\" content=\"Det Gr\u00f8nne Museum\" \/>\n<meta property=\"article:modified_time\" content=\"2026-01-05T07:44:20+00:00\" \/>\n<meta name=\"twitter:card\" content=\"summary_large_image\" \/>\n<meta name=\"twitter:label1\" content=\"Gesch\u00e4tzte Lesezeit\" \/>\n\t<meta name=\"twitter:data1\" content=\"9\u00a0Minuten\" \/>\n<script type=\"application\/ld+json\" class=\"yoast-schema-graph\">{\"@context\":\"https:\\\/\\\/schema.org\",\"@graph\":[{\"@type\":\"WebPage\",\"@id\":\"https:\\\/\\\/detgroennemuseum.dk\\\/efteraarsferie\\\/\",\"url\":\"https:\\\/\\\/detgroennemuseum.dk\\\/efteraarsferie\\\/\",\"name\":\"Aktiviteter i efter\u00e5rsferien for store og sm\u00e5 |\u00a0Det Gr\u00f8nne Museum\",\"isPartOf\":{\"@id\":\"https:\\\/\\\/detgroennemuseum.dk\\\/#website\"},\"datePublished\":\"2018-09-10T11:33:17+00:00\",\"dateModified\":\"2026-01-05T07:44:20+00:00\",\"description\":\"Oplev de mange sp\u00e6ndende aktiviteter i efter\u00e5rsferien. Her er fyldt med dufte, smage og vilde jagthistorier. Gratis entr\u00e9 for unge under 18\",\"breadcrumb\":{\"@id\":\"https:\\\/\\\/detgroennemuseum.dk\\\/efteraarsferie\\\/#breadcrumb\"},\"inLanguage\":\"de\",\"potentialAction\":[{\"@type\":\"ReadAction\",\"target\":[\"https:\\\/\\\/detgroennemuseum.dk\\\/efteraarsferie\\\/\"]}]},{\"@type\":\"BreadcrumbList\",\"@id\":\"https:\\\/\\\/detgroennemuseum.dk\\\/efteraarsferie\\\/#breadcrumb\",\"itemListElement\":[{\"@type\":\"ListItem\",\"position\":1,\"name\":\"Hjem\",\"item\":\"https:\\\/\\\/detgroennemuseum.dk\\\/\"},{\"@type\":\"ListItem\",\"position\":2,\"name\":\"Efter\u00e5rsferie\"}]},{\"@type\":\"WebSite\",\"@id\":\"https:\\\/\\\/detgroennemuseum.dk\\\/#website\",\"url\":\"https:\\\/\\\/detgroennemuseum.dk\\\/\",\"name\":\"Det Gr\u00f8nne Museum\",\"description\":\"Danmarks nationale museum for jagten, skoven, landbruget og maden\",\"potentialAction\":[{\"@type\":\"SearchAction\",\"target\":{\"@type\":\"EntryPoint\",\"urlTemplate\":\"https:\\\/\\\/detgroennemuseum.dk\\\/?s={search_term_string}\"},\"query-input\":{\"@type\":\"PropertyValueSpecification\",\"valueRequired\":true,\"valueName\":\"search_term_string\"}}],\"inLanguage\":\"de\"}]}<\/script>\n<!-- \/ Yoast SEO plugin. -->","yoast_head_json":{"title":"Herbstferienaktivit\u00e4ten f\u00fcr Jung und Alt | Das Gr\u00fcne Museum","description":"Erleben Sie die vielen spannenden Aktivit\u00e4ten w\u00e4hrend der Herbstferien. Es ist voller D\u00fcfte, Geschm\u00e4cker und wilder Jagdgeschichten. Freier Eintritt f\u00fcr Jugendliche unter 18 Jahren","robots":{"index":"index","follow":"follow","max-snippet":"max-snippet:-1","max-image-preview":"max-image-preview:large","max-video-preview":"max-video-preview:-1"},"canonical":"https:\/\/detgroennemuseum.dk\/de\/herbstferien\/","og_locale":"de_DE","og_type":"article","og_title":"Aktiviteter i efter\u00e5rsferien for store og sm\u00e5 |\u00a0Det Gr\u00f8nne Museum","og_description":"Oplev de mange sp\u00e6ndende aktiviteter i efter\u00e5rsferien. Her er fyldt med dufte, smage og vilde jagthistorier. Gratis entr\u00e9 for unge under 18","og_url":"https:\/\/detgroennemuseum.dk\/de\/herbstferien\/","og_site_name":"Det Gr\u00f8nne Museum","article_modified_time":"2026-01-05T07:44:20+00:00","twitter_card":"summary_large_image","twitter_misc":{"Gesch\u00e4tzte Lesezeit":"9\u00a0Minuten"},"schema":{"@context":"https:\/\/schema.org","@graph":[{"@type":"WebPage","@id":"https:\/\/detgroennemuseum.dk\/efteraarsferie\/","url":"https:\/\/detgroennemuseum.dk\/efteraarsferie\/","name":"Herbstferienaktivit\u00e4ten f\u00fcr Jung und Alt | Das Gr\u00fcne Museum","isPartOf":{"@id":"https:\/\/detgroennemuseum.dk\/#website"},"datePublished":"2018-09-10T11:33:17+00:00","dateModified":"2026-01-05T07:44:20+00:00","description":"Erleben Sie die vielen spannenden Aktivit\u00e4ten w\u00e4hrend der Herbstferien. Es ist voller D\u00fcfte, Geschm\u00e4cker und wilder Jagdgeschichten. Freier Eintritt f\u00fcr Jugendliche unter 18 Jahren","breadcrumb":{"@id":"https:\/\/detgroennemuseum.dk\/efteraarsferie\/#breadcrumb"},"inLanguage":"de","potentialAction":[{"@type":"ReadAction","target":["https:\/\/detgroennemuseum.dk\/efteraarsferie\/"]}]},{"@type":"BreadcrumbList","@id":"https:\/\/detgroennemuseum.dk\/efteraarsferie\/#breadcrumb","itemListElement":[{"@type":"ListItem","position":1,"name":"Hjem","item":"https:\/\/detgroennemuseum.dk\/"},{"@type":"ListItem","position":2,"name":"Efter\u00e5rsferie"}]},{"@type":"WebSite","@id":"https:\/\/detgroennemuseum.dk\/#website","url":"https:\/\/detgroennemuseum.dk\/","name":"Das Gr\u00fcne Museum","description":"D\u00e4nisches Nationalmuseum f\u00fcr Jagd, Forstwirtschaft, Landwirtschaft und Ern\u00e4hrung","potentialAction":[{"@type":"SearchAction","target":{"@type":"EntryPoint","urlTemplate":"https:\/\/detgroennemuseum.dk\/?s={search_term_string}"},"query-input":{"@type":"PropertyValueSpecification","valueRequired":true,"valueName":"search_term_string"}}],"inLanguage":"de"}]}},"_links":{"self":[{"href":"https:\/\/detgroennemuseum.dk\/de\/wp-json\/wp\/v2\/pages\/6248","targetHints":{"allow":["GET"]}}],"collection":[{"href":"https:\/\/detgroennemuseum.dk\/de\/wp-json\/wp\/v2\/pages"}],"about":[{"href":"https:\/\/detgroennemuseum.dk\/de\/wp-json\/wp\/v2\/types\/page"}],"author":[{"embeddable":true,"href":"https:\/\/detgroennemuseum.dk\/de\/wp-json\/wp\/v2\/users\/3"}],"replies":[{"embeddable":true,"href":"https:\/\/detgroennemuseum.dk\/de\/wp-json\/wp\/v2\/comments?post=6248"}],"version-history":[{"count":165,"href":"https:\/\/detgroennemuseum.dk\/de\/wp-json\/wp\/v2\/pages\/6248\/revisions"}],"predecessor-version":[{"id":26542,"href":"https:\/\/detgroennemuseum.dk\/de\/wp-json\/wp\/v2\/pages\/6248\/revisions\/26542"}],"wp:attachment":[{"href":"https:\/\/detgroennemuseum.dk\/de\/wp-json\/wp\/v2\/media?parent=6248"}],"curies":[{"name":"wp","href":"https:\/\/api.w.org\/{rel}","templated":true}]}}