{"id":603,"date":"2017-09-15T08:57:07","date_gmt":"2017-09-15T06:57:07","guid":{"rendered":"http:\/\/detgroennemuseum.dk\/?page_id=603"},"modified":"2024-02-14T15:38:28","modified_gmt":"2024-02-14T14:38:28","slug":"handelsbedingungen","status":"publish","type":"page","link":"https:\/\/detgroennemuseum.dk\/de\/handelsbetingelser\/","title":{"rendered":"Handelsbedingungen"},"content":{"rendered":"<div class=\"wpb-content-wrapper\"><div class=\"vc_row wpb_row vc_row-fluid\"><div class=\"wpb_column vc_column_container vc_col-sm-12\"><div class=\"vc_column-inner\"><div class=\"wpb_wrapper\">\n\t<div class=\"wpb_text_column wpb_content_element\" >\n\t\t<div class=\"wpb_wrapper\">\n\t\t\t<h1>Handelsbedingungen<\/h1>\n<p>&nbsp;<\/p>\n<h2><strong>Lieferung<\/strong><\/h2>\n<p>Sobald Sie eine Bestellung in unserem E-Store aufgegeben haben, erhalten Sie eine Bestellbest\u00e4tigung per E-Mail. Bei per Kreditkarte bezahlten Bestellungen erfolgt der Versand der bestellten Artikel drei bis f\u00fcnf Werktage nach Eingang. Der Versand von Briefen und Paketen erfolgt mit GLS oder PostNord und die Zustellung von Paketen erfolgt an das n\u00e4chstgelegene Paketzentrum.<\/p>\n<p>&nbsp;<\/p>\n<h2><strong>Porto<\/strong><\/h2>\n<p>Alle unsere Bestellungen werden mit PostNord oder GLS versendet. Alle Bestellungen werden zur Lieferung an einen der n\u00e4chstgelegenen Paketshops zur eingegebenen Adresse aufgegeben.<\/p>\n<p>Tarife nach D\u00e4nemark: 60 kr. unabh\u00e4ngig von Gewicht und Menge.<\/p>\n<p>Tarife in L\u00e4nder in Europa sowie auf die F\u00e4r\u00f6er-Inseln und nach Gr\u00f6nland: 175,- kr.<\/p>\n<p>Tarife f\u00fcr L\u00e4nder au\u00dferhalb Europas: 200 DKK.<\/p>\n<p>&nbsp;<\/p>\n<h2><strong>Lieferadresse<\/strong><\/h2>\n<p>Handelt es sich bei dem Artikel um ein Geschenk, k\u00f6nnen Sie den Artikel auch als Geschenk verpacken und ohne zus\u00e4tzliche Kosten an den Geschenkempf\u00e4nger versenden lassen. Die Adresse des Geschenkempf\u00e4ngers wird beim Ausf\u00fcllen der Lieferadresse unter \u201eAndere Lieferadresse\u201c eingetragen. Wenn der Artikel f\u00fcr Sie selbst bestimmt ist, setzen Sie ein H\u00e4kchen in das K\u00e4stchen neben dem roten Text: \u201eJa, bitte, ich m\u00f6chte, dass sowohl der\/die Artikel als auch die Rechnung an die gleiche Adresse gesendet werden.\u201c In diesem Fall k\u00f6nnen Sie nur eine Lieferadresse angeben. BEDENKEN Sie, dass der Artikel zur Zustellung an eines der n\u00e4chstgelegenen Paketzentren gesendet wird.<\/p>\n<p>&nbsp;<\/p>\n<h2><strong>Teillieferung<\/strong><\/h2>\n<p>Wenn Sie mehrere Artikel bestellt haben und f\u00fcr einen Artikel eine Lieferzeit gilt, werden wir Sie kontaktieren, um weitere Vereinbarungen zu treffen. Sollte bei einem Artikel eine l\u00e4ngere Lieferzeit anfallen, ist dies beim jeweiligen Artikel vermerkt. Wenn Sie eine Teillieferung w\u00fcnschen, m\u00fcssen Sie mehrere Bestellungen aufgeben.<\/p>\n<p>&nbsp;<\/p>\n<h2><strong>SICHERE BEZAHLUNG<\/strong><\/h2>\n<p>Der Museumsshop garantiert Ihnen einen sicheren Online-Einkauf bei uns. Wir verwenden das Sicherheitsprotokoll SSL (Secure Socket Layer), das daf\u00fcr sorgt, dass Ihre Zahlungsdaten w\u00e4hrend des Bestellvorgangs verschl\u00fcsselt und f\u00fcr Dritte unlesbar \u00fcbertragen werden. Die von Ihnen bei der Zahlung angegebenen Daten werden bei der \u00dcbertragung von Ihrem eigenen Computer stets gesch\u00fctzt. Sie erkennen die aktive Verschl\u00fcsselung daran, dass in Ihrem Internetbrowser unten rechts ein gelbes Vorh\u00e4ngeschloss erscheint. An\u00a0<a href=\"http:\/\/www.pbsint.dk\/\" target=\"_blank\" rel=\"noopener\">www.PBSINT.dk<\/a>\u00a0Sie k\u00f6nnen sehen, wie eine SSL-Zahlung abgewickelt wird.<\/p>\n<p>Der Museumsshop verwendet auch EPAY.dk, wodurch sichergestellt wird, dass Ihre Zahlung mit Dankort sicher und von PBS (Banking Institutions Payment Systems) zertifiziert ist. Weitere Informationen finden Sie unter\u00a0<a href=\"http:\/\/www.epay.dk\/\">www.epay.dk<\/a>. Wir akzeptieren Dankort. MwSt.: 25%. F\u00fcr alle Kunden wurde auf die Waren MwSt. berechnet. Kunden au\u00dferhalb der EU k\u00f6nnen sich an ihr \u00f6rtliches Zollamt wenden und sich die d\u00e4nische Mehrwertsteuer erstatten lassen.<\/p>\n<p>&nbsp;<\/p>\n<h2><strong>R\u00fcckgabe- und Umtauschrecht<\/strong><\/h2>\n<p>Alle Artikel k\u00f6nnen innerhalb von 14 Tagen nach Erhalt zur\u00fcckgegeben werden. Der Artikel muss unbesch\u00e4digt sein und in der Originalverpackung mit einer beigef\u00fcgten Kopie der Auftragsbest\u00e4tigung zur\u00fcckgesandt werden. Der Museumsshop erstattet Ihnen den Kaufpreis des Artikels abz\u00fcglich Versandkosten innerhalb von 14 Tagen zur\u00fcck. Der Betrag wird direkt auf Ihr Bankkonto \u00fcberwiesen, daher geben Sie bitte auf der Kopie der Auftragsbest\u00e4tigung Ihre Kontonummer an. Wenn Sie einen Artikel umtauschen m\u00f6chten, z. B. Bei abweichender Gr\u00f6\u00dfe kann der Artikel mit einer Kopie der Auftragsbest\u00e4tigung und einer Erkl\u00e4rung zum Umtauschwunsch zur\u00fcckgesandt werden. F\u00fcr den Umtausch berechnen wir Porto.<\/p>\n<p>R\u00fccksendungen erfolgen an:<\/p>\n<p><strong>Der Museumsshop | Das Gr\u00fcne Museum | Randersvej 4 | 8963 Auning.<\/strong><\/p>\n<p>&nbsp;<\/p>\n<h2><strong>Geschenkkarte<\/strong><\/h2>\n<p>Alle Geschenkkarten f\u00fcr den Museumsshop sind drei Jahre g\u00fcltig. Sie erhalten einen physischen Geschenkgutschein aus dem Museumsshop zugesandt und haben ein 14-t\u00e4giges Widerrufsrecht auf Ihren Kauf. Die Geschenkkarte kann im Shop des Gr\u00fcnen Museums oder an der Kasse zum Kauf von Jahreskarten oder Eintrittskarten eingel\u00f6st werden.<\/p>\n<p>&nbsp;<\/p>\n<h2><strong>Tickets<\/strong><\/h2>\n<p>Auf Eintrittskarten zu Kochschulen, Veranstaltungen, Vortr\u00e4gen etc. besteht kein Widerrufsrecht, vgl. Verbraucherschutzgesetz \u00a7 9 Abs. 2 Nr. 2.<\/p>\n<p>&nbsp;<\/p>\n<h2><strong>Beschwerde<\/strong><\/h2>\n<p>Sollten beim Erhalt des Artikels Fehler oder Sch\u00e4den festgestellt werden, m\u00fcssen Sie sich innerhalb von 8 Tagen nach Erhalt an den Museumsshop wenden. Senden Sie eine E-Mail mit Angabe der Bestellnummer an <a href=\"mailto:butik@dgmuseum.dk\">butik@dgmuseum.dk<\/a>\u00a0und wir senden Ihnen einen Paketschein zu, sodass Sie keine Portokosten zahlen m\u00fcssen. Der Ersatzartikel wird sofort nach Erhalt der R\u00fccksendung versandt. Sie haben bis zu 2 Jahre nach dem Kauf ein Reklamationsrecht, wenn am Produkt ein Herstellungsfehler festgestellt wird.<\/p>\n<p>Nach 6 Monaten m\u00fcssen Sie allerdings beweisen, dass ein Herstellungsfehler vorliegt. Haftung: Online-K\u00e4ufe unterliegen au\u00dferdem den im d\u00e4nischen Marketinggesetz und dem d\u00e4nischen Gesetz \u00fcber bestimmte Verbrauchervertr\u00e4ge festgelegten Regeln.<\/p>\n\n\t\t<\/div>\n\t<\/div>\n<\/div><\/div><\/div><\/div>\n<\/div>","protected":false},"excerpt":{"rendered":"<p>Allgemeine Gesch\u00e4ftsbedingungen Lieferung Wenn Sie in unserem Onlineshop eine Bestellung aufgegeben haben, erhalten Sie eine Bestellbest\u00e4tigung per E-Mail. Die bestellten Artikel werden innerhalb von drei bis f\u00fcnf Werktagen versendet.<\/p>","protected":false},"author":1,"featured_media":0,"parent":0,"menu_order":0,"comment_status":"closed","ping_status":"closed","template":"","meta":{"_price":"","_stock":"","_tribe_ticket_header":"","_tribe_default_ticket_provider":"","_tribe_ticket_capacity":"0","_ticket_start_date":"","_ticket_end_date":"","_tribe_ticket_show_description":"","_tribe_ticket_show_not_going":false,"_tribe_ticket_use_global_stock":"","_tribe_ticket_global_stock_level":"","_global_stock_mode":"","_global_stock_cap":"","_tribe_rsvp_for_event":"","_tribe_ticket_going_count":"","_tribe_ticket_not_going_count":"","_tribe_tickets_list":"[]","_tribe_ticket_has_attendee_info_fields":false,"footnotes":""},"class_list":["post-603","page","type-page","status-publish","hentry","description-off"],"yoast_head":"<!-- This site is optimized with the Yoast SEO plugin v27.4 - https:\/\/yoast.com\/product\/yoast-seo-wordpress\/ -->\n<title>Handelsbetingelser - Det Gr\u00f8nne Museum<\/title>\n<meta name=\"robots\" content=\"index, follow, max-snippet:-1, max-image-preview:large, max-video-preview:-1\" \/>\n<link rel=\"canonical\" href=\"https:\/\/detgroennemuseum.dk\/de\/handelsbedingungen\/\" \/>\n<meta property=\"og:locale\" content=\"de_DE\" \/>\n<meta property=\"og:type\" content=\"article\" \/>\n<meta property=\"og:title\" content=\"Handelsbetingelser - Det Gr\u00f8nne Museum\" \/>\n<meta property=\"og:url\" content=\"https:\/\/detgroennemuseum.dk\/de\/handelsbedingungen\/\" \/>\n<meta property=\"og:site_name\" content=\"Det Gr\u00f8nne Museum\" \/>\n<meta property=\"article:modified_time\" content=\"2024-02-14T14:38:28+00:00\" \/>\n<meta name=\"twitter:card\" content=\"summary_large_image\" \/>\n<meta name=\"twitter:label1\" content=\"Gesch\u00e4tzte Lesezeit\" \/>\n\t<meta name=\"twitter:data1\" content=\"4\u00a0Minuten\" \/>\n<script type=\"application\/ld+json\" class=\"yoast-schema-graph\">{\"@context\":\"https:\\\/\\\/schema.org\",\"@graph\":[{\"@type\":\"WebPage\",\"@id\":\"https:\\\/\\\/detgroennemuseum.dk\\\/handelsbetingelser\\\/\",\"url\":\"https:\\\/\\\/detgroennemuseum.dk\\\/handelsbetingelser\\\/\",\"name\":\"Handelsbetingelser - Det Gr\u00f8nne Museum\",\"isPartOf\":{\"@id\":\"https:\\\/\\\/detgroennemuseum.dk\\\/#website\"},\"datePublished\":\"2017-09-15T06:57:07+00:00\",\"dateModified\":\"2024-02-14T14:38:28+00:00\",\"breadcrumb\":{\"@id\":\"https:\\\/\\\/detgroennemuseum.dk\\\/handelsbetingelser\\\/#breadcrumb\"},\"inLanguage\":\"de\",\"potentialAction\":[{\"@type\":\"ReadAction\",\"target\":[\"https:\\\/\\\/detgroennemuseum.dk\\\/handelsbetingelser\\\/\"]}]},{\"@type\":\"BreadcrumbList\",\"@id\":\"https:\\\/\\\/detgroennemuseum.dk\\\/handelsbetingelser\\\/#breadcrumb\",\"itemListElement\":[{\"@type\":\"ListItem\",\"position\":1,\"name\":\"Hjem\",\"item\":\"https:\\\/\\\/detgroennemuseum.dk\\\/\"},{\"@type\":\"ListItem\",\"position\":2,\"name\":\"Handelsbetingelser\"}]},{\"@type\":\"WebSite\",\"@id\":\"https:\\\/\\\/detgroennemuseum.dk\\\/#website\",\"url\":\"https:\\\/\\\/detgroennemuseum.dk\\\/\",\"name\":\"Det Gr\u00f8nne Museum\",\"description\":\"Danmarks nationale museum for jagten, skoven, landbruget og maden\",\"potentialAction\":[{\"@type\":\"SearchAction\",\"target\":{\"@type\":\"EntryPoint\",\"urlTemplate\":\"https:\\\/\\\/detgroennemuseum.dk\\\/?s={search_term_string}\"},\"query-input\":{\"@type\":\"PropertyValueSpecification\",\"valueRequired\":true,\"valueName\":\"search_term_string\"}}],\"inLanguage\":\"de\"}]}<\/script>\n<!-- \/ Yoast SEO plugin. -->","yoast_head_json":{"title":"Allgemeine Gesch\u00e4ftsbedingungen - Das Gr\u00fcne Museum","robots":{"index":"index","follow":"follow","max-snippet":"max-snippet:-1","max-image-preview":"max-image-preview:large","max-video-preview":"max-video-preview:-1"},"canonical":"https:\/\/detgroennemuseum.dk\/de\/handelsbedingungen\/","og_locale":"de_DE","og_type":"article","og_title":"Handelsbetingelser - Det Gr\u00f8nne Museum","og_url":"https:\/\/detgroennemuseum.dk\/de\/handelsbedingungen\/","og_site_name":"Det Gr\u00f8nne Museum","article_modified_time":"2024-02-14T14:38:28+00:00","twitter_card":"summary_large_image","twitter_misc":{"Gesch\u00e4tzte Lesezeit":"4\u00a0Minuten"},"schema":{"@context":"https:\/\/schema.org","@graph":[{"@type":"WebPage","@id":"https:\/\/detgroennemuseum.dk\/handelsbetingelser\/","url":"https:\/\/detgroennemuseum.dk\/handelsbetingelser\/","name":"Allgemeine Gesch\u00e4ftsbedingungen - Das Gr\u00fcne Museum","isPartOf":{"@id":"https:\/\/detgroennemuseum.dk\/#website"},"datePublished":"2017-09-15T06:57:07+00:00","dateModified":"2024-02-14T14:38:28+00:00","breadcrumb":{"@id":"https:\/\/detgroennemuseum.dk\/handelsbetingelser\/#breadcrumb"},"inLanguage":"de","potentialAction":[{"@type":"ReadAction","target":["https:\/\/detgroennemuseum.dk\/handelsbetingelser\/"]}]},{"@type":"BreadcrumbList","@id":"https:\/\/detgroennemuseum.dk\/handelsbetingelser\/#breadcrumb","itemListElement":[{"@type":"ListItem","position":1,"name":"Hjem","item":"https:\/\/detgroennemuseum.dk\/"},{"@type":"ListItem","position":2,"name":"Handelsbetingelser"}]},{"@type":"WebSite","@id":"https:\/\/detgroennemuseum.dk\/#website","url":"https:\/\/detgroennemuseum.dk\/","name":"Das Gr\u00fcne Museum","description":"D\u00e4nisches Nationalmuseum f\u00fcr Jagd, Forstwirtschaft, Landwirtschaft und Ern\u00e4hrung","potentialAction":[{"@type":"SearchAction","target":{"@type":"EntryPoint","urlTemplate":"https:\/\/detgroennemuseum.dk\/?s={search_term_string}"},"query-input":{"@type":"PropertyValueSpecification","valueRequired":true,"valueName":"search_term_string"}}],"inLanguage":"de"}]}},"_links":{"self":[{"href":"https:\/\/detgroennemuseum.dk\/de\/wp-json\/wp\/v2\/pages\/603","targetHints":{"allow":["GET"]}}],"collection":[{"href":"https:\/\/detgroennemuseum.dk\/de\/wp-json\/wp\/v2\/pages"}],"about":[{"href":"https:\/\/detgroennemuseum.dk\/de\/wp-json\/wp\/v2\/types\/page"}],"author":[{"embeddable":true,"href":"https:\/\/detgroennemuseum.dk\/de\/wp-json\/wp\/v2\/users\/1"}],"replies":[{"embeddable":true,"href":"https:\/\/detgroennemuseum.dk\/de\/wp-json\/wp\/v2\/comments?post=603"}],"version-history":[{"count":16,"href":"https:\/\/detgroennemuseum.dk\/de\/wp-json\/wp\/v2\/pages\/603\/revisions"}],"predecessor-version":[{"id":23189,"href":"https:\/\/detgroennemuseum.dk\/de\/wp-json\/wp\/v2\/pages\/603\/revisions\/23189"}],"wp:attachment":[{"href":"https:\/\/detgroennemuseum.dk\/de\/wp-json\/wp\/v2\/media?parent=603"}],"curies":[{"name":"wp","href":"https:\/\/api.w.org\/{rel}","templated":true}]}}