{"id":5129,"date":"2018-05-28T11:51:23","date_gmt":"2018-05-28T09:51:23","guid":{"rendered":"https:\/\/detgroennemuseum.dk\/?page_id=5129"},"modified":"2025-10-02T10:47:14","modified_gmt":"2025-10-02T08:47:14","slug":"cookie-und-datenschutzrichtlinie","status":"publish","type":"page","link":"https:\/\/detgroennemuseum.dk\/de\/cookie-og-privatlivspolitik\/","title":{"rendered":"Cookie- und Datenschutzrichtlinie"},"content":{"rendered":"<div class=\"wpb-content-wrapper\"><div class=\"vc_row wpb_row vc_row-fluid\"><div class=\"wpb_column vc_column_container vc_col-sm-12\"><div class=\"vc_column-inner\"><div class=\"wpb_wrapper\">\n\t<div class=\"wpb_text_column wpb_content_element \" >\n\t\t<div class=\"wpb_wrapper\">\n\t\t\t<h1><span style=\"font-weight: 400;\">Privatlivspolitik<\/span><\/h1>\n<p>&nbsp;<\/p>\n<p><span style=\"font-weight: 400;\">I denne privatlivspolitik beskrives, hvordan Det Gr\u00f8nne Museum indsamler og bruger de personoplysninger, som du efterlader dig og\/eller afgiver, n\u00e5r du bes\u00f8ger vores hjemmeside og anvender de forskellige services og funktioner, som vi tilbyder p\u00e5 hjemmesiden.<\/span><\/p>\n<p>&nbsp;<\/p>\n<ol>\n<li style=\"font-weight: 400;\"><span style=\"font-weight: 400;\">Indsamling af personoplysninger<\/span><\/li>\n<li style=\"font-weight: 400;\"><span style=\"font-weight: 400;\">Brug af personoplysninger, form\u00e5l og behandlingsgrundlag<\/span><\/li>\n<li style=\"font-weight: 400;\"><span style=\"font-weight: 400;\">Samtykke<\/span><\/li>\n<li style=\"font-weight: 400;\"><span style=\"font-weight: 400;\">Sikkerhed<\/span><\/li>\n<li style=\"font-weight: 400;\"><span style=\"font-weight: 400;\">Dine rettigheder<\/span><\/li>\n<li style=\"font-weight: 400;\"><span style=\"font-weight: 400;\">Links til andre hjemmesider<\/span><\/li>\n<li style=\"font-weight: 400;\"><span style=\"font-weight: 400;\">\u00c6ndringer af privatlivspolitikken<\/span><\/li>\n<li style=\"font-weight: 400;\"><span style=\"font-weight: 400;\">Kontakt <\/span><\/li>\n<\/ol>\n<p>&nbsp;<\/p>\n<p><b>1. Indsamling af personoplysninger<\/b><\/p>\n<p><span style=\"font-weight: 400;\">Vi informerer dig altid, f\u00f8r vi indsamler dine personoplysninger. Vi indsamler fx f\u00f8lgende personoplysninger om dig: dit navn og e-mailadresse, n\u00e5r du tilmelder dig vores nyhedsbrev eller navn, adresse, e-mailadresse og telefonnummer, n\u00e5r du handler i webshoppen. S\u00e5 ved vi hvor vi skal sende varerne hen. <\/span><\/p>\n<p>&nbsp;<\/p>\n<p><span style=\"font-weight: 400;\">Bem\u00e6rk, at visse personoplysninger er n\u00f8dvendige at indsamle for at du kan anvende hjemmesidens funktioner. Det vil fremg\u00e5 af de relevante formularer, om afgivelse af personoplysningerne er obligatorisk eller valgfri. Hvis afgivelse af personoplysningerne er obligatorisk, vil det p\u00e5g\u00e6ldende felt v\u00e6re markeret med en stjerne (*). Hvis du v\u00e6lger ikke at afgive de p\u00e5g\u00e6ldende personoplysninger, kan du muligvis ikke benytte den \u00f8nskede funktion. For eksempel har vi brug for dine kontaktoplysninger for at kunne besvare en henvendelse fra dig.<\/span><\/p>\n<p>&nbsp;<\/p>\n<p><span style=\"font-weight: 400;\">Hvis du afgiver personoplysninger om andre end dig selv, opfordrer vi dig til f\u00f8rst at indhente samtykke fra disse personer til afgivelse af oplysningerne. <\/span><\/p>\n<p>&nbsp;<\/p>\n<p><b>2. Brug af personoplysninger, form\u00e5l og behandlingsgrundlag<\/b><\/p>\n<p><span style=\"font-weight: 400;\">Vi indsamler og bruger personoplysninger i forbindelse med de funktioner og form\u00e5l, der er beskrevet nedenfor. Vi kan ogs\u00e5 behandle dine personoplysninger til andre form\u00e5l, hvis vi er berettigede eller forpligtede til det efter lovgivningen (fx i relation til statens sikkerhed).<\/span><\/p>\n<p>&nbsp;<\/p>\n<p><span style=\"font-weight: 400;\">P\u00e5 www.detgroennemuseum.dk indsamler vi personoplysninger, n\u00e5r du<\/span><\/p>\n<p>&nbsp;<\/p>\n<p><span style=\"font-weight: 400;\">&#8211; tilmelder dig museets nyhedsbrev. Her beder vi om navn og e-mail. Det er for, at vi kan skrive til dig, og vi g\u00f8r det fordi du har valgt at tilmelde dig nyhedsbrevet. Hvis du skulle fortryde det, kan du altid framelde dig det igen via linket i bunden af mailen.<\/span><\/p>\n<p>&nbsp;<\/p>\n<p><span style=\"font-weight: 400;\">&#8211; n\u00e5r du handler i webshoppen. Her indsamler vi dine persondata, s\u00e5 vi ved, hvem vi skal sende varerne til. <\/span><\/p>\n<p>&nbsp;<\/p>\n<p><b>Cookies<\/b><\/p>\n<p><span style=\"font-weight: 400;\">Vi bruger cookies p\u00e5 vores hjemmeside. Du kan l\u00e6se mere om vores brug af cookies i vores Cookie-politik, som du kan finde her ved punkt 9. <\/span><\/p>\n<p>&nbsp;<\/p>\n<p><span style=\"font-weight: 400;\">Behandling af personoplysninger, som vi indsamler gennem cookies, er baseret p\u00e5 dit samtykke. Du kan l\u00e6se mere om vilk\u00e5rene for afgivelse af samtykke i afsnit 3 nedenfor.<\/span><\/p>\n<p>&nbsp;<\/p>\n<p><b>3. Samtykke<\/b><\/p>\n<p><span style=\"font-weight: 400;\">N\u00e5r du bruger vores hjemmeside, indsamler og behandler vi i nogle tilf\u00e6lde dine personoplysninger p\u00e5 baggrund af dit samtykke, jf. afsnit 2 ovenfor. <\/span><\/p>\n\n\t\t<\/div>\n\t<\/div>\n\n\t<div class=\"wpb_text_column wpb_content_element \" >\n\t\t<div class=\"wpb_wrapper\">\n\t\t\t<p><span style=\"font-weight: 400;\">Hvis du tr\u00e6kker dit samtykke tilbage, vil vi stoppe behandlingen af dine personoplysninger, medmindre vi er berettigede eller forpligtede til at forts\u00e6tte behandlingen eller opbevaringen af dine personoplysninger p\u00e5 andet grundlag, herunder i henhold til lovgivningen.<\/span><\/p>\n<p>&nbsp;<\/p>\n<p><span style=\"font-weight: 400;\">Tilbagekaldelse af dit samtykke ber\u00f8rer ikke lovligheden af den behandling, som er sket f\u00f8r tilbagekaldelse af samtykket.<\/span><\/p>\n<p>&nbsp;<\/p>\n<p><span style=\"font-weight: 400;\">Hvis du tr\u00e6kker dit samtykke tilbage, kan du muligvis ikke fuldt ud benytte de funktioner, som vi tilbyder p\u00e5 vores hjemmeside.<\/span><\/p>\n<p>&nbsp;<\/p>\n<p><b>4. Sikkerhed <\/b><\/p>\n<p><span style=\"font-weight: 400;\">Vi har implementeret passende tekniske og organisatoriske sikkerhedsforanstaltninger for at sikre et tilstr\u00e6kkeligt sikkerhedsniveau. Dermed g\u00f8r vi vores bedste for at sikre dine personoplysningers kvalitet og integritet.<\/span><\/p>\n<p>&nbsp;<\/p>\n<p><b>5. Dine rettigheder<\/b><\/p>\n<p><span style=\"font-weight: 400;\">Du har ret til at f\u00e5 indsigt i de personoplysninger, som vi behandler om dig, med visse undtagelser, der er fastsat i lovgivningen. <\/span><\/p>\n<p>&nbsp;<\/p>\n<p><span style=\"font-weight: 400;\">Derudover kan du g\u00f8re indsigelse mod indsamling og videre behandling af dine personoplysninger. Derudover har du ret til berigtigelse af dine personoplysninger eller bede os om at begr\u00e6nse behandlingen af dine personoplysninger. <\/span><\/p>\n<p>&nbsp;<\/p>\n<p><span style=\"font-weight: 400;\">Hvis du beder om det, vil vi slette de personoplysninger, som vi har registreret om dig uden un\u00f8digt ophold, medmindre vi kan forts\u00e6tte behandlingen p\u00e5 et andet grundlag, fx hvis behandlingen er n\u00f8dvendig for at kunne fastl\u00e6gge et retskrav, eller hvis det er n\u00f8dvendigt for at besvare en henvendelse fra dig.<\/span><\/p>\n<p>&nbsp;<\/p>\n<p><span style=\"font-weight: 400;\">Under visse omst\u00e6ndigheder har du ret til at modtage de oplysninger, som vi har registreret om dig, i et struktureret, almindeligt anvendt og maskinl\u00e6sbart format samt anmode os om at transmittere disse oplysninger til en anden dataansvarlig.<\/span><\/p>\n<p>&nbsp;<\/p>\n<p><span style=\"font-weight: 400;\">Hvis du \u00f8nsker at g\u00f8re brug af dine rettigheder som beskrevet ovenfor, er du velkommen til at kontakte os (se kontaktoplysninger i afsnit 8 nedenfor).<\/span><\/p>\n<p>&nbsp;<\/p>\n<p><span style=\"font-weight: 400;\">I forbindelse med henvendelser vedr\u00f8rende dine rettigheder, beder vi dig give os tilstr\u00e6kkelige oplysninger til, at vi kan behandle din henvendelse, herunder dit fulde navn og din e-mailadresse, s\u00e5 vi kan identificere dig og svare p\u00e5 din anmodning. Vi vil svare p\u00e5 din henvendelse hurtigst muligt og senest inden for en m\u00e5ned. <\/span><\/p>\n<p>&nbsp;<\/p>\n<p><span style=\"font-weight: 400;\">Hvis du er uenig i den m\u00e5de, som vi behandler dine personoplysninger p\u00e5, eller de form\u00e5l, som vi behandler oplysningerne til, er du velkommen til at kontakte os. Du kan ogs\u00e5 indgive en klage til: <\/span><\/p>\n<p>&nbsp;<\/p>\n<p><span style=\"font-weight: 400;\">Datatilsynet<\/span><\/p>\n<p><span style=\"font-weight: 400;\">Borgergade 28, 5. Sal<\/span><\/p>\n<p><span style=\"font-weight: 400;\">1300 K\u00f8benhavn K<\/span><\/p>\n<p><span style=\"font-weight: 400;\">Telefon 33 19 32 00<\/span><\/p>\n<p><span style=\"font-weight: 400;\">e-mail dt@datatilsynet.dk<\/span><\/p>\n<p>&nbsp;<\/p>\n<p><b>6. Links til andre hjemmesider mv.<\/b><\/p>\n<p><span style=\"font-weight: 400;\">Vores hjemmeside kan indeholde links til andre hjemmesider. Vi er ikke ansvarlige for indholdet af andre hjemmesider (tredjeparts hjemmesider) eller for de procedurer s\u00e5danne tredjeparter har for indsamling og behandling af personoplysninger. N\u00e5r du bes\u00f8ger en tredjeparts hjemmeside, b\u00f8r du l\u00e6se hjemmesideejerens privatlivspolitik og andre relevante politikker.<\/span><\/p>\n<p>&nbsp;<\/p>\n<p><b>7.\u00a0<\/b><b>\u00c6ndringer af privatlivspolitikken<\/b><\/p>\n<p><span style=\"font-weight: 400;\">Vi forbeholder os retten til at \u00e6ndre denne privatlivspolitik grundet v\u00e6sentlige \u00e6ndringer i lovgivningen, nye tekniske l\u00f8sninger, nye eller forbedrede funktioner eller for at forbedre hjemmesiden.<\/span><\/p>\n<p>&nbsp;<\/p>\n<p><b>8. Kontakt<\/b><\/p>\n<p><span style=\"font-weight: 400;\">Hvis du \u00f8nsker, at vi opdaterer, berigtiger eller sletter de personoplysninger, som vi har registreret om dig, eller hvis du har nogen sp\u00f8rgsm\u00e5l til denne privatlivspolitik, kan du kontakte os som angivet nedenfor:<\/span><\/p>\n<p><span style=\"font-weight: 400;\">Det Gr\u00f8nne Museum<\/span><\/p>\n<p><span style=\"font-weight: 400;\">CVR-nr. 82 26 91 18<\/span><\/p>\n<p><span style=\"font-weight: 400;\">Randersvej 4<\/span><\/p>\n<p><span style=\"font-weight: 400;\">8963 Auning<\/span><\/p>\n<p><span style=\"font-weight: 400;\">Tlf: 86 48 34 44<\/span><\/p>\n<p><span style=\"font-weight: 400;\">info@dgmuseum.dk<\/span><\/p>\n<p><span style=\"font-weight: 400;\">(Version 1. Opdateret den 25. maj 2018)<\/span><\/p>\n<p>&nbsp;<\/p>\n<p>&nbsp;<\/p>\n\n\t\t<\/div>\n\t<\/div>\n\n\t<div class=\"wpb_raw_code wpb_raw_js\" >\n\t\t<div class=\"wpb_wrapper\">\n\t\t\t<div name=\"termly-embed\" data-id=\"c2bc89c2-a7fb-4881-baba-5b507f0f45b4\"><\/div>\r\n<script type=\"text\/javascript\">(function(d, s, id) {\r\n  var js, tjs = d.getElementsByTagName(s)[0];\r\n  if (d.getElementById(id)) return;\r\n  js = d.createElement(s); js.id = id;\r\n  js.src = \"https:\/\/app.termly.io\/embed-policy.min.js\";\r\n  tjs.parentNode.insertBefore(js, tjs);\r\n}(document, 'script', 'termly-jssdk'));<\/script>\n\t\t<\/div>\n\t<\/div>\n<\/div><\/div><\/div><\/div>\n<\/div>","protected":false},"excerpt":{"rendered":"<p>Datenschutzrichtlinie Diese Datenschutzrichtlinie beschreibt, wie das Green Museum die pers\u00f6nlichen Daten sammelt und verwendet, die Sie hinterlassen und\/oder bereitstellen, wenn Sie unsere Website besuchen und die verschiedenen\u2026 verwenden.<\/p>","protected":false},"author":1,"featured_media":0,"parent":0,"menu_order":0,"comment_status":"closed","ping_status":"closed","template":"","meta":{"_price":"","_stock":"","_tribe_ticket_header":"","_tribe_default_ticket_provider":"","_tribe_ticket_capacity":"0","_ticket_start_date":"","_ticket_end_date":"","_tribe_ticket_show_description":"","_tribe_ticket_show_not_going":false,"_tribe_ticket_use_global_stock":"","_tribe_ticket_global_stock_level":"","_global_stock_mode":"","_global_stock_cap":"","_tribe_rsvp_for_event":"","_tribe_ticket_going_count":"","_tribe_ticket_not_going_count":"","_tribe_tickets_list":"[]","_tribe_ticket_has_attendee_info_fields":false,"footnotes":""},"class_list":["post-5129","page","type-page","status-publish","hentry","description-off"],"yoast_head":"<!-- This site is optimized with the Yoast SEO plugin v27.4 - https:\/\/yoast.com\/product\/yoast-seo-wordpress\/ -->\n<title>Cookie- og privatlivspolitik - Det Gr\u00f8nne Museum<\/title>\n<meta name=\"robots\" content=\"index, follow, max-snippet:-1, max-image-preview:large, max-video-preview:-1\" \/>\n<link rel=\"canonical\" href=\"https:\/\/detgroennemuseum.dk\/de\/cookie-und-datenschutzrichtlinie\/\" \/>\n<meta property=\"og:locale\" content=\"de_DE\" \/>\n<meta property=\"og:type\" content=\"article\" \/>\n<meta property=\"og:title\" content=\"Cookie- og privatlivspolitik - Det Gr\u00f8nne Museum\" \/>\n<meta property=\"og:url\" content=\"https:\/\/detgroennemuseum.dk\/de\/cookie-und-datenschutzrichtlinie\/\" \/>\n<meta property=\"og:site_name\" content=\"Det Gr\u00f8nne Museum\" \/>\n<meta property=\"article:modified_time\" content=\"2025-10-02T08:47:14+00:00\" \/>\n<meta name=\"twitter:card\" content=\"summary_large_image\" \/>\n<meta name=\"twitter:label1\" content=\"Gesch\u00e4tzte Lesezeit\" \/>\n\t<meta name=\"twitter:data1\" content=\"8\u00a0Minuten\" \/>\n<script type=\"application\/ld+json\" class=\"yoast-schema-graph\">{\"@context\":\"https:\\\/\\\/schema.org\",\"@graph\":[{\"@type\":\"WebPage\",\"@id\":\"https:\\\/\\\/detgroennemuseum.dk\\\/cookie-og-privatlivspolitik\\\/\",\"url\":\"https:\\\/\\\/detgroennemuseum.dk\\\/cookie-og-privatlivspolitik\\\/\",\"name\":\"Cookie- og privatlivspolitik - Det Gr\u00f8nne Museum\",\"isPartOf\":{\"@id\":\"https:\\\/\\\/detgroennemuseum.dk\\\/#website\"},\"datePublished\":\"2018-05-28T09:51:23+00:00\",\"dateModified\":\"2025-10-02T08:47:14+00:00\",\"breadcrumb\":{\"@id\":\"https:\\\/\\\/detgroennemuseum.dk\\\/cookie-og-privatlivspolitik\\\/#breadcrumb\"},\"inLanguage\":\"de\",\"potentialAction\":[{\"@type\":\"ReadAction\",\"target\":[\"https:\\\/\\\/detgroennemuseum.dk\\\/cookie-og-privatlivspolitik\\\/\"]}]},{\"@type\":\"BreadcrumbList\",\"@id\":\"https:\\\/\\\/detgroennemuseum.dk\\\/cookie-og-privatlivspolitik\\\/#breadcrumb\",\"itemListElement\":[{\"@type\":\"ListItem\",\"position\":1,\"name\":\"Hjem\",\"item\":\"https:\\\/\\\/detgroennemuseum.dk\\\/\"},{\"@type\":\"ListItem\",\"position\":2,\"name\":\"Cookie- og privatlivspolitik\"}]},{\"@type\":\"WebSite\",\"@id\":\"https:\\\/\\\/detgroennemuseum.dk\\\/#website\",\"url\":\"https:\\\/\\\/detgroennemuseum.dk\\\/\",\"name\":\"Det Gr\u00f8nne Museum\",\"description\":\"Danmarks nationale museum for jagten, skoven, landbruget og maden\",\"potentialAction\":[{\"@type\":\"SearchAction\",\"target\":{\"@type\":\"EntryPoint\",\"urlTemplate\":\"https:\\\/\\\/detgroennemuseum.dk\\\/?s={search_term_string}\"},\"query-input\":{\"@type\":\"PropertyValueSpecification\",\"valueRequired\":true,\"valueName\":\"search_term_string\"}}],\"inLanguage\":\"de\"}]}<\/script>\n<!-- \/ Yoast SEO plugin. -->","yoast_head_json":{"title":"Cookie- und Datenschutzrichtlinie - Das Gr\u00fcne Museum","robots":{"index":"index","follow":"follow","max-snippet":"max-snippet:-1","max-image-preview":"max-image-preview:large","max-video-preview":"max-video-preview:-1"},"canonical":"https:\/\/detgroennemuseum.dk\/de\/cookie-und-datenschutzrichtlinie\/","og_locale":"de_DE","og_type":"article","og_title":"Cookie- og privatlivspolitik - Det Gr\u00f8nne Museum","og_url":"https:\/\/detgroennemuseum.dk\/de\/cookie-und-datenschutzrichtlinie\/","og_site_name":"Det Gr\u00f8nne Museum","article_modified_time":"2025-10-02T08:47:14+00:00","twitter_card":"summary_large_image","twitter_misc":{"Gesch\u00e4tzte Lesezeit":"8\u00a0Minuten"},"schema":{"@context":"https:\/\/schema.org","@graph":[{"@type":"WebPage","@id":"https:\/\/detgroennemuseum.dk\/cookie-og-privatlivspolitik\/","url":"https:\/\/detgroennemuseum.dk\/cookie-og-privatlivspolitik\/","name":"Cookie- und Datenschutzrichtlinie - Das Gr\u00fcne Museum","isPartOf":{"@id":"https:\/\/detgroennemuseum.dk\/#website"},"datePublished":"2018-05-28T09:51:23+00:00","dateModified":"2025-10-02T08:47:14+00:00","breadcrumb":{"@id":"https:\/\/detgroennemuseum.dk\/cookie-og-privatlivspolitik\/#breadcrumb"},"inLanguage":"de","potentialAction":[{"@type":"ReadAction","target":["https:\/\/detgroennemuseum.dk\/cookie-og-privatlivspolitik\/"]}]},{"@type":"BreadcrumbList","@id":"https:\/\/detgroennemuseum.dk\/cookie-og-privatlivspolitik\/#breadcrumb","itemListElement":[{"@type":"ListItem","position":1,"name":"Hjem","item":"https:\/\/detgroennemuseum.dk\/"},{"@type":"ListItem","position":2,"name":"Cookie- og privatlivspolitik"}]},{"@type":"WebSite","@id":"https:\/\/detgroennemuseum.dk\/#website","url":"https:\/\/detgroennemuseum.dk\/","name":"Das Gr\u00fcne Museum","description":"D\u00e4nisches Nationalmuseum f\u00fcr Jagd, Forstwirtschaft, Landwirtschaft und Ern\u00e4hrung","potentialAction":[{"@type":"SearchAction","target":{"@type":"EntryPoint","urlTemplate":"https:\/\/detgroennemuseum.dk\/?s={search_term_string}"},"query-input":{"@type":"PropertyValueSpecification","valueRequired":true,"valueName":"search_term_string"}}],"inLanguage":"de"}]}},"_links":{"self":[{"href":"https:\/\/detgroennemuseum.dk\/de\/wp-json\/wp\/v2\/pages\/5129","targetHints":{"allow":["GET"]}}],"collection":[{"href":"https:\/\/detgroennemuseum.dk\/de\/wp-json\/wp\/v2\/pages"}],"about":[{"href":"https:\/\/detgroennemuseum.dk\/de\/wp-json\/wp\/v2\/types\/page"}],"author":[{"embeddable":true,"href":"https:\/\/detgroennemuseum.dk\/de\/wp-json\/wp\/v2\/users\/1"}],"replies":[{"embeddable":true,"href":"https:\/\/detgroennemuseum.dk\/de\/wp-json\/wp\/v2\/comments?post=5129"}],"version-history":[{"count":18,"href":"https:\/\/detgroennemuseum.dk\/de\/wp-json\/wp\/v2\/pages\/5129\/revisions"}],"predecessor-version":[{"id":26320,"href":"https:\/\/detgroennemuseum.dk\/de\/wp-json\/wp\/v2\/pages\/5129\/revisions\/26320"}],"wp:attachment":[{"href":"https:\/\/detgroennemuseum.dk\/de\/wp-json\/wp\/v2\/media?parent=5129"}],"curies":[{"name":"wp","href":"https:\/\/api.w.org\/{rel}","templated":true}]}}