{"id":3641,"date":"2018-01-24T14:45:15","date_gmt":"2018-01-24T13:45:15","guid":{"rendered":"http:\/\/detgroennemuseum.dk\/?page_id=3641"},"modified":"2025-12-12T12:19:33","modified_gmt":"2025-12-12T11:19:33","slug":"uber-das-museum","status":"publish","type":"page","link":"https:\/\/detgroennemuseum.dk\/de\/om-museet\/","title":{"rendered":"\u00dcber das Museum"},"content":{"rendered":"<div class=\"wpb-content-wrapper\"><div class=\"vc_row wpb_row vc_row-fluid vc_custom_1516183052704 vc_row-o-equal-height vc_row-o-content-top vc_row-flex\"><div class=\"wpb_column vc_column_container vc_col-sm-4\"><div class=\"vc_column-inner vc_custom_1516802348334\"><div class=\"wpb_wrapper\">\n\t<div  class=\"wpb_single_image wpb_content_element vc_align_center  vc_custom_1516882939839  square3\">\n\t\t\n\t\t<figure class=\"wpb_wrapper vc_figure\">\n\t\t\t<div class=\"vc_single_image-wrapper   vc_box_border_grey\"><img decoding=\"async\" width=\"522\" height=\"522\" data-src=\"https:\/\/detgroennemuseum.dk\/wp-content\/uploads\/2018\/01\/det-skeer.jpg\" class=\"vc_single_image-img attachment-full lazyload\" alt=\"\" title=\"Es passiert\" data-srcset=\"https:\/\/detgroennemuseum.dk\/wp-content\/uploads\/2018\/01\/det-skeer.jpg 522w, https:\/\/detgroennemuseum.dk\/wp-content\/smush-webp\/2018\/01\/det-skeer-200x200.jpg.webp 200w, https:\/\/detgroennemuseum.dk\/wp-content\/uploads\/2018\/01\/det-skeer-150x150.jpg 150w, https:\/\/detgroennemuseum.dk\/wp-content\/smush-webp\/2018\/01\/det-skeer-300x300.jpg.webp 300w, https:\/\/detgroennemuseum.dk\/wp-content\/smush-webp\/2018\/01\/det-skeer-32x32.jpg.webp 32w, https:\/\/detgroennemuseum.dk\/wp-content\/smush-webp\/2018\/01\/det-skeer-100x100.jpg.webp 100w\" data-sizes=\"(max-width: 522px) 100vw, 522px\"  data-dt-location=\"https:\/\/detgroennemuseum.dk\/de\/om-museet\/det-skeer\/\" src=\"data:image\/svg+xml;base64,PHN2ZyB3aWR0aD0iMSIgaGVpZ2h0PSIxIiB4bWxucz0iaHR0cDovL3d3dy53My5vcmcvMjAwMC9zdmciPjwvc3ZnPg==\" style=\"--smush-placeholder-width: 522px; --smush-placeholder-aspect-ratio: 522\/522;\" \/><\/div>\n\t\t<\/figure>\n\t<\/div>\n\n\t<div class=\"wpb_text_column wpb_content_element  frontCaption iconHover\" >\n\t\t<div class=\"wpb_wrapper\">\n\t\t\t<h5>PLANEN SIE EINEN BESUCH<\/h5>\n<p><a href=\"https:\/\/detgroennemuseum.dk\/de\/ticketpreise\/\"><span class=\"s1\">im Gr\u00fcnen Museum<\/span><\/a><\/p>\n\n\t\t<\/div>\n\t<\/div>\n<\/div><\/div><\/div><div class=\"wpb_column vc_column_container vc_col-sm-4\"><div class=\"vc_column-inner vc_custom_1516539827185\"><div class=\"wpb_wrapper\">\n\t<div  class=\"wpb_single_image wpb_content_element vc_align_center  vc_custom_1516886700559  square3\">\n\t\t\n\t\t<figure class=\"wpb_wrapper vc_figure\">\n\t\t\t<div class=\"vc_single_image-wrapper   vc_box_border_grey\"><img decoding=\"async\" width=\"522\" height=\"522\" data-src=\"https:\/\/detgroennemuseum.dk\/wp-content\/uploads\/2018\/01\/tegn-pacc8a-foracc8ar.jpg\" class=\"vc_single_image-img attachment-full lazyload\" alt=\"\" title=\"Zeichen des Fr\u00fchlings\" data-srcset=\"https:\/\/detgroennemuseum.dk\/wp-content\/uploads\/2018\/01\/tegn-pacc8a-foracc8ar.jpg 522w, https:\/\/detgroennemuseum.dk\/wp-content\/smush-webp\/2018\/01\/tegn-pacc8a-foracc8ar-200x200.jpg.webp 200w, https:\/\/detgroennemuseum.dk\/wp-content\/uploads\/2018\/01\/tegn-pacc8a-foracc8ar-150x150.jpg 150w, https:\/\/detgroennemuseum.dk\/wp-content\/smush-webp\/2018\/01\/tegn-pacc8a-foracc8ar-300x300.jpg.webp 300w, https:\/\/detgroennemuseum.dk\/wp-content\/smush-webp\/2018\/01\/tegn-pacc8a-foracc8ar-32x32.jpg.webp 32w, https:\/\/detgroennemuseum.dk\/wp-content\/smush-webp\/2018\/01\/tegn-pacc8a-foracc8ar-100x100.jpg.webp 100w\" data-sizes=\"(max-width: 522px) 100vw, 522px\"  data-dt-location=\"https:\/\/detgroennemuseum.dk\/de\/om-museet\/tegn-pa-forar-2\/\" src=\"data:image\/svg+xml;base64,PHN2ZyB3aWR0aD0iMSIgaGVpZ2h0PSIxIiB4bWxucz0iaHR0cDovL3d3dy53My5vcmcvMjAwMC9zdmciPjwvc3ZnPg==\" style=\"--smush-placeholder-width: 522px; --smush-placeholder-aspect-ratio: 522\/522;\" \/><\/div>\n\t\t<\/figure>\n\t<\/div>\n\n\t<div class=\"wpb_text_column wpb_content_element  frontCaption iconHover\" >\n\t\t<div class=\"wpb_wrapper\">\n\t\t\t<h5>ES PASSIERT<\/h5>\n<p><a href=\"https:\/\/detgroennemuseum.dk\/de\/es-passiert\/\"><span class=\"s1\">im Gr\u00fcnen Museum<\/span><\/a><\/p>\n\n\t\t<\/div>\n\t<\/div>\n<\/div><\/div><\/div><div class=\"wpb_column vc_column_container vc_col-sm-4\"><div class=\"vc_column-inner vc_custom_1516182372819\"><div class=\"wpb_wrapper\">\n\t<div  class=\"wpb_single_image wpb_content_element vc_align_center  vc_custom_1516877619561  square3\">\n\t\t\n\t\t<figure class=\"wpb_wrapper vc_figure\">\n\t\t\t<div class=\"vc_single_image-wrapper   vc_box_border_grey\"><img decoding=\"async\" width=\"522\" height=\"522\" data-src=\"https:\/\/detgroennemuseum.dk\/wp-content\/uploads\/2018\/01\/udstilling-madens-hus.jpg\" class=\"vc_single_image-img attachment-full lazyload\" alt=\"\" title=\"Ausstellungshaus des Essens\" data-srcset=\"https:\/\/detgroennemuseum.dk\/wp-content\/uploads\/2018\/01\/udstilling-madens-hus.jpg 522w, https:\/\/detgroennemuseum.dk\/wp-content\/smush-webp\/2018\/01\/udstilling-madens-hus-200x200.jpg.webp 200w, https:\/\/detgroennemuseum.dk\/wp-content\/smush-webp\/2018\/01\/udstilling-madens-hus-150x150.jpg.webp 150w, https:\/\/detgroennemuseum.dk\/wp-content\/smush-webp\/2018\/01\/udstilling-madens-hus-300x300.jpg.webp 300w, https:\/\/detgroennemuseum.dk\/wp-content\/smush-webp\/2018\/01\/udstilling-madens-hus-32x32.jpg.webp 32w, https:\/\/detgroennemuseum.dk\/wp-content\/smush-webp\/2018\/01\/udstilling-madens-hus-100x100.jpg.webp 100w\" data-sizes=\"(max-width: 522px) 100vw, 522px\"  data-dt-location=\"https:\/\/detgroennemuseum.dk\/de\/om-museet\/udstilling-madens-hus\/\" src=\"data:image\/svg+xml;base64,PHN2ZyB3aWR0aD0iMSIgaGVpZ2h0PSIxIiB4bWxucz0iaHR0cDovL3d3dy53My5vcmcvMjAwMC9zdmciPjwvc3ZnPg==\" style=\"--smush-placeholder-width: 522px; --smush-placeholder-aspect-ratio: 522\/522;\" \/><\/div>\n\t\t<\/figure>\n\t<\/div>\n\n\t<div class=\"wpb_text_column wpb_content_element  frontCaption iconHover\" >\n\t\t<div class=\"wpb_wrapper\">\n\t\t\t<h5>IM HAUS DES ESSENS<\/h5>\n<p><span class=\"s1\"><a href=\"https:\/\/detgroennemuseum.dk\/de\/haus-des-essens\/\">Gibt es das ganze Jahr \u00fcber kulinarische Aktivit\u00e4ten?<\/a><\/span><\/p>\n\n\t\t<\/div>\n\t<\/div>\n<\/div><\/div><\/div><\/div><!-- Row Backgrounds --><div class=\"upb_color\" data-bg-override=\"full\" data-bg-color=\"\" data-fadeout=\"\" data-fadeout-percentage=\"30\" data-parallax-content=\"\" data-parallax-content-sense=\"30\" data-row-effect-mobile-disable=\"true\" data-img-parallax-mobile-disable=\"true\" data-rtl=\"false\"  data-custom-vc-row=\"\"  data-vc=\"8.7.2\"  data-is_old_vc=\"\"  data-theme-support=\"\"   data-overlay=\"false\" data-overlay-color=\"\" data-overlay-pattern=\"\" data-overlay-pattern-opacity=\"\" data-overlay-pattern-size=\"\"    ><\/div><div class=\"vc_row wpb_row vc_row-fluid\"><div class=\"wpb_column vc_column_container vc_col-sm-12\"><div class=\"vc_column-inner vc_custom_1510649124151\"><div class=\"wpb_wrapper\"><h1 style=\"text-align: left\" class=\"vc_custom_heading vc_do_custom_heading\" >\u00dcber das Museum<\/h1><\/div><\/div><\/div><\/div><div class=\"vc_row wpb_row vc_row-fluid\"><div class=\"wpb_column vc_column_container vc_col-sm-12\"><div class=\"vc_column-inner vc_custom_1510649124151\"><div class=\"wpb_wrapper\"><h5 style=\"text-align: left\" class=\"vc_custom_heading vc_do_custom_heading\" >Im Gr\u00fcnen Museum k\u00f6nnen Sie Jagd, Wald, Landwirtschaft und Ern\u00e4hrung erstmals gemeinsam in einem Museum erleben.<\/h5><\/div><\/div><\/div><\/div><div class=\"vc_row wpb_row vc_row-fluid\"><div class=\"wpb_column vc_column_container vc_col-sm-12\"><div class=\"vc_column-inner\"><div class=\"wpb_wrapper\">\n\t<div class=\"wpb_text_column wpb_content_element\" >\n\t\t<div class=\"wpb_wrapper\">\n\t\t\t<p class=\"p1\"><strong><span class=\"s1\">Das sch\u00f6ne und lebendige Museum befindet sich in fantastischer Umgebung in Auning auf Djursland.<\/span><\/strong><\/p>\n<p class=\"p1\"><span class=\"s1\">Schon bei Ihrer Ankunft im Museum sp\u00fcren Sie die Geschichte des Landes, in dem wir leben und von dem wir leben \u2013 und erleben Vieh, Felder, Gem\u00fcseg\u00e4rten, Traditionen, Menschen, Maschinen und gute Geschichten im Wechsel der Jahreszeiten.<\/span><\/p>\n<p class=\"p1\"><span class=\"s1\">Machen Sie mit Freunden und Familie einen Ausflug in die Natur und genie\u00dfen Sie einen erlebnisreichen Tag drinnen und drau\u00dfen mit viel Sehen, Tasten und Riechen.<\/span><\/p>\n<p class=\"p1\"><span class=\"s1\">IN <\/span><span class=\"s2\">HAUS DES ESSENS<\/span><span class=\"s1\"> Das ganze Jahr \u00fcber finden kulinarische Aktivit\u00e4ten statt. Die Naturwerkstatt und die Historische K\u00fcche hei\u00dfen unter der Woche Schulklassen und an ausgew\u00e4hlten Wochenenden und in den Ferien die breite \u00d6ffentlichkeit willkommen. Das ganze Jahr \u00fcber k\u00f6nnen Sie an den Aktionstagen des Gr\u00fcnen Museums teilnehmen oder die Arbeit der vielen Freiwilligengilden drinnen und drau\u00dfen verfolgen. <a href=\"https:\/\/detgroennemuseum.dk\/de\/es-passiert\/\">Sehen Sie hier, wann sie arbeiten<\/a><\/span><\/p>\n<h2><\/h2>\n<p class=\"p1\"><span class=\"s1\">\u00a0<\/span><\/p>\n\n\t\t<\/div>\n\t<\/div>\n<\/div><\/div><\/div><\/div>\n<\/div>","protected":false},"excerpt":{"rendered":"<p>PLANEN SIE EINEN BESUCH im Gr\u00fcnen Museum WAS PASSIERT im Gr\u00fcnen Museum? IM HAUS DES ESSENS gibt es das ganze Jahr \u00fcber kulinarische Aktivit\u00e4ten. \u00dcber das Museum Im Gr\u00fcnen Museum k\u00f6nnen Sie Jagd, Wald, \u2026 erleben.<\/p>","protected":false},"author":3,"featured_media":0,"parent":0,"menu_order":0,"comment_status":"closed","ping_status":"closed","template":"","meta":{"_price":"","_stock":"","_tribe_ticket_header":"","_tribe_default_ticket_provider":"","_tribe_ticket_capacity":"0","_ticket_start_date":"","_ticket_end_date":"","_tribe_ticket_show_description":"","_tribe_ticket_show_not_going":false,"_tribe_ticket_use_global_stock":"","_tribe_ticket_global_stock_level":"","_global_stock_mode":"","_global_stock_cap":"","_tribe_rsvp_for_event":"","_tribe_ticket_going_count":"","_tribe_ticket_not_going_count":"","_tribe_tickets_list":"[]","_tribe_ticket_has_attendee_info_fields":false,"footnotes":""},"class_list":["post-3641","page","type-page","status-publish","hentry","description-off"],"yoast_head":"<!-- This site is optimized with the Yoast SEO plugin v27.5 - https:\/\/yoast.com\/product\/yoast-seo-wordpress\/ -->\n<title>Om museet | L\u00e6s mere om Det Gr\u00f8nne Museum<\/title>\n<meta name=\"description\" content=\"Opdag Det Gr\u00f8nne Museum og dyk ned i Danmarks natur- og jagthistorie. L\u00e6r mere om vores unikke udstillinger og aktiviteter!\" \/>\n<meta name=\"robots\" content=\"index, follow, max-snippet:-1, max-image-preview:large, max-video-preview:-1\" \/>\n<link rel=\"canonical\" href=\"https:\/\/detgroennemuseum.dk\/de\/uber-das-museum\/\" \/>\n<meta property=\"og:locale\" content=\"de_DE\" \/>\n<meta property=\"og:type\" content=\"article\" \/>\n<meta property=\"og:title\" content=\"Om museet | L\u00e6s mere om Det Gr\u00f8nne Museum\" \/>\n<meta property=\"og:description\" content=\"Opdag Det Gr\u00f8nne Museum og dyk ned i Danmarks natur- og jagthistorie. L\u00e6r mere om vores unikke udstillinger og aktiviteter!\" \/>\n<meta property=\"og:url\" content=\"https:\/\/detgroennemuseum.dk\/de\/uber-das-museum\/\" \/>\n<meta property=\"og:site_name\" content=\"Det Gr\u00f8nne Museum\" \/>\n<meta property=\"article:modified_time\" content=\"2025-12-12T11:19:33+00:00\" \/>\n<meta name=\"twitter:card\" content=\"summary_large_image\" \/>\n<meta name=\"twitter:label1\" content=\"Gesch\u00e4tzte Lesezeit\" \/>\n\t<meta name=\"twitter:data1\" content=\"3\u00a0Minuten\" \/>\n<script type=\"application\/ld+json\" class=\"yoast-schema-graph\">{\"@context\":\"https:\\\/\\\/schema.org\",\"@graph\":[{\"@type\":\"WebPage\",\"@id\":\"https:\\\/\\\/detgroennemuseum.dk\\\/om-museet\\\/\",\"url\":\"https:\\\/\\\/detgroennemuseum.dk\\\/om-museet\\\/\",\"name\":\"Om museet | L\u00e6s mere om Det Gr\u00f8nne Museum\",\"isPartOf\":{\"@id\":\"https:\\\/\\\/detgroennemuseum.dk\\\/#website\"},\"datePublished\":\"2018-01-24T13:45:15+00:00\",\"dateModified\":\"2025-12-12T11:19:33+00:00\",\"description\":\"Opdag Det Gr\u00f8nne Museum og dyk ned i Danmarks natur- og jagthistorie. L\u00e6r mere om vores unikke udstillinger og aktiviteter!\",\"breadcrumb\":{\"@id\":\"https:\\\/\\\/detgroennemuseum.dk\\\/om-museet\\\/#breadcrumb\"},\"inLanguage\":\"de\",\"potentialAction\":[{\"@type\":\"ReadAction\",\"target\":[\"https:\\\/\\\/detgroennemuseum.dk\\\/om-museet\\\/\"]}]},{\"@type\":\"BreadcrumbList\",\"@id\":\"https:\\\/\\\/detgroennemuseum.dk\\\/om-museet\\\/#breadcrumb\",\"itemListElement\":[{\"@type\":\"ListItem\",\"position\":1,\"name\":\"Hjem\",\"item\":\"https:\\\/\\\/detgroennemuseum.dk\\\/\"},{\"@type\":\"ListItem\",\"position\":2,\"name\":\"Om Museet\"}]},{\"@type\":\"WebSite\",\"@id\":\"https:\\\/\\\/detgroennemuseum.dk\\\/#website\",\"url\":\"https:\\\/\\\/detgroennemuseum.dk\\\/\",\"name\":\"Det Gr\u00f8nne Museum\",\"description\":\"Danmarks nationale museum for jagten, skoven, landbruget og maden\",\"potentialAction\":[{\"@type\":\"SearchAction\",\"target\":{\"@type\":\"EntryPoint\",\"urlTemplate\":\"https:\\\/\\\/detgroennemuseum.dk\\\/?s={search_term_string}\"},\"query-input\":{\"@type\":\"PropertyValueSpecification\",\"valueRequired\":true,\"valueName\":\"search_term_string\"}}],\"inLanguage\":\"de\"}]}<\/script>\n<!-- \/ Yoast SEO plugin. -->","yoast_head_json":{"title":"\u00dcber das Museum | Lesen Sie mehr \u00fcber das Gr\u00fcne Museum","description":"Entdecken Sie das Gr\u00fcne Museum und tauchen Sie ein in D\u00e4nemarks Natur- und Jagdgeschichte. Erfahren Sie mehr \u00fcber unsere einzigartigen Ausstellungen und Aktivit\u00e4ten!","robots":{"index":"index","follow":"follow","max-snippet":"max-snippet:-1","max-image-preview":"max-image-preview:large","max-video-preview":"max-video-preview:-1"},"canonical":"https:\/\/detgroennemuseum.dk\/de\/uber-das-museum\/","og_locale":"de_DE","og_type":"article","og_title":"Om museet | L\u00e6s mere om Det Gr\u00f8nne Museum","og_description":"Opdag Det Gr\u00f8nne Museum og dyk ned i Danmarks natur- og jagthistorie. L\u00e6r mere om vores unikke udstillinger og aktiviteter!","og_url":"https:\/\/detgroennemuseum.dk\/de\/uber-das-museum\/","og_site_name":"Det Gr\u00f8nne Museum","article_modified_time":"2025-12-12T11:19:33+00:00","twitter_card":"summary_large_image","twitter_misc":{"Gesch\u00e4tzte Lesezeit":"3\u00a0Minuten"},"schema":{"@context":"https:\/\/schema.org","@graph":[{"@type":"WebPage","@id":"https:\/\/detgroennemuseum.dk\/om-museet\/","url":"https:\/\/detgroennemuseum.dk\/om-museet\/","name":"\u00dcber das Museum | Lesen Sie mehr \u00fcber das Gr\u00fcne Museum","isPartOf":{"@id":"https:\/\/detgroennemuseum.dk\/#website"},"datePublished":"2018-01-24T13:45:15+00:00","dateModified":"2025-12-12T11:19:33+00:00","description":"Entdecken Sie das Gr\u00fcne Museum und tauchen Sie ein in D\u00e4nemarks Natur- und Jagdgeschichte. Erfahren Sie mehr \u00fcber unsere einzigartigen Ausstellungen und Aktivit\u00e4ten!","breadcrumb":{"@id":"https:\/\/detgroennemuseum.dk\/om-museet\/#breadcrumb"},"inLanguage":"de","potentialAction":[{"@type":"ReadAction","target":["https:\/\/detgroennemuseum.dk\/om-museet\/"]}]},{"@type":"BreadcrumbList","@id":"https:\/\/detgroennemuseum.dk\/om-museet\/#breadcrumb","itemListElement":[{"@type":"ListItem","position":1,"name":"Hjem","item":"https:\/\/detgroennemuseum.dk\/"},{"@type":"ListItem","position":2,"name":"Om Museet"}]},{"@type":"WebSite","@id":"https:\/\/detgroennemuseum.dk\/#website","url":"https:\/\/detgroennemuseum.dk\/","name":"Das Gr\u00fcne Museum","description":"D\u00e4nisches Nationalmuseum f\u00fcr Jagd, Forstwirtschaft, Landwirtschaft und Ern\u00e4hrung","potentialAction":[{"@type":"SearchAction","target":{"@type":"EntryPoint","urlTemplate":"https:\/\/detgroennemuseum.dk\/?s={search_term_string}"},"query-input":{"@type":"PropertyValueSpecification","valueRequired":true,"valueName":"search_term_string"}}],"inLanguage":"de"}]}},"_links":{"self":[{"href":"https:\/\/detgroennemuseum.dk\/de\/wp-json\/wp\/v2\/pages\/3641","targetHints":{"allow":["GET"]}}],"collection":[{"href":"https:\/\/detgroennemuseum.dk\/de\/wp-json\/wp\/v2\/pages"}],"about":[{"href":"https:\/\/detgroennemuseum.dk\/de\/wp-json\/wp\/v2\/types\/page"}],"author":[{"embeddable":true,"href":"https:\/\/detgroennemuseum.dk\/de\/wp-json\/wp\/v2\/users\/3"}],"replies":[{"embeddable":true,"href":"https:\/\/detgroennemuseum.dk\/de\/wp-json\/wp\/v2\/comments?post=3641"}],"version-history":[{"count":45,"href":"https:\/\/detgroennemuseum.dk\/de\/wp-json\/wp\/v2\/pages\/3641\/revisions"}],"predecessor-version":[{"id":21243,"href":"https:\/\/detgroennemuseum.dk\/de\/wp-json\/wp\/v2\/pages\/3641\/revisions\/21243"}],"wp:attachment":[{"href":"https:\/\/detgroennemuseum.dk\/de\/wp-json\/wp\/v2\/media?parent=3641"}],"curies":[{"name":"wp","href":"https:\/\/api.w.org\/{rel}","templated":true}]}}