{"id":3284,"date":"2018-01-12T15:50:40","date_gmt":"2018-01-12T14:50:40","guid":{"rendered":"http:\/\/detgroennemuseum.dk\/?page_id=3284"},"modified":"2025-04-26T23:11:26","modified_gmt":"2025-04-26T21:11:26","slug":"wissen","status":"publish","type":"page","link":"https:\/\/detgroennemuseum.dk\/de\/viden\/","title":{"rendered":"Wissen"},"content":{"rendered":"<div class=\"wpb-content-wrapper\"><div class=\"vc_row wpb_row vc_row-fluid vc_custom_1516183052704 vc_row-o-equal-height vc_row-o-content-top vc_row-flex\"><div class=\"wpb_column vc_column_container vc_col-sm-4 vc_col-has-fill\"><div class=\"vc_column-inner vc_custom_1511184790952\"><div class=\"wpb_wrapper\">\n\t<div class=\"wpb_text_column wpb_content_element  vc_custom_1518616096460 whiteTxt\" >\n\t\t<div class=\"wpb_wrapper\">\n\t\t\t<p class=\"p1\"><span class=\"s1\">Das Gr\u00fcne Museum ist das Landesmuseum f\u00fcr Jagd, Forstwirtschaft, Landwirtschaft und Esskultur.<\/span><\/p>\n<p class=\"p1\"><span class=\"s1\"> Das Museum strebt danach, national und international als umfassendes Museum und Wissenszentrum f\u00fcr Landwirtschaft, Jagd, Forstwirtschaft und Ern\u00e4hrung anerkannt zu werden.<\/span><\/p>\n<p class=\"p1\"><span class=\"s1\">Zu den Aufgaben des Museums als Wissensinstitution geh\u00f6ren das Sammeln, Erfassen, Bewahren, Erforschen und Verbreiten der Geschichte der Jagd, Forstwirtschaft, Landwirtschaft und Ern\u00e4hrung.<\/span><\/p>\n\n\t\t<\/div>\n\t<\/div>\n<\/div><\/div><\/div><div class=\"wpb_column vc_column_container vc_col-sm-4\"><div class=\"vc_column-inner vc_custom_1516539827185\"><div class=\"wpb_wrapper\">\n\t<div  class=\"wpb_single_image wpb_content_element vc_align_center  vc_custom_1516607985226  square3\">\n\t\t\n\t\t<figure class=\"wpb_wrapper vc_figure\">\n\t\t\t<div class=\"vc_single_image-wrapper   vc_box_border_grey\"><img decoding=\"async\" width=\"522\" height=\"522\" data-src=\"https:\/\/detgroennemuseum.dk\/wp-content\/uploads\/2018\/01\/viden.jpg\" class=\"vc_single_image-img attachment-full lazyload\" alt=\"\" title=\"Wissen\" data-srcset=\"https:\/\/detgroennemuseum.dk\/wp-content\/uploads\/2018\/01\/viden.jpg 522w, https:\/\/detgroennemuseum.dk\/wp-content\/smush-webp\/2018\/01\/viden-200x200.jpg.webp 200w, https:\/\/detgroennemuseum.dk\/wp-content\/uploads\/2018\/01\/viden-150x150.jpg 150w, https:\/\/detgroennemuseum.dk\/wp-content\/smush-webp\/2018\/01\/viden-300x300.jpg.webp 300w, https:\/\/detgroennemuseum.dk\/wp-content\/smush-webp\/2018\/01\/viden-32x32.jpg.webp 32w, https:\/\/detgroennemuseum.dk\/wp-content\/smush-webp\/2018\/01\/viden-100x100.jpg.webp 100w\" data-sizes=\"(max-width: 522px) 100vw, 522px\"  data-dt-location=\"https:\/\/detgroennemuseum.dk\/de\/viden-2\/\" src=\"data:image\/svg+xml;base64,PHN2ZyB3aWR0aD0iMSIgaGVpZ2h0PSIxIiB4bWxucz0iaHR0cDovL3d3dy53My5vcmcvMjAwMC9zdmciPjwvc3ZnPg==\" style=\"--smush-placeholder-width: 522px; --smush-placeholder-aspect-ratio: 522\/522;\" \/><\/div>\n\t\t<\/figure>\n\t<\/div>\n<\/div><\/div><\/div><div class=\"wpb_column vc_column_container vc_col-sm-4\"><div class=\"vc_column-inner vc_custom_1516182372819\"><div class=\"wpb_wrapper\">\n\t<div  class=\"wpb_single_image wpb_content_element vc_align_center  vc_custom_1516607970576  square3\">\n\t\t\n\t\t<figure class=\"wpb_wrapper vc_figure\">\n\t\t\t<div class=\"vc_single_image-wrapper   vc_box_border_grey\"><img decoding=\"async\" width=\"522\" height=\"522\" data-src=\"https:\/\/detgroennemuseum.dk\/wp-content\/uploads\/2018\/01\/viden-1.jpg\" class=\"vc_single_image-img attachment-full lazyload\" alt=\"\" title=\"Wissen\" data-srcset=\"https:\/\/detgroennemuseum.dk\/wp-content\/uploads\/2018\/01\/viden-1.jpg 522w, https:\/\/detgroennemuseum.dk\/wp-content\/smush-webp\/2018\/01\/viden-1-200x200.jpg.webp 200w, https:\/\/detgroennemuseum.dk\/wp-content\/uploads\/2018\/01\/viden-1-150x150.jpg 150w, https:\/\/detgroennemuseum.dk\/wp-content\/smush-webp\/2018\/01\/viden-1-300x300.jpg.webp 300w, https:\/\/detgroennemuseum.dk\/wp-content\/smush-webp\/2018\/01\/viden-1-32x32.jpg.webp 32w, https:\/\/detgroennemuseum.dk\/wp-content\/smush-webp\/2018\/01\/viden-1-100x100.jpg.webp 100w\" data-sizes=\"(max-width: 522px) 100vw, 522px\"  data-dt-location=\"https:\/\/detgroennemuseum.dk\/de\/viden\/viden-3\/\" src=\"data:image\/svg+xml;base64,PHN2ZyB3aWR0aD0iMSIgaGVpZ2h0PSIxIiB4bWxucz0iaHR0cDovL3d3dy53My5vcmcvMjAwMC9zdmciPjwvc3ZnPg==\" style=\"--smush-placeholder-width: 522px; --smush-placeholder-aspect-ratio: 522\/522;\" \/><\/div>\n\t\t<\/figure>\n\t<\/div>\n<\/div><\/div><\/div><\/div><!-- Row Backgrounds --><div class=\"upb_color\" data-bg-override=\"full\" data-bg-color=\"\" data-fadeout=\"\" data-fadeout-percentage=\"30\" data-parallax-content=\"\" data-parallax-content-sense=\"30\" data-row-effect-mobile-disable=\"true\" data-img-parallax-mobile-disable=\"true\" data-rtl=\"false\"  data-custom-vc-row=\"\"  data-vc=\"8.7.2\"  data-is_old_vc=\"\"  data-theme-support=\"\"   data-overlay=\"false\" data-overlay-color=\"\" data-overlay-pattern=\"\" data-overlay-pattern-opacity=\"\" data-overlay-pattern-size=\"\"    ><\/div><div class=\"vc_row wpb_row vc_row-fluid\"><div class=\"wpb_column vc_column_container vc_col-sm-12\"><div class=\"vc_column-inner vc_custom_1510649124151\"><div class=\"wpb_wrapper\"><h1 style=\"text-align: left\" class=\"vc_custom_heading vc_do_custom_heading\" >Wissen, Forschung und Sammlung<\/h1><\/div><\/div><\/div><\/div><div class=\"vc_row wpb_row vc_row-fluid\"><div class=\"wpb_column vc_column_container vc_col-sm-12\"><div class=\"vc_column-inner\"><div class=\"wpb_wrapper\"><h2 style=\"text-align: left\" class=\"vc_custom_heading vc_do_custom_heading\" >Unsere Sammlung<\/h2>\n\t<div class=\"wpb_text_column wpb_content_element\" >\n\t\t<div class=\"wpb_wrapper\">\n\t\t\t<p class=\"p1\"><span class=\"s1\">Die Sammlung des Gr\u00fcnen Museums umfasst alles, was das Museum gesammelt und als Geschenke erhalten hat. Dabei handelt es sich um Objekte, Fotografien, Gem\u00e4lde, auf Tonband und Film aufgezeichnete m\u00fcndliche \u00dcberlieferungen, Archive aus Briefen, Tageb\u00fcchern und vieles mehr.<\/span><\/p>\n<p class=\"p1\"><span class=\"s1\">Die Sammlung ist nicht nur das, was das Publikum sieht, sie ist (auch) die Grundlage f\u00fcr unsere Erforschung, Verbreitung und Bewahrung der Geschichte der Jagd, der W\u00e4lder, der Landwirtschaft und der Ern\u00e4hrung. Und so beginnt die Geschichte der Interaktion der D\u00e4nen mit der Natur seit der Einwanderung der ersten Menschen nach der Eiszeit.<\/span><\/p>\n<p class=\"p1\"><span class=\"s1\">Die Sammlungen des Gr\u00fcnen Museums sind registriert in <\/span><span class=\"s2\">Museumssammlungen <\/span><strong><span class=\"s1\"><a href=\"https:\/\/www.kulturarv.dk\/mussam\/\"><span class=\"s3\">www.kulturarv.dk<\/span><\/a><\/span><\/strong><\/p>\n<p class=\"p1\"><span class=\"s1\">\u00a0<\/span><\/p>\n\n\t\t<\/div>\n\t<\/div>\n<\/div><\/div><\/div><\/div><div class=\"vc_row wpb_row vc_row-fluid\"><div class=\"wpb_column vc_column_container vc_col-sm-12\"><div class=\"vc_column-inner\"><div class=\"wpb_wrapper\"><h2 style=\"text-align: left\" class=\"vc_custom_heading vc_do_custom_heading\" >Forschung<\/h2>\n\t<div class=\"wpb_text_column wpb_content_element\" >\n\t\t<div class=\"wpb_wrapper\">\n\t\t\t<p class=\"p2\"><span class=\"s1\">Das Gr\u00fcne Museum ist eine Forschungseinrichtung, die dem Kulturministerium untersteht. Das Museum hat sich die Erforschung und Gewinnung neuer Erkenntnisse zur Geschichte der Jagd, Forstwirtschaft, Landwirtschaft und Ern\u00e4hrung zum Ziel gesetzt.<\/span><\/p>\n<p class=\"p1\"><span class=\"s1\">\u00a0<\/span><\/p>\n\n\t\t<\/div>\n\t<\/div>\n<\/div><\/div><\/div><\/div><div class=\"vc_row wpb_row vc_row-fluid\"><div class=\"wpb_column vc_column_container vc_col-sm-12\"><div class=\"vc_column-inner\"><div class=\"wpb_wrapper\"><h2 style=\"text-align: left\" class=\"vc_custom_heading vc_do_custom_heading\" >Zusammenarbeit und Projekte<\/h2><\/div><\/div><\/div><\/div><div class=\"vc_row wpb_row vc_row-fluid\"><div class=\"wpb_column vc_column_container vc_col-sm-12\"><div class=\"vc_column-inner\"><div class=\"wpb_wrapper\">\n\t<div class=\"wpb_text_column wpb_content_element\" >\n\t\t<div class=\"wpb_wrapper\">\n\t\t\t<p class=\"p1\"><span class=\"s1\">Das Gr\u00fcne Museum engagiert sich in vielf\u00e4ltigen Projekten und kooperiert mit Unternehmen, Gremien und anderen Forschungszweigen. Unter anderem spielt das Museum eine aktive Rolle bei der Erhaltung der urspr\u00fcnglichen d\u00e4nischen Nutztierrassen.<\/span><\/p>\n<p class=\"p1\"><span class=\"s1\">Das Museum ist immer offen f\u00fcr neue Kooperationsm\u00f6glichkeiten. <\/span><\/p>\n<p class=\"p1\"><strong><a href=\"https:\/\/detgroennemuseum.dk\/de\/kontakt\/\"><span class=\"s1\">Finden Sie hier Ihren Ansprechpartner\u00a0<\/span><\/a><\/strong><\/p>\n\n\t\t<\/div>\n\t<\/div>\n<\/div><\/div><\/div><\/div>\n<\/div>","protected":false},"excerpt":{"rendered":"<p>Das Gr\u00fcne Museum ist das Nationalmuseum f\u00fcr Jagd, Forstwirtschaft, Landwirtschaft und Esskultur. Das Museum strebt danach, national und international als umfassendes Museum und Wissenszentrum f\u00fcr Landwirtschaft, Forstwirtschaft und Esskultur anerkannt zu werden.<\/p>","protected":false},"author":3,"featured_media":0,"parent":0,"menu_order":0,"comment_status":"closed","ping_status":"closed","template":"","meta":{"_price":"","_stock":"","_tribe_ticket_header":"","_tribe_default_ticket_provider":"","_tribe_ticket_capacity":"0","_ticket_start_date":"","_ticket_end_date":"","_tribe_ticket_show_description":"","_tribe_ticket_show_not_going":false,"_tribe_ticket_use_global_stock":"","_tribe_ticket_global_stock_level":"","_global_stock_mode":"","_global_stock_cap":"","_tribe_rsvp_for_event":"","_tribe_ticket_going_count":"","_tribe_ticket_not_going_count":"","_tribe_tickets_list":"[]","_tribe_ticket_has_attendee_info_fields":false,"footnotes":""},"class_list":["post-3284","page","type-page","status-publish","hentry","description-off"],"yoast_head":"<!-- This site is optimized with the Yoast SEO plugin v27.5 - https:\/\/yoast.com\/product\/yoast-seo-wordpress\/ -->\n<title>Viden, forskning og samlinger p\u00e5 Det Gr\u00f8nne Museum | L\u00e6s mere<\/title>\n<meta name=\"description\" content=\"Her kan du bliv klogere p\u00e5 Det Gr\u00f8nne Museums samling samt forskningsarbejde, samarbejder og projekter p\u00e5 museet. L\u00e6s mere eller kontakt os.\" \/>\n<meta name=\"robots\" content=\"index, follow, max-snippet:-1, max-image-preview:large, max-video-preview:-1\" \/>\n<link rel=\"canonical\" href=\"https:\/\/detgroennemuseum.dk\/de\/wissen\/\" \/>\n<meta property=\"og:locale\" content=\"de_DE\" \/>\n<meta property=\"og:type\" content=\"article\" \/>\n<meta property=\"og:title\" content=\"Viden, forskning og samlinger p\u00e5 Det Gr\u00f8nne Museum | L\u00e6s mere\" \/>\n<meta property=\"og:description\" content=\"Her kan du bliv klogere p\u00e5 Det Gr\u00f8nne Museums samling samt forskningsarbejde, samarbejder og projekter p\u00e5 museet. L\u00e6s mere eller kontakt os.\" \/>\n<meta property=\"og:url\" content=\"https:\/\/detgroennemuseum.dk\/de\/wissen\/\" \/>\n<meta property=\"og:site_name\" content=\"Det Gr\u00f8nne Museum\" \/>\n<meta property=\"article:modified_time\" content=\"2025-04-26T21:11:26+00:00\" \/>\n<meta name=\"twitter:card\" content=\"summary_large_image\" \/>\n<meta name=\"twitter:label1\" content=\"Gesch\u00e4tzte Lesezeit\" \/>\n\t<meta name=\"twitter:data1\" content=\"2\u00a0Minuten\" \/>\n<script type=\"application\/ld+json\" class=\"yoast-schema-graph\">{\"@context\":\"https:\\\/\\\/schema.org\",\"@graph\":[{\"@type\":\"WebPage\",\"@id\":\"https:\\\/\\\/detgroennemuseum.dk\\\/viden\\\/\",\"url\":\"https:\\\/\\\/detgroennemuseum.dk\\\/viden\\\/\",\"name\":\"Viden, forskning og samlinger p\u00e5 Det Gr\u00f8nne Museum | L\u00e6s mere\",\"isPartOf\":{\"@id\":\"https:\\\/\\\/detgroennemuseum.dk\\\/#website\"},\"datePublished\":\"2018-01-12T14:50:40+00:00\",\"dateModified\":\"2025-04-26T21:11:26+00:00\",\"description\":\"Her kan du bliv klogere p\u00e5 Det Gr\u00f8nne Museums samling samt forskningsarbejde, samarbejder og projekter p\u00e5 museet. L\u00e6s mere eller kontakt os.\",\"breadcrumb\":{\"@id\":\"https:\\\/\\\/detgroennemuseum.dk\\\/viden\\\/#breadcrumb\"},\"inLanguage\":\"de\",\"potentialAction\":[{\"@type\":\"ReadAction\",\"target\":[\"https:\\\/\\\/detgroennemuseum.dk\\\/viden\\\/\"]}]},{\"@type\":\"BreadcrumbList\",\"@id\":\"https:\\\/\\\/detgroennemuseum.dk\\\/viden\\\/#breadcrumb\",\"itemListElement\":[{\"@type\":\"ListItem\",\"position\":1,\"name\":\"Hjem\",\"item\":\"https:\\\/\\\/detgroennemuseum.dk\\\/\"},{\"@type\":\"ListItem\",\"position\":2,\"name\":\"Viden\"}]},{\"@type\":\"WebSite\",\"@id\":\"https:\\\/\\\/detgroennemuseum.dk\\\/#website\",\"url\":\"https:\\\/\\\/detgroennemuseum.dk\\\/\",\"name\":\"Det Gr\u00f8nne Museum\",\"description\":\"Danmarks nationale museum for jagten, skoven, landbruget og maden\",\"potentialAction\":[{\"@type\":\"SearchAction\",\"target\":{\"@type\":\"EntryPoint\",\"urlTemplate\":\"https:\\\/\\\/detgroennemuseum.dk\\\/?s={search_term_string}\"},\"query-input\":{\"@type\":\"PropertyValueSpecification\",\"valueRequired\":true,\"valueName\":\"search_term_string\"}}],\"inLanguage\":\"de\"}]}<\/script>\n<!-- \/ Yoast SEO plugin. -->","yoast_head_json":{"title":"Wissen, Forschung und Sammlungen im Green Museum | Mehr lesen","description":"Hier erfahren Sie mehr \u00fcber die Sammlung des Green Museums sowie \u00fcber die Forschungsarbeit, Kooperationen und Projekte des Museums. Lesen Sie mehr oder kontaktieren Sie uns.","robots":{"index":"index","follow":"follow","max-snippet":"max-snippet:-1","max-image-preview":"max-image-preview:large","max-video-preview":"max-video-preview:-1"},"canonical":"https:\/\/detgroennemuseum.dk\/de\/wissen\/","og_locale":"de_DE","og_type":"article","og_title":"Viden, forskning og samlinger p\u00e5 Det Gr\u00f8nne Museum | L\u00e6s mere","og_description":"Her kan du bliv klogere p\u00e5 Det Gr\u00f8nne Museums samling samt forskningsarbejde, samarbejder og projekter p\u00e5 museet. L\u00e6s mere eller kontakt os.","og_url":"https:\/\/detgroennemuseum.dk\/de\/wissen\/","og_site_name":"Det Gr\u00f8nne Museum","article_modified_time":"2025-04-26T21:11:26+00:00","twitter_card":"summary_large_image","twitter_misc":{"Gesch\u00e4tzte Lesezeit":"2\u00a0Minuten"},"schema":{"@context":"https:\/\/schema.org","@graph":[{"@type":"WebPage","@id":"https:\/\/detgroennemuseum.dk\/viden\/","url":"https:\/\/detgroennemuseum.dk\/viden\/","name":"Wissen, Forschung und Sammlungen im Green Museum | Mehr lesen","isPartOf":{"@id":"https:\/\/detgroennemuseum.dk\/#website"},"datePublished":"2018-01-12T14:50:40+00:00","dateModified":"2025-04-26T21:11:26+00:00","description":"Hier erfahren Sie mehr \u00fcber die Sammlung des Green Museums sowie \u00fcber die Forschungsarbeit, Kooperationen und Projekte des Museums. Lesen Sie mehr oder kontaktieren Sie uns.","breadcrumb":{"@id":"https:\/\/detgroennemuseum.dk\/viden\/#breadcrumb"},"inLanguage":"de","potentialAction":[{"@type":"ReadAction","target":["https:\/\/detgroennemuseum.dk\/viden\/"]}]},{"@type":"BreadcrumbList","@id":"https:\/\/detgroennemuseum.dk\/viden\/#breadcrumb","itemListElement":[{"@type":"ListItem","position":1,"name":"Hjem","item":"https:\/\/detgroennemuseum.dk\/"},{"@type":"ListItem","position":2,"name":"Viden"}]},{"@type":"WebSite","@id":"https:\/\/detgroennemuseum.dk\/#website","url":"https:\/\/detgroennemuseum.dk\/","name":"Das Gr\u00fcne Museum","description":"D\u00e4nisches Nationalmuseum f\u00fcr Jagd, Forstwirtschaft, Landwirtschaft und Ern\u00e4hrung","potentialAction":[{"@type":"SearchAction","target":{"@type":"EntryPoint","urlTemplate":"https:\/\/detgroennemuseum.dk\/?s={search_term_string}"},"query-input":{"@type":"PropertyValueSpecification","valueRequired":true,"valueName":"search_term_string"}}],"inLanguage":"de"}]}},"_links":{"self":[{"href":"https:\/\/detgroennemuseum.dk\/de\/wp-json\/wp\/v2\/pages\/3284","targetHints":{"allow":["GET"]}}],"collection":[{"href":"https:\/\/detgroennemuseum.dk\/de\/wp-json\/wp\/v2\/pages"}],"about":[{"href":"https:\/\/detgroennemuseum.dk\/de\/wp-json\/wp\/v2\/types\/page"}],"author":[{"embeddable":true,"href":"https:\/\/detgroennemuseum.dk\/de\/wp-json\/wp\/v2\/users\/3"}],"replies":[{"embeddable":true,"href":"https:\/\/detgroennemuseum.dk\/de\/wp-json\/wp\/v2\/comments?post=3284"}],"version-history":[{"count":54,"href":"https:\/\/detgroennemuseum.dk\/de\/wp-json\/wp\/v2\/pages\/3284\/revisions"}],"predecessor-version":[{"id":25581,"href":"https:\/\/detgroennemuseum.dk\/de\/wp-json\/wp\/v2\/pages\/3284\/revisions\/25581"}],"wp:attachment":[{"href":"https:\/\/detgroennemuseum.dk\/de\/wp-json\/wp\/v2\/media?parent=3284"}],"curies":[{"name":"wp","href":"https:\/\/api.w.org\/{rel}","templated":true}]}}