{"id":3268,"date":"2018-01-12T15:09:59","date_gmt":"2018-01-12T14:09:59","guid":{"rendered":"http:\/\/detgroennemuseum.dk\/?page_id=3268"},"modified":"2025-04-26T23:02:42","modified_gmt":"2025-04-26T21:02:42","slug":"praktische-informationen","status":"publish","type":"page","link":"https:\/\/detgroennemuseum.dk\/de\/praktisk-information\/","title":{"rendered":"Praktische Informationen"},"content":{"rendered":"<div class=\"wpb-content-wrapper\"><div class=\"vc_row wpb_row vc_row-fluid\"><div class=\"wpb_column vc_column_container vc_col-sm-12\"><div class=\"vc_column-inner\"><div class=\"wpb_wrapper\">\n\t<div class=\"wpb_text_column wpb_content_element\" >\n\t\t<div class=\"wpb_wrapper\">\n\t\t\t<h1 style=\"text-align: center;\"><strong>Praktische Informationen<\/strong><\/h1>\n\n\t\t<\/div>\n\t<\/div>\n<\/div><\/div><\/div><\/div><div class=\"vc_row wpb_row vc_row-fluid vc_custom_1515766529730\"><div class=\"wpb_column vc_column_container vc_col-sm-6 vc_hidden-xs\"><div class=\"vc_column-inner\"><div class=\"wpb_wrapper\"><div class=\"vc_row wpb_row vc_inner vc_row-fluid\"><div class=\"wpb_column vc_column_container vc_col-sm-9\"><div class=\"vc_column-inner\"><div class=\"wpb_wrapper\">\n\t<div class=\"wpb_text_column wpb_content_element\" >\n\t\t<div class=\"wpb_wrapper\">\n\t\t\t<h2>Parken<\/h2>\n<p>Beim Gr\u00fcnen Museum gibt es wenige Meter vom Haupteingang des Museums entfernt kostenlose Parkpl\u00e4tze.<\/p>\n\n\t\t<\/div>\n\t<\/div>\n<\/div><\/div><\/div><\/div><div class=\"vc_separator wpb_content_element vc_separator_align_center vc_sep_width_100 vc_sep_pos_align_center vc_separator_no_text vc_custom_1517837461140 wpb_content_element  vc_custom_1517837461140 wpb_content_element\" ><span class=\"vc_sep_holder vc_sep_holder_l\"><span style=\"border-color:#4c8d34;\" class=\"vc_sep_line\"><\/span><\/span><span class=\"vc_sep_holder vc_sep_holder_r\"><span style=\"border-color:#4c8d34;\" class=\"vc_sep_line\"><\/span><\/span>\n<\/div><div class=\"vc_row wpb_row vc_inner vc_row-fluid\"><div class=\"wpb_column vc_column_container vc_col-sm-12\"><div class=\"vc_column-inner\"><div class=\"wpb_wrapper\">\n\t<div class=\"wpb_text_column wpb_content_element\" >\n\t\t<div class=\"wpb_wrapper\">\n\t\t\t<h2>Rollst\u00fchle<\/h2>\n<p>Das Gr\u00fcne Museum ist als gut zug\u00e4nglich gekennzeichnet. Weitere Informationen zur Barrierefreiheit finden Sie in unserem Informationsblatt. <a href=\"http:\/\/www.godadgang.dk\/dk\/steder\/oversted.asp?id=2416\" target=\"_blank\" rel=\"noopener\">Hier<\/a>. Uns ist es wichtig, dass Sie die M\u00f6glichkeit haben, sich ausf\u00fchrlich \u00fcber die Zugangsbedingungen zu informieren, damit Sie unsere Einrichtungen bereits vorab kennen und optimal planen k\u00f6nnen. Wenn Sie mehr Informationen ben\u00f6tigen als im Fact Sheet angegeben, k\u00f6nnen Sie uns gerne kontaktieren. <a href=\"https:\/\/detgroennemuseum.dk\/de\/kontakt\/\">Kontaktieren Sie uns<\/a>.<\/p>\n\n\t\t<\/div>\n\t<\/div>\n<\/div><\/div><\/div><\/div><div class=\"vc_separator wpb_content_element vc_separator_align_center vc_sep_width_100 vc_sep_pos_align_center vc_separator_no_text vc_custom_1517837461140 wpb_content_element  vc_custom_1517837461140 wpb_content_element\" ><span class=\"vc_sep_holder vc_sep_holder_l\"><span style=\"border-color:#4c8d34;\" class=\"vc_sep_line\"><\/span><\/span><span class=\"vc_sep_holder vc_sep_holder_r\"><span style=\"border-color:#4c8d34;\" class=\"vc_sep_line\"><\/span><\/span>\n<\/div><div class=\"vc_row wpb_row vc_inner vc_row-fluid\"><div class=\"wpb_column vc_column_container vc_col-sm-12\"><div class=\"vc_column-inner\"><div class=\"wpb_wrapper\">\n\t<div class=\"wpb_text_column wpb_content_element\" >\n\t\t<div class=\"wpb_wrapper\">\n\t\t\t<h2>Internet \/ WLAN<\/h2>\n<p>Im Gr\u00fcnen Museum k\u00f6nnen Sie unser kostenloses WLAN nutzen. Es hei\u00dft WWW-SIT und erfordert kein Passwort. Es deckt zwar nicht das gesamte Museum ab, jedoch verf\u00fcgen weite Teile des Innenbereichs des Museums \u00fcber einen Zugang zum WLAN-Netz.<\/p>\n<p>Sie m\u00fcssen jedoch einen Haftungsausschluss von Statens IT akzeptieren, das das drahtlose Internet bereitstellt. bevor Sie es verwenden k\u00f6nnen.<\/p>\n\n\t\t<\/div>\n\t<\/div>\n<\/div><\/div><\/div><\/div><\/div><\/div><\/div><div class=\"wpb_column vc_column_container vc_col-sm-6 vc_hidden-xs\"><div class=\"vc_column-inner\"><div class=\"wpb_wrapper\">\n\t<div class=\"wpb_text_column wpb_content_element\" >\n\t\t<div class=\"wpb_wrapper\">\n\t\t\t<h2>So finden Sie das Gr\u00fcne Museum<\/h2>\n<p><strong>Finden Sie Ihren Weg mit Google Maps<\/strong><\/p>\n<p>Wenn Sie mit dem Auto zum Gr\u00fcnen Museum fahren, k\u00f6nnen Sie sich mit Google Maps eine Wegbeschreibung anzeigen lassen. Vor dem Haupteingang des Museums stehen ausreichend kostenlose Parkpl\u00e4tze zur Verf\u00fcgung.<\/p>\n\n\t\t<\/div>\n\t<\/div>\n<div class=\"wpb_gmaps_widget wpb_content_element vc_custom_1515422373939\"><div class=\"wpb_wrapper\"><div class=\"wpb_map_wraper\"><iframe data-src=\"https:\/\/www.google.com\/maps\/embed?pb=!1m18!1m12!1m3!1d397959.61871275806!2d9.797092209088392!3d56.56354394500054!2m3!1f0!2f0!3f0!3m2!1i1024!2i768!4f13.1!3m3!1m2!1s0x464c21a9e0ffb963%3A0x25822276f81ba28d!2sThe+Green+Museum!5e0!3m2!1sen!2sdk!4v1515415147971\" width=\"600\" height=\"300\" frameborder=\"0\" style=\"border:0\" allowfullscreen src=\"data:image\/svg+xml;base64,PHN2ZyB3aWR0aD0iMSIgaGVpZ2h0PSIxIiB4bWxucz0iaHR0cDovL3d3dy53My5vcmcvMjAwMC9zdmciPjwvc3ZnPg==\" class=\"lazyload\" data-load-mode=\"1\"><\/iframe><\/div><\/div><\/div><div class=\"vc_row wpb_row vc_inner vc_row-fluid\"><div class=\"wpb_column vc_column_container vc_col-sm-12\"><div class=\"vc_column-inner\"><div class=\"wpb_wrapper\">\n\t<div class=\"wpb_text_column wpb_content_element\" >\n\t\t<div class=\"wpb_wrapper\">\n\t\t\t<p><a href=\"http:\/\/www.rejseplanen.dk\/bin\/query.exe\/mn?L=vs_newdesign&amp;ZID=A%3D4%40O%3DDet%20Gr%F8nne%20Museum,%20Anden%20Sev%E6rdighed,%20Norddjurs%40X%3D10342260%40Y%3D56438036%40U%3D104%40L%3D990022033%40B%3D1%40p%3D1511785511%40&amp;externalCall=yes&amp;start=yes\" target=\"_blank\" rel=\"noopener\"><strong>Klicken Sie hier und finden Sie Ihren Weg mit dem Reiseplan<\/strong><\/a><\/p>\n<p>Regionalbusse halten nur 100 Meter vom Haupteingang des Gr\u00fcnen Museums entfernt.<\/p>\n<p>&nbsp;<\/p>\n\n\t\t<\/div>\n\t<\/div>\n<\/div><\/div><\/div><\/div><\/div><\/div><\/div><\/div><div class=\"vc_row wpb_row vc_row-fluid vc_custom_1515766529730\"><div class=\"wpb_column vc_column_container vc_col-sm-6 vc_hidden-lg vc_hidden-md vc_hidden-sm\"><div class=\"vc_column-inner\"><div class=\"wpb_wrapper\"><div class=\"vc_row wpb_row vc_inner vc_row-fluid\"><div class=\"wpb_column vc_column_container vc_col-sm-3\"><div class=\"vc_column-inner\"><div class=\"wpb_wrapper\">\n\t<div  class=\"wpb_single_image wpb_content_element vc_align_left  vc_custom_1518621088221\">\n\t\t\n\t\t<figure class=\"wpb_wrapper vc_figure\">\n\t\t\t<div class=\"vc_single_image-wrapper   vc_box_border_grey\"><img decoding=\"async\" width=\"155\" height=\"169\" data-src=\"https:\/\/detgroennemuseum.dk\/wp-content\/smush-webp\/2018\/02\/gratis-parkering.png.webp\" class=\"vc_single_image-img attachment-full lazyload\" alt=\"\" title=\"Kostenlose Parkpl\u00e4tze\"  data-dt-location=\"https:\/\/detgroennemuseum.dk\/de\/praktisk-information\/gratis-parkering\/\" src=\"data:image\/svg+xml;base64,PHN2ZyB3aWR0aD0iMSIgaGVpZ2h0PSIxIiB4bWxucz0iaHR0cDovL3d3dy53My5vcmcvMjAwMC9zdmciPjwvc3ZnPg==\" style=\"--smush-placeholder-width: 155px; --smush-placeholder-aspect-ratio: 155\/169;\" \/><\/div>\n\t\t<\/figure>\n\t<\/div>\n<\/div><\/div><\/div><div class=\"wpb_column vc_column_container vc_col-sm-9\"><div class=\"vc_column-inner\"><div class=\"wpb_wrapper\">\n\t<div class=\"wpb_text_column wpb_content_element\" >\n\t\t<div class=\"wpb_wrapper\">\n\t\t\t<h2>Parken<\/h2>\n<p>Beim Gr\u00fcnen Museum gibt es wenige Meter vom Haupteingang des Museums entfernt kostenlose Parkpl\u00e4tze.<\/p>\n\n\t\t<\/div>\n\t<\/div>\n<\/div><\/div><\/div><\/div><div class=\"vc_separator wpb_content_element vc_separator_align_center vc_sep_width_100 vc_sep_pos_align_center vc_separator_no_text vc_custom_1517837461140 wpb_content_element  vc_custom_1517837461140 wpb_content_element\" ><span class=\"vc_sep_holder vc_sep_holder_l\"><span style=\"border-color:#4c8d34;\" class=\"vc_sep_line\"><\/span><\/span><span class=\"vc_sep_holder vc_sep_holder_r\"><span style=\"border-color:#4c8d34;\" class=\"vc_sep_line\"><\/span><\/span>\n<\/div><div class=\"vc_row wpb_row vc_inner vc_row-fluid\"><div class=\"wpb_column vc_column_container vc_col-sm-12\"><div class=\"vc_column-inner\"><div class=\"wpb_wrapper\">\n\t<div class=\"wpb_text_column wpb_content_element\" >\n\t\t<div class=\"wpb_wrapper\">\n\t\t\t<h2>Rollst\u00fchle<\/h2>\n<p>Das Gr\u00fcne Museum ist f\u00fcr Menschen mit eingeschr\u00e4nkter Mobilit\u00e4t hervorragend zug\u00e4nglich. Vom Parkplatz bis zum Haupteingang des Museums ist es nur ein kurzer Weg. Dar\u00fcber hinaus wurden an mehreren Stellen im Museum Aufz\u00fcge installiert.<\/p>\n<p>Hilfe von <strong><a href=\"http:\/\/www.godadgang.dk\">Goodadgang.dk<\/a><\/strong> \u2013 Rollst\u00fchle stehen kostenlos zur Verf\u00fcgung.<\/p>\n<p>Blindenhunde\/Assistenzhunde<\/p>\n\n\t\t<\/div>\n\t<\/div>\n<\/div><\/div><\/div><\/div><\/div><\/div><\/div><div class=\"wpb_column vc_column_container vc_col-sm-6 vc_hidden-lg vc_hidden-md vc_hidden-sm\"><div class=\"vc_column-inner\"><div class=\"wpb_wrapper\"><div class=\"vc_separator wpb_content_element vc_separator_align_center vc_sep_width_100 vc_sep_pos_align_center vc_separator_no_text vc_custom_1518621211001 wpb_content_element  vc_custom_1518621211001 wpb_content_element\" ><span class=\"vc_sep_holder vc_sep_holder_l\"><span style=\"border-color:#4c8d34;\" class=\"vc_sep_line\"><\/span><\/span><span class=\"vc_sep_holder vc_sep_holder_r\"><span style=\"border-color:#4c8d34;\" class=\"vc_sep_line\"><\/span><\/span>\n<\/div>\n\t<div class=\"wpb_text_column wpb_content_element\" >\n\t\t<div class=\"wpb_wrapper\">\n\t\t\t<h2>So finden Sie das Gr\u00fcne Museum<\/h2>\n<p><strong>Finden Sie Ihren Weg mit Google Maps<\/strong><\/p>\n<p>Wenn Sie mit dem Auto zum Gr\u00fcnen Museum fahren, k\u00f6nnen Sie sich mit Google Maps eine Wegbeschreibung anzeigen lassen. Vor dem Haupteingang des Museums stehen ausreichend kostenlose Parkpl\u00e4tze zur Verf\u00fcgung.<\/p>\n\n\t\t<\/div>\n\t<\/div>\n<div class=\"wpb_gmaps_widget wpb_content_element vc_custom_1515422373939\"><div class=\"wpb_wrapper\"><div class=\"wpb_map_wraper\"><iframe data-src=\"https:\/\/www.google.com\/maps\/embed?pb=!1m18!1m12!1m3!1d397959.61871275806!2d9.797092209088392!3d56.56354394500054!2m3!1f0!2f0!3f0!3m2!1i1024!2i768!4f13.1!3m3!1m2!1s0x464c21a9e0ffb963%3A0x25822276f81ba28d!2sThe+Green+Museum!5e0!3m2!1sen!2sdk!4v1515415147971\" width=\"600\" height=\"300\" frameborder=\"0\" style=\"border:0\" allowfullscreen src=\"data:image\/svg+xml;base64,PHN2ZyB3aWR0aD0iMSIgaGVpZ2h0PSIxIiB4bWxucz0iaHR0cDovL3d3dy53My5vcmcvMjAwMC9zdmciPjwvc3ZnPg==\" class=\"lazyload\" data-load-mode=\"1\"><\/iframe><\/div><\/div><\/div><div class=\"vc_row wpb_row vc_inner vc_row-fluid\"><div class=\"wpb_column vc_column_container vc_col-sm-12\"><div class=\"vc_column-inner\"><div class=\"wpb_wrapper\">\n\t<div class=\"wpb_text_column wpb_content_element\" >\n\t\t<div class=\"wpb_wrapper\">\n\t\t\t<p><a href=\"http:\/\/www.rejseplanen.dk\/bin\/query.exe\/mn?L=vs_newdesign&amp;ZID=A%3D4%40O%3DDet%20Gr%F8nne%20Museum,%20Anden%20Sev%E6rdighed,%20Norddjurs%40X%3D10342260%40Y%3D56438036%40U%3D104%40L%3D990022033%40B%3D1%40p%3D1511785511%40&amp;externalCall=yes&amp;start=yes\" target=\"_blank\" rel=\"noopener\"><strong>Klicken Sie hier und finden Sie Ihren Weg mit dem Reiseplan<\/strong><\/a><\/p>\n<p>Regionalbusse halten nur 100 Meter vom Haupteingang des Gr\u00fcnen Museums entfernt.<\/p>\n<p>&nbsp;<\/p>\n\n\t\t<\/div>\n\t<\/div>\n<\/div><\/div><\/div><\/div><\/div><\/div><\/div><\/div><div class=\"vc_row wpb_row vc_row-fluid vc_custom_1515499814566 vc_row-o-equal-height vc_row-flex\"><div class=\"wpb_column vc_column_container vc_col-sm-12\"><div class=\"vc_column-inner\"><div class=\"wpb_wrapper\"><div class=\"vc_separator wpb_content_element vc_separator_align_center vc_sep_width_100 vc_sep_pos_align_center vc_separator_no_text vc_custom_1517837473438 wpb_content_element  vc_custom_1517837473438 wpb_content_element\" ><span class=\"vc_sep_holder vc_sep_holder_l\"><span style=\"border-color:#4c8d34;\" class=\"vc_sep_line\"><\/span><\/span><span class=\"vc_sep_holder vc_sep_holder_r\"><span style=\"border-color:#4c8d34;\" class=\"vc_sep_line\"><\/span><\/span>\n<\/div>\n\t<div class=\"wpb_text_column wpb_content_element\" >\n\t\t<div class=\"wpb_wrapper\">\n\t\t\t<h2>H\u00e4ufig gestellte Fragen<\/h2>\n\n\t\t<\/div>\n\t<\/div>\n\n\t<div class=\"wpb_text_column wpb_content_element  vc_custom_1514551202976\" >\n\t\t<div class=\"wpb_wrapper\">\n\t\t\t<h3>Sind Tiere im Gr\u00fcnen Museum erlaubt?<\/h3>\n<p>Das Mitbringen von Hunden ist herzlich willkommen. Allerdings nicht im Inneren des Museums. Blindenhunde sind in den Ausstellungen des Museums selbstverst\u00e4ndlich erlaubt.<\/p>\n\n\t\t<\/div>\n\t<\/div>\n<div class=\"vc_separator wpb_content_element vc_separator_align_center vc_sep_width_100 vc_sep_pos_align_center vc_separator_no_text vc_custom_1514551048517 wpb_content_element  vc_custom_1514551048517 wpb_content_element\" ><span class=\"vc_sep_holder vc_sep_holder_l\"><span style=\"border-color:#4c8d34;\" class=\"vc_sep_line\"><\/span><\/span><span class=\"vc_sep_holder vc_sep_holder_r\"><span style=\"border-color:#4c8d34;\" class=\"vc_sep_line\"><\/span><\/span>\n<\/div>\n\t<div class=\"wpb_text_column wpb_content_element\" >\n\t\t<div class=\"wpb_wrapper\">\n\t\t\t<h3><strong>Kann man im Gr\u00fcnen Museum essen?<\/strong><\/h3>\n<p>Es besteht sowohl die M\u00f6glichkeit, Speisen im Restaurant \u201eDen Gamle Stald\u201c zu kaufen, als auch mitgebrachte Speisen im Museum zu verzehren.<\/p>\n<p><a href=\"https:\/\/dengamlestald.nu\/aabningstider-2\/\" target=\"_blank\" rel=\"noopener\">Die \u00d6ffnungszeiten von The Old Stable finden Sie hier.<\/a><\/p>\n\n\t\t<\/div>\n\t<\/div>\n<div class=\"vc_separator wpb_content_element vc_separator_align_center vc_sep_width_100 vc_sep_pos_align_center vc_separator_no_text vc_custom_1514551065008 wpb_content_element  vc_custom_1514551065008 wpb_content_element\" ><span class=\"vc_sep_holder vc_sep_holder_l\"><span style=\"border-color:#4c8d34;\" class=\"vc_sep_line\"><\/span><\/span><span class=\"vc_sep_holder vc_sep_holder_r\"><span style=\"border-color:#4c8d34;\" class=\"vc_sep_line\"><\/span><\/span>\n<\/div>\n\t<div class=\"wpb_text_column wpb_content_element\" >\n\t\t<div class=\"wpb_wrapper\">\n\t\t\t<h3><strong>Wo kann ich in der N\u00e4he des Museums \u00fcbernachten?<\/strong><\/h3>\n<p>Wenn Sie in der N\u00e4he des Gr\u00fcnen Museums \u00fcbernachten m\u00f6chten, stehen Ihnen mehrere Unterkunftsm\u00f6glichkeiten sowie die M\u00f6glichkeit zum Zelten an der Schutzh\u00fctte des Museums zur Verf\u00fcgung.<\/p>\n\n\t\t<\/div>\n\t<\/div>\n<\/div><\/div><\/div><\/div><div class=\"vc_row wpb_row vc_row-fluid vc_custom_1512410947918\"><div class=\"wpb_column vc_column_container vc_col-sm-6\"><div class=\"vc_column-inner\"><div class=\"wpb_wrapper\"><\/div><\/div><\/div><div class=\"wpb_column vc_column_container vc_col-sm-6\"><div class=\"vc_column-inner\"><div class=\"wpb_wrapper\"><\/div><\/div><\/div><\/div>\n<\/div>","protected":false},"excerpt":{"rendered":"<p>Praktische Informationen Parken Im Gr\u00fcnen Museum gibt es kostenlose Parkpl\u00e4tze wenige Meter vom Haupteingang des Museums entfernt. Rollst\u00fchle: Das Gr\u00fcne Museum ist mit \u201eGut zug\u00e4nglich\u201c gekennzeichnet. Weitere Informationen finden Sie unter \u2026<\/p>","protected":false},"author":3,"featured_media":0,"parent":0,"menu_order":0,"comment_status":"closed","ping_status":"closed","template":"","meta":{"_price":"","_stock":"","_tribe_ticket_header":"","_tribe_default_ticket_provider":"","_tribe_ticket_capacity":"0","_ticket_start_date":"","_ticket_end_date":"","_tribe_ticket_show_description":"","_tribe_ticket_show_not_going":false,"_tribe_ticket_use_global_stock":"","_tribe_ticket_global_stock_level":"","_global_stock_mode":"","_global_stock_cap":"","_tribe_rsvp_for_event":"","_tribe_ticket_going_count":"","_tribe_ticket_not_going_count":"","_tribe_tickets_list":"[]","_tribe_ticket_has_attendee_info_fields":false,"footnotes":""},"class_list":["post-3268","page","type-page","status-publish","hentry","description-off"],"yoast_head":"<!-- This site is optimized with the Yoast SEO plugin v27.4 - https:\/\/yoast.com\/product\/yoast-seo-wordpress\/ -->\n<title>Praktiske informationer og FAQ |\u00a0Det Gr\u00f8nne Museum<\/title>\n<meta name=\"description\" content=\"Bliv klogere p\u00e5 parkering, wifi og meget andet vedr\u00f8rende dit bes\u00f8g lige her. Du kan ogs\u00e5 finde svar p\u00e5 forskellige sp\u00f8rgsm\u00e5l i vores FAQ.\" \/>\n<meta name=\"robots\" content=\"index, follow, max-snippet:-1, max-image-preview:large, max-video-preview:-1\" \/>\n<link rel=\"canonical\" href=\"https:\/\/detgroennemuseum.dk\/de\/praktische-informationen\/\" \/>\n<meta property=\"og:locale\" content=\"de_DE\" \/>\n<meta property=\"og:type\" content=\"article\" \/>\n<meta property=\"og:title\" content=\"Praktiske informationer og FAQ |\u00a0Det Gr\u00f8nne Museum\" \/>\n<meta property=\"og:description\" content=\"Bliv klogere p\u00e5 parkering, wifi og meget andet vedr\u00f8rende dit bes\u00f8g lige her. Du kan ogs\u00e5 finde svar p\u00e5 forskellige sp\u00f8rgsm\u00e5l i vores FAQ.\" \/>\n<meta property=\"og:url\" content=\"https:\/\/detgroennemuseum.dk\/de\/praktische-informationen\/\" \/>\n<meta property=\"og:site_name\" content=\"Det Gr\u00f8nne Museum\" \/>\n<meta property=\"article:modified_time\" content=\"2025-04-26T21:02:42+00:00\" \/>\n<meta name=\"twitter:card\" content=\"summary_large_image\" \/>\n<meta name=\"twitter:label1\" content=\"Gesch\u00e4tzte Lesezeit\" \/>\n\t<meta name=\"twitter:data1\" content=\"3\u00a0Minuten\" \/>\n<script type=\"application\/ld+json\" class=\"yoast-schema-graph\">{\"@context\":\"https:\\\/\\\/schema.org\",\"@graph\":[{\"@type\":\"WebPage\",\"@id\":\"https:\\\/\\\/detgroennemuseum.dk\\\/praktisk-information\\\/\",\"url\":\"https:\\\/\\\/detgroennemuseum.dk\\\/praktisk-information\\\/\",\"name\":\"Praktiske informationer og FAQ |\u00a0Det Gr\u00f8nne Museum\",\"isPartOf\":{\"@id\":\"https:\\\/\\\/detgroennemuseum.dk\\\/#website\"},\"datePublished\":\"2018-01-12T14:09:59+00:00\",\"dateModified\":\"2025-04-26T21:02:42+00:00\",\"description\":\"Bliv klogere p\u00e5 parkering, wifi og meget andet vedr\u00f8rende dit bes\u00f8g lige her. Du kan ogs\u00e5 finde svar p\u00e5 forskellige sp\u00f8rgsm\u00e5l i vores FAQ.\",\"breadcrumb\":{\"@id\":\"https:\\\/\\\/detgroennemuseum.dk\\\/praktisk-information\\\/#breadcrumb\"},\"inLanguage\":\"de\",\"potentialAction\":[{\"@type\":\"ReadAction\",\"target\":[\"https:\\\/\\\/detgroennemuseum.dk\\\/praktisk-information\\\/\"]}]},{\"@type\":\"BreadcrumbList\",\"@id\":\"https:\\\/\\\/detgroennemuseum.dk\\\/praktisk-information\\\/#breadcrumb\",\"itemListElement\":[{\"@type\":\"ListItem\",\"position\":1,\"name\":\"Hjem\",\"item\":\"https:\\\/\\\/detgroennemuseum.dk\\\/\"},{\"@type\":\"ListItem\",\"position\":2,\"name\":\"Praktisk information\"}]},{\"@type\":\"WebSite\",\"@id\":\"https:\\\/\\\/detgroennemuseum.dk\\\/#website\",\"url\":\"https:\\\/\\\/detgroennemuseum.dk\\\/\",\"name\":\"Det Gr\u00f8nne Museum\",\"description\":\"Danmarks nationale museum for jagten, skoven, landbruget og maden\",\"potentialAction\":[{\"@type\":\"SearchAction\",\"target\":{\"@type\":\"EntryPoint\",\"urlTemplate\":\"https:\\\/\\\/detgroennemuseum.dk\\\/?s={search_term_string}\"},\"query-input\":{\"@type\":\"PropertyValueSpecification\",\"valueRequired\":true,\"valueName\":\"search_term_string\"}}],\"inLanguage\":\"de\"}]}<\/script>\n<!-- \/ Yoast SEO plugin. -->","yoast_head_json":{"title":"Praktische Informationen und FAQ | Das Gr\u00fcne Museum","description":"Informieren Sie sich hier \u00fcber Parkm\u00f6glichkeiten, WLAN und vieles mehr rund um Ihren Besuch. Antworten auf diverse Fragen finden Sie auch in unseren FAQ.","robots":{"index":"index","follow":"follow","max-snippet":"max-snippet:-1","max-image-preview":"max-image-preview:large","max-video-preview":"max-video-preview:-1"},"canonical":"https:\/\/detgroennemuseum.dk\/de\/praktische-informationen\/","og_locale":"de_DE","og_type":"article","og_title":"Praktiske informationer og FAQ |\u00a0Det Gr\u00f8nne Museum","og_description":"Bliv klogere p\u00e5 parkering, wifi og meget andet vedr\u00f8rende dit bes\u00f8g lige her. Du kan ogs\u00e5 finde svar p\u00e5 forskellige sp\u00f8rgsm\u00e5l i vores FAQ.","og_url":"https:\/\/detgroennemuseum.dk\/de\/praktische-informationen\/","og_site_name":"Det Gr\u00f8nne Museum","article_modified_time":"2025-04-26T21:02:42+00:00","twitter_card":"summary_large_image","twitter_misc":{"Gesch\u00e4tzte Lesezeit":"3\u00a0Minuten"},"schema":{"@context":"https:\/\/schema.org","@graph":[{"@type":"WebPage","@id":"https:\/\/detgroennemuseum.dk\/praktisk-information\/","url":"https:\/\/detgroennemuseum.dk\/praktisk-information\/","name":"Praktische Informationen und FAQ | Das Gr\u00fcne Museum","isPartOf":{"@id":"https:\/\/detgroennemuseum.dk\/#website"},"datePublished":"2018-01-12T14:09:59+00:00","dateModified":"2025-04-26T21:02:42+00:00","description":"Informieren Sie sich hier \u00fcber Parkm\u00f6glichkeiten, WLAN und vieles mehr rund um Ihren Besuch. Antworten auf diverse Fragen finden Sie auch in unseren FAQ.","breadcrumb":{"@id":"https:\/\/detgroennemuseum.dk\/praktisk-information\/#breadcrumb"},"inLanguage":"de","potentialAction":[{"@type":"ReadAction","target":["https:\/\/detgroennemuseum.dk\/praktisk-information\/"]}]},{"@type":"BreadcrumbList","@id":"https:\/\/detgroennemuseum.dk\/praktisk-information\/#breadcrumb","itemListElement":[{"@type":"ListItem","position":1,"name":"Hjem","item":"https:\/\/detgroennemuseum.dk\/"},{"@type":"ListItem","position":2,"name":"Praktisk information"}]},{"@type":"WebSite","@id":"https:\/\/detgroennemuseum.dk\/#website","url":"https:\/\/detgroennemuseum.dk\/","name":"Das Gr\u00fcne Museum","description":"D\u00e4nisches Nationalmuseum f\u00fcr Jagd, Forstwirtschaft, Landwirtschaft und Ern\u00e4hrung","potentialAction":[{"@type":"SearchAction","target":{"@type":"EntryPoint","urlTemplate":"https:\/\/detgroennemuseum.dk\/?s={search_term_string}"},"query-input":{"@type":"PropertyValueSpecification","valueRequired":true,"valueName":"search_term_string"}}],"inLanguage":"de"}]}},"_links":{"self":[{"href":"https:\/\/detgroennemuseum.dk\/de\/wp-json\/wp\/v2\/pages\/3268","targetHints":{"allow":["GET"]}}],"collection":[{"href":"https:\/\/detgroennemuseum.dk\/de\/wp-json\/wp\/v2\/pages"}],"about":[{"href":"https:\/\/detgroennemuseum.dk\/de\/wp-json\/wp\/v2\/types\/page"}],"author":[{"embeddable":true,"href":"https:\/\/detgroennemuseum.dk\/de\/wp-json\/wp\/v2\/users\/3"}],"replies":[{"embeddable":true,"href":"https:\/\/detgroennemuseum.dk\/de\/wp-json\/wp\/v2\/comments?post=3268"}],"version-history":[{"count":22,"href":"https:\/\/detgroennemuseum.dk\/de\/wp-json\/wp\/v2\/pages\/3268\/revisions"}],"predecessor-version":[{"id":25506,"href":"https:\/\/detgroennemuseum.dk\/de\/wp-json\/wp\/v2\/pages\/3268\/revisions\/25506"}],"wp:attachment":[{"href":"https:\/\/detgroennemuseum.dk\/de\/wp-json\/wp\/v2\/media?parent=3268"}],"curies":[{"name":"wp","href":"https:\/\/api.w.org\/{rel}","templated":true}]}}