{"id":3265,"date":"2018-01-12T15:08:24","date_gmt":"2018-01-12T14:08:24","guid":{"rendered":"http:\/\/detgroennemuseum.dk\/?page_id=3265"},"modified":"2026-04-16T09:55:15","modified_gmt":"2026-04-16T07:55:15","slug":"ticketpreise","status":"publish","type":"page","link":"https:\/\/detgroennemuseum.dk\/de\/billetpriser\/","title":{"rendered":"Ticketpreise"},"content":{"rendered":"<div class=\"wpb-content-wrapper\"><div class=\"vc_row wpb_row vc_row-fluid\"><div class=\"wpb_column vc_column_container vc_col-sm-12\"><div class=\"vc_column-inner\"><div class=\"wpb_wrapper\">\n\t<div class=\"wpb_text_column wpb_content_element\" >\n\t\t<div class=\"wpb_wrapper\">\n\t\t\t<h1><strong>Ticketpreise<\/strong><\/h1>\n\n\t\t<\/div>\n\t<\/div>\n<div class=\"vc_empty_space\"   style=\"height: 32px\"><span class=\"vc_empty_space_inner\"><\/span><\/div><\/div><\/div><\/div><\/div><div class=\"vc_row wpb_row vc_row-fluid vc_custom_1515156580374\"><div class=\"wpb_column vc_column_container vc_col-sm-6\"><div class=\"vc_column-inner\"><div class=\"wpb_wrapper\">\n\t<div class=\"wpb_text_column wpb_content_element\" >\n\t\t<div class=\"wpb_wrapper\">\n\t\t\t<h3>M\u00f6glichkeiten zum Ticket- und Jahreskartenkauf<\/h3>\n<p><span style=\"color: #008000;\"><em>Die folgenden Optionen bieten Zugang zum Gr\u00fcnen Museum und zum Herrenhausmuseum Gammel Estrup.<\/em><\/span><\/p>\n<p><strong>Erwachsene:<\/strong> 160 kr. (HINWEIS: Das Ticket f\u00fcr das Wochenende, an dem ein Weihnachtsmarkt stattfindet, kostet nur 140 DKK)<\/p>\n<p><strong>Kinder unter 18 Jahren:<\/strong> Frei<\/p>\n<p><strong>Student:<\/strong> 90 kr.<\/p>\n<p><strong>Gruppenrabatt (ab 20 Personen):<\/strong> 125 kr.<\/p>\n<p><strong>Rollstuhlfahrer<\/strong>: 80 kr.<\/p>\n<p><em>(Bitte beachten Sie, dass es in beiden Museen Bereiche gibt, die mit dem Rollstuhl nur schwer zug\u00e4nglich sind)<\/em><\/p>\n<p><strong>Jahreskarte:<\/strong> 280 kr.<\/p>\n<p><strong>Jahreskarte +1:<\/strong> 425 kr.<\/p>\n<p><strong>Studierendenjahreskarte (mit g\u00fcltigem Studierendenausweis):<\/strong> 150 kr.<\/p>\n<p><em>F\u00fcr den Besuch des Au\u00dfenbereichs des Museums w\u00e4hrend der \u00d6ffnungszeiten ist der Erwerb einer Eintrittskarte erforderlich. F\u00fcr den Besuch des Restaurants Den Gamle Stald ben\u00f6tigen Sie allerdings keine Eintrittskarte.<\/em><\/p>\n<p><strong>AUFMERKSAMKEIT! F\u00fcr verlorene Jahreskarten, Studentenjahreskarten und Jahreskarten +1 leisten wir keinen Ersatz.<\/strong><\/p>\n<p><span style=\"color: #008000;\"><em>Der Eintrittspreis beinhaltet ein Kombiticket f\u00fcr das Gr\u00fcne Museum und das benachbarte Herrenhausmuseum Gammel Estrup Denmark. Es ist auch m\u00f6glich, ein Ticket nur f\u00fcr das Gr\u00fcne Museum zu erwerben \u2013 der Preis ist derselbe.<\/em><\/span><\/p>\n\n\t\t<\/div>\n\t<\/div>\n\n\t<div class=\"wpb_text_column wpb_content_element  vc_custom_1518620938658\" >\n\t\t<div class=\"wpb_wrapper\">\n\t\t\t\n\t\t<\/div>\n\t<\/div>\n<\/div><\/div><\/div><div class=\"wpb_column vc_column_container vc_col-sm-6\"><div class=\"vc_column-inner\"><div class=\"wpb_wrapper\"><section class=\"vc_cta3-container\"><div class=\"vc_general vc_do_cta3 vc_cta3 vc_cta3-style-flat vc_cta3-shape-square vc_cta3-align-left vc_cta3-color-green vc_cta3-icon-size-md\"><div class=\"vc_cta3_content-container\"><div class=\"vc_cta3-content\"><header class=\"vc_cta3-content-header\"><h2>Kaufen Sie eine Jahreskarte<\/h2><\/header><p>Mit einer Jahreskarte f\u00fcr das Gr\u00fcne Museum haben Sie freien Eintritt in das Gr\u00fcne Museum und das benachbarte Museum. <a style=\"color: #fff;\" href=\"http:\/\/www.gammelestrup.dk\" target=\"_blank\" rel=\"noopener noreferrer\">Gamle Estrup \u2013 D\u00e4nemarks Herrenhausmuseum<\/a> w\u00e4hrend der \u00d6ffnungszeiten. Die Jahreskarte ist pers\u00f6nlich und ab Kaufdatum ein Jahr g\u00fcltig.<\/p>\n<p>Die Jahreskarte gibt es in drei Varianten. Die regul\u00e4re Jahreskarte f\u00fcr <strong>280 kr.<\/strong> erm\u00f6glicht dem Karteninhaber ein Jahr lang freien Eintritt. <strong>Jahreskarte +1 f\u00fcr 425 kr.<\/strong> gibt<strong> der Karteninhaber + ein Gast<\/strong> Ein Jahr lang freier Eintritt. Endlich <strong>Studierendenjahreskarte<\/strong> das f\u00fcr 150 kr. erworben werden kann. gegen Vorlage eines g\u00fcltigen Studierendenausweises. Dar\u00fcber hinaus gibt es eine Reihe weiterer Vorteile:<\/p>\n<ul>\n<li>Gruppenpreis Eintritt in\u00a0<a href=\"http:\/\/www.kattegatcentret.dk\" target=\"_blank\" rel=\"noopener noreferrer\"><span style=\"color: #fff;\">Kattegat-Zentrum<\/span><\/a> in Grenaa<\/li>\n<li>20 Prozent Erm\u00e4\u00dfigung auf den Eintritt in <a href=\"http:\/\/www.glaskunst.dk\" target=\"_blank\" rel=\"noopener\"><span style=\"color: #ffffff;\">Glas \u2013 Das Museum f\u00fcr Glaskunst<\/span><\/a>\u00a0in Ebeltoft<\/li>\n<li>10 Prozent Rabatt auf Eink\u00e4ufe \u00fcber 100 kr. im Museumsshop des Gr\u00fcnen Museums und von Gammel Estrup \u2013 D\u00e4nemarks Herrenhausmuseum.<\/li>\n<li>Eine kostenlose Tasse Kaffee im Restaurant des Gr\u00fcnen Museums, <span style=\"color: #fff;\"><a style=\"color: #fff;\" href=\"http:\/\/www.dengamlestald.nu\">Der alte Stall<\/a>,\u00a0<\/span>im Zusammenhang mit einem anderen Kauf.<\/li>\n<\/ul>\n<p><em>Der Umtausch der Tickets muss am selben Tag des Kaufs und sp\u00e4testens 30 Minuten vor Schlie\u00dfung erfolgen.<\/em><\/p>\n<\/div><\/div><\/div><\/section><\/div><\/div><\/div><\/div><div class=\"vc_row wpb_row vc_row-fluid vc_custom_1517840600203\"><div class=\"wpb_column vc_column_container vc_col-sm-6\"><div class=\"vc_column-inner\"><div class=\"wpb_wrapper\">\n\t<div  class=\"wpb_single_image wpb_content_element vc_align_left  vc_custom_1518620395231\">\n\t\t\n\t\t<figure class=\"wpb_wrapper vc_figure\">\n\t\t\t<div class=\"vc_single_image-wrapper   vc_box_border_grey\"><img decoding=\"async\" width=\"1600\" height=\"1133\" data-src=\"https:\/\/detgroennemuseum.dk\/wp-content\/uploads\/2018\/02\/boern-leger.jpg\" class=\"vc_single_image-img attachment-full lazyload\" alt=\"\" title=\"Born Leger\" data-srcset=\"https:\/\/detgroennemuseum.dk\/wp-content\/uploads\/2018\/02\/boern-leger.jpg 1600w, https:\/\/detgroennemuseum.dk\/wp-content\/smush-webp\/2018\/02\/boern-leger-600x425.jpg.webp 600w, https:\/\/detgroennemuseum.dk\/wp-content\/uploads\/2018\/02\/boern-leger-300x212.jpg 300w, https:\/\/detgroennemuseum.dk\/wp-content\/uploads\/2018\/02\/boern-leger-768x544.jpg 768w, https:\/\/detgroennemuseum.dk\/wp-content\/uploads\/2018\/02\/boern-leger-1024x725.jpg 1024w\" data-sizes=\"(max-width: 1600px) 100vw, 1600px\"  data-dt-location=\"https:\/\/detgroennemuseum.dk\/de\/boern-leger\/\" src=\"data:image\/svg+xml;base64,PHN2ZyB3aWR0aD0iMSIgaGVpZ2h0PSIxIiB4bWxucz0iaHR0cDovL3d3dy53My5vcmcvMjAwMC9zdmciPjwvc3ZnPg==\" style=\"--smush-placeholder-width: 1600px; --smush-placeholder-aspect-ratio: 1600\/1133;\" \/><\/div>\n\t\t<\/figure>\n\t<\/div>\n<\/div><\/div><\/div><div class=\"wpb_column vc_column_container vc_col-sm-6\"><div class=\"vc_column-inner\"><div class=\"wpb_wrapper\">\n\t<div  class=\"wpb_single_image wpb_content_element vc_align_left\">\n\t\t\n\t\t<figure class=\"wpb_wrapper vc_figure\">\n\t\t\t<div class=\"vc_single_image-wrapper   vc_box_border_grey\"><img decoding=\"async\" width=\"1600\" height=\"1133\" data-src=\"https:\/\/detgroennemuseum.dk\/wp-content\/uploads\/2018\/02\/haven.jpg\" class=\"vc_single_image-img attachment-full lazyload\" alt=\"\" title=\"Der Garten\" data-srcset=\"https:\/\/detgroennemuseum.dk\/wp-content\/uploads\/2018\/02\/haven.jpg 1600w, https:\/\/detgroennemuseum.dk\/wp-content\/uploads\/2018\/02\/haven-600x425.jpg 600w, https:\/\/detgroennemuseum.dk\/wp-content\/uploads\/2018\/02\/haven-300x212.jpg 300w, https:\/\/detgroennemuseum.dk\/wp-content\/uploads\/2018\/02\/haven-768x544.jpg 768w, https:\/\/detgroennemuseum.dk\/wp-content\/uploads\/2018\/02\/haven-1024x725.jpg 1024w\" data-sizes=\"(max-width: 1600px) 100vw, 1600px\"  data-dt-location=\"https:\/\/detgroennemuseum.dk\/de\/haven\/\" src=\"data:image\/svg+xml;base64,PHN2ZyB3aWR0aD0iMSIgaGVpZ2h0PSIxIiB4bWxucz0iaHR0cDovL3d3dy53My5vcmcvMjAwMC9zdmciPjwvc3ZnPg==\" style=\"--smush-placeholder-width: 1600px; --smush-placeholder-aspect-ratio: 1600\/1133;\" \/><\/div>\n\t\t<\/figure>\n\t<\/div>\n<\/div><\/div><\/div><\/div>\n<\/div>","protected":false},"excerpt":{"rendered":"<p>Ticketpreise, Kaufoptionen f\u00fcr Tickets und Jahreskarten. Die folgenden Optionen bieten Zugang zum Gr\u00fcnen Museum und zum Herrenhausmuseum Gammel Estrup in D\u00e4nemark. Erwachsene: 160 DKK. (HINWEIS: Das Ticket f\u00fcr das Wochenende, das\u2026)<\/p>","protected":false},"author":3,"featured_media":0,"parent":0,"menu_order":0,"comment_status":"closed","ping_status":"closed","template":"","meta":{"_price":"","_stock":"","_tribe_ticket_header":"","_tribe_default_ticket_provider":"","_tribe_ticket_capacity":"0","_ticket_start_date":"","_ticket_end_date":"","_tribe_ticket_show_description":"","_tribe_ticket_show_not_going":false,"_tribe_ticket_use_global_stock":"","_tribe_ticket_global_stock_level":"","_global_stock_mode":"","_global_stock_cap":"","_tribe_rsvp_for_event":"","_tribe_ticket_going_count":"","_tribe_ticket_not_going_count":"","_tribe_tickets_list":"[]","_tribe_ticket_has_attendee_info_fields":false,"footnotes":""},"class_list":["post-3265","page","type-page","status-publish","hentry","description-off"],"yoast_head":"<!-- This site is optimized with the Yoast SEO plugin v27.5 - https:\/\/yoast.com\/product\/yoast-seo-wordpress\/ -->\n<title>Billetpriser hos Det Gr\u00f8nne Museum | K\u00f8b dine billetter her<\/title>\n<meta name=\"description\" content=\"Billetpriser til Det Gr\u00f8nne Museum: Voksne:\u00a0160 kr. B\u00f8rn under 18 \u00e5r: Gratis Studerende:\u00a090 kr. Grupperabat (20+ personer):\u00a0125 kr. pr. pers\" \/>\n<meta name=\"robots\" content=\"index, follow, max-snippet:-1, max-image-preview:large, max-video-preview:-1\" \/>\n<link rel=\"canonical\" href=\"https:\/\/detgroennemuseum.dk\/de\/ticketpreise\/\" \/>\n<meta property=\"og:locale\" content=\"de_DE\" \/>\n<meta property=\"og:type\" content=\"article\" \/>\n<meta property=\"og:title\" content=\"Billetpriser hos Det Gr\u00f8nne Museum | K\u00f8b dine billetter her\" \/>\n<meta property=\"og:description\" content=\"Billetpriser til Det Gr\u00f8nne Museum: Voksne:\u00a0160 kr. B\u00f8rn under 18 \u00e5r: Gratis Studerende:\u00a090 kr. Grupperabat (20+ personer):\u00a0125 kr. pr. pers\" \/>\n<meta property=\"og:url\" content=\"https:\/\/detgroennemuseum.dk\/de\/ticketpreise\/\" \/>\n<meta property=\"og:site_name\" content=\"Det Gr\u00f8nne Museum\" \/>\n<meta property=\"article:modified_time\" content=\"2026-04-16T07:55:15+00:00\" \/>\n<meta name=\"twitter:card\" content=\"summary_large_image\" \/>\n<meta name=\"twitter:label1\" content=\"Gesch\u00e4tzte Lesezeit\" \/>\n\t<meta name=\"twitter:data1\" content=\"2\u00a0Minuten\" \/>\n<script type=\"application\/ld+json\" class=\"yoast-schema-graph\">{\"@context\":\"https:\\\/\\\/schema.org\",\"@graph\":[{\"@type\":\"WebPage\",\"@id\":\"https:\\\/\\\/detgroennemuseum.dk\\\/billetpriser\\\/\",\"url\":\"https:\\\/\\\/detgroennemuseum.dk\\\/billetpriser\\\/\",\"name\":\"Billetpriser hos Det Gr\u00f8nne Museum | K\u00f8b dine billetter her\",\"isPartOf\":{\"@id\":\"https:\\\/\\\/detgroennemuseum.dk\\\/#website\"},\"datePublished\":\"2018-01-12T14:08:24+00:00\",\"dateModified\":\"2026-04-16T07:55:15+00:00\",\"description\":\"Billetpriser til Det Gr\u00f8nne Museum: Voksne:\u00a0160 kr. B\u00f8rn under 18 \u00e5r: Gratis Studerende:\u00a090 kr. Grupperabat (20+ personer):\u00a0125 kr. pr. pers\",\"breadcrumb\":{\"@id\":\"https:\\\/\\\/detgroennemuseum.dk\\\/billetpriser\\\/#breadcrumb\"},\"inLanguage\":\"de\",\"potentialAction\":[{\"@type\":\"ReadAction\",\"target\":[\"https:\\\/\\\/detgroennemuseum.dk\\\/billetpriser\\\/\"]}]},{\"@type\":\"BreadcrumbList\",\"@id\":\"https:\\\/\\\/detgroennemuseum.dk\\\/billetpriser\\\/#breadcrumb\",\"itemListElement\":[{\"@type\":\"ListItem\",\"position\":1,\"name\":\"Hjem\",\"item\":\"https:\\\/\\\/detgroennemuseum.dk\\\/\"},{\"@type\":\"ListItem\",\"position\":2,\"name\":\"Billetpriser\"}]},{\"@type\":\"WebSite\",\"@id\":\"https:\\\/\\\/detgroennemuseum.dk\\\/#website\",\"url\":\"https:\\\/\\\/detgroennemuseum.dk\\\/\",\"name\":\"Det Gr\u00f8nne Museum\",\"description\":\"Danmarks nationale museum for jagten, skoven, landbruget og maden\",\"potentialAction\":[{\"@type\":\"SearchAction\",\"target\":{\"@type\":\"EntryPoint\",\"urlTemplate\":\"https:\\\/\\\/detgroennemuseum.dk\\\/?s={search_term_string}\"},\"query-input\":{\"@type\":\"PropertyValueSpecification\",\"valueRequired\":true,\"valueName\":\"search_term_string\"}}],\"inLanguage\":\"de\"}]}<\/script>\n<!-- \/ Yoast SEO plugin. -->","yoast_head_json":{"title":"Ticketpreise im Green Museum | Kaufen Sie Ihre Tickets hier","description":"Ticketpreise f\u00fcr das Gr\u00fcne Museum: Erwachsene: 160 kr. Kinder unter 18 Jahren: Kostenlos. Studenten: 90 kr. Gruppenrabatt (20+ Personen): 125 kr. pro Druck","robots":{"index":"index","follow":"follow","max-snippet":"max-snippet:-1","max-image-preview":"max-image-preview:large","max-video-preview":"max-video-preview:-1"},"canonical":"https:\/\/detgroennemuseum.dk\/de\/ticketpreise\/","og_locale":"de_DE","og_type":"article","og_title":"Billetpriser hos Det Gr\u00f8nne Museum | K\u00f8b dine billetter her","og_description":"Billetpriser til Det Gr\u00f8nne Museum: Voksne:\u00a0160 kr. B\u00f8rn under 18 \u00e5r: Gratis Studerende:\u00a090 kr. Grupperabat (20+ personer):\u00a0125 kr. pr. pers","og_url":"https:\/\/detgroennemuseum.dk\/de\/ticketpreise\/","og_site_name":"Det Gr\u00f8nne Museum","article_modified_time":"2026-04-16T07:55:15+00:00","twitter_card":"summary_large_image","twitter_misc":{"Gesch\u00e4tzte Lesezeit":"2\u00a0Minuten"},"schema":{"@context":"https:\/\/schema.org","@graph":[{"@type":"WebPage","@id":"https:\/\/detgroennemuseum.dk\/billetpriser\/","url":"https:\/\/detgroennemuseum.dk\/billetpriser\/","name":"Ticketpreise im Green Museum | Kaufen Sie Ihre Tickets hier","isPartOf":{"@id":"https:\/\/detgroennemuseum.dk\/#website"},"datePublished":"2018-01-12T14:08:24+00:00","dateModified":"2026-04-16T07:55:15+00:00","description":"Ticketpreise f\u00fcr das Gr\u00fcne Museum: Erwachsene: 160 kr. Kinder unter 18 Jahren: Kostenlos. Studenten: 90 kr. Gruppenrabatt (20+ Personen): 125 kr. pro Druck","breadcrumb":{"@id":"https:\/\/detgroennemuseum.dk\/billetpriser\/#breadcrumb"},"inLanguage":"de","potentialAction":[{"@type":"ReadAction","target":["https:\/\/detgroennemuseum.dk\/billetpriser\/"]}]},{"@type":"BreadcrumbList","@id":"https:\/\/detgroennemuseum.dk\/billetpriser\/#breadcrumb","itemListElement":[{"@type":"ListItem","position":1,"name":"Hjem","item":"https:\/\/detgroennemuseum.dk\/"},{"@type":"ListItem","position":2,"name":"Billetpriser"}]},{"@type":"WebSite","@id":"https:\/\/detgroennemuseum.dk\/#website","url":"https:\/\/detgroennemuseum.dk\/","name":"Das Gr\u00fcne Museum","description":"D\u00e4nisches Nationalmuseum f\u00fcr Jagd, Forstwirtschaft, Landwirtschaft und Ern\u00e4hrung","potentialAction":[{"@type":"SearchAction","target":{"@type":"EntryPoint","urlTemplate":"https:\/\/detgroennemuseum.dk\/?s={search_term_string}"},"query-input":{"@type":"PropertyValueSpecification","valueRequired":true,"valueName":"search_term_string"}}],"inLanguage":"de"}]}},"_links":{"self":[{"href":"https:\/\/detgroennemuseum.dk\/de\/wp-json\/wp\/v2\/pages\/3265","targetHints":{"allow":["GET"]}}],"collection":[{"href":"https:\/\/detgroennemuseum.dk\/de\/wp-json\/wp\/v2\/pages"}],"about":[{"href":"https:\/\/detgroennemuseum.dk\/de\/wp-json\/wp\/v2\/types\/page"}],"author":[{"embeddable":true,"href":"https:\/\/detgroennemuseum.dk\/de\/wp-json\/wp\/v2\/users\/3"}],"replies":[{"embeddable":true,"href":"https:\/\/detgroennemuseum.dk\/de\/wp-json\/wp\/v2\/comments?post=3265"}],"version-history":[{"count":120,"href":"https:\/\/detgroennemuseum.dk\/de\/wp-json\/wp\/v2\/pages\/3265\/revisions"}],"predecessor-version":[{"id":27503,"href":"https:\/\/detgroennemuseum.dk\/de\/wp-json\/wp\/v2\/pages\/3265\/revisions\/27503"}],"wp:attachment":[{"href":"https:\/\/detgroennemuseum.dk\/de\/wp-json\/wp\/v2\/media?parent=3265"}],"curies":[{"name":"wp","href":"https:\/\/api.w.org\/{rel}","templated":true}]}}