{"id":2664,"date":"2017-12-07T12:27:38","date_gmt":"2017-12-07T11:27:38","guid":{"rendered":"http:\/\/detgroennemuseum.dk\/?page_id=2664"},"modified":"2025-04-26T23:01:57","modified_gmt":"2025-04-26T21:01:57","slug":"ubernachtung","status":"publish","type":"page","link":"https:\/\/detgroennemuseum.dk\/de\/overnatning\/","title":{"rendered":"Unterkunft"},"content":{"rendered":"<div class=\"wpb-content-wrapper\"><div class=\"vc_row wpb_row vc_row-fluid\"><div class=\"wpb_column vc_column_container vc_col-sm-12\"><div class=\"vc_column-inner\"><div class=\"wpb_wrapper\">\n\t<div class=\"wpb_text_column wpb_content_element\" >\n\t\t<div class=\"wpb_wrapper\">\n\t\t\t<h1 style=\"text-align: center;\"><strong>Unterkunft in der N\u00e4he des Gr\u00fcnen Museums<\/strong><\/h1>\n\n\t\t<\/div>\n\t<\/div>\n<\/div><\/div><\/div><\/div><div class=\"vc_row wpb_row vc_row-fluid vc_custom_1512646887073 vc_row-o-equal-height vc_row-flex\"><div class=\"wpb_column vc_column_container vc_col-sm-6\"><div class=\"vc_column-inner\"><div class=\"wpb_wrapper\">\n\t<div  class=\"wpb_single_image wpb_content_element vc_align_left\">\n\t\t\n\t\t<figure class=\"wpb_wrapper vc_figure\">\n\t\t\t<div class=\"vc_single_image-wrapper   vc_box_border_grey\"><img decoding=\"async\" width=\"1920\" height=\"1280\" data-src=\"https:\/\/detgroennemuseum.dk\/wp-content\/uploads\/2017\/12\/shelter.jpg\" class=\"vc_single_image-img attachment-full lazyload\" alt=\"\" title=\"Unterschlupf\" data-srcset=\"https:\/\/detgroennemuseum.dk\/wp-content\/uploads\/2017\/12\/shelter.jpg 1920w, https:\/\/detgroennemuseum.dk\/wp-content\/smush-webp\/2017\/12\/shelter-600x400.jpg.webp 600w, https:\/\/detgroennemuseum.dk\/wp-content\/uploads\/2017\/12\/shelter-300x200.jpg 300w, https:\/\/detgroennemuseum.dk\/wp-content\/uploads\/2017\/12\/shelter-768x512.jpg 768w, https:\/\/detgroennemuseum.dk\/wp-content\/uploads\/2017\/12\/shelter-1024x683.jpg 1024w\" data-sizes=\"(max-width: 1920px) 100vw, 1920px\"  data-dt-location=\"https:\/\/detgroennemuseum.dk\/de\/overnatning\/shelter\/\" src=\"data:image\/svg+xml;base64,PHN2ZyB3aWR0aD0iMSIgaGVpZ2h0PSIxIiB4bWxucz0iaHR0cDovL3d3dy53My5vcmcvMjAwMC9zdmciPjwvc3ZnPg==\" style=\"--smush-placeholder-width: 1920px; --smush-placeholder-aspect-ratio: 1920\/1280;\" \/><\/div>\n\t\t<\/figure>\n\t<\/div>\n\n\t<div class=\"wpb_text_column wpb_content_element  vc_custom_1688453799548\" >\n\t\t<div class=\"wpb_wrapper\">\n\t\t\t<h2>\u00dcbernachten in einer Notunterkunft<\/h2>\n\n\t\t<\/div>\n\t<\/div>\n\n\t<div class=\"wpb_text_column wpb_content_element  vc_custom_1688453840794\" >\n\t\t<div class=\"wpb_wrapper\">\n\t\t\t<p>Wenn Sie im Freien \u00fcbernachten m\u00f6chten, k\u00f6nnen Sie auf einem der Schutzh\u00fcttenpl\u00e4tze der Gemeinde Norddjurs campen, die sich in der N\u00e4he des Gr\u00fcnen Museums befinden. Der Platz liegt etwa 1 km vom Museum entfernt.<\/p>\n\n\t\t<\/div>\n\t<\/div>\n\n\t<div class=\"wpb_text_column wpb_content_element  vc_custom_1688453851824\" >\n\t\t<div class=\"wpb_wrapper\">\n\t\t\t<ul>\n<li><strong>Auf dem Schutzh\u00fcttengel\u00e4nde gibt es eine Komposttoilette.<\/strong><\/li>\n<li><strong>Es besteht Zugang zu Wasser. das Museum.<\/strong><\/li>\n<li><strong>Hunde an der Leine sind erlaubt.<\/strong><\/li>\n<li><strong>Rad- und Wanderwege in der N\u00e4he.<\/strong><\/li>\n<li><strong>Der Shelter-Stellplatz kann nicht gebucht werden.<\/strong><\/li>\n<li><strong>Vor Ort gibt es sechs Unterst\u00e4nde.<\/strong><\/li>\n<li><strong>Brennholz muss mitgebracht werden.<\/strong><\/li>\n<\/ul>\n\n\t\t<\/div>\n\t<\/div>\n<\/div><\/div><\/div><div class=\"wpb_column vc_column_container vc_col-sm-6\"><div class=\"vc_column-inner\"><div class=\"wpb_wrapper\">\n\t<div  class=\"wpb_single_image wpb_content_element vc_align_left\">\n\t\t\n\t\t<figure class=\"wpb_wrapper vc_figure\">\n\t\t\t<div class=\"vc_single_image-wrapper   vc_box_border_grey\"><img decoding=\"async\" width=\"1920\" height=\"1280\" data-src=\"https:\/\/detgroennemuseum.dk\/wp-content\/uploads\/2017\/12\/gjerrild-hotel-1.jpg\" class=\"vc_single_image-img attachment-full lazyload\" alt=\"\" title=\"Gjerrild Hotel\" data-srcset=\"https:\/\/detgroennemuseum.dk\/wp-content\/uploads\/2017\/12\/gjerrild-hotel-1.jpg 1920w, https:\/\/detgroennemuseum.dk\/wp-content\/smush-webp\/2017\/12\/gjerrild-hotel-1-600x400.jpg.webp 600w, https:\/\/detgroennemuseum.dk\/wp-content\/uploads\/2017\/12\/gjerrild-hotel-1-300x200.jpg 300w, https:\/\/detgroennemuseum.dk\/wp-content\/uploads\/2017\/12\/gjerrild-hotel-1-768x512.jpg 768w, https:\/\/detgroennemuseum.dk\/wp-content\/uploads\/2017\/12\/gjerrild-hotel-1-1024x683.jpg 1024w\" data-sizes=\"(max-width: 1920px) 100vw, 1920px\"  data-dt-location=\"https:\/\/detgroennemuseum.dk\/de\/overnatning\/gjerrild-hotel-2\/\" src=\"data:image\/svg+xml;base64,PHN2ZyB3aWR0aD0iMSIgaGVpZ2h0PSIxIiB4bWxucz0iaHR0cDovL3d3dy53My5vcmcvMjAwMC9zdmciPjwvc3ZnPg==\" style=\"--smush-placeholder-width: 1920px; --smush-placeholder-aspect-ratio: 1920\/1280;\" \/><\/div>\n\t\t<\/figure>\n\t<\/div>\n\n\t<div class=\"wpb_text_column wpb_content_element  vc_custom_1512648346564\" >\n\t\t<div class=\"wpb_wrapper\">\n\t\t\t<h2>Finden Sie eine Unterkunft in der N\u00e4he<\/h2>\n\n\t\t<\/div>\n\t<\/div>\n\n\t<div class=\"wpb_text_column wpb_content_element  vc_custom_1512650752964\" >\n\t\t<div class=\"wpb_wrapper\">\n\t\t\t<p>In der N\u00e4he des Gr\u00fcnen Museums gibt es zahlreiche \u00dcbernachtungsm\u00f6glichkeiten.<\/p>\n\n\t\t<\/div>\n\t<\/div>\n\n\t<div class=\"wpb_text_column wpb_content_element  vc_custom_1619690541862\" >\n\t\t<div class=\"wpb_wrapper\">\n\t\t\t<ul>\n<li><span style=\"color: #98c218;\"><a style=\"color: #98c218;\" href=\"https:\/\/www.feline.dk\/artikler\/sommerhus-djursland\" target=\"_blank\" rel=\"noopener noreferrer\">Finden und buchen Sie Ihr Ferienhaus auf Djursland<\/a><\/span><\/li>\n<li><span style=\"color: #98c218;\"><a style=\"color: #98c218;\" href=\"https:\/\/www.sommerhus-siden.dk\/artikler\/sommerhus-djursland\" target=\"_blank\" rel=\"noopener noreferrer\">Sehen Sie sich die gro\u00dfe Auswahl an Ferienh\u00e4usern auf Djursland an<\/a><\/span><\/li>\n<li><a href=\"https:\/\/www.campaya.dk\/Danmark\/Region-Midtjylland\/Syddjurs\/Ebeltoft\/\"><span style=\"color: #98c218;\">Mieten Sie ein Sommerhaus in der N\u00e4he von Ebeltoft<\/span><\/a><\/li>\n<li><span style=\"color: #98c218;\"><a style=\"color: #98c218;\" href=\"https:\/\/grenaastrandcamping.dk\" target=\"_blank\" rel=\"noopener\">Finden und buchen Sie einen Platz f\u00fcr Ihren Wohnwagen bei Grenaa Strand Camping<\/a><\/span><\/li>\n<\/ul>\n\n\t\t<\/div>\n\t<\/div>\n<\/div><\/div><\/div><\/div>\n<\/div>","protected":false},"excerpt":{"rendered":"<p>\u00dcbernachtung in der N\u00e4he des Gr\u00fcnen Museums \u00dcbernachten in einer Schutzh\u00fctte Wenn Sie im Freien \u00fcbernachten m\u00f6chten, besteht die M\u00f6glichkeit, an einer der Schutzh\u00fctten zu zelten\u2026<\/p>","protected":false},"author":3,"featured_media":0,"parent":0,"menu_order":0,"comment_status":"closed","ping_status":"closed","template":"","meta":{"_price":"","_stock":"","_tribe_ticket_header":"","_tribe_default_ticket_provider":"","_tribe_ticket_capacity":"0","_ticket_start_date":"","_ticket_end_date":"","_tribe_ticket_show_description":"","_tribe_ticket_show_not_going":false,"_tribe_ticket_use_global_stock":"","_tribe_ticket_global_stock_level":"","_global_stock_mode":"","_global_stock_cap":"","_tribe_rsvp_for_event":"","_tribe_ticket_going_count":"","_tribe_ticket_not_going_count":"","_tribe_tickets_list":"[]","_tribe_ticket_has_attendee_info_fields":false,"footnotes":""},"class_list":["post-2664","page","type-page","status-publish","hentry","description-off"],"yoast_head":"<!-- This site is optimized with the Yoast SEO plugin v27.4 - https:\/\/yoast.com\/product\/yoast-seo-wordpress\/ -->\n<title>Find overnatning i n\u00e6rheden af Det Gr\u00f8nne Museum<\/title>\n<meta name=\"description\" content=\"Se overnatningsmuligheder t\u00e6t p\u00e5 Det Gr\u00f8nne Museum og Gammel Estrup ved Auning. Sommerhusomr\u00e5der, kroer, hotel og shelterplads. F\u00e5 mere info.\" \/>\n<meta name=\"robots\" content=\"index, follow, max-snippet:-1, max-image-preview:large, max-video-preview:-1\" \/>\n<link rel=\"canonical\" href=\"https:\/\/detgroennemuseum.dk\/de\/ubernachtung\/\" \/>\n<meta property=\"og:locale\" content=\"de_DE\" \/>\n<meta property=\"og:type\" content=\"article\" \/>\n<meta property=\"og:title\" content=\"Find overnatning i n\u00e6rheden af Det Gr\u00f8nne Museum\" \/>\n<meta property=\"og:description\" content=\"Se overnatningsmuligheder t\u00e6t p\u00e5 Det Gr\u00f8nne Museum og Gammel Estrup ved Auning. Sommerhusomr\u00e5der, kroer, hotel og shelterplads. F\u00e5 mere info.\" \/>\n<meta property=\"og:url\" content=\"https:\/\/detgroennemuseum.dk\/de\/ubernachtung\/\" \/>\n<meta property=\"og:site_name\" content=\"Det Gr\u00f8nne Museum\" \/>\n<meta property=\"article:modified_time\" content=\"2025-04-26T21:01:57+00:00\" \/>\n<meta name=\"twitter:card\" content=\"summary_large_image\" \/>\n<meta name=\"twitter:label1\" content=\"Gesch\u00e4tzte Lesezeit\" \/>\n\t<meta name=\"twitter:data1\" content=\"1\u00a0Minute\" \/>\n<script type=\"application\/ld+json\" class=\"yoast-schema-graph\">{\"@context\":\"https:\\\/\\\/schema.org\",\"@graph\":[{\"@type\":\"WebPage\",\"@id\":\"https:\\\/\\\/detgroennemuseum.dk\\\/overnatning\\\/\",\"url\":\"https:\\\/\\\/detgroennemuseum.dk\\\/overnatning\\\/\",\"name\":\"Find overnatning i n\u00e6rheden af Det Gr\u00f8nne Museum\",\"isPartOf\":{\"@id\":\"https:\\\/\\\/detgroennemuseum.dk\\\/#website\"},\"datePublished\":\"2017-12-07T11:27:38+00:00\",\"dateModified\":\"2025-04-26T21:01:57+00:00\",\"description\":\"Se overnatningsmuligheder t\u00e6t p\u00e5 Det Gr\u00f8nne Museum og Gammel Estrup ved Auning. Sommerhusomr\u00e5der, kroer, hotel og shelterplads. F\u00e5 mere info.\",\"breadcrumb\":{\"@id\":\"https:\\\/\\\/detgroennemuseum.dk\\\/overnatning\\\/#breadcrumb\"},\"inLanguage\":\"de\",\"potentialAction\":[{\"@type\":\"ReadAction\",\"target\":[\"https:\\\/\\\/detgroennemuseum.dk\\\/overnatning\\\/\"]}]},{\"@type\":\"BreadcrumbList\",\"@id\":\"https:\\\/\\\/detgroennemuseum.dk\\\/overnatning\\\/#breadcrumb\",\"itemListElement\":[{\"@type\":\"ListItem\",\"position\":1,\"name\":\"Hjem\",\"item\":\"https:\\\/\\\/detgroennemuseum.dk\\\/\"},{\"@type\":\"ListItem\",\"position\":2,\"name\":\"Overnatning\"}]},{\"@type\":\"WebSite\",\"@id\":\"https:\\\/\\\/detgroennemuseum.dk\\\/#website\",\"url\":\"https:\\\/\\\/detgroennemuseum.dk\\\/\",\"name\":\"Det Gr\u00f8nne Museum\",\"description\":\"Danmarks nationale museum for jagten, skoven, landbruget og maden\",\"potentialAction\":[{\"@type\":\"SearchAction\",\"target\":{\"@type\":\"EntryPoint\",\"urlTemplate\":\"https:\\\/\\\/detgroennemuseum.dk\\\/?s={search_term_string}\"},\"query-input\":{\"@type\":\"PropertyValueSpecification\",\"valueRequired\":true,\"valueName\":\"search_term_string\"}}],\"inLanguage\":\"de\"}]}<\/script>\n<!-- \/ Yoast SEO plugin. -->","yoast_head_json":{"title":"Finden Sie eine Unterkunft in der N\u00e4he des Green Museum","description":"Sehen Sie sich Unterkunftsm\u00f6glichkeiten in der N\u00e4he des Gr\u00fcnen Museums und von Gammel Estrup bei Auning an. Ferienhaussiedlungen, Gasth\u00f6fe, Hotel- und Schutzh\u00fcttensiedlungen. Weitere Informationen erhalten.","robots":{"index":"index","follow":"follow","max-snippet":"max-snippet:-1","max-image-preview":"max-image-preview:large","max-video-preview":"max-video-preview:-1"},"canonical":"https:\/\/detgroennemuseum.dk\/de\/ubernachtung\/","og_locale":"de_DE","og_type":"article","og_title":"Find overnatning i n\u00e6rheden af Det Gr\u00f8nne Museum","og_description":"Se overnatningsmuligheder t\u00e6t p\u00e5 Det Gr\u00f8nne Museum og Gammel Estrup ved Auning. Sommerhusomr\u00e5der, kroer, hotel og shelterplads. F\u00e5 mere info.","og_url":"https:\/\/detgroennemuseum.dk\/de\/ubernachtung\/","og_site_name":"Det Gr\u00f8nne Museum","article_modified_time":"2025-04-26T21:01:57+00:00","twitter_card":"summary_large_image","twitter_misc":{"Gesch\u00e4tzte Lesezeit":"1\u00a0Minute"},"schema":{"@context":"https:\/\/schema.org","@graph":[{"@type":"WebPage","@id":"https:\/\/detgroennemuseum.dk\/overnatning\/","url":"https:\/\/detgroennemuseum.dk\/overnatning\/","name":"Finden Sie eine Unterkunft in der N\u00e4he des Green Museum","isPartOf":{"@id":"https:\/\/detgroennemuseum.dk\/#website"},"datePublished":"2017-12-07T11:27:38+00:00","dateModified":"2025-04-26T21:01:57+00:00","description":"Sehen Sie sich Unterkunftsm\u00f6glichkeiten in der N\u00e4he des Gr\u00fcnen Museums und von Gammel Estrup bei Auning an. Ferienhaussiedlungen, Gasth\u00f6fe, Hotel- und Schutzh\u00fcttensiedlungen. Weitere Informationen erhalten.","breadcrumb":{"@id":"https:\/\/detgroennemuseum.dk\/overnatning\/#breadcrumb"},"inLanguage":"de","potentialAction":[{"@type":"ReadAction","target":["https:\/\/detgroennemuseum.dk\/overnatning\/"]}]},{"@type":"BreadcrumbList","@id":"https:\/\/detgroennemuseum.dk\/overnatning\/#breadcrumb","itemListElement":[{"@type":"ListItem","position":1,"name":"Hjem","item":"https:\/\/detgroennemuseum.dk\/"},{"@type":"ListItem","position":2,"name":"Overnatning"}]},{"@type":"WebSite","@id":"https:\/\/detgroennemuseum.dk\/#website","url":"https:\/\/detgroennemuseum.dk\/","name":"Das Gr\u00fcne Museum","description":"D\u00e4nisches Nationalmuseum f\u00fcr Jagd, Forstwirtschaft, Landwirtschaft und Ern\u00e4hrung","potentialAction":[{"@type":"SearchAction","target":{"@type":"EntryPoint","urlTemplate":"https:\/\/detgroennemuseum.dk\/?s={search_term_string}"},"query-input":{"@type":"PropertyValueSpecification","valueRequired":true,"valueName":"search_term_string"}}],"inLanguage":"de"}]}},"_links":{"self":[{"href":"https:\/\/detgroennemuseum.dk\/de\/wp-json\/wp\/v2\/pages\/2664","targetHints":{"allow":["GET"]}}],"collection":[{"href":"https:\/\/detgroennemuseum.dk\/de\/wp-json\/wp\/v2\/pages"}],"about":[{"href":"https:\/\/detgroennemuseum.dk\/de\/wp-json\/wp\/v2\/types\/page"}],"author":[{"embeddable":true,"href":"https:\/\/detgroennemuseum.dk\/de\/wp-json\/wp\/v2\/users\/3"}],"replies":[{"embeddable":true,"href":"https:\/\/detgroennemuseum.dk\/de\/wp-json\/wp\/v2\/comments?post=2664"}],"version-history":[{"count":37,"href":"https:\/\/detgroennemuseum.dk\/de\/wp-json\/wp\/v2\/pages\/2664\/revisions"}],"predecessor-version":[{"id":25578,"href":"https:\/\/detgroennemuseum.dk\/de\/wp-json\/wp\/v2\/pages\/2664\/revisions\/25578"}],"wp:attachment":[{"href":"https:\/\/detgroennemuseum.dk\/de\/wp-json\/wp\/v2\/media?parent=2664"}],"curies":[{"name":"wp","href":"https:\/\/api.w.org\/{rel}","templated":true}]}}