{"id":26450,"date":"2025-12-15T10:44:52","date_gmt":"2025-12-15T09:44:52","guid":{"rendered":"https:\/\/detgroennemuseum.dk\/?page_id=26450"},"modified":"2025-12-15T10:44:52","modified_gmt":"2025-12-15T09:44:52","slug":"vom-schaf-zum-mantel","status":"publish","type":"page","link":"https:\/\/detgroennemuseum.dk\/de\/undervisning\/fra-faar-til-frakke\/","title":{"rendered":"VOM SCHAF ZUM MANTEL"},"content":{"rendered":"<div class=\"wpb-content-wrapper\"><div class=\"vc_row wpb_row vc_row-fluid\"><div class=\"wpb_column vc_column_container vc_col-sm-12\"><div class=\"vc_column-inner\"><div class=\"wpb_wrapper\">\n\t<div class=\"wpb_text_column wpb_content_element\" >\n\t\t<div class=\"wpb_wrapper\">\n\t\t\t<h1 style=\"text-align: center;\">Vom Schaf zum Mantel<\/h1>\n\n\t\t<\/div>\n\t<\/div>\n<\/div><\/div><\/div><\/div><div class=\"vc_row wpb_row vc_row-fluid vc_custom_1515156580374\"><div class=\"wpb_column vc_column_container vc_col-sm-12\"><div class=\"vc_column-inner\"><div class=\"wpb_wrapper\">\n\t<div class=\"wpb_text_column wpb_content_element  vc_custom_1765783945345\" >\n\t\t<div class=\"wpb_wrapper\">\n\t\t\t<h3>Ein Lehrgang \u00fcber Nutztiere und insbesondere \u00fcber die Rolle der Schafe in der d\u00e4nischen Agrargeschichte<\/h3>\n<p>Das Schaf z\u00e4hlt zu den \u00e4ltesten Haustieren der Welt. Die Schafe, die wir heute kennen, stammen vom Wildschaf Mufflon ab, das noch heute in Asien und Europa lebt. Mit der Einf\u00fchrung des Ackerbaus und der Rinderhaltung gelangten die Schafe vor etwa 6000 Jahren nach D\u00e4nemark.<\/p>\n<p>Urspr\u00fcnglich wurden Schafe zur Fleischgewinnung genutzt, da Wildschafe nicht viel Wolle hatten. Sp\u00e4ter wurden Schafe mit mehr Wolle gez\u00fcchtet, um Kleidung herzustellen.<\/p>\n<p>Vor allem die Frauen in den alten b\u00e4uerlichen Gemeinschaften \u00fcbernahmen die Verantwortung f\u00fcr die Verarbeitung von Wolle und Leinen sowie die Herstellung von Kleidung f\u00fcr den Alltag und festliche Anl\u00e4sse. Die Aufgaben der M\u00e4nner beschr\u00e4nkten sich auf die ersten Verarbeitungsschritte, die oft Kraft und viele helfende H\u00e4nde erforderten. Die Wollverarbeitung war ein langwieriger Prozess. Zuerst mussten die frisch gewaschenen Schafe geschoren werden. Anschlie\u00dfend wurde die Wolle sortiert, kardiert, gesponnen und zu Kleidung gewebt oder gestrickt.<\/p>\n<p>In einem Kurs namens \u201eVom Schaf zum Mantel\u201c lernen die Teilnehmer traditionelle Handwerksk\u00fcnste kennen. Sie f\u00fchlen die Wolle \u2013 sowohl vor als auch nach dem Waschen. Die Wolle wird kardiert, gesponnen, gefilzt und vielleicht auch gestrickt, geh\u00e4kelt oder gewebt.<\/p>\n<p>Im Gr\u00fcnen Museum sind alle unsere Nutztiere lebendiges Kulturerbe und stammen aus alten d\u00e4nischen Rassen. Im Kurs \u201eVom Schaf zum Fell\u201c besuchen wir nat\u00fcrlich auch die museumseigenen Schafe. Der Kurs beginnt mit einer altersgerechten, dialogorientierten F\u00fchrung durch die Ausstellungen im Museum, wobei wir uns zun\u00e4chst den Schafen im Au\u00dfenbereich widmen. Sofern es in den F\u00fctterungsplan passt, f\u00fcttern die Sch\u00fcler die Schafe und sprechen \u00fcber die Merkmale der verschiedenen Rassen. Au\u00dferdem d\u00fcrfen sie die Wolle der unterschiedlichen Rassen f\u00fchlen.<\/p>\n\n\t\t<\/div>\n\t<\/div>\n<div  class=\"vc_do_toggle vc_toggle vc_toggle_default vc_toggle_color_default  vc_toggle_size_md\"><div class=\"vc_toggle_title\"><h4>ZIELGRUPPE<\/h4><i class=\"vc_toggle_icon\"><\/i><\/div><div class=\"vc_toggle_content\"><p>Einschulung<\/p>\n<p>Mittelstufe<\/p>\n<\/div><\/div><div  class=\"vc_do_toggle vc_toggle vc_toggle_default vc_toggle_color_default  vc_toggle_size_md\"><div class=\"vc_toggle_title\"><h4>THEMA<\/h4><i class=\"vc_toggle_icon\"><\/i><\/div><div class=\"vc_toggle_content\"><p>Ganzheitliche Entwicklung der Sch\u00fcler<\/p>\n<p>d\u00e4nisch<\/p>\n<p>Geschichte<\/p>\n<p>Kunsthandwerk und Design<\/p>\n<\/div><\/div><div  class=\"vc_do_toggle vc_toggle vc_toggle_default vc_toggle_color_default  vc_toggle_size_md\"><div class=\"vc_toggle_title\"><h4>Zeitaufwand und Richtprogramm<\/h4><i class=\"vc_toggle_icon\"><\/i><\/div><div class=\"vc_toggle_content\"><p>3,5 Stunden (Wenn Sie die Ausstellungen auf eigene Faust erkunden m\u00f6chten, planen Sie bitte nach dem Kurs zus\u00e4tzliche Zeit daf\u00fcr ein.)<\/p>\n<p>&nbsp;<\/p>\n<p><strong>RICHTLINIENPROGRAMM:<\/strong><\/p>\n<p class=\"cvGsUA direction-ltr align-start para-style-body\"><span class=\"a_GcMg font-feature-liga-off font-feature-clig-off font-feature-calt-off text-decoration-none text-strikethrough-none\">9.30 Uhr: Ankunft im Green Museum<\/span><\/p>\n<p class=\"cvGsUA direction-ltr align-start para-style-body\"><span class=\"a_GcMg font-feature-liga-off font-feature-clig-off font-feature-calt-off text-decoration-none text-strikethrough-none\">9.45 \u2013 11:00 Uhr: Besichtigung von Innen- und Au\u00dfenbereich<\/span><\/p>\n<p class=\"cvGsUA direction-ltr align-start para-style-body\"><span class=\"a_GcMg font-feature-liga-off font-feature-clig-off font-feature-calt-off text-decoration-none text-strikethrough-none\">11 \u2013 11.30 Uhr: <\/span><span class=\"a_GcMg font-feature-liga-off font-feature-clig-off font-feature-calt-off text-decoration-none text-strikethrough-none\">\u00a0 \u00a0 \u00a0 \u00a0Pause und Lunchpakete<\/span><\/p>\n<p class=\"cvGsUA direction-ltr align-start para-style-body\"><span class=\"a_GcMg font-feature-liga-off font-feature-clig-off font-feature-calt-off text-decoration-none text-strikethrough-none\">11.30 \u2013 13.00 Uhr: Arbeiten mit der Wolle<\/span><\/p>\n<p>13.00 Uhr: Ende und vielen Dank f\u00fcr heute<\/p>\n<\/div><\/div><div  class=\"vc_do_toggle vc_toggle vc_toggle_default vc_toggle_color_default  vc_toggle_size_md\"><div class=\"vc_toggle_title\"><h4>Nummer<\/h4><i class=\"vc_toggle_icon\"><\/i><\/div><div class=\"vc_toggle_content\"><p>Maximal 25 Personen pro Kurs<\/p>\n<\/div><\/div><div  class=\"vc_do_toggle vc_toggle vc_toggle_default vc_toggle_color_default  vc_toggle_size_md\"><div class=\"vc_toggle_title\"><h4>Preis<\/h4><i class=\"vc_toggle_icon\"><\/i><\/div><div class=\"vc_toggle_content\"><p>1500 kr<\/p>\n<\/div><\/div><div  class=\"vc_do_toggle vc_toggle vc_toggle_default vc_toggle_color_default  vc_toggle_size_md\"><div class=\"vc_toggle_title\"><h4>NOTIZ<\/h4><i class=\"vc_toggle_icon\"><\/i><\/div><div class=\"vc_toggle_content\"><p>Bringen Sie sich ein Lunchpaket mit \u2013 im Museum gibt es keine M\u00f6glichkeit, Essen zu kaufen.<\/p>\n<p>Das Museum erstreckt sich \u00fcber ein riesiges Gel\u00e4nde, und im Rahmen dieses Kurses werden wir auch das Au\u00dfengel\u00e4nde erkunden und die Tiere besuchen. Die Kinder sollten sich daher darauf einstellen, im Rahmen des Kurses l\u00e4ngere Strecken zu laufen.<\/p>\n<\/div><\/div><div  class=\"vc_do_toggle vc_toggle vc_toggle_default vc_toggle_color_default  vc_toggle_size_md\"><div class=\"vc_toggle_title\"><h4>Kompetenzziele<\/h4><i class=\"vc_toggle_icon\"><\/i><\/div><div class=\"vc_toggle_content\"><ul>\n<li>Der Student besitzt Kenntnisse \u00fcber die Grundlagen des Lebens und der Produktion in Vergangenheit und Gegenwart.<\/li>\n<li>Der Sch\u00fcler kann durch die Verwendung historischer Szenarien Kenntnisse \u00fcber Geschichte erwerben.<\/li>\n<li>Der Student kann seine eigenen und die historischen Erz\u00e4hlungen anderer zeitlich und r\u00e4umlich einordnen.<\/li>\n<li>Der Sch\u00fcler kann Ver\u00e4nderungen im Alltag und in den Lebensbedingungen im Laufe der Zeit mit seinem eigenen Leben in Verbindung bringen.<\/li>\n<li>Der Sch\u00fcler kann wesentliche Merkmale historischer Epochen vergleichen.<\/li>\n<li>Der Sch\u00fcler kann zwischen H\u00f6ren und Sprechen wechseln.<\/li>\n<li>Der Sch\u00fcler kennt die Regeln des Abwechselns.<\/li>\n<li>Der Sch\u00fcler kann die gesprochene Sprache in Gespr\u00e4chen und in der Zusammenarbeit einsetzen.<\/li>\n<\/ul>\n<\/div><\/div><div  class=\"vc_do_toggle vc_toggle vc_toggle_default vc_toggle_color_default  vc_toggle_size_md\"><div class=\"vc_toggle_title\"><h4>Unterrichtsmaterialien<\/h4><i class=\"vc_toggle_icon\"><\/i><\/div><div class=\"vc_toggle_content\"><p><a href=\"https:\/\/detgroennemuseum.dk\/wp-content\/uploads\/2025\/12\/FFF-til-underviseren.pdf\" target=\"\">Unterrichtsmaterialien \u00fcber Nutztiere und Haustiere (mit Lehrerinformationen)<\/a><\/p>\n<p><a href=\"https:\/\/detgroennemuseum.dk\/wp-content\/uploads\/2025\/12\/FFF-til-eleverne.pdf\" target=\"\">Unterrichtsmaterialien \u00fcber Nutztiere und Haustiere (f\u00fcr Sch\u00fcler)<\/a><\/p>\n<p><a href=\"https:\/\/detgroennemuseum.dk\/de\/dunlop-schafe-fur-den-heimunterricht\/\">Hausunterricht \u00fcber D\u00fcnenschafe<\/a><\/p>\n<\/div><\/div><\/div><\/div><\/div><\/div><div class=\"vc_row wpb_row vc_row-fluid\"><div class=\"wpb_column vc_column_container vc_col-sm-12\"><div class=\"vc_column-inner\"><div class=\"wpb_wrapper\">\n\t<div  class=\"wpb_single_image wpb_content_element vc_align_center\">\n\t\t\n\t\t<figure class=\"wpb_wrapper vc_figure\">\n\t\t\t<div class=\"vc_single_image-wrapper   vc_box_border_grey\"><img decoding=\"async\" width=\"1920\" height=\"890\" data-src=\"https:\/\/detgroennemuseum.dk\/wp-content\/smush-webp\/2025\/12\/FRA-FAaR-TIL-FRAKKE.jpg.webp\" class=\"vc_single_image-img attachment-full lazyload\" alt=\"Collage mit Bildern aus dem Lehrgang VOM SCHAF ZUM PELLAT im Green Museum\" title=\"VOM SCHAF ZUM MANTEL\" data-srcset=\"https:\/\/detgroennemuseum.dk\/wp-content\/smush-webp\/2025\/12\/FRA-FAaR-TIL-FRAKKE.jpg.webp 1920w, https:\/\/detgroennemuseum.dk\/wp-content\/smush-webp\/2025\/12\/FRA-FAaR-TIL-FRAKKE-600x278.jpg.webp 600w, https:\/\/detgroennemuseum.dk\/wp-content\/smush-webp\/2025\/12\/FRA-FAaR-TIL-FRAKKE-1024x475.jpg.webp 1024w, https:\/\/detgroennemuseum.dk\/wp-content\/smush-webp\/2025\/12\/FRA-FAaR-TIL-FRAKKE-768x356.jpg.webp 768w, https:\/\/detgroennemuseum.dk\/wp-content\/smush-webp\/2025\/12\/FRA-FAaR-TIL-FRAKKE-1536x712.jpg.webp 1536w, https:\/\/detgroennemuseum.dk\/wp-content\/smush-webp\/2025\/12\/FRA-FAaR-TIL-FRAKKE-18x8.jpg.webp 18w, https:\/\/detgroennemuseum.dk\/wp-content\/smush-webp\/2025\/12\/FRA-FAaR-TIL-FRAKKE-64x30.jpg.webp 64w\" data-sizes=\"(max-width: 1920px) 100vw, 1920px\"  data-dt-location=\"https:\/\/detgroennemuseum.dk\/de\/undervisning\/fra-faar-til-frakke\/fra-faar-til-frakke\/\" src=\"data:image\/svg+xml;base64,PHN2ZyB3aWR0aD0iMSIgaGVpZ2h0PSIxIiB4bWxucz0iaHR0cDovL3d3dy53My5vcmcvMjAwMC9zdmciPjwvc3ZnPg==\" style=\"--smush-placeholder-width: 1920px; --smush-placeholder-aspect-ratio: 1920\/890;\" \/><\/div>\n\t\t<\/figure>\n\t<\/div>\n<\/div><\/div><\/div><\/div>\n<\/div>","protected":false},"excerpt":{"rendered":"<p>Vom Schaf zum Mantel: Ein Lehrgang \u00fcber Nutztiere und insbesondere die Rolle des Schafs in der d\u00e4nischen Agrargeschichte. Das Schaf z\u00e4hlt zu den \u00e4ltesten Nutztieren der Welt. Die Schafe, die wir heute kennen, stammen von\u2026<\/p>","protected":false},"author":19,"featured_media":0,"parent":1258,"menu_order":0,"comment_status":"closed","ping_status":"closed","template":"","meta":{"_price":"","_stock":"","_tribe_ticket_header":"","_tribe_default_ticket_provider":"","_tribe_ticket_capacity":"0","_ticket_start_date":"","_ticket_end_date":"","_tribe_ticket_show_description":"","_tribe_ticket_show_not_going":false,"_tribe_ticket_use_global_stock":"","_tribe_ticket_global_stock_level":"","_global_stock_mode":"","_global_stock_cap":"","_tribe_rsvp_for_event":"","_tribe_ticket_going_count":"","_tribe_ticket_not_going_count":"","_tribe_tickets_list":"[]","_tribe_ticket_has_attendee_info_fields":false,"footnotes":""},"class_list":["post-26450","page","type-page","status-publish","hentry","description-off"],"yoast_head":"<!-- This site is optimized with the Yoast SEO plugin v27.4 - https:\/\/yoast.com\/product\/yoast-seo-wordpress\/ -->\n<title>Undervisningsforl\u00f8b | Fra f\u00e5r til frakke<\/title>\n<meta name=\"description\" content=\"Her kan du l\u00e6se mere om Det Gr\u00f8nne Museums undervisningsforl\u00f8b: FRA F\u00c5R TIL FRAKKE. Et forl\u00f8b om landbrugs historie - is\u00e6r f\u00e5rets rolle.\" \/>\n<meta name=\"robots\" content=\"index, follow, max-snippet:-1, max-image-preview:large, max-video-preview:-1\" \/>\n<link rel=\"canonical\" href=\"https:\/\/detgroennemuseum.dk\/de\/ausbildung\/vom-schaf-zum-mantel\/\" \/>\n<meta property=\"og:locale\" content=\"de_DE\" \/>\n<meta property=\"og:type\" content=\"article\" \/>\n<meta property=\"og:title\" content=\"Undervisningsforl\u00f8b | Fra f\u00e5r til frakke\" \/>\n<meta property=\"og:description\" content=\"Her kan du l\u00e6se mere om Det Gr\u00f8nne Museums undervisningsforl\u00f8b: FRA F\u00c5R TIL FRAKKE. Et forl\u00f8b om landbrugs historie - is\u00e6r f\u00e5rets rolle.\" \/>\n<meta property=\"og:url\" content=\"https:\/\/detgroennemuseum.dk\/de\/ausbildung\/vom-schaf-zum-mantel\/\" \/>\n<meta property=\"og:site_name\" content=\"Det Gr\u00f8nne Museum\" \/>\n<meta name=\"twitter:card\" content=\"summary_large_image\" \/>\n<meta name=\"twitter:label1\" content=\"Gesch\u00e4tzte Lesezeit\" \/>\n\t<meta name=\"twitter:data1\" content=\"3\u00a0Minuten\" \/>\n<script type=\"application\/ld+json\" class=\"yoast-schema-graph\">{\"@context\":\"https:\\\/\\\/schema.org\",\"@graph\":[{\"@type\":\"WebPage\",\"@id\":\"https:\\\/\\\/detgroennemuseum.dk\\\/undervisning\\\/fra-faar-til-frakke\\\/\",\"url\":\"https:\\\/\\\/detgroennemuseum.dk\\\/undervisning\\\/fra-faar-til-frakke\\\/\",\"name\":\"Undervisningsforl\u00f8b | Fra f\u00e5r til frakke\",\"isPartOf\":{\"@id\":\"https:\\\/\\\/detgroennemuseum.dk\\\/#website\"},\"datePublished\":\"2025-12-15T09:44:52+00:00\",\"description\":\"Her kan du l\u00e6se mere om Det Gr\u00f8nne Museums undervisningsforl\u00f8b: FRA F\u00c5R TIL FRAKKE. Et forl\u00f8b om landbrugs historie - is\u00e6r f\u00e5rets rolle.\",\"breadcrumb\":{\"@id\":\"https:\\\/\\\/detgroennemuseum.dk\\\/undervisning\\\/fra-faar-til-frakke\\\/#breadcrumb\"},\"inLanguage\":\"de\",\"potentialAction\":[{\"@type\":\"ReadAction\",\"target\":[\"https:\\\/\\\/detgroennemuseum.dk\\\/undervisning\\\/fra-faar-til-frakke\\\/\"]}]},{\"@type\":\"BreadcrumbList\",\"@id\":\"https:\\\/\\\/detgroennemuseum.dk\\\/undervisning\\\/fra-faar-til-frakke\\\/#breadcrumb\",\"itemListElement\":[{\"@type\":\"ListItem\",\"position\":1,\"name\":\"Hjem\",\"item\":\"https:\\\/\\\/detgroennemuseum.dk\\\/\"},{\"@type\":\"ListItem\",\"position\":2,\"name\":\"Undervisning\",\"item\":\"https:\\\/\\\/detgroennemuseum.dk\\\/undervisning\\\/\"},{\"@type\":\"ListItem\",\"position\":3,\"name\":\"FRA F\u00c5R TIL FRAKKE\"}]},{\"@type\":\"WebSite\",\"@id\":\"https:\\\/\\\/detgroennemuseum.dk\\\/#website\",\"url\":\"https:\\\/\\\/detgroennemuseum.dk\\\/\",\"name\":\"Det Gr\u00f8nne Museum\",\"description\":\"Danmarks nationale museum for jagten, skoven, landbruget og maden\",\"potentialAction\":[{\"@type\":\"SearchAction\",\"target\":{\"@type\":\"EntryPoint\",\"urlTemplate\":\"https:\\\/\\\/detgroennemuseum.dk\\\/?s={search_term_string}\"},\"query-input\":{\"@type\":\"PropertyValueSpecification\",\"valueRequired\":true,\"valueName\":\"search_term_string\"}}],\"inLanguage\":\"de\"}]}<\/script>\n<!-- \/ Yoast SEO plugin. -->","yoast_head_json":{"title":"Ausbildungskurs | Vom Schaf zum Mantel","description":"Hier erfahren Sie mehr \u00fcber den Bildungskurs des Green Museums: VOM SCHAF ZUM MANTEL. Ein Kurs \u00fcber die Geschichte der Landwirtschaft \u2013 insbesondere die Rolle der Schafe.","robots":{"index":"index","follow":"follow","max-snippet":"max-snippet:-1","max-image-preview":"max-image-preview:large","max-video-preview":"max-video-preview:-1"},"canonical":"https:\/\/detgroennemuseum.dk\/de\/ausbildung\/vom-schaf-zum-mantel\/","og_locale":"de_DE","og_type":"article","og_title":"Undervisningsforl\u00f8b | Fra f\u00e5r til frakke","og_description":"Her kan du l\u00e6se mere om Det Gr\u00f8nne Museums undervisningsforl\u00f8b: FRA F\u00c5R TIL FRAKKE. Et forl\u00f8b om landbrugs historie - is\u00e6r f\u00e5rets rolle.","og_url":"https:\/\/detgroennemuseum.dk\/de\/ausbildung\/vom-schaf-zum-mantel\/","og_site_name":"Det Gr\u00f8nne Museum","twitter_card":"summary_large_image","twitter_misc":{"Gesch\u00e4tzte Lesezeit":"3\u00a0Minuten"},"schema":{"@context":"https:\/\/schema.org","@graph":[{"@type":"WebPage","@id":"https:\/\/detgroennemuseum.dk\/undervisning\/fra-faar-til-frakke\/","url":"https:\/\/detgroennemuseum.dk\/undervisning\/fra-faar-til-frakke\/","name":"Ausbildungskurs | Vom Schaf zum Mantel","isPartOf":{"@id":"https:\/\/detgroennemuseum.dk\/#website"},"datePublished":"2025-12-15T09:44:52+00:00","description":"Hier erfahren Sie mehr \u00fcber den Bildungskurs des Green Museums: VOM SCHAF ZUM MANTEL. Ein Kurs \u00fcber die Geschichte der Landwirtschaft \u2013 insbesondere die Rolle der Schafe.","breadcrumb":{"@id":"https:\/\/detgroennemuseum.dk\/undervisning\/fra-faar-til-frakke\/#breadcrumb"},"inLanguage":"de","potentialAction":[{"@type":"ReadAction","target":["https:\/\/detgroennemuseum.dk\/undervisning\/fra-faar-til-frakke\/"]}]},{"@type":"BreadcrumbList","@id":"https:\/\/detgroennemuseum.dk\/undervisning\/fra-faar-til-frakke\/#breadcrumb","itemListElement":[{"@type":"ListItem","position":1,"name":"Hjem","item":"https:\/\/detgroennemuseum.dk\/"},{"@type":"ListItem","position":2,"name":"Undervisning","item":"https:\/\/detgroennemuseum.dk\/undervisning\/"},{"@type":"ListItem","position":3,"name":"FRA F\u00c5R TIL FRAKKE"}]},{"@type":"WebSite","@id":"https:\/\/detgroennemuseum.dk\/#website","url":"https:\/\/detgroennemuseum.dk\/","name":"Das Gr\u00fcne Museum","description":"D\u00e4nisches Nationalmuseum f\u00fcr Jagd, Forstwirtschaft, Landwirtschaft und Ern\u00e4hrung","potentialAction":[{"@type":"SearchAction","target":{"@type":"EntryPoint","urlTemplate":"https:\/\/detgroennemuseum.dk\/?s={search_term_string}"},"query-input":{"@type":"PropertyValueSpecification","valueRequired":true,"valueName":"search_term_string"}}],"inLanguage":"de"}]}},"_links":{"self":[{"href":"https:\/\/detgroennemuseum.dk\/de\/wp-json\/wp\/v2\/pages\/26450","targetHints":{"allow":["GET"]}}],"collection":[{"href":"https:\/\/detgroennemuseum.dk\/de\/wp-json\/wp\/v2\/pages"}],"about":[{"href":"https:\/\/detgroennemuseum.dk\/de\/wp-json\/wp\/v2\/types\/page"}],"author":[{"embeddable":true,"href":"https:\/\/detgroennemuseum.dk\/de\/wp-json\/wp\/v2\/users\/19"}],"replies":[{"embeddable":true,"href":"https:\/\/detgroennemuseum.dk\/de\/wp-json\/wp\/v2\/comments?post=26450"}],"version-history":[{"count":6,"href":"https:\/\/detgroennemuseum.dk\/de\/wp-json\/wp\/v2\/pages\/26450\/revisions"}],"predecessor-version":[{"id":26481,"href":"https:\/\/detgroennemuseum.dk\/de\/wp-json\/wp\/v2\/pages\/26450\/revisions\/26481"}],"up":[{"embeddable":true,"href":"https:\/\/detgroennemuseum.dk\/de\/wp-json\/wp\/v2\/pages\/1258"}],"wp:attachment":[{"href":"https:\/\/detgroennemuseum.dk\/de\/wp-json\/wp\/v2\/media?parent=26450"}],"curies":[{"name":"wp","href":"https:\/\/api.w.org\/{rel}","templated":true}]}}