{"id":26400,"date":"2025-11-14T14:22:12","date_gmt":"2025-11-14T13:22:12","guid":{"rendered":"https:\/\/detgroennemuseum.dk\/?page_id=26400"},"modified":"2025-12-15T14:05:19","modified_gmt":"2025-12-15T13:05:19","slug":"goldnugget","status":"publish","type":"page","link":"https:\/\/detgroennemuseum.dk\/de\/undervisning\/guldkorn\/","title":{"rendered":"GOLDENES KORN"},"content":{"rendered":"<div class=\"wpb-content-wrapper\"><div class=\"vc_row wpb_row vc_row-fluid\"><div class=\"wpb_column vc_column_container vc_col-sm-12\"><div class=\"vc_column-inner\"><div class=\"wpb_wrapper\">\n\t<div class=\"wpb_text_column wpb_content_element\" >\n\t\t<div class=\"wpb_wrapper\">\n\t\t\t<h1 style=\"text-align: center;\">Goldkorn<\/h1>\n\n\t\t<\/div>\n\t<\/div>\n<\/div><\/div><\/div><\/div><div class=\"vc_row wpb_row vc_row-fluid vc_custom_1515156580374\"><div class=\"wpb_column vc_column_container vc_col-sm-12\"><div class=\"vc_column-inner\"><div class=\"wpb_wrapper\">\n\t<div class=\"wpb_text_column wpb_content_element  vc_custom_1763030781243\" >\n\t\t<div class=\"wpb_wrapper\">\n\t\t\t<h3>Ein Lehrgang \u00fcber Getreide und die d\u00e4nische Landwirtschaft<\/h3>\n<p>Seit 6000 Jahren wird in D\u00e4nemark Getreide angebaut. In der Jungsteinzeit kultivierten wir Weizen und Gerste. In der Bronzezeit kam Hafer hinzu. Und gegen Ende der Eisenzeit hielt der Roggen Einzug in D\u00e4nemark. D\u00e4nemark ist ein Land, das vom Getreideanbau gepr\u00e4gt ist, und bis heute produzieren wir in D\u00e4nemark j\u00e4hrlich zwischen 7 und 10 Tonnen Getreide.<\/p>\n<p>Wir verwenden Getreide f\u00fcr unser Brot, Bier und unsere Gr\u00fctze, aber der Gro\u00dfteil unserer Produktion dient als Tierfutter. Das bedeutet, dass wir mithilfe von Getreide auch Fleisch, Eier und Milch produzieren k\u00f6nnen.<\/p>\n<p>Im Kurs GOLDENES KORN besch\u00e4ftigen sich die Sch\u00fcler mit der Geschichte des Getreides in D\u00e4nemark und f\u00fchren saisonal angepasste landwirtschaftliche T\u00e4tigkeiten durch.<\/p>\n<p>Wir werden uns mit Getreide, verschiedenen Getreidesorten und der Bedeutung von Getreide in der d\u00e4nischen Geschichte besch\u00e4ftigen. Anschlie\u00dfend werden wir aus dem Getreide leckere Br\u00f6tchen backen.<\/p>\n<p>Der Kurs beginnt mit einer altersgerechten, dialogorientierten F\u00fchrung durch die Ausstellungen. Im Mittelpunkt stehen die Selbstversorgung der Landwirte und insbesondere die Bedeutung von Getreide, Ernte und Vieh f\u00fcr die Bauern, das Landleben und die mit der Ernte verbundenen Traditionen. Die Sch\u00fcler lernen die vier Getreidesorten und ihre Verwendung in Vergangenheit und Gegenwart kennen.<\/p>\n<p>Wir legen Wert auf die Geschichte des Getreides, Getreide als Mittel zu Wohlstand und Entwicklung, die Bedeutung des Getreides in Krieg und Frieden sowie den Ursprung und die Bedeutung alter Getreidesorten f\u00fcr die Zukunft. Beim Backen k\u00f6nnen die Sch\u00fcler zwischen verschiedenen alten Arten w\u00e4hlen und Unterschiede in Geschmack, Aussehen und Textur erleben.<\/p>\n<h4>Der Herbst muss im Haus sein (Aug. + Sep.)<\/h4>\n<p>W\u00e4hrend der Erntezeit (etwa August\/September) wird ein Aufpreis von 400 DKK f\u00fcr eine zus\u00e4tzliche Hilfskraft erhoben. Die Aktivit\u00e4ten finden auf dem Feld statt, wo die Sch\u00fcler wie fr\u00fcher mit der Sichel ernten, mit dem Dreschflegel dreschen und das Getreide in einem Sieb reinigen. Br\u00f6tchen werden nach wie vor gebacken.<\/p>\n\n\t\t<\/div>\n\t<\/div>\n<div  class=\"vc_do_toggle vc_toggle vc_toggle_default vc_toggle_color_default  vc_toggle_size_md\"><div class=\"vc_toggle_title\"><h4>ZIELGRUPPE<\/h4><i class=\"vc_toggle_icon\"><\/i><\/div><div class=\"vc_toggle_content\"><p>Einschulung<\/p>\n<\/div><\/div><div  class=\"vc_do_toggle vc_toggle vc_toggle_default vc_toggle_color_default  vc_toggle_size_md\"><div class=\"vc_toggle_title\"><h4>THEMA<\/h4><i class=\"vc_toggle_icon\"><\/i><\/div><div class=\"vc_toggle_content\"><p>Ganzheitliche Entwicklung der Sch\u00fcler<\/p>\n<p>d\u00e4nisch<\/p>\n<p>Geschichte<\/p>\n<\/div><\/div><div  class=\"vc_do_toggle vc_toggle vc_toggle_default vc_toggle_color_default  vc_toggle_size_md\"><div class=\"vc_toggle_title\"><h4>Zeitaufwand und Richtprogramm<\/h4><i class=\"vc_toggle_icon\"><\/i><\/div><div class=\"vc_toggle_content\"><p>4 Stunden (Wenn Sie die Ausstellungen auf eigene Faust erkunden m\u00f6chten, m\u00fcssen Sie nach dem Kurs unbedingt zus\u00e4tzliche Zeit daf\u00fcr einplanen.)<\/p>\n<p>&nbsp;<\/p>\n<p><strong>RICHTLINIENPROGRAMM:<\/strong><\/p>\n<p class=\"cvGsUA direction-ltr align-start para-style-body\"><span class=\"a_GcMg font-feature-liga-off font-feature-clig-off font-feature-calt-off text-decoration-none text-strikethrough-none\">9.00 Uhr: Ankunft im Green Museum<\/span><\/p>\n<p class=\"cvGsUA direction-ltr align-start para-style-body\"><span class=\"a_GcMg font-feature-liga-off font-feature-clig-off font-feature-calt-off text-decoration-none text-strikethrough-none\">9.15 \u2013 10: F\u00fchrung<\/span><\/p>\n<p class=\"cvGsUA direction-ltr align-start para-style-body\"><span class=\"a_GcMg font-feature-liga-off font-feature-clig-off font-feature-calt-off text-decoration-none text-strikethrough-none\">10 \u2013 10.30 Uhr:\u00a0 <\/span><span class=\"a_GcMg font-feature-liga-off font-feature-clig-off font-feature-calt-off text-decoration-none text-strikethrough-none\">\u00a0 \u00a0 \u00a0 Pause und Lunchpakete<\/span><\/p>\n<p class=\"cvGsUA direction-ltr align-start para-style-body\"><span class=\"a_GcMg font-feature-liga-off font-feature-clig-off font-feature-calt-off text-decoration-none text-strikethrough-none\">10:30 \u2013 12:30 Uhr: Landwirtschaftliche Aktivit\u00e4ten + Br\u00f6tchenbacken<\/span><\/p>\n<p>12.30 \u2013 13.: Zum Abschluss Br\u00f6tchen, Saft und frisch ger\u00fchrte Butter.<\/p>\n<\/div><\/div><div  class=\"vc_do_toggle vc_toggle vc_toggle_default vc_toggle_color_default  vc_toggle_size_md\"><div class=\"vc_toggle_title\"><h4>Nummer<\/h4><i class=\"vc_toggle_icon\"><\/i><\/div><div class=\"vc_toggle_content\"><p>Maximal 25 Personen pro Kurs<\/p>\n<\/div><\/div><div  class=\"vc_do_toggle vc_toggle vc_toggle_default vc_toggle_color_default  vc_toggle_size_md\"><div class=\"vc_toggle_title\"><h4>Preis<\/h4><i class=\"vc_toggle_icon\"><\/i><\/div><div class=\"vc_toggle_content\"><p>1500 kr<\/p>\n<p>+ 400 kr w\u00e4hrend der Erntesaison (ca. August + September)<\/p>\n<\/div><\/div><div  class=\"vc_do_toggle vc_toggle vc_toggle_default vc_toggle_color_default  vc_toggle_size_md\"><div class=\"vc_toggle_title\"><h4>NOTIZ<\/h4><i class=\"vc_toggle_icon\"><\/i><\/div><div class=\"vc_toggle_content\"><p>Bringen Sie sich ein Lunchpaket mit \u2013 im Museum gibt es keine M\u00f6glichkeit, Essen zu kaufen.<\/p>\n<\/div><\/div><div  class=\"vc_do_toggle vc_toggle vc_toggle_default vc_toggle_color_default  vc_toggle_size_md\"><div class=\"vc_toggle_title\"><h4>Kompetenzziele<\/h4><i class=\"vc_toggle_icon\"><\/i><\/div><div class=\"vc_toggle_content\"><ul>\n<li>Der Student besitzt Kenntnisse \u00fcber die Grundlagen des Lebens und der Produktion in Vergangenheit und Gegenwart.<\/li>\n<li>Der Sch\u00fcler kann durch die Verwendung historischer Szenarien Kenntnisse \u00fcber Geschichte erwerben.<\/li>\n<li>Der Student kann seine eigenen und die historischen Erz\u00e4hlungen anderer zeitlich und r\u00e4umlich einordnen.<\/li>\n<li>Der Sch\u00fcler kann Ver\u00e4nderungen im Alltag und in den Lebensbedingungen im Laufe der Zeit mit seinem eigenen Leben in Verbindung bringen.<\/li>\n<li>Der Sch\u00fcler kann wesentliche Merkmale historischer Epochen vergleichen.<\/li>\n<li>Der Sch\u00fcler kann zwischen H\u00f6ren und Sprechen wechseln.<\/li>\n<li>Der Sch\u00fcler kennt die Regeln des Abwechselns.<\/li>\n<li>Der Sch\u00fcler kann die gesprochene Sprache in Gespr\u00e4chen und in der Zusammenarbeit einsetzen.<\/li>\n<\/ul>\n<\/div><\/div><div  class=\"vc_do_toggle vc_toggle vc_toggle_default vc_toggle_color_default  vc_toggle_size_md\"><div class=\"vc_toggle_title\"><h4>Unterrichtsmaterialien<\/h4><i class=\"vc_toggle_icon\"><\/i><\/div><div class=\"vc_toggle_content\"><p>Um unsere Arbeit mit Getreide und Landwirtschaft fortzusetzen, haben wir im Green Museum dieses Arbeitsblatt entwickelt, das als Erg\u00e4nzung zu einem GOLDEN GRAIN-Kurs verwendet werden kann.<\/p>\n<p><a href=\"https:\/\/detgroennemuseum.dk\/wp-content\/uploads\/2025\/12\/Guldkorn-laererark.pdf\" target=\"\">Gold f\u00fcr den Lehrer<\/a><\/p>\n<p><a href=\"https:\/\/detgroennemuseum.dk\/wp-content\/uploads\/2025\/12\/Guldkorn-elevark.pdf\" target=\"\">Goldcorn Sch\u00fclerblatt<\/a><\/p>\n<p>Dar\u00fcber hinaus k\u00f6nnen weitere Arbeiten durchgef\u00fchrt werden und zus\u00e4tzliche Informationen und Materialien finden sich auf den folgenden Seiten:<\/p>\n<\/div><\/div><\/div><\/div><\/div><\/div><div class=\"vc_row wpb_row vc_row-fluid\"><div class=\"wpb_column vc_column_container vc_col-sm-12\"><div class=\"vc_column-inner\"><div class=\"wpb_wrapper\">\n\t<div  class=\"wpb_single_image wpb_content_element vc_align_center\">\n\t\t\n\t\t<figure class=\"wpb_wrapper vc_figure\">\n\t\t\t<div class=\"vc_single_image-wrapper   vc_box_border_grey\"><img decoding=\"async\" width=\"1920\" height=\"890\" data-src=\"https:\/\/detgroennemuseum.dk\/wp-content\/smush-webp\/2025\/11\/GULDKORN-4.jpg.webp\" class=\"vc_single_image-img attachment-full lazyload\" alt=\"Collage von Bildern aus dem Guldkorn-Lehrgang im Green Museum\" title=\"GOLDEN GRAIN UV\" data-srcset=\"https:\/\/detgroennemuseum.dk\/wp-content\/smush-webp\/2025\/11\/GULDKORN-4.jpg.webp 1920w, https:\/\/detgroennemuseum.dk\/wp-content\/smush-webp\/2025\/11\/GULDKORN-4-600x278.jpg.webp 600w, https:\/\/detgroennemuseum.dk\/wp-content\/smush-webp\/2025\/11\/GULDKORN-4-1024x475.jpg.webp 1024w, https:\/\/detgroennemuseum.dk\/wp-content\/smush-webp\/2025\/11\/GULDKORN-4-768x356.jpg.webp 768w, https:\/\/detgroennemuseum.dk\/wp-content\/smush-webp\/2025\/11\/GULDKORN-4-1536x712.jpg.webp 1536w, https:\/\/detgroennemuseum.dk\/wp-content\/smush-webp\/2025\/11\/GULDKORN-4-18x8.jpg.webp 18w, https:\/\/detgroennemuseum.dk\/wp-content\/smush-webp\/2025\/11\/GULDKORN-4-64x30.jpg.webp 64w\" data-sizes=\"(max-width: 1920px) 100vw, 1920px\"  data-dt-location=\"https:\/\/detgroennemuseum.dk\/de\/undervisning\/guldkorn\/guldkorn-4\/\" src=\"data:image\/svg+xml;base64,PHN2ZyB3aWR0aD0iMSIgaGVpZ2h0PSIxIiB4bWxucz0iaHR0cDovL3d3dy53My5vcmcvMjAwMC9zdmciPjwvc3ZnPg==\" style=\"--smush-placeholder-width: 1920px; --smush-placeholder-aspect-ratio: 1920\/890;\" \/><\/div>\n\t\t<\/figure>\n\t<\/div>\n<\/div><\/div><\/div><\/div>\n<\/div>","protected":false},"excerpt":{"rendered":"<p>Guldkorn \u2013 Ein Lehrgang \u00fcber Getreide und die d\u00e4nische Landwirtschaft. Seit 6000 Jahren wird in D\u00e4nemark Getreide angebaut. In der Jungsteinzeit wurden Weizen und Gerste kultiviert. In der Bronzezeit begann man auch\u2026<\/p>","protected":false},"author":19,"featured_media":0,"parent":1258,"menu_order":0,"comment_status":"closed","ping_status":"closed","template":"","meta":{"_price":"","_stock":"","_tribe_ticket_header":"","_tribe_default_ticket_provider":"","_tribe_ticket_capacity":"0","_ticket_start_date":"","_ticket_end_date":"","_tribe_ticket_show_description":"","_tribe_ticket_show_not_going":false,"_tribe_ticket_use_global_stock":"","_tribe_ticket_global_stock_level":"","_global_stock_mode":"","_global_stock_cap":"","_tribe_rsvp_for_event":"","_tribe_ticket_going_count":"","_tribe_ticket_not_going_count":"","_tribe_tickets_list":"[]","_tribe_ticket_has_attendee_info_fields":false,"footnotes":""},"class_list":["post-26400","page","type-page","status-publish","hentry","description-off"],"yoast_head":"<!-- This site is optimized with the Yoast SEO plugin v27.6 - https:\/\/yoast.com\/product\/yoast-seo-wordpress\/ -->\n<title>Undervisningsforl\u00f8b | GULDKORN<\/title>\n<meta name=\"description\" content=\"Her kan du l\u00e6se mere om Det Gr\u00f8nne Museums undervisningsforl\u00f8b: GULDKORN. Et forl\u00f8b om landbrugs historie, med s\u00e6rligt fokus p\u00e5 korn.\" \/>\n<meta name=\"robots\" content=\"index, follow, max-snippet:-1, max-image-preview:large, max-video-preview:-1\" \/>\n<link rel=\"canonical\" href=\"https:\/\/detgroennemuseum.dk\/de\/ausbildung\/goldnugget\/\" \/>\n<meta property=\"og:locale\" content=\"de_DE\" \/>\n<meta property=\"og:type\" content=\"article\" \/>\n<meta property=\"og:title\" content=\"Undervisningsforl\u00f8b | GULDKORN\" \/>\n<meta property=\"og:description\" content=\"Her kan du l\u00e6se mere om Det Gr\u00f8nne Museums undervisningsforl\u00f8b: GULDKORN. Et forl\u00f8b om landbrugs historie, med s\u00e6rligt fokus p\u00e5 korn.\" \/>\n<meta property=\"og:url\" content=\"https:\/\/detgroennemuseum.dk\/de\/ausbildung\/goldnugget\/\" \/>\n<meta property=\"og:site_name\" content=\"Det Gr\u00f8nne Museum\" \/>\n<meta property=\"article:modified_time\" content=\"2025-12-15T13:05:19+00:00\" \/>\n<meta name=\"twitter:card\" content=\"summary_large_image\" \/>\n<meta name=\"twitter:label1\" content=\"Gesch\u00e4tzte Lesezeit\" \/>\n\t<meta name=\"twitter:data1\" content=\"3\u00a0Minuten\" \/>\n<script type=\"application\/ld+json\" class=\"yoast-schema-graph\">{\"@context\":\"https:\\\/\\\/schema.org\",\"@graph\":[{\"@type\":\"WebPage\",\"@id\":\"https:\\\/\\\/detgroennemuseum.dk\\\/undervisning\\\/guldkorn\\\/\",\"url\":\"https:\\\/\\\/detgroennemuseum.dk\\\/undervisning\\\/guldkorn\\\/\",\"name\":\"Undervisningsforl\u00f8b | GULDKORN\",\"isPartOf\":{\"@id\":\"https:\\\/\\\/detgroennemuseum.dk\\\/#website\"},\"datePublished\":\"2025-11-14T13:22:12+00:00\",\"dateModified\":\"2025-12-15T13:05:19+00:00\",\"description\":\"Her kan du l\u00e6se mere om Det Gr\u00f8nne Museums undervisningsforl\u00f8b: GULDKORN. Et forl\u00f8b om landbrugs historie, med s\u00e6rligt fokus p\u00e5 korn.\",\"breadcrumb\":{\"@id\":\"https:\\\/\\\/detgroennemuseum.dk\\\/undervisning\\\/guldkorn\\\/#breadcrumb\"},\"inLanguage\":\"de\",\"potentialAction\":[{\"@type\":\"ReadAction\",\"target\":[\"https:\\\/\\\/detgroennemuseum.dk\\\/undervisning\\\/guldkorn\\\/\"]}]},{\"@type\":\"BreadcrumbList\",\"@id\":\"https:\\\/\\\/detgroennemuseum.dk\\\/undervisning\\\/guldkorn\\\/#breadcrumb\",\"itemListElement\":[{\"@type\":\"ListItem\",\"position\":1,\"name\":\"Hjem\",\"item\":\"https:\\\/\\\/detgroennemuseum.dk\\\/\"},{\"@type\":\"ListItem\",\"position\":2,\"name\":\"Undervisning\",\"item\":\"https:\\\/\\\/detgroennemuseum.dk\\\/undervisning\\\/\"},{\"@type\":\"ListItem\",\"position\":3,\"name\":\"GULDKORN\"}]},{\"@type\":\"WebSite\",\"@id\":\"https:\\\/\\\/detgroennemuseum.dk\\\/#website\",\"url\":\"https:\\\/\\\/detgroennemuseum.dk\\\/\",\"name\":\"Det Gr\u00f8nne Museum\",\"description\":\"Danmarks nationale museum for jagten, skoven, landbruget og maden\",\"potentialAction\":[{\"@type\":\"SearchAction\",\"target\":{\"@type\":\"EntryPoint\",\"urlTemplate\":\"https:\\\/\\\/detgroennemuseum.dk\\\/?s={search_term_string}\"},\"query-input\":{\"@type\":\"PropertyValueSpecification\",\"valueRequired\":true,\"valueName\":\"search_term_string\"}}],\"inLanguage\":\"de\"}]}<\/script>\n<!-- \/ Yoast SEO plugin. -->","yoast_head_json":{"title":"Lehrgang | Guldcorn","description":"Hier erfahren Sie mehr \u00fcber den Bildungskurs des Green Museums: GOLDENES GETREIDE. Ein Kurs zur Geschichte der Landwirtschaft mit besonderem Schwerpunkt auf Getreide.","robots":{"index":"index","follow":"follow","max-snippet":"max-snippet:-1","max-image-preview":"max-image-preview:large","max-video-preview":"max-video-preview:-1"},"canonical":"https:\/\/detgroennemuseum.dk\/de\/ausbildung\/goldnugget\/","og_locale":"de_DE","og_type":"article","og_title":"Undervisningsforl\u00f8b | GULDKORN","og_description":"Her kan du l\u00e6se mere om Det Gr\u00f8nne Museums undervisningsforl\u00f8b: GULDKORN. Et forl\u00f8b om landbrugs historie, med s\u00e6rligt fokus p\u00e5 korn.","og_url":"https:\/\/detgroennemuseum.dk\/de\/ausbildung\/goldnugget\/","og_site_name":"Det Gr\u00f8nne Museum","article_modified_time":"2025-12-15T13:05:19+00:00","twitter_card":"summary_large_image","twitter_misc":{"Gesch\u00e4tzte Lesezeit":"3\u00a0Minuten"},"schema":{"@context":"https:\/\/schema.org","@graph":[{"@type":"WebPage","@id":"https:\/\/detgroennemuseum.dk\/undervisning\/guldkorn\/","url":"https:\/\/detgroennemuseum.dk\/undervisning\/guldkorn\/","name":"Lehrgang | Guldcorn","isPartOf":{"@id":"https:\/\/detgroennemuseum.dk\/#website"},"datePublished":"2025-11-14T13:22:12+00:00","dateModified":"2025-12-15T13:05:19+00:00","description":"Hier erfahren Sie mehr \u00fcber den Bildungskurs des Green Museums: GOLDENES GETREIDE. Ein Kurs zur Geschichte der Landwirtschaft mit besonderem Schwerpunkt auf Getreide.","breadcrumb":{"@id":"https:\/\/detgroennemuseum.dk\/undervisning\/guldkorn\/#breadcrumb"},"inLanguage":"de","potentialAction":[{"@type":"ReadAction","target":["https:\/\/detgroennemuseum.dk\/undervisning\/guldkorn\/"]}]},{"@type":"BreadcrumbList","@id":"https:\/\/detgroennemuseum.dk\/undervisning\/guldkorn\/#breadcrumb","itemListElement":[{"@type":"ListItem","position":1,"name":"Hjem","item":"https:\/\/detgroennemuseum.dk\/"},{"@type":"ListItem","position":2,"name":"Undervisning","item":"https:\/\/detgroennemuseum.dk\/undervisning\/"},{"@type":"ListItem","position":3,"name":"GULDKORN"}]},{"@type":"WebSite","@id":"https:\/\/detgroennemuseum.dk\/#website","url":"https:\/\/detgroennemuseum.dk\/","name":"Das Gr\u00fcne Museum","description":"D\u00e4nisches Nationalmuseum f\u00fcr Jagd, Forstwirtschaft, Landwirtschaft und Ern\u00e4hrung","potentialAction":[{"@type":"SearchAction","target":{"@type":"EntryPoint","urlTemplate":"https:\/\/detgroennemuseum.dk\/?s={search_term_string}"},"query-input":{"@type":"PropertyValueSpecification","valueRequired":true,"valueName":"search_term_string"}}],"inLanguage":"de"}]}},"_links":{"self":[{"href":"https:\/\/detgroennemuseum.dk\/de\/wp-json\/wp\/v2\/pages\/26400","targetHints":{"allow":["GET"]}}],"collection":[{"href":"https:\/\/detgroennemuseum.dk\/de\/wp-json\/wp\/v2\/pages"}],"about":[{"href":"https:\/\/detgroennemuseum.dk\/de\/wp-json\/wp\/v2\/types\/page"}],"author":[{"embeddable":true,"href":"https:\/\/detgroennemuseum.dk\/de\/wp-json\/wp\/v2\/users\/19"}],"replies":[{"embeddable":true,"href":"https:\/\/detgroennemuseum.dk\/de\/wp-json\/wp\/v2\/comments?post=26400"}],"version-history":[{"count":6,"href":"https:\/\/detgroennemuseum.dk\/de\/wp-json\/wp\/v2\/pages\/26400\/revisions"}],"predecessor-version":[{"id":26489,"href":"https:\/\/detgroennemuseum.dk\/de\/wp-json\/wp\/v2\/pages\/26400\/revisions\/26489"}],"up":[{"embeddable":true,"href":"https:\/\/detgroennemuseum.dk\/de\/wp-json\/wp\/v2\/pages\/1258"}],"wp:attachment":[{"href":"https:\/\/detgroennemuseum.dk\/de\/wp-json\/wp\/v2\/media?parent=26400"}],"curies":[{"name":"wp","href":"https:\/\/api.w.org\/{rel}","templated":true}]}}