{"id":26365,"date":"2025-11-14T14:19:51","date_gmt":"2025-11-14T13:19:51","guid":{"rendered":"https:\/\/detgroennemuseum.dk\/?page_id=26365"},"modified":"2025-11-14T14:19:51","modified_gmt":"2025-11-14T13:19:51","slug":"uv-flecken","status":"publish","type":"page","link":"https:\/\/detgroennemuseum.dk\/de\/undervisning\/uv-pletskud\/","title":{"rendered":"SPOT SHOT"},"content":{"rendered":"<div class=\"wpb-content-wrapper\"><div class=\"vc_row wpb_row vc_row-fluid\"><div class=\"wpb_column vc_column_container vc_col-sm-12\"><div class=\"vc_column-inner\"><div class=\"wpb_wrapper\">\n\t<div class=\"wpb_text_column wpb_content_element\" >\n\t\t<div class=\"wpb_wrapper\">\n\t\t\t<h1 style=\"text-align: center;\">Gefleckte Schie\u00dfst\u00e4nde<\/h1>\n\n\t\t<\/div>\n\t<\/div>\n<\/div><\/div><\/div><\/div><div class=\"vc_row wpb_row vc_row-fluid vc_custom_1515156580374\"><div class=\"wpb_column vc_column_container vc_col-sm-12\"><div class=\"vc_column-inner\"><div class=\"wpb_wrapper\">\n\t<div class=\"wpb_text_column wpb_content_element  vc_custom_1763024852811\" >\n\t\t<div class=\"wpb_wrapper\">\n\t\t\t<h3>Ein Kurs \u00fcber nat\u00fcrliches Sehen<\/h3>\n<p>Fast 10.000 Jahre lang war das Gebiet des heutigen D\u00e4nemarks von J\u00e4gern und Sammlern bewohnt, die von dem lebten, was die Natur bot. Vor etwa 6.000 Jahren begannen wir, das Land zu bebauen, jagten aber weiterhin, und bis vor etwa 70 Jahren blieb das Jagdfleisch eine wichtige Erg\u00e4nzung der Ern\u00e4hrung.<\/p>\n<p>In den letzten Jahren ist die Zahl der J\u00e4ger gestiegen. Sowohl bei M\u00e4nnern als auch bei Frauen w\u00e4chst das Interesse an der Jagd, und die Zahl der J\u00e4ger, denen der Jagdschein entzogen wird, nimmt stetig zu. War die Jagd fr\u00fcher ein wichtiger Bestandteil des \u00dcberlebens, dient sie heute eher der Freizeitgestaltung. Dabei ist die Jagd vielseitig: Sie bietet Naturerlebnisse, Troph\u00e4en, f\u00f6rdert die psychische Gesundheit, Kameradschaft, das Klima und liefert wertvolle Rohstoffe. Doch nicht jeder h\u00e4lt die Jagd f\u00fcr eine gute Idee. Meinungsverschiedenheiten \u00fcber den Umgang mit der Natur beruhen unter anderem darauf, dass wir unterschiedliche Auffassungen von Natur haben.<\/p>\n<p>In einem PLETSKUD-Kurs im Green Museum tauchen wir tiefer in den \u201dKampf um die Landschaft\u201d ein und untersuchen, was Natursichten ausmacht. Der Tag beginnt mit einer gemeinsamen Einf\u00fchrung in das Tagesprogramm durch einen der Museumsleiter, gefolgt von einem Rundgang durch die Ausstellungen. <a href=\"https:\/\/detgroennemuseum.dk\/de\/unter-der-sonne\/\"><strong>UNTER<\/strong> <strong>DIE SONNE<\/strong><\/a> Und <a href=\"https:\/\/detgroennemuseum.dk\/de\/gros\/\"><strong>GROSS<\/strong><\/a>. Die Tour konzentriert sich insbesondere auf die Nutzung der Natur in den letzten 80 Jahren im Streben nach dem \u201dguten Leben\u201d und legt dabei einen besonderen Fokus auf die Entwicklungen bei der Jagd.<\/p>\n<p>Nach einer kurzen Pause besch\u00e4ftigen sich die Sch\u00fcler mit verschiedenen Naturbildern und vertiefen ihre eigene Sichtweise. Sie lernen, wie unterschiedliche Naturbetrachtungen Debatten ausl\u00f6sen und zu wichtigen politischen Diskussionen f\u00fchren k\u00f6nnen. Zum Abschluss probieren sie die \u00e4lteste Form der Jagd aus: die Bogenjagd. Jeder Sch\u00fcler fertigt seine eigenen Fingerabdr\u00fccke an, die er anschlie\u00dfend auf dem interaktiven Indoor-Bogenschie\u00dfstand des Museums testet.<\/p>\n\n\t\t<\/div>\n\t<\/div>\n<div  class=\"vc_do_toggle vc_toggle vc_toggle_default vc_toggle_color_default  vc_toggle_size_md\"><div class=\"vc_toggle_title\"><h4>ZIELGRUPPE<\/h4><i class=\"vc_toggle_icon\"><\/i><\/div><div class=\"vc_toggle_content\"><p>Mittel- und Oberstufe<\/p>\n<\/div><\/div><div  class=\"vc_do_toggle vc_toggle vc_toggle_default vc_toggle_color_default  vc_toggle_size_md\"><div class=\"vc_toggle_title\"><h4>THEMA<\/h4><i class=\"vc_toggle_icon\"><\/i><\/div><div class=\"vc_toggle_content\"><p>Ganzheitliche Entwicklung der Sch\u00fcler<\/p>\n<p>d\u00e4nisch<\/p>\n<p>Geschichte<\/p>\n<p>Natur und Technologie<\/p>\n<p>Kunsthandwerk und Design<\/p>\n<\/div><\/div><div  class=\"vc_do_toggle vc_toggle vc_toggle_default vc_toggle_color_default  vc_toggle_size_md\"><div class=\"vc_toggle_title\"><h4>Zeitaufwand und Richtprogramm<\/h4><i class=\"vc_toggle_icon\"><\/i><\/div><div class=\"vc_toggle_content\"><p>3 Stunden (Wenn Sie die Ausstellungen auf eigene Faust erkunden m\u00f6chten, m\u00fcssen Sie nach dem Kurs zus\u00e4tzliche Zeit daf\u00fcr einplanen.)<\/p>\n<p>&nbsp;<\/p>\n<p><strong>RICHTLINIENPROGRAMM:<\/strong><\/p>\n<p class=\"cvGsUA direction-ltr align-start para-style-body\"><span class=\"a_GcMg font-feature-liga-off font-feature-clig-off font-feature-calt-off text-decoration-none text-strikethrough-none\">9.45 Uhr: Ankunft im Green Museum<\/span><\/p>\n<p class=\"cvGsUA direction-ltr align-start para-style-body\"><span class=\"a_GcMg font-feature-liga-off font-feature-clig-off font-feature-calt-off text-decoration-none text-strikethrough-none\">10 \u2013 11: F\u00fchrung<\/span><\/p>\n<p class=\"cvGsUA direction-ltr align-start para-style-body\"><span class=\"a_GcMg font-feature-liga-off font-feature-clig-off font-feature-calt-off text-decoration-none text-strikethrough-none\">11 \u2013 11.30 Uhr:\u00a0 <\/span><span class=\"a_GcMg font-feature-liga-off font-feature-clig-off font-feature-calt-off text-decoration-none text-strikethrough-none\">\u00a0 \u00a0 \u00a0 Pause und Lunchpakete<\/span><\/p>\n<p class=\"cvGsUA direction-ltr align-start para-style-body\"><span class=\"a_GcMg font-feature-liga-off font-feature-clig-off font-feature-calt-off text-decoration-none text-strikethrough-none\">11.30 \u2013 13.: Naturbeobachtungen und Klettern<\/span><\/p>\n<\/div><\/div><div  class=\"vc_do_toggle vc_toggle vc_toggle_default vc_toggle_color_default  vc_toggle_size_md\"><div class=\"vc_toggle_title\"><h4>Nummer<\/h4><i class=\"vc_toggle_icon\"><\/i><\/div><div class=\"vc_toggle_content\"><p>Maximal 25 Personen pro Kurs<\/p>\n<\/div><\/div><div  class=\"vc_do_toggle vc_toggle vc_toggle_default vc_toggle_color_default  vc_toggle_size_md\"><div class=\"vc_toggle_title\"><h4>Preis<\/h4><i class=\"vc_toggle_icon\"><\/i><\/div><div class=\"vc_toggle_content\"><p>1500 kr<\/p>\n<\/div><\/div><div  class=\"vc_do_toggle vc_toggle vc_toggle_default vc_toggle_color_default  vc_toggle_size_md\"><div class=\"vc_toggle_title\"><h4>NOTIZ<\/h4><i class=\"vc_toggle_icon\"><\/i><\/div><div class=\"vc_toggle_content\"><p>Bringen Sie sich ein Lunchpaket mit \u2013 im Museum gibt es keine M\u00f6glichkeit, Essen zu kaufen.<\/p>\n<\/div><\/div><div  class=\"vc_do_toggle vc_toggle vc_toggle_default vc_toggle_color_default  vc_toggle_size_md\"><div class=\"vc_toggle_title\"><h4>Kompetenzziele<\/h4><i class=\"vc_toggle_icon\"><\/i><\/div><div class=\"vc_toggle_content\"><ul>\n<li>Der\/Die Studierende verf\u00fcgt \u00fcber Kenntnisse zu unterschiedlichen Naturauffassungen.<\/li>\n<li>Der Student kann Interessenkonflikte im menschlichen Umgang mit der Natur auf lokaler und globaler Ebene beschreiben.<\/li>\n<li>Der Sch\u00fcler kann Natur\/Technik im Kontext der Au\u00dfenwelt und aktueller Ereignisse betrachten.<\/li>\n<li>Der Sch\u00fcler kann Natur und Technologie mit anderen Kontexten in Beziehung setzen.<\/li>\n<li>Der Student kann seine eigenen und die historischen Erz\u00e4hlungen anderer zeitlich und r\u00e4umlich einordnen.<\/li>\n<li>Der Sch\u00fcler kann Ver\u00e4nderungen im Alltag und in den Lebensbedingungen im Laufe der Zeit mit seinem eigenen Leben in Verbindung bringen.<\/li>\n<li>Der Sch\u00fcler kann wesentliche Merkmale historischer Epochen vergleichen.<\/li>\n<\/ul>\n<\/div><\/div><div  class=\"vc_do_toggle vc_toggle vc_toggle_default vc_toggle_color_default  vc_toggle_size_md\"><div class=\"vc_toggle_title\"><h4>Unterrichtsmaterialien<\/h4><i class=\"vc_toggle_icon\"><\/i><\/div><div class=\"vc_toggle_content\"><p>Wenn Sie im Unterricht weiterhin mit Nature Vision arbeiten m\u00f6chten, empfehlen wir Ihnen die folgenden Seiten:<\/p>\n<p><a href=\"https:\/\/skoven-i-skolen.dk\/medier\/video-hvad-er-dit-natursyn\">Der Wald in der Schule \u2013 Wie ist Ihre Sicht auf die Natur?<\/a><\/p>\n<p><a href=\"https:\/\/natursynsspillet.dk\/\">Das Naturvisionsspiel<\/a><\/p>\n<p><a href=\"https:\/\/noah.dk\/jeg-er-naturen\">NOAHs Lehrmaterialien f\u00fcr D\u00e4nisch im Vorschulalter<\/a><\/p>\n<\/div><\/div><\/div><\/div><\/div><\/div><div class=\"vc_row wpb_row vc_row-fluid\"><div class=\"wpb_column vc_column_container vc_col-sm-12\"><div class=\"vc_column-inner\"><div class=\"wpb_wrapper\">\n\t<div  class=\"wpb_single_image wpb_content_element vc_align_center\">\n\t\t\n\t\t<figure class=\"wpb_wrapper vc_figure\">\n\t\t\t<div class=\"vc_single_image-wrapper   vc_box_border_grey\"><img decoding=\"async\" width=\"1920\" height=\"890\" data-src=\"https:\/\/detgroennemuseum.dk\/wp-content\/smush-webp\/2025\/11\/PLETSKUD-1.jpg.webp\" class=\"vc_single_image-img attachment-full lazyload\" alt=\"Collage f\u00fcr den Lehrkurs \u201eSchie\u00dfen im Gr\u00fcnen Museum\u201c\" title=\"Spot Shot UV\" data-srcset=\"https:\/\/detgroennemuseum.dk\/wp-content\/smush-webp\/2025\/11\/PLETSKUD-1.jpg.webp 1920w, https:\/\/detgroennemuseum.dk\/wp-content\/smush-webp\/2025\/11\/PLETSKUD-1-600x278.jpg.webp 600w, https:\/\/detgroennemuseum.dk\/wp-content\/smush-webp\/2025\/11\/PLETSKUD-1-1024x475.jpg.webp 1024w, https:\/\/detgroennemuseum.dk\/wp-content\/smush-webp\/2025\/11\/PLETSKUD-1-768x356.jpg.webp 768w, https:\/\/detgroennemuseum.dk\/wp-content\/smush-webp\/2025\/11\/PLETSKUD-1-1536x712.jpg.webp 1536w, https:\/\/detgroennemuseum.dk\/wp-content\/smush-webp\/2025\/11\/PLETSKUD-1-18x8.jpg.webp 18w, https:\/\/detgroennemuseum.dk\/wp-content\/smush-webp\/2025\/11\/PLETSKUD-1-64x30.jpg.webp 64w\" data-sizes=\"(max-width: 1920px) 100vw, 1920px\"  data-dt-location=\"https:\/\/detgroennemuseum.dk\/de\/undervisning\/uv-pletskud\/pletskud-1\/\" src=\"data:image\/svg+xml;base64,PHN2ZyB3aWR0aD0iMSIgaGVpZ2h0PSIxIiB4bWxucz0iaHR0cDovL3d3dy53My5vcmcvMjAwMC9zdmciPjwvc3ZnPg==\" style=\"--smush-placeholder-width: 1920px; --smush-placeholder-aspect-ratio: 1920\/890;\" \/><\/div>\n\t\t<\/figure>\n\t<\/div>\n<\/div><\/div><\/div><\/div>\n<\/div>","protected":false},"excerpt":{"rendered":"<p>Ich habe einen Lehrgang zum Thema Naturbetrachtung entdeckt. Fast 10.000 Jahre lang war das Gebiet des heutigen D\u00e4nemarks von J\u00e4gern und Sammlern besiedelt, die von dem lebten, was die Natur ihnen bot. Denn\u2026<\/p>","protected":false},"author":19,"featured_media":0,"parent":1258,"menu_order":0,"comment_status":"closed","ping_status":"closed","template":"","meta":{"_price":"","_stock":"","_tribe_ticket_header":"","_tribe_default_ticket_provider":"","_tribe_ticket_capacity":"0","_ticket_start_date":"","_ticket_end_date":"","_tribe_ticket_show_description":"","_tribe_ticket_show_not_going":false,"_tribe_ticket_use_global_stock":"","_tribe_ticket_global_stock_level":"","_global_stock_mode":"","_global_stock_cap":"","_tribe_rsvp_for_event":"","_tribe_ticket_going_count":"","_tribe_ticket_not_going_count":"","_tribe_tickets_list":"[]","_tribe_ticket_has_attendee_info_fields":false,"footnotes":""},"class_list":["post-26365","page","type-page","status-publish","hentry","description-off"],"yoast_head":"<!-- This site is optimized with the Yoast SEO plugin v27.4 - https:\/\/yoast.com\/product\/yoast-seo-wordpress\/ -->\n<title>Undervisningsforl\u00f8b | PLETSKUD<\/title>\n<meta name=\"description\" content=\"Her kan du l\u00e6se mere om Det Gr\u00f8nne Museums undervisningsforl\u00f8b: PLETSKUD. Et forl\u00f8b om natursyn og jagtens kulturhistorie.\" \/>\n<meta name=\"robots\" content=\"index, follow, max-snippet:-1, max-image-preview:large, max-video-preview:-1\" \/>\n<link rel=\"canonical\" href=\"https:\/\/detgroennemuseum.dk\/de\/ausbildung\/uv-flecken\/\" \/>\n<meta property=\"og:locale\" content=\"de_DE\" \/>\n<meta property=\"og:type\" content=\"article\" \/>\n<meta property=\"og:title\" content=\"Undervisningsforl\u00f8b | PLETSKUD\" \/>\n<meta property=\"og:description\" content=\"Her kan du l\u00e6se mere om Det Gr\u00f8nne Museums undervisningsforl\u00f8b: PLETSKUD. Et forl\u00f8b om natursyn og jagtens kulturhistorie.\" \/>\n<meta property=\"og:url\" content=\"https:\/\/detgroennemuseum.dk\/de\/ausbildung\/uv-flecken\/\" \/>\n<meta property=\"og:site_name\" content=\"Det Gr\u00f8nne Museum\" \/>\n<meta name=\"twitter:card\" content=\"summary_large_image\" \/>\n<meta name=\"twitter:label1\" content=\"Gesch\u00e4tzte Lesezeit\" \/>\n\t<meta name=\"twitter:data1\" content=\"3\u00a0Minuten\" \/>\n<script type=\"application\/ld+json\" class=\"yoast-schema-graph\">{\"@context\":\"https:\\\/\\\/schema.org\",\"@graph\":[{\"@type\":\"WebPage\",\"@id\":\"https:\\\/\\\/detgroennemuseum.dk\\\/undervisning\\\/uv-pletskud\\\/\",\"url\":\"https:\\\/\\\/detgroennemuseum.dk\\\/undervisning\\\/uv-pletskud\\\/\",\"name\":\"Undervisningsforl\u00f8b | PLETSKUD\",\"isPartOf\":{\"@id\":\"https:\\\/\\\/detgroennemuseum.dk\\\/#website\"},\"datePublished\":\"2025-11-14T13:19:51+00:00\",\"description\":\"Her kan du l\u00e6se mere om Det Gr\u00f8nne Museums undervisningsforl\u00f8b: PLETSKUD. Et forl\u00f8b om natursyn og jagtens kulturhistorie.\",\"breadcrumb\":{\"@id\":\"https:\\\/\\\/detgroennemuseum.dk\\\/undervisning\\\/uv-pletskud\\\/#breadcrumb\"},\"inLanguage\":\"de\",\"potentialAction\":[{\"@type\":\"ReadAction\",\"target\":[\"https:\\\/\\\/detgroennemuseum.dk\\\/undervisning\\\/uv-pletskud\\\/\"]}]},{\"@type\":\"BreadcrumbList\",\"@id\":\"https:\\\/\\\/detgroennemuseum.dk\\\/undervisning\\\/uv-pletskud\\\/#breadcrumb\",\"itemListElement\":[{\"@type\":\"ListItem\",\"position\":1,\"name\":\"Hjem\",\"item\":\"https:\\\/\\\/detgroennemuseum.dk\\\/\"},{\"@type\":\"ListItem\",\"position\":2,\"name\":\"Undervisning\",\"item\":\"https:\\\/\\\/detgroennemuseum.dk\\\/undervisning\\\/\"},{\"@type\":\"ListItem\",\"position\":3,\"name\":\"PLETSKUD\"}]},{\"@type\":\"WebSite\",\"@id\":\"https:\\\/\\\/detgroennemuseum.dk\\\/#website\",\"url\":\"https:\\\/\\\/detgroennemuseum.dk\\\/\",\"name\":\"Det Gr\u00f8nne Museum\",\"description\":\"Danmarks nationale museum for jagten, skoven, landbruget og maden\",\"potentialAction\":[{\"@type\":\"SearchAction\",\"target\":{\"@type\":\"EntryPoint\",\"urlTemplate\":\"https:\\\/\\\/detgroennemuseum.dk\\\/?s={search_term_string}\"},\"query-input\":{\"@type\":\"PropertyValueSpecification\",\"valueRequired\":true,\"valueName\":\"search_term_string\"}}],\"inLanguage\":\"de\"}]}<\/script>\n<!-- \/ Yoast SEO plugin. -->","yoast_head_json":{"title":"Unterrichtsprozess | IM FOKUS","description":"Hier erfahren Sie mehr \u00fcber den Lehrgang des Green Museums: SPOT SHOT. Ein Kurs \u00fcber die Sicht auf die Natur und die Kulturgeschichte der Jagd.","robots":{"index":"index","follow":"follow","max-snippet":"max-snippet:-1","max-image-preview":"max-image-preview:large","max-video-preview":"max-video-preview:-1"},"canonical":"https:\/\/detgroennemuseum.dk\/de\/ausbildung\/uv-flecken\/","og_locale":"de_DE","og_type":"article","og_title":"Undervisningsforl\u00f8b | PLETSKUD","og_description":"Her kan du l\u00e6se mere om Det Gr\u00f8nne Museums undervisningsforl\u00f8b: PLETSKUD. Et forl\u00f8b om natursyn og jagtens kulturhistorie.","og_url":"https:\/\/detgroennemuseum.dk\/de\/ausbildung\/uv-flecken\/","og_site_name":"Det Gr\u00f8nne Museum","twitter_card":"summary_large_image","twitter_misc":{"Gesch\u00e4tzte Lesezeit":"3\u00a0Minuten"},"schema":{"@context":"https:\/\/schema.org","@graph":[{"@type":"WebPage","@id":"https:\/\/detgroennemuseum.dk\/undervisning\/uv-pletskud\/","url":"https:\/\/detgroennemuseum.dk\/undervisning\/uv-pletskud\/","name":"Unterrichtsprozess | IM FOKUS","isPartOf":{"@id":"https:\/\/detgroennemuseum.dk\/#website"},"datePublished":"2025-11-14T13:19:51+00:00","description":"Hier erfahren Sie mehr \u00fcber den Lehrgang des Green Museums: SPOT SHOT. Ein Kurs \u00fcber die Sicht auf die Natur und die Kulturgeschichte der Jagd.","breadcrumb":{"@id":"https:\/\/detgroennemuseum.dk\/undervisning\/uv-pletskud\/#breadcrumb"},"inLanguage":"de","potentialAction":[{"@type":"ReadAction","target":["https:\/\/detgroennemuseum.dk\/undervisning\/uv-pletskud\/"]}]},{"@type":"BreadcrumbList","@id":"https:\/\/detgroennemuseum.dk\/undervisning\/uv-pletskud\/#breadcrumb","itemListElement":[{"@type":"ListItem","position":1,"name":"Hjem","item":"https:\/\/detgroennemuseum.dk\/"},{"@type":"ListItem","position":2,"name":"Undervisning","item":"https:\/\/detgroennemuseum.dk\/undervisning\/"},{"@type":"ListItem","position":3,"name":"PLETSKUD"}]},{"@type":"WebSite","@id":"https:\/\/detgroennemuseum.dk\/#website","url":"https:\/\/detgroennemuseum.dk\/","name":"Das Gr\u00fcne Museum","description":"D\u00e4nisches Nationalmuseum f\u00fcr Jagd, Forstwirtschaft, Landwirtschaft und Ern\u00e4hrung","potentialAction":[{"@type":"SearchAction","target":{"@type":"EntryPoint","urlTemplate":"https:\/\/detgroennemuseum.dk\/?s={search_term_string}"},"query-input":{"@type":"PropertyValueSpecification","valueRequired":true,"valueName":"search_term_string"}}],"inLanguage":"de"}]}},"_links":{"self":[{"href":"https:\/\/detgroennemuseum.dk\/de\/wp-json\/wp\/v2\/pages\/26365","targetHints":{"allow":["GET"]}}],"collection":[{"href":"https:\/\/detgroennemuseum.dk\/de\/wp-json\/wp\/v2\/pages"}],"about":[{"href":"https:\/\/detgroennemuseum.dk\/de\/wp-json\/wp\/v2\/types\/page"}],"author":[{"embeddable":true,"href":"https:\/\/detgroennemuseum.dk\/de\/wp-json\/wp\/v2\/users\/19"}],"replies":[{"embeddable":true,"href":"https:\/\/detgroennemuseum.dk\/de\/wp-json\/wp\/v2\/comments?post=26365"}],"version-history":[{"count":7,"href":"https:\/\/detgroennemuseum.dk\/de\/wp-json\/wp\/v2\/pages\/26365\/revisions"}],"predecessor-version":[{"id":26409,"href":"https:\/\/detgroennemuseum.dk\/de\/wp-json\/wp\/v2\/pages\/26365\/revisions\/26409"}],"up":[{"embeddable":true,"href":"https:\/\/detgroennemuseum.dk\/de\/wp-json\/wp\/v2\/pages\/1258"}],"wp:attachment":[{"href":"https:\/\/detgroennemuseum.dk\/de\/wp-json\/wp\/v2\/media?parent=26365"}],"curies":[{"name":"wp","href":"https:\/\/api.w.org\/{rel}","templated":true}]}}