{"id":25827,"date":"2025-08-14T09:28:24","date_gmt":"2025-08-14T07:28:24","guid":{"rendered":"https:\/\/detgroennemuseum.dk\/?page_id=25827"},"modified":"2025-12-16T13:29:58","modified_gmt":"2025-12-16T12:29:58","slug":"agrargeschichte","status":"publish","type":"page","link":"https:\/\/detgroennemuseum.dk\/de\/viden\/landbrugshistorie\/","title":{"rendered":"Agrargeschichte"},"content":{"rendered":"<div class=\"wpb-content-wrapper\"><div class=\"vc_row wpb_row vc_row-fluid\"><div class=\"wpb_column vc_column_container vc_col-sm-12\"><div class=\"vc_column-inner\"><div class=\"wpb_wrapper\">\n\t<div class=\"wpb_text_column wpb_content_element\" >\n\t\t<div class=\"wpb_wrapper\">\n\t\t\t<h1 style=\"text-align: center;\"><strong>Agrargeschichte im Gr\u00fcnen Museum<\/strong><\/h1>\n\n\t\t<\/div>\n\t<\/div>\n\n\t<div class=\"wpb_text_column wpb_content_element  vc_custom_1756717477585\" >\n\t\t<div class=\"wpb_wrapper\">\n\t\t\t<p>Das Gr\u00fcne Museum enth\u00e4lt eine einzigartige Sammlung von Objekten und Geschichten aus der Geschichte der d\u00e4nischen Landwirtschaft.<\/p>\n<p>Anhand von Filmen, Texten und Bildern k\u00f6nnen Sie einige der entscheidenden Momente erkunden, in denen sich das Leben und Arbeiten auf dem Land ver\u00e4nderte und bleibende Spuren in unserem gemeinsamen kulturellen Erbe hinterlie\u00df.<\/p>\n<p>Das Material wurde mit Unterst\u00fctzung der K\u00f6niglich D\u00e4nischen Landwirtschaftsgesellschaft erstellt.<\/p>\n\n\t\t<\/div>\n\t<\/div>\n<\/div><\/div><\/div><\/div><div class=\"vc_row wpb_row vc_row-fluid vc_custom_1512646887073 vc_row-o-equal-height vc_row-flex\"><div class=\"wpb_column vc_column_container vc_col-sm-6\"><div class=\"vc_column-inner\"><div class=\"wpb_wrapper\"><div class=\"vc_empty_space\"   style=\"height: 16px\"><span class=\"vc_empty_space_inner\"><\/span><\/div>\n\t<div  class=\"wpb_single_image wpb_content_element vc_align_left\">\n\t\t\n\t\t<figure class=\"wpb_wrapper vc_figure\">\n\t\t\t<div class=\"vc_single_image-wrapper   vc_box_border_grey\"><img decoding=\"async\" width=\"1920\" height=\"1280\" data-src=\"https:\/\/detgroennemuseum.dk\/wp-content\/smush-webp\/2025\/08\/J.C.-La-Cour.jpg.webp\" class=\"vc_single_image-img attachment-full lazyload\" alt=\"B\u00fcste von J\u00f8rgen Carl La Cout von der K\u00f6niglich D\u00e4nischen Landwirtschaftsgesellschaft\" title=\"JC La Cour\" data-srcset=\"https:\/\/detgroennemuseum.dk\/wp-content\/smush-webp\/2025\/08\/J.C.-La-Cour.jpg.webp 1920w, https:\/\/detgroennemuseum.dk\/wp-content\/smush-webp\/2025\/08\/J.C.-La-Cour-600x400.jpg.webp 600w, https:\/\/detgroennemuseum.dk\/wp-content\/smush-webp\/2025\/08\/J.C.-La-Cour-1024x683.jpg.webp 1024w, https:\/\/detgroennemuseum.dk\/wp-content\/smush-webp\/2025\/08\/J.C.-La-Cour-768x512.jpg.webp 768w, https:\/\/detgroennemuseum.dk\/wp-content\/smush-webp\/2025\/08\/J.C.-La-Cour-1536x1024.jpg.webp 1536w, https:\/\/detgroennemuseum.dk\/wp-content\/smush-webp\/2025\/08\/J.C.-La-Cour-18x12.jpg.webp 18w, https:\/\/detgroennemuseum.dk\/wp-content\/smush-webp\/2025\/08\/J.C.-La-Cour-64x43.jpg.webp 64w\" data-sizes=\"(max-width: 1920px) 100vw, 1920px\"  data-dt-location=\"https:\/\/detgroennemuseum.dk\/de\/viden\/landbrugshistorie\/landhusholdningsselskab\/j-c-la-cour\/\" src=\"data:image\/svg+xml;base64,PHN2ZyB3aWR0aD0iMSIgaGVpZ2h0PSIxIiB4bWxucz0iaHR0cDovL3d3dy53My5vcmcvMjAwMC9zdmciPjwvc3ZnPg==\" style=\"--smush-placeholder-width: 1920px; --smush-placeholder-aspect-ratio: 1920\/1280;\" \/><\/div>\n\t\t<\/figure>\n\t<\/div>\n<\/div><\/div><\/div><div class=\"wpb_column vc_column_container vc_col-sm-6\"><div class=\"vc_column-inner\"><div class=\"wpb_wrapper\">\n\t<div class=\"wpb_text_column wpb_content_element  vc_custom_1753873197482\" >\n\t\t<div class=\"wpb_wrapper\">\n\t\t\t<h3>Die K\u00f6niglich D\u00e4nische Landwirtschaftsgesellschaft<\/h3>\n\n\t\t<\/div>\n\t<\/div>\n\n\t<div class=\"wpb_text_column wpb_content_element  vc_custom_1765888187273\" >\n\t\t<div class=\"wpb_wrapper\">\n\t\t\t<p>Die K\u00f6niglich D\u00e4nische Landwirtschaftsgesellschaft wurde 1769 gegr\u00fcndet und hat sich zum Ziel gesetzt, Menschen zu ehren, die besondere Verdienste um die Landwirtschaft leisten.<\/p>\n<p>Auf diesen Seiten k\u00f6nnen Sie mehr \u00fcber die K\u00f6niglich D\u00e4nische Landwirtschaftsgesellschaft und die Arbeit des Unternehmens in den letzten \u00fcber 250 Jahren lesen.<\/p>\n<p>&nbsp;<\/p>\n<p>Klicken Sie auf die Namen unten, um mehr zu erfahren \u00fcber:<\/p>\n<ul>\n<li><a href=\"https:\/\/detgroennemuseum.dk\/de\/wissen\/agrargeschichte\/landwirtschaftliche-holding\/\"><strong>Die K\u00f6niglich D\u00e4nische Landwirtschaftsgesellschaft<\/strong><\/a><\/li>\n<li><a href=\"https:\/\/detgroennemuseum.dk\/de\/wissen\/agrargeschichte\/der-pflugversuch-1770\/\">Der Pflugprozess 1770<\/a><\/li>\n<li><a href=\"https:\/\/detgroennemuseum.dk\/de\/wissen\/agrargeschichte\/das-bonussystem\/\">Das Belohnungssystem<\/a><\/li>\n<li><a href=\"https:\/\/detgroennemuseum.dk\/de\/wissen\/agrargeschichte\/medaillen\/\">Pokale und Medaillen<\/a><\/li>\n<li><a href=\"https:\/\/detgroennemuseum.dk\/de\/wissen\/agrargeschichte\/zeitschrift-fur-volkswirtschaftslehre\/\">Zeitschrift f\u00fcr Agrar\u00f6konomie<\/a><\/li>\n<li><a href=\"https:\/\/detgroennemuseum.dk\/de\/wissen\/agrargeschichte\/die-erste-landwirtschaftliche-ausbildung\/\">Die erste landwirtschaftliche Ausbildung im Jahr 1820<\/a><\/li>\n<li><a href=\"https:\/\/detgroennemuseum.dk\/de\/wissen\/agrargeschichte\/landwirtschaftliche-haushaltsgegenstande\/\">Objekte der K\u00f6niglich D\u00e4nischen Landwirtschaftsgesellschaft<\/a><\/li>\n<li><a href=\"https:\/\/detgroennemuseum.dk\/de\/wissen\/agrargeschichte\/virtueller-rundgang-durch-eine-agrarholding\/\">Virtueller Rundgang durch die Wohnzimmer der K\u00f6niglich D\u00e4nischen Landwirtschaftsgesellschaft<\/a><\/li>\n<\/ul>\n\n\t\t<\/div>\n\t<\/div>\n<\/div><\/div><\/div><\/div><div class=\"vc_row wpb_row vc_row-fluid vc_custom_1512646887073 vc_row-o-equal-height vc_row-flex\"><div class=\"wpb_column vc_column_container vc_col-sm-6\"><div class=\"vc_column-inner\"><div class=\"wpb_wrapper\"><div class=\"vc_empty_space\"   style=\"height: 16px\"><span class=\"vc_empty_space_inner\"><\/span><\/div>\n\t<div  class=\"wpb_single_image wpb_content_element vc_align_left\">\n\t\t\n\t\t<figure class=\"wpb_wrapper vc_figure\">\n\t\t\t<div class=\"vc_single_image-wrapper   vc_box_border_grey\"><img decoding=\"async\" width=\"2048\" height=\"1292\" data-src=\"https:\/\/detgroennemuseum.dk\/wp-content\/smush-webp\/2025\/08\/Optog-forbi-frihedsstoetten.jpg.webp\" class=\"vc_single_image-img attachment-full lazyload\" alt=\"Das Gem\u00e4lde \u201eProzession an der Freiheitsstatue vorbei\u201c von Rasmus Christiansen.\" title=\"Vorbeimarsch am Freiheitsdenkmal\" data-srcset=\"https:\/\/detgroennemuseum.dk\/wp-content\/smush-webp\/2025\/08\/Optog-forbi-frihedsstoetten.jpg.webp 2048w, https:\/\/detgroennemuseum.dk\/wp-content\/smush-webp\/2025\/08\/Optog-forbi-frihedsstoetten-600x379.jpg.webp 600w, https:\/\/detgroennemuseum.dk\/wp-content\/smush-webp\/2025\/08\/Optog-forbi-frihedsstoetten-1024x646.jpg.webp 1024w, https:\/\/detgroennemuseum.dk\/wp-content\/smush-webp\/2025\/08\/Optog-forbi-frihedsstoetten-768x485.jpg.webp 768w, https:\/\/detgroennemuseum.dk\/wp-content\/smush-webp\/2025\/08\/Optog-forbi-frihedsstoetten-1536x969.jpg.webp 1536w, https:\/\/detgroennemuseum.dk\/wp-content\/smush-webp\/2025\/08\/Optog-forbi-frihedsstoetten-18x12.jpg.webp 18w, https:\/\/detgroennemuseum.dk\/wp-content\/smush-webp\/2025\/08\/Optog-forbi-frihedsstoetten-64x40.jpg.webp 64w\" data-sizes=\"(max-width: 2048px) 100vw, 2048px\"  data-dt-location=\"https:\/\/detgroennemuseum.dk\/de\/optog-forbi-frihedsstoetten\/\" src=\"data:image\/svg+xml;base64,PHN2ZyB3aWR0aD0iMSIgaGVpZ2h0PSIxIiB4bWxucz0iaHR0cDovL3d3dy53My5vcmcvMjAwMC9zdmciPjwvc3ZnPg==\" style=\"--smush-placeholder-width: 2048px; --smush-placeholder-aspect-ratio: 2048\/1292;\" \/><\/div>\n\t\t<\/figure>\n\t<\/div>\n<\/div><\/div><\/div><div class=\"wpb_column vc_column_container vc_col-sm-6\"><div class=\"vc_column-inner\"><div class=\"wpb_wrapper\">\n\t<div class=\"wpb_text_column wpb_content_element  vc_custom_1753873776309\" >\n\t\t<div class=\"wpb_wrapper\">\n\t\t\t<h3>Die Reformperiode<\/h3>\n\n\t\t<\/div>\n\t<\/div>\n\n\t<div class=\"wpb_text_column wpb_content_element  vc_custom_1757076058344\" >\n\t\t<div class=\"wpb_wrapper\">\n\t\t\t<p>Als Reformperiode wird die Periode in der d\u00e4nischen Geschichte bezeichnet, in der eine Reihe von Reformen die d\u00e4nische Gesellschaft und Landschaft f\u00fcr immer ver\u00e4nderten.<\/p>\n<p>Die Reformperiode begann in den 1750er Jahren. Sie rollte in den 1780er und 1790er Jahren wie eine gewaltige Welle \u00fcber das Land und kann im Gro\u00dfen und Ganzen als in den ersten Jahrzehnten des 19. Jahrhunderts abgeschlossen betrachtet werden.<\/p>\n<p>&nbsp;<\/p>\n<p>Klicken Sie auf die Namen unten, um mehr zu erfahren \u00fcber:<\/p>\n<ul>\n<li><a href=\"https:\/\/detgroennemuseum.dk\/de\/wissen\/agrargeschichte\/agrargeschichte-reformperiode\/\"><strong>Die Reformperiode<\/strong><\/a><\/li>\n<li><a href=\"https:\/\/detgroennemuseum.dk\/de\/wissen\/agrargeschichte\/feldstein-und-steinzaun\/\">Der Feldstein und der Steinzaun<\/a><\/li>\n<li><a href=\"https:\/\/detgroennemuseum.dk\/de\/wissen\/agrargeschichte\/radpflug\/\">Die Pflugschar<\/a><\/li>\n<li><a href=\"https:\/\/detgroennemuseum.dk\/de\/wissen\/agrargeschichte\/der-schwingpflug\/\">Der Schwingpflug<\/a><\/li>\n<li><a href=\"https:\/\/detgroennemuseum.dk\/de\/wissen\/agrargeschichte\/freiheitsunterstutzung\/\">Freiheitsunterst\u00fctzung<\/a><\/li>\n<li><a href=\"https:\/\/detgroennemuseum.dk\/de\/wissen\/agrargeschichte\/objekte-der-reformperiode\/\">Objekte aus der Sammlung des Gr\u00fcnen Museums<\/a><\/li>\n<\/ul>\n\n\t\t<\/div>\n\t<\/div>\n<\/div><\/div><\/div><\/div><div class=\"vc_row wpb_row vc_row-fluid vc_custom_1512646887073 vc_row-o-equal-height vc_row-flex\"><div class=\"wpb_column vc_column_container vc_col-sm-6\"><div class=\"vc_column-inner\"><div class=\"wpb_wrapper\"><div class=\"vc_empty_space\"   style=\"height: 16px\"><span class=\"vc_empty_space_inner\"><\/span><\/div>\n\t<div  class=\"wpb_single_image wpb_content_element vc_align_left\">\n\t\t\n\t\t<figure class=\"wpb_wrapper vc_figure\">\n\t\t\t<div class=\"vc_single_image-wrapper   vc_box_border_grey\"><img decoding=\"async\" width=\"1920\" height=\"1280\" data-src=\"https:\/\/detgroennemuseum.dk\/wp-content\/smush-webp\/2025\/08\/Ferguson.jpg.webp\" class=\"vc_single_image-img attachment-full lazyload\" alt=\"Das Bild zeigt einen grauen Ferguson-Traktor in der Ausstellung \u201eUnter der Sonne\u201c im Green Museum.\" title=\"Ferguson\" data-srcset=\"https:\/\/detgroennemuseum.dk\/wp-content\/smush-webp\/2025\/08\/Ferguson.jpg.webp 1920w, https:\/\/detgroennemuseum.dk\/wp-content\/smush-webp\/2025\/08\/Ferguson-600x400.jpg.webp 600w, https:\/\/detgroennemuseum.dk\/wp-content\/smush-webp\/2025\/08\/Ferguson-1024x683.jpg.webp 1024w, https:\/\/detgroennemuseum.dk\/wp-content\/smush-webp\/2025\/08\/Ferguson-768x512.jpg.webp 768w, https:\/\/detgroennemuseum.dk\/wp-content\/smush-webp\/2025\/08\/Ferguson-1536x1024.jpg.webp 1536w, https:\/\/detgroennemuseum.dk\/wp-content\/smush-webp\/2025\/08\/Ferguson-18x12.jpg.webp 18w, https:\/\/detgroennemuseum.dk\/wp-content\/smush-webp\/2025\/08\/Ferguson-64x43.jpg.webp 64w\" data-sizes=\"(max-width: 1920px) 100vw, 1920px\"  data-dt-location=\"https:\/\/detgroennemuseum.dk\/de\/ferguson\/\" src=\"data:image\/svg+xml;base64,PHN2ZyB3aWR0aD0iMSIgaGVpZ2h0PSIxIiB4bWxucz0iaHR0cDovL3d3dy53My5vcmcvMjAwMC9zdmciPjwvc3ZnPg==\" style=\"--smush-placeholder-width: 1920px; --smush-placeholder-aspect-ratio: 1920\/1280;\" \/><\/div>\n\t\t<\/figure>\n\t<\/div>\n<\/div><\/div><\/div><div class=\"wpb_column vc_column_container vc_col-sm-6\"><div class=\"vc_column-inner\"><div class=\"wpb_wrapper\">\n\t<div class=\"wpb_text_column wpb_content_element  vc_custom_1755609555839\" >\n\t\t<div class=\"wpb_wrapper\">\n\t\t\t<h3>Landwirtschaftliche Mechanisierung<\/h3>\n\n\t\t<\/div>\n\t<\/div>\n\n\t<div class=\"wpb_text_column wpb_content_element  vc_custom_1757070464828\" >\n\t\t<div class=\"wpb_wrapper\">\n\t\t\t<p>In den Jahren nach dem Zweiten Weltkrieg erlebte die d\u00e4nische Landwirtschaft Umbr\u00fcche von solchem Ausma\u00df und Charakter, dass man sie nur mit dem \u00dcbergang von der J\u00e4ger- und Sammlergesellschaft zur Bauerngesellschaft vor 6.000 Jahren vergleichen kann. Die Ver\u00e4nderungen waren vor allem auf die Einf\u00fchrung des Traktors und die damit verbundenen neuen M\u00f6glichkeiten zur\u00fcckzuf\u00fchren.<\/p>\n<p>&nbsp;<\/p>\n<p>Klicken Sie auf die Namen unten und erfahren Sie mehr \u00fcber:<\/p>\n<ul>\n<li><a href=\"https:\/\/detgroennemuseum.dk\/de\/wissen\/agrargeschichte\/landwirtschaftliche-mechanisierung\/\"><strong>Landwirtschaftliche Mechanisierung<\/strong><\/a><\/li>\n<li><a href=\"https:\/\/detgroennemuseum.dk\/de\/wissen\/agrargeschichte\/ferguson-traktor\/\">Der graue Ferguson-Traktor<\/a><\/li>\n<li><a href=\"https:\/\/detgroennemuseum.dk\/de\/wissen\/agrargeschichte\/winterhartes-feldspray\/\">Hardi Feldspritze<\/a><\/li>\n<li><a href=\"https:\/\/detgroennemuseum.dk\/de\/wissen\/agrargeschichte\/mechanisierungsobjekte\/\">Objekte aus der Sammlung des Gr\u00fcnen Museums<\/a><\/li>\n<\/ul>\n\n\t\t<\/div>\n\t<\/div>\n<\/div><\/div><\/div><\/div>\n<\/div>","protected":false},"excerpt":{"rendered":"<p>Agrargeschichte im Gr\u00fcnen Museum Das Gr\u00fcne Museum beherbergt eine einzigartige Sammlung von Objekten und Geschichten aus der d\u00e4nischen Landwirtschaftsgeschichte. Anhand von Filmen, Texten und Bildern k\u00f6nnen Sie\u2026<\/p>","protected":false},"author":19,"featured_media":0,"parent":3284,"menu_order":0,"comment_status":"closed","ping_status":"closed","template":"","meta":{"_price":"","_stock":"","_tribe_ticket_header":"","_tribe_default_ticket_provider":"","_tribe_ticket_capacity":"0","_ticket_start_date":"","_ticket_end_date":"","_tribe_ticket_show_description":"","_tribe_ticket_show_not_going":false,"_tribe_ticket_use_global_stock":"","_tribe_ticket_global_stock_level":"","_global_stock_mode":"","_global_stock_cap":"","_tribe_rsvp_for_event":"","_tribe_ticket_going_count":"","_tribe_ticket_not_going_count":"","_tribe_tickets_list":"[]","_tribe_ticket_has_attendee_info_fields":false,"footnotes":""},"class_list":["post-25827","page","type-page","status-publish","hentry","description-off"],"yoast_head":"<!-- This site is optimized with the Yoast SEO plugin v27.5 - https:\/\/yoast.com\/product\/yoast-seo-wordpress\/ -->\n<title>Landbrugshistorie |\u00a0L\u00e6r mere om Danmarks landbrugshistorie<\/title>\n<meta name=\"description\" content=\"Det Gr\u00f8nne Museum er et levende museum og den levende kulturarv er en af hj\u00f8rnestenene i vores arbejde med formidling.\" \/>\n<meta name=\"robots\" content=\"index, follow, max-snippet:-1, max-image-preview:large, max-video-preview:-1\" \/>\n<link rel=\"canonical\" href=\"https:\/\/detgroennemuseum.dk\/de\/wissen\/agrargeschichte\/\" \/>\n<meta property=\"og:locale\" content=\"de_DE\" \/>\n<meta property=\"og:type\" content=\"article\" \/>\n<meta property=\"og:title\" content=\"Landbrugshistorie |\u00a0L\u00e6r mere om Danmarks landbrugshistorie\" \/>\n<meta property=\"og:description\" content=\"Det Gr\u00f8nne Museum er et levende museum og den levende kulturarv er en af hj\u00f8rnestenene i vores arbejde med formidling.\" \/>\n<meta property=\"og:url\" content=\"https:\/\/detgroennemuseum.dk\/de\/wissen\/agrargeschichte\/\" \/>\n<meta property=\"og:site_name\" content=\"Det Gr\u00f8nne Museum\" \/>\n<meta property=\"article:modified_time\" content=\"2025-12-16T12:29:58+00:00\" \/>\n<meta name=\"twitter:card\" content=\"summary_large_image\" \/>\n<meta name=\"twitter:label1\" content=\"Gesch\u00e4tzte Lesezeit\" \/>\n\t<meta name=\"twitter:data1\" content=\"2\u00a0Minuten\" \/>\n<script type=\"application\/ld+json\" class=\"yoast-schema-graph\">{\"@context\":\"https:\\\/\\\/schema.org\",\"@graph\":[{\"@type\":\"WebPage\",\"@id\":\"https:\\\/\\\/detgroennemuseum.dk\\\/viden\\\/landbrugshistorie\\\/\",\"url\":\"https:\\\/\\\/detgroennemuseum.dk\\\/viden\\\/landbrugshistorie\\\/\",\"name\":\"Landbrugshistorie |\u00a0L\u00e6r mere om Danmarks landbrugshistorie\",\"isPartOf\":{\"@id\":\"https:\\\/\\\/detgroennemuseum.dk\\\/#website\"},\"datePublished\":\"2025-08-14T07:28:24+00:00\",\"dateModified\":\"2025-12-16T12:29:58+00:00\",\"description\":\"Det Gr\u00f8nne Museum er et levende museum og den levende kulturarv er en af hj\u00f8rnestenene i vores arbejde med formidling.\",\"breadcrumb\":{\"@id\":\"https:\\\/\\\/detgroennemuseum.dk\\\/viden\\\/landbrugshistorie\\\/#breadcrumb\"},\"inLanguage\":\"de\",\"potentialAction\":[{\"@type\":\"ReadAction\",\"target\":[\"https:\\\/\\\/detgroennemuseum.dk\\\/viden\\\/landbrugshistorie\\\/\"]}]},{\"@type\":\"BreadcrumbList\",\"@id\":\"https:\\\/\\\/detgroennemuseum.dk\\\/viden\\\/landbrugshistorie\\\/#breadcrumb\",\"itemListElement\":[{\"@type\":\"ListItem\",\"position\":1,\"name\":\"Hjem\",\"item\":\"https:\\\/\\\/detgroennemuseum.dk\\\/\"},{\"@type\":\"ListItem\",\"position\":2,\"name\":\"Viden\",\"item\":\"https:\\\/\\\/detgroennemuseum.dk\\\/viden\\\/\"},{\"@type\":\"ListItem\",\"position\":3,\"name\":\"Landbrugshistorie\"}]},{\"@type\":\"WebSite\",\"@id\":\"https:\\\/\\\/detgroennemuseum.dk\\\/#website\",\"url\":\"https:\\\/\\\/detgroennemuseum.dk\\\/\",\"name\":\"Det Gr\u00f8nne Museum\",\"description\":\"Danmarks nationale museum for jagten, skoven, landbruget og maden\",\"potentialAction\":[{\"@type\":\"SearchAction\",\"target\":{\"@type\":\"EntryPoint\",\"urlTemplate\":\"https:\\\/\\\/detgroennemuseum.dk\\\/?s={search_term_string}\"},\"query-input\":{\"@type\":\"PropertyValueSpecification\",\"valueRequired\":true,\"valueName\":\"search_term_string\"}}],\"inLanguage\":\"de\"}]}<\/script>\n<!-- \/ Yoast SEO plugin. -->","yoast_head_json":{"title":"Agrargeschichte | Erfahren Sie mehr \u00fcber die Agrargeschichte D\u00e4nemarks","description":"Das Gr\u00fcne Museum ist ein lebendiges Museum und lebendiges kulturelles Erbe ist einer der Grundpfeiler unserer Kommunikationsarbeit.","robots":{"index":"index","follow":"follow","max-snippet":"max-snippet:-1","max-image-preview":"max-image-preview:large","max-video-preview":"max-video-preview:-1"},"canonical":"https:\/\/detgroennemuseum.dk\/de\/wissen\/agrargeschichte\/","og_locale":"de_DE","og_type":"article","og_title":"Landbrugshistorie |\u00a0L\u00e6r mere om Danmarks landbrugshistorie","og_description":"Det Gr\u00f8nne Museum er et levende museum og den levende kulturarv er en af hj\u00f8rnestenene i vores arbejde med formidling.","og_url":"https:\/\/detgroennemuseum.dk\/de\/wissen\/agrargeschichte\/","og_site_name":"Det Gr\u00f8nne Museum","article_modified_time":"2025-12-16T12:29:58+00:00","twitter_card":"summary_large_image","twitter_misc":{"Gesch\u00e4tzte Lesezeit":"2\u00a0Minuten"},"schema":{"@context":"https:\/\/schema.org","@graph":[{"@type":"WebPage","@id":"https:\/\/detgroennemuseum.dk\/viden\/landbrugshistorie\/","url":"https:\/\/detgroennemuseum.dk\/viden\/landbrugshistorie\/","name":"Agrargeschichte | Erfahren Sie mehr \u00fcber die Agrargeschichte D\u00e4nemarks","isPartOf":{"@id":"https:\/\/detgroennemuseum.dk\/#website"},"datePublished":"2025-08-14T07:28:24+00:00","dateModified":"2025-12-16T12:29:58+00:00","description":"Das Gr\u00fcne Museum ist ein lebendiges Museum und lebendiges kulturelles Erbe ist einer der Grundpfeiler unserer Kommunikationsarbeit.","breadcrumb":{"@id":"https:\/\/detgroennemuseum.dk\/viden\/landbrugshistorie\/#breadcrumb"},"inLanguage":"de","potentialAction":[{"@type":"ReadAction","target":["https:\/\/detgroennemuseum.dk\/viden\/landbrugshistorie\/"]}]},{"@type":"BreadcrumbList","@id":"https:\/\/detgroennemuseum.dk\/viden\/landbrugshistorie\/#breadcrumb","itemListElement":[{"@type":"ListItem","position":1,"name":"Hjem","item":"https:\/\/detgroennemuseum.dk\/"},{"@type":"ListItem","position":2,"name":"Viden","item":"https:\/\/detgroennemuseum.dk\/viden\/"},{"@type":"ListItem","position":3,"name":"Landbrugshistorie"}]},{"@type":"WebSite","@id":"https:\/\/detgroennemuseum.dk\/#website","url":"https:\/\/detgroennemuseum.dk\/","name":"Das Gr\u00fcne Museum","description":"D\u00e4nisches Nationalmuseum f\u00fcr Jagd, Forstwirtschaft, Landwirtschaft und Ern\u00e4hrung","potentialAction":[{"@type":"SearchAction","target":{"@type":"EntryPoint","urlTemplate":"https:\/\/detgroennemuseum.dk\/?s={search_term_string}"},"query-input":{"@type":"PropertyValueSpecification","valueRequired":true,"valueName":"search_term_string"}}],"inLanguage":"de"}]}},"_links":{"self":[{"href":"https:\/\/detgroennemuseum.dk\/de\/wp-json\/wp\/v2\/pages\/25827","targetHints":{"allow":["GET"]}}],"collection":[{"href":"https:\/\/detgroennemuseum.dk\/de\/wp-json\/wp\/v2\/pages"}],"about":[{"href":"https:\/\/detgroennemuseum.dk\/de\/wp-json\/wp\/v2\/types\/page"}],"author":[{"embeddable":true,"href":"https:\/\/detgroennemuseum.dk\/de\/wp-json\/wp\/v2\/users\/19"}],"replies":[{"embeddable":true,"href":"https:\/\/detgroennemuseum.dk\/de\/wp-json\/wp\/v2\/comments?post=25827"}],"version-history":[{"count":25,"href":"https:\/\/detgroennemuseum.dk\/de\/wp-json\/wp\/v2\/pages\/25827\/revisions"}],"predecessor-version":[{"id":26500,"href":"https:\/\/detgroennemuseum.dk\/de\/wp-json\/wp\/v2\/pages\/25827\/revisions\/26500"}],"up":[{"embeddable":true,"href":"https:\/\/detgroennemuseum.dk\/de\/wp-json\/wp\/v2\/pages\/3284"}],"wp:attachment":[{"href":"https:\/\/detgroennemuseum.dk\/de\/wp-json\/wp\/v2\/media?parent=25827"}],"curies":[{"name":"wp","href":"https:\/\/api.w.org\/{rel}","templated":true}]}}