{"id":22464,"date":"2023-06-19T07:57:10","date_gmt":"2023-06-19T05:57:10","guid":{"rendered":"https:\/\/detgroennemuseum.dk\/?page_id=22464"},"modified":"2025-04-26T22:43:40","modified_gmt":"2025-04-26T20:43:40","slug":"grune-attraktion","status":"publish","type":"page","link":"https:\/\/detgroennemuseum.dk\/de\/green-attraction\/","title":{"rendered":"Gr\u00fcne Attraktion"},"content":{"rendered":"<h1>Gr\u00fcne Attraktion<\/h1>\n<div id=\"attachment_22467\" style=\"width: 410px\" class=\"wp-caption alignright\"><a href=\"https:\/\/www.greenattraction.dk\/\" target=\"_blank\" rel=\"noopener\"><img decoding=\"async\" aria-describedby=\"caption-attachment-22467\" class=\"wp-image-22467 lazyload\" data-src=\"https:\/\/detgroennemuseum.dk\/wp-content\/smush-webp\/2023\/06\/Green_Attraction_logo-lille-tilskaaret-1.jpg.webp\" alt=\"Gr\u00fcne Attraktion\" width=\"400\" height=\"347\" data-srcset=\"https:\/\/detgroennemuseum.dk\/wp-content\/smush-webp\/2023\/06\/Green_Attraction_logo-lille-tilskaaret-1.jpg.webp 511w, https:\/\/detgroennemuseum.dk\/wp-content\/smush-webp\/2023\/06\/Green_Attraction_logo-lille-tilskaaret-1-64x55.jpg.webp 64w\" data-sizes=\"(max-width: 400px) 100vw, 400px\" src=\"data:image\/svg+xml;base64,PHN2ZyB3aWR0aD0iMSIgaGVpZ2h0PSIxIiB4bWxucz0iaHR0cDovL3d3dy53My5vcmcvMjAwMC9zdmciPjwvc3ZnPg==\" style=\"--smush-placeholder-width: 400px; --smush-placeholder-aspect-ratio: 400\/347;\" \/><\/a><p id=\"caption-attachment-22467\" class=\"wp-caption-text\">Das Gr\u00fcne Museum ist als Gr\u00fcne Attraktion anerkannt<\/p><\/div>\n<p><strong><em>Der Name ist \u00fcberzeugend!<\/em><\/strong><\/p>\n<p>Eines der wichtigsten Themen im Moment ist zweifellos die Nachhaltigkeit.<\/p>\n<p>Daher wurde das Gr\u00fcne Museum im Fr\u00fchjahr 2023 als eines der ersten Museen des Landes als Gr\u00fcne Attraktion zertifiziert.<\/p>\n<p>Diese Kennzeichnung wurde von der Branchenorganisation HORESTA in Zusammenarbeit mit unter anderem der Organisation D\u00e4nischer Museen entwickelt und richtet sich an Attraktionen. Green Attraction entstand aus Green Key, einem unabh\u00e4ngigen internationalen Kennzeichnungssystem f\u00fcr Hotels.<\/p>\n<p>Die Green Attraction-Zertifizierung erfordert, dass wir in Zukunft unseren gesamten Klima-Fu\u00dfabdruck registrieren und messen. J\u00e4hrlich m\u00fcssen wir dokumentieren, dass wir die festgelegten Nachhaltigkeitskriterien des Labels in allen Arbeitsbereichen des Museums einhalten und auch daran arbeiten, G\u00e4ste, Lieferanten, Ehrenamtliche und Mitarbeiter in unsere Arbeit einzubeziehen.<\/p>\n<p>Nachfolgend k\u00f6nnen Sie einige der vielen Bereiche lesen, in denen das Museum seinen Schwerpunkt auf Nachhaltigkeit legt:<\/p>\n<p>&nbsp;<\/p>\n<p><strong>Ressourcenverbrauch<\/strong><\/p>\n<p>Im Gr\u00fcnen Museum gehen wir sehr bewusst mit Ressourcen um. Dies ist einer der Gr\u00fcnde, warum wir bereits Solarzellen auf den D\u00e4chern des Museums haben, sowohl in den Ausstellungsgeb\u00e4uden am Randersvej als auch in unserem Lager in Auning. Die Solarzellen decken 51 % unseres Stromverbrauchs.<\/p>\n<p>In den letzten Jahren haben wir unsere Leuchtmittel kontinuierlich ausgetauscht und unter anderem in allen Installationen, wo m\u00f6glich, energiesparende LED-Lampen anstelle von herk\u00f6mmlichen Gl\u00fchbirnen verbaut.<\/p>\n<p>Auch wenn wir versuchen, die Menge gering zu halten, f\u00e4llt bei uns und unseren G\u00e4sten dennoch eine betr\u00e4chtliche Menge an M\u00fcll an, der sortiert und anschlie\u00dfend dem normalen M\u00fcll der Gemeinde zugef\u00fchrt oder zum Recyclinghof transportiert wird. <strong>Als Gast unterst\u00fctzen Sie uns, indem Sie sich die M\u00fche machen, den M\u00fcll in den M\u00fclleimern des Museums grob zu trennen.<\/strong><\/p>\n<p>&nbsp;<\/p>\n<p><strong>Der Landwirtschaftlich-Botanische Garten<\/strong><\/p>\n<div id=\"attachment_22472\" style=\"width: 610px\" class=\"wp-caption alignright\"><img decoding=\"async\" aria-describedby=\"caption-attachment-22472\" class=\"wp-image-22472 size-medium lazyload\" data-src=\"https:\/\/detgroennemuseum.dk\/wp-content\/smush-webp\/2023\/06\/6-600x450.jpg.webp\" alt=\"Der Landwirtschaftlich-Botanische Garten\" width=\"600\" height=\"450\" data-srcset=\"https:\/\/detgroennemuseum.dk\/wp-content\/smush-webp\/2023\/06\/6-600x450.jpg.webp 600w, https:\/\/detgroennemuseum.dk\/wp-content\/smush-webp\/2023\/06\/6-1024x768.jpg.webp 1024w, https:\/\/detgroennemuseum.dk\/wp-content\/smush-webp\/2023\/06\/6-768x576.jpg.webp 768w, https:\/\/detgroennemuseum.dk\/wp-content\/smush-webp\/2023\/06\/6-64x48.jpg.webp 64w, https:\/\/detgroennemuseum.dk\/wp-content\/smush-webp\/2023\/06\/6.jpg.webp 1500w\" data-sizes=\"(max-width: 600px) 100vw, 600px\" src=\"data:image\/svg+xml;base64,PHN2ZyB3aWR0aD0iMSIgaGVpZ2h0PSIxIiB4bWxucz0iaHR0cDovL3d3dy53My5vcmcvMjAwMC9zdmciPjwvc3ZnPg==\" style=\"--smush-placeholder-width: 600px; --smush-placeholder-aspect-ratio: 600\/450;\" \/><p id=\"caption-attachment-22472\" class=\"wp-caption-text\">Der Landwirtschaftlich-Botanische Garten wurde 1993 gegr\u00fcndet und ist ein Zentrum zur Erhaltung alter Kulturpflanzensorten.<\/p><\/div>\n<p>Das Gr\u00fcne Museum verf\u00fcgt \u00fcber einen wundersch\u00f6nen und einzigartigen landwirtschaftlich-botanischen Garten, mit unter anderem 80 verschiedenen Rhabarbersorten und \u00fcber 400 Apfelb\u00e4umen. Der Garten wurde 1993 gegr\u00fcndet und ist ein Erhaltungszentrum f\u00fcr alte Kulturpflanzensorten. Es gibt Sorten aus Freiland und Garten, Nutzpflanzen ebenso wie Zierpflanzen, Kr\u00e4uter, Str\u00e4ucher und B\u00e4ume.<\/p>\n<p>Als Museumsgast sind Sie jederzeit herzlich eingeladen, Obst und Gem\u00fcse zu probieren \u2013 und das mit bestem nachhaltigen Gewissen. Der Landwirtschaftlich-Botanische Garten, die Gew\u00e4chsh\u00e4user, die Baumschule und die Apfelplantage werden vom Gartenteam betreut, das \u00fcber ein Besch\u00e4ftigungsprojekt aus 18 Stellen besteht. Das Gartenteam wurde in Zusammenarbeit zwischen dem Gr\u00fcnen Museum und der Gemeinde Norddjurs gegr\u00fcndet.<\/p>\n<p>Der Landwirtschaftliche Botanische Garten ist in Zusammenarbeit mit der K\u00f6niglich D\u00e4nischen Veterin\u00e4r- und Landwirtschaftsuniversit\u00e4t in Kopenhagen, Pometet in H\u00f8je T\u00e5strup und NordGen in Schweden an der Naturschutzarbeit beteiligt.<\/p>\n<p><strong>\u00a0<\/strong><\/p>\n<p><strong>\u00d6kologische Landwirtschaft<\/strong><\/p>\n<p>Das Gr\u00fcne Museum bewirtschaftet \u00fcber 60 Hektar landwirtschaftliche Nutzfl\u00e4chen mit Getreide und Gras f\u00fcr die Viehzucht. Wir betreiben biologische Landwirtschaft und unser Land wird nicht mit Pestiziden bespr\u00fcht. Es erfordert zwar etwas mehr Arbeit, aber der Museumsbauer hat unter anderem Folgendes im Sinn: Im Jahr 2023 wurde ein Versuch gestartet, in den Getreidefeldern zwischen den Reihen mechanisch zu j\u00e4ten, sodass hartn\u00e4ckiges Unkraut ohne Spritzen ferngehalten wird.<\/p>\n<p>Das Gr\u00fcne Museum beteiligt sich an der landesweiten Erhaltungsarbeit mit einer Reihe alter d\u00e4nischer Nutztierrassen, die fr\u00fcher in der d\u00e4nischen Landwirtschaft wichtig waren, von denen heute jedoch nur noch wenige \u00fcbrig sind.<\/p>\n<p>Neben dem Aspekt des kulturellen Erbes dient die Naturschutzarbeit auch als \u201eVersicherung\u201c f\u00fcr die Z\u00fcchtungsarbeit in der modernen Landwirtschaft. In den Genen der alten Rassen lassen sich m\u00f6glicherweise Abwehrmechanismen gegen m\u00f6gliche Krankheiten und Beschwerden finden.<\/p>\n<p><strong>\u00a0<\/strong><\/p>\n<p><strong>Zeitschriften und Energieoptimierung<\/strong><\/p>\n<p>Das neue gro\u00dfe Lagerhaus des Museums zur Lagerung von Objekten ist nach einem v\u00f6llig neuen Niedrigenergieprinzip mit minimaler Heizung und langsamen Temperaturschwankungen gebaut. Das bedeutet, dass der Boden ohne Isolierung ausgef\u00fchrt ist, sodass der Boden im Winter zur Heizung des Lagers beitr\u00e4gt und im Sommer zur K\u00fchlung beitr\u00e4gt.<\/p>\n<p>&nbsp;<\/p>\n<p><strong>Indoor-Ausstellungen<\/strong><\/p>\n<div id=\"attachment_22479\" style=\"width: 610px\" class=\"wp-caption alignright\"><img decoding=\"async\" aria-describedby=\"caption-attachment-22479\" class=\"wp-image-22479 size-medium lazyload\" data-src=\"https:\/\/detgroennemuseum.dk\/wp-content\/smush-webp\/2023\/06\/Vinterferie-2023-til-SoMe-01-600x400.jpg.webp\" alt=\"Das Boot Afrodite bringt jungen Menschen Freude\" width=\"600\" height=\"400\" data-srcset=\"https:\/\/detgroennemuseum.dk\/wp-content\/smush-webp\/2023\/06\/Vinterferie-2023-til-SoMe-01-600x400.jpg.webp 600w, https:\/\/detgroennemuseum.dk\/wp-content\/smush-webp\/2023\/06\/Vinterferie-2023-til-SoMe-01-1024x683.jpg.webp 1024w, https:\/\/detgroennemuseum.dk\/wp-content\/smush-webp\/2023\/06\/Vinterferie-2023-til-SoMe-01-768x512.jpg.webp 768w, https:\/\/detgroennemuseum.dk\/wp-content\/smush-webp\/2023\/06\/Vinterferie-2023-til-SoMe-01-64x43.jpg.webp 64w, https:\/\/detgroennemuseum.dk\/wp-content\/smush-webp\/2023\/06\/Vinterferie-2023-til-SoMe-01.jpg.webp 1500w\" data-sizes=\"(max-width: 600px) 100vw, 600px\" src=\"data:image\/svg+xml;base64,PHN2ZyB3aWR0aD0iMSIgaGVpZ2h0PSIxIiB4bWxucz0iaHR0cDovL3d3dy53My5vcmcvMjAwMC9zdmciPjwvc3ZnPg==\" style=\"--smush-placeholder-width: 600px; --smush-placeholder-aspect-ratio: 600\/400;\" \/><p id=\"caption-attachment-22479\" class=\"wp-caption-text\">Auch bei der Konzeption neuer Indoor-Ausstellungen legen wir Wert auf Nachhaltigkeit und Recycling \u2013 nat\u00fcrlich ohne dabei das Erlebnis f\u00fcr unsere G\u00e4ste zu beeintr\u00e4chtigen.<\/p><\/div>\n<p>Der Aufbau neuer Ausstellungen erfordert viele Ressourcen. Vitrinen, Leuchten und sonstige Ausstattung verwenden wir von Zeit zu Zeit gr\u00f6\u00dftenteils wieder und achten bei notwendigen Neuanschaffungen darauf, dass die neuen Materialien unseren Nachhaltigkeitsanspr\u00fcchen gen\u00fcgen. Blau. Wir bewerten nach Lebensdauer und Stromverbrauch.<\/p>\n<p>&nbsp;<\/p>\n<p><strong>Nachhaltige Beschaffung<\/strong><\/p>\n<p>Das Museum ist Eigentum des Staates und es wurde bereits viel unternommen, um Nachhaltigkeit in die \u00f6ffentlichen Beschaffungsvertr\u00e4ge zu integrieren. Zu unserer Einkaufspolitik geh\u00f6rt es auch, dass die Lieferanten von Waren und Dienstleistungen f\u00fcr das Museum die Kriterien von Green Key Supply erf\u00fcllen. Wenn wir also beispielsweise Konsumg\u00fcter wie Reinigungsprodukte und Toilettenpapier kaufen, verf\u00fcgen diese \u00fcber das Schwan- und Umweltzeichen.<\/p>\n<p>Im Museumsshop k\u00f6nnen Sie unter anderem: nachhaltige Waren, Bio-Kaffee und Waren aus regionaler Produktion kaufen: Wir verkaufen unter anderem Honig aus unserer eigenen Imkerzunft; Saatgut aus dem eigenen Garten, biologisch produziertes Garn etc. So k\u00f6nnen auch Ihre Erinnerungen Teil der nachhaltigen Wende sein.<\/p>\n<p>&nbsp;<\/p>\n<p><strong>Was k\u00f6nnen Sie als Gast tun?<\/strong><\/p>\n<p>Um Nachhaltigkeit zu gew\u00e4hrleisten, ist der Einsatz aller erforderlich. Hier k\u00f6nnen Sie uns als Gast unterst\u00fctzen, indem Sie:<\/p>\n<ul>\n<li>Sparen Sie Wasser w\u00e4hrend Ihres Besuchs bei uns.<\/li>\n<li>Trennen Sie Ihren M\u00fcll richtig. \u00dcberall im Museum stehen M\u00fclleimer.<\/li>\n<li>Nutzen Sie die \u00f6ffentlichen Verkehrsmittel oder f\u00fcllen Sie das Auto mit mehreren G\u00e4sten, wenn Sie uns besuchen.<\/li>\n<li>Nachhaltig wohnen und nachhaltig essen in der Region.<\/li>\n<li>Teilen Sie uns Ihre Gedanken zum Thema Nachhaltigkeit mit. Entweder direkt im Museum bei den Mitarbeitern \u2013 oder senden Sie uns eine E-Mail an die Adresse <a href=\"mailto:info@dgmuseum.dk\">info@dgmuseum.dk<\/a>.<\/li>\n<\/ul>\n<p><a href=\"https:\/\/www.greenattraction.dk\/\" target=\"_blank\" rel=\"noopener\">Weitere Informationen zu Green Attraction finden Sie auf deren Website.<\/a><\/p>\n<p><a href=\"https:\/\/detgroennemuseum.dk\/de\/ausgezeichnet-mit-dem-umweltzeichen-green-attraction\/\" target=\"_blank\" rel=\"noopener\">Lesen Sie die Pressemitteilung zur Verleihung des Green Attraction-Labels an The Green Museum.<\/a><\/p>","protected":false},"excerpt":{"rendered":"<p>Gr\u00fcne Attraktion. Der Name ist \u00fcberzeugend! Eines der wichtigsten Themen im Moment ist zweifellos die Nachhaltigkeit. Daher ist das Gr\u00fcne Museum als eines der ersten Museen des Landes zu einem ... geworden.<\/p>","protected":false},"author":17,"featured_media":0,"parent":0,"menu_order":0,"comment_status":"closed","ping_status":"closed","template":"","meta":{"_price":"","_stock":"","_tribe_ticket_header":"","_tribe_default_ticket_provider":"","_tribe_ticket_capacity":"0","_ticket_start_date":"","_ticket_end_date":"","_tribe_ticket_show_description":"","_tribe_ticket_show_not_going":false,"_tribe_ticket_use_global_stock":"","_tribe_ticket_global_stock_level":"","_global_stock_mode":"","_global_stock_cap":"","_tribe_rsvp_for_event":"","_tribe_ticket_going_count":"","_tribe_ticket_not_going_count":"","_tribe_tickets_list":"[]","_tribe_ticket_has_attendee_info_fields":false,"footnotes":""},"class_list":["post-22464","page","type-page","status-publish","hentry","description-off"],"yoast_head":"<!-- This site is optimized with the Yoast SEO plugin v27.5 - https:\/\/yoast.com\/product\/yoast-seo-wordpress\/ -->\n<title>Det Gr\u00f8nne Museum er certificeret som Green Attraction<\/title>\n<meta name=\"description\" content=\"Det Gr\u00f8nne Museum er som et af landets f\u00f8rste museer, i for\u00e5ret 2023, blevet certificeret som Green Attraction. L\u00e6s mere her.\" \/>\n<meta name=\"robots\" content=\"index, follow, max-snippet:-1, max-image-preview:large, max-video-preview:-1\" \/>\n<link rel=\"canonical\" href=\"https:\/\/detgroennemuseum.dk\/de\/grune-attraktion\/\" \/>\n<meta property=\"og:locale\" content=\"de_DE\" \/>\n<meta property=\"og:type\" content=\"article\" \/>\n<meta property=\"og:title\" content=\"Det Gr\u00f8nne Museum er certificeret som Green Attraction\" \/>\n<meta property=\"og:description\" content=\"Det Gr\u00f8nne Museum er som et af landets f\u00f8rste museer, i for\u00e5ret 2023, blevet certificeret som Green Attraction. L\u00e6s mere her.\" \/>\n<meta property=\"og:url\" content=\"https:\/\/detgroennemuseum.dk\/de\/grune-attraktion\/\" \/>\n<meta property=\"og:site_name\" content=\"Det Gr\u00f8nne Museum\" \/>\n<meta property=\"article:modified_time\" content=\"2025-04-26T20:43:40+00:00\" \/>\n<meta property=\"og:image\" content=\"https:\/\/detgroennemuseum.dk\/wp-content\/uploads\/2023\/06\/Green_Attraction_logo-lille-tilskaaret-1.jpg\" \/>\n\t<meta property=\"og:image:width\" content=\"511\" \/>\n\t<meta property=\"og:image:height\" content=\"443\" \/>\n\t<meta property=\"og:image:type\" content=\"image\/jpeg\" \/>\n<meta name=\"twitter:card\" content=\"summary_large_image\" \/>\n<meta name=\"twitter:label1\" content=\"Gesch\u00e4tzte Lesezeit\" \/>\n\t<meta name=\"twitter:data1\" content=\"6\u00a0Minuten\" \/>\n<script type=\"application\/ld+json\" class=\"yoast-schema-graph\">{\"@context\":\"https:\\\/\\\/schema.org\",\"@graph\":[{\"@type\":\"WebPage\",\"@id\":\"https:\\\/\\\/detgroennemuseum.dk\\\/green-attraction\\\/\",\"url\":\"https:\\\/\\\/detgroennemuseum.dk\\\/green-attraction\\\/\",\"name\":\"Det Gr\u00f8nne Museum er certificeret som Green Attraction\",\"isPartOf\":{\"@id\":\"https:\\\/\\\/detgroennemuseum.dk\\\/#website\"},\"primaryImageOfPage\":{\"@id\":\"https:\\\/\\\/detgroennemuseum.dk\\\/green-attraction\\\/#primaryimage\"},\"image\":{\"@id\":\"https:\\\/\\\/detgroennemuseum.dk\\\/green-attraction\\\/#primaryimage\"},\"thumbnailUrl\":\"https:\\\/\\\/detgroennemuseum.dk\\\/wp-content\\\/uploads\\\/2023\\\/06\\\/Green_Attraction_logo-lille-tilskaaret-1.jpg\",\"datePublished\":\"2023-06-19T05:57:10+00:00\",\"dateModified\":\"2025-04-26T20:43:40+00:00\",\"description\":\"Det Gr\u00f8nne Museum er som et af landets f\u00f8rste museer, i for\u00e5ret 2023, blevet certificeret som Green Attraction. L\u00e6s mere her.\",\"breadcrumb\":{\"@id\":\"https:\\\/\\\/detgroennemuseum.dk\\\/green-attraction\\\/#breadcrumb\"},\"inLanguage\":\"de\",\"potentialAction\":[{\"@type\":\"ReadAction\",\"target\":[\"https:\\\/\\\/detgroennemuseum.dk\\\/green-attraction\\\/\"]}]},{\"@type\":\"ImageObject\",\"inLanguage\":\"de\",\"@id\":\"https:\\\/\\\/detgroennemuseum.dk\\\/green-attraction\\\/#primaryimage\",\"url\":\"https:\\\/\\\/detgroennemuseum.dk\\\/wp-content\\\/uploads\\\/2023\\\/06\\\/Green_Attraction_logo-lille-tilskaaret-1.jpg\",\"contentUrl\":\"https:\\\/\\\/detgroennemuseum.dk\\\/wp-content\\\/uploads\\\/2023\\\/06\\\/Green_Attraction_logo-lille-tilskaaret-1.jpg\"},{\"@type\":\"BreadcrumbList\",\"@id\":\"https:\\\/\\\/detgroennemuseum.dk\\\/green-attraction\\\/#breadcrumb\",\"itemListElement\":[{\"@type\":\"ListItem\",\"position\":1,\"name\":\"Hjem\",\"item\":\"https:\\\/\\\/detgroennemuseum.dk\\\/\"},{\"@type\":\"ListItem\",\"position\":2,\"name\":\"Green Attraction\"}]},{\"@type\":\"WebSite\",\"@id\":\"https:\\\/\\\/detgroennemuseum.dk\\\/#website\",\"url\":\"https:\\\/\\\/detgroennemuseum.dk\\\/\",\"name\":\"Det Gr\u00f8nne Museum\",\"description\":\"Danmarks nationale museum for jagten, skoven, landbruget og maden\",\"potentialAction\":[{\"@type\":\"SearchAction\",\"target\":{\"@type\":\"EntryPoint\",\"urlTemplate\":\"https:\\\/\\\/detgroennemuseum.dk\\\/?s={search_term_string}\"},\"query-input\":{\"@type\":\"PropertyValueSpecification\",\"valueRequired\":true,\"valueName\":\"search_term_string\"}}],\"inLanguage\":\"de\"}]}<\/script>\n<!-- \/ Yoast SEO plugin. -->","yoast_head_json":{"title":"Das Gr\u00fcne Museum ist als Gr\u00fcne Attraktion zertifiziert","description":"Das Gr\u00fcne Museum ist eines der ersten Museen des Landes, das im Fr\u00fchjahr 2023 als Gr\u00fcne Attraktion zertifiziert wird. Lesen Sie hier mehr.","robots":{"index":"index","follow":"follow","max-snippet":"max-snippet:-1","max-image-preview":"max-image-preview:large","max-video-preview":"max-video-preview:-1"},"canonical":"https:\/\/detgroennemuseum.dk\/de\/grune-attraktion\/","og_locale":"de_DE","og_type":"article","og_title":"Det Gr\u00f8nne Museum er certificeret som Green Attraction","og_description":"Det Gr\u00f8nne Museum er som et af landets f\u00f8rste museer, i for\u00e5ret 2023, blevet certificeret som Green Attraction. L\u00e6s mere her.","og_url":"https:\/\/detgroennemuseum.dk\/de\/grune-attraktion\/","og_site_name":"Det Gr\u00f8nne Museum","article_modified_time":"2025-04-26T20:43:40+00:00","og_image":[{"width":511,"height":443,"url":"https:\/\/detgroennemuseum.dk\/wp-content\/uploads\/2023\/06\/Green_Attraction_logo-lille-tilskaaret-1.jpg","type":"image\/jpeg"}],"twitter_card":"summary_large_image","twitter_misc":{"Gesch\u00e4tzte Lesezeit":"6\u00a0Minuten"},"schema":{"@context":"https:\/\/schema.org","@graph":[{"@type":"WebPage","@id":"https:\/\/detgroennemuseum.dk\/green-attraction\/","url":"https:\/\/detgroennemuseum.dk\/green-attraction\/","name":"Das Gr\u00fcne Museum ist als Gr\u00fcne Attraktion zertifiziert","isPartOf":{"@id":"https:\/\/detgroennemuseum.dk\/#website"},"primaryImageOfPage":{"@id":"https:\/\/detgroennemuseum.dk\/green-attraction\/#primaryimage"},"image":{"@id":"https:\/\/detgroennemuseum.dk\/green-attraction\/#primaryimage"},"thumbnailUrl":"https:\/\/detgroennemuseum.dk\/wp-content\/uploads\/2023\/06\/Green_Attraction_logo-lille-tilskaaret-1.jpg","datePublished":"2023-06-19T05:57:10+00:00","dateModified":"2025-04-26T20:43:40+00:00","description":"Das Gr\u00fcne Museum ist eines der ersten Museen des Landes, das im Fr\u00fchjahr 2023 als Gr\u00fcne Attraktion zertifiziert wird. Lesen Sie hier mehr.","breadcrumb":{"@id":"https:\/\/detgroennemuseum.dk\/green-attraction\/#breadcrumb"},"inLanguage":"de","potentialAction":[{"@type":"ReadAction","target":["https:\/\/detgroennemuseum.dk\/green-attraction\/"]}]},{"@type":"ImageObject","inLanguage":"de","@id":"https:\/\/detgroennemuseum.dk\/green-attraction\/#primaryimage","url":"https:\/\/detgroennemuseum.dk\/wp-content\/uploads\/2023\/06\/Green_Attraction_logo-lille-tilskaaret-1.jpg","contentUrl":"https:\/\/detgroennemuseum.dk\/wp-content\/uploads\/2023\/06\/Green_Attraction_logo-lille-tilskaaret-1.jpg"},{"@type":"BreadcrumbList","@id":"https:\/\/detgroennemuseum.dk\/green-attraction\/#breadcrumb","itemListElement":[{"@type":"ListItem","position":1,"name":"Hjem","item":"https:\/\/detgroennemuseum.dk\/"},{"@type":"ListItem","position":2,"name":"Green Attraction"}]},{"@type":"WebSite","@id":"https:\/\/detgroennemuseum.dk\/#website","url":"https:\/\/detgroennemuseum.dk\/","name":"Das Gr\u00fcne Museum","description":"D\u00e4nisches Nationalmuseum f\u00fcr Jagd, Forstwirtschaft, Landwirtschaft und Ern\u00e4hrung","potentialAction":[{"@type":"SearchAction","target":{"@type":"EntryPoint","urlTemplate":"https:\/\/detgroennemuseum.dk\/?s={search_term_string}"},"query-input":{"@type":"PropertyValueSpecification","valueRequired":true,"valueName":"search_term_string"}}],"inLanguage":"de"}]}},"_links":{"self":[{"href":"https:\/\/detgroennemuseum.dk\/de\/wp-json\/wp\/v2\/pages\/22464","targetHints":{"allow":["GET"]}}],"collection":[{"href":"https:\/\/detgroennemuseum.dk\/de\/wp-json\/wp\/v2\/pages"}],"about":[{"href":"https:\/\/detgroennemuseum.dk\/de\/wp-json\/wp\/v2\/types\/page"}],"author":[{"embeddable":true,"href":"https:\/\/detgroennemuseum.dk\/de\/wp-json\/wp\/v2\/users\/17"}],"replies":[{"embeddable":true,"href":"https:\/\/detgroennemuseum.dk\/de\/wp-json\/wp\/v2\/comments?post=22464"}],"version-history":[{"count":11,"href":"https:\/\/detgroennemuseum.dk\/de\/wp-json\/wp\/v2\/pages\/22464\/revisions"}],"predecessor-version":[{"id":25567,"href":"https:\/\/detgroennemuseum.dk\/de\/wp-json\/wp\/v2\/pages\/22464\/revisions\/25567"}],"wp:attachment":[{"href":"https:\/\/detgroennemuseum.dk\/de\/wp-json\/wp\/v2\/media?parent=22464"}],"curies":[{"name":"wp","href":"https:\/\/api.w.org\/{rel}","templated":true}]}}