{"id":15025,"date":"2020-10-29T10:52:09","date_gmt":"2020-10-29T09:52:09","guid":{"rendered":"https:\/\/detgroennemuseum.dk\/?page_id=15025"},"modified":"2021-12-17T13:53:14","modified_gmt":"2021-12-17T12:53:14","slug":"whistleblower-programm","status":"publish","type":"page","link":"https:\/\/detgroennemuseum.dk\/de\/whistleblowerordning\/","title":{"rendered":"Whistleblower-Programm"},"content":{"rendered":"<div class=\"wpb-content-wrapper\"><div class=\"vc_row wpb_row vc_row-fluid\"><div class=\"wpb_column vc_column_container vc_col-sm-12\"><div class=\"vc_column-inner\"><div class=\"wpb_wrapper\"><div class=\"vc_empty_space\"   style=\"height: 32px\"><span class=\"vc_empty_space_inner\"><\/span><\/div><h2 style=\"text-align: left\" class=\"vc_custom_heading vc_do_custom_heading\" >Whistleblower-Programm<\/h2><div class=\"vc_empty_space\"   style=\"height: 32px\"><span class=\"vc_empty_space_inner\"><\/span><\/div><\/div><\/div><\/div><\/div><div class=\"vc_row wpb_row vc_row-fluid\"><div class=\"wpb_column vc_column_container vc_col-sm-12\"><div class=\"vc_column-inner\"><div class=\"wpb_wrapper\">\n\t<div class=\"wpb_text_column wpb_content_element\" >\n\t\t<div class=\"wpb_wrapper\">\n\t\t\t<p>Aufgrund seiner Gr\u00f6\u00dfe verf\u00fcgt das Gr\u00fcne Museum \u00fcber kein eigenes Hinweisgebersystem. Wenn Sie als Hinweisgeber Angelegenheiten im Zusammenhang mit dem Gr\u00fcnen Museum melden m\u00f6chten, k\u00f6nnen Sie das externe Hinweisgebersystem der d\u00e4nischen Datenschutzbeh\u00f6rde nutzen. Das externe Hinweisgebersystem der d\u00e4nischen Datenschutzbeh\u00f6rde finden Sie hier: <a href=\"https:\/\/whistleblower.dk\/\">Das Whistleblower-Programm der d\u00e4nischen Datenschutzbeh\u00f6rde<\/a>.<\/p>\n\n\t\t<\/div>\n\t<\/div>\n<\/div><\/div><\/div><\/div>\n<\/div>","protected":false},"excerpt":{"rendered":"<p>Hinweisgebersystem Aufgrund seiner Gr\u00f6\u00dfe verf\u00fcgt das Gr\u00fcne Museum \u00fcber kein eigenes Hinweisgebersystem. Wenn Sie als Hinweisgeber Angelegenheiten im Zusammenhang mit dem Green Museum melden m\u00f6chten, k\u00f6nnen Sie die externe \u2026 nutzen.<\/p>","protected":false},"author":3,"featured_media":0,"parent":0,"menu_order":0,"comment_status":"closed","ping_status":"closed","template":"","meta":{"_price":"","_stock":"","_tribe_ticket_header":"","_tribe_default_ticket_provider":"","_tribe_ticket_capacity":"0","_ticket_start_date":"","_ticket_end_date":"","_tribe_ticket_show_description":"","_tribe_ticket_show_not_going":false,"_tribe_ticket_use_global_stock":"","_tribe_ticket_global_stock_level":"","_global_stock_mode":"","_global_stock_cap":"","_tribe_rsvp_for_event":"","_tribe_ticket_going_count":"","_tribe_ticket_not_going_count":"","_tribe_tickets_list":"[]","_tribe_ticket_has_attendee_info_fields":false,"footnotes":""},"class_list":["post-15025","page","type-page","status-publish","hentry","description-off"],"yoast_head":"<!-- This site is optimized with the Yoast SEO plugin v27.5 - https:\/\/yoast.com\/product\/yoast-seo-wordpress\/ -->\n<title>Whistleblowerordning - Det Gr\u00f8nne Museum<\/title>\n<meta name=\"description\" content=\"Det Gr\u00f8nne Museum er omfattet af Datatilsynets whistleblowerordning. L\u00e6s mere her.\" \/>\n<meta name=\"robots\" content=\"index, follow, max-snippet:-1, max-image-preview:large, max-video-preview:-1\" \/>\n<link rel=\"canonical\" href=\"https:\/\/detgroennemuseum.dk\/de\/whistleblower-programm\/\" \/>\n<meta property=\"og:locale\" content=\"de_DE\" \/>\n<meta property=\"og:type\" content=\"article\" \/>\n<meta property=\"og:title\" content=\"Whistleblowerordning - Det Gr\u00f8nne Museum\" \/>\n<meta property=\"og:description\" content=\"Det Gr\u00f8nne Museum er omfattet af Datatilsynets whistleblowerordning. L\u00e6s mere her.\" \/>\n<meta property=\"og:url\" content=\"https:\/\/detgroennemuseum.dk\/de\/whistleblower-programm\/\" \/>\n<meta property=\"og:site_name\" content=\"Det Gr\u00f8nne Museum\" \/>\n<meta property=\"article:modified_time\" content=\"2021-12-17T12:53:14+00:00\" \/>\n<meta name=\"twitter:card\" content=\"summary_large_image\" \/>\n<meta name=\"twitter:label1\" content=\"Gesch\u00e4tzte Lesezeit\" \/>\n\t<meta name=\"twitter:data1\" content=\"1\u00a0Minute\" \/>\n<script type=\"application\/ld+json\" class=\"yoast-schema-graph\">{\"@context\":\"https:\\\/\\\/schema.org\",\"@graph\":[{\"@type\":\"WebPage\",\"@id\":\"https:\\\/\\\/detgroennemuseum.dk\\\/whistleblowerordning\\\/\",\"url\":\"https:\\\/\\\/detgroennemuseum.dk\\\/whistleblowerordning\\\/\",\"name\":\"Whistleblowerordning - Det Gr\u00f8nne Museum\",\"isPartOf\":{\"@id\":\"https:\\\/\\\/detgroennemuseum.dk\\\/#website\"},\"datePublished\":\"2020-10-29T09:52:09+00:00\",\"dateModified\":\"2021-12-17T12:53:14+00:00\",\"description\":\"Det Gr\u00f8nne Museum er omfattet af Datatilsynets whistleblowerordning. L\u00e6s mere her.\",\"breadcrumb\":{\"@id\":\"https:\\\/\\\/detgroennemuseum.dk\\\/whistleblowerordning\\\/#breadcrumb\"},\"inLanguage\":\"de\",\"potentialAction\":[{\"@type\":\"ReadAction\",\"target\":[\"https:\\\/\\\/detgroennemuseum.dk\\\/whistleblowerordning\\\/\"]}]},{\"@type\":\"BreadcrumbList\",\"@id\":\"https:\\\/\\\/detgroennemuseum.dk\\\/whistleblowerordning\\\/#breadcrumb\",\"itemListElement\":[{\"@type\":\"ListItem\",\"position\":1,\"name\":\"Hjem\",\"item\":\"https:\\\/\\\/detgroennemuseum.dk\\\/\"},{\"@type\":\"ListItem\",\"position\":2,\"name\":\"Whistleblowerordning\"}]},{\"@type\":\"WebSite\",\"@id\":\"https:\\\/\\\/detgroennemuseum.dk\\\/#website\",\"url\":\"https:\\\/\\\/detgroennemuseum.dk\\\/\",\"name\":\"Det Gr\u00f8nne Museum\",\"description\":\"Danmarks nationale museum for jagten, skoven, landbruget og maden\",\"potentialAction\":[{\"@type\":\"SearchAction\",\"target\":{\"@type\":\"EntryPoint\",\"urlTemplate\":\"https:\\\/\\\/detgroennemuseum.dk\\\/?s={search_term_string}\"},\"query-input\":{\"@type\":\"PropertyValueSpecification\",\"valueRequired\":true,\"valueName\":\"search_term_string\"}}],\"inLanguage\":\"de\"}]}<\/script>\n<!-- \/ Yoast SEO plugin. -->","yoast_head_json":{"title":"Whistleblower-Programm - Das Gr\u00fcne Museum","description":"Das Gr\u00fcne Museum f\u00e4llt unter das Whistleblower-Programm der d\u00e4nischen Datenschutzbeh\u00f6rde. Lesen Sie hier mehr.","robots":{"index":"index","follow":"follow","max-snippet":"max-snippet:-1","max-image-preview":"max-image-preview:large","max-video-preview":"max-video-preview:-1"},"canonical":"https:\/\/detgroennemuseum.dk\/de\/whistleblower-programm\/","og_locale":"de_DE","og_type":"article","og_title":"Whistleblowerordning - Det Gr\u00f8nne Museum","og_description":"Det Gr\u00f8nne Museum er omfattet af Datatilsynets whistleblowerordning. L\u00e6s mere her.","og_url":"https:\/\/detgroennemuseum.dk\/de\/whistleblower-programm\/","og_site_name":"Det Gr\u00f8nne Museum","article_modified_time":"2021-12-17T12:53:14+00:00","twitter_card":"summary_large_image","twitter_misc":{"Gesch\u00e4tzte Lesezeit":"1\u00a0Minute"},"schema":{"@context":"https:\/\/schema.org","@graph":[{"@type":"WebPage","@id":"https:\/\/detgroennemuseum.dk\/whistleblowerordning\/","url":"https:\/\/detgroennemuseum.dk\/whistleblowerordning\/","name":"Whistleblower-Programm - Das Gr\u00fcne Museum","isPartOf":{"@id":"https:\/\/detgroennemuseum.dk\/#website"},"datePublished":"2020-10-29T09:52:09+00:00","dateModified":"2021-12-17T12:53:14+00:00","description":"Das Gr\u00fcne Museum f\u00e4llt unter das Whistleblower-Programm der d\u00e4nischen Datenschutzbeh\u00f6rde. Lesen Sie hier mehr.","breadcrumb":{"@id":"https:\/\/detgroennemuseum.dk\/whistleblowerordning\/#breadcrumb"},"inLanguage":"de","potentialAction":[{"@type":"ReadAction","target":["https:\/\/detgroennemuseum.dk\/whistleblowerordning\/"]}]},{"@type":"BreadcrumbList","@id":"https:\/\/detgroennemuseum.dk\/whistleblowerordning\/#breadcrumb","itemListElement":[{"@type":"ListItem","position":1,"name":"Hjem","item":"https:\/\/detgroennemuseum.dk\/"},{"@type":"ListItem","position":2,"name":"Whistleblowerordning"}]},{"@type":"WebSite","@id":"https:\/\/detgroennemuseum.dk\/#website","url":"https:\/\/detgroennemuseum.dk\/","name":"Das Gr\u00fcne Museum","description":"D\u00e4nisches Nationalmuseum f\u00fcr Jagd, Forstwirtschaft, Landwirtschaft und Ern\u00e4hrung","potentialAction":[{"@type":"SearchAction","target":{"@type":"EntryPoint","urlTemplate":"https:\/\/detgroennemuseum.dk\/?s={search_term_string}"},"query-input":{"@type":"PropertyValueSpecification","valueRequired":true,"valueName":"search_term_string"}}],"inLanguage":"de"}]}},"_links":{"self":[{"href":"https:\/\/detgroennemuseum.dk\/de\/wp-json\/wp\/v2\/pages\/15025","targetHints":{"allow":["GET"]}}],"collection":[{"href":"https:\/\/detgroennemuseum.dk\/de\/wp-json\/wp\/v2\/pages"}],"about":[{"href":"https:\/\/detgroennemuseum.dk\/de\/wp-json\/wp\/v2\/types\/page"}],"author":[{"embeddable":true,"href":"https:\/\/detgroennemuseum.dk\/de\/wp-json\/wp\/v2\/users\/3"}],"replies":[{"embeddable":true,"href":"https:\/\/detgroennemuseum.dk\/de\/wp-json\/wp\/v2\/comments?post=15025"}],"version-history":[{"count":5,"href":"https:\/\/detgroennemuseum.dk\/de\/wp-json\/wp\/v2\/pages\/15025\/revisions"}],"predecessor-version":[{"id":22022,"href":"https:\/\/detgroennemuseum.dk\/de\/wp-json\/wp\/v2\/pages\/15025\/revisions\/22022"}],"wp:attachment":[{"href":"https:\/\/detgroennemuseum.dk\/de\/wp-json\/wp\/v2\/media?parent=15025"}],"curies":[{"name":"wp","href":"https:\/\/api.w.org\/{rel}","templated":true}]}}