{"id":14876,"date":"2020-10-19T11:10:05","date_gmt":"2020-10-19T09:10:05","guid":{"rendered":"https:\/\/detgroennemuseum.dk\/?page_id=14876"},"modified":"2025-04-26T22:52:37","modified_gmt":"2025-04-26T20:52:37","slug":"live-samstag","status":"publish","type":"page","link":"https:\/\/detgroennemuseum.dk\/de\/levende-loerdag\/","title":{"rendered":"Lebendiger Samstag"},"content":{"rendered":"<div class=\"wpb-content-wrapper\"><div class=\"vc_row wpb_row vc_row-fluid vc_custom_1506607941230\"><div class=\"wpb_column vc_column_container vc_col-sm-12\"><div class=\"vc_column-inner\"><div class=\"wpb_wrapper\"><h1 style=\"text-align: left\" class=\"vc_custom_heading vc_do_custom_heading\" >Lebendiger Samstag<\/h1><\/div><\/div><\/div><\/div><div class=\"vc_row wpb_row vc_row-fluid vc_custom_1517919540027\"><div class=\"wpb_column vc_column_container vc_col-sm-6\"><div class=\"vc_column-inner\"><div class=\"wpb_wrapper\">\n\t<div class=\"wpb_text_column wpb_content_element  vc_custom_1708687712562 iconHover\" >\n\t\t<div class=\"wpb_wrapper\">\n\t\t\t<p>An ausgew\u00e4hlten ersten Samstagen im Monat herrscht im Gr\u00fcnen Museum an jeder Ecke Leben. Hier findet der Lebendige Samstag statt, an dem die Vermittler und Freiwilligen des Museums Geschichten erz\u00e4hlen, Kostproben anbieten und Beispiele alten Handwerks zeigen. Was genau Sie erleben werden, wird sich mit der Zeit \u00e4ndern, aber hier ist ein Beispiel.<\/p>\n<h3>Ein neuer Eingang zu den Ausstellungen<\/h3>\n<p>Erleben Sie die Ausstellungen und die Geschichten darin und dahinter beim Living Saturday. Beispielsweise laden unsere Vermittler Sie zu einer Einf\u00fchrung in die Ausstellung BIG \u2013 Mensch und Wald ein.<\/p>\n<p>In den Ausstellungen k\u00f6nnen Sie oft einige unserer vielen Z\u00fcnfte treffen, die Erfahrungen und Geschichten aus ihrem Leben mit dem alten Handwerk teilen. Dies k\u00f6nnen zum Beispiel die Metzgerzunft in der Schlachthofausstellung, die Sennen in der Molkereiausstellung oder die Bogensch\u00fctzenzunft und die Bergleute in \u201eSTORT \u2013 Der Mensch und der Wald\u201c sein. Und nat\u00fcrlich die Besucherbetreuer, die Ihnen im Besuchermagazin von ihrer Arbeit mit den vielen Maschinen erz\u00e4hlen k\u00f6nnen.<\/p>\n<h3>Leben in den Werkst\u00e4tten<\/h3>\n<p>Die Ausstellungen sind nicht der einzige Ort, an dem Sie einige unserer Freiwilligen beim Living Saturday treffen k\u00f6nnen. Sie bev\u00f6lkern auch ihre Werkst\u00e4tten. Wenn Sie beispielsweise aus der Traktorenwerkstatt Motorenger\u00e4usche h\u00f6ren, dann liegt das daran, dass einige der Mechaniker gerade dabei sind, die alten Traktoren zum Leben zu erwecken \u2013 und dabei \u00fcber sie zu sprechen.<\/p>\n<p>Und der Geruch aus der Historischen Werkstatt? Denn wir bereiten ein Gericht nach einem historischen Rezept zu. Schauen Sie rein und probieren Sie es!<\/p>\n<p>Blick in <a href=\"https:\/\/detgroennemuseum.dk\/de\/es-passiert\/\">Kalender It Happens<\/a> \u2013 erfahren Sie mehr \u00fcber das genaue Programm und schauen Sie am ersten Samstag im Monat im Museum vorbei.<\/p>\n\n\t\t<\/div>\n\t<\/div>\n<\/div><\/div><\/div><div class=\"wpb_column vc_column_container vc_col-sm-6 vc_col-has-fill\"><div class=\"vc_column-inner vc_custom_1622706623727\"><div class=\"wpb_wrapper\">\n<div class=\"vc_grid-container-wrapper vc_clearfix vc_grid-animation-fadeIn\">\n\t<div class=\"vc_grid-container vc_clearfix wpb_content_element vc_media_grid\" data-initial-loading-animation=\"fadeIn\" data-vc-grid-settings=\"{&quot;page_id&quot;:14876,&quot;style&quot;:&quot;all&quot;,&quot;action&quot;:&quot;vc_get_vc_grid_data&quot;,&quot;shortcode_id&quot;:&quot;1708687689704-ce56cd75-f0d2-0&quot;,&quot;tag&quot;:&quot;vc_media_grid&quot;}\" data-vc-request=\"https:\/\/detgroennemuseum.dk\/wp-admin\/admin-ajax.php\" data-vc-post-id=\"14876\" data-vc-public-nonce=\"fbcc88f8fa\">\n\t\t\n\t<\/div>\n<\/div><\/div><\/div><\/div><\/div><div class=\"vc_row wpb_row vc_row-fluid vc_custom_1582630338534 vc_column-gap-10 vc_row-o-equal-height vc_row-o-content-top vc_row-flex\"><div class=\"wpb_column vc_column_container vc_col-sm-3\"><div class=\"vc_column-inner\"><div class=\"wpb_wrapper\"><\/div><\/div><\/div><div class=\"wpb_column vc_column_container vc_col-sm-3\"><div class=\"vc_column-inner\"><div class=\"wpb_wrapper\"><\/div><\/div><\/div><div class=\"wpb_column vc_column_container vc_col-sm-3\"><div class=\"vc_column-inner\"><div class=\"wpb_wrapper\"><\/div><\/div><\/div><div class=\"wpb_column vc_column_container vc_col-sm-3\"><div class=\"vc_column-inner\"><div class=\"wpb_wrapper\"><\/div><\/div><\/div><\/div><div class=\"vc_row wpb_row vc_row-fluid\"><div class=\"wpb_column vc_column_container vc_col-sm-12\"><div class=\"vc_column-inner\"><div class=\"wpb_wrapper\"><div class=\"vc_separator wpb_content_element vc_separator_align_center vc_sep_width_100 vc_sep_pos_align_center vc_separator_no_text vc_custom_1519300403087 wpb_content_element  vc_custom_1519300403087 wpb_content_element\" ><span class=\"vc_sep_holder vc_sep_holder_l\"><span style=\"border-color:#4c8d34;\" class=\"vc_sep_line\"><\/span><\/span><span class=\"vc_sep_holder vc_sep_holder_r\"><span style=\"border-color:#4c8d34;\" class=\"vc_sep_line\"><\/span><\/span>\n<\/div><\/div><\/div><\/div><div class=\"wpb_column vc_column_container vc_col-sm-12\"><div class=\"vc_column-inner\"><div class=\"wpb_wrapper\"><\/div><\/div><\/div><\/div>\n<\/div>","protected":false},"excerpt":{"rendered":"<p>Lebendiger Samstag: Jeden ersten Samstag in ausgew\u00e4hlten Monaten erwacht jede Ecke des Gr\u00fcnen Museums zum Leben. Hier findet der Lebendige Samstag statt, an dem die Museumskommunikatoren und Freiwilligen erz\u00e4hlen\u2026<\/p>","protected":false},"author":3,"featured_media":0,"parent":0,"menu_order":0,"comment_status":"closed","ping_status":"closed","template":"","meta":{"_price":"","_stock":"","_tribe_ticket_header":"","_tribe_default_ticket_provider":"","_tribe_ticket_capacity":"0","_ticket_start_date":"","_ticket_end_date":"","_tribe_ticket_show_description":"","_tribe_ticket_show_not_going":false,"_tribe_ticket_use_global_stock":"","_tribe_ticket_global_stock_level":"","_global_stock_mode":"","_global_stock_cap":"","_tribe_rsvp_for_event":"","_tribe_ticket_going_count":"","_tribe_ticket_not_going_count":"","_tribe_tickets_list":"[]","_tribe_ticket_has_attendee_info_fields":false,"footnotes":""},"class_list":["post-14876","page","type-page","status-publish","hentry","description-off"],"yoast_head":"<!-- This site is optimized with the Yoast SEO plugin v27.4 - https:\/\/yoast.com\/product\/yoast-seo-wordpress\/ -->\n<title>Kom til Levende L\u00f8rdag p\u00e5 Det Gr\u00f8nne Museum | Masser af sjov<\/title>\n<meta name=\"description\" content=\"M\u00f8d museets formidlere og frivillige til levende l\u00f8rdag, den f\u00f8rste l\u00f8rdag i hver m\u00e5ned, hvor vi s\u00f8rger for ekstra mange oplevelser.\" \/>\n<meta name=\"robots\" content=\"index, follow, max-snippet:-1, max-image-preview:large, max-video-preview:-1\" \/>\n<link rel=\"canonical\" href=\"https:\/\/detgroennemuseum.dk\/de\/live-samstag\/\" \/>\n<meta property=\"og:locale\" content=\"de_DE\" \/>\n<meta property=\"og:type\" content=\"article\" \/>\n<meta property=\"og:title\" content=\"Kom til Levende L\u00f8rdag p\u00e5 Det Gr\u00f8nne Museum | Masser af sjov\" \/>\n<meta property=\"og:description\" content=\"M\u00f8d museets formidlere og frivillige til levende l\u00f8rdag, den f\u00f8rste l\u00f8rdag i hver m\u00e5ned, hvor vi s\u00f8rger for ekstra mange oplevelser.\" \/>\n<meta property=\"og:url\" content=\"https:\/\/detgroennemuseum.dk\/de\/live-samstag\/\" \/>\n<meta property=\"og:site_name\" content=\"Det Gr\u00f8nne Museum\" \/>\n<meta property=\"article:modified_time\" content=\"2025-04-26T20:52:37+00:00\" \/>\n<meta name=\"twitter:card\" content=\"summary_large_image\" \/>\n<meta name=\"twitter:label1\" content=\"Gesch\u00e4tzte Lesezeit\" \/>\n\t<meta name=\"twitter:data1\" content=\"2\u00a0Minuten\" \/>\n<script type=\"application\/ld+json\" class=\"yoast-schema-graph\">{\"@context\":\"https:\\\/\\\/schema.org\",\"@graph\":[{\"@type\":\"WebPage\",\"@id\":\"https:\\\/\\\/detgroennemuseum.dk\\\/levende-loerdag\\\/\",\"url\":\"https:\\\/\\\/detgroennemuseum.dk\\\/levende-loerdag\\\/\",\"name\":\"Kom til Levende L\u00f8rdag p\u00e5 Det Gr\u00f8nne Museum | Masser af sjov\",\"isPartOf\":{\"@id\":\"https:\\\/\\\/detgroennemuseum.dk\\\/#website\"},\"datePublished\":\"2020-10-19T09:10:05+00:00\",\"dateModified\":\"2025-04-26T20:52:37+00:00\",\"description\":\"M\u00f8d museets formidlere og frivillige til levende l\u00f8rdag, den f\u00f8rste l\u00f8rdag i hver m\u00e5ned, hvor vi s\u00f8rger for ekstra mange oplevelser.\",\"breadcrumb\":{\"@id\":\"https:\\\/\\\/detgroennemuseum.dk\\\/levende-loerdag\\\/#breadcrumb\"},\"inLanguage\":\"de\",\"potentialAction\":[{\"@type\":\"ReadAction\",\"target\":[\"https:\\\/\\\/detgroennemuseum.dk\\\/levende-loerdag\\\/\"]}]},{\"@type\":\"BreadcrumbList\",\"@id\":\"https:\\\/\\\/detgroennemuseum.dk\\\/levende-loerdag\\\/#breadcrumb\",\"itemListElement\":[{\"@type\":\"ListItem\",\"position\":1,\"name\":\"Hjem\",\"item\":\"https:\\\/\\\/detgroennemuseum.dk\\\/\"},{\"@type\":\"ListItem\",\"position\":2,\"name\":\"Levende l\u00f8rdag\"}]},{\"@type\":\"WebSite\",\"@id\":\"https:\\\/\\\/detgroennemuseum.dk\\\/#website\",\"url\":\"https:\\\/\\\/detgroennemuseum.dk\\\/\",\"name\":\"Det Gr\u00f8nne Museum\",\"description\":\"Danmarks nationale museum for jagten, skoven, landbruget og maden\",\"potentialAction\":[{\"@type\":\"SearchAction\",\"target\":{\"@type\":\"EntryPoint\",\"urlTemplate\":\"https:\\\/\\\/detgroennemuseum.dk\\\/?s={search_term_string}\"},\"query-input\":{\"@type\":\"PropertyValueSpecification\",\"valueRequired\":true,\"valueName\":\"search_term_string\"}}],\"inLanguage\":\"de\"}]}<\/script>\n<!-- \/ Yoast SEO plugin. -->","yoast_head_json":{"title":"Kommen Sie zum Living Saturday ins Green Museum | Viel Spa\u00df","description":"Treffen Sie die Mitarbeiter und Freiwilligen des Museums am Living Saturday, dem ersten Samstag jedes Monats, wo wir zus\u00e4tzliche Erlebnisse bieten.","robots":{"index":"index","follow":"follow","max-snippet":"max-snippet:-1","max-image-preview":"max-image-preview:large","max-video-preview":"max-video-preview:-1"},"canonical":"https:\/\/detgroennemuseum.dk\/de\/live-samstag\/","og_locale":"de_DE","og_type":"article","og_title":"Kom til Levende L\u00f8rdag p\u00e5 Det Gr\u00f8nne Museum | Masser af sjov","og_description":"M\u00f8d museets formidlere og frivillige til levende l\u00f8rdag, den f\u00f8rste l\u00f8rdag i hver m\u00e5ned, hvor vi s\u00f8rger for ekstra mange oplevelser.","og_url":"https:\/\/detgroennemuseum.dk\/de\/live-samstag\/","og_site_name":"Det Gr\u00f8nne Museum","article_modified_time":"2025-04-26T20:52:37+00:00","twitter_card":"summary_large_image","twitter_misc":{"Gesch\u00e4tzte Lesezeit":"2\u00a0Minuten"},"schema":{"@context":"https:\/\/schema.org","@graph":[{"@type":"WebPage","@id":"https:\/\/detgroennemuseum.dk\/levende-loerdag\/","url":"https:\/\/detgroennemuseum.dk\/levende-loerdag\/","name":"Kommen Sie zum Living Saturday ins Green Museum | Viel Spa\u00df","isPartOf":{"@id":"https:\/\/detgroennemuseum.dk\/#website"},"datePublished":"2020-10-19T09:10:05+00:00","dateModified":"2025-04-26T20:52:37+00:00","description":"Treffen Sie die Mitarbeiter und Freiwilligen des Museums am Living Saturday, dem ersten Samstag jedes Monats, wo wir zus\u00e4tzliche Erlebnisse bieten.","breadcrumb":{"@id":"https:\/\/detgroennemuseum.dk\/levende-loerdag\/#breadcrumb"},"inLanguage":"de","potentialAction":[{"@type":"ReadAction","target":["https:\/\/detgroennemuseum.dk\/levende-loerdag\/"]}]},{"@type":"BreadcrumbList","@id":"https:\/\/detgroennemuseum.dk\/levende-loerdag\/#breadcrumb","itemListElement":[{"@type":"ListItem","position":1,"name":"Hjem","item":"https:\/\/detgroennemuseum.dk\/"},{"@type":"ListItem","position":2,"name":"Levende l\u00f8rdag"}]},{"@type":"WebSite","@id":"https:\/\/detgroennemuseum.dk\/#website","url":"https:\/\/detgroennemuseum.dk\/","name":"Das Gr\u00fcne Museum","description":"D\u00e4nisches Nationalmuseum f\u00fcr Jagd, Forstwirtschaft, Landwirtschaft und Ern\u00e4hrung","potentialAction":[{"@type":"SearchAction","target":{"@type":"EntryPoint","urlTemplate":"https:\/\/detgroennemuseum.dk\/?s={search_term_string}"},"query-input":{"@type":"PropertyValueSpecification","valueRequired":true,"valueName":"search_term_string"}}],"inLanguage":"de"}]}},"_links":{"self":[{"href":"https:\/\/detgroennemuseum.dk\/de\/wp-json\/wp\/v2\/pages\/14876","targetHints":{"allow":["GET"]}}],"collection":[{"href":"https:\/\/detgroennemuseum.dk\/de\/wp-json\/wp\/v2\/pages"}],"about":[{"href":"https:\/\/detgroennemuseum.dk\/de\/wp-json\/wp\/v2\/types\/page"}],"author":[{"embeddable":true,"href":"https:\/\/detgroennemuseum.dk\/de\/wp-json\/wp\/v2\/users\/3"}],"replies":[{"embeddable":true,"href":"https:\/\/detgroennemuseum.dk\/de\/wp-json\/wp\/v2\/comments?post=14876"}],"version-history":[{"count":27,"href":"https:\/\/detgroennemuseum.dk\/de\/wp-json\/wp\/v2\/pages\/14876\/revisions"}],"predecessor-version":[{"id":23203,"href":"https:\/\/detgroennemuseum.dk\/de\/wp-json\/wp\/v2\/pages\/14876\/revisions\/23203"}],"wp:attachment":[{"href":"https:\/\/detgroennemuseum.dk\/de\/wp-json\/wp\/v2\/media?parent=14876"}],"curies":[{"name":"wp","href":"https:\/\/api.w.org\/{rel}","templated":true}]}}