{"id":1258,"date":"2017-11-08T21:57:48","date_gmt":"2017-11-08T20:57:48","guid":{"rendered":"http:\/\/detgroennemuseum.dk\/?page_id=1258"},"modified":"2025-12-22T13:20:37","modified_gmt":"2025-12-22T12:20:37","slug":"ausbildung","status":"publish","type":"page","link":"https:\/\/detgroennemuseum.dk\/de\/undervisning\/","title":{"rendered":"Ausbildung"},"content":{"rendered":"<div class=\"wpb-content-wrapper\"><div class=\"vc_row wpb_row vc_row-fluid vc_custom_1519308157645\"><div class=\"wpb_column vc_column_container vc_col-sm-12\"><div class=\"vc_column-inner\"><div class=\"wpb_wrapper\"><h1 style=\"text-align: center\" class=\"vc_custom_heading vc_do_custom_heading\" >LEHRE IM GR\u00dcNEN MUSEUM<\/h1><\/div><\/div><\/div><\/div><div class=\"vc_row wpb_row vc_row-fluid vc_custom_1510311878210\"><div class=\"wpb_column vc_column_container vc_col-sm-12\"><div class=\"vc_column-inner\"><div class=\"wpb_wrapper\">\n\t<div class=\"wpb_text_column wpb_content_element  vc_custom_1766400223861 iconHover\" >\n\t\t<div class=\"wpb_wrapper\">\n\t\t\t<p>Wenn Sie sich f\u00fcr eine Lehrt\u00e4tigkeit am Green Museum entscheiden, erwartet Sie ein hohes, professionelles Niveau, das auf die jeweilige Zielgruppe abgestimmt ist. Wir bieten ein breites Spektrum an Lehrveranstaltungen an, von der Grundschule bis zur Oberstufe und f\u00fcr Lehramtsanw\u00e4rter. F\u00fcr Studierende aus speziellen Bereichen wird der Kurs so gestaltet, dass er ihren besonderen Bed\u00fcrfnissen gerecht wird.<\/p>\n<p>Alle unsere Kurse beinhalten ein k\u00f6rperliches\/sensorisches Element. Die Sinneserfahrungen vertiefen das Lernen und gew\u00e4hrleisten die Teilnahme aller, unabh\u00e4ngig von ihren akademischen F\u00e4higkeiten. Wir verbinden spielerisches Lernen und historisches Eintauchen und lassen Geschichte lebendig werden.<\/p>\n<p>Auf dieser Seite k\u00f6nnen Sie sich \u00fcber unser Lehrangebot informieren, praktische Hinweise finden und vieles mehr.<\/p>\n<p>Wir freuen uns auf Sie!<\/p>\n\n\t\t<\/div>\n\t<\/div>\n<\/div><\/div><\/div><\/div><div class=\"vc_row wpb_row vc_row-fluid\"><div class=\"wpb_column vc_column_container vc_col-sm-4\"><div class=\"vc_column-inner\"><div class=\"wpb_wrapper\">\n\t<div  class=\"wpb_single_image wpb_content_element vc_align_left\">\n\t\t\n\t\t<figure class=\"wpb_wrapper vc_figure\">\n\t\t\t<a href=\"https:\/\/detgroennemuseum.dk\/de\/ausbildung\/buchungs-und-praktische-informationen\/\" target=\"_self\"  class=\"vc_single_image-wrapper   vc_box_border_grey rollover\"   ><img decoding=\"async\" width=\"600\" height=\"400\" data-src=\"https:\/\/detgroennemuseum.dk\/wp-content\/smush-webp\/2025\/10\/OVERBLIK-600x400.jpg.webp\" class=\"vc_single_image-img attachment-medium lazyload\" alt=\"Kinderklettern im Zusammenhang mit Bildungskursen im Green Museum\" title=\"\u00dcBERBLICK\" data-srcset=\"https:\/\/detgroennemuseum.dk\/wp-content\/smush-webp\/2025\/10\/OVERBLIK-600x400.jpg.webp 600w, https:\/\/detgroennemuseum.dk\/wp-content\/smush-webp\/2025\/10\/OVERBLIK-1024x683.jpg.webp 1024w, https:\/\/detgroennemuseum.dk\/wp-content\/smush-webp\/2025\/10\/OVERBLIK-768x512.jpg.webp 768w, https:\/\/detgroennemuseum.dk\/wp-content\/smush-webp\/2025\/10\/OVERBLIK-1536x1024.jpg.webp 1536w, https:\/\/detgroennemuseum.dk\/wp-content\/smush-webp\/2025\/10\/OVERBLIK-18x12.jpg.webp 18w, https:\/\/detgroennemuseum.dk\/wp-content\/smush-webp\/2025\/10\/OVERBLIK-64x43.jpg.webp 64w, https:\/\/detgroennemuseum.dk\/wp-content\/smush-webp\/2025\/10\/OVERBLIK.jpg.webp 1920w\" data-sizes=\"(max-width: 600px) 100vw, 600px\"  data-dt-location=\"https:\/\/detgroennemuseum.dk\/de\/undervisning\/undervisningsforloeb\/overblik\/\" src=\"data:image\/svg+xml;base64,PHN2ZyB3aWR0aD0iMSIgaGVpZ2h0PSIxIiB4bWxucz0iaHR0cDovL3d3dy53My5vcmcvMjAwMC9zdmciPjwvc3ZnPg==\" style=\"--smush-placeholder-width: 600px; --smush-placeholder-aspect-ratio: 600\/400;\" \/><\/a>\n\t\t<\/figure>\n\t<\/div>\n\n\t<div class=\"wpb_text_column wpb_content_element\" >\n\t\t<div class=\"wpb_wrapper\">\n\t\t\t<h3>PRAKTISCHE INFORMATIONEN<\/h3>\n<p>Hier finden Sie praktische Informationen zur Buchung und weitere Dinge, die im Zusammenhang mit dem Unterrichten gut zu wissen sind.<\/p>\n\n\t\t<\/div>\n\t<\/div>\n<\/div><\/div><\/div><div class=\"wpb_column vc_column_container vc_col-sm-4\"><div class=\"vc_column-inner\"><div class=\"wpb_wrapper\">\n\t<div  class=\"wpb_single_image wpb_content_element vc_align_left\">\n\t\t\n\t\t<figure class=\"wpb_wrapper vc_figure\">\n\t\t\t<a href=\"https:\/\/detgroennemuseum.dk\/de\/ausbildung\/lehrprozess\/\" target=\"_self\"  class=\"vc_single_image-wrapper   vc_box_border_grey rollover\"   ><img decoding=\"async\" width=\"600\" height=\"400\" data-src=\"https:\/\/detgroennemuseum.dk\/wp-content\/smush-webp\/2025\/10\/GULDKORN-1-600x400.jpg.webp\" class=\"vc_single_image-img attachment-medium lazyload\" alt=\"Kind ber\u00fchrt Getreide w\u00e4hrend einer Unterrichtseinheit im Green Museum\" title=\"GOLDENES KORN\" data-srcset=\"https:\/\/detgroennemuseum.dk\/wp-content\/smush-webp\/2025\/10\/GULDKORN-1-600x400.jpg.webp 600w, https:\/\/detgroennemuseum.dk\/wp-content\/smush-webp\/2025\/10\/GULDKORN-1-1024x683.jpg.webp 1024w, https:\/\/detgroennemuseum.dk\/wp-content\/smush-webp\/2025\/10\/GULDKORN-1-768x512.jpg.webp 768w, https:\/\/detgroennemuseum.dk\/wp-content\/smush-webp\/2025\/10\/GULDKORN-1-1536x1024.jpg.webp 1536w, https:\/\/detgroennemuseum.dk\/wp-content\/smush-webp\/2025\/10\/GULDKORN-1-18x12.jpg.webp 18w, https:\/\/detgroennemuseum.dk\/wp-content\/smush-webp\/2025\/10\/GULDKORN-1-64x43.jpg.webp 64w, https:\/\/detgroennemuseum.dk\/wp-content\/smush-webp\/2025\/10\/GULDKORN-1.jpg.webp 1920w\" data-sizes=\"(max-width: 600px) 100vw, 600px\"  data-dt-location=\"https:\/\/detgroennemuseum.dk\/de\/undervisning\/undervisningsforloeb\/guldkorn-1\/\" src=\"data:image\/svg+xml;base64,PHN2ZyB3aWR0aD0iMSIgaGVpZ2h0PSIxIiB4bWxucz0iaHR0cDovL3d3dy53My5vcmcvMjAwMC9zdmciPjwvc3ZnPg==\" style=\"--smush-placeholder-width: 600px; --smush-placeholder-aspect-ratio: 600\/400;\" \/><\/a>\n\t\t<\/figure>\n\t<\/div>\n\n\t<div class=\"wpb_text_column wpb_content_element\" >\n\t\t<div class=\"wpb_wrapper\">\n\t\t\t<h3>Lehrprozess<\/h3>\n<p>Hier k\u00f6nnen Sie mehr \u00fcber den Unterrichtsprozess lesen.<\/p>\n\n\t\t<\/div>\n\t<\/div>\n<\/div><\/div><\/div><div class=\"wpb_column vc_column_container vc_col-sm-4\"><div class=\"vc_column-inner\"><div class=\"wpb_wrapper\">\n\t<div  class=\"wpb_single_image wpb_content_element vc_align_left\">\n\t\t\n\t\t<figure class=\"wpb_wrapper vc_figure\">\n\t\t\t<a href=\"https:\/\/detgroennemuseum.dk\/de\/ausbildung\/lehrmaterialien\/\" target=\"_self\"  class=\"vc_single_image-wrapper   vc_box_border_grey rollover\"   ><img decoding=\"async\" width=\"600\" height=\"400\" data-src=\"https:\/\/detgroennemuseum.dk\/wp-content\/smush-webp\/2025\/12\/UV.jpg.webp\" class=\"vc_single_image-img attachment-medium lazyload\" alt=\"Kind erstellt Lehrmaterialien \u00fcber Nutztiere\" title=\"Unterrichtsmaterialien\" data-srcset=\"https:\/\/detgroennemuseum.dk\/wp-content\/smush-webp\/2025\/12\/UV.jpg.webp 600w, https:\/\/detgroennemuseum.dk\/wp-content\/smush-webp\/2025\/12\/UV-18x12.jpg.webp 18w, https:\/\/detgroennemuseum.dk\/wp-content\/smush-webp\/2025\/12\/UV-64x43.jpg.webp 64w\" data-sizes=\"(max-width: 600px) 100vw, 600px\"  data-dt-location=\"https:\/\/detgroennemuseum.dk\/de\/undervisning\/uv\/\" src=\"data:image\/svg+xml;base64,PHN2ZyB3aWR0aD0iMSIgaGVpZ2h0PSIxIiB4bWxucz0iaHR0cDovL3d3dy53My5vcmcvMjAwMC9zdmciPjwvc3ZnPg==\" style=\"--smush-placeholder-width: 600px; --smush-placeholder-aspect-ratio: 600\/400;\" \/><\/a>\n\t\t<\/figure>\n\t<\/div>\n\n\t<div class=\"wpb_text_column wpb_content_element\" >\n\t\t<div class=\"wpb_wrapper\">\n\t\t\t<h3>Unterrichtsmaterialien<\/h3>\n<p>Eine Auswahl kostenloser Online-Lernmaterialien.<\/p>\n\n\t\t<\/div>\n\t<\/div>\n<\/div><\/div><\/div><\/div>\n<\/div>","protected":false},"excerpt":{"rendered":"<p>Unterrichten im Green Museum: Wenn Sie sich f\u00fcr eine Lehrt\u00e4tigkeit im Green Museum entscheiden, erwartet Sie ein hohes, professionelles Niveau, das auf die Zielgruppe abgestimmt ist. Wir bieten ein breites Spektrum an Unterrichtsangeboten, von der Grundschule bis hin zu\u2026<\/p>","protected":false},"author":3,"featured_media":0,"parent":0,"menu_order":0,"comment_status":"closed","ping_status":"closed","template":"","meta":{"_price":"","_stock":"","_tribe_ticket_header":"","_tribe_default_ticket_provider":"","_tribe_ticket_capacity":"0","_ticket_start_date":"","_ticket_end_date":"","_tribe_ticket_show_description":"","_tribe_ticket_show_not_going":false,"_tribe_ticket_use_global_stock":"","_tribe_ticket_global_stock_level":"","_global_stock_mode":"","_global_stock_cap":"","_tribe_rsvp_for_event":"","_tribe_ticket_going_count":"","_tribe_ticket_not_going_count":"","_tribe_tickets_list":"[]","_tribe_ticket_has_attendee_info_fields":false,"footnotes":""},"class_list":["post-1258","page","type-page","status-publish","hentry","description-off"],"yoast_head":"<!-- This site is optimized with the Yoast SEO plugin v27.5 - https:\/\/yoast.com\/product\/yoast-seo-wordpress\/ -->\n<title>Undervisning p\u00e5 Det Gr\u00f8nne Museum | Tilpasset jeres niveau<\/title>\n<meta name=\"description\" content=\"Lad n\u00e6ste skoleudflugt g\u00e5 til Det Gr\u00f8nne Museum og f\u00e5 l\u00e6rerig og levende undervisning i landbrug, skov og jagt. L\u00e6s mere om undervisning her.\" \/>\n<meta name=\"robots\" content=\"index, follow, max-snippet:-1, max-image-preview:large, max-video-preview:-1\" \/>\n<link rel=\"canonical\" href=\"https:\/\/detgroennemuseum.dk\/de\/ausbildung\/\" \/>\n<meta property=\"og:locale\" content=\"de_DE\" \/>\n<meta property=\"og:type\" content=\"article\" \/>\n<meta property=\"og:title\" content=\"Undervisning p\u00e5 Det Gr\u00f8nne Museum | Tilpasset jeres niveau\" \/>\n<meta property=\"og:description\" content=\"Lad n\u00e6ste skoleudflugt g\u00e5 til Det Gr\u00f8nne Museum og f\u00e5 l\u00e6rerig og levende undervisning i landbrug, skov og jagt. L\u00e6s mere om undervisning her.\" \/>\n<meta property=\"og:url\" content=\"https:\/\/detgroennemuseum.dk\/de\/ausbildung\/\" \/>\n<meta property=\"og:site_name\" content=\"Det Gr\u00f8nne Museum\" \/>\n<meta property=\"article:modified_time\" content=\"2025-12-22T12:20:37+00:00\" \/>\n<meta name=\"twitter:card\" content=\"summary_large_image\" \/>\n<meta name=\"twitter:label1\" content=\"Gesch\u00e4tzte Lesezeit\" \/>\n\t<meta name=\"twitter:data1\" content=\"9\u00a0Minuten\" \/>\n<script type=\"application\/ld+json\" class=\"yoast-schema-graph\">{\"@context\":\"https:\\\/\\\/schema.org\",\"@graph\":[{\"@type\":\"WebPage\",\"@id\":\"https:\\\/\\\/detgroennemuseum.dk\\\/undervisning\\\/\",\"url\":\"https:\\\/\\\/detgroennemuseum.dk\\\/undervisning\\\/\",\"name\":\"Undervisning p\u00e5 Det Gr\u00f8nne Museum | Tilpasset jeres niveau\",\"isPartOf\":{\"@id\":\"https:\\\/\\\/detgroennemuseum.dk\\\/#website\"},\"datePublished\":\"2017-11-08T20:57:48+00:00\",\"dateModified\":\"2025-12-22T12:20:37+00:00\",\"description\":\"Lad n\u00e6ste skoleudflugt g\u00e5 til Det Gr\u00f8nne Museum og f\u00e5 l\u00e6rerig og levende undervisning i landbrug, skov og jagt. L\u00e6s mere om undervisning her.\",\"breadcrumb\":{\"@id\":\"https:\\\/\\\/detgroennemuseum.dk\\\/undervisning\\\/#breadcrumb\"},\"inLanguage\":\"de\",\"potentialAction\":[{\"@type\":\"ReadAction\",\"target\":[\"https:\\\/\\\/detgroennemuseum.dk\\\/undervisning\\\/\"]}]},{\"@type\":\"BreadcrumbList\",\"@id\":\"https:\\\/\\\/detgroennemuseum.dk\\\/undervisning\\\/#breadcrumb\",\"itemListElement\":[{\"@type\":\"ListItem\",\"position\":1,\"name\":\"Hjem\",\"item\":\"https:\\\/\\\/detgroennemuseum.dk\\\/\"},{\"@type\":\"ListItem\",\"position\":2,\"name\":\"Undervisning\"}]},{\"@type\":\"WebSite\",\"@id\":\"https:\\\/\\\/detgroennemuseum.dk\\\/#website\",\"url\":\"https:\\\/\\\/detgroennemuseum.dk\\\/\",\"name\":\"Det Gr\u00f8nne Museum\",\"description\":\"Danmarks nationale museum for jagten, skoven, landbruget og maden\",\"potentialAction\":[{\"@type\":\"SearchAction\",\"target\":{\"@type\":\"EntryPoint\",\"urlTemplate\":\"https:\\\/\\\/detgroennemuseum.dk\\\/?s={search_term_string}\"},\"query-input\":{\"@type\":\"PropertyValueSpecification\",\"valueRequired\":true,\"valueName\":\"search_term_string\"}}],\"inLanguage\":\"de\"}]}<\/script>\n<!-- \/ Yoast SEO plugin. -->","yoast_head_json":{"title":"Lehrt\u00e4tigkeit im Gr\u00fcnen Museum | An Ihr Niveau angepasst","description":"Lassen Sie den n\u00e4chsten Schulausflug ins Gr\u00fcne Museum f\u00fchren und erhalten Sie lehrreichen und lebendigen Unterricht in Land-, Forst- und Jagdwirtschaft. Mehr zum Thema Lehre lesen Sie hier.","robots":{"index":"index","follow":"follow","max-snippet":"max-snippet:-1","max-image-preview":"max-image-preview:large","max-video-preview":"max-video-preview:-1"},"canonical":"https:\/\/detgroennemuseum.dk\/de\/ausbildung\/","og_locale":"de_DE","og_type":"article","og_title":"Undervisning p\u00e5 Det Gr\u00f8nne Museum | Tilpasset jeres niveau","og_description":"Lad n\u00e6ste skoleudflugt g\u00e5 til Det Gr\u00f8nne Museum og f\u00e5 l\u00e6rerig og levende undervisning i landbrug, skov og jagt. L\u00e6s mere om undervisning her.","og_url":"https:\/\/detgroennemuseum.dk\/de\/ausbildung\/","og_site_name":"Det Gr\u00f8nne Museum","article_modified_time":"2025-12-22T12:20:37+00:00","twitter_card":"summary_large_image","twitter_misc":{"Gesch\u00e4tzte Lesezeit":"9\u00a0Minuten"},"schema":{"@context":"https:\/\/schema.org","@graph":[{"@type":"WebPage","@id":"https:\/\/detgroennemuseum.dk\/undervisning\/","url":"https:\/\/detgroennemuseum.dk\/undervisning\/","name":"Lehrt\u00e4tigkeit im Gr\u00fcnen Museum | An Ihr Niveau angepasst","isPartOf":{"@id":"https:\/\/detgroennemuseum.dk\/#website"},"datePublished":"2017-11-08T20:57:48+00:00","dateModified":"2025-12-22T12:20:37+00:00","description":"Lassen Sie den n\u00e4chsten Schulausflug ins Gr\u00fcne Museum f\u00fchren und erhalten Sie lehrreichen und lebendigen Unterricht in Land-, Forst- und Jagdwirtschaft. Mehr zum Thema Lehre lesen Sie hier.","breadcrumb":{"@id":"https:\/\/detgroennemuseum.dk\/undervisning\/#breadcrumb"},"inLanguage":"de","potentialAction":[{"@type":"ReadAction","target":["https:\/\/detgroennemuseum.dk\/undervisning\/"]}]},{"@type":"BreadcrumbList","@id":"https:\/\/detgroennemuseum.dk\/undervisning\/#breadcrumb","itemListElement":[{"@type":"ListItem","position":1,"name":"Hjem","item":"https:\/\/detgroennemuseum.dk\/"},{"@type":"ListItem","position":2,"name":"Undervisning"}]},{"@type":"WebSite","@id":"https:\/\/detgroennemuseum.dk\/#website","url":"https:\/\/detgroennemuseum.dk\/","name":"Das Gr\u00fcne Museum","description":"D\u00e4nisches Nationalmuseum f\u00fcr Jagd, Forstwirtschaft, Landwirtschaft und Ern\u00e4hrung","potentialAction":[{"@type":"SearchAction","target":{"@type":"EntryPoint","urlTemplate":"https:\/\/detgroennemuseum.dk\/?s={search_term_string}"},"query-input":{"@type":"PropertyValueSpecification","valueRequired":true,"valueName":"search_term_string"}}],"inLanguage":"de"}]}},"_links":{"self":[{"href":"https:\/\/detgroennemuseum.dk\/de\/wp-json\/wp\/v2\/pages\/1258","targetHints":{"allow":["GET"]}}],"collection":[{"href":"https:\/\/detgroennemuseum.dk\/de\/wp-json\/wp\/v2\/pages"}],"about":[{"href":"https:\/\/detgroennemuseum.dk\/de\/wp-json\/wp\/v2\/types\/page"}],"author":[{"embeddable":true,"href":"https:\/\/detgroennemuseum.dk\/de\/wp-json\/wp\/v2\/users\/3"}],"replies":[{"embeddable":true,"href":"https:\/\/detgroennemuseum.dk\/de\/wp-json\/wp\/v2\/comments?post=1258"}],"version-history":[{"count":320,"href":"https:\/\/detgroennemuseum.dk\/de\/wp-json\/wp\/v2\/pages\/1258\/revisions"}],"predecessor-version":[{"id":26530,"href":"https:\/\/detgroennemuseum.dk\/de\/wp-json\/wp\/v2\/pages\/1258\/revisions\/26530"}],"wp:attachment":[{"href":"https:\/\/detgroennemuseum.dk\/de\/wp-json\/wp\/v2\/media?parent=1258"}],"curies":[{"name":"wp","href":"https:\/\/api.w.org\/{rel}","templated":true}]}}